{"id":632,"date":"2025-02-05T13:00:22","date_gmt":"2025-02-05T16:00:22","guid":{"rendered":"http:\/\/dummy.xtemos.com\/woodmart2\/mega-electronics\/?post_type=product&#038;p=632"},"modified":"2025-02-05T21:21:24","modified_gmt":"2025-02-06T00:21:24","slug":"banco-de-baterias-huawei-12v-9ah-240v-ess-240v12-9ahbpvba04","status":"publish","type":"product","link":"https:\/\/elektrotec.com.br\/loja\/produto\/banco-de-baterias-huawei-12v-9ah-240v-ess-240v12-9ahbpvba04\/","title":{"rendered":"Banco de baterias Huawei 12V\/9AH 240V &#8211; ESS-240V12-9AHBPVBA04"},"content":{"rendered":"<div class=\"wpb-content-wrapper\"><p>[vc_row woodmart_css_id=&#8221;67a3fa93c5cbb&#8221; responsive_spacing=&#8221;eyJwYXJhbV90eXBlIjoid29vZG1hcnRfcmVzcG9uc2l2ZV9zcGFjaW5nIiwic2VsZWN0b3JfaWQiOiI2N2EzZmE5M2M1Y2JiIiwic2hvcnRjb2RlIjoidmNfcm93IiwiZGF0YSI6eyJ0YWJsZXQiOnt9LCJtb2JpbGUiOnt9fX0=&#8221; mobile_bg_img_hidden=&#8221;no&#8221; tablet_bg_img_hidden=&#8221;no&#8221; woodmart_parallax=&#8221;0&#8243; woodmart_gradient_switch=&#8221;no&#8221; woodmart_box_shadow=&#8221;no&#8221; wd_z_index=&#8221;no&#8221; woodmart_disable_overflow=&#8221;0&#8243; row_reverse_mobile=&#8221;0&#8243; row_reverse_tablet=&#8221;0&#8243; el_id=&#8221;codigo-75464&#8243;][vc_column css=&#8221;.vc_custom_1666272391679{padding-top: 0px !important;}&#8221; woodmart_css_id=&#8221;63514c8260958&#8243; parallax_scroll=&#8221;no&#8221; woodmart_sticky_column=&#8221;false&#8221; wd_collapsible_content_switcher=&#8221;no&#8221; wd_column_role_offcanvas_desktop=&#8221;no&#8221; wd_column_role_offcanvas_tablet=&#8221;no&#8221; wd_column_role_offcanvas_mobile=&#8221;no&#8221; wd_column_role_content_desktop=&#8221;no&#8221; wd_column_role_content_tablet=&#8221;no&#8221; wd_column_role_content_mobile=&#8221;no&#8221; mobile_bg_img_hidden=&#8221;no&#8221; tablet_bg_img_hidden=&#8221;no&#8221; woodmart_parallax=&#8221;0&#8243; woodmart_box_shadow=&#8221;no&#8221; responsive_spacing=&#8221;eyJwYXJhbV90eXBlIjoid29vZG1hcnRfcmVzcG9uc2l2ZV9zcGFjaW5nIiwic2VsZWN0b3JfaWQiOiI2MzUxNGM4MjYwOTU4Iiwic2hvcnRjb2RlIjoidmNfY29sdW1uIiwiZGF0YSI6eyJ0YWJsZXQiOnt9LCJtb2JpbGUiOnt9fX0=&#8221; mobile_reset_margin=&#8221;no&#8221; tablet_reset_margin=&#8221;no&#8221; wd_z_index=&#8221;no&#8221;]\t\t<div id=\"wd-67a3f81b36195\" class=\"wd-text-block wd-wpb reset-last-child wd-rs-67a3f81b36195 text-left vc_custom_1738799340637\">\n\t\t\t<p>Banco de baterias Huawei<br \/>\nCompat\u00edvel com no-breaks UPS2000G de 10 e 20KVA<br \/>\nModelo: ESS-240V12-9AhBPVBA04<br \/>\nModelo das baterias e tens\u00e3o: 12V\/9AH &#8211; 240V<br \/>\nContendo 20 baterias de 12V e Cabeamento interno para conex\u00e3o em s\u00e9rie<br \/>\nAbrigado e chassi com grau de prote\u00e7\u00e3o IP20N<\/p>\n\t\t<\/div>\n\t\t[\/vc_column][\/vc_row][vc_row][vc_column][vc_separator border_width=&#8221;3&#8243; css=&#8221;.vc_custom_1738797362754{margin-top: 50px !important;margin-bottom: 50px !important;}&#8221; wd_hide_on_desktop=&#8221;no&#8221; wd_hide_on_tablet=&#8221;no&#8221; wd_hide_on_mobile=&#8221;no&#8221;][\/vc_column][\/vc_row][vc_row woodmart_css_id=&#8221;67a3f0fce89ce&#8221; responsive_spacing=&#8221;eyJwYXJhbV90eXBlIjoid29vZG1hcnRfcmVzcG9uc2l2ZV9zcGFjaW5nIiwic2VsZWN0b3JfaWQiOiI2N2EzZjBmY2U4OWNlIiwic2hvcnRjb2RlIjoidmNfcm93IiwiZGF0YSI6eyJ0YWJsZXQiOnt9LCJtb2JpbGUiOnt9fX0=&#8221; mobile_bg_img_hidden=&#8221;no&#8221; tablet_bg_img_hidden=&#8221;no&#8221; woodmart_parallax=&#8221;0&#8243; woodmart_gradient_switch=&#8221;no&#8221; woodmart_box_shadow=&#8221;no&#8221; wd_z_index=&#8221;no&#8221; woodmart_disable_overflow=&#8221;0&#8243; row_reverse_mobile=&#8221;0&#8243; row_reverse_tablet=&#8221;0&#8243; css=&#8221;.vc_custom_1738797316723{margin-bottom: 20px !important;}&#8221;][vc_column css=&#8221;.vc_custom_1669033735057{padding-top: 0px !important;}&#8221; woodmart_css_id=&#8221;637b6f036ef34&#8243; parallax_scroll=&#8221;no&#8221; woodmart_sticky_column=&#8221;false&#8221; wd_collapsible_content_switcher=&#8221;no&#8221; wd_column_role_offcanvas_desktop=&#8221;no&#8221; wd_column_role_offcanvas_tablet=&#8221;no&#8221; wd_column_role_offcanvas_mobile=&#8221;no&#8221; wd_column_role_content_desktop=&#8221;no&#8221; wd_column_role_content_tablet=&#8221;no&#8221; wd_column_role_content_mobile=&#8221;no&#8221; mobile_bg_img_hidden=&#8221;no&#8221; tablet_bg_img_hidden=&#8221;no&#8221; woodmart_parallax=&#8221;0&#8243; woodmart_box_shadow=&#8221;no&#8221; responsive_spacing=&#8221;eyJwYXJhbV90eXBlIjoid29vZG1hcnRfcmVzcG9uc2l2ZV9zcGFjaW5nIiwic2VsZWN0b3JfaWQiOiI2MzdiNmYwMzZlZjM0Iiwic2hvcnRjb2RlIjoidmNfY29sdW1uIiwiZGF0YSI6eyJ0YWJsZXQiOnt9LCJtb2JpbGUiOnt9fX0=&#8221; mobile_reset_margin=&#8221;no&#8221; tablet_reset_margin=&#8221;no&#8221; wd_z_index=&#8221;no&#8221;]\n\t\t<div id=\"wd-67a3f94d6fed2\" class=\"title-wrapper wd-wpb wd-set-mb reset-last-child  wd-rs-67a3f94d6fed2 wd-title-color-default wd-title-style-default text-left vc_custom_1738799446221 wd-underline-colored\">\n\t\t\t\n\t\t\t<div class=\"liner-continer\">\n\t\t\t\t<h4 class=\"woodmart-title-container title  wd-font-weight- wd-fontsize-m\" >\ud83d\udccc Especifica\u00e7\u00f5es T\u00e9cnicas:<\/h4>\n\t\t\t\t\t\t\t<\/div>\n\t\t\t\n\t\t\t\n\t\t\t\n\t\t<\/div>\n\t\t\n\t\t\t\t<div id=\"wd-67a3f95c89933\" class=\"wd-text-block wd-wpb reset-last-child wd-rs-67a3f95c89933 text-left vc_custom_1738799598941\">\n\t\t\t<ul>\n<li>Descri\u00e7\u00e3o: \u00a0Banco de Baterias 20 baterias 12V 9Ah 3U<\/li>\n<li>Fabricante: \u00a0Huawei<\/li>\n<li>SKU: \u00a0ESS240V129AhBPVI<\/li>\n<li>Cor: \u00a0Cinza<\/li>\n<li>Tens\u00e3o do Banco de Baterias: 240V<\/li>\n<li>Tipo de bateria: \u00a0Bateria Chumbo-\u00c1cido<\/li>\n<li>Altura: 43,0 cm<\/li>\n<li>Largura: 13,0 cm<\/li>\n<li>Profundidade: 68,5 cm<\/li>\n<li>Peso l\u00edquido: 70,75 kg<\/li>\n<li>Quantidade de baterias: 20 baterias de 12V\/9Ah<\/li>\n<li>Vida \u00fatil: 3 a 5 anos<\/li>\n<li>Garantia Fabricante: 12 Meses<\/li>\n<\/ul>\n<h4><strong>Ambiental: \u00a0<\/strong><\/h4>\n<ul>\n<li>Temperatura ambiente para funcionamento 5\u202640 \u00b0C, recomendado 20 a 30\u00baC<\/li>\n<li>Umidade Relativa de Opera\u00e7\u00e3o 0\u202695 % sem condensa\u00e7\u00e3o<\/li>\n<li>Temperatura ambiente para armazenamento -15\u202650 \u00b0C<\/li>\n<li>Umidade Relativa de Armazenamento 0\u202695 % sem condensa\u00e7\u00e3o<\/li>\n<li>Grau de prote\u00e7\u00e3o IP IP20<\/li>\n<\/ul>\n\t\t<\/div>\n\t\t[\/vc_column][\/vc_row]<\/p>\n<\/div>","protected":false},"excerpt":{"rendered":"<p><strong>C\u00f3digo:<\/strong> <span style=\"color: #2a2a2a;\"><strong>75464<\/strong><\/span>\u00a0 \u00a0|\u00a0 \u00a0<strong>Mais produtos: <a href=\"https:\/\/elektrotec.com.br\/loja\/loja\/?filter_marcas=huawei\">Huawei<\/a><\/strong>\u00a0 \u00a0|\u00a0 \u00a0<a href=\"https:\/\/elektrotec.com.br\/loja\/produto\/banco-de-baterias-huawei-12v-9ah-240v-ess-240v12-9ahbpvba04\/\/#codigo-75464\"><strong>Descri\u00e7\u00e3o do produto<\/strong><\/a><\/p>\n","protected":false},"featured_media":4201,"comment_status":"open","ping_status":"closed","template":"","meta":{"pagelayer_contact_templates":[],"_pagelayer_content":"","_mbp_gutenberg_autopost":false},"pwb-brand":[],"product_brand":[],"product_cat":[291,140,141,83],"product_tag":[],"class_list":{"0":"post-632","1":"product","2":"type-product","3":"status-publish","4":"has-post-thumbnail","6":"product_cat-automacao-comercial","7":"product_cat-banco-de-baterias","8":"product_cat-baterias","9":"product_cat-energia","10":"product_shipping_class-logistica-quioske","12":"first","13":"instock","14":"shipping-taxable","15":"purchasable","16":"product-type-simple"},"yoast_head":"<!-- This site is optimized with the Yoast SEO plugin v27.2 - https:\/\/yoast.com\/product\/yoast-seo-wordpress\/ -->\n<title>Banco de baterias Huawei 12V\/9AH 240V - ESS-240V12-9AHBPVBA04 | Elektrotec Store<\/title>\n<meta name=\"robots\" content=\"index, follow, max-snippet:-1, max-image-preview:large, max-video-preview:-1\" \/>\n<link rel=\"canonical\" href=\"https:\/\/elektrotec.com.br\/loja\/produto\/banco-de-baterias-huawei-12v-9ah-240v-ess-240v12-9ahbpvba04\/\" \/>\n<meta property=\"og:locale\" content=\"pt_BR\" \/>\n<meta property=\"og:type\" content=\"article\" \/>\n<meta property=\"og:title\" content=\"Banco de baterias Huawei 12V\/9AH 240V - ESS-240V12-9AHBPVBA04 | Elektrotec Store\" \/>\n<meta property=\"og:description\" content=\"C\u00f3digo: 75464\u00a0 \u00a0|\u00a0 \u00a0Mais produtos: Huawei\u00a0 \u00a0|\u00a0 \u00a0Descri\u00e7\u00e3o do produto\" \/>\n<meta property=\"og:url\" content=\"https:\/\/elektrotec.com.br\/loja\/produto\/banco-de-baterias-huawei-12v-9ah-240v-ess-240v12-9ahbpvba04\/\" \/>\n<meta property=\"og:site_name\" content=\"Elektrotec Store\" \/>\n<meta property=\"article:modified_time\" content=\"2025-02-06T00:21:24+00:00\" \/>\n<meta property=\"og:image\" content=\"https:\/\/elektrotec.com.br\/loja\/wp-content\/uploads\/2025\/02\/Banco-de-baterias-Huawei-12V9AH-240V.jpg\" \/>\n\t<meta property=\"og:image:width\" content=\"700\" \/>\n\t<meta property=\"og:image:height\" content=\"800\" \/>\n\t<meta property=\"og:image:type\" content=\"image\/jpeg\" \/>\n<meta name=\"twitter:card\" content=\"summary_large_image\" \/>\n<meta name=\"twitter:label1\" content=\"Est. tempo de leitura\" \/>\n\t<meta name=\"twitter:data1\" content=\"2 minutos\" \/>\n<script type=\"application\/ld+json\" class=\"yoast-schema-graph\">{\"@context\":\"https:\/\/schema.org\",\"@graph\":[{\"@type\":\"WebPage\",\"@id\":\"https:\/\/elektrotec.com.br\/loja\/produto\/banco-de-baterias-huawei-12v-9ah-240v-ess-240v12-9ahbpvba04\/\",\"url\":\"https:\/\/elektrotec.com.br\/loja\/produto\/banco-de-baterias-huawei-12v-9ah-240v-ess-240v12-9ahbpvba04\/\",\"name\":\"Banco de baterias Huawei 12V\/9AH 240V - ESS-240V12-9AHBPVBA04 | Elektrotec Store\",\"isPartOf\":{\"@id\":\"https:\/\/elektrotec.com.br\/loja\/#website\"},\"primaryImageOfPage\":{\"@id\":\"https:\/\/elektrotec.com.br\/loja\/produto\/banco-de-baterias-huawei-12v-9ah-240v-ess-240v12-9ahbpvba04\/#primaryimage\"},\"image\":{\"@id\":\"https:\/\/elektrotec.com.br\/loja\/produto\/banco-de-baterias-huawei-12v-9ah-240v-ess-240v12-9ahbpvba04\/#primaryimage\"},\"thumbnailUrl\":\"https:\/\/i0.wp.com\/elektrotec.com.br\/loja\/wp-content\/uploads\/2025\/02\/Banco-de-baterias-Huawei-12V9AH-240V.jpg?fit=700%2C800&ssl=1\",\"datePublished\":\"2025-02-05T16:00:22+00:00\",\"dateModified\":\"2025-02-06T00:21:24+00:00\",\"breadcrumb\":{\"@id\":\"https:\/\/elektrotec.com.br\/loja\/produto\/banco-de-baterias-huawei-12v-9ah-240v-ess-240v12-9ahbpvba04\/#breadcrumb\"},\"inLanguage\":\"pt-BR\",\"potentialAction\":[{\"@type\":\"ReadAction\",\"target\":[\"https:\/\/elektrotec.com.br\/loja\/produto\/banco-de-baterias-huawei-12v-9ah-240v-ess-240v12-9ahbpvba04\/\"]}]},{\"@type\":\"ImageObject\",\"inLanguage\":\"pt-BR\",\"@id\":\"https:\/\/elektrotec.com.br\/loja\/produto\/banco-de-baterias-huawei-12v-9ah-240v-ess-240v12-9ahbpvba04\/#primaryimage\",\"url\":\"https:\/\/i0.wp.com\/elektrotec.com.br\/loja\/wp-content\/uploads\/2025\/02\/Banco-de-baterias-Huawei-12V9AH-240V.jpg?fit=700%2C800&ssl=1\",\"contentUrl\":\"https:\/\/i0.wp.com\/elektrotec.com.br\/loja\/wp-content\/uploads\/2025\/02\/Banco-de-baterias-Huawei-12V9AH-240V.jpg?fit=700%2C800&ssl=1\",\"width\":700,\"height\":800},{\"@type\":\"BreadcrumbList\",\"@id\":\"https:\/\/elektrotec.com.br\/loja\/produto\/banco-de-baterias-huawei-12v-9ah-240v-ess-240v12-9ahbpvba04\/#breadcrumb\",\"itemListElement\":[{\"@type\":\"ListItem\",\"position\":1,\"name\":\"Home\",\"item\":\"https:\/\/elektrotec.com.br\/loja\/\"},{\"@type\":\"ListItem\",\"position\":2,\"name\":\"Ofertas do dia \u26a1\",\"item\":\"https:\/\/elektrotec.com.br\/loja\/loja\/\"},{\"@type\":\"ListItem\",\"position\":3,\"name\":\"Banco de baterias Huawei 12V\/9AH 240V &#8211; ESS-240V12-9AHBPVBA04\"}]},{\"@type\":\"WebSite\",\"@id\":\"https:\/\/elektrotec.com.br\/loja\/#website\",\"url\":\"https:\/\/elektrotec.com.br\/loja\/\",\"name\":\"Elektrotec Store\",\"description\":\"Solu\u00e7\u00f5es em Energia e Automa\u00e7\u00e3o Industrial\",\"publisher\":{\"@id\":\"https:\/\/elektrotec.com.br\/loja\/#organization\"},\"potentialAction\":[{\"@type\":\"SearchAction\",\"target\":{\"@type\":\"EntryPoint\",\"urlTemplate\":\"https:\/\/elektrotec.com.br\/loja\/?s={search_term_string}\"},\"query-input\":{\"@type\":\"PropertyValueSpecification\",\"valueRequired\":true,\"valueName\":\"search_term_string\"}}],\"inLanguage\":\"pt-BR\"},{\"@type\":\"Organization\",\"@id\":\"https:\/\/elektrotec.com.br\/loja\/#organization\",\"name\":\"Elektrotec\",\"url\":\"https:\/\/elektrotec.com.br\/loja\/\",\"logo\":{\"@type\":\"ImageObject\",\"inLanguage\":\"pt-BR\",\"@id\":\"https:\/\/elektrotec.com.br\/loja\/#\/schema\/logo\/image\/\",\"url\":\"https:\/\/i0.wp.com\/elektrotec.com.br\/loja\/wp-content\/uploads\/2025\/05\/Logo-site-Elektrotec-Energy-1.webp?fit=270%2C70&ssl=1\",\"contentUrl\":\"https:\/\/i0.wp.com\/elektrotec.com.br\/loja\/wp-content\/uploads\/2025\/05\/Logo-site-Elektrotec-Energy-1.webp?fit=270%2C70&ssl=1\",\"width\":270,\"height\":70,\"caption\":\"Elektrotec\"},\"image\":{\"@id\":\"https:\/\/elektrotec.com.br\/loja\/#\/schema\/logo\/image\/\"}}]}<\/script>\n<!-- \/ Yoast SEO plugin. -->","yoast_head_json":{"title":"Banco de baterias Huawei 12V\/9AH 240V - ESS-240V12-9AHBPVBA04 | Elektrotec Store","robots":{"index":"index","follow":"follow","max-snippet":"max-snippet:-1","max-image-preview":"max-image-preview:large","max-video-preview":"max-video-preview:-1"},"canonical":"https:\/\/elektrotec.com.br\/loja\/produto\/banco-de-baterias-huawei-12v-9ah-240v-ess-240v12-9ahbpvba04\/","og_locale":"pt_BR","og_type":"article","og_title":"Banco de baterias Huawei 12V\/9AH 240V - ESS-240V12-9AHBPVBA04 | Elektrotec Store","og_description":"C\u00f3digo: 75464\u00a0 \u00a0|\u00a0 \u00a0Mais produtos: Huawei\u00a0 \u00a0|\u00a0 \u00a0Descri\u00e7\u00e3o do produto","og_url":"https:\/\/elektrotec.com.br\/loja\/produto\/banco-de-baterias-huawei-12v-9ah-240v-ess-240v12-9ahbpvba04\/","og_site_name":"Elektrotec Store","article_modified_time":"2025-02-06T00:21:24+00:00","og_image":[{"width":700,"height":800,"url":"https:\/\/elektrotec.com.br\/loja\/wp-content\/uploads\/2025\/02\/Banco-de-baterias-Huawei-12V9AH-240V.jpg","type":"image\/jpeg"}],"twitter_card":"summary_large_image","twitter_misc":{"Est. tempo de leitura":"2 minutos"},"schema":{"@context":"https:\/\/schema.org","@graph":[{"@type":"WebPage","@id":"https:\/\/elektrotec.com.br\/loja\/produto\/banco-de-baterias-huawei-12v-9ah-240v-ess-240v12-9ahbpvba04\/","url":"https:\/\/elektrotec.com.br\/loja\/produto\/banco-de-baterias-huawei-12v-9ah-240v-ess-240v12-9ahbpvba04\/","name":"Banco de baterias Huawei 12V\/9AH 240V - ESS-240V12-9AHBPVBA04 | Elektrotec Store","isPartOf":{"@id":"https:\/\/elektrotec.com.br\/loja\/#website"},"primaryImageOfPage":{"@id":"https:\/\/elektrotec.com.br\/loja\/produto\/banco-de-baterias-huawei-12v-9ah-240v-ess-240v12-9ahbpvba04\/#primaryimage"},"image":{"@id":"https:\/\/elektrotec.com.br\/loja\/produto\/banco-de-baterias-huawei-12v-9ah-240v-ess-240v12-9ahbpvba04\/#primaryimage"},"thumbnailUrl":"https:\/\/i0.wp.com\/elektrotec.com.br\/loja\/wp-content\/uploads\/2025\/02\/Banco-de-baterias-Huawei-12V9AH-240V.jpg?fit=700%2C800&ssl=1","datePublished":"2025-02-05T16:00:22+00:00","dateModified":"2025-02-06T00:21:24+00:00","breadcrumb":{"@id":"https:\/\/elektrotec.com.br\/loja\/produto\/banco-de-baterias-huawei-12v-9ah-240v-ess-240v12-9ahbpvba04\/#breadcrumb"},"inLanguage":"pt-BR","potentialAction":[{"@type":"ReadAction","target":["https:\/\/elektrotec.com.br\/loja\/produto\/banco-de-baterias-huawei-12v-9ah-240v-ess-240v12-9ahbpvba04\/"]}]},{"@type":"ImageObject","inLanguage":"pt-BR","@id":"https:\/\/elektrotec.com.br\/loja\/produto\/banco-de-baterias-huawei-12v-9ah-240v-ess-240v12-9ahbpvba04\/#primaryimage","url":"https:\/\/i0.wp.com\/elektrotec.com.br\/loja\/wp-content\/uploads\/2025\/02\/Banco-de-baterias-Huawei-12V9AH-240V.jpg?fit=700%2C800&ssl=1","contentUrl":"https:\/\/i0.wp.com\/elektrotec.com.br\/loja\/wp-content\/uploads\/2025\/02\/Banco-de-baterias-Huawei-12V9AH-240V.jpg?fit=700%2C800&ssl=1","width":700,"height":800},{"@type":"BreadcrumbList","@id":"https:\/\/elektrotec.com.br\/loja\/produto\/banco-de-baterias-huawei-12v-9ah-240v-ess-240v12-9ahbpvba04\/#breadcrumb","itemListElement":[{"@type":"ListItem","position":1,"name":"Home","item":"https:\/\/elektrotec.com.br\/loja\/"},{"@type":"ListItem","position":2,"name":"Ofertas do dia \u26a1","item":"https:\/\/elektrotec.com.br\/loja\/loja\/"},{"@type":"ListItem","position":3,"name":"Banco de baterias Huawei 12V\/9AH 240V &#8211; ESS-240V12-9AHBPVBA04"}]},{"@type":"WebSite","@id":"https:\/\/elektrotec.com.br\/loja\/#website","url":"https:\/\/elektrotec.com.br\/loja\/","name":"Elektrotec Store","description":"Solu\u00e7\u00f5es em Energia e Automa\u00e7\u00e3o Industrial","publisher":{"@id":"https:\/\/elektrotec.com.br\/loja\/#organization"},"potentialAction":[{"@type":"SearchAction","target":{"@type":"EntryPoint","urlTemplate":"https:\/\/elektrotec.com.br\/loja\/?s={search_term_string}"},"query-input":{"@type":"PropertyValueSpecification","valueRequired":true,"valueName":"search_term_string"}}],"inLanguage":"pt-BR"},{"@type":"Organization","@id":"https:\/\/elektrotec.com.br\/loja\/#organization","name":"Elektrotec","url":"https:\/\/elektrotec.com.br\/loja\/","logo":{"@type":"ImageObject","inLanguage":"pt-BR","@id":"https:\/\/elektrotec.com.br\/loja\/#\/schema\/logo\/image\/","url":"https:\/\/i0.wp.com\/elektrotec.com.br\/loja\/wp-content\/uploads\/2025\/05\/Logo-site-Elektrotec-Energy-1.webp?fit=270%2C70&ssl=1","contentUrl":"https:\/\/i0.wp.com\/elektrotec.com.br\/loja\/wp-content\/uploads\/2025\/05\/Logo-site-Elektrotec-Energy-1.webp?fit=270%2C70&ssl=1","width":270,"height":70,"caption":"Elektrotec"},"image":{"@id":"https:\/\/elektrotec.com.br\/loja\/#\/schema\/logo\/image\/"}}]}},"jetpack_sharing_enabled":true,"brands":[],"_links":{"self":[{"href":"https:\/\/elektrotec.com.br\/loja\/wp-json\/wp\/v2\/product\/632","targetHints":{"allow":["GET"]}}],"collection":[{"href":"https:\/\/elektrotec.com.br\/loja\/wp-json\/wp\/v2\/product"}],"about":[{"href":"https:\/\/elektrotec.com.br\/loja\/wp-json\/wp\/v2\/types\/product"}],"replies":[{"embeddable":true,"href":"https:\/\/elektrotec.com.br\/loja\/wp-json\/wp\/v2\/comments?post=632"}],"wp:featuredmedia":[{"embeddable":true,"href":"https:\/\/elektrotec.com.br\/loja\/wp-json\/wp\/v2\/media\/4201"}],"wp:attachment":[{"href":"https:\/\/elektrotec.com.br\/loja\/wp-json\/wp\/v2\/media?parent=632"}],"wp:term":[{"taxonomy":"pwb-brand","embeddable":true,"href":"https:\/\/elektrotec.com.br\/loja\/wp-json\/wp\/v2\/pwb-brand?post=632"},{"taxonomy":"product_brand","embeddable":true,"href":"https:\/\/elektrotec.com.br\/loja\/wp-json\/wp\/v2\/product_brand?post=632"},{"taxonomy":"product_cat","embeddable":true,"href":"https:\/\/elektrotec.com.br\/loja\/wp-json\/wp\/v2\/product_cat?post=632"},{"taxonomy":"product_tag","embeddable":true,"href":"https:\/\/elektrotec.com.br\/loja\/wp-json\/wp\/v2\/product_tag?post=632"}],"curies":[{"name":"wp","href":"https:\/\/api.w.org\/{rel}","templated":true}]}}