{"id":628,"date":"2025-10-29T13:00:05","date_gmt":"2025-10-29T16:00:05","guid":{"rendered":"http:\/\/dummy.xtemos.com\/woodmart2\/mega-electronics\/?post_type=product&#038;p=628"},"modified":"2025-10-29T21:25:05","modified_gmt":"2025-10-30T00:25:05","slug":"no-break-intelbras-xnb-monovolt-120v-600va","status":"publish","type":"product","link":"https:\/\/elektrotec.com.br\/loja\/produto\/no-break-intelbras-xnb-monovolt-120v-600va\/","title":{"rendered":"No-break Intelbras XNB monovolt 120V 600VA"},"content":{"rendered":"<div class=\"wpb-content-wrapper\"><p>[vc_row woodmart_css_id=&#8221;67aa78f755a60&#8243; responsive_spacing=&#8221;eyJwYXJhbV90eXBlIjoid29vZG1hcnRfcmVzcG9uc2l2ZV9zcGFjaW5nIiwic2VsZWN0b3JfaWQiOiI2N2FhNzhmNzU1YTYwIiwic2hvcnRjb2RlIjoidmNfcm93IiwiZGF0YSI6eyJ0YWJsZXQiOnt9LCJtb2JpbGUiOnt9fX0=&#8221; mobile_bg_img_hidden=&#8221;no&#8221; tablet_bg_img_hidden=&#8221;no&#8221; woodmart_parallax=&#8221;0&#8243; woodmart_gradient_switch=&#8221;no&#8221; woodmart_box_shadow=&#8221;no&#8221; wd_z_index=&#8221;no&#8221; woodmart_disable_overflow=&#8221;0&#8243; row_reverse_mobile=&#8221;0&#8243; row_reverse_tablet=&#8221;0&#8243; el_id=&#8221;codigo-59470&#8243;][vc_column css=&#8221;.vc_custom_1666272391679{padding-top: 0px !important;}&#8221; woodmart_css_id=&#8221;63514c8260958&#8243; parallax_scroll=&#8221;no&#8221; woodmart_sticky_column=&#8221;false&#8221; wd_collapsible_content_switcher=&#8221;no&#8221; wd_column_role_offcanvas_desktop=&#8221;no&#8221; wd_column_role_offcanvas_tablet=&#8221;no&#8221; wd_column_role_offcanvas_mobile=&#8221;no&#8221; wd_column_role_content_desktop=&#8221;no&#8221; wd_column_role_content_tablet=&#8221;no&#8221; wd_column_role_content_mobile=&#8221;no&#8221; mobile_bg_img_hidden=&#8221;no&#8221; tablet_bg_img_hidden=&#8221;no&#8221; woodmart_parallax=&#8221;0&#8243; woodmart_box_shadow=&#8221;no&#8221; responsive_spacing=&#8221;eyJwYXJhbV90eXBlIjoid29vZG1hcnRfcmVzcG9uc2l2ZV9zcGFjaW5nIiwic2VsZWN0b3JfaWQiOiI2MzUxNGM4MjYwOTU4Iiwic2hvcnRjb2RlIjoidmNfY29sdW1uIiwiZGF0YSI6eyJ0YWJsZXQiOnt9LCJtb2JpbGUiOnt9fX0=&#8221; mobile_reset_margin=&#8221;no&#8221; tablet_reset_margin=&#8221;no&#8221; wd_z_index=&#8221;no&#8221;]\t\t<div id=\"wd-67aa791a134a7\" class=\"wd-text-block wd-wpb reset-last-child wd-rs-67aa791a134a7 text-left vc_custom_1739225447675\">\n\t\t\t<p><img data-recalc-dims=\"1\" loading=\"lazy\" decoding=\"async\" class=\"aligncenter wp-image-4211 size-full\" src=\"https:\/\/i0.wp.com\/elektrotec.com.br\/loja\/wp-content\/uploads\/2022\/12\/59470.png?resize=1244%2C1722&#038;ssl=1\" alt=\"\" width=\"1244\" height=\"1722\" srcset=\"https:\/\/i0.wp.com\/elektrotec.com.br\/loja\/wp-content\/uploads\/2022\/12\/59470.png?w=1244&amp;ssl=1 1244w, https:\/\/i0.wp.com\/elektrotec.com.br\/loja\/wp-content\/uploads\/2022\/12\/59470.png?resize=217%2C300&amp;ssl=1 217w, https:\/\/i0.wp.com\/elektrotec.com.br\/loja\/wp-content\/uploads\/2022\/12\/59470.png?resize=740%2C1024&amp;ssl=1 740w, https:\/\/i0.wp.com\/elektrotec.com.br\/loja\/wp-content\/uploads\/2022\/12\/59470.png?resize=768%2C1063&amp;ssl=1 768w, https:\/\/i0.wp.com\/elektrotec.com.br\/loja\/wp-content\/uploads\/2022\/12\/59470.png?resize=1110%2C1536&amp;ssl=1 1110w, https:\/\/i0.wp.com\/elektrotec.com.br\/loja\/wp-content\/uploads\/2022\/12\/59470.png?resize=1200%2C1661&amp;ssl=1 1200w, https:\/\/i0.wp.com\/elektrotec.com.br\/loja\/wp-content\/uploads\/2022\/12\/59470.png?resize=150%2C208&amp;ssl=1 150w\" sizes=\"auto, (max-width: 1000px) 100vw, 1000px\" \/><\/p>\n\t\t<\/div>\n\t\t[\/vc_column][\/vc_row][vc_row][vc_column][vc_separator border_width=&#8221;3&#8243; css=&#8221;.vc_custom_1739224996892{margin-top: 50px !important;margin-bottom: 50px !important;}&#8221; wd_hide_on_desktop=&#8221;no&#8221; wd_hide_on_tablet=&#8221;no&#8221; wd_hide_on_mobile=&#8221;no&#8221;][\/vc_column][\/vc_row][vc_row woodmart_css_id=&#8221;6351519a61682&#8243; responsive_spacing=&#8221;eyJwYXJhbV90eXBlIjoid29vZG1hcnRfcmVzcG9uc2l2ZV9zcGFjaW5nIiwic2VsZWN0b3JfaWQiOiI2MzUxNTE5YTYxNjgyIiwic2hvcnRjb2RlIjoidmNfcm93IiwiZGF0YSI6eyJ0YWJsZXQiOnt9LCJtb2JpbGUiOnt9fX0=&#8221; mobile_bg_img_hidden=&#8221;no&#8221; tablet_bg_img_hidden=&#8221;no&#8221; woodmart_parallax=&#8221;0&#8243; woodmart_gradient_switch=&#8221;no&#8221; woodmart_box_shadow=&#8221;no&#8221; wd_z_index=&#8221;no&#8221; woodmart_disable_overflow=&#8221;0&#8243; row_reverse_mobile=&#8221;0&#8243; row_reverse_tablet=&#8221;0&#8243;][vc_column css=&#8221;.vc_custom_1669033735057{padding-top: 0px !important;}&#8221; woodmart_css_id=&#8221;637b6f036ef34&#8243; parallax_scroll=&#8221;no&#8221; woodmart_sticky_column=&#8221;false&#8221; wd_collapsible_content_switcher=&#8221;no&#8221; wd_column_role_offcanvas_desktop=&#8221;no&#8221; wd_column_role_offcanvas_tablet=&#8221;no&#8221; wd_column_role_offcanvas_mobile=&#8221;no&#8221; wd_column_role_content_desktop=&#8221;no&#8221; wd_column_role_content_tablet=&#8221;no&#8221; wd_column_role_content_mobile=&#8221;no&#8221; mobile_bg_img_hidden=&#8221;no&#8221; tablet_bg_img_hidden=&#8221;no&#8221; woodmart_parallax=&#8221;0&#8243; woodmart_box_shadow=&#8221;no&#8221; responsive_spacing=&#8221;eyJwYXJhbV90eXBlIjoid29vZG1hcnRfcmVzcG9uc2l2ZV9zcGFjaW5nIiwic2VsZWN0b3JfaWQiOiI2MzdiNmYwMzZlZjM0Iiwic2hvcnRjb2RlIjoidmNfY29sdW1uIiwiZGF0YSI6eyJ0YWJsZXQiOnt9LCJtb2JpbGUiOnt9fX0=&#8221; mobile_reset_margin=&#8221;no&#8221; tablet_reset_margin=&#8221;no&#8221; wd_z_index=&#8221;no&#8221;]\n\t\t<div id=\"wd-67aa78a444352\" class=\"title-wrapper wd-wpb wd-set-mb reset-last-child  wd-rs-67aa78a444352 wd-title-color-default wd-title-style-default text-left vc_custom_1739225262398 wd-underline-colored\">\n\t\t\t\n\t\t\t<div class=\"liner-continer\">\n\t\t\t\t<h4 class=\"woodmart-title-container title  wd-font-weight- wd-fontsize-m\" >\ud83d\udccc Especifica\u00e7\u00f5es T\u00e9cnicas:<\/h4>\n\t\t\t\t\t\t\t<\/div>\n\t\t\t\n\t\t\t\n\t\t\t\n\t\t<\/div>\n\t\t\n\t\t\t\t<div id=\"wd-67aa799b1f926\" class=\"wd-text-block wd-wpb reset-last-child wd-rs-67aa799b1f926 text-left vc_custom_1739226264750\">\n\t\t\t<div>\n<h4>Caracter\u00edsticas:<\/h4>\n<ul>\n<li>Marca: Intelbras<\/li>\n<li>Modelo: XNB 600VA<\/li>\n<\/ul>\n<h4>Especifica\u00e7\u00f5es:<\/h4>\n<ul>\n<li>Pot\u00eancia: 600 VA \/ 300 W<\/li>\n<li>Topologia: Interativo de simples convers\u00e3o<\/li>\n<li>Maior autonomia (O tempo de autonomia varia de acordo com o consumo dos equipamentos e as condi\u00e7\u00f5es de bateria.)<\/li>\n<\/ul>\n<h4>Entrada:<\/h4>\n<ul>\n<li>Tens\u00e3o nominal de entrada: 120 Volts<\/li>\n<li>Varia\u00e7\u00e3o de tens\u00e3o de entrada: 90 &#8211; 145 Volts<\/li>\n<li>Frequ\u00eancia de rede: 60 Hz \u00b15 Hz<\/li>\n<li>Cabo de for\u00e7a: Plugue tripolar de acordo com a norma NBR 14136<\/li>\n<\/ul>\n<h4>Sa\u00edda:<\/h4>\n<ul>\n<li>Fator de pot\u00eancia: 0.5<\/li>\n<li>Tens\u00e3o nominal da sa\u00edda*: 120 Volts<\/li>\n<li>Regula\u00e7\u00e3o de tens\u00e3o:\u00a0 \u00b110% em modo rede \/ \u00b15% em modo bateria<\/li>\n<li>Tempo de transfer\u00eancia: &lt;10 ms<\/li>\n<li>Frequ\u00eancia no modo bateria: 60 Hz \u00b11 Hz<\/li>\n<li>Forma de onda no modo bateria: N\u00e3o senoidal (retangular PWM &#8211; controle de largura de pulso)<\/li>\n<li>Tomadas de sa\u00edda: 4 tomadas (tripolar), de acordo com norma NBR 14136<\/li>\n<li>*Utilize um mult\u00edmetro TRUE RMS para medir a tens\u00e3o de sa\u00edda do nobreak no modo bateria.<\/li>\n<\/ul>\n<h4>Prote\u00e7\u00e3o:<\/h4>\n<ul>\n<li>Prote\u00e7\u00e3o contra sobretens\u00e3o\/subtens\u00e3o na entrada CA: Passa a operar em modo bateria<\/li>\n<li>Prote\u00e7\u00e3o contra descarga\/sobrecarga de bateria: Descarga at\u00e9 10.5 V<\/li>\n<li>Fus\u00edvel de rede: 6 A<\/li>\n<li>Prote\u00e7\u00e3o contra sobrecarga na sa\u00edda: Incorporada<\/li>\n<\/ul>\n<h4>Bateria:<\/h4>\n<ul>\n<li>Quantidade\/capacidade: 1 bateria de chumbo-\u00e1cido, seladas 12 V 7 Ah<\/li>\n<\/ul>\n<h4>F\u00edsico:<\/h4>\n<ul>\n<li>Cor: Preto<\/li>\n<li>Dimens\u00f5es: 298 x 101 x 142 mm<\/li>\n<\/ul>\n<h4>Sinaliza\u00e7\u00e3o luminosa:<\/h4>\n<ul>\n<li><strong>LED Vermelho:<\/strong><\/li>\n<\/ul>\n<ol>\n<li>Piscando indica sobrecarga na sa\u00edda<\/li>\n<li>Aceso indica que nobreak foi desligado em fun\u00e7\u00e3o de curto circuito ou sobrecarga na sa\u00edda<\/li>\n<\/ol>\n<ul>\n<li><strong>LED Amarelo:<\/strong><\/li>\n<\/ul>\n<ol>\n<li>Piscando indica modo bateria\/carga de bateria<\/li>\n<li>Aceso indica bateria carregada<\/li>\n<\/ol>\n<ul>\n<li><strong>LED Verde:<\/strong><\/li>\n<\/ul>\n<ol>\n<li>Aceso indica modo de rede<\/li>\n<\/ol>\n<h4>Sinaliza\u00e7\u00e3o Sonora:<\/h4>\n<ul>\n<li>Indica\u00e7\u00e3o de nobreak em modo bateria: Sinal sonoro indicando in\u00edcio e fim de modo bateria<\/li>\n<li>Indica\u00e7\u00e3o de bateria com carga baixa: Sinal sonoro emitido a cada 1 segundo<\/li>\n<li>Indica\u00e7\u00e3o de sobrecarga na sa\u00edda: Sinal sonoro emitido a cada 0,5 segundos<\/li>\n<li>Indica\u00e7\u00e3o de situa\u00e7\u00e3o de falta (curto- circuito): Sinal sonoro emitido continuamente<\/li>\n<\/ul>\n<h4>Equipamentos que podem ser ligados ao nobreak*:<\/h4>\n<ul>\n<li>Computadores<\/li>\n<li>CFTV<\/li>\n<li>Switches e Roteadores<\/li>\n<li>Impressoras, Multifuncionais jato de tinta<\/li>\n<li>Consoles de jogos<\/li>\n<li>Televisores e Monitores<\/li>\n<li>PABX e centrais condominiais<\/li>\n<li>Rel\u00f3gios-ponto<\/li>\n<li>Telefones<\/li>\n<li>M\u00e1quinas de cart\u00e3o e impressoras fiscais<\/li>\n<li>Instrumentos musicais e equipamentos de som<\/li>\n<li>Controladores de acesso<\/li>\n<li>*Confira o consumo dos equipamentos antes de lig\u00e1-los ao nobreak para n\u00e3o exceder a sua pot\u00eancia.<\/li>\n<\/ul>\n<h4>Informa\u00e7\u00f5es Adicionais:<\/h4>\n<ul>\n<li>6 n\u00edveis de prote\u00e7\u00e3o: contra sobrecarga, subtens\u00e3o, sobretens\u00e3o, curto-circuito, surtos de tens\u00e3o e sobreaquecimento no inversor<\/li>\n<li>Fun\u00e7\u00e3o DC start: religamento autom\u00e1tico do nobreak mesmo na aus\u00eancia de energia el\u00e9trica<\/li>\n<li>Compat\u00edvel com grupos geradores<\/li>\n<li>Carregamento autom\u00e1tico: permite a recarga das baterias mesmo com o nobreak desligado<\/li>\n<li>Autoteste: teste autom\u00e1tico do funcionamento dos circuitos garantindo que o nobreak opere dentro dos padr\u00f5es ideais<\/li>\n<li>Padr\u00e3o de frequ\u00eancia internacional: funciona em frequ\u00eancias que variam de 50 a 60 Hz<\/li>\n<li>Sinaliza\u00e7\u00f5es audiovisuais: status das baterias e indica\u00e7\u00e3o de sobrecarga via LEDs e alertas sonoros<\/li>\n<li>No-break de linha interativa com formato de onda senoidal por aproxima\u00e7\u00e3o<\/li>\n<\/ul>\n<ol>\n<li>** Desde que a bateria esteja com carga.<\/li>\n<li>***\u00a0 Desde que o nobreak esteja conectado \u00e0 rede el\u00e9trica.<\/li>\n<\/ol>\n<h4>Conte\u00fado da Embalagem:<\/h4>\n<ul>\n<li>Nobreak Intelbras XNB 600VA<\/li>\n<\/ul>\n<h4>Observa\u00e7\u00f5es:<\/h4>\n<ul>\n<li>* O nobreak n\u00e3o deve ser utilizado para alimentar equipamentos de sustenta\u00e7\u00e3o \u00e0 vida ou equipamentos movidos a motor, como ventiladores, geladeiras, liquidificadores, micro-ondas, impressoras a laser, etc.<\/li>\n<li>* O produto pode apresentar incompatibilidade com algumas fontes PFC.<\/li>\n<li>* Antes de utilizar os nobreaks Intelbras, leia o manual do usu\u00e1rio e as etiquetas nos produtos, de forma a verificar se o modelo \u00e9 adequado \u00e0 sua aplica\u00e7\u00e3o.<\/li>\n<\/ul>\n<\/div>\n<h4>Garantia:<\/h4>\n<div data-testid=\"InfoGarantia\">\n<ul>\n<li>1 ano de garantia (3 meses de garantia legal + 9 meses de garantia contratual junto ao fabricante)<\/li>\n<\/ul>\n<\/div>\n<h4>Peso:<\/h4>\n<div data-testid=\"InfoPeso\">\n<ul>\n<li>4560 gramas (bruto com embalagem)<\/li>\n<\/ul>\n<\/div>\n\t\t<\/div>\n\t\t[\/vc_column][\/vc_row]<\/p>\n<\/div>","protected":false},"excerpt":{"rendered":"<p><strong>C\u00f3digo:<\/strong> <span style=\"color: #2a2a2a;\"><strong>59470<\/strong><\/span>\u00a0 \u00a0|\u00a0 \u00a0<strong>Mais produtos: <a href=\"https:\/\/elektrotec.com.br\/loja\/loja\/?filter_marcas=intelbras\">Intelbras<\/a><\/strong>\u00a0 \u00a0|\u00a0 \u00a0<a href=\"https:\/\/elektrotec.com.br\/loja\/produto\/no-break-intelbras-xnb-monovolt-120v-600va\/#codigo-59470\"><strong>Descri\u00e7\u00e3o do produto<\/strong><\/a><\/p>\n","protected":false},"featured_media":4216,"comment_status":"open","ping_status":"closed","template":"","meta":{"pagelayer_contact_templates":[],"_pagelayer_content":"","_mbp_gutenberg_autopost":false},"pwb-brand":[],"product_brand":[],"product_cat":[291,104,83,26,97,356,191,25],"product_tag":[],"class_list":{"0":"post-628","1":"product","2":"type-product","3":"status-publish","4":"has-post-thumbnail","6":"product_cat-automacao-comercial","7":"product_cat-eletronicos","8":"product_cat-energia","9":"product_cat-escritorio-e-papelaria","10":"product_cat-nobreak","11":"product_cat-no-break-gamer","12":"product_cat-seguranca-cftv","13":"product_cat-tecnologia-e-informatica","14":"product_shipping_class-logistica-quioske","16":"first","17":"instock","18":"shipping-taxable","19":"purchasable","20":"product-type-simple"},"yoast_head":"<!-- This site is optimized with the Yoast SEO plugin v27.2 - https:\/\/yoast.com\/product\/yoast-seo-wordpress\/ -->\n<title>No-break Intelbras XNB monovolt 120V 600VA | Elektrotec Store<\/title>\n<meta name=\"robots\" content=\"index, follow, max-snippet:-1, max-image-preview:large, max-video-preview:-1\" \/>\n<link rel=\"canonical\" href=\"https:\/\/elektrotec.com.br\/loja\/produto\/no-break-intelbras-xnb-monovolt-120v-600va\/\" \/>\n<meta property=\"og:locale\" content=\"pt_BR\" \/>\n<meta property=\"og:type\" content=\"article\" \/>\n<meta property=\"og:title\" content=\"No-break Intelbras XNB monovolt 120V 600VA | Elektrotec Store\" \/>\n<meta property=\"og:description\" content=\"C\u00f3digo: 59470\u00a0 \u00a0|\u00a0 \u00a0Mais produtos: Intelbras\u00a0 \u00a0|\u00a0 \u00a0Descri\u00e7\u00e3o do produto\" \/>\n<meta property=\"og:url\" content=\"https:\/\/elektrotec.com.br\/loja\/produto\/no-break-intelbras-xnb-monovolt-120v-600va\/\" \/>\n<meta property=\"og:site_name\" content=\"Elektrotec Store\" \/>\n<meta property=\"article:modified_time\" content=\"2025-10-30T00:25:05+00:00\" \/>\n<meta property=\"og:image\" content=\"https:\/\/elektrotec.com.br\/loja\/wp-content\/uploads\/2025\/02\/No-break-Intelbras-XNB-600VA-120V.jpg\" \/>\n\t<meta property=\"og:image:width\" content=\"700\" \/>\n\t<meta property=\"og:image:height\" content=\"800\" \/>\n\t<meta property=\"og:image:type\" content=\"image\/jpeg\" \/>\n<meta name=\"twitter:card\" content=\"summary_large_image\" \/>\n<meta name=\"twitter:label1\" content=\"Est. tempo de leitura\" \/>\n\t<meta name=\"twitter:data1\" content=\"5 minutos\" \/>\n<script type=\"application\/ld+json\" class=\"yoast-schema-graph\">{\"@context\":\"https:\/\/schema.org\",\"@graph\":[{\"@type\":\"WebPage\",\"@id\":\"https:\/\/elektrotec.com.br\/loja\/produto\/no-break-intelbras-xnb-monovolt-120v-600va\/\",\"url\":\"https:\/\/elektrotec.com.br\/loja\/produto\/no-break-intelbras-xnb-monovolt-120v-600va\/\",\"name\":\"No-break Intelbras XNB monovolt 120V 600VA | Elektrotec Store\",\"isPartOf\":{\"@id\":\"https:\/\/elektrotec.com.br\/loja\/#website\"},\"primaryImageOfPage\":{\"@id\":\"https:\/\/elektrotec.com.br\/loja\/produto\/no-break-intelbras-xnb-monovolt-120v-600va\/#primaryimage\"},\"image\":{\"@id\":\"https:\/\/elektrotec.com.br\/loja\/produto\/no-break-intelbras-xnb-monovolt-120v-600va\/#primaryimage\"},\"thumbnailUrl\":\"https:\/\/i0.wp.com\/elektrotec.com.br\/loja\/wp-content\/uploads\/2025\/02\/No-break-Intelbras-XNB-600VA-120V.jpg?fit=700%2C800&ssl=1\",\"datePublished\":\"2025-10-29T16:00:05+00:00\",\"dateModified\":\"2025-10-30T00:25:05+00:00\",\"breadcrumb\":{\"@id\":\"https:\/\/elektrotec.com.br\/loja\/produto\/no-break-intelbras-xnb-monovolt-120v-600va\/#breadcrumb\"},\"inLanguage\":\"pt-BR\",\"potentialAction\":[{\"@type\":\"ReadAction\",\"target\":[\"https:\/\/elektrotec.com.br\/loja\/produto\/no-break-intelbras-xnb-monovolt-120v-600va\/\"]}]},{\"@type\":\"ImageObject\",\"inLanguage\":\"pt-BR\",\"@id\":\"https:\/\/elektrotec.com.br\/loja\/produto\/no-break-intelbras-xnb-monovolt-120v-600va\/#primaryimage\",\"url\":\"https:\/\/i0.wp.com\/elektrotec.com.br\/loja\/wp-content\/uploads\/2025\/02\/No-break-Intelbras-XNB-600VA-120V.jpg?fit=700%2C800&ssl=1\",\"contentUrl\":\"https:\/\/i0.wp.com\/elektrotec.com.br\/loja\/wp-content\/uploads\/2025\/02\/No-break-Intelbras-XNB-600VA-120V.jpg?fit=700%2C800&ssl=1\",\"width\":700,\"height\":800},{\"@type\":\"BreadcrumbList\",\"@id\":\"https:\/\/elektrotec.com.br\/loja\/produto\/no-break-intelbras-xnb-monovolt-120v-600va\/#breadcrumb\",\"itemListElement\":[{\"@type\":\"ListItem\",\"position\":1,\"name\":\"Home\",\"item\":\"https:\/\/elektrotec.com.br\/loja\/\"},{\"@type\":\"ListItem\",\"position\":2,\"name\":\"Ofertas do dia \u26a1\",\"item\":\"https:\/\/elektrotec.com.br\/loja\/loja\/\"},{\"@type\":\"ListItem\",\"position\":3,\"name\":\"No-break Intelbras XNB monovolt 120V 600VA\"}]},{\"@type\":\"WebSite\",\"@id\":\"https:\/\/elektrotec.com.br\/loja\/#website\",\"url\":\"https:\/\/elektrotec.com.br\/loja\/\",\"name\":\"Elektrotec Store\",\"description\":\"Solu\u00e7\u00f5es em Energia e Automa\u00e7\u00e3o Industrial\",\"publisher\":{\"@id\":\"https:\/\/elektrotec.com.br\/loja\/#organization\"},\"potentialAction\":[{\"@type\":\"SearchAction\",\"target\":{\"@type\":\"EntryPoint\",\"urlTemplate\":\"https:\/\/elektrotec.com.br\/loja\/?s={search_term_string}\"},\"query-input\":{\"@type\":\"PropertyValueSpecification\",\"valueRequired\":true,\"valueName\":\"search_term_string\"}}],\"inLanguage\":\"pt-BR\"},{\"@type\":\"Organization\",\"@id\":\"https:\/\/elektrotec.com.br\/loja\/#organization\",\"name\":\"Elektrotec\",\"url\":\"https:\/\/elektrotec.com.br\/loja\/\",\"logo\":{\"@type\":\"ImageObject\",\"inLanguage\":\"pt-BR\",\"@id\":\"https:\/\/elektrotec.com.br\/loja\/#\/schema\/logo\/image\/\",\"url\":\"https:\/\/i0.wp.com\/elektrotec.com.br\/loja\/wp-content\/uploads\/2025\/05\/Logo-site-Elektrotec-Energy-1.webp?fit=270%2C70&ssl=1\",\"contentUrl\":\"https:\/\/i0.wp.com\/elektrotec.com.br\/loja\/wp-content\/uploads\/2025\/05\/Logo-site-Elektrotec-Energy-1.webp?fit=270%2C70&ssl=1\",\"width\":270,\"height\":70,\"caption\":\"Elektrotec\"},\"image\":{\"@id\":\"https:\/\/elektrotec.com.br\/loja\/#\/schema\/logo\/image\/\"}}]}<\/script>\n<!-- \/ Yoast SEO plugin. -->","yoast_head_json":{"title":"No-break Intelbras XNB monovolt 120V 600VA | Elektrotec Store","robots":{"index":"index","follow":"follow","max-snippet":"max-snippet:-1","max-image-preview":"max-image-preview:large","max-video-preview":"max-video-preview:-1"},"canonical":"https:\/\/elektrotec.com.br\/loja\/produto\/no-break-intelbras-xnb-monovolt-120v-600va\/","og_locale":"pt_BR","og_type":"article","og_title":"No-break Intelbras XNB monovolt 120V 600VA | Elektrotec Store","og_description":"C\u00f3digo: 59470\u00a0 \u00a0|\u00a0 \u00a0Mais produtos: Intelbras\u00a0 \u00a0|\u00a0 \u00a0Descri\u00e7\u00e3o do produto","og_url":"https:\/\/elektrotec.com.br\/loja\/produto\/no-break-intelbras-xnb-monovolt-120v-600va\/","og_site_name":"Elektrotec Store","article_modified_time":"2025-10-30T00:25:05+00:00","og_image":[{"width":700,"height":800,"url":"https:\/\/elektrotec.com.br\/loja\/wp-content\/uploads\/2025\/02\/No-break-Intelbras-XNB-600VA-120V.jpg","type":"image\/jpeg"}],"twitter_card":"summary_large_image","twitter_misc":{"Est. tempo de leitura":"5 minutos"},"schema":{"@context":"https:\/\/schema.org","@graph":[{"@type":"WebPage","@id":"https:\/\/elektrotec.com.br\/loja\/produto\/no-break-intelbras-xnb-monovolt-120v-600va\/","url":"https:\/\/elektrotec.com.br\/loja\/produto\/no-break-intelbras-xnb-monovolt-120v-600va\/","name":"No-break Intelbras XNB monovolt 120V 600VA | Elektrotec Store","isPartOf":{"@id":"https:\/\/elektrotec.com.br\/loja\/#website"},"primaryImageOfPage":{"@id":"https:\/\/elektrotec.com.br\/loja\/produto\/no-break-intelbras-xnb-monovolt-120v-600va\/#primaryimage"},"image":{"@id":"https:\/\/elektrotec.com.br\/loja\/produto\/no-break-intelbras-xnb-monovolt-120v-600va\/#primaryimage"},"thumbnailUrl":"https:\/\/i0.wp.com\/elektrotec.com.br\/loja\/wp-content\/uploads\/2025\/02\/No-break-Intelbras-XNB-600VA-120V.jpg?fit=700%2C800&ssl=1","datePublished":"2025-10-29T16:00:05+00:00","dateModified":"2025-10-30T00:25:05+00:00","breadcrumb":{"@id":"https:\/\/elektrotec.com.br\/loja\/produto\/no-break-intelbras-xnb-monovolt-120v-600va\/#breadcrumb"},"inLanguage":"pt-BR","potentialAction":[{"@type":"ReadAction","target":["https:\/\/elektrotec.com.br\/loja\/produto\/no-break-intelbras-xnb-monovolt-120v-600va\/"]}]},{"@type":"ImageObject","inLanguage":"pt-BR","@id":"https:\/\/elektrotec.com.br\/loja\/produto\/no-break-intelbras-xnb-monovolt-120v-600va\/#primaryimage","url":"https:\/\/i0.wp.com\/elektrotec.com.br\/loja\/wp-content\/uploads\/2025\/02\/No-break-Intelbras-XNB-600VA-120V.jpg?fit=700%2C800&ssl=1","contentUrl":"https:\/\/i0.wp.com\/elektrotec.com.br\/loja\/wp-content\/uploads\/2025\/02\/No-break-Intelbras-XNB-600VA-120V.jpg?fit=700%2C800&ssl=1","width":700,"height":800},{"@type":"BreadcrumbList","@id":"https:\/\/elektrotec.com.br\/loja\/produto\/no-break-intelbras-xnb-monovolt-120v-600va\/#breadcrumb","itemListElement":[{"@type":"ListItem","position":1,"name":"Home","item":"https:\/\/elektrotec.com.br\/loja\/"},{"@type":"ListItem","position":2,"name":"Ofertas do dia \u26a1","item":"https:\/\/elektrotec.com.br\/loja\/loja\/"},{"@type":"ListItem","position":3,"name":"No-break Intelbras XNB monovolt 120V 600VA"}]},{"@type":"WebSite","@id":"https:\/\/elektrotec.com.br\/loja\/#website","url":"https:\/\/elektrotec.com.br\/loja\/","name":"Elektrotec Store","description":"Solu\u00e7\u00f5es em Energia e Automa\u00e7\u00e3o Industrial","publisher":{"@id":"https:\/\/elektrotec.com.br\/loja\/#organization"},"potentialAction":[{"@type":"SearchAction","target":{"@type":"EntryPoint","urlTemplate":"https:\/\/elektrotec.com.br\/loja\/?s={search_term_string}"},"query-input":{"@type":"PropertyValueSpecification","valueRequired":true,"valueName":"search_term_string"}}],"inLanguage":"pt-BR"},{"@type":"Organization","@id":"https:\/\/elektrotec.com.br\/loja\/#organization","name":"Elektrotec","url":"https:\/\/elektrotec.com.br\/loja\/","logo":{"@type":"ImageObject","inLanguage":"pt-BR","@id":"https:\/\/elektrotec.com.br\/loja\/#\/schema\/logo\/image\/","url":"https:\/\/i0.wp.com\/elektrotec.com.br\/loja\/wp-content\/uploads\/2025\/05\/Logo-site-Elektrotec-Energy-1.webp?fit=270%2C70&ssl=1","contentUrl":"https:\/\/i0.wp.com\/elektrotec.com.br\/loja\/wp-content\/uploads\/2025\/05\/Logo-site-Elektrotec-Energy-1.webp?fit=270%2C70&ssl=1","width":270,"height":70,"caption":"Elektrotec"},"image":{"@id":"https:\/\/elektrotec.com.br\/loja\/#\/schema\/logo\/image\/"}}]}},"jetpack_sharing_enabled":true,"brands":[],"_links":{"self":[{"href":"https:\/\/elektrotec.com.br\/loja\/wp-json\/wp\/v2\/product\/628","targetHints":{"allow":["GET"]}}],"collection":[{"href":"https:\/\/elektrotec.com.br\/loja\/wp-json\/wp\/v2\/product"}],"about":[{"href":"https:\/\/elektrotec.com.br\/loja\/wp-json\/wp\/v2\/types\/product"}],"replies":[{"embeddable":true,"href":"https:\/\/elektrotec.com.br\/loja\/wp-json\/wp\/v2\/comments?post=628"}],"wp:featuredmedia":[{"embeddable":true,"href":"https:\/\/elektrotec.com.br\/loja\/wp-json\/wp\/v2\/media\/4216"}],"wp:attachment":[{"href":"https:\/\/elektrotec.com.br\/loja\/wp-json\/wp\/v2\/media?parent=628"}],"wp:term":[{"taxonomy":"pwb-brand","embeddable":true,"href":"https:\/\/elektrotec.com.br\/loja\/wp-json\/wp\/v2\/pwb-brand?post=628"},{"taxonomy":"product_brand","embeddable":true,"href":"https:\/\/elektrotec.com.br\/loja\/wp-json\/wp\/v2\/product_brand?post=628"},{"taxonomy":"product_cat","embeddable":true,"href":"https:\/\/elektrotec.com.br\/loja\/wp-json\/wp\/v2\/product_cat?post=628"},{"taxonomy":"product_tag","embeddable":true,"href":"https:\/\/elektrotec.com.br\/loja\/wp-json\/wp\/v2\/product_tag?post=628"}],"curies":[{"name":"wp","href":"https:\/\/api.w.org\/{rel}","templated":true}]}}