{"id":615,"date":"2025-02-10T10:00:05","date_gmt":"2025-02-10T13:00:05","guid":{"rendered":"http:\/\/dummy.xtemos.com\/woodmart2\/mega-electronics\/?post_type=product&#038;p=615"},"modified":"2025-02-10T22:07:35","modified_gmt":"2025-02-11T01:07:35","slug":"no-break-sms-lite-600va-entrada-bivolt-automatico-e-saida-115v","status":"publish","type":"product","link":"https:\/\/elektrotec.com.br\/loja\/produto\/no-break-sms-lite-600va-entrada-bivolt-automatico-e-saida-115v\/","title":{"rendered":"No-break SMS Lite 600VA entrada bivolt autom\u00e1tico e sa\u00edda 115V"},"content":{"rendered":"<div class=\"wpb-content-wrapper\"><p>[vc_row woodmart_css_id=&#8221;67aa8d6e6f88d&#8221; responsive_spacing=&#8221;eyJwYXJhbV90eXBlIjoid29vZG1hcnRfcmVzcG9uc2l2ZV9zcGFjaW5nIiwic2VsZWN0b3JfaWQiOiI2N2FhOGQ2ZTZmODhkIiwic2hvcnRjb2RlIjoidmNfcm93IiwiZGF0YSI6eyJ0YWJsZXQiOnt9LCJtb2JpbGUiOnt9fX0=&#8221; mobile_bg_img_hidden=&#8221;no&#8221; tablet_bg_img_hidden=&#8221;no&#8221; woodmart_parallax=&#8221;0&#8243; woodmart_gradient_switch=&#8221;no&#8221; woodmart_box_shadow=&#8221;no&#8221; wd_z_index=&#8221;no&#8221; woodmart_disable_overflow=&#8221;0&#8243; row_reverse_mobile=&#8221;0&#8243; row_reverse_tablet=&#8221;0&#8243; el_id=&#8221;codigo-71686&#8243;][vc_column css=&#8221;.vc_custom_1666272391679{padding-top: 0px !important;}&#8221; woodmart_css_id=&#8221;63514c8260958&#8243; parallax_scroll=&#8221;no&#8221; woodmart_sticky_column=&#8221;false&#8221; wd_collapsible_content_switcher=&#8221;no&#8221; wd_column_role_offcanvas_desktop=&#8221;no&#8221; wd_column_role_offcanvas_tablet=&#8221;no&#8221; wd_column_role_offcanvas_mobile=&#8221;no&#8221; wd_column_role_content_desktop=&#8221;no&#8221; wd_column_role_content_tablet=&#8221;no&#8221; wd_column_role_content_mobile=&#8221;no&#8221; mobile_bg_img_hidden=&#8221;no&#8221; tablet_bg_img_hidden=&#8221;no&#8221; woodmart_parallax=&#8221;0&#8243; woodmart_box_shadow=&#8221;no&#8221; responsive_spacing=&#8221;eyJwYXJhbV90eXBlIjoid29vZG1hcnRfcmVzcG9uc2l2ZV9zcGFjaW5nIiwic2VsZWN0b3JfaWQiOiI2MzUxNGM4MjYwOTU4Iiwic2hvcnRjb2RlIjoidmNfY29sdW1uIiwiZGF0YSI6eyJ0YWJsZXQiOnt9LCJtb2JpbGUiOnt9fX0=&#8221; mobile_reset_margin=&#8221;no&#8221; tablet_reset_margin=&#8221;no&#8221; wd_z_index=&#8221;no&#8221;]\t\t<div id=\"wd-67aa896e27669\" class=\"wd-text-block wd-wpb reset-last-child wd-rs-67aa896e27669 text-left vc_custom_1739230051551\">\n\t\t\t<p><img data-recalc-dims=\"1\" loading=\"lazy\" decoding=\"async\" class=\"aligncenter wp-image-4219 size-full\" src=\"https:\/\/i0.wp.com\/elektrotec.com.br\/loja\/wp-content\/uploads\/2022\/12\/71686.png?resize=1280%2C1974&#038;ssl=1\" alt=\"\" width=\"1280\" height=\"1974\" srcset=\"https:\/\/i0.wp.com\/elektrotec.com.br\/loja\/wp-content\/uploads\/2022\/12\/71686.png?w=1280&amp;ssl=1 1280w, https:\/\/i0.wp.com\/elektrotec.com.br\/loja\/wp-content\/uploads\/2022\/12\/71686.png?resize=195%2C300&amp;ssl=1 195w, https:\/\/i0.wp.com\/elektrotec.com.br\/loja\/wp-content\/uploads\/2022\/12\/71686.png?resize=664%2C1024&amp;ssl=1 664w, https:\/\/i0.wp.com\/elektrotec.com.br\/loja\/wp-content\/uploads\/2022\/12\/71686.png?resize=768%2C1184&amp;ssl=1 768w, https:\/\/i0.wp.com\/elektrotec.com.br\/loja\/wp-content\/uploads\/2022\/12\/71686.png?resize=996%2C1536&amp;ssl=1 996w, https:\/\/i0.wp.com\/elektrotec.com.br\/loja\/wp-content\/uploads\/2022\/12\/71686.png?resize=1200%2C1851&amp;ssl=1 1200w, https:\/\/i0.wp.com\/elektrotec.com.br\/loja\/wp-content\/uploads\/2022\/12\/71686.png?resize=150%2C231&amp;ssl=1 150w\" sizes=\"auto, (max-width: 1000px) 100vw, 1000px\" \/><\/p>\n\t\t<\/div>\n\t\t[\/vc_column][\/vc_row][vc_row][vc_column][vc_separator border_width=&#8221;3&#8243; css=&#8221;.vc_custom_1739229438416{margin-top: 50px !important;margin-bottom: 50px !important;}&#8221; wd_hide_on_desktop=&#8221;no&#8221; wd_hide_on_tablet=&#8221;no&#8221; wd_hide_on_mobile=&#8221;no&#8221;][\/vc_column][\/vc_row][vc_row woodmart_css_id=&#8221;6351519a61682&#8243; responsive_spacing=&#8221;eyJwYXJhbV90eXBlIjoid29vZG1hcnRfcmVzcG9uc2l2ZV9zcGFjaW5nIiwic2VsZWN0b3JfaWQiOiI2MzUxNTE5YTYxNjgyIiwic2hvcnRjb2RlIjoidmNfcm93IiwiZGF0YSI6eyJ0YWJsZXQiOnt9LCJtb2JpbGUiOnt9fX0=&#8221; mobile_bg_img_hidden=&#8221;no&#8221; tablet_bg_img_hidden=&#8221;no&#8221; woodmart_parallax=&#8221;0&#8243; woodmart_gradient_switch=&#8221;no&#8221; woodmart_box_shadow=&#8221;no&#8221; wd_z_index=&#8221;no&#8221; woodmart_disable_overflow=&#8221;0&#8243; row_reverse_mobile=&#8221;0&#8243; row_reverse_tablet=&#8221;0&#8243;][vc_column css=&#8221;.vc_custom_1669033735057{padding-top: 0px !important;}&#8221; woodmart_css_id=&#8221;637b6f036ef34&#8243; parallax_scroll=&#8221;no&#8221; woodmart_sticky_column=&#8221;false&#8221; wd_collapsible_content_switcher=&#8221;no&#8221; wd_column_role_offcanvas_desktop=&#8221;no&#8221; wd_column_role_offcanvas_tablet=&#8221;no&#8221; wd_column_role_offcanvas_mobile=&#8221;no&#8221; wd_column_role_content_desktop=&#8221;no&#8221; wd_column_role_content_tablet=&#8221;no&#8221; wd_column_role_content_mobile=&#8221;no&#8221; mobile_bg_img_hidden=&#8221;no&#8221; tablet_bg_img_hidden=&#8221;no&#8221; woodmart_parallax=&#8221;0&#8243; woodmart_box_shadow=&#8221;no&#8221; responsive_spacing=&#8221;eyJwYXJhbV90eXBlIjoid29vZG1hcnRfcmVzcG9uc2l2ZV9zcGFjaW5nIiwic2VsZWN0b3JfaWQiOiI2MzdiNmYwMzZlZjM0Iiwic2hvcnRjb2RlIjoidmNfY29sdW1uIiwiZGF0YSI6eyJ0YWJsZXQiOnt9LCJtb2JpbGUiOnt9fX0=&#8221; mobile_reset_margin=&#8221;no&#8221; tablet_reset_margin=&#8221;no&#8221; wd_z_index=&#8221;no&#8221;]\n\t\t<div id=\"wd-67aa8d5fec7d2\" class=\"title-wrapper wd-wpb wd-set-mb reset-last-child  wd-rs-67aa8d5fec7d2 wd-title-color-default wd-title-style-default text-left vc_custom_1739230570283 wd-underline-colored\">\n\t\t\t\n\t\t\t<div class=\"liner-continer\">\n\t\t\t\t<h4 class=\"woodmart-title-container title  wd-font-weight- wd-fontsize-m\" >\ud83d\udccc Especifica\u00e7\u00f5es T\u00e9cnicas:<\/h4>\n\t\t\t\t\t\t\t<\/div>\n\t\t\t\n\t\t\t\n\t\t\t\n\t\t<\/div>\n\t\t\n\t\t\t\t<div id=\"wd-67aa8b9717e9b\" class=\"wd-text-block wd-wpb reset-last-child wd-rs-67aa8b9717e9b text-left vc_custom_1739230521636\">\n\t\t\t<div class=\"sc-7e0ca514-1 GiPKU\">\n<h4>Caracter\u00edsticas:<\/h4>\n<ul>\n<li>Marca: SMS<\/li>\n<li>Modelo: 0029202<\/li>\n<\/ul>\n<h4>Especifica\u00e7\u00f5es:<\/h4>\n<ul>\n<li>5 N\u00edveis de Prote\u00e7\u00e3o:<\/li>\n<li>Queda de Rede<\/li>\n<li>Ru\u00eddos da Rede El\u00e9trica<\/li>\n<li>Rede El\u00e9trica Alta<\/li>\n<li>Rede El\u00e9trica Baixa<\/li>\n<li>Corre\u00e7\u00e3o de Varia\u00e7\u00e3o da Rede El\u00e9trica<\/li>\n<\/ul>\n<h4>Caracter\u00edsticas Principais:<\/h4>\n<ul>\n<li>Nobreak interativo com regula\u00e7\u00e3o online;<\/li>\n<li>Estabilizador interno que corrige oscila\u00e7\u00f5es da rede el\u00e9trica;<\/li>\n<li>Filtro de linha interno que atenua os ru\u00eddos da rede el\u00e9trica;<\/li>\n<li>Autoteste: Ao ser ligado, o nobreak testa todos os circuitos internos, inclusive as baterias;<\/li>\n<li>Autodiagn\u00f3stico de bateria: Informa quando a bateria precisa ser substitu\u00edda;<\/li>\n<li>Fun\u00e7\u00e3o Battery Saver: preserva a vida \u00fatil das baterias;<\/li>\n<li>Recarregador Strong Charger: Permite a recarga das baterias mesmo com n\u00edveis muito baixos de carga;<\/li>\n<li>Recarga autom\u00e1tica da bateria em 4 est\u00e1gios mesmo com o nobreak desligado, mantendo-a sempre em condi\u00e7\u00f5es ideais de opera\u00e7\u00e3o, contribuindo para melhor preserva\u00e7\u00e3o de sua vida \u00fatil;<\/li>\n<li>Religamento autom\u00e1tico: liga automaticamente ap\u00f3s o retorno da rede el\u00e9trica, ideal para situa\u00e7\u00f5es que n\u00e3o tem uma pessoa pr\u00f3xima ao nobreak;<\/li>\n<li>Permite ser ligado na aus\u00eancia de rede el\u00e9trica (DC Start);<\/li>\n<li>Bot\u00e3o liga\/desliga temporizado para evitar acionamentos\/desacionamentos acidentais ou involunt\u00e1rios;<\/li>\n<li>Fun\u00e7\u00e3o MUTE que desabilita\/habilita o alarme sonoro;<\/li>\n<li>Alarme audiovisual para queda de rede, subtens\u00e3o, fim do tempo de autonomia, final de vida \u00fatil da bateria, sobretens\u00e3o, pot\u00eancia excedida e sobretemperatura;<\/li>\n<li>Microprocessador ARM 32 Bits de alta velocidade com mem\u00f3ria Flash, integrando diversas fun\u00e7\u00f5es perif\u00e9ricas, aumentando a confiabilidade e o desempenho do circuito eletr\u00f4nico;<\/li>\n<li>Fun\u00e7\u00e3o TRUE RMS: Analisa corretamente os dist\u00farbios da rede el\u00e9trica permitindo a atua\u00e7\u00e3o precisa do equipamento;<\/li>\n<li>Circuito desmagnetizador: Garante o valor de tens\u00e3o adequado na sa\u00edda do nobreak para equipamentos de inform\u00e1tica e similares (cargas n\u00e3o lineares);<\/li>\n<li>Inversor sincronizado com a rede el\u00e9trica: evita varia\u00e7\u00f5es bruscas na tens\u00e3o de sa\u00edda durante as transi\u00e7\u00f5es de rede el\u00e9trica para bateria e vice-versa;<\/li>\n<li>Gabinete pl\u00e1stico anti-chama;<\/li>\n<li>Prote\u00e7\u00f5es contra sobreaquecimento no transformador, pot\u00eancia excedida, descarga total da bateria, curto-circuito no inversor.<\/li>\n<\/ul>\n<h4>Tomadas de sa\u00edda:<\/h4>\n<ul>\n<li>Padr\u00e3o NBR14136 (10A)<\/li>\n<\/ul>\n<h4>Tempos de Autonomia:<\/h4>\n<ul>\n<li>Computador on board + Monitor LED 15,6\u201d: 25 min<\/li>\n<li>Computador on board + Monitor LED 20\u201d + Impressora Jato de Tinta + Modem: 18 min<\/li>\n<li>TV LED 32\u201d Full HD + Receptor de TV: 22 min<\/li>\n<li>TV LED 32\u201d Full HD + Nintendo Wii U: 18 min<\/li>\n<li>Roteador + Modem + Telefone: 1h 12min<\/li>\n<li>CFTV: DVR + 4 C\u00e2meras + Monitor LED 20\u201d: 31 min<\/li>\n<li>CFTV: DVR + 8 C\u00e2meras + Monitor LED 20\u201d: 22 min<\/li>\n<li>Mini System: 21 min<\/li>\n<li>Aquecedor a G\u00e1s: 31 min<\/li>\n<li>Controle de Acesso\/Ponto + Catraca: 1h 12min<\/li>\n<li>Central Telef\u00f4nica &#8211; at\u00e9 20 ramais: 31 min<\/li>\n<li>Central de Interfonia &#8211; at\u00e9 48 ramais: 38 min<\/li>\n<\/ul>\n<ol>\n<li>* O tempo de autonomia pode variar de acordo com as condi\u00e7\u00f5es de uso da bateria, do n\u00famero de ciclos de carga e descarga, da temperatura ambiente, bem como da pot\u00eancia m\u00e9dia dos equipamentos ligados ao nobreak, que pode variar de acordo com sua marca, seu modelo e suas configura\u00e7\u00f5es.<\/li>\n<li>* Pot\u00eancia de \u00e1udio at\u00e9 500W.<\/li>\n<\/ol>\n<h4>Caracter\u00edsticas de entrada:<\/h4>\n<ul>\n<li>Tens\u00e3o nominal [V~]: 115 \/ 127 \/ 220 (autom\u00e1tico)<\/li>\n<li>Varia\u00e7\u00e3o m\u00e1xima de tens\u00e3o em modo rede [V~]: 89 a 140 (115V~)<\/li>\n<li>Frequ\u00eancia de rede [Hz] 60 \u00b1 4<\/li>\n<li>Plugue do cabo de for\u00e7a Padr\u00e3o NBR14136 (10A)<\/li>\n<\/ul>\n<h4>Caracter\u00edsticas de Sa\u00edda:<\/h4>\n<ul>\n<li>Pot\u00eancia m\u00e1xima [VA] 600<\/li>\n<li>Fator de pot\u00eancia 0,5<\/li>\n<li>Tens\u00e3o nominal [V~] 115<\/li>\n<li>Regula\u00e7\u00e3o \u00b1 5% (para opera\u00e7\u00e3o bateria) \/ +\/- 10% (para opera\u00e7\u00e3o rede)<\/li>\n<li>Frequ\u00eancia 60Hz \u00b1 1% (para opera\u00e7\u00e3o bateria)<\/li>\n<li>Forma de onda do inversor: Senoidal por aproxima\u00e7\u00e3o (retangular PWM \u2013 controle de largura e amplitude)<\/li>\n<li>N\u00famero de tomadas: 4 tomadas padr\u00e3o NBR14136 (10A)<\/li>\n<\/ul>\n<h4>Caracter\u00edsticas Gerais<\/h4>\n<ul>\n<li>Rendimento (modo rede) At\u00e9 94%<\/li>\n<li>Bateria interna 1 bateria 12VDC \/ 5Ah<\/li>\n<li>Acionamento do inversor &lt; 0,8 ms<\/li>\n<li>Comprimento do cabo de for\u00e7a do nobreak [mm] 1200 \u00b1 50<\/li>\n<li>Grau de Prote\u00e7\u00e3o IP20<\/li>\n<\/ul>\n<h4>Conte\u00fado da Embalagem:<\/h4>\n<ul>\n<li>No-break<\/li>\n<\/ul>\n<\/div>\n<h4>Garantia:<\/h4>\n<div data-testid=\"InfoGarantia\">\n<ul>\n<li>1 ano de garantia (3 meses de garantia legal + 9 meses de garantia contratual junto ao fabricante)<\/li>\n<\/ul>\n<\/div>\n<h4>Peso:<\/h4>\n<div data-testid=\"InfoPeso\">\n<ul>\n<li>5000 gramas (bruto com embalagem)<\/li>\n<\/ul>\n<\/div>\n\t\t<\/div>\n\t\t[\/vc_column][\/vc_row]<\/p>\n<\/div>","protected":false},"excerpt":{"rendered":"<p><strong>C\u00f3digo:<\/strong> <span style=\"color: #2a2a2a;\"><strong>71686<\/strong><\/span>\u00a0 \u00a0|\u00a0 \u00a0<strong>Mais produtos:<\/strong> <a href=\"https:\/\/elektrotec.com.br\/loja\/loja\/?filter_marcas=sms\"><span style=\"color: #000;\"><strong>SMS<\/strong><\/span><\/a>\u00a0 \u00a0|\u00a0 \u00a0<a href=\"https:\/\/elektrotec.com.br\/loja\/produto\/no-break-sms-lite-600va-entrada-bivolt-automatico-e-saida-115v\/#codigo-71686\"><strong>Descri\u00e7\u00e3o do produto<\/strong><\/a><\/p>\n","protected":false},"featured_media":4235,"comment_status":"open","ping_status":"closed","template":"","meta":{"pagelayer_contact_templates":[],"_pagelayer_content":"","_mbp_gutenberg_autopost":false},"pwb-brand":[],"product_brand":[],"product_cat":[291,104,83,26,29,97,356,191,241,25],"product_tag":[],"class_list":{"0":"post-615","1":"product","2":"type-product","3":"status-publish","4":"has-post-thumbnail","6":"product_cat-automacao-comercial","7":"product_cat-eletronicos","8":"product_cat-energia","9":"product_cat-escritorio-e-papelaria","10":"product_cat-games-entretenimento","11":"product_cat-nobreak","12":"product_cat-no-break-gamer","13":"product_cat-seguranca-cftv","14":"product_cat-suprimentos-corporativos","15":"product_cat-tecnologia-e-informatica","16":"product_shipping_class-logistica-quioske","18":"first","19":"instock","20":"shipping-taxable","21":"purchasable","22":"product-type-simple"},"yoast_head":"<!-- This site is optimized with the Yoast SEO plugin v27.2 - https:\/\/yoast.com\/product\/yoast-seo-wordpress\/ -->\n<title>No-break SMS Lite 600VA entrada bivolt autom\u00e1tico e sa\u00edda 115V | Elektrotec Store<\/title>\n<meta name=\"robots\" content=\"index, follow, max-snippet:-1, max-image-preview:large, max-video-preview:-1\" \/>\n<link rel=\"canonical\" href=\"https:\/\/elektrotec.com.br\/loja\/produto\/no-break-sms-lite-600va-entrada-bivolt-automatico-e-saida-115v\/\" \/>\n<meta property=\"og:locale\" content=\"pt_BR\" \/>\n<meta property=\"og:type\" content=\"article\" \/>\n<meta property=\"og:title\" content=\"No-break SMS Lite 600VA entrada bivolt autom\u00e1tico e sa\u00edda 115V | Elektrotec Store\" \/>\n<meta property=\"og:description\" content=\"C\u00f3digo: 71686\u00a0 \u00a0|\u00a0 \u00a0Mais produtos: SMS\u00a0 \u00a0|\u00a0 \u00a0Descri\u00e7\u00e3o do produto\" \/>\n<meta property=\"og:url\" content=\"https:\/\/elektrotec.com.br\/loja\/produto\/no-break-sms-lite-600va-entrada-bivolt-automatico-e-saida-115v\/\" \/>\n<meta property=\"og:site_name\" content=\"Elektrotec Store\" \/>\n<meta property=\"article:modified_time\" content=\"2025-02-11T01:07:35+00:00\" \/>\n<meta property=\"og:image\" content=\"https:\/\/elektrotec.com.br\/loja\/wp-content\/uploads\/2025\/02\/71686-No-break-SMS-Lite-600VA-Entrada-Bivolt-Automatico-e-Saida-115V.jpg\" \/>\n\t<meta property=\"og:image:width\" content=\"700\" \/>\n\t<meta property=\"og:image:height\" content=\"800\" \/>\n\t<meta property=\"og:image:type\" content=\"image\/jpeg\" \/>\n<meta name=\"twitter:card\" content=\"summary_large_image\" \/>\n<meta name=\"twitter:label1\" content=\"Est. tempo de leitura\" \/>\n\t<meta name=\"twitter:data1\" content=\"5 minutos\" \/>\n<script type=\"application\/ld+json\" class=\"yoast-schema-graph\">{\"@context\":\"https:\/\/schema.org\",\"@graph\":[{\"@type\":\"WebPage\",\"@id\":\"https:\/\/elektrotec.com.br\/loja\/produto\/no-break-sms-lite-600va-entrada-bivolt-automatico-e-saida-115v\/\",\"url\":\"https:\/\/elektrotec.com.br\/loja\/produto\/no-break-sms-lite-600va-entrada-bivolt-automatico-e-saida-115v\/\",\"name\":\"No-break SMS Lite 600VA entrada bivolt autom\u00e1tico e sa\u00edda 115V | Elektrotec Store\",\"isPartOf\":{\"@id\":\"https:\/\/elektrotec.com.br\/loja\/#website\"},\"primaryImageOfPage\":{\"@id\":\"https:\/\/elektrotec.com.br\/loja\/produto\/no-break-sms-lite-600va-entrada-bivolt-automatico-e-saida-115v\/#primaryimage\"},\"image\":{\"@id\":\"https:\/\/elektrotec.com.br\/loja\/produto\/no-break-sms-lite-600va-entrada-bivolt-automatico-e-saida-115v\/#primaryimage\"},\"thumbnailUrl\":\"https:\/\/i0.wp.com\/elektrotec.com.br\/loja\/wp-content\/uploads\/2025\/02\/71686-No-break-SMS-Lite-600VA-Entrada-Bivolt-Automatico-e-Saida-115V.jpg?fit=700%2C800&ssl=1\",\"datePublished\":\"2025-02-10T13:00:05+00:00\",\"dateModified\":\"2025-02-11T01:07:35+00:00\",\"breadcrumb\":{\"@id\":\"https:\/\/elektrotec.com.br\/loja\/produto\/no-break-sms-lite-600va-entrada-bivolt-automatico-e-saida-115v\/#breadcrumb\"},\"inLanguage\":\"pt-BR\",\"potentialAction\":[{\"@type\":\"ReadAction\",\"target\":[\"https:\/\/elektrotec.com.br\/loja\/produto\/no-break-sms-lite-600va-entrada-bivolt-automatico-e-saida-115v\/\"]}]},{\"@type\":\"ImageObject\",\"inLanguage\":\"pt-BR\",\"@id\":\"https:\/\/elektrotec.com.br\/loja\/produto\/no-break-sms-lite-600va-entrada-bivolt-automatico-e-saida-115v\/#primaryimage\",\"url\":\"https:\/\/i0.wp.com\/elektrotec.com.br\/loja\/wp-content\/uploads\/2025\/02\/71686-No-break-SMS-Lite-600VA-Entrada-Bivolt-Automatico-e-Saida-115V.jpg?fit=700%2C800&ssl=1\",\"contentUrl\":\"https:\/\/i0.wp.com\/elektrotec.com.br\/loja\/wp-content\/uploads\/2025\/02\/71686-No-break-SMS-Lite-600VA-Entrada-Bivolt-Automatico-e-Saida-115V.jpg?fit=700%2C800&ssl=1\",\"width\":700,\"height\":800},{\"@type\":\"BreadcrumbList\",\"@id\":\"https:\/\/elektrotec.com.br\/loja\/produto\/no-break-sms-lite-600va-entrada-bivolt-automatico-e-saida-115v\/#breadcrumb\",\"itemListElement\":[{\"@type\":\"ListItem\",\"position\":1,\"name\":\"Home\",\"item\":\"https:\/\/elektrotec.com.br\/loja\/\"},{\"@type\":\"ListItem\",\"position\":2,\"name\":\"Ofertas do dia \u26a1\",\"item\":\"https:\/\/elektrotec.com.br\/loja\/loja\/\"},{\"@type\":\"ListItem\",\"position\":3,\"name\":\"No-break SMS Lite 600VA entrada bivolt autom\u00e1tico e sa\u00edda 115V\"}]},{\"@type\":\"WebSite\",\"@id\":\"https:\/\/elektrotec.com.br\/loja\/#website\",\"url\":\"https:\/\/elektrotec.com.br\/loja\/\",\"name\":\"Elektrotec Store\",\"description\":\"Solu\u00e7\u00f5es em Energia e Automa\u00e7\u00e3o Industrial\",\"publisher\":{\"@id\":\"https:\/\/elektrotec.com.br\/loja\/#organization\"},\"potentialAction\":[{\"@type\":\"SearchAction\",\"target\":{\"@type\":\"EntryPoint\",\"urlTemplate\":\"https:\/\/elektrotec.com.br\/loja\/?s={search_term_string}\"},\"query-input\":{\"@type\":\"PropertyValueSpecification\",\"valueRequired\":true,\"valueName\":\"search_term_string\"}}],\"inLanguage\":\"pt-BR\"},{\"@type\":\"Organization\",\"@id\":\"https:\/\/elektrotec.com.br\/loja\/#organization\",\"name\":\"Elektrotec\",\"url\":\"https:\/\/elektrotec.com.br\/loja\/\",\"logo\":{\"@type\":\"ImageObject\",\"inLanguage\":\"pt-BR\",\"@id\":\"https:\/\/elektrotec.com.br\/loja\/#\/schema\/logo\/image\/\",\"url\":\"https:\/\/i0.wp.com\/elektrotec.com.br\/loja\/wp-content\/uploads\/2025\/05\/Logo-site-Elektrotec-Energy-1.webp?fit=270%2C70&ssl=1\",\"contentUrl\":\"https:\/\/i0.wp.com\/elektrotec.com.br\/loja\/wp-content\/uploads\/2025\/05\/Logo-site-Elektrotec-Energy-1.webp?fit=270%2C70&ssl=1\",\"width\":270,\"height\":70,\"caption\":\"Elektrotec\"},\"image\":{\"@id\":\"https:\/\/elektrotec.com.br\/loja\/#\/schema\/logo\/image\/\"}}]}<\/script>\n<!-- \/ Yoast SEO plugin. -->","yoast_head_json":{"title":"No-break SMS Lite 600VA entrada bivolt autom\u00e1tico e sa\u00edda 115V | Elektrotec Store","robots":{"index":"index","follow":"follow","max-snippet":"max-snippet:-1","max-image-preview":"max-image-preview:large","max-video-preview":"max-video-preview:-1"},"canonical":"https:\/\/elektrotec.com.br\/loja\/produto\/no-break-sms-lite-600va-entrada-bivolt-automatico-e-saida-115v\/","og_locale":"pt_BR","og_type":"article","og_title":"No-break SMS Lite 600VA entrada bivolt autom\u00e1tico e sa\u00edda 115V | Elektrotec Store","og_description":"C\u00f3digo: 71686\u00a0 \u00a0|\u00a0 \u00a0Mais produtos: SMS\u00a0 \u00a0|\u00a0 \u00a0Descri\u00e7\u00e3o do produto","og_url":"https:\/\/elektrotec.com.br\/loja\/produto\/no-break-sms-lite-600va-entrada-bivolt-automatico-e-saida-115v\/","og_site_name":"Elektrotec Store","article_modified_time":"2025-02-11T01:07:35+00:00","og_image":[{"width":700,"height":800,"url":"https:\/\/elektrotec.com.br\/loja\/wp-content\/uploads\/2025\/02\/71686-No-break-SMS-Lite-600VA-Entrada-Bivolt-Automatico-e-Saida-115V.jpg","type":"image\/jpeg"}],"twitter_card":"summary_large_image","twitter_misc":{"Est. tempo de leitura":"5 minutos"},"schema":{"@context":"https:\/\/schema.org","@graph":[{"@type":"WebPage","@id":"https:\/\/elektrotec.com.br\/loja\/produto\/no-break-sms-lite-600va-entrada-bivolt-automatico-e-saida-115v\/","url":"https:\/\/elektrotec.com.br\/loja\/produto\/no-break-sms-lite-600va-entrada-bivolt-automatico-e-saida-115v\/","name":"No-break SMS Lite 600VA entrada bivolt autom\u00e1tico e sa\u00edda 115V | Elektrotec Store","isPartOf":{"@id":"https:\/\/elektrotec.com.br\/loja\/#website"},"primaryImageOfPage":{"@id":"https:\/\/elektrotec.com.br\/loja\/produto\/no-break-sms-lite-600va-entrada-bivolt-automatico-e-saida-115v\/#primaryimage"},"image":{"@id":"https:\/\/elektrotec.com.br\/loja\/produto\/no-break-sms-lite-600va-entrada-bivolt-automatico-e-saida-115v\/#primaryimage"},"thumbnailUrl":"https:\/\/i0.wp.com\/elektrotec.com.br\/loja\/wp-content\/uploads\/2025\/02\/71686-No-break-SMS-Lite-600VA-Entrada-Bivolt-Automatico-e-Saida-115V.jpg?fit=700%2C800&ssl=1","datePublished":"2025-02-10T13:00:05+00:00","dateModified":"2025-02-11T01:07:35+00:00","breadcrumb":{"@id":"https:\/\/elektrotec.com.br\/loja\/produto\/no-break-sms-lite-600va-entrada-bivolt-automatico-e-saida-115v\/#breadcrumb"},"inLanguage":"pt-BR","potentialAction":[{"@type":"ReadAction","target":["https:\/\/elektrotec.com.br\/loja\/produto\/no-break-sms-lite-600va-entrada-bivolt-automatico-e-saida-115v\/"]}]},{"@type":"ImageObject","inLanguage":"pt-BR","@id":"https:\/\/elektrotec.com.br\/loja\/produto\/no-break-sms-lite-600va-entrada-bivolt-automatico-e-saida-115v\/#primaryimage","url":"https:\/\/i0.wp.com\/elektrotec.com.br\/loja\/wp-content\/uploads\/2025\/02\/71686-No-break-SMS-Lite-600VA-Entrada-Bivolt-Automatico-e-Saida-115V.jpg?fit=700%2C800&ssl=1","contentUrl":"https:\/\/i0.wp.com\/elektrotec.com.br\/loja\/wp-content\/uploads\/2025\/02\/71686-No-break-SMS-Lite-600VA-Entrada-Bivolt-Automatico-e-Saida-115V.jpg?fit=700%2C800&ssl=1","width":700,"height":800},{"@type":"BreadcrumbList","@id":"https:\/\/elektrotec.com.br\/loja\/produto\/no-break-sms-lite-600va-entrada-bivolt-automatico-e-saida-115v\/#breadcrumb","itemListElement":[{"@type":"ListItem","position":1,"name":"Home","item":"https:\/\/elektrotec.com.br\/loja\/"},{"@type":"ListItem","position":2,"name":"Ofertas do dia \u26a1","item":"https:\/\/elektrotec.com.br\/loja\/loja\/"},{"@type":"ListItem","position":3,"name":"No-break SMS Lite 600VA entrada bivolt autom\u00e1tico e sa\u00edda 115V"}]},{"@type":"WebSite","@id":"https:\/\/elektrotec.com.br\/loja\/#website","url":"https:\/\/elektrotec.com.br\/loja\/","name":"Elektrotec Store","description":"Solu\u00e7\u00f5es em Energia e Automa\u00e7\u00e3o Industrial","publisher":{"@id":"https:\/\/elektrotec.com.br\/loja\/#organization"},"potentialAction":[{"@type":"SearchAction","target":{"@type":"EntryPoint","urlTemplate":"https:\/\/elektrotec.com.br\/loja\/?s={search_term_string}"},"query-input":{"@type":"PropertyValueSpecification","valueRequired":true,"valueName":"search_term_string"}}],"inLanguage":"pt-BR"},{"@type":"Organization","@id":"https:\/\/elektrotec.com.br\/loja\/#organization","name":"Elektrotec","url":"https:\/\/elektrotec.com.br\/loja\/","logo":{"@type":"ImageObject","inLanguage":"pt-BR","@id":"https:\/\/elektrotec.com.br\/loja\/#\/schema\/logo\/image\/","url":"https:\/\/i0.wp.com\/elektrotec.com.br\/loja\/wp-content\/uploads\/2025\/05\/Logo-site-Elektrotec-Energy-1.webp?fit=270%2C70&ssl=1","contentUrl":"https:\/\/i0.wp.com\/elektrotec.com.br\/loja\/wp-content\/uploads\/2025\/05\/Logo-site-Elektrotec-Energy-1.webp?fit=270%2C70&ssl=1","width":270,"height":70,"caption":"Elektrotec"},"image":{"@id":"https:\/\/elektrotec.com.br\/loja\/#\/schema\/logo\/image\/"}}]}},"jetpack_sharing_enabled":true,"brands":[],"_links":{"self":[{"href":"https:\/\/elektrotec.com.br\/loja\/wp-json\/wp\/v2\/product\/615","targetHints":{"allow":["GET"]}}],"collection":[{"href":"https:\/\/elektrotec.com.br\/loja\/wp-json\/wp\/v2\/product"}],"about":[{"href":"https:\/\/elektrotec.com.br\/loja\/wp-json\/wp\/v2\/types\/product"}],"replies":[{"embeddable":true,"href":"https:\/\/elektrotec.com.br\/loja\/wp-json\/wp\/v2\/comments?post=615"}],"wp:featuredmedia":[{"embeddable":true,"href":"https:\/\/elektrotec.com.br\/loja\/wp-json\/wp\/v2\/media\/4235"}],"wp:attachment":[{"href":"https:\/\/elektrotec.com.br\/loja\/wp-json\/wp\/v2\/media?parent=615"}],"wp:term":[{"taxonomy":"pwb-brand","embeddable":true,"href":"https:\/\/elektrotec.com.br\/loja\/wp-json\/wp\/v2\/pwb-brand?post=615"},{"taxonomy":"product_brand","embeddable":true,"href":"https:\/\/elektrotec.com.br\/loja\/wp-json\/wp\/v2\/product_brand?post=615"},{"taxonomy":"product_cat","embeddable":true,"href":"https:\/\/elektrotec.com.br\/loja\/wp-json\/wp\/v2\/product_cat?post=615"},{"taxonomy":"product_tag","embeddable":true,"href":"https:\/\/elektrotec.com.br\/loja\/wp-json\/wp\/v2\/product_tag?post=615"}],"curies":[{"name":"wp","href":"https:\/\/api.w.org\/{rel}","templated":true}]}}