{"id":611,"date":"2025-10-29T13:00:25","date_gmt":"2025-10-29T16:00:25","guid":{"rendered":"http:\/\/dummy.xtemos.com\/woodmart2\/mega-electronics\/?post_type=product&#038;p=611"},"modified":"2025-10-29T21:23:59","modified_gmt":"2025-10-30T00:23:59","slug":"estabilizador-sms-300va-revolution-speedy-entrada-e-saida-de-115v-4-tomadas","status":"publish","type":"product","link":"https:\/\/elektrotec.com.br\/loja\/produto\/estabilizador-sms-300va-revolution-speedy-entrada-e-saida-de-115v-4-tomadas\/","title":{"rendered":"Estabilizador SMS 300VA Revolution Speedy entrada e sa\u00edda de 115V, 4 tomadas"},"content":{"rendered":"<div class=\"wpb-content-wrapper\"><p>[vc_row woodmart_css_id=&#8221;67aaa9c627920&#8243; responsive_spacing=&#8221;eyJwYXJhbV90eXBlIjoid29vZG1hcnRfcmVzcG9uc2l2ZV9zcGFjaW5nIiwic2VsZWN0b3JfaWQiOiI2N2FhYTljNjI3OTIwIiwic2hvcnRjb2RlIjoidmNfcm93IiwiZGF0YSI6eyJ0YWJsZXQiOnt9LCJtb2JpbGUiOnt9fX0=&#8221; mobile_bg_img_hidden=&#8221;no&#8221; tablet_bg_img_hidden=&#8221;no&#8221; woodmart_parallax=&#8221;0&#8243; woodmart_gradient_switch=&#8221;no&#8221; woodmart_box_shadow=&#8221;no&#8221; wd_z_index=&#8221;no&#8221; woodmart_disable_overflow=&#8221;0&#8243; row_reverse_mobile=&#8221;0&#8243; row_reverse_tablet=&#8221;0&#8243; el_id=&#8221;codigo-16520&#8243;][vc_column css=&#8221;.vc_custom_1666272391679{padding-top: 0px !important;}&#8221; woodmart_css_id=&#8221;63514c8260958&#8243; parallax_scroll=&#8221;no&#8221; woodmart_sticky_column=&#8221;false&#8221; wd_collapsible_content_switcher=&#8221;no&#8221; wd_column_role_offcanvas_desktop=&#8221;no&#8221; wd_column_role_offcanvas_tablet=&#8221;no&#8221; wd_column_role_offcanvas_mobile=&#8221;no&#8221; wd_column_role_content_desktop=&#8221;no&#8221; wd_column_role_content_tablet=&#8221;no&#8221; wd_column_role_content_mobile=&#8221;no&#8221; mobile_bg_img_hidden=&#8221;no&#8221; tablet_bg_img_hidden=&#8221;no&#8221; woodmart_parallax=&#8221;0&#8243; woodmart_box_shadow=&#8221;no&#8221; responsive_spacing=&#8221;eyJwYXJhbV90eXBlIjoid29vZG1hcnRfcmVzcG9uc2l2ZV9zcGFjaW5nIiwic2VsZWN0b3JfaWQiOiI2MzUxNGM4MjYwOTU4Iiwic2hvcnRjb2RlIjoidmNfY29sdW1uIiwiZGF0YSI6eyJ0YWJsZXQiOnt9LCJtb2JpbGUiOnt9fX0=&#8221; mobile_reset_margin=&#8221;no&#8221; tablet_reset_margin=&#8221;no&#8221; wd_z_index=&#8221;no&#8221;]\t\t<div id=\"wd-67aaa13cde297\" class=\"wd-text-block wd-wpb reset-last-child wd-rs-67aaa13cde297 text-left vc_custom_1739235721537\">\n\t\t\t<p><img data-recalc-dims=\"1\" loading=\"lazy\" decoding=\"async\" class=\"aligncenter wp-image-4237 size-full\" src=\"https:\/\/i0.wp.com\/elektrotec.com.br\/loja\/wp-content\/uploads\/2025\/02\/72624.png?resize=1270%2C1956&#038;ssl=1\" alt=\"\" width=\"1270\" height=\"1956\" srcset=\"https:\/\/i0.wp.com\/elektrotec.com.br\/loja\/wp-content\/uploads\/2025\/02\/72624.png?w=1270&amp;ssl=1 1270w, https:\/\/i0.wp.com\/elektrotec.com.br\/loja\/wp-content\/uploads\/2025\/02\/72624.png?resize=195%2C300&amp;ssl=1 195w, https:\/\/i0.wp.com\/elektrotec.com.br\/loja\/wp-content\/uploads\/2025\/02\/72624.png?resize=665%2C1024&amp;ssl=1 665w, https:\/\/i0.wp.com\/elektrotec.com.br\/loja\/wp-content\/uploads\/2025\/02\/72624.png?resize=768%2C1183&amp;ssl=1 768w, https:\/\/i0.wp.com\/elektrotec.com.br\/loja\/wp-content\/uploads\/2025\/02\/72624.png?resize=997%2C1536&amp;ssl=1 997w, https:\/\/i0.wp.com\/elektrotec.com.br\/loja\/wp-content\/uploads\/2025\/02\/72624.png?resize=1200%2C1848&amp;ssl=1 1200w, https:\/\/i0.wp.com\/elektrotec.com.br\/loja\/wp-content\/uploads\/2025\/02\/72624.png?resize=150%2C231&amp;ssl=1 150w\" sizes=\"auto, (max-width: 1000px) 100vw, 1000px\" \/><\/p>\n\t\t<\/div>\n\t\t[\/vc_column][\/vc_row][vc_row][vc_column][vc_separator border_width=&#8221;3&#8243; css=&#8221;.vc_custom_1739232530742{margin-top: 50px !important;margin-bottom: 50px !important;}&#8221; wd_hide_on_desktop=&#8221;no&#8221; wd_hide_on_tablet=&#8221;no&#8221; wd_hide_on_mobile=&#8221;no&#8221;][\/vc_column][\/vc_row][vc_row woodmart_css_id=&#8221;6351519a61682&#8243; responsive_spacing=&#8221;eyJwYXJhbV90eXBlIjoid29vZG1hcnRfcmVzcG9uc2l2ZV9zcGFjaW5nIiwic2VsZWN0b3JfaWQiOiI2MzUxNTE5YTYxNjgyIiwic2hvcnRjb2RlIjoidmNfcm93IiwiZGF0YSI6eyJ0YWJsZXQiOnt9LCJtb2JpbGUiOnt9fX0=&#8221; mobile_bg_img_hidden=&#8221;no&#8221; tablet_bg_img_hidden=&#8221;no&#8221; woodmart_parallax=&#8221;0&#8243; woodmart_gradient_switch=&#8221;no&#8221; woodmart_box_shadow=&#8221;no&#8221; wd_z_index=&#8221;no&#8221; woodmart_disable_overflow=&#8221;0&#8243; row_reverse_mobile=&#8221;0&#8243; row_reverse_tablet=&#8221;0&#8243;][vc_column css=&#8221;.vc_custom_1669033735057{padding-top: 0px !important;}&#8221; woodmart_css_id=&#8221;637b6f036ef34&#8243; parallax_scroll=&#8221;no&#8221; woodmart_sticky_column=&#8221;false&#8221; wd_collapsible_content_switcher=&#8221;no&#8221; wd_column_role_offcanvas_desktop=&#8221;no&#8221; wd_column_role_offcanvas_tablet=&#8221;no&#8221; wd_column_role_offcanvas_mobile=&#8221;no&#8221; wd_column_role_content_desktop=&#8221;no&#8221; wd_column_role_content_tablet=&#8221;no&#8221; wd_column_role_content_mobile=&#8221;no&#8221; mobile_bg_img_hidden=&#8221;no&#8221; tablet_bg_img_hidden=&#8221;no&#8221; woodmart_parallax=&#8221;0&#8243; woodmart_box_shadow=&#8221;no&#8221; responsive_spacing=&#8221;eyJwYXJhbV90eXBlIjoid29vZG1hcnRfcmVzcG9uc2l2ZV9zcGFjaW5nIiwic2VsZWN0b3JfaWQiOiI2MzdiNmYwMzZlZjM0Iiwic2hvcnRjb2RlIjoidmNfY29sdW1uIiwiZGF0YSI6eyJ0YWJsZXQiOnt9LCJtb2JpbGUiOnt9fX0=&#8221; mobile_reset_margin=&#8221;no&#8221; tablet_reset_margin=&#8221;no&#8221; wd_z_index=&#8221;no&#8221;]\n\t\t<div id=\"wd-67aa95a95599b\" class=\"title-wrapper wd-wpb wd-set-mb reset-last-child  wd-rs-67aa95a95599b wd-title-color-default wd-title-style-default text-left vc_custom_1739232690929 wd-underline-colored\">\n\t\t\t\n\t\t\t<div class=\"liner-continer\">\n\t\t\t\t<h4 class=\"woodmart-title-container title  wd-font-weight- wd-fontsize-m\" >\ud83d\udccc Especifica\u00e7\u00f5es T\u00e9cnicas:<\/h4>\n\t\t\t\t\t\t\t<\/div>\n\t\t\t\n\t\t\t\n\t\t\t\n\t\t<\/div>\n\t\t\n\t\t\t\t<div id=\"wd-67aaa5d15d63a\" class=\"wd-text-block wd-wpb reset-last-child wd-rs-67aaa5d15d63a text-left vc_custom_1739237289751\">\n\t\t\t<div>\n<h4>Caracter\u00edsticas:<\/h4>\n<ul>\n<li>Marca: SMS<\/li>\n<li>Modelo: USP300S<\/li>\n<\/ul>\n<h4>Especifica\u00e7\u00f5es:<\/h4>\n<ul>\n<li>Pot\u00eancia: 300VA<\/li>\n<li>Frequ\u00eancia: 60 Hz<\/li>\n<li>Voltagem: 115V (entrada e sa\u00edda)<\/li>\n<li>Cor: Preto<\/li>\n<li>Material: Pl\u00e1stico<\/li>\n<li>Tomadas: 4 tomadas no padr\u00e3o NBR 14136<\/li>\n<li>Bot\u00e3o Liga\/Desliga: Temporizado<\/li>\n<\/ul>\n<h4>Prote\u00e7\u00f5es:<\/h4>\n<ul>\n<li>Curto-circuito<\/li>\n<li>Surtos de tens\u00e3o (descarga el\u00e9trica)<\/li>\n<li>Sub\/sobretens\u00e3o de rede. Nestas ocorr\u00eancias, o estabilizador desliga e restaura as suas atividades automaticamente no retorno da energia el\u00e9trica<\/li>\n<li>Sobreaquecimento com desligamento autom\u00e1tico<\/li>\n<li>Sobrecarga com desligamento autom\u00e1tico<\/li>\n<\/ul>\n<h4>Indica\u00e7\u00f5es:<\/h4>\n<ul>\n<li>CPU<\/li>\n<li>Monitor<\/li>\n<li>Impressora Multifuncional ou Jato de Tinta<\/li>\n<li>Scanner<\/li>\n<li>Perif\u00e9ricos<\/li>\n<li>Ponto-de-venda<\/li>\n<li>Roteador<\/li>\n<li>Notebook<\/li>\n<li>Telefone\/Fax PABX<\/li>\n<li>LCD<\/li>\n<li>Voip<\/li>\n<li>Recarregadores<\/li>\n<li>Modem<\/li>\n<li>Conversor para TV<\/li>\n<li>Games<\/li>\n<\/ul>\n<h4>Alerta 24h com os servi\u00e7os:<\/h4>\n<ul>\n<li>Monitoramento Remoto de Ambiente<\/li>\n<li>V\u00eddeo ao Vivo via celular<\/li>\n<li>Localizador GPS via celular<\/li>\n<li>Alarme Anti-intrus\u00e3o<\/li>\n<li>Net Torpedo<\/li>\n<li>PC Remoto<\/li>\n<\/ul>\n<h4>Informa\u00e7\u00f5es Adicionais:<\/h4>\n<ul>\n<li>Design moderno e agrad\u00e1vel, de f\u00e1cil manuseio<\/li>\n<li>Microprocessado: microprocessador RISC de alta velocidade com mem\u00f3ria Flash, integrando diversas fun\u00e7\u00f5es perif\u00e9ricas, aumentando a confiabilidade e o desempenho do circuito eletr\u00f4nico.<\/li>\n<li>Atende a norma brasileira para estabilizadores de tens\u00e3o NBR 14373:2006<\/li>\n<li>Fun\u00e7\u00e3o True RMS: analisa corretamente os dist\u00farbios da rede el\u00e9trica permitindo a atua\u00e7\u00e3o precisa do equipamento. Indicada para todos os tipos de rede, principalmente para redes inst\u00e1veis.<\/li>\n<li>Bot\u00e3o liga\/desliga temporizado: para evitar acionamento\/desligamento acidental ou involunt\u00e1rio<\/li>\n<li>1 Led verde no painel frontal, para indicar o funcionamento do estabilizador<\/li>\n<li>Sinaliza\u00e7\u00e3o de funcionamento: rede, sub\/sobretens\u00e3o e sobrecarga<\/li>\n<li>Gabinete em pl\u00e1stico antichama<\/li>\n<li>Filtro de linha interno: atenua ru\u00eddos provenientes da rede el\u00e9trica (em modo comum e diferencial)<\/li>\n<\/ul>\n<h4>Conte\u00fado da Embalagem:<\/h4>\n<ul>\n<li>01 Estabilizador SMS<\/li>\n<\/ul>\n<\/div>\n<h4>Garantia:<\/h4>\n<div data-testid=\"InfoGarantia\">\n<ul>\n<li>1 ano de garantia (3 meses de garantia legal + 9 meses de garantia contratual junto ao fabricante)<\/li>\n<\/ul>\n<\/div>\n<h4>Garantia:<\/h4>\n<div data-testid=\"InfoPeso\">\n<ul>\n<li>1150 gramas (bruto com embalagem)<\/li>\n<\/ul>\n<\/div>\n\t\t<\/div>\n\t\t[\/vc_column][\/vc_row]<\/p>\n<\/div>","protected":false},"excerpt":{"rendered":"<p><strong>C\u00f3digo:<\/strong> <span style=\"color: #2a2a2a;\"><strong>16520<\/strong><\/span>\u00a0 \u00a0|\u00a0 \u00a0<strong>Mais produtos:<\/strong> <a href=\"https:\/\/elektrotec.com.br\/loja\/loja\/?filter_marcas=sms\"><span style=\"color: #000;\"><strong>SMS<\/strong><\/span><\/a>\u00a0 \u00a0|\u00a0 \u00a0<a href=\"https:\/\/elektrotec.com.br\/loja\/produto\/estabilizador-sms-300va-revolution-speedy-entrada-e-saida-de-115v-4-tomadas\/#codigo-16520\"><strong>Descri\u00e7\u00e3o do produto<\/strong><\/a><\/p>\n","protected":false},"featured_media":4246,"comment_status":"open","ping_status":"closed","template":"","meta":{"pagelayer_contact_templates":[],"_pagelayer_content":"","_mbp_gutenberg_autopost":false},"pwb-brand":[],"product_brand":[],"product_cat":[291,83,26,87,241,25],"product_tag":[],"class_list":{"0":"post-611","1":"product","2":"type-product","3":"status-publish","4":"has-post-thumbnail","6":"product_cat-automacao-comercial","7":"product_cat-energia","8":"product_cat-escritorio-e-papelaria","9":"product_cat-estabilizadores","10":"product_cat-suprimentos-corporativos","11":"product_cat-tecnologia-e-informatica","12":"product_shipping_class-logistica-quioske","14":"first","15":"instock","16":"shipping-taxable","17":"purchasable","18":"product-type-simple"},"yoast_head":"<!-- This site is optimized with the Yoast SEO plugin v27.2 - https:\/\/yoast.com\/product\/yoast-seo-wordpress\/ -->\n<title>Estabilizador SMS 300VA Revolution Speedy entrada e sa\u00edda de 115V, 4 tomadas | Elektrotec Store<\/title>\n<meta name=\"robots\" content=\"index, follow, max-snippet:-1, max-image-preview:large, max-video-preview:-1\" \/>\n<link rel=\"canonical\" href=\"https:\/\/elektrotec.com.br\/loja\/produto\/estabilizador-sms-300va-revolution-speedy-entrada-e-saida-de-115v-4-tomadas\/\" \/>\n<meta property=\"og:locale\" content=\"pt_BR\" \/>\n<meta property=\"og:type\" content=\"article\" \/>\n<meta property=\"og:title\" content=\"Estabilizador SMS 300VA Revolution Speedy entrada e sa\u00edda de 115V, 4 tomadas | Elektrotec Store\" \/>\n<meta property=\"og:description\" content=\"C\u00f3digo: 16520\u00a0 \u00a0|\u00a0 \u00a0Mais produtos: SMS\u00a0 \u00a0|\u00a0 \u00a0Descri\u00e7\u00e3o do produto\" \/>\n<meta property=\"og:url\" content=\"https:\/\/elektrotec.com.br\/loja\/produto\/estabilizador-sms-300va-revolution-speedy-entrada-e-saida-de-115v-4-tomadas\/\" \/>\n<meta property=\"og:site_name\" content=\"Elektrotec Store\" \/>\n<meta property=\"article:modified_time\" content=\"2025-10-30T00:23:59+00:00\" \/>\n<meta property=\"og:image\" content=\"https:\/\/elektrotec.com.br\/loja\/wp-content\/uploads\/2025\/02\/72624-Estabilizador-SMS-300VA-Revolution-Speedy-Monovolt-115V.jpg\" \/>\n\t<meta property=\"og:image:width\" content=\"700\" \/>\n\t<meta property=\"og:image:height\" content=\"800\" \/>\n\t<meta property=\"og:image:type\" content=\"image\/jpeg\" \/>\n<meta name=\"twitter:card\" content=\"summary_large_image\" \/>\n<meta name=\"twitter:label1\" content=\"Est. tempo de leitura\" \/>\n\t<meta name=\"twitter:data1\" content=\"3 minutos\" \/>\n<script type=\"application\/ld+json\" class=\"yoast-schema-graph\">{\"@context\":\"https:\/\/schema.org\",\"@graph\":[{\"@type\":\"WebPage\",\"@id\":\"https:\/\/elektrotec.com.br\/loja\/produto\/estabilizador-sms-300va-revolution-speedy-entrada-e-saida-de-115v-4-tomadas\/\",\"url\":\"https:\/\/elektrotec.com.br\/loja\/produto\/estabilizador-sms-300va-revolution-speedy-entrada-e-saida-de-115v-4-tomadas\/\",\"name\":\"Estabilizador SMS 300VA Revolution Speedy entrada e sa\u00edda de 115V, 4 tomadas | Elektrotec Store\",\"isPartOf\":{\"@id\":\"https:\/\/elektrotec.com.br\/loja\/#website\"},\"primaryImageOfPage\":{\"@id\":\"https:\/\/elektrotec.com.br\/loja\/produto\/estabilizador-sms-300va-revolution-speedy-entrada-e-saida-de-115v-4-tomadas\/#primaryimage\"},\"image\":{\"@id\":\"https:\/\/elektrotec.com.br\/loja\/produto\/estabilizador-sms-300va-revolution-speedy-entrada-e-saida-de-115v-4-tomadas\/#primaryimage\"},\"thumbnailUrl\":\"https:\/\/i0.wp.com\/elektrotec.com.br\/loja\/wp-content\/uploads\/2025\/02\/72624-Estabilizador-SMS-300VA-Revolution-Speedy-Monovolt-115V.jpg?fit=700%2C800&ssl=1\",\"datePublished\":\"2025-10-29T16:00:25+00:00\",\"dateModified\":\"2025-10-30T00:23:59+00:00\",\"breadcrumb\":{\"@id\":\"https:\/\/elektrotec.com.br\/loja\/produto\/estabilizador-sms-300va-revolution-speedy-entrada-e-saida-de-115v-4-tomadas\/#breadcrumb\"},\"inLanguage\":\"pt-BR\",\"potentialAction\":[{\"@type\":\"ReadAction\",\"target\":[\"https:\/\/elektrotec.com.br\/loja\/produto\/estabilizador-sms-300va-revolution-speedy-entrada-e-saida-de-115v-4-tomadas\/\"]}]},{\"@type\":\"ImageObject\",\"inLanguage\":\"pt-BR\",\"@id\":\"https:\/\/elektrotec.com.br\/loja\/produto\/estabilizador-sms-300va-revolution-speedy-entrada-e-saida-de-115v-4-tomadas\/#primaryimage\",\"url\":\"https:\/\/i0.wp.com\/elektrotec.com.br\/loja\/wp-content\/uploads\/2025\/02\/72624-Estabilizador-SMS-300VA-Revolution-Speedy-Monovolt-115V.jpg?fit=700%2C800&ssl=1\",\"contentUrl\":\"https:\/\/i0.wp.com\/elektrotec.com.br\/loja\/wp-content\/uploads\/2025\/02\/72624-Estabilizador-SMS-300VA-Revolution-Speedy-Monovolt-115V.jpg?fit=700%2C800&ssl=1\",\"width\":700,\"height\":800},{\"@type\":\"BreadcrumbList\",\"@id\":\"https:\/\/elektrotec.com.br\/loja\/produto\/estabilizador-sms-300va-revolution-speedy-entrada-e-saida-de-115v-4-tomadas\/#breadcrumb\",\"itemListElement\":[{\"@type\":\"ListItem\",\"position\":1,\"name\":\"Home\",\"item\":\"https:\/\/elektrotec.com.br\/loja\/\"},{\"@type\":\"ListItem\",\"position\":2,\"name\":\"Ofertas do dia \u26a1\",\"item\":\"https:\/\/elektrotec.com.br\/loja\/loja\/\"},{\"@type\":\"ListItem\",\"position\":3,\"name\":\"Estabilizador SMS 300VA Revolution Speedy entrada e sa\u00edda de 115V, 4 tomadas\"}]},{\"@type\":\"WebSite\",\"@id\":\"https:\/\/elektrotec.com.br\/loja\/#website\",\"url\":\"https:\/\/elektrotec.com.br\/loja\/\",\"name\":\"Elektrotec Store\",\"description\":\"Solu\u00e7\u00f5es em Energia e Automa\u00e7\u00e3o Industrial\",\"publisher\":{\"@id\":\"https:\/\/elektrotec.com.br\/loja\/#organization\"},\"potentialAction\":[{\"@type\":\"SearchAction\",\"target\":{\"@type\":\"EntryPoint\",\"urlTemplate\":\"https:\/\/elektrotec.com.br\/loja\/?s={search_term_string}\"},\"query-input\":{\"@type\":\"PropertyValueSpecification\",\"valueRequired\":true,\"valueName\":\"search_term_string\"}}],\"inLanguage\":\"pt-BR\"},{\"@type\":\"Organization\",\"@id\":\"https:\/\/elektrotec.com.br\/loja\/#organization\",\"name\":\"Elektrotec\",\"url\":\"https:\/\/elektrotec.com.br\/loja\/\",\"logo\":{\"@type\":\"ImageObject\",\"inLanguage\":\"pt-BR\",\"@id\":\"https:\/\/elektrotec.com.br\/loja\/#\/schema\/logo\/image\/\",\"url\":\"https:\/\/i0.wp.com\/elektrotec.com.br\/loja\/wp-content\/uploads\/2025\/05\/Logo-site-Elektrotec-Energy-1.webp?fit=270%2C70&ssl=1\",\"contentUrl\":\"https:\/\/i0.wp.com\/elektrotec.com.br\/loja\/wp-content\/uploads\/2025\/05\/Logo-site-Elektrotec-Energy-1.webp?fit=270%2C70&ssl=1\",\"width\":270,\"height\":70,\"caption\":\"Elektrotec\"},\"image\":{\"@id\":\"https:\/\/elektrotec.com.br\/loja\/#\/schema\/logo\/image\/\"}}]}<\/script>\n<!-- \/ Yoast SEO plugin. -->","yoast_head_json":{"title":"Estabilizador SMS 300VA Revolution Speedy entrada e sa\u00edda de 115V, 4 tomadas | Elektrotec Store","robots":{"index":"index","follow":"follow","max-snippet":"max-snippet:-1","max-image-preview":"max-image-preview:large","max-video-preview":"max-video-preview:-1"},"canonical":"https:\/\/elektrotec.com.br\/loja\/produto\/estabilizador-sms-300va-revolution-speedy-entrada-e-saida-de-115v-4-tomadas\/","og_locale":"pt_BR","og_type":"article","og_title":"Estabilizador SMS 300VA Revolution Speedy entrada e sa\u00edda de 115V, 4 tomadas | Elektrotec Store","og_description":"C\u00f3digo: 16520\u00a0 \u00a0|\u00a0 \u00a0Mais produtos: SMS\u00a0 \u00a0|\u00a0 \u00a0Descri\u00e7\u00e3o do produto","og_url":"https:\/\/elektrotec.com.br\/loja\/produto\/estabilizador-sms-300va-revolution-speedy-entrada-e-saida-de-115v-4-tomadas\/","og_site_name":"Elektrotec Store","article_modified_time":"2025-10-30T00:23:59+00:00","og_image":[{"width":700,"height":800,"url":"https:\/\/elektrotec.com.br\/loja\/wp-content\/uploads\/2025\/02\/72624-Estabilizador-SMS-300VA-Revolution-Speedy-Monovolt-115V.jpg","type":"image\/jpeg"}],"twitter_card":"summary_large_image","twitter_misc":{"Est. tempo de leitura":"3 minutos"},"schema":{"@context":"https:\/\/schema.org","@graph":[{"@type":"WebPage","@id":"https:\/\/elektrotec.com.br\/loja\/produto\/estabilizador-sms-300va-revolution-speedy-entrada-e-saida-de-115v-4-tomadas\/","url":"https:\/\/elektrotec.com.br\/loja\/produto\/estabilizador-sms-300va-revolution-speedy-entrada-e-saida-de-115v-4-tomadas\/","name":"Estabilizador SMS 300VA Revolution Speedy entrada e sa\u00edda de 115V, 4 tomadas | Elektrotec Store","isPartOf":{"@id":"https:\/\/elektrotec.com.br\/loja\/#website"},"primaryImageOfPage":{"@id":"https:\/\/elektrotec.com.br\/loja\/produto\/estabilizador-sms-300va-revolution-speedy-entrada-e-saida-de-115v-4-tomadas\/#primaryimage"},"image":{"@id":"https:\/\/elektrotec.com.br\/loja\/produto\/estabilizador-sms-300va-revolution-speedy-entrada-e-saida-de-115v-4-tomadas\/#primaryimage"},"thumbnailUrl":"https:\/\/i0.wp.com\/elektrotec.com.br\/loja\/wp-content\/uploads\/2025\/02\/72624-Estabilizador-SMS-300VA-Revolution-Speedy-Monovolt-115V.jpg?fit=700%2C800&ssl=1","datePublished":"2025-10-29T16:00:25+00:00","dateModified":"2025-10-30T00:23:59+00:00","breadcrumb":{"@id":"https:\/\/elektrotec.com.br\/loja\/produto\/estabilizador-sms-300va-revolution-speedy-entrada-e-saida-de-115v-4-tomadas\/#breadcrumb"},"inLanguage":"pt-BR","potentialAction":[{"@type":"ReadAction","target":["https:\/\/elektrotec.com.br\/loja\/produto\/estabilizador-sms-300va-revolution-speedy-entrada-e-saida-de-115v-4-tomadas\/"]}]},{"@type":"ImageObject","inLanguage":"pt-BR","@id":"https:\/\/elektrotec.com.br\/loja\/produto\/estabilizador-sms-300va-revolution-speedy-entrada-e-saida-de-115v-4-tomadas\/#primaryimage","url":"https:\/\/i0.wp.com\/elektrotec.com.br\/loja\/wp-content\/uploads\/2025\/02\/72624-Estabilizador-SMS-300VA-Revolution-Speedy-Monovolt-115V.jpg?fit=700%2C800&ssl=1","contentUrl":"https:\/\/i0.wp.com\/elektrotec.com.br\/loja\/wp-content\/uploads\/2025\/02\/72624-Estabilizador-SMS-300VA-Revolution-Speedy-Monovolt-115V.jpg?fit=700%2C800&ssl=1","width":700,"height":800},{"@type":"BreadcrumbList","@id":"https:\/\/elektrotec.com.br\/loja\/produto\/estabilizador-sms-300va-revolution-speedy-entrada-e-saida-de-115v-4-tomadas\/#breadcrumb","itemListElement":[{"@type":"ListItem","position":1,"name":"Home","item":"https:\/\/elektrotec.com.br\/loja\/"},{"@type":"ListItem","position":2,"name":"Ofertas do dia \u26a1","item":"https:\/\/elektrotec.com.br\/loja\/loja\/"},{"@type":"ListItem","position":3,"name":"Estabilizador SMS 300VA Revolution Speedy entrada e sa\u00edda de 115V, 4 tomadas"}]},{"@type":"WebSite","@id":"https:\/\/elektrotec.com.br\/loja\/#website","url":"https:\/\/elektrotec.com.br\/loja\/","name":"Elektrotec Store","description":"Solu\u00e7\u00f5es em Energia e Automa\u00e7\u00e3o Industrial","publisher":{"@id":"https:\/\/elektrotec.com.br\/loja\/#organization"},"potentialAction":[{"@type":"SearchAction","target":{"@type":"EntryPoint","urlTemplate":"https:\/\/elektrotec.com.br\/loja\/?s={search_term_string}"},"query-input":{"@type":"PropertyValueSpecification","valueRequired":true,"valueName":"search_term_string"}}],"inLanguage":"pt-BR"},{"@type":"Organization","@id":"https:\/\/elektrotec.com.br\/loja\/#organization","name":"Elektrotec","url":"https:\/\/elektrotec.com.br\/loja\/","logo":{"@type":"ImageObject","inLanguage":"pt-BR","@id":"https:\/\/elektrotec.com.br\/loja\/#\/schema\/logo\/image\/","url":"https:\/\/i0.wp.com\/elektrotec.com.br\/loja\/wp-content\/uploads\/2025\/05\/Logo-site-Elektrotec-Energy-1.webp?fit=270%2C70&ssl=1","contentUrl":"https:\/\/i0.wp.com\/elektrotec.com.br\/loja\/wp-content\/uploads\/2025\/05\/Logo-site-Elektrotec-Energy-1.webp?fit=270%2C70&ssl=1","width":270,"height":70,"caption":"Elektrotec"},"image":{"@id":"https:\/\/elektrotec.com.br\/loja\/#\/schema\/logo\/image\/"}}]}},"jetpack_sharing_enabled":true,"brands":[],"_links":{"self":[{"href":"https:\/\/elektrotec.com.br\/loja\/wp-json\/wp\/v2\/product\/611","targetHints":{"allow":["GET"]}}],"collection":[{"href":"https:\/\/elektrotec.com.br\/loja\/wp-json\/wp\/v2\/product"}],"about":[{"href":"https:\/\/elektrotec.com.br\/loja\/wp-json\/wp\/v2\/types\/product"}],"replies":[{"embeddable":true,"href":"https:\/\/elektrotec.com.br\/loja\/wp-json\/wp\/v2\/comments?post=611"}],"wp:featuredmedia":[{"embeddable":true,"href":"https:\/\/elektrotec.com.br\/loja\/wp-json\/wp\/v2\/media\/4246"}],"wp:attachment":[{"href":"https:\/\/elektrotec.com.br\/loja\/wp-json\/wp\/v2\/media?parent=611"}],"wp:term":[{"taxonomy":"pwb-brand","embeddable":true,"href":"https:\/\/elektrotec.com.br\/loja\/wp-json\/wp\/v2\/pwb-brand?post=611"},{"taxonomy":"product_brand","embeddable":true,"href":"https:\/\/elektrotec.com.br\/loja\/wp-json\/wp\/v2\/product_brand?post=611"},{"taxonomy":"product_cat","embeddable":true,"href":"https:\/\/elektrotec.com.br\/loja\/wp-json\/wp\/v2\/product_cat?post=611"},{"taxonomy":"product_tag","embeddable":true,"href":"https:\/\/elektrotec.com.br\/loja\/wp-json\/wp\/v2\/product_tag?post=611"}],"curies":[{"name":"wp","href":"https:\/\/api.w.org\/{rel}","templated":true}]}}