{"id":588,"date":"2025-02-11T10:00:49","date_gmt":"2025-02-11T13:00:49","guid":{"rendered":"http:\/\/dummy.xtemos.com\/woodmart2\/mega-electronics\/?post_type=product&#038;p=588"},"modified":"2025-04-04T23:10:29","modified_gmt":"2025-04-05T02:10:29","slug":"impressora-laser-hp-laserjet-m408dn-127v-monocromatica-a4","status":"publish","type":"product","link":"https:\/\/elektrotec.com.br\/loja\/produto\/impressora-laser-hp-laserjet-m408dn-127v-monocromatica-a4\/","title":{"rendered":"Impressora laser HP Laserjet M408DN 127V, Monocrom\u00e1tica A4"},"content":{"rendered":"<div class=\"wpb-content-wrapper\"><p>[vc_row css=&#8221;.vc_custom_1739316184670{margin-bottom: 20px !important;}&#8221; woodmart_css_id=&#8221;67abdbc70365b&#8221; responsive_spacing=&#8221;eyJwYXJhbV90eXBlIjoid29vZG1hcnRfcmVzcG9uc2l2ZV9zcGFjaW5nIiwic2VsZWN0b3JfaWQiOiI2N2FiZGJjNzAzNjViIiwic2hvcnRjb2RlIjoidmNfcm93IiwiZGF0YSI6eyJ0YWJsZXQiOnsibWFyZ2luLWJvdHRvbSI6IjYwcHgifSwibW9iaWxlIjp7Im1hcmdpbi1ib3R0b20iOiI0MHB4In19fQ==&#8221; mobile_bg_img_hidden=&#8221;no&#8221; tablet_bg_img_hidden=&#8221;no&#8221; woodmart_parallax=&#8221;0&#8243; woodmart_gradient_switch=&#8221;no&#8221; woodmart_box_shadow=&#8221;no&#8221; wd_z_index=&#8221;no&#8221; woodmart_disable_overflow=&#8221;0&#8243; row_reverse_mobile=&#8221;0&#8243; row_reverse_tablet=&#8221;0&#8243; el_id=&#8221;codigo-41838&#8243;][vc_column css=&#8221;.vc_custom_1666272391679{padding-top: 0px !important;}&#8221; woodmart_css_id=&#8221;63514c8260958&#8243; parallax_scroll=&#8221;no&#8221; woodmart_sticky_column=&#8221;false&#8221; wd_collapsible_content_switcher=&#8221;no&#8221; wd_column_role_offcanvas_desktop=&#8221;no&#8221; wd_column_role_offcanvas_tablet=&#8221;no&#8221; wd_column_role_offcanvas_mobile=&#8221;no&#8221; wd_column_role_content_desktop=&#8221;no&#8221; wd_column_role_content_tablet=&#8221;no&#8221; wd_column_role_content_mobile=&#8221;no&#8221; mobile_bg_img_hidden=&#8221;no&#8221; tablet_bg_img_hidden=&#8221;no&#8221; woodmart_parallax=&#8221;0&#8243; woodmart_box_shadow=&#8221;no&#8221; responsive_spacing=&#8221;eyJwYXJhbV90eXBlIjoid29vZG1hcnRfcmVzcG9uc2l2ZV9zcGFjaW5nIiwic2VsZWN0b3JfaWQiOiI2MzUxNGM4MjYwOTU4Iiwic2hvcnRjb2RlIjoidmNfY29sdW1uIiwiZGF0YSI6eyJ0YWJsZXQiOnt9LCJtb2JpbGUiOnt9fX0=&#8221; mobile_reset_margin=&#8221;no&#8221; tablet_reset_margin=&#8221;no&#8221; wd_z_index=&#8221;no&#8221;]\t\t<div id=\"wd-67abdb5f48eda\" class=\"wd-text-block wd-wpb reset-last-child wd-rs-67abdb5f48eda text-left vc_custom_1739316096456\">\n\t\t\t<p>A M408DN \u00e9 uma impressora laser monocrom\u00e1tica HP super f\u00e1cil de configurar e usar em escrit\u00f3rios, empresas e redes de trabalho. Compat\u00edvel com toners de alto rendimento, o M408 oferece uma impress\u00e3o com excelente acabamento e baixo consumo de tinta e energia, otimizando o ritmo de trabalho e gerando maior economia a m\u00e9dio e longo prazo.<\/p>\n<p>A impressora laser HP M408 \u00e9 capaz de imprimir at\u00e9 40 p\u00e1ginas por minuto, com sa\u00edda da primeira p\u00e1gina em at\u00e9 8,2 segundos. Conta com resolu\u00e7\u00e3o de at\u00e9 1200 dpi, garantindo m\u00e1xima qualidade na impress\u00e3o de textos e tabelas, mesmo em fontes pequenas. Al\u00e9m disso, o M408 possui duplex autom\u00e1tico, imprimindo frente e verso da folha.<\/p>\n<p>Inclui toner inicial com capacidade para at\u00e9 15.000Rh, reduzindo a necessidade de substitui\u00e7\u00e3o constante do toner, melhorando sua produtividade. A impressora HP M408 tamb\u00e9m possui modo de economia de toner, reduzindo em at\u00e9 63% o consumo, ideal para render mais simples, ou de uso interno.<\/p>\n<p>Com design moderno e compacto, a impressora HP M408DN ocupa pouco espa\u00e7o na \u00e1rea de trabalho, al\u00e9m da baixa emiss\u00e3o de ru\u00eddos durante o uso. Perfeito para o uso profissional.<\/p>\n<p>Ajude a manter os custos baixos com um sistema vers\u00e1til de suprimentos em duas partes. Ajude a melhorar a produtividade Conclua os trabalhos de impress\u00e3o com rapidez e efici\u00eancia, economizando tempo e papel, com impress\u00e3o em frente e verso. Simplifique tarefas com um design f\u00e1cil de usar. Mantenha os neg\u00f3cios em movimento com uma impress\u00e3o que requer pouca interven\u00e7\u00e3o.<\/p>\n\t\t<\/div>\n\t\t[\/vc_column][\/vc_row][vc_row][vc_column][vc_separator border_width=&#8221;3&#8243; css=&#8221;.vc_custom_1739311569799{margin-top: 50px !important;margin-bottom: 50px !important;}&#8221; wd_hide_on_desktop=&#8221;no&#8221; wd_hide_on_tablet=&#8221;no&#8221; wd_hide_on_mobile=&#8221;no&#8221;][\/vc_column][\/vc_row][vc_row woodmart_css_id=&#8221;6377819b27d07&#8243; responsive_spacing=&#8221;eyJwYXJhbV90eXBlIjoid29vZG1hcnRfcmVzcG9uc2l2ZV9zcGFjaW5nIiwic2VsZWN0b3JfaWQiOiI2Mzc3ODE5YjI3ZDA3Iiwic2hvcnRjb2RlIjoidmNfcm93IiwiZGF0YSI6eyJ0YWJsZXQiOnt9LCJtb2JpbGUiOnt9fX0=&#8221; mobile_bg_img_hidden=&#8221;no&#8221; tablet_bg_img_hidden=&#8221;no&#8221; woodmart_parallax=&#8221;0&#8243; woodmart_gradient_switch=&#8221;no&#8221; woodmart_box_shadow=&#8221;no&#8221; wd_z_index=&#8221;no&#8221; woodmart_disable_overflow=&#8221;0&#8243; row_reverse_mobile=&#8221;0&#8243; row_reverse_tablet=&#8221;0&#8243;][vc_column css=&#8221;.vc_custom_1666272699823{padding-top: 0px !important;}&#8221; woodmart_css_id=&#8221;63514db6c5d19&#8243; parallax_scroll=&#8221;no&#8221; woodmart_sticky_column=&#8221;false&#8221; wd_collapsible_content_switcher=&#8221;no&#8221; wd_column_role_offcanvas_desktop=&#8221;no&#8221; wd_column_role_offcanvas_tablet=&#8221;no&#8221; wd_column_role_offcanvas_mobile=&#8221;no&#8221; wd_column_role_content_desktop=&#8221;no&#8221; wd_column_role_content_tablet=&#8221;no&#8221; wd_column_role_content_mobile=&#8221;no&#8221; mobile_bg_img_hidden=&#8221;no&#8221; tablet_bg_img_hidden=&#8221;no&#8221; woodmart_parallax=&#8221;0&#8243; woodmart_box_shadow=&#8221;no&#8221; responsive_spacing=&#8221;eyJwYXJhbV90eXBlIjoid29vZG1hcnRfcmVzcG9uc2l2ZV9zcGFjaW5nIiwic2VsZWN0b3JfaWQiOiI2MzUxNGRiNmM1ZDE5Iiwic2hvcnRjb2RlIjoidmNfY29sdW1uIiwiZGF0YSI6eyJ0YWJsZXQiOnt9LCJtb2JpbGUiOnt9fX0=&#8221; mobile_reset_margin=&#8221;no&#8221; tablet_reset_margin=&#8221;no&#8221; wd_z_index=&#8221;no&#8221;]\n\t\t<div id=\"wd-67abcc28acf5b\" class=\"title-wrapper wd-wpb wd-set-mb reset-last-child  wd-rs-67abcc28acf5b wd-title-color-default wd-title-style-default text-left vc_custom_1739312177856 wd-underline-colored\">\n\t\t\t\n\t\t\t<div class=\"liner-continer\">\n\t\t\t\t<h4 class=\"woodmart-title-container title  wd-font-weight- wd-fontsize-m\" >\ud83d\udccc Especifica\u00e7\u00f5es T\u00e9cnicas:<\/h4>\n\t\t\t\t\t\t\t<\/div>\n\t\t\t\n\t\t\t\n\t\t\t\n\t\t<\/div>\n\t\t\n\t\t\t\t<div id=\"wd-67abd8abe332f\" class=\"wd-text-block wd-wpb reset-last-child wd-rs-67abd8abe332f text-left \">\n\t\t\t<h4>Caracter\u00edsticas:<\/h4>\n<ul>\n<li>Marca: Hp<\/li>\n<li>Modelo: 7uq75a<\/li>\n<\/ul>\n<h4>Especifica\u00e7\u00f5es:<\/h4>\n<ul>\n<li>Velocidade De Impress\u00e3o:<\/li>\n<li>A4: At\u00e9 40 Ppm<\/li>\n<li>Carta: At\u00e9 42 Ppm Preto<\/li>\n<li>Sa\u00edda Da Primeira P\u00e1gina: Em At\u00e9 8,2 Segundos Preto<\/li>\n<li>Frente E Verso A4: At\u00e9 17 Ppm<\/li>\n<li>Frente E Verso Carta: At\u00e9 18 Ppm<\/li>\n<\/ul>\n<h4>Resolu\u00e7\u00e3o De Impress\u00e3o:<\/h4>\n<ul>\n<li>Normal (600 X 600 Dpi), Alta Resolu\u00e7\u00e3o (1200 X 1200 Dpi)<\/li>\n<\/ul>\n<h4>Tecnologia De Impress\u00e3o:<\/h4>\n<ul>\n<li>Laser<\/li>\n<\/ul>\n<h4>N\u00famero Dos Cartuchos De Impress\u00e3o:<\/h4>\n<ul>\n<li>1x Cartucho De Toner (Preto)<\/li>\n<li>1x Tambor De Imagem (Preto)<\/li>\n<\/ul>\n<h4>Funcionalidades De Software:<\/h4>\n<ul>\n<li>D\u00faplex Autom\u00e1tico<\/li>\n<li>Impress\u00e3o N Por P\u00e1gina<\/li>\n<li>Intercala\u00e7\u00e3o<\/li>\n<li>Marcas D \u00e1gua<\/li>\n<li>Modo De Economia De Toner (63%)<\/li>\n<li>Aceita V\u00e1rios Tipos E Tamanhos De Papel<\/li>\n<\/ul>\n<h4>Gest\u00e3o Da Impressora:<\/h4>\n<ul>\n<li>N\u00edvel De Reconhecimento Do Hp Web Jetadmin<\/li>\n<\/ul>\n<h4>Conectividade:<\/h4>\n<ul>\n<li>Porta Usb 2.0 De Alta Velocidade<\/li>\n<li>Host Usb<\/li>\n<li>Porta De Rede Gigabit Ethernet 10\/100\/1000<\/li>\n<li>Base-tx Integrada<\/li>\n<li>Capacidade Sem Fios: N\u00e3o<\/li>\n<\/ul>\n<h4>Capacidade De Impress\u00e3o M\u00f3vel:<\/h4>\n<ul>\n<li>Impress\u00e3o Em Printeron<\/li>\n<\/ul>\n<h4>Mem\u00f3ria:<\/h4>\n<ul>\n<li>Padr\u00e3o: 256 Mb<\/li>\n<li>M\u00e1ximo: 512 Mb<\/li>\n<\/ul>\n<h4>Velocidade Do Processador:<\/h4>\n<ul>\n<li>600 Mhz<\/li>\n<\/ul>\n<h4>Ciclo De Trabalho Mensalmente:<\/h4>\n<ul>\n<li>A4: At\u00e9 100.000 P\u00e1ginas<\/li>\n<li>Carta: At\u00e9 100.000 P\u00e1ginas<\/li>\n<li>P\u00e1ginas Recomendado: 1.500 A 3.500<\/li>\n<\/ul>\n<h4>Tipos De Suportes De Impress\u00e3o Comportados:<\/h4>\n<ul>\n<li><strong>Bandeja 1:<\/strong><br \/>\n&#8211; Folhas: 50<br \/>\n&#8211; Envelopes: 5<br \/>\n&#8211; Peso Suportado: 60 A 220 G\/m\u00b2<br \/>\n&#8211; Tamanhos De M\u00eddia Suportados: A4, A5, A6, B5 (Iso), B5 (Jis), Of\u00edcio, Envelope (Dl, C5, C6)<br \/>\n&#8211; Tamanhos Personalizados Das M\u00eddias: 76 X 127 A 216 X 356 Mm<\/li>\n<li><strong>Bandeja 2:<\/strong><br \/>\n&#8211; Folhas: 250<br \/>\n&#8211; Peso Suportado: 60 A 163 G\/m\u00b2<br \/>\n&#8211; Tamanhos De M\u00eddia Suportados: A4, A5, A6, B5 (Iso), B5 (Jis), Of\u00edcio<br \/>\n&#8211; Tamanhos Personalizados Das M\u00eddias: 98 X 148 A 216 X 356 Mm<\/li>\n<li><strong>Bandeja 3:<\/strong><br \/>\n&#8211; Folhas 520 (De 80g\/m\u00b2)<br \/>\n&#8211; 550 Folhas (De 75g\/m\u00b2)<br \/>\n&#8211; Peso Suportado: 60 A 163 G\/m\u00b2<br \/>\n&#8211; Tamanhos De M\u00eddia Suportados: A4, A5, A6, B5 (Iso), B5 (Jis), Of\u00edcio<br \/>\n&#8211; Tamanhos Personalizados Das M\u00eddias: 98 X 148 A 216 X 356 Mm<\/li>\n<\/ul>\n<h4>Manuseamento De Papel:<\/h4>\n<ul>\n<li>Bandeja De Entrada Para 250 Folhas, Bandeja De Uso Geral Para 50 Folhas, Impress\u00e3o Autom\u00e1tica Em Frente E Verso<\/li>\n<li>Bandeja De Sa\u00edda Para 150 Folhas<\/li>\n<li>Op\u00e7\u00f5es De Frente E Verso: Autom\u00e1tica (Standard)<\/li>\n<li>Alimentador De Envelopes: N\u00e3o<\/li>\n<li>Bandejas Para Papel Standard: 1 Mais 1 Bandeja Para 50 Folhas<\/li>\n<li>Capacidades De Entrada: At\u00e9 300 Folhas (Bandeja 1: At\u00e9 50 Folhas; Bandeja 2: At\u00e9 250 Folhas)<\/li>\n<li>Capacidades De Sa\u00edda: At\u00e9 150 Folhas<\/li>\n<li>Capacidades De Sa\u00edda: at\u00e9 5 Envelopes<\/li>\n<\/ul>\n<h4>Cartuchos Substitutos:<\/h4>\n<ul>\n<li>Cartucho De Toner Laser Preto Original Hp 330a (~ 5.000 P\u00e1ginas) W1330a<\/li>\n<li>Laser Preto De Alto Rendimento Original Hp 330x (~15.000 P\u00e1ginas) W1330x<\/li>\n<li>Cartucho De Toner Laser Original Hp Contract (~15.000 P\u00e1ginas) W1330xc<\/li>\n<li>Tambor De Imagem Laser Preto Original Hp 332a (~30.000 P\u00e1ginas) W1332a<\/li>\n<li>Tambor De Imagem Laser Preto Original Hp Contract (~30.000 P\u00e1ginas) W1332ac<\/li>\n<\/ul>\n<h4>Dimens\u00f5es Do Produto Largura X Profundidade X Altura:<\/h4>\n<ul>\n<li>Padr\u00e3o: 366 X 365,6 X 262,5 Mm<\/li>\n<li>M\u00e1ximo: 366 X 442,2 X 406,2 Mm<\/li>\n<\/ul>\n<h4>Sistemas Operacionais Compat\u00edveis:<\/h4>\n<ul>\n<li>Windows 7 (32\/64 Bits), Windows 2008 Server R2, Windows 8 (32\/64 Bits), Windows 8.1 (32\/64 Bits), Windows 10 (32\/64 Bits), Windows 2012 Server, Windows 2016<\/li>\n<\/ul>\n<h4>Conte\u00fado Da Embalagem:<\/h4>\n<ul>\n<li>Impressora Hp Laserjet M408dn<\/li>\n<li>7uq75a Cartucho De Toner Hp Laserjet Preto Original (~15000 P\u00e1ginas)<\/li>\n<li>Tambor De Imagem (~30.000 P\u00e1ginas)<\/li>\n<li>Cabo De Alimenta\u00e7\u00e3o<\/li>\n<li>Cabo De Fax<\/li>\n<li>Folha De Errata<\/li>\n<li>Folheto De Suporte<\/li>\n<li>Guia De Configura\u00e7\u00e3o<\/li>\n<li>Folheto Regulamentar<\/li>\n<\/ul>\n<h4>Garantia do Fornecedor:<\/h4>\n<ul>\n<li>3 meses<\/li>\n<\/ul>\n<h4>Fabricante:<\/h4>\n<ul>\n<li>HP<\/li>\n<\/ul>\n<h4>Modelo:<\/h4>\n<ul>\n<li>HP LASER 408 DN<\/li>\n<\/ul>\n<h4>Peso:<\/h4>\n<div data-testid=\"InfoPeso\">\n<ul>\n<li>9800 gramas (bruto com embalagem)<\/li>\n<\/ul>\n<\/div>\n\t\t<\/div>\n\t\t[\/vc_column][\/vc_row]<\/p>\n<\/div>","protected":false},"excerpt":{"rendered":"<p><strong>C\u00f3digo:<\/strong> <span style=\"color: #2a2a2a;\"><strong>41838<\/strong><\/span>\u00a0 \u00a0|\u00a0 \u00a0<strong>Mais produtos: <a href=\"https:\/\/elektrotec.com.br\/loja\/loja\/?filter_marcas=hp\">HP<\/a><\/strong>\u00a0 \u00a0|\u00a0 \u00a0<a href=\"https:\/\/elektrotec.com.br\/loja\/produto\/impressora-laser-hp-laserjet-m408dn-127v-monocromatica-a4\/#codigo-41838\"><strong>Descri\u00e7\u00e3o do produto<\/strong><\/a><\/p>\n","protected":false},"featured_media":4262,"comment_status":"open","ping_status":"closed","template":"","meta":{"pagelayer_contact_templates":[],"_pagelayer_content":"","_mbp_gutenberg_autopost":false},"pwb-brand":[],"product_brand":[],"product_cat":[26,70,77,241],"product_tag":[],"class_list":{"0":"post-588","1":"product","2":"type-product","3":"status-publish","4":"has-post-thumbnail","6":"product_cat-escritorio-e-papelaria","7":"product_cat-impressao-e-imagem","8":"product_cat-impressora-laser-mono","9":"product_cat-suprimentos-corporativos","10":"product_shipping_class-logistica-quioske","12":"first","13":"instock","14":"shipping-taxable","15":"purchasable","16":"product-type-simple"},"yoast_head":"<!-- This site is optimized with the Yoast SEO plugin v27.2 - https:\/\/yoast.com\/product\/yoast-seo-wordpress\/ -->\n<title>Impressora laser HP Laserjet M408DN 127V, Monocrom\u00e1tica A4 | Elektrotec Store<\/title>\n<meta name=\"robots\" content=\"index, follow, max-snippet:-1, max-image-preview:large, max-video-preview:-1\" \/>\n<link rel=\"canonical\" href=\"https:\/\/elektrotec.com.br\/loja\/produto\/impressora-laser-hp-laserjet-m408dn-127v-monocromatica-a4\/\" \/>\n<meta property=\"og:locale\" content=\"pt_BR\" \/>\n<meta property=\"og:type\" content=\"article\" \/>\n<meta property=\"og:title\" content=\"Impressora laser HP Laserjet M408DN 127V, Monocrom\u00e1tica A4 | Elektrotec Store\" \/>\n<meta property=\"og:description\" content=\"C\u00f3digo: 41838\u00a0 \u00a0|\u00a0 \u00a0Mais produtos: HP\u00a0 \u00a0|\u00a0 \u00a0Descri\u00e7\u00e3o do produto\" \/>\n<meta property=\"og:url\" content=\"https:\/\/elektrotec.com.br\/loja\/produto\/impressora-laser-hp-laserjet-m408dn-127v-monocromatica-a4\/\" \/>\n<meta property=\"og:site_name\" content=\"Elektrotec Store\" \/>\n<meta property=\"article:modified_time\" content=\"2025-04-05T02:10:29+00:00\" \/>\n<meta property=\"og:image\" content=\"https:\/\/elektrotec.com.br\/loja\/wp-content\/uploads\/2025\/02\/41838-Impressora-Laser-Mono-HP-M408DN.jpg\" \/>\n\t<meta property=\"og:image:width\" content=\"700\" \/>\n\t<meta property=\"og:image:height\" content=\"800\" \/>\n\t<meta property=\"og:image:type\" content=\"image\/jpeg\" \/>\n<meta name=\"twitter:card\" content=\"summary_large_image\" \/>\n<meta name=\"twitter:label1\" content=\"Est. tempo de leitura\" \/>\n\t<meta name=\"twitter:data1\" content=\"6 minutos\" \/>\n<script type=\"application\/ld+json\" class=\"yoast-schema-graph\">{\"@context\":\"https:\/\/schema.org\",\"@graph\":[{\"@type\":\"WebPage\",\"@id\":\"https:\/\/elektrotec.com.br\/loja\/produto\/impressora-laser-hp-laserjet-m408dn-127v-monocromatica-a4\/\",\"url\":\"https:\/\/elektrotec.com.br\/loja\/produto\/impressora-laser-hp-laserjet-m408dn-127v-monocromatica-a4\/\",\"name\":\"Impressora laser HP Laserjet M408DN 127V, Monocrom\u00e1tica A4 | Elektrotec Store\",\"isPartOf\":{\"@id\":\"https:\/\/elektrotec.com.br\/loja\/#website\"},\"primaryImageOfPage\":{\"@id\":\"https:\/\/elektrotec.com.br\/loja\/produto\/impressora-laser-hp-laserjet-m408dn-127v-monocromatica-a4\/#primaryimage\"},\"image\":{\"@id\":\"https:\/\/elektrotec.com.br\/loja\/produto\/impressora-laser-hp-laserjet-m408dn-127v-monocromatica-a4\/#primaryimage\"},\"thumbnailUrl\":\"https:\/\/i0.wp.com\/elektrotec.com.br\/loja\/wp-content\/uploads\/2025\/02\/41838-Impressora-Laser-Mono-HP-M408DN.jpg?fit=700%2C800&ssl=1\",\"datePublished\":\"2025-02-11T13:00:49+00:00\",\"dateModified\":\"2025-04-05T02:10:29+00:00\",\"breadcrumb\":{\"@id\":\"https:\/\/elektrotec.com.br\/loja\/produto\/impressora-laser-hp-laserjet-m408dn-127v-monocromatica-a4\/#breadcrumb\"},\"inLanguage\":\"pt-BR\",\"potentialAction\":[{\"@type\":\"ReadAction\",\"target\":[\"https:\/\/elektrotec.com.br\/loja\/produto\/impressora-laser-hp-laserjet-m408dn-127v-monocromatica-a4\/\"]}]},{\"@type\":\"ImageObject\",\"inLanguage\":\"pt-BR\",\"@id\":\"https:\/\/elektrotec.com.br\/loja\/produto\/impressora-laser-hp-laserjet-m408dn-127v-monocromatica-a4\/#primaryimage\",\"url\":\"https:\/\/i0.wp.com\/elektrotec.com.br\/loja\/wp-content\/uploads\/2025\/02\/41838-Impressora-Laser-Mono-HP-M408DN.jpg?fit=700%2C800&ssl=1\",\"contentUrl\":\"https:\/\/i0.wp.com\/elektrotec.com.br\/loja\/wp-content\/uploads\/2025\/02\/41838-Impressora-Laser-Mono-HP-M408DN.jpg?fit=700%2C800&ssl=1\",\"width\":700,\"height\":800},{\"@type\":\"BreadcrumbList\",\"@id\":\"https:\/\/elektrotec.com.br\/loja\/produto\/impressora-laser-hp-laserjet-m408dn-127v-monocromatica-a4\/#breadcrumb\",\"itemListElement\":[{\"@type\":\"ListItem\",\"position\":1,\"name\":\"Home\",\"item\":\"https:\/\/elektrotec.com.br\/loja\/\"},{\"@type\":\"ListItem\",\"position\":2,\"name\":\"Ofertas do dia \u26a1\",\"item\":\"https:\/\/elektrotec.com.br\/loja\/loja\/\"},{\"@type\":\"ListItem\",\"position\":3,\"name\":\"Impressora laser HP Laserjet M408DN 127V, Monocrom\u00e1tica A4\"}]},{\"@type\":\"WebSite\",\"@id\":\"https:\/\/elektrotec.com.br\/loja\/#website\",\"url\":\"https:\/\/elektrotec.com.br\/loja\/\",\"name\":\"Elektrotec Store\",\"description\":\"Solu\u00e7\u00f5es em Energia e Automa\u00e7\u00e3o Industrial\",\"publisher\":{\"@id\":\"https:\/\/elektrotec.com.br\/loja\/#organization\"},\"potentialAction\":[{\"@type\":\"SearchAction\",\"target\":{\"@type\":\"EntryPoint\",\"urlTemplate\":\"https:\/\/elektrotec.com.br\/loja\/?s={search_term_string}\"},\"query-input\":{\"@type\":\"PropertyValueSpecification\",\"valueRequired\":true,\"valueName\":\"search_term_string\"}}],\"inLanguage\":\"pt-BR\"},{\"@type\":\"Organization\",\"@id\":\"https:\/\/elektrotec.com.br\/loja\/#organization\",\"name\":\"Elektrotec\",\"url\":\"https:\/\/elektrotec.com.br\/loja\/\",\"logo\":{\"@type\":\"ImageObject\",\"inLanguage\":\"pt-BR\",\"@id\":\"https:\/\/elektrotec.com.br\/loja\/#\/schema\/logo\/image\/\",\"url\":\"https:\/\/i0.wp.com\/elektrotec.com.br\/loja\/wp-content\/uploads\/2025\/05\/Logo-site-Elektrotec-Energy-1.webp?fit=270%2C70&ssl=1\",\"contentUrl\":\"https:\/\/i0.wp.com\/elektrotec.com.br\/loja\/wp-content\/uploads\/2025\/05\/Logo-site-Elektrotec-Energy-1.webp?fit=270%2C70&ssl=1\",\"width\":270,\"height\":70,\"caption\":\"Elektrotec\"},\"image\":{\"@id\":\"https:\/\/elektrotec.com.br\/loja\/#\/schema\/logo\/image\/\"}}]}<\/script>\n<!-- \/ Yoast SEO plugin. -->","yoast_head_json":{"title":"Impressora laser HP Laserjet M408DN 127V, Monocrom\u00e1tica A4 | Elektrotec Store","robots":{"index":"index","follow":"follow","max-snippet":"max-snippet:-1","max-image-preview":"max-image-preview:large","max-video-preview":"max-video-preview:-1"},"canonical":"https:\/\/elektrotec.com.br\/loja\/produto\/impressora-laser-hp-laserjet-m408dn-127v-monocromatica-a4\/","og_locale":"pt_BR","og_type":"article","og_title":"Impressora laser HP Laserjet M408DN 127V, Monocrom\u00e1tica A4 | Elektrotec Store","og_description":"C\u00f3digo: 41838\u00a0 \u00a0|\u00a0 \u00a0Mais produtos: HP\u00a0 \u00a0|\u00a0 \u00a0Descri\u00e7\u00e3o do produto","og_url":"https:\/\/elektrotec.com.br\/loja\/produto\/impressora-laser-hp-laserjet-m408dn-127v-monocromatica-a4\/","og_site_name":"Elektrotec Store","article_modified_time":"2025-04-05T02:10:29+00:00","og_image":[{"width":700,"height":800,"url":"https:\/\/elektrotec.com.br\/loja\/wp-content\/uploads\/2025\/02\/41838-Impressora-Laser-Mono-HP-M408DN.jpg","type":"image\/jpeg"}],"twitter_card":"summary_large_image","twitter_misc":{"Est. tempo de leitura":"6 minutos"},"schema":{"@context":"https:\/\/schema.org","@graph":[{"@type":"WebPage","@id":"https:\/\/elektrotec.com.br\/loja\/produto\/impressora-laser-hp-laserjet-m408dn-127v-monocromatica-a4\/","url":"https:\/\/elektrotec.com.br\/loja\/produto\/impressora-laser-hp-laserjet-m408dn-127v-monocromatica-a4\/","name":"Impressora laser HP Laserjet M408DN 127V, Monocrom\u00e1tica A4 | Elektrotec Store","isPartOf":{"@id":"https:\/\/elektrotec.com.br\/loja\/#website"},"primaryImageOfPage":{"@id":"https:\/\/elektrotec.com.br\/loja\/produto\/impressora-laser-hp-laserjet-m408dn-127v-monocromatica-a4\/#primaryimage"},"image":{"@id":"https:\/\/elektrotec.com.br\/loja\/produto\/impressora-laser-hp-laserjet-m408dn-127v-monocromatica-a4\/#primaryimage"},"thumbnailUrl":"https:\/\/i0.wp.com\/elektrotec.com.br\/loja\/wp-content\/uploads\/2025\/02\/41838-Impressora-Laser-Mono-HP-M408DN.jpg?fit=700%2C800&ssl=1","datePublished":"2025-02-11T13:00:49+00:00","dateModified":"2025-04-05T02:10:29+00:00","breadcrumb":{"@id":"https:\/\/elektrotec.com.br\/loja\/produto\/impressora-laser-hp-laserjet-m408dn-127v-monocromatica-a4\/#breadcrumb"},"inLanguage":"pt-BR","potentialAction":[{"@type":"ReadAction","target":["https:\/\/elektrotec.com.br\/loja\/produto\/impressora-laser-hp-laserjet-m408dn-127v-monocromatica-a4\/"]}]},{"@type":"ImageObject","inLanguage":"pt-BR","@id":"https:\/\/elektrotec.com.br\/loja\/produto\/impressora-laser-hp-laserjet-m408dn-127v-monocromatica-a4\/#primaryimage","url":"https:\/\/i0.wp.com\/elektrotec.com.br\/loja\/wp-content\/uploads\/2025\/02\/41838-Impressora-Laser-Mono-HP-M408DN.jpg?fit=700%2C800&ssl=1","contentUrl":"https:\/\/i0.wp.com\/elektrotec.com.br\/loja\/wp-content\/uploads\/2025\/02\/41838-Impressora-Laser-Mono-HP-M408DN.jpg?fit=700%2C800&ssl=1","width":700,"height":800},{"@type":"BreadcrumbList","@id":"https:\/\/elektrotec.com.br\/loja\/produto\/impressora-laser-hp-laserjet-m408dn-127v-monocromatica-a4\/#breadcrumb","itemListElement":[{"@type":"ListItem","position":1,"name":"Home","item":"https:\/\/elektrotec.com.br\/loja\/"},{"@type":"ListItem","position":2,"name":"Ofertas do dia \u26a1","item":"https:\/\/elektrotec.com.br\/loja\/loja\/"},{"@type":"ListItem","position":3,"name":"Impressora laser HP Laserjet M408DN 127V, Monocrom\u00e1tica A4"}]},{"@type":"WebSite","@id":"https:\/\/elektrotec.com.br\/loja\/#website","url":"https:\/\/elektrotec.com.br\/loja\/","name":"Elektrotec Store","description":"Solu\u00e7\u00f5es em Energia e Automa\u00e7\u00e3o Industrial","publisher":{"@id":"https:\/\/elektrotec.com.br\/loja\/#organization"},"potentialAction":[{"@type":"SearchAction","target":{"@type":"EntryPoint","urlTemplate":"https:\/\/elektrotec.com.br\/loja\/?s={search_term_string}"},"query-input":{"@type":"PropertyValueSpecification","valueRequired":true,"valueName":"search_term_string"}}],"inLanguage":"pt-BR"},{"@type":"Organization","@id":"https:\/\/elektrotec.com.br\/loja\/#organization","name":"Elektrotec","url":"https:\/\/elektrotec.com.br\/loja\/","logo":{"@type":"ImageObject","inLanguage":"pt-BR","@id":"https:\/\/elektrotec.com.br\/loja\/#\/schema\/logo\/image\/","url":"https:\/\/i0.wp.com\/elektrotec.com.br\/loja\/wp-content\/uploads\/2025\/05\/Logo-site-Elektrotec-Energy-1.webp?fit=270%2C70&ssl=1","contentUrl":"https:\/\/i0.wp.com\/elektrotec.com.br\/loja\/wp-content\/uploads\/2025\/05\/Logo-site-Elektrotec-Energy-1.webp?fit=270%2C70&ssl=1","width":270,"height":70,"caption":"Elektrotec"},"image":{"@id":"https:\/\/elektrotec.com.br\/loja\/#\/schema\/logo\/image\/"}}]}},"jetpack_sharing_enabled":true,"brands":[],"_links":{"self":[{"href":"https:\/\/elektrotec.com.br\/loja\/wp-json\/wp\/v2\/product\/588","targetHints":{"allow":["GET"]}}],"collection":[{"href":"https:\/\/elektrotec.com.br\/loja\/wp-json\/wp\/v2\/product"}],"about":[{"href":"https:\/\/elektrotec.com.br\/loja\/wp-json\/wp\/v2\/types\/product"}],"replies":[{"embeddable":true,"href":"https:\/\/elektrotec.com.br\/loja\/wp-json\/wp\/v2\/comments?post=588"}],"wp:featuredmedia":[{"embeddable":true,"href":"https:\/\/elektrotec.com.br\/loja\/wp-json\/wp\/v2\/media\/4262"}],"wp:attachment":[{"href":"https:\/\/elektrotec.com.br\/loja\/wp-json\/wp\/v2\/media?parent=588"}],"wp:term":[{"taxonomy":"pwb-brand","embeddable":true,"href":"https:\/\/elektrotec.com.br\/loja\/wp-json\/wp\/v2\/pwb-brand?post=588"},{"taxonomy":"product_brand","embeddable":true,"href":"https:\/\/elektrotec.com.br\/loja\/wp-json\/wp\/v2\/product_brand?post=588"},{"taxonomy":"product_cat","embeddable":true,"href":"https:\/\/elektrotec.com.br\/loja\/wp-json\/wp\/v2\/product_cat?post=588"},{"taxonomy":"product_tag","embeddable":true,"href":"https:\/\/elektrotec.com.br\/loja\/wp-json\/wp\/v2\/product_tag?post=588"}],"curies":[{"name":"wp","href":"https:\/\/api.w.org\/{rel}","templated":true}]}}