{"id":580,"date":"2025-02-10T10:00:59","date_gmt":"2025-02-10T13:00:59","guid":{"rendered":"http:\/\/dummy.xtemos.com\/woodmart2\/mega-electronics\/?post_type=product&#038;p=580"},"modified":"2025-02-11T13:36:38","modified_gmt":"2025-02-11T16:36:38","slug":"impressora-multifuncional-epson-ecotank-colorida-l5590-conexao-usb-wifi-bivolt","status":"publish","type":"product","link":"https:\/\/elektrotec.com.br\/loja\/produto\/impressora-multifuncional-epson-ecotank-colorida-l5590-conexao-usb-wifi-bivolt\/","title":{"rendered":"Impressora multifuncional Epson ecotank colorida L5590, Conex\u00e3o USB, WIFI, Bivolt"},"content":{"rendered":"<div class=\"wpb-content-wrapper\"><p>[vc_row css=&#8221;.vc_custom_1739291799709{margin-bottom: 20px !important;}&#8221; woodmart_css_id=&#8221;67ab7c89e0223&#8243; responsive_spacing=&#8221;eyJwYXJhbV90eXBlIjoid29vZG1hcnRfcmVzcG9uc2l2ZV9zcGFjaW5nIiwic2VsZWN0b3JfaWQiOiI2N2FiN2M4OWUwMjIzIiwic2hvcnRjb2RlIjoidmNfcm93IiwiZGF0YSI6eyJ0YWJsZXQiOnsibWFyZ2luLWJvdHRvbSI6IjYwcHgifSwibW9iaWxlIjp7Im1hcmdpbi1ib3R0b20iOiI0MHB4In19fQ==&#8221; mobile_bg_img_hidden=&#8221;no&#8221; tablet_bg_img_hidden=&#8221;no&#8221; woodmart_parallax=&#8221;0&#8243; woodmart_gradient_switch=&#8221;no&#8221; woodmart_box_shadow=&#8221;no&#8221; wd_z_index=&#8221;no&#8221; woodmart_disable_overflow=&#8221;0&#8243; row_reverse_mobile=&#8221;0&#8243; row_reverse_tablet=&#8221;0&#8243; el_id=&#8221;codigo-77169&#8243;][vc_column css=&#8221;.vc_custom_1666272391679{padding-top: 0px !important;}&#8221; woodmart_css_id=&#8221;63514c8260958&#8243; parallax_scroll=&#8221;no&#8221; woodmart_sticky_column=&#8221;false&#8221; wd_collapsible_content_switcher=&#8221;no&#8221; wd_column_role_offcanvas_desktop=&#8221;no&#8221; wd_column_role_offcanvas_tablet=&#8221;no&#8221; wd_column_role_offcanvas_mobile=&#8221;no&#8221; wd_column_role_content_desktop=&#8221;no&#8221; wd_column_role_content_tablet=&#8221;no&#8221; wd_column_role_content_mobile=&#8221;no&#8221; mobile_bg_img_hidden=&#8221;no&#8221; tablet_bg_img_hidden=&#8221;no&#8221; woodmart_parallax=&#8221;0&#8243; woodmart_box_shadow=&#8221;no&#8221; responsive_spacing=&#8221;eyJwYXJhbV90eXBlIjoid29vZG1hcnRfcmVzcG9uc2l2ZV9zcGFjaW5nIiwic2VsZWN0b3JfaWQiOiI2MzUxNGM4MjYwOTU4Iiwic2hvcnRjb2RlIjoidmNfY29sdW1uIiwiZGF0YSI6eyJ0YWJsZXQiOnt9LCJtb2JpbGUiOnt9fX0=&#8221; mobile_reset_margin=&#8221;no&#8221; tablet_reset_margin=&#8221;no&#8221; wd_z_index=&#8221;no&#8221;]\t\t<div id=\"wd-67ab7c4293cdc\" class=\"wd-text-block wd-wpb reset-last-child wd-rs-67ab7c4293cdc text-center vc_custom_1739291779528\">\n\t\t\t<p><img data-recalc-dims=\"1\" loading=\"lazy\" decoding=\"async\" class=\"aligncenter wp-image-4255 size-full\" src=\"https:\/\/i0.wp.com\/elektrotec.com.br\/loja\/wp-content\/uploads\/2025\/02\/77169-Multifuncional-Epson-Ecotank-L5590.png?resize=1272%2C1375&#038;ssl=1\" alt=\"\" width=\"1272\" height=\"1375\" srcset=\"https:\/\/i0.wp.com\/elektrotec.com.br\/loja\/wp-content\/uploads\/2025\/02\/77169-Multifuncional-Epson-Ecotank-L5590.png?w=1272&amp;ssl=1 1272w, https:\/\/i0.wp.com\/elektrotec.com.br\/loja\/wp-content\/uploads\/2025\/02\/77169-Multifuncional-Epson-Ecotank-L5590.png?resize=278%2C300&amp;ssl=1 278w, https:\/\/i0.wp.com\/elektrotec.com.br\/loja\/wp-content\/uploads\/2025\/02\/77169-Multifuncional-Epson-Ecotank-L5590.png?resize=947%2C1024&amp;ssl=1 947w, https:\/\/i0.wp.com\/elektrotec.com.br\/loja\/wp-content\/uploads\/2025\/02\/77169-Multifuncional-Epson-Ecotank-L5590.png?resize=768%2C830&amp;ssl=1 768w, https:\/\/i0.wp.com\/elektrotec.com.br\/loja\/wp-content\/uploads\/2025\/02\/77169-Multifuncional-Epson-Ecotank-L5590.png?resize=1200%2C1297&amp;ssl=1 1200w, https:\/\/i0.wp.com\/elektrotec.com.br\/loja\/wp-content\/uploads\/2025\/02\/77169-Multifuncional-Epson-Ecotank-L5590.png?resize=150%2C162&amp;ssl=1 150w\" sizes=\"auto, (max-width: 1000px) 100vw, 1000px\" \/><\/p>\n\t\t<\/div>\n\t\t[\/vc_column][\/vc_row][vc_row][vc_column][vc_separator border_width=&#8221;3&#8243; css=&#8221;.vc_custom_1739239108813{margin-top: 50px !important;margin-bottom: 50px !important;}&#8221; wd_hide_on_desktop=&#8221;no&#8221; wd_hide_on_tablet=&#8221;no&#8221; wd_hide_on_mobile=&#8221;no&#8221;][\/vc_column][\/vc_row][vc_row woodmart_css_id=&#8221;6377819b27d07&#8243; responsive_spacing=&#8221;eyJwYXJhbV90eXBlIjoid29vZG1hcnRfcmVzcG9uc2l2ZV9zcGFjaW5nIiwic2VsZWN0b3JfaWQiOiI2Mzc3ODE5YjI3ZDA3Iiwic2hvcnRjb2RlIjoidmNfcm93IiwiZGF0YSI6eyJ0YWJsZXQiOnt9LCJtb2JpbGUiOnt9fX0=&#8221; mobile_bg_img_hidden=&#8221;no&#8221; tablet_bg_img_hidden=&#8221;no&#8221; woodmart_parallax=&#8221;0&#8243; woodmart_gradient_switch=&#8221;no&#8221; woodmart_box_shadow=&#8221;no&#8221; wd_z_index=&#8221;no&#8221; woodmart_disable_overflow=&#8221;0&#8243; row_reverse_mobile=&#8221;0&#8243; row_reverse_tablet=&#8221;0&#8243;][vc_column css=&#8221;.vc_custom_1666272699823{padding-top: 0px !important;}&#8221; woodmart_css_id=&#8221;63514db6c5d19&#8243; parallax_scroll=&#8221;no&#8221; woodmart_sticky_column=&#8221;false&#8221; wd_collapsible_content_switcher=&#8221;no&#8221; wd_column_role_offcanvas_desktop=&#8221;no&#8221; wd_column_role_offcanvas_tablet=&#8221;no&#8221; wd_column_role_offcanvas_mobile=&#8221;no&#8221; wd_column_role_content_desktop=&#8221;no&#8221; wd_column_role_content_tablet=&#8221;no&#8221; wd_column_role_content_mobile=&#8221;no&#8221; mobile_bg_img_hidden=&#8221;no&#8221; tablet_bg_img_hidden=&#8221;no&#8221; woodmart_parallax=&#8221;0&#8243; woodmart_box_shadow=&#8221;no&#8221; responsive_spacing=&#8221;eyJwYXJhbV90eXBlIjoid29vZG1hcnRfcmVzcG9uc2l2ZV9zcGFjaW5nIiwic2VsZWN0b3JfaWQiOiI2MzUxNGRiNmM1ZDE5Iiwic2hvcnRjb2RlIjoidmNfY29sdW1uIiwiZGF0YSI6eyJ0YWJsZXQiOnt9LCJtb2JpbGUiOnt9fX0=&#8221; mobile_reset_margin=&#8221;no&#8221; tablet_reset_margin=&#8221;no&#8221; wd_z_index=&#8221;no&#8221;]\n\t\t<div id=\"wd-67aaaef0a083d\" class=\"title-wrapper wd-wpb wd-set-mb reset-last-child  wd-rs-67aaaef0a083d wd-title-color-default wd-title-style-default text-left vc_custom_1739239162762 wd-underline-colored\">\n\t\t\t\n\t\t\t<div class=\"liner-continer\">\n\t\t\t\t<h4 class=\"woodmart-title-container title  wd-font-weight- wd-fontsize-m\" >\ud83d\udccc Especifica\u00e7\u00f5es T\u00e9cnicas:<\/h4>\n\t\t\t\t\t\t\t<\/div>\n\t\t\t\n\t\t\t\n\t\t\t\n\t\t<\/div>\n\t\t\n\t\t\t\t<div id=\"wd-67aab7f70c995\" class=\"wd-text-block wd-wpb reset-last-child wd-rs-67aab7f70c995 text-left \">\n\t\t\t<h4><strong>Impress\u00e3o:<\/strong><\/h4>\n<ul>\n<li>Tecnologia de impress\u00e3o: Inje\u00e7\u00e3o de tinta Heat-Free\u00ae PrecisionCore de 4 cores (CMYK)<\/li>\n<li>M\u00e1xima resolu\u00e7\u00e3o de impress\u00e3o: At\u00e9 4.800 dpi x 1.200 dpi de resolu\u00e7\u00e3o aprimorada em diversos tipos de papel<\/li>\n<li>Velocidade m\u00e1xima de impress\u00e3o: Preto 33 ppm e colorido 20 ppm (rascunho, A4\/carta)<\/li>\n<li>Velocidade de impress\u00e3o ISO: Preto 15 ppm e colorido 8 ppm (A4\/carta)<\/li>\n<\/ul>\n<h4><strong>C\u00f3pias:<\/strong><\/h4>\n<ul>\n<li>Velocidade de c\u00f3pia ISO: Preto 10,8 cpm e colorido 5,5 cpm (A4\/carta)<\/li>\n<li>Resolu\u00e7\u00e3o m\u00e1xima de copiado: 300 dpi x 600 dpi (mesa plana) \/ 300 dpi x 300 dpi (ADF)<\/li>\n<li>Tamanho m\u00e1ximo de c\u00f3pia: Of\u00edcio (ADF)<\/li>\n<\/ul>\n<h4><strong>Digitaliza\u00e7\u00e3o:<\/strong><\/h4>\n<ul>\n<li>Tipo de scanner: Mesa plana com sensor de linhas CIS a cores<\/li>\n<li>Velocidade de digitaliza\u00e7\u00e3o: 12 segundos em preto \/ 29 segundos colorido<\/li>\n<li>\u00c1rea m\u00e1xima de digitaliza\u00e7\u00e3o: 216 mm x 297 mm (mesa plana) \/ 216 mm x 355,66 mm (ADF)<\/li>\n<li>Resolu\u00e7\u00e3o \u00f3ptica\/m\u00e1xima: 1.200 dpi x 2.400 dpi<\/li>\n<li>Profundidade da cor: Cor: 48 bits de entrada, 24 bits de sa\u00edda &#8211; Escala de cinzas: 16 bits de entrada, 8 bits de sa\u00edda &#8211; Preto: 16 bits de entrada, 1 bits de sa\u00edda<\/li>\n<\/ul>\n<h4><strong>Interface e Conectividade:<\/strong><\/h4>\n<ul>\n<li>Conectividade padr\u00e3o: USB de alta velocidade (compat\u00edvel com USB 2.0) ,Wi-Fi\u00ae (IEEE 802.11 b\/g\/n), Wi-Fi Direct\u00ae, Ethernet 10\/100<\/li>\n<li>Protocolos de impress\u00e3o em rede: LPD, IPP, PORT9100, WSD<\/li>\n<li>Protocolos para gest\u00e3o de redes: SNMP, HTTP, DHCP, BOOTP, APIPA, PING, DDNS, MDNS, SLP, WSD, LLTD<\/li>\n<li>Seguran\u00e7a WLAN: WEP (64-bit\/128-bit), WPA-PSK (TKIP), WPA2-PSK (AES), WPA3-SAE (AES)<\/li>\n<li>Compatibilidade com Sistemas Operacionais: Windows Server\u00ae 2003 (SP2) ou mais recente, Mac OS X 10.9.5 ou mais recente, macOS 11 ou mais recente<\/li>\n<\/ul>\n<h4><strong>Impress\u00e3o Wi-fi A partid de dispositivos inteligentes:<\/strong><\/h4>\n<ul>\n<li>Epson Connect\u2122: Epson Smart Panel App (iOS\u00ae, AndroidTM), Epson Email Print\u00ae, Remote Print Driver<\/li>\n<li>Outros: Apple AirPrint\u00ae, Chromebook Native Print, Mopria Print ServiceTM<\/li>\n<\/ul>\n<h4><strong>Manuseio de papel e m\u00eddias:<\/strong><\/h4>\n<ul>\n<li>Tamanho m\u00e1ximo de impress\u00e3o: 215,9 mm x 1.200 mm<\/li>\n<li>Tipos de papeis suportados: Papel normal, Papel especial Epson (Photo Glossy\/Semi-gloss, Presentation Paper Matte, High Quality Ink Jet Paper) e envelopes<\/li>\n<li>Tamanhos de papeis suportados: Padr\u00e3o: A4 , Carta, Of\u00edcio (215,9 mm x 355,6 mm), M\u00e9xico-Of\u00edcio (215,9 mm x 340,4 mm), Of\u00edcio 9 (214,9 mm x 315 mm), Executivo, Meia Carta, A6 Foto: 4\u201d x 6\u201d (10 cm x 15 cm), 5\u201d x 7\u201d (13 cm x 18 cm), 8\u201d x 10\u201d Envelopes: X<\/li>\n<li>Capacidade de carga: Alimenta\u00e7\u00e3o traseira: at\u00e9 100 folhas (A4\/Carta\/Of\u00edcio) \/ ADF: at\u00e9 30 folhas (A4\/Carta), at\u00e9 10 folhas (Of\u00edcio)<\/li>\n<\/ul>\n<h4><strong>Geral:<\/strong><\/h4>\n<ul>\n<li>Software dispon\u00edvel: Download da Internet Printer Driver, Epson Scan 2, Epson ScanSmart, Epson Fax Utility Epson Photo+. Os controles do produto devem ser baixados do website epson.com.br<\/li>\n<li>Tela LCD: 1,44&#8243; colorida<\/li>\n<li>Dimens\u00f5es (largura x profundidade x altura) Aberto: 37,5 cm x 57,8 cm x 25,3 cm &#8211; Fechado: 37,5 cm x 34,7 cm x 23,7 cm. Peso 5,2 Kg<\/li>\n<\/ul>\n<h4><strong>Energia:<\/strong><\/h4>\n<ul>\n<li>Consumo de energia (aproximado): 12 W (no modo de opera\u00e7\u00e3o)<\/li>\n<li>Tens\u00e3o e frequ\u00eancia nominal: AC 100 &#8211; 240 V\/50 Hz &#8211; 60 Hz<\/li>\n<\/ul>\n<h4><strong>Rendimento de tintas:<\/strong><\/h4>\n<ul>\n<li>Garrafas de tinta de reposi\u00e7\u00e3o genu\u00ednos da Epson: 1 garrafa de tinta preta rende at\u00e9 4.300 p\u00e1ginas, 3 garrafas coloridas (ciano, magenta, amarelo) rendem at\u00e9 7.300 p\u00e1ginas, A EcoTank\u00ae L5590 foi projetada para uso exclusivo com garrafas de tinta originais da marca Epson. A Epson recomenda o uso de tinta original para garantir o melhor desempenho e qualidade de impress\u00e3o e evitar comprometer a garantia limitada.<\/li>\n<\/ul>\n<h4><strong>Conte\u00fado da Embalagem:<\/strong><\/h4>\n<ul>\n<li>Epson EcoTank\u00ae L5590 MFP<\/li>\n<li>Guia de configura\u00e7\u00e3o<\/li>\n<li>Cabo de alimenta\u00e7\u00e3o<\/li>\n<li>Cabo USB<\/li>\n<li>Cabo de fax<\/li>\n<li>Garrafas de tinta de inicializa\u00e7\u00e3o (1x preto, 1x ciano, 1x magenta, 1x amarelo)<\/li>\n<\/ul>\n<h4><strong>garantia:<\/strong><\/h4>\n<ul>\n<li>2 Anos<\/li>\n<\/ul>\n\t\t<\/div>\n\t\t[\/vc_column][\/vc_row]<\/p>\n<\/div>","protected":false},"excerpt":{"rendered":"<p><strong>C\u00f3digo: 77169\u00a0 \u00a0|\u00a0 \u00a0Mais produtos: <a href=\"https:\/\/elektrotec.com.br\/loja\/loja\/?filter_marcas=epson\">Epson<\/a>\u00a0 \u00a0|\u00a0 \u00a0<a href=\"https:\/\/elektrotec.com.br\/loja\/produto\/impressora-multifuncional-epson-ecotank-colorida-l5590-conexao-usb-wifi-bivolt\/#codigo-77169\">Informa\u00e7\u00f5es do produto<\/a><\/strong><\/p>\n","protected":false},"featured_media":4251,"comment_status":"open","ping_status":"closed","template":"","meta":{"pagelayer_contact_templates":[],"_pagelayer_content":"","_mbp_gutenberg_autopost":false},"pwb-brand":[],"product_brand":[],"product_cat":[26,70,134,241],"product_tag":[],"class_list":{"0":"post-580","1":"product","2":"type-product","3":"status-publish","4":"has-post-thumbnail","6":"product_cat-escritorio-e-papelaria","7":"product_cat-impressao-e-imagem","8":"product_cat-multifuncional-tanque-de-tinta","9":"product_cat-suprimentos-corporativos","10":"product_shipping_class-logistica-quioske","12":"first","13":"instock","14":"shipping-taxable","15":"purchasable","16":"product-type-simple"},"yoast_head":"<!-- This site is optimized with the Yoast SEO plugin v27.2 - https:\/\/yoast.com\/product\/yoast-seo-wordpress\/ -->\n<title>Impressora multifuncional Epson ecotank colorida L5590, Conex\u00e3o USB, WIFI, Bivolt | Elektrotec Store<\/title>\n<meta name=\"robots\" content=\"index, follow, max-snippet:-1, max-image-preview:large, max-video-preview:-1\" \/>\n<link rel=\"canonical\" href=\"https:\/\/elektrotec.com.br\/loja\/produto\/impressora-multifuncional-epson-ecotank-colorida-l5590-conexao-usb-wifi-bivolt\/\" \/>\n<meta property=\"og:locale\" content=\"pt_BR\" \/>\n<meta property=\"og:type\" content=\"article\" \/>\n<meta property=\"og:title\" content=\"Impressora multifuncional Epson ecotank colorida L5590, Conex\u00e3o USB, WIFI, Bivolt | Elektrotec Store\" \/>\n<meta property=\"og:description\" content=\"C\u00f3digo: 77169\u00a0 \u00a0|\u00a0 \u00a0Mais produtos: Epson\u00a0 \u00a0|\u00a0 \u00a0Informa\u00e7\u00f5es do produto\" \/>\n<meta property=\"og:url\" content=\"https:\/\/elektrotec.com.br\/loja\/produto\/impressora-multifuncional-epson-ecotank-colorida-l5590-conexao-usb-wifi-bivolt\/\" \/>\n<meta property=\"og:site_name\" content=\"Elektrotec Store\" \/>\n<meta property=\"article:modified_time\" content=\"2025-02-11T16:36:38+00:00\" \/>\n<meta property=\"og:image\" content=\"https:\/\/elektrotec.com.br\/loja\/wp-content\/uploads\/2025\/02\/77169-Multifuncional-Epson-Ecotank-L5590-USB-Wifi-ETH-FAX-Adf.jpg\" \/>\n\t<meta property=\"og:image:width\" content=\"700\" \/>\n\t<meta property=\"og:image:height\" content=\"800\" \/>\n\t<meta property=\"og:image:type\" content=\"image\/jpeg\" \/>\n<meta name=\"twitter:card\" content=\"summary_large_image\" \/>\n<meta name=\"twitter:label1\" content=\"Est. tempo de leitura\" \/>\n\t<meta name=\"twitter:data1\" content=\"5 minutos\" \/>\n<script type=\"application\/ld+json\" class=\"yoast-schema-graph\">{\"@context\":\"https:\/\/schema.org\",\"@graph\":[{\"@type\":\"WebPage\",\"@id\":\"https:\/\/elektrotec.com.br\/loja\/produto\/impressora-multifuncional-epson-ecotank-colorida-l5590-conexao-usb-wifi-bivolt\/\",\"url\":\"https:\/\/elektrotec.com.br\/loja\/produto\/impressora-multifuncional-epson-ecotank-colorida-l5590-conexao-usb-wifi-bivolt\/\",\"name\":\"Impressora multifuncional Epson ecotank colorida L5590, Conex\u00e3o USB, WIFI, Bivolt | Elektrotec Store\",\"isPartOf\":{\"@id\":\"https:\/\/elektrotec.com.br\/loja\/#website\"},\"primaryImageOfPage\":{\"@id\":\"https:\/\/elektrotec.com.br\/loja\/produto\/impressora-multifuncional-epson-ecotank-colorida-l5590-conexao-usb-wifi-bivolt\/#primaryimage\"},\"image\":{\"@id\":\"https:\/\/elektrotec.com.br\/loja\/produto\/impressora-multifuncional-epson-ecotank-colorida-l5590-conexao-usb-wifi-bivolt\/#primaryimage\"},\"thumbnailUrl\":\"https:\/\/i0.wp.com\/elektrotec.com.br\/loja\/wp-content\/uploads\/2025\/02\/77169-Multifuncional-Epson-Ecotank-L5590-USB-Wifi-ETH-FAX-Adf.jpg?fit=700%2C800&ssl=1\",\"datePublished\":\"2025-02-10T13:00:59+00:00\",\"dateModified\":\"2025-02-11T16:36:38+00:00\",\"breadcrumb\":{\"@id\":\"https:\/\/elektrotec.com.br\/loja\/produto\/impressora-multifuncional-epson-ecotank-colorida-l5590-conexao-usb-wifi-bivolt\/#breadcrumb\"},\"inLanguage\":\"pt-BR\",\"potentialAction\":[{\"@type\":\"ReadAction\",\"target\":[\"https:\/\/elektrotec.com.br\/loja\/produto\/impressora-multifuncional-epson-ecotank-colorida-l5590-conexao-usb-wifi-bivolt\/\"]}]},{\"@type\":\"ImageObject\",\"inLanguage\":\"pt-BR\",\"@id\":\"https:\/\/elektrotec.com.br\/loja\/produto\/impressora-multifuncional-epson-ecotank-colorida-l5590-conexao-usb-wifi-bivolt\/#primaryimage\",\"url\":\"https:\/\/i0.wp.com\/elektrotec.com.br\/loja\/wp-content\/uploads\/2025\/02\/77169-Multifuncional-Epson-Ecotank-L5590-USB-Wifi-ETH-FAX-Adf.jpg?fit=700%2C800&ssl=1\",\"contentUrl\":\"https:\/\/i0.wp.com\/elektrotec.com.br\/loja\/wp-content\/uploads\/2025\/02\/77169-Multifuncional-Epson-Ecotank-L5590-USB-Wifi-ETH-FAX-Adf.jpg?fit=700%2C800&ssl=1\",\"width\":700,\"height\":800},{\"@type\":\"BreadcrumbList\",\"@id\":\"https:\/\/elektrotec.com.br\/loja\/produto\/impressora-multifuncional-epson-ecotank-colorida-l5590-conexao-usb-wifi-bivolt\/#breadcrumb\",\"itemListElement\":[{\"@type\":\"ListItem\",\"position\":1,\"name\":\"Home\",\"item\":\"https:\/\/elektrotec.com.br\/loja\/\"},{\"@type\":\"ListItem\",\"position\":2,\"name\":\"Ofertas do dia \u26a1\",\"item\":\"https:\/\/elektrotec.com.br\/loja\/loja\/\"},{\"@type\":\"ListItem\",\"position\":3,\"name\":\"Impressora multifuncional Epson ecotank colorida L5590, Conex\u00e3o USB, WIFI, Bivolt\"}]},{\"@type\":\"WebSite\",\"@id\":\"https:\/\/elektrotec.com.br\/loja\/#website\",\"url\":\"https:\/\/elektrotec.com.br\/loja\/\",\"name\":\"Elektrotec Store\",\"description\":\"Solu\u00e7\u00f5es em Energia e Automa\u00e7\u00e3o Industrial\",\"publisher\":{\"@id\":\"https:\/\/elektrotec.com.br\/loja\/#organization\"},\"potentialAction\":[{\"@type\":\"SearchAction\",\"target\":{\"@type\":\"EntryPoint\",\"urlTemplate\":\"https:\/\/elektrotec.com.br\/loja\/?s={search_term_string}\"},\"query-input\":{\"@type\":\"PropertyValueSpecification\",\"valueRequired\":true,\"valueName\":\"search_term_string\"}}],\"inLanguage\":\"pt-BR\"},{\"@type\":\"Organization\",\"@id\":\"https:\/\/elektrotec.com.br\/loja\/#organization\",\"name\":\"Elektrotec\",\"url\":\"https:\/\/elektrotec.com.br\/loja\/\",\"logo\":{\"@type\":\"ImageObject\",\"inLanguage\":\"pt-BR\",\"@id\":\"https:\/\/elektrotec.com.br\/loja\/#\/schema\/logo\/image\/\",\"url\":\"https:\/\/i0.wp.com\/elektrotec.com.br\/loja\/wp-content\/uploads\/2025\/05\/Logo-site-Elektrotec-Energy-1.webp?fit=270%2C70&ssl=1\",\"contentUrl\":\"https:\/\/i0.wp.com\/elektrotec.com.br\/loja\/wp-content\/uploads\/2025\/05\/Logo-site-Elektrotec-Energy-1.webp?fit=270%2C70&ssl=1\",\"width\":270,\"height\":70,\"caption\":\"Elektrotec\"},\"image\":{\"@id\":\"https:\/\/elektrotec.com.br\/loja\/#\/schema\/logo\/image\/\"}}]}<\/script>\n<!-- \/ Yoast SEO plugin. -->","yoast_head_json":{"title":"Impressora multifuncional Epson ecotank colorida L5590, Conex\u00e3o USB, WIFI, Bivolt | Elektrotec Store","robots":{"index":"index","follow":"follow","max-snippet":"max-snippet:-1","max-image-preview":"max-image-preview:large","max-video-preview":"max-video-preview:-1"},"canonical":"https:\/\/elektrotec.com.br\/loja\/produto\/impressora-multifuncional-epson-ecotank-colorida-l5590-conexao-usb-wifi-bivolt\/","og_locale":"pt_BR","og_type":"article","og_title":"Impressora multifuncional Epson ecotank colorida L5590, Conex\u00e3o USB, WIFI, Bivolt | Elektrotec Store","og_description":"C\u00f3digo: 77169\u00a0 \u00a0|\u00a0 \u00a0Mais produtos: Epson\u00a0 \u00a0|\u00a0 \u00a0Informa\u00e7\u00f5es do produto","og_url":"https:\/\/elektrotec.com.br\/loja\/produto\/impressora-multifuncional-epson-ecotank-colorida-l5590-conexao-usb-wifi-bivolt\/","og_site_name":"Elektrotec Store","article_modified_time":"2025-02-11T16:36:38+00:00","og_image":[{"width":700,"height":800,"url":"https:\/\/elektrotec.com.br\/loja\/wp-content\/uploads\/2025\/02\/77169-Multifuncional-Epson-Ecotank-L5590-USB-Wifi-ETH-FAX-Adf.jpg","type":"image\/jpeg"}],"twitter_card":"summary_large_image","twitter_misc":{"Est. tempo de leitura":"5 minutos"},"schema":{"@context":"https:\/\/schema.org","@graph":[{"@type":"WebPage","@id":"https:\/\/elektrotec.com.br\/loja\/produto\/impressora-multifuncional-epson-ecotank-colorida-l5590-conexao-usb-wifi-bivolt\/","url":"https:\/\/elektrotec.com.br\/loja\/produto\/impressora-multifuncional-epson-ecotank-colorida-l5590-conexao-usb-wifi-bivolt\/","name":"Impressora multifuncional Epson ecotank colorida L5590, Conex\u00e3o USB, WIFI, Bivolt | Elektrotec Store","isPartOf":{"@id":"https:\/\/elektrotec.com.br\/loja\/#website"},"primaryImageOfPage":{"@id":"https:\/\/elektrotec.com.br\/loja\/produto\/impressora-multifuncional-epson-ecotank-colorida-l5590-conexao-usb-wifi-bivolt\/#primaryimage"},"image":{"@id":"https:\/\/elektrotec.com.br\/loja\/produto\/impressora-multifuncional-epson-ecotank-colorida-l5590-conexao-usb-wifi-bivolt\/#primaryimage"},"thumbnailUrl":"https:\/\/i0.wp.com\/elektrotec.com.br\/loja\/wp-content\/uploads\/2025\/02\/77169-Multifuncional-Epson-Ecotank-L5590-USB-Wifi-ETH-FAX-Adf.jpg?fit=700%2C800&ssl=1","datePublished":"2025-02-10T13:00:59+00:00","dateModified":"2025-02-11T16:36:38+00:00","breadcrumb":{"@id":"https:\/\/elektrotec.com.br\/loja\/produto\/impressora-multifuncional-epson-ecotank-colorida-l5590-conexao-usb-wifi-bivolt\/#breadcrumb"},"inLanguage":"pt-BR","potentialAction":[{"@type":"ReadAction","target":["https:\/\/elektrotec.com.br\/loja\/produto\/impressora-multifuncional-epson-ecotank-colorida-l5590-conexao-usb-wifi-bivolt\/"]}]},{"@type":"ImageObject","inLanguage":"pt-BR","@id":"https:\/\/elektrotec.com.br\/loja\/produto\/impressora-multifuncional-epson-ecotank-colorida-l5590-conexao-usb-wifi-bivolt\/#primaryimage","url":"https:\/\/i0.wp.com\/elektrotec.com.br\/loja\/wp-content\/uploads\/2025\/02\/77169-Multifuncional-Epson-Ecotank-L5590-USB-Wifi-ETH-FAX-Adf.jpg?fit=700%2C800&ssl=1","contentUrl":"https:\/\/i0.wp.com\/elektrotec.com.br\/loja\/wp-content\/uploads\/2025\/02\/77169-Multifuncional-Epson-Ecotank-L5590-USB-Wifi-ETH-FAX-Adf.jpg?fit=700%2C800&ssl=1","width":700,"height":800},{"@type":"BreadcrumbList","@id":"https:\/\/elektrotec.com.br\/loja\/produto\/impressora-multifuncional-epson-ecotank-colorida-l5590-conexao-usb-wifi-bivolt\/#breadcrumb","itemListElement":[{"@type":"ListItem","position":1,"name":"Home","item":"https:\/\/elektrotec.com.br\/loja\/"},{"@type":"ListItem","position":2,"name":"Ofertas do dia \u26a1","item":"https:\/\/elektrotec.com.br\/loja\/loja\/"},{"@type":"ListItem","position":3,"name":"Impressora multifuncional Epson ecotank colorida L5590, Conex\u00e3o USB, WIFI, Bivolt"}]},{"@type":"WebSite","@id":"https:\/\/elektrotec.com.br\/loja\/#website","url":"https:\/\/elektrotec.com.br\/loja\/","name":"Elektrotec Store","description":"Solu\u00e7\u00f5es em Energia e Automa\u00e7\u00e3o Industrial","publisher":{"@id":"https:\/\/elektrotec.com.br\/loja\/#organization"},"potentialAction":[{"@type":"SearchAction","target":{"@type":"EntryPoint","urlTemplate":"https:\/\/elektrotec.com.br\/loja\/?s={search_term_string}"},"query-input":{"@type":"PropertyValueSpecification","valueRequired":true,"valueName":"search_term_string"}}],"inLanguage":"pt-BR"},{"@type":"Organization","@id":"https:\/\/elektrotec.com.br\/loja\/#organization","name":"Elektrotec","url":"https:\/\/elektrotec.com.br\/loja\/","logo":{"@type":"ImageObject","inLanguage":"pt-BR","@id":"https:\/\/elektrotec.com.br\/loja\/#\/schema\/logo\/image\/","url":"https:\/\/i0.wp.com\/elektrotec.com.br\/loja\/wp-content\/uploads\/2025\/05\/Logo-site-Elektrotec-Energy-1.webp?fit=270%2C70&ssl=1","contentUrl":"https:\/\/i0.wp.com\/elektrotec.com.br\/loja\/wp-content\/uploads\/2025\/05\/Logo-site-Elektrotec-Energy-1.webp?fit=270%2C70&ssl=1","width":270,"height":70,"caption":"Elektrotec"},"image":{"@id":"https:\/\/elektrotec.com.br\/loja\/#\/schema\/logo\/image\/"}}]}},"jetpack_sharing_enabled":true,"brands":[],"_links":{"self":[{"href":"https:\/\/elektrotec.com.br\/loja\/wp-json\/wp\/v2\/product\/580","targetHints":{"allow":["GET"]}}],"collection":[{"href":"https:\/\/elektrotec.com.br\/loja\/wp-json\/wp\/v2\/product"}],"about":[{"href":"https:\/\/elektrotec.com.br\/loja\/wp-json\/wp\/v2\/types\/product"}],"replies":[{"embeddable":true,"href":"https:\/\/elektrotec.com.br\/loja\/wp-json\/wp\/v2\/comments?post=580"}],"wp:featuredmedia":[{"embeddable":true,"href":"https:\/\/elektrotec.com.br\/loja\/wp-json\/wp\/v2\/media\/4251"}],"wp:attachment":[{"href":"https:\/\/elektrotec.com.br\/loja\/wp-json\/wp\/v2\/media?parent=580"}],"wp:term":[{"taxonomy":"pwb-brand","embeddable":true,"href":"https:\/\/elektrotec.com.br\/loja\/wp-json\/wp\/v2\/pwb-brand?post=580"},{"taxonomy":"product_brand","embeddable":true,"href":"https:\/\/elektrotec.com.br\/loja\/wp-json\/wp\/v2\/product_brand?post=580"},{"taxonomy":"product_cat","embeddable":true,"href":"https:\/\/elektrotec.com.br\/loja\/wp-json\/wp\/v2\/product_cat?post=580"},{"taxonomy":"product_tag","embeddable":true,"href":"https:\/\/elektrotec.com.br\/loja\/wp-json\/wp\/v2\/product_tag?post=580"}],"curies":[{"name":"wp","href":"https:\/\/api.w.org\/{rel}","templated":true}]}}