{"id":560,"date":"2025-02-11T12:00:56","date_gmt":"2025-02-11T15:00:56","guid":{"rendered":"http:\/\/dummy.xtemos.com\/woodmart2\/mega-electronics\/?post_type=product&#038;p=560"},"modified":"2025-02-11T21:12:29","modified_gmt":"2025-02-12T00:12:29","slug":"multifuncional-laser-color-hp-laserjet-pro-ethernet-wi-fi-conexao-usb-4303fdw","status":"publish","type":"product","link":"https:\/\/elektrotec.com.br\/loja\/produto\/multifuncional-laser-color-hp-laserjet-pro-ethernet-wi-fi-conexao-usb-4303fdw\/","title":{"rendered":"Multifuncional Laser Color HP, LaserJet Pro, Ethernet, Wi-fi, Conex\u00e3o USB, 4303FDW"},"content":{"rendered":"<div class=\"wpb-content-wrapper\"><p>[vc_row css=&#8221;.vc_custom_1739317874521{margin-bottom: 20px !important;}&#8221; woodmart_css_id=&#8221;67abe25d0306f&#8221; responsive_spacing=&#8221;eyJwYXJhbV90eXBlIjoid29vZG1hcnRfcmVzcG9uc2l2ZV9zcGFjaW5nIiwic2VsZWN0b3JfaWQiOiI2N2FiZTI1ZDAzMDZmIiwic2hvcnRjb2RlIjoidmNfcm93IiwiZGF0YSI6eyJ0YWJsZXQiOnsibWFyZ2luLWJvdHRvbSI6IjYwcHgifSwibW9iaWxlIjp7Im1hcmdpbi1ib3R0b20iOiI0MHB4In19fQ==&#8221; mobile_bg_img_hidden=&#8221;no&#8221; tablet_bg_img_hidden=&#8221;no&#8221; woodmart_parallax=&#8221;0&#8243; woodmart_gradient_switch=&#8221;no&#8221; woodmart_box_shadow=&#8221;no&#8221; wd_z_index=&#8221;no&#8221; woodmart_disable_overflow=&#8221;0&#8243; row_reverse_mobile=&#8221;0&#8243; row_reverse_tablet=&#8221;0&#8243; el_id=&#8221;codigo-77148&#8243;][vc_column css=&#8221;.vc_custom_1666272391679{padding-top: 0px !important;}&#8221; woodmart_css_id=&#8221;63514c8260958&#8243; parallax_scroll=&#8221;no&#8221; woodmart_sticky_column=&#8221;false&#8221; wd_collapsible_content_switcher=&#8221;no&#8221; wd_column_role_offcanvas_desktop=&#8221;no&#8221; wd_column_role_offcanvas_tablet=&#8221;no&#8221; wd_column_role_offcanvas_mobile=&#8221;no&#8221; wd_column_role_content_desktop=&#8221;no&#8221; wd_column_role_content_tablet=&#8221;no&#8221; wd_column_role_content_mobile=&#8221;no&#8221; mobile_bg_img_hidden=&#8221;no&#8221; tablet_bg_img_hidden=&#8221;no&#8221; woodmart_parallax=&#8221;0&#8243; woodmart_box_shadow=&#8221;no&#8221; responsive_spacing=&#8221;eyJwYXJhbV90eXBlIjoid29vZG1hcnRfcmVzcG9uc2l2ZV9zcGFjaW5nIiwic2VsZWN0b3JfaWQiOiI2MzUxNGM4MjYwOTU4Iiwic2hvcnRjb2RlIjoidmNfY29sdW1uIiwiZGF0YSI6eyJ0YWJsZXQiOnt9LCJtb2JpbGUiOnt9fX0=&#8221; mobile_reset_margin=&#8221;no&#8221; tablet_reset_margin=&#8221;no&#8221; wd_z_index=&#8221;no&#8221;]\t\t<div id=\"wd-67abe7611557b\" class=\"wd-text-block wd-wpb reset-last-child wd-rs-67abe7611557b text-left vc_custom_1739319150810\">\n\t\t\t<p>A impressora possui uma fun\u00e7\u00e3o de duplex autom\u00e1tica, o que significa que voc\u00ea pode imprimir em ambos os lados do papel sem precisar vir\u00e1-lo manualmente. Isso economiza tempo e recursos, tornando seu fluxo de trabalho mais eficiente.<\/p>\n<p>O alimentador autom\u00e1tico de documentos (ADF) da impressora tem capacidade para at\u00e9 50 folhas, permitindo que voc\u00ea digitalize e copie v\u00e1rias p\u00e1ginas de uma s\u00f3 vez. Isso \u00e9 especialmente \u00fatil quando voc\u00ea tem um grande volume de documentos para processar.<\/p>\n<p>A tela de toque em cores de 2,7&#8243; facilita a navega\u00e7\u00e3o pelo menu e a sele\u00e7\u00e3o das op\u00e7\u00f5es desejadas. Voc\u00ea pode ajustar as configura\u00e7\u00f5es de impress\u00e3o, digitaliza\u00e7\u00e3o e c\u00f3pia com facilidade e rapidez.<\/p>\n<p>A Multifuncional Laser HP Pro 4303FDW Mfp Laser Cor 33Ppm A4 \u00e9 compat\u00edvel com os toners W1030XC, que oferecem uma excelente qualidade de impress\u00e3o com resolu\u00e7\u00e3o de at\u00e9 1.200 x 1.200dpi. Isso garante que seus documentos e imagens tenham uma apar\u00eancia profissional e n\u00edtida.<\/p>\n<p>Com uma capacidade mensal recomendada de 750 a 4.000 p\u00e1ginas, essa impressora \u00e9 perfeita para uso dom\u00e9stico ou em pequenos escrit\u00f3rios. Ela pode lidar com uma carga de trabalho razo\u00e1vel sem comprometer a qualidade ou a velocidade.<\/p>\n<p>A Multifuncional Laser HP Pro 4303FDW Mfp Laser Cor 33Ppm A4 possui v\u00e1rias op\u00e7\u00f5es de conex\u00e3o, incluindo USB, Ethernet e Wireless. Isso significa que voc\u00ea pode imprimir facilmente a partir de qualquer dispositivo, seja um computador, smartphone ou tablet. Al\u00e9m disso, voc\u00ea pode at\u00e9 imprimir diretamente do seu smartphone usando o aplicativo HP.<\/p>\n<p>Velocidade de c\u00f3pia (normal)<br \/>\nPreto: At\u00e9 33 cpm Cor: At\u00e9 33 cpm<\/p>\n<p>Resolu\u00e7\u00e3o de c\u00f3pia (texto em preto)<br \/>\nAt\u00e9 600 x 600 dpi<\/p>\n<p>C\u00f3pias, no m\u00e1ximo<br \/>\nAt\u00e9 999 c\u00f3pias<\/p>\n<p>Velocidade de digitaliza\u00e7\u00e3o (normal, A4)<br \/>\nAt\u00e9 29 ppm, at\u00e9 26 ppm<\/p>\n<p>Capacidade do alimentador autom\u00e1tico de documentos<br \/>\nPadr\u00e3o, 50 folhas sem enrolamento<\/p>\n\t\t<\/div>\n\t\t[\/vc_column][\/vc_row][vc_row][vc_column][vc_separator border_width=&#8221;3&#8243; css=&#8221;.vc_custom_1739317625603{margin-top: 50px !important;margin-bottom: 50px !important;}&#8221; wd_hide_on_desktop=&#8221;no&#8221; wd_hide_on_tablet=&#8221;no&#8221; wd_hide_on_mobile=&#8221;no&#8221;][\/vc_column][\/vc_row][vc_row woodmart_css_id=&#8221;6377819b27d07&#8243; responsive_spacing=&#8221;eyJwYXJhbV90eXBlIjoid29vZG1hcnRfcmVzcG9uc2l2ZV9zcGFjaW5nIiwic2VsZWN0b3JfaWQiOiI2Mzc3ODE5YjI3ZDA3Iiwic2hvcnRjb2RlIjoidmNfcm93IiwiZGF0YSI6eyJ0YWJsZXQiOnt9LCJtb2JpbGUiOnt9fX0=&#8221; mobile_bg_img_hidden=&#8221;no&#8221; tablet_bg_img_hidden=&#8221;no&#8221; woodmart_parallax=&#8221;0&#8243; woodmart_gradient_switch=&#8221;no&#8221; woodmart_box_shadow=&#8221;no&#8221; wd_z_index=&#8221;no&#8221; woodmart_disable_overflow=&#8221;0&#8243; row_reverse_mobile=&#8221;0&#8243; row_reverse_tablet=&#8221;0&#8243;][vc_column css=&#8221;.vc_custom_1666272699823{padding-top: 0px !important;}&#8221; woodmart_css_id=&#8221;63514db6c5d19&#8243; parallax_scroll=&#8221;no&#8221; woodmart_sticky_column=&#8221;false&#8221; wd_collapsible_content_switcher=&#8221;no&#8221; wd_column_role_offcanvas_desktop=&#8221;no&#8221; wd_column_role_offcanvas_tablet=&#8221;no&#8221; wd_column_role_offcanvas_mobile=&#8221;no&#8221; wd_column_role_content_desktop=&#8221;no&#8221; wd_column_role_content_tablet=&#8221;no&#8221; wd_column_role_content_mobile=&#8221;no&#8221; mobile_bg_img_hidden=&#8221;no&#8221; tablet_bg_img_hidden=&#8221;no&#8221; woodmart_parallax=&#8221;0&#8243; woodmart_box_shadow=&#8221;no&#8221; responsive_spacing=&#8221;eyJwYXJhbV90eXBlIjoid29vZG1hcnRfcmVzcG9uc2l2ZV9zcGFjaW5nIiwic2VsZWN0b3JfaWQiOiI2MzUxNGRiNmM1ZDE5Iiwic2hvcnRjb2RlIjoidmNfY29sdW1uIiwiZGF0YSI6eyJ0YWJsZXQiOnt9LCJtb2JpbGUiOnt9fX0=&#8221; mobile_reset_margin=&#8221;no&#8221; tablet_reset_margin=&#8221;no&#8221; wd_z_index=&#8221;no&#8221;]\n\t\t<div id=\"wd-67abe620e09af\" class=\"title-wrapper wd-wpb wd-set-mb reset-last-child  wd-rs-67abe620e09af wd-title-color-default wd-title-style-default text-left vc_custom_1739318828981 wd-underline-colored\">\n\t\t\t\n\t\t\t<div class=\"liner-continer\">\n\t\t\t\t<h4 class=\"woodmart-title-container title  wd-font-weight- wd-fontsize-m\" >\ud83d\udccc Especifica\u00e7\u00f5es T\u00e9cnicas:<\/h4>\n\t\t\t\t\t\t\t<\/div>\n\t\t\t\n\t\t\t\n\t\t\t\n\t\t<\/div>\n\t\t\n\t\t\t\t<div id=\"wd-67abe6c2c22aa\" class=\"wd-text-block wd-wpb reset-last-child wd-rs-67abe6c2c22aa text-left \">\n\t\t\t<table class=\"info table-hover\">\n<tbody>\n<tr class=\"d0\">\n<td width=\"50%\"><strong>Conectividade:\u00a0<\/strong>USB 3.0, Wi-Fi, Rede Ethernet<\/td>\n<td width=\"50%\"><i class=\"fa pull-left fa-cubes\"><\/i><strong>Mem\u00f3ria:\u00a0<\/strong>512MB<\/td>\n<\/tr>\n<tr class=\"d1\">\n<td width=\"50%\"><i class=\"fa pull-left fa-fax\"><\/i><strong>Fun\u00e7\u00e3o Fax:\u00a0<\/strong>Sim<\/td>\n<td width=\"50%\"><i class=\"fa pull-left fa-apple\"><\/i><strong>Sistemas Operacionais Compat\u00edveis:\u00a0<\/strong>Windows 7 , Windows 10<\/td>\n<\/tr>\n<tr class=\"d0\">\n<td width=\"50%\"><i class=\"fa pull-left fa-plug\"><\/i><strong>Alimenta\u00e7\u00e3o:\u00a0<\/strong>110 V<\/td>\n<td width=\"50%\"><i class=\"fa pull-left fa-crosshairs\"><\/i><strong>Tecnologia:\u00a0<\/strong>Laser<\/td>\n<\/tr>\n<tr class=\"d1\">\n<td width=\"50%\"><i class=\"fa pull-left fa-tachometer\"><\/i><strong>Velocidade Max de Impress\u00e3o:\u00a0<\/strong>33ppm<\/td>\n<td width=\"50%\"><i class=\"fa pull-left fa-tint\"><\/i><strong>Impress\u00e3o Colorida:\u00a0<\/strong>sim<\/td>\n<\/tr>\n<tr class=\"d0\">\n<td width=\"50%\"><i class=\"fa pull-left fa-language\"><\/i><strong>Impress\u00e3o Frente e Verso:\u00a0<\/strong>Sim<\/td>\n<td width=\"50%\"><i class=\"fa pull-left fa-stack-overflow\"><\/i><strong>Capacidade M\u00e1xima de impress\u00e3o mensal (pags\/m\u00eas):\u00a0<\/strong>80.000<\/td>\n<\/tr>\n<tr class=\"d1\">\n<td width=\"50%\"><i class=\"fa pull-left fa-stack-overflow\"><\/i><strong>Capacidade Recomendada mensal (pags\/m\u00eas):\u00a0<\/strong>4000<\/td>\n<td width=\"50%\"><i class=\"fa pull-left fa-external-link\"><\/i><strong>Resolu\u00e7\u00e3o M\u00e1xima de Impress\u00e3o:\u00a0<\/strong>1200x1200dpi<\/td>\n<\/tr>\n<tr class=\"d0\">\n<td width=\"50%\"><i class=\"fa pull-left fa-tablet\"><\/i><strong>Impress\u00e3o via smartphones e tablets:\u00a0<\/strong>Sim<\/td>\n<td width=\"50%\"><i class=\"fa pull-left fa-hdd-o\"><\/i><strong>Impress\u00e3o Direta via USB ou Cart\u00e3o SD:\u00a0<\/strong>N\u00e3o<\/td>\n<\/tr>\n<tr class=\"d1\">\n<td width=\"50%\"><i class=\"fa pull-left fa-files-o\"><\/i><strong>Rendimento do Cartucho Inicial (em p\u00e1ginas):\u00a0<\/strong>9700<\/td>\n<td width=\"50%\"><i class=\"fa pull-left fa-file-o\"><\/i><strong>Tamanho de Papel:\u00a0<\/strong>A4 210 x 297 mm<\/td>\n<\/tr>\n<tr class=\"d0\">\n<td width=\"50%\"><i class=\"fa pull-left fa-file-text\"><\/i><strong>Gramatura m\u00e1xima do papel:\u00a0<\/strong>N\u00e3o<\/td>\n<td width=\"50%\"><i class=\"fa pull-left fa-file-text\"><\/i><strong>Gramatura m\u00e1xima do papel (bandeja multiuso):\u00a0<\/strong>N\u00e3o<\/td>\n<\/tr>\n<tr class=\"d1\">\n<td width=\"50%\"><i class=\"fa pull-left fa-inbox\"><\/i><strong>Capacidade Bandeja de Entrada:\u00a0<\/strong>250 Folhas<\/td>\n<td width=\"50%\"><i class=\"fa pull-left fa-inbox\"><\/i><strong>Capacidade Bandeja de Sa\u00edda:\u00a0<\/strong>150 folhas<\/td>\n<\/tr>\n<tr class=\"d0\">\n<td width=\"50%\"><i class=\"fa pull-left fa-download\"><\/i><strong>Capacidade Alimentador Autom\u00e1tico:\u00a0<\/strong>50 folhas<\/td>\n<td width=\"50%\"><i class=\"fa pull-left fa-inbox\"><\/i><strong>Capacidade Bandeja Multiuso:\u00a0<\/strong>N\u00e3o<\/td>\n<\/tr>\n<tr class=\"d1\">\n<td width=\"50%\"><i class=\"fa pull-left fa-search-plus\"><\/i><strong>Amplia\u00e7\u00e3o e Redu\u00e7\u00e3o:\u00a0<\/strong>200% &#8211; 50%<\/td>\n<td width=\"50%\"><i class=\"fa pull-left fa-files-o\"><\/i><strong>C\u00f3pia Frente e Verso:\u00a0<\/strong>Sim<\/td>\n<\/tr>\n<tr class=\"d0\">\n<td width=\"50%\"><i class=\"fa pull-left fa-object-group\"><\/i><strong>Tamanho M\u00e1ximo para Digitaliza\u00e7\u00e3o:\u00a0<\/strong>A4 (21\u00d729,7cm)<\/td>\n<td width=\"50%\"><i class=\"fa pull-left fa-arrows-alt\"><\/i><strong>Tamanho do Vidro de Documentos:\u00a0<\/strong>N\u00e3o<\/td>\n<\/tr>\n<tr class=\"d1\">\n<td width=\"50%\"><i class=\"fa pull-left fa-archive\"><\/i><strong>Itens Inclusos:\u00a0<\/strong>Cartucho Preto<\/td>\n<td width=\"50%\"><i class=\"fa pull-left fa-cube\"><\/i><strong>Dimens\u00f5es sem caixa (L x A x P):\u00a0<\/strong>60 x 50 x 50<\/td>\n<\/tr>\n<tr class=\"d0\">\n<td width=\"50%\"><i class=\"fa pull-left fa-stop\"><\/i><strong>Peso sem Caixa:\u00a0<\/strong>24,600<\/td>\n<td width=\"50%\"><i class=\"fa pull-left fa-trophy\"><\/i><strong>Garantia:\u00a0<\/strong>1 ano<\/td>\n<\/tr>\n<tr class=\"d1\">\n<td width=\"50%\"><i class=\"fa pull-left fa-barcode\"><\/i><strong>NCM:\u00a0<\/strong>84433115<\/td>\n<\/tr>\n<\/tbody>\n<\/table>\n\t\t<\/div>\n\t\t[\/vc_column][\/vc_row]<\/p>\n<\/div>","protected":false},"excerpt":{"rendered":"<p><strong>C\u00f3digo:<\/strong> <span style=\"color: #2a2a2a;\"><strong>77148<\/strong><\/span>\u00a0 \u00a0|\u00a0 \u00a0<strong>Mais produtos: <a href=\"https:\/\/elektrotec.com.br\/loja\/loja\/?filter_marcas=hp\">HP<\/a><\/strong>\u00a0 \u00a0|\u00a0 \u00a0<a href=\"https:\/\/elektrotec.com.br\/loja\/produto\/multifuncional-laser-color-hp-laserjet-pro-ethernet-wi-fi-conexao-usb-4303fdw\/#codigo-77148\"><strong>Descri\u00e7\u00e3o do produto<\/strong><\/a><\/p>\n","protected":false},"featured_media":4272,"comment_status":"open","ping_status":"closed","template":"","meta":{"pagelayer_contact_templates":[],"_pagelayer_content":"","_mbp_gutenberg_autopost":false},"pwb-brand":[],"product_brand":[],"product_cat":[291,26,70,135,241,25],"product_tag":[],"class_list":{"0":"post-560","1":"product","2":"type-product","3":"status-publish","4":"has-post-thumbnail","6":"product_cat-automacao-comercial","7":"product_cat-escritorio-e-papelaria","8":"product_cat-impressao-e-imagem","9":"product_cat-multifuncional-laser-color","10":"product_cat-suprimentos-corporativos","11":"product_cat-tecnologia-e-informatica","12":"product_shipping_class-logistica-quioske","14":"first","15":"instock","16":"shipping-taxable","17":"purchasable","18":"product-type-simple"},"yoast_head":"<!-- This site is optimized with the Yoast SEO plugin v27.2 - https:\/\/yoast.com\/product\/yoast-seo-wordpress\/ -->\n<title>Multifuncional Laser Color HP, LaserJet Pro, Ethernet, Wi-fi, Conex\u00e3o USB, 4303FDW | Elektrotec Store<\/title>\n<meta name=\"robots\" content=\"index, follow, max-snippet:-1, max-image-preview:large, max-video-preview:-1\" \/>\n<link rel=\"canonical\" href=\"https:\/\/elektrotec.com.br\/loja\/produto\/multifuncional-laser-color-hp-laserjet-pro-ethernet-wi-fi-conexao-usb-4303fdw\/\" \/>\n<meta property=\"og:locale\" content=\"pt_BR\" \/>\n<meta property=\"og:type\" content=\"article\" \/>\n<meta property=\"og:title\" content=\"Multifuncional Laser Color HP, LaserJet Pro, Ethernet, Wi-fi, Conex\u00e3o USB, 4303FDW | Elektrotec Store\" \/>\n<meta property=\"og:description\" content=\"C\u00f3digo: 77148\u00a0 \u00a0|\u00a0 \u00a0Mais produtos: HP\u00a0 \u00a0|\u00a0 \u00a0Descri\u00e7\u00e3o do produto\" \/>\n<meta property=\"og:url\" content=\"https:\/\/elektrotec.com.br\/loja\/produto\/multifuncional-laser-color-hp-laserjet-pro-ethernet-wi-fi-conexao-usb-4303fdw\/\" \/>\n<meta property=\"og:site_name\" content=\"Elektrotec Store\" \/>\n<meta property=\"article:modified_time\" content=\"2025-02-12T00:12:29+00:00\" \/>\n<meta property=\"og:image\" content=\"https:\/\/elektrotec.com.br\/loja\/wp-content\/uploads\/2025\/02\/77148-Multifuncional-Laser-Color-4303FDW.jpg\" \/>\n\t<meta property=\"og:image:width\" content=\"700\" \/>\n\t<meta property=\"og:image:height\" content=\"800\" \/>\n\t<meta property=\"og:image:type\" content=\"image\/jpeg\" \/>\n<meta name=\"twitter:card\" content=\"summary_large_image\" \/>\n<meta name=\"twitter:label1\" content=\"Est. tempo de leitura\" \/>\n\t<meta name=\"twitter:data1\" content=\"4 minutos\" \/>\n<script type=\"application\/ld+json\" class=\"yoast-schema-graph\">{\"@context\":\"https:\/\/schema.org\",\"@graph\":[{\"@type\":\"WebPage\",\"@id\":\"https:\/\/elektrotec.com.br\/loja\/produto\/multifuncional-laser-color-hp-laserjet-pro-ethernet-wi-fi-conexao-usb-4303fdw\/\",\"url\":\"https:\/\/elektrotec.com.br\/loja\/produto\/multifuncional-laser-color-hp-laserjet-pro-ethernet-wi-fi-conexao-usb-4303fdw\/\",\"name\":\"Multifuncional Laser Color HP, LaserJet Pro, Ethernet, Wi-fi, Conex\u00e3o USB, 4303FDW | Elektrotec Store\",\"isPartOf\":{\"@id\":\"https:\/\/elektrotec.com.br\/loja\/#website\"},\"primaryImageOfPage\":{\"@id\":\"https:\/\/elektrotec.com.br\/loja\/produto\/multifuncional-laser-color-hp-laserjet-pro-ethernet-wi-fi-conexao-usb-4303fdw\/#primaryimage\"},\"image\":{\"@id\":\"https:\/\/elektrotec.com.br\/loja\/produto\/multifuncional-laser-color-hp-laserjet-pro-ethernet-wi-fi-conexao-usb-4303fdw\/#primaryimage\"},\"thumbnailUrl\":\"https:\/\/i0.wp.com\/elektrotec.com.br\/loja\/wp-content\/uploads\/2025\/02\/77148-Multifuncional-Laser-Color-4303FDW.jpg?fit=700%2C800&ssl=1\",\"datePublished\":\"2025-02-11T15:00:56+00:00\",\"dateModified\":\"2025-02-12T00:12:29+00:00\",\"breadcrumb\":{\"@id\":\"https:\/\/elektrotec.com.br\/loja\/produto\/multifuncional-laser-color-hp-laserjet-pro-ethernet-wi-fi-conexao-usb-4303fdw\/#breadcrumb\"},\"inLanguage\":\"pt-BR\",\"potentialAction\":[{\"@type\":\"ReadAction\",\"target\":[\"https:\/\/elektrotec.com.br\/loja\/produto\/multifuncional-laser-color-hp-laserjet-pro-ethernet-wi-fi-conexao-usb-4303fdw\/\"]}]},{\"@type\":\"ImageObject\",\"inLanguage\":\"pt-BR\",\"@id\":\"https:\/\/elektrotec.com.br\/loja\/produto\/multifuncional-laser-color-hp-laserjet-pro-ethernet-wi-fi-conexao-usb-4303fdw\/#primaryimage\",\"url\":\"https:\/\/i0.wp.com\/elektrotec.com.br\/loja\/wp-content\/uploads\/2025\/02\/77148-Multifuncional-Laser-Color-4303FDW.jpg?fit=700%2C800&ssl=1\",\"contentUrl\":\"https:\/\/i0.wp.com\/elektrotec.com.br\/loja\/wp-content\/uploads\/2025\/02\/77148-Multifuncional-Laser-Color-4303FDW.jpg?fit=700%2C800&ssl=1\",\"width\":700,\"height\":800},{\"@type\":\"BreadcrumbList\",\"@id\":\"https:\/\/elektrotec.com.br\/loja\/produto\/multifuncional-laser-color-hp-laserjet-pro-ethernet-wi-fi-conexao-usb-4303fdw\/#breadcrumb\",\"itemListElement\":[{\"@type\":\"ListItem\",\"position\":1,\"name\":\"Home\",\"item\":\"https:\/\/elektrotec.com.br\/loja\/\"},{\"@type\":\"ListItem\",\"position\":2,\"name\":\"Ofertas do dia \u26a1\",\"item\":\"https:\/\/elektrotec.com.br\/loja\/loja\/\"},{\"@type\":\"ListItem\",\"position\":3,\"name\":\"Multifuncional Laser Color HP, LaserJet Pro, Ethernet, Wi-fi, Conex\u00e3o USB, 4303FDW\"}]},{\"@type\":\"WebSite\",\"@id\":\"https:\/\/elektrotec.com.br\/loja\/#website\",\"url\":\"https:\/\/elektrotec.com.br\/loja\/\",\"name\":\"Elektrotec Store\",\"description\":\"Solu\u00e7\u00f5es em Energia e Automa\u00e7\u00e3o Industrial\",\"publisher\":{\"@id\":\"https:\/\/elektrotec.com.br\/loja\/#organization\"},\"potentialAction\":[{\"@type\":\"SearchAction\",\"target\":{\"@type\":\"EntryPoint\",\"urlTemplate\":\"https:\/\/elektrotec.com.br\/loja\/?s={search_term_string}\"},\"query-input\":{\"@type\":\"PropertyValueSpecification\",\"valueRequired\":true,\"valueName\":\"search_term_string\"}}],\"inLanguage\":\"pt-BR\"},{\"@type\":\"Organization\",\"@id\":\"https:\/\/elektrotec.com.br\/loja\/#organization\",\"name\":\"Elektrotec\",\"url\":\"https:\/\/elektrotec.com.br\/loja\/\",\"logo\":{\"@type\":\"ImageObject\",\"inLanguage\":\"pt-BR\",\"@id\":\"https:\/\/elektrotec.com.br\/loja\/#\/schema\/logo\/image\/\",\"url\":\"https:\/\/i0.wp.com\/elektrotec.com.br\/loja\/wp-content\/uploads\/2025\/05\/Logo-site-Elektrotec-Energy-1.webp?fit=270%2C70&ssl=1\",\"contentUrl\":\"https:\/\/i0.wp.com\/elektrotec.com.br\/loja\/wp-content\/uploads\/2025\/05\/Logo-site-Elektrotec-Energy-1.webp?fit=270%2C70&ssl=1\",\"width\":270,\"height\":70,\"caption\":\"Elektrotec\"},\"image\":{\"@id\":\"https:\/\/elektrotec.com.br\/loja\/#\/schema\/logo\/image\/\"}}]}<\/script>\n<!-- \/ Yoast SEO plugin. -->","yoast_head_json":{"title":"Multifuncional Laser Color HP, LaserJet Pro, Ethernet, Wi-fi, Conex\u00e3o USB, 4303FDW | Elektrotec Store","robots":{"index":"index","follow":"follow","max-snippet":"max-snippet:-1","max-image-preview":"max-image-preview:large","max-video-preview":"max-video-preview:-1"},"canonical":"https:\/\/elektrotec.com.br\/loja\/produto\/multifuncional-laser-color-hp-laserjet-pro-ethernet-wi-fi-conexao-usb-4303fdw\/","og_locale":"pt_BR","og_type":"article","og_title":"Multifuncional Laser Color HP, LaserJet Pro, Ethernet, Wi-fi, Conex\u00e3o USB, 4303FDW | Elektrotec Store","og_description":"C\u00f3digo: 77148\u00a0 \u00a0|\u00a0 \u00a0Mais produtos: HP\u00a0 \u00a0|\u00a0 \u00a0Descri\u00e7\u00e3o do produto","og_url":"https:\/\/elektrotec.com.br\/loja\/produto\/multifuncional-laser-color-hp-laserjet-pro-ethernet-wi-fi-conexao-usb-4303fdw\/","og_site_name":"Elektrotec Store","article_modified_time":"2025-02-12T00:12:29+00:00","og_image":[{"width":700,"height":800,"url":"https:\/\/elektrotec.com.br\/loja\/wp-content\/uploads\/2025\/02\/77148-Multifuncional-Laser-Color-4303FDW.jpg","type":"image\/jpeg"}],"twitter_card":"summary_large_image","twitter_misc":{"Est. tempo de leitura":"4 minutos"},"schema":{"@context":"https:\/\/schema.org","@graph":[{"@type":"WebPage","@id":"https:\/\/elektrotec.com.br\/loja\/produto\/multifuncional-laser-color-hp-laserjet-pro-ethernet-wi-fi-conexao-usb-4303fdw\/","url":"https:\/\/elektrotec.com.br\/loja\/produto\/multifuncional-laser-color-hp-laserjet-pro-ethernet-wi-fi-conexao-usb-4303fdw\/","name":"Multifuncional Laser Color HP, LaserJet Pro, Ethernet, Wi-fi, Conex\u00e3o USB, 4303FDW | Elektrotec Store","isPartOf":{"@id":"https:\/\/elektrotec.com.br\/loja\/#website"},"primaryImageOfPage":{"@id":"https:\/\/elektrotec.com.br\/loja\/produto\/multifuncional-laser-color-hp-laserjet-pro-ethernet-wi-fi-conexao-usb-4303fdw\/#primaryimage"},"image":{"@id":"https:\/\/elektrotec.com.br\/loja\/produto\/multifuncional-laser-color-hp-laserjet-pro-ethernet-wi-fi-conexao-usb-4303fdw\/#primaryimage"},"thumbnailUrl":"https:\/\/i0.wp.com\/elektrotec.com.br\/loja\/wp-content\/uploads\/2025\/02\/77148-Multifuncional-Laser-Color-4303FDW.jpg?fit=700%2C800&ssl=1","datePublished":"2025-02-11T15:00:56+00:00","dateModified":"2025-02-12T00:12:29+00:00","breadcrumb":{"@id":"https:\/\/elektrotec.com.br\/loja\/produto\/multifuncional-laser-color-hp-laserjet-pro-ethernet-wi-fi-conexao-usb-4303fdw\/#breadcrumb"},"inLanguage":"pt-BR","potentialAction":[{"@type":"ReadAction","target":["https:\/\/elektrotec.com.br\/loja\/produto\/multifuncional-laser-color-hp-laserjet-pro-ethernet-wi-fi-conexao-usb-4303fdw\/"]}]},{"@type":"ImageObject","inLanguage":"pt-BR","@id":"https:\/\/elektrotec.com.br\/loja\/produto\/multifuncional-laser-color-hp-laserjet-pro-ethernet-wi-fi-conexao-usb-4303fdw\/#primaryimage","url":"https:\/\/i0.wp.com\/elektrotec.com.br\/loja\/wp-content\/uploads\/2025\/02\/77148-Multifuncional-Laser-Color-4303FDW.jpg?fit=700%2C800&ssl=1","contentUrl":"https:\/\/i0.wp.com\/elektrotec.com.br\/loja\/wp-content\/uploads\/2025\/02\/77148-Multifuncional-Laser-Color-4303FDW.jpg?fit=700%2C800&ssl=1","width":700,"height":800},{"@type":"BreadcrumbList","@id":"https:\/\/elektrotec.com.br\/loja\/produto\/multifuncional-laser-color-hp-laserjet-pro-ethernet-wi-fi-conexao-usb-4303fdw\/#breadcrumb","itemListElement":[{"@type":"ListItem","position":1,"name":"Home","item":"https:\/\/elektrotec.com.br\/loja\/"},{"@type":"ListItem","position":2,"name":"Ofertas do dia \u26a1","item":"https:\/\/elektrotec.com.br\/loja\/loja\/"},{"@type":"ListItem","position":3,"name":"Multifuncional Laser Color HP, LaserJet Pro, Ethernet, Wi-fi, Conex\u00e3o USB, 4303FDW"}]},{"@type":"WebSite","@id":"https:\/\/elektrotec.com.br\/loja\/#website","url":"https:\/\/elektrotec.com.br\/loja\/","name":"Elektrotec Store","description":"Solu\u00e7\u00f5es em Energia e Automa\u00e7\u00e3o Industrial","publisher":{"@id":"https:\/\/elektrotec.com.br\/loja\/#organization"},"potentialAction":[{"@type":"SearchAction","target":{"@type":"EntryPoint","urlTemplate":"https:\/\/elektrotec.com.br\/loja\/?s={search_term_string}"},"query-input":{"@type":"PropertyValueSpecification","valueRequired":true,"valueName":"search_term_string"}}],"inLanguage":"pt-BR"},{"@type":"Organization","@id":"https:\/\/elektrotec.com.br\/loja\/#organization","name":"Elektrotec","url":"https:\/\/elektrotec.com.br\/loja\/","logo":{"@type":"ImageObject","inLanguage":"pt-BR","@id":"https:\/\/elektrotec.com.br\/loja\/#\/schema\/logo\/image\/","url":"https:\/\/i0.wp.com\/elektrotec.com.br\/loja\/wp-content\/uploads\/2025\/05\/Logo-site-Elektrotec-Energy-1.webp?fit=270%2C70&ssl=1","contentUrl":"https:\/\/i0.wp.com\/elektrotec.com.br\/loja\/wp-content\/uploads\/2025\/05\/Logo-site-Elektrotec-Energy-1.webp?fit=270%2C70&ssl=1","width":270,"height":70,"caption":"Elektrotec"},"image":{"@id":"https:\/\/elektrotec.com.br\/loja\/#\/schema\/logo\/image\/"}}]}},"jetpack_sharing_enabled":true,"brands":[],"_links":{"self":[{"href":"https:\/\/elektrotec.com.br\/loja\/wp-json\/wp\/v2\/product\/560","targetHints":{"allow":["GET"]}}],"collection":[{"href":"https:\/\/elektrotec.com.br\/loja\/wp-json\/wp\/v2\/product"}],"about":[{"href":"https:\/\/elektrotec.com.br\/loja\/wp-json\/wp\/v2\/types\/product"}],"replies":[{"embeddable":true,"href":"https:\/\/elektrotec.com.br\/loja\/wp-json\/wp\/v2\/comments?post=560"}],"wp:featuredmedia":[{"embeddable":true,"href":"https:\/\/elektrotec.com.br\/loja\/wp-json\/wp\/v2\/media\/4272"}],"wp:attachment":[{"href":"https:\/\/elektrotec.com.br\/loja\/wp-json\/wp\/v2\/media?parent=560"}],"wp:term":[{"taxonomy":"pwb-brand","embeddable":true,"href":"https:\/\/elektrotec.com.br\/loja\/wp-json\/wp\/v2\/pwb-brand?post=560"},{"taxonomy":"product_brand","embeddable":true,"href":"https:\/\/elektrotec.com.br\/loja\/wp-json\/wp\/v2\/product_brand?post=560"},{"taxonomy":"product_cat","embeddable":true,"href":"https:\/\/elektrotec.com.br\/loja\/wp-json\/wp\/v2\/product_cat?post=560"},{"taxonomy":"product_tag","embeddable":true,"href":"https:\/\/elektrotec.com.br\/loja\/wp-json\/wp\/v2\/product_tag?post=560"}],"curies":[{"name":"wp","href":"https:\/\/api.w.org\/{rel}","templated":true}]}}