{"id":542,"date":"2025-09-09T10:00:13","date_gmt":"2025-09-09T13:00:13","guid":{"rendered":"http:\/\/dummy.xtemos.com\/woodmart2\/mega-electronics\/?post_type=product&#038;p=542"},"modified":"2025-09-09T18:53:16","modified_gmt":"2025-09-09T21:53:16","slug":"smart-tv-lg-50-ultra-hd-4k-50uq801cb-wi-fi-bluetooth-ai-lg-thinq-filmaker-mode","status":"publish","type":"product","link":"https:\/\/elektrotec.com.br\/loja\/produto\/smart-tv-lg-50-ultra-hd-4k-50uq801cb-wi-fi-bluetooth-ai-lg-thinq-filmaker-mode\/","title":{"rendered":"Smart TV LG 50&#8243; Ultra HD 4K 50UQ801CB Wi-Fi Bluetooth AI LG Thinq Filmaker Mode"},"content":{"rendered":"<div class=\"wpb-content-wrapper\"><p>[vc_row css=&#8221;.vc_custom_1739371349402{margin-bottom: 20px !important;}&#8221; woodmart_css_id=&#8221;67acb349a9a57&#8243; responsive_spacing=&#8221;eyJwYXJhbV90eXBlIjoid29vZG1hcnRfcmVzcG9uc2l2ZV9zcGFjaW5nIiwic2VsZWN0b3JfaWQiOiI2N2FjYjM0OWE5YTU3Iiwic2hvcnRjb2RlIjoidmNfcm93IiwiZGF0YSI6eyJ0YWJsZXQiOnsibWFyZ2luLWJvdHRvbSI6IjYwcHgifSwibW9iaWxlIjp7Im1hcmdpbi1ib3R0b20iOiI0MHB4In19fQ==&#8221; mobile_bg_img_hidden=&#8221;no&#8221; tablet_bg_img_hidden=&#8221;no&#8221; woodmart_parallax=&#8221;0&#8243; woodmart_gradient_switch=&#8221;no&#8221; woodmart_box_shadow=&#8221;no&#8221; wd_z_index=&#8221;no&#8221; woodmart_disable_overflow=&#8221;0&#8243; row_reverse_mobile=&#8221;0&#8243; row_reverse_tablet=&#8221;0&#8243; el_id=&#8221;codigo-50UT801CB&#8221;][vc_column css=&#8221;.vc_custom_1666272391679{padding-top: 0px !important;}&#8221; woodmart_css_id=&#8221;63514c8260958&#8243; parallax_scroll=&#8221;no&#8221; woodmart_sticky_column=&#8221;false&#8221; wd_collapsible_content_switcher=&#8221;no&#8221; wd_column_role_offcanvas_desktop=&#8221;no&#8221; wd_column_role_offcanvas_tablet=&#8221;no&#8221; wd_column_role_offcanvas_mobile=&#8221;no&#8221; wd_column_role_content_desktop=&#8221;no&#8221; wd_column_role_content_tablet=&#8221;no&#8221; wd_column_role_content_mobile=&#8221;no&#8221; mobile_bg_img_hidden=&#8221;no&#8221; tablet_bg_img_hidden=&#8221;no&#8221; woodmart_parallax=&#8221;0&#8243; woodmart_box_shadow=&#8221;no&#8221; responsive_spacing=&#8221;eyJwYXJhbV90eXBlIjoid29vZG1hcnRfcmVzcG9uc2l2ZV9zcGFjaW5nIiwic2VsZWN0b3JfaWQiOiI2MzUxNGM4MjYwOTU4Iiwic2hvcnRjb2RlIjoidmNfY29sdW1uIiwiZGF0YSI6eyJ0YWJsZXQiOnt9LCJtb2JpbGUiOnt9fX0=&#8221; mobile_reset_margin=&#8221;no&#8221; tablet_reset_margin=&#8221;no&#8221; wd_z_index=&#8221;no&#8221;]\t\t<div id=\"wd-67acb3419acf0\" class=\"wd-text-block wd-wpb reset-last-child wd-rs-67acb3419acf0 text-left vc_custom_1739371340106\">\n\t\t\t<p><strong><span class=\"sc-kDvujY kknhWA\" data-testid=\"product-detail-title\">SMART TV 50 LG 4K UHD INTELIGENCIA ARTIFICIAL LG THINQ, FILMMAKER MODE 50UQ801CB<\/span><\/strong><\/p>\n<div class=\"sc-hLBbgP eodrha sc-dASMHb dGELHv\" data-testid=\"product-detail-description\">\n<div class=\"sc-hLBbgP gcxrmT sc-cxZDOJ kXmSoJ\" data-testid=\"rich-content-container\">A nova Smart TV LG 50UQ801CB 4K lhe proporciona uma imers\u00e3o surreal com qualidade de imagem realista e cores vivas com quatro vezes mais precis\u00e3o de pixels.<br \/>\nO processador a5 remove o ru\u00eddo gr\u00e1fico, acentua o contraste e cria cores mais vibrantes.<br \/>\nAs imagens de baixa resolu\u00e7\u00e3o s\u00e3o redimensionadas e reproduzidas com qualidade pr\u00f3xima \u00e0 das imagens 4K.<br \/>\nA TV LG FHD oferece cores vibrantes e muitos detalhes com HDR ativo.<br \/>\nCurta seus filmes favoritos com a mesma qualidade do original em v\u00e1rios formatos HDR10 e HLG.<br \/>\nCom os alto-falantes embutidos na TV, voc\u00ea pode experimentar um som rico e multidimensional.<br \/>\nRealce sua experi\u00eancia de visualiza\u00e7\u00e3o com o som vindo de todas as dire\u00e7\u00f5es.<br \/>\nMoldura fina e acabamento elegante para harmonizar com o seu ambiente e melhorar a experi\u00eancia de visualiza\u00e7\u00e3o.<br \/>\nQuatro processadores r\u00e1pidos e precisos eliminam o ru\u00eddo e criam cores e contrastes mais din\u00e2micos.<br \/>\nAs imagens de baixa resolu\u00e7\u00e3o s\u00e3o ampliadas e reproduzidas com mais nitidez e vivacidade.<br \/>\nA LG ThinQ est\u00e1 aqui para maximizar sua experi\u00eancia de TV.<br \/>\nEscolha seu assistente de voz favorito e controle a TV com a voz, com uma nova tela inicial para proporcionar mais conveni\u00eancia e controle.<br \/>\nA LG ThinQ possibilita comando e controle por meio do reconhecimento de voz natural.<br \/>\nVoc\u00ea pode controlar a TV LG com a voz e acessar o entretenimento mais rapidamente.<\/div>\n<\/div>\n\t\t<\/div>\n\t\t[\/vc_column][\/vc_row][vc_row][vc_column][vc_separator border_width=&#8221;3&#8243; css=&#8221;.vc_custom_1739370899484{margin-top: 50px !important;margin-bottom: 50px !important;}&#8221; wd_hide_on_desktop=&#8221;no&#8221; wd_hide_on_tablet=&#8221;no&#8221; wd_hide_on_mobile=&#8221;no&#8221;][\/vc_column][\/vc_row][vc_row woodmart_css_id=&#8221;6377819b27d07&#8243; responsive_spacing=&#8221;eyJwYXJhbV90eXBlIjoid29vZG1hcnRfcmVzcG9uc2l2ZV9zcGFjaW5nIiwic2VsZWN0b3JfaWQiOiI2Mzc3ODE5YjI3ZDA3Iiwic2hvcnRjb2RlIjoidmNfcm93IiwiZGF0YSI6eyJ0YWJsZXQiOnt9LCJtb2JpbGUiOnt9fX0=&#8221; mobile_bg_img_hidden=&#8221;no&#8221; tablet_bg_img_hidden=&#8221;no&#8221; woodmart_parallax=&#8221;0&#8243; woodmart_gradient_switch=&#8221;no&#8221; woodmart_box_shadow=&#8221;no&#8221; wd_z_index=&#8221;no&#8221; woodmart_disable_overflow=&#8221;0&#8243; row_reverse_mobile=&#8221;0&#8243; row_reverse_tablet=&#8221;0&#8243;][vc_column css=&#8221;.vc_custom_1666272699823{padding-top: 0px !important;}&#8221; woodmart_css_id=&#8221;63514db6c5d19&#8243; parallax_scroll=&#8221;no&#8221; woodmart_sticky_column=&#8221;false&#8221; wd_collapsible_content_switcher=&#8221;no&#8221; wd_column_role_offcanvas_desktop=&#8221;no&#8221; wd_column_role_offcanvas_tablet=&#8221;no&#8221; wd_column_role_offcanvas_mobile=&#8221;no&#8221; wd_column_role_content_desktop=&#8221;no&#8221; wd_column_role_content_tablet=&#8221;no&#8221; wd_column_role_content_mobile=&#8221;no&#8221; mobile_bg_img_hidden=&#8221;no&#8221; tablet_bg_img_hidden=&#8221;no&#8221; woodmart_parallax=&#8221;0&#8243; woodmart_box_shadow=&#8221;no&#8221; responsive_spacing=&#8221;eyJwYXJhbV90eXBlIjoid29vZG1hcnRfcmVzcG9uc2l2ZV9zcGFjaW5nIiwic2VsZWN0b3JfaWQiOiI2MzUxNGRiNmM1ZDE5Iiwic2hvcnRjb2RlIjoidmNfY29sdW1uIiwiZGF0YSI6eyJ0YWJsZXQiOnt9LCJtb2JpbGUiOnt9fX0=&#8221; mobile_reset_margin=&#8221;no&#8221; tablet_reset_margin=&#8221;no&#8221; wd_z_index=&#8221;no&#8221;]\n\t\t<div id=\"wd-67acb1dab8c31\" class=\"title-wrapper wd-wpb wd-set-mb reset-last-child  wd-rs-67acb1dab8c31 wd-title-color-default wd-title-style-default text-left vc_custom_1739370985734 wd-underline-colored\">\n\t\t\t\n\t\t\t<div class=\"liner-continer\">\n\t\t\t\t<h4 class=\"woodmart-title-container title  wd-font-weight- wd-fontsize-m\" >\ud83d\udccc Especifica\u00e7\u00f5es T\u00e9cnicas:<\/h4>\n\t\t\t\t\t\t\t<\/div>\n\t\t\t\n\t\t\t\n\t\t\t\n\t\t<\/div>\n\t\t\n\t\t\t\t<div id=\"wd-67acb36848e97\" class=\"wd-text-block wd-wpb reset-last-child wd-rs-67acb36848e97 text-left \">\n\t\t\t<h4 class=\"sc-hLBbgP gcxrmT sc-cxZDOJ kXmSoJ\" data-testid=\"rich-content-container\">Geral:<\/h4>\n<ul>\n<li class=\"sc-hLBbgP gcxrmT sc-cxZDOJ kXmSoJ\" data-testid=\"rich-content-container\">Tamanho da tela: 50&#8243;<\/li>\n<li class=\"sc-hLBbgP gcxrmT sc-cxZDOJ kXmSoJ\" data-testid=\"rich-content-container\">Resolu\u00e7\u00e3o: HD 4K (3840&#215;2160)<\/li>\n<li class=\"sc-hLBbgP gcxrmT sc-cxZDOJ kXmSoJ\" data-testid=\"rich-content-container\">Tipo de Painel: LCD\/LED<\/li>\n<\/ul>\n<h4>Funcionalidades:<\/h4>\n<ul>\n<li>Sistema Operacional: webOS<\/li>\n<li>ThinQ AI: Sim<\/li>\n<li>Painel de Controle: Sim<\/li>\n<li>Music Player: Sim<\/li>\n<li>LG Content Store: Sim<\/li>\n<li>Screenshare: Sim<\/li>\n<li>Reprodutor Audio Bluetooth: Sim<\/li>\n<li>Navegador: Sim<\/li>\n<li>Modo Hotel: Sim<\/li>\n<\/ul>\n<h4>Imagem:<\/h4>\n<ul>\n<li>DTV: Sim<\/li>\n<li>Filmmaker Mode: Sim<\/li>\n<li>Upscaler: 4K Upscaler<\/li>\n<li>Padr\u00e3o de Imagem: NTSC, PAL-M\/N, SBTVD<\/li>\n<li>AI Picture Pro: Sim<\/li>\n<li>AI Brightness: Sim<\/li>\n<\/ul>\n<h4>\u00c1udio:<\/h4>\n<ul>\n<li>Canais: 2.0<\/li>\n<li>Pot\u00eancia (RMS): 20W<\/li>\n<li>Sound Sync: Sim<\/li>\n<li>AI Sound: Sim<\/li>\n<\/ul>\n<h4>Conex\u00f5es:<\/h4>\n<ul>\n<li>Entrada HDMI 2.0: 3<\/li>\n<li>Entrada USB: 2<\/li>\n<li>Entrada RF: 1<\/li>\n<li>Sa\u00edda Digital \u00d3ptica: 1<\/li>\n<li>Bluetooth In\/Out: Sim<\/li>\n<li>RJ45 (LAN): Sim<\/li>\n<li>Wi-Fi: Sim<\/li>\n<\/ul>\n<h4>Informa\u00e7\u00f5es t\u00e9cnicas:<\/h4>\n<ul>\n<li>Alimenta\u00e7\u00e3o: AC 100-240V ~ 50\/60Hz<\/li>\n<li>Consumo m\u00e9dio (W): 130<\/li>\n<li>Consumo Standby (W): &gt;1<\/li>\n<li>Fura\u00e7\u00e3o VESA: 200 x 200<\/li>\n<li>Homologa\u00e7\u00e3o Anatel: 11524-20-01925<\/li>\n<li>Cor da borda: Dark Iron Gray<\/li>\n<li>Cor da base TV: Dark Iron Gray<\/li>\n<li>Formato da Base: 2 Pole<\/li>\n<\/ul>\n<h4 class=\"sc-hLBbgP gcxrmT sc-cxZDOJ kXmSoJ\" data-testid=\"rich-content-container\">Dimens\u00f5es do produto:<\/h4>\n<ul>\n<li class=\"sc-hLBbgP gcxrmT sc-cxZDOJ kXmSoJ\" data-testid=\"rich-content-container\">Largura: 97,3cm<\/li>\n<li data-testid=\"rich-content-container\">Altura: 61,1cm<\/li>\n<li data-testid=\"rich-content-container\">Profundidade: 18,7<\/li>\n<li data-testid=\"rich-content-container\">Peso do Produto (Kg): 11,7<\/li>\n<\/ul>\n<h4 class=\"sc-hLBbgP gcxrmT sc-cxZDOJ kXmSoJ\" data-testid=\"rich-content-container\">Conte\u00fado da embalagem:<\/h4>\n<ul>\n<li class=\"sc-hLBbgP gcxrmT sc-cxZDOJ kXmSoJ\" data-testid=\"rich-content-container\">Smart TV LED 50&#8243; HD 4K LG 50UQ801C0SB ThinQ AI<\/li>\n<li class=\"sc-hLBbgP gcxrmT sc-cxZDOJ kXmSoJ\" data-testid=\"rich-content-container\">Controle remoto convencional<\/li>\n<li class=\"sc-hLBbgP gcxrmT sc-cxZDOJ kXmSoJ\" data-testid=\"rich-content-container\">Cabo de for\u00e7a<\/li>\n<li class=\"sc-hLBbgP gcxrmT sc-cxZDOJ kXmSoJ\" data-testid=\"rich-content-container\">Manual de instru\u00e7\u00f5es<\/li>\n<\/ul>\n<h4 data-testid=\"rich-content-container\">Informa\u00e7\u00f5es complementares:<\/h4>\n<ul>\n<li data-testid=\"rich-content-container\">Conectividade: WiFi, Bluetooth, HDMI, USB, RF<\/li>\n<li data-testid=\"rich-content-container\">Frequ\u00eancia: 60 Hz<\/li>\n<li data-testid=\"rich-content-container\">Marca: LG<\/li>\n<li data-testid=\"rich-content-container\">Polegadas: 50&#8243;<\/li>\n<li data-testid=\"rich-content-container\">Resolu\u00e7\u00e3o: 4K<\/li>\n<li data-testid=\"rich-content-container\">Sistema Operacional: WebOS<\/li>\n<li data-testid=\"rich-content-container\">Tipo de Painel: LED<\/li>\n<li data-testid=\"rich-content-container\">Garantia: 1 ano ap\u00f3s o recebimento do produto<\/li>\n<\/ul>\n\t\t<\/div>\n\t\t[\/vc_column][\/vc_row]<\/p>\n<\/div>","protected":false},"excerpt":{"rendered":"<p><strong>C\u00f3digo:<\/strong> <span style=\"color: #2a2a2a;\"><strong>50UT801CB<\/strong><\/span>\u00a0 \u00a0|\u00a0 \u00a0<strong>Mais produtos: <a href=\"https:\/\/elektrotec.com.br\/loja\/loja\/?filter_marcas=lg\">LG<\/a><\/strong>\u00a0 |\u00a0 \u00a0<a href=\"https:\/\/elektrotec.com.br\/loja\/produto\/smart-tv-lg-50-ultra-hd-4k-50uq801cb-wi-fi-bluetooth-ai-lg-thinq-filmaker-mode\/#codigo-50UT801CB\"><strong>Descri\u00e7\u00e3o do produto<\/strong><\/a><\/p>\n","protected":false},"featured_media":4301,"comment_status":"open","ping_status":"closed","template":"","meta":{"pagelayer_contact_templates":[],"_pagelayer_content":"","_mbp_gutenberg_autopost":false},"pwb-brand":[],"product_brand":[],"product_cat":[104,74,72,30],"product_tag":[],"class_list":{"0":"post-542","1":"product","2":"type-product","3":"status-publish","4":"has-post-thumbnail","6":"product_cat-eletronicos","7":"product_cat-smart-tv","8":"product_cat-smart-tv-e-tvs","9":"product_cat-tvs-videos","10":"product_shipping_class-logistica-quioske","12":"first","13":"instock","14":"shipping-taxable","15":"purchasable","16":"product-type-simple"},"yoast_head":"<!-- This site is optimized with the Yoast SEO plugin v27.2 - https:\/\/yoast.com\/product\/yoast-seo-wordpress\/ -->\n<title>Smart TV LG 50&quot; Ultra HD 4K 50UQ801CB Wi-Fi Bluetooth AI LG Thinq Filmaker Mode | Elektrotec Store<\/title>\n<meta name=\"description\" content=\"A nova Smart TV LG 50UQ801CB 4K lhe proporciona uma imers\u00e3o surreal com qualidade de imagem realista e cores vivas com quatro vezes mais precis\u00e3o de pixels.\" \/>\n<meta name=\"robots\" content=\"index, follow, max-snippet:-1, max-image-preview:large, max-video-preview:-1\" \/>\n<link rel=\"canonical\" href=\"https:\/\/elektrotec.com.br\/loja\/produto\/smart-tv-lg-50-ultra-hd-4k-50uq801cb-wi-fi-bluetooth-ai-lg-thinq-filmaker-mode\/\" \/>\n<meta property=\"og:locale\" content=\"pt_BR\" \/>\n<meta property=\"og:type\" content=\"article\" \/>\n<meta property=\"og:title\" content=\"Smart TV LG 50&quot; Ultra HD 4K 50UQ801CB Wi-Fi Bluetooth AI LG Thinq Filmaker Mode | Elektrotec Store\" \/>\n<meta property=\"og:description\" content=\"A nova Smart TV LG 50UQ801CB 4K lhe proporciona uma imers\u00e3o surreal com qualidade de imagem realista e cores vivas com quatro vezes mais precis\u00e3o de pixels.\" \/>\n<meta property=\"og:url\" content=\"https:\/\/elektrotec.com.br\/loja\/produto\/smart-tv-lg-50-ultra-hd-4k-50uq801cb-wi-fi-bluetooth-ai-lg-thinq-filmaker-mode\/\" \/>\n<meta property=\"og:site_name\" content=\"Elektrotec Store\" \/>\n<meta property=\"article:modified_time\" content=\"2025-09-09T21:53:16+00:00\" \/>\n<meta property=\"og:image\" content=\"https:\/\/elektrotec.com.br\/loja\/wp-content\/uploads\/2025\/02\/50UQ801CB-TV-LG-50-LED-4K-UHD-Smart-Pro.jpg\" \/>\n\t<meta property=\"og:image:width\" content=\"700\" \/>\n\t<meta property=\"og:image:height\" content=\"800\" \/>\n\t<meta property=\"og:image:type\" content=\"image\/jpeg\" \/>\n<meta name=\"twitter:card\" content=\"summary_large_image\" \/>\n<meta name=\"twitter:label1\" content=\"Est. tempo de leitura\" \/>\n\t<meta name=\"twitter:data1\" content=\"4 minutos\" \/>\n<script type=\"application\/ld+json\" class=\"yoast-schema-graph\">{\"@context\":\"https:\/\/schema.org\",\"@graph\":[{\"@type\":\"WebPage\",\"@id\":\"https:\/\/elektrotec.com.br\/loja\/produto\/smart-tv-lg-50-ultra-hd-4k-50uq801cb-wi-fi-bluetooth-ai-lg-thinq-filmaker-mode\/\",\"url\":\"https:\/\/elektrotec.com.br\/loja\/produto\/smart-tv-lg-50-ultra-hd-4k-50uq801cb-wi-fi-bluetooth-ai-lg-thinq-filmaker-mode\/\",\"name\":\"Smart TV LG 50\\\" Ultra HD 4K 50UQ801CB Wi-Fi Bluetooth AI LG Thinq Filmaker Mode | Elektrotec Store\",\"isPartOf\":{\"@id\":\"https:\/\/elektrotec.com.br\/loja\/#website\"},\"primaryImageOfPage\":{\"@id\":\"https:\/\/elektrotec.com.br\/loja\/produto\/smart-tv-lg-50-ultra-hd-4k-50uq801cb-wi-fi-bluetooth-ai-lg-thinq-filmaker-mode\/#primaryimage\"},\"image\":{\"@id\":\"https:\/\/elektrotec.com.br\/loja\/produto\/smart-tv-lg-50-ultra-hd-4k-50uq801cb-wi-fi-bluetooth-ai-lg-thinq-filmaker-mode\/#primaryimage\"},\"thumbnailUrl\":\"https:\/\/i0.wp.com\/elektrotec.com.br\/loja\/wp-content\/uploads\/2025\/02\/50UQ801CB-TV-LG-50-LED-4K-UHD-Smart-Pro.jpg?fit=700%2C800&ssl=1\",\"datePublished\":\"2025-09-09T13:00:13+00:00\",\"dateModified\":\"2025-09-09T21:53:16+00:00\",\"description\":\"A nova Smart TV LG 50UQ801CB 4K lhe proporciona uma imers\u00e3o surreal com qualidade de imagem realista e cores vivas com quatro vezes mais precis\u00e3o de pixels.\",\"breadcrumb\":{\"@id\":\"https:\/\/elektrotec.com.br\/loja\/produto\/smart-tv-lg-50-ultra-hd-4k-50uq801cb-wi-fi-bluetooth-ai-lg-thinq-filmaker-mode\/#breadcrumb\"},\"inLanguage\":\"pt-BR\",\"potentialAction\":[{\"@type\":\"ReadAction\",\"target\":[\"https:\/\/elektrotec.com.br\/loja\/produto\/smart-tv-lg-50-ultra-hd-4k-50uq801cb-wi-fi-bluetooth-ai-lg-thinq-filmaker-mode\/\"]}]},{\"@type\":\"ImageObject\",\"inLanguage\":\"pt-BR\",\"@id\":\"https:\/\/elektrotec.com.br\/loja\/produto\/smart-tv-lg-50-ultra-hd-4k-50uq801cb-wi-fi-bluetooth-ai-lg-thinq-filmaker-mode\/#primaryimage\",\"url\":\"https:\/\/i0.wp.com\/elektrotec.com.br\/loja\/wp-content\/uploads\/2025\/02\/50UQ801CB-TV-LG-50-LED-4K-UHD-Smart-Pro.jpg?fit=700%2C800&ssl=1\",\"contentUrl\":\"https:\/\/i0.wp.com\/elektrotec.com.br\/loja\/wp-content\/uploads\/2025\/02\/50UQ801CB-TV-LG-50-LED-4K-UHD-Smart-Pro.jpg?fit=700%2C800&ssl=1\",\"width\":700,\"height\":800},{\"@type\":\"BreadcrumbList\",\"@id\":\"https:\/\/elektrotec.com.br\/loja\/produto\/smart-tv-lg-50-ultra-hd-4k-50uq801cb-wi-fi-bluetooth-ai-lg-thinq-filmaker-mode\/#breadcrumb\",\"itemListElement\":[{\"@type\":\"ListItem\",\"position\":1,\"name\":\"Home\",\"item\":\"https:\/\/elektrotec.com.br\/loja\/\"},{\"@type\":\"ListItem\",\"position\":2,\"name\":\"Ofertas do dia \u26a1\",\"item\":\"https:\/\/elektrotec.com.br\/loja\/loja\/\"},{\"@type\":\"ListItem\",\"position\":3,\"name\":\"Smart TV LG 50&#8243; Ultra HD 4K 50UQ801CB Wi-Fi Bluetooth AI LG Thinq Filmaker Mode\"}]},{\"@type\":\"WebSite\",\"@id\":\"https:\/\/elektrotec.com.br\/loja\/#website\",\"url\":\"https:\/\/elektrotec.com.br\/loja\/\",\"name\":\"Elektrotec Store\",\"description\":\"Solu\u00e7\u00f5es em Energia e Automa\u00e7\u00e3o Industrial\",\"publisher\":{\"@id\":\"https:\/\/elektrotec.com.br\/loja\/#organization\"},\"potentialAction\":[{\"@type\":\"SearchAction\",\"target\":{\"@type\":\"EntryPoint\",\"urlTemplate\":\"https:\/\/elektrotec.com.br\/loja\/?s={search_term_string}\"},\"query-input\":{\"@type\":\"PropertyValueSpecification\",\"valueRequired\":true,\"valueName\":\"search_term_string\"}}],\"inLanguage\":\"pt-BR\"},{\"@type\":\"Organization\",\"@id\":\"https:\/\/elektrotec.com.br\/loja\/#organization\",\"name\":\"Elektrotec\",\"url\":\"https:\/\/elektrotec.com.br\/loja\/\",\"logo\":{\"@type\":\"ImageObject\",\"inLanguage\":\"pt-BR\",\"@id\":\"https:\/\/elektrotec.com.br\/loja\/#\/schema\/logo\/image\/\",\"url\":\"https:\/\/i0.wp.com\/elektrotec.com.br\/loja\/wp-content\/uploads\/2025\/05\/Logo-site-Elektrotec-Energy-1.webp?fit=270%2C70&ssl=1\",\"contentUrl\":\"https:\/\/i0.wp.com\/elektrotec.com.br\/loja\/wp-content\/uploads\/2025\/05\/Logo-site-Elektrotec-Energy-1.webp?fit=270%2C70&ssl=1\",\"width\":270,\"height\":70,\"caption\":\"Elektrotec\"},\"image\":{\"@id\":\"https:\/\/elektrotec.com.br\/loja\/#\/schema\/logo\/image\/\"}}]}<\/script>\n<!-- \/ Yoast SEO plugin. -->","yoast_head_json":{"title":"Smart TV LG 50\" Ultra HD 4K 50UQ801CB Wi-Fi Bluetooth AI LG Thinq Filmaker Mode | Elektrotec Store","description":"A nova Smart TV LG 50UQ801CB 4K lhe proporciona uma imers\u00e3o surreal com qualidade de imagem realista e cores vivas com quatro vezes mais precis\u00e3o de pixels.","robots":{"index":"index","follow":"follow","max-snippet":"max-snippet:-1","max-image-preview":"max-image-preview:large","max-video-preview":"max-video-preview:-1"},"canonical":"https:\/\/elektrotec.com.br\/loja\/produto\/smart-tv-lg-50-ultra-hd-4k-50uq801cb-wi-fi-bluetooth-ai-lg-thinq-filmaker-mode\/","og_locale":"pt_BR","og_type":"article","og_title":"Smart TV LG 50\" Ultra HD 4K 50UQ801CB Wi-Fi Bluetooth AI LG Thinq Filmaker Mode | Elektrotec Store","og_description":"A nova Smart TV LG 50UQ801CB 4K lhe proporciona uma imers\u00e3o surreal com qualidade de imagem realista e cores vivas com quatro vezes mais precis\u00e3o de pixels.","og_url":"https:\/\/elektrotec.com.br\/loja\/produto\/smart-tv-lg-50-ultra-hd-4k-50uq801cb-wi-fi-bluetooth-ai-lg-thinq-filmaker-mode\/","og_site_name":"Elektrotec Store","article_modified_time":"2025-09-09T21:53:16+00:00","og_image":[{"width":700,"height":800,"url":"https:\/\/elektrotec.com.br\/loja\/wp-content\/uploads\/2025\/02\/50UQ801CB-TV-LG-50-LED-4K-UHD-Smart-Pro.jpg","type":"image\/jpeg"}],"twitter_card":"summary_large_image","twitter_misc":{"Est. tempo de leitura":"4 minutos"},"schema":{"@context":"https:\/\/schema.org","@graph":[{"@type":"WebPage","@id":"https:\/\/elektrotec.com.br\/loja\/produto\/smart-tv-lg-50-ultra-hd-4k-50uq801cb-wi-fi-bluetooth-ai-lg-thinq-filmaker-mode\/","url":"https:\/\/elektrotec.com.br\/loja\/produto\/smart-tv-lg-50-ultra-hd-4k-50uq801cb-wi-fi-bluetooth-ai-lg-thinq-filmaker-mode\/","name":"Smart TV LG 50\" Ultra HD 4K 50UQ801CB Wi-Fi Bluetooth AI LG Thinq Filmaker Mode | Elektrotec Store","isPartOf":{"@id":"https:\/\/elektrotec.com.br\/loja\/#website"},"primaryImageOfPage":{"@id":"https:\/\/elektrotec.com.br\/loja\/produto\/smart-tv-lg-50-ultra-hd-4k-50uq801cb-wi-fi-bluetooth-ai-lg-thinq-filmaker-mode\/#primaryimage"},"image":{"@id":"https:\/\/elektrotec.com.br\/loja\/produto\/smart-tv-lg-50-ultra-hd-4k-50uq801cb-wi-fi-bluetooth-ai-lg-thinq-filmaker-mode\/#primaryimage"},"thumbnailUrl":"https:\/\/i0.wp.com\/elektrotec.com.br\/loja\/wp-content\/uploads\/2025\/02\/50UQ801CB-TV-LG-50-LED-4K-UHD-Smart-Pro.jpg?fit=700%2C800&ssl=1","datePublished":"2025-09-09T13:00:13+00:00","dateModified":"2025-09-09T21:53:16+00:00","description":"A nova Smart TV LG 50UQ801CB 4K lhe proporciona uma imers\u00e3o surreal com qualidade de imagem realista e cores vivas com quatro vezes mais precis\u00e3o de pixels.","breadcrumb":{"@id":"https:\/\/elektrotec.com.br\/loja\/produto\/smart-tv-lg-50-ultra-hd-4k-50uq801cb-wi-fi-bluetooth-ai-lg-thinq-filmaker-mode\/#breadcrumb"},"inLanguage":"pt-BR","potentialAction":[{"@type":"ReadAction","target":["https:\/\/elektrotec.com.br\/loja\/produto\/smart-tv-lg-50-ultra-hd-4k-50uq801cb-wi-fi-bluetooth-ai-lg-thinq-filmaker-mode\/"]}]},{"@type":"ImageObject","inLanguage":"pt-BR","@id":"https:\/\/elektrotec.com.br\/loja\/produto\/smart-tv-lg-50-ultra-hd-4k-50uq801cb-wi-fi-bluetooth-ai-lg-thinq-filmaker-mode\/#primaryimage","url":"https:\/\/i0.wp.com\/elektrotec.com.br\/loja\/wp-content\/uploads\/2025\/02\/50UQ801CB-TV-LG-50-LED-4K-UHD-Smart-Pro.jpg?fit=700%2C800&ssl=1","contentUrl":"https:\/\/i0.wp.com\/elektrotec.com.br\/loja\/wp-content\/uploads\/2025\/02\/50UQ801CB-TV-LG-50-LED-4K-UHD-Smart-Pro.jpg?fit=700%2C800&ssl=1","width":700,"height":800},{"@type":"BreadcrumbList","@id":"https:\/\/elektrotec.com.br\/loja\/produto\/smart-tv-lg-50-ultra-hd-4k-50uq801cb-wi-fi-bluetooth-ai-lg-thinq-filmaker-mode\/#breadcrumb","itemListElement":[{"@type":"ListItem","position":1,"name":"Home","item":"https:\/\/elektrotec.com.br\/loja\/"},{"@type":"ListItem","position":2,"name":"Ofertas do dia \u26a1","item":"https:\/\/elektrotec.com.br\/loja\/loja\/"},{"@type":"ListItem","position":3,"name":"Smart TV LG 50&#8243; Ultra HD 4K 50UQ801CB Wi-Fi Bluetooth AI LG Thinq Filmaker Mode"}]},{"@type":"WebSite","@id":"https:\/\/elektrotec.com.br\/loja\/#website","url":"https:\/\/elektrotec.com.br\/loja\/","name":"Elektrotec Store","description":"Solu\u00e7\u00f5es em Energia e Automa\u00e7\u00e3o Industrial","publisher":{"@id":"https:\/\/elektrotec.com.br\/loja\/#organization"},"potentialAction":[{"@type":"SearchAction","target":{"@type":"EntryPoint","urlTemplate":"https:\/\/elektrotec.com.br\/loja\/?s={search_term_string}"},"query-input":{"@type":"PropertyValueSpecification","valueRequired":true,"valueName":"search_term_string"}}],"inLanguage":"pt-BR"},{"@type":"Organization","@id":"https:\/\/elektrotec.com.br\/loja\/#organization","name":"Elektrotec","url":"https:\/\/elektrotec.com.br\/loja\/","logo":{"@type":"ImageObject","inLanguage":"pt-BR","@id":"https:\/\/elektrotec.com.br\/loja\/#\/schema\/logo\/image\/","url":"https:\/\/i0.wp.com\/elektrotec.com.br\/loja\/wp-content\/uploads\/2025\/05\/Logo-site-Elektrotec-Energy-1.webp?fit=270%2C70&ssl=1","contentUrl":"https:\/\/i0.wp.com\/elektrotec.com.br\/loja\/wp-content\/uploads\/2025\/05\/Logo-site-Elektrotec-Energy-1.webp?fit=270%2C70&ssl=1","width":270,"height":70,"caption":"Elektrotec"},"image":{"@id":"https:\/\/elektrotec.com.br\/loja\/#\/schema\/logo\/image\/"}}]}},"jetpack_sharing_enabled":true,"brands":[],"_links":{"self":[{"href":"https:\/\/elektrotec.com.br\/loja\/wp-json\/wp\/v2\/product\/542","targetHints":{"allow":["GET"]}}],"collection":[{"href":"https:\/\/elektrotec.com.br\/loja\/wp-json\/wp\/v2\/product"}],"about":[{"href":"https:\/\/elektrotec.com.br\/loja\/wp-json\/wp\/v2\/types\/product"}],"replies":[{"embeddable":true,"href":"https:\/\/elektrotec.com.br\/loja\/wp-json\/wp\/v2\/comments?post=542"}],"wp:featuredmedia":[{"embeddable":true,"href":"https:\/\/elektrotec.com.br\/loja\/wp-json\/wp\/v2\/media\/4301"}],"wp:attachment":[{"href":"https:\/\/elektrotec.com.br\/loja\/wp-json\/wp\/v2\/media?parent=542"}],"wp:term":[{"taxonomy":"pwb-brand","embeddable":true,"href":"https:\/\/elektrotec.com.br\/loja\/wp-json\/wp\/v2\/pwb-brand?post=542"},{"taxonomy":"product_brand","embeddable":true,"href":"https:\/\/elektrotec.com.br\/loja\/wp-json\/wp\/v2\/product_brand?post=542"},{"taxonomy":"product_cat","embeddable":true,"href":"https:\/\/elektrotec.com.br\/loja\/wp-json\/wp\/v2\/product_cat?post=542"},{"taxonomy":"product_tag","embeddable":true,"href":"https:\/\/elektrotec.com.br\/loja\/wp-json\/wp\/v2\/product_tag?post=542"}],"curies":[{"name":"wp","href":"https:\/\/api.w.org\/{rel}","templated":true}]}}