{"id":537,"date":"2025-02-12T12:00:24","date_gmt":"2025-02-12T15:00:24","guid":{"rendered":"http:\/\/dummy.xtemos.com\/woodmart2\/mega-electronics\/?post_type=product&#038;p=537"},"modified":"2025-02-25T18:08:58","modified_gmt":"2025-02-25T21:08:58","slug":"ar-condicionado-split-inverter-lg-hi-wall-dual-compact-9000-btus-frio-s3nq09aaqal-220v","status":"publish","type":"product","link":"https:\/\/elektrotec.com.br\/loja\/produto\/ar-condicionado-split-inverter-lg-hi-wall-dual-compact-9000-btus-frio-s3nq09aaqal-220v\/","title":{"rendered":"Ar Condicionado Split Inverter LG Hi-Wall dual compact 9000 BTUs frio S3NQ09AAQAL 220V"},"content":{"rendered":"<div class=\"wpb-content-wrapper\"><p>[vc_row css=&#8221;.vc_custom_1739458137478{margin-bottom: 20px !important;}&#8221; woodmart_css_id=&#8221;67ae064711ae6&#8243; responsive_spacing=&#8221;eyJwYXJhbV90eXBlIjoid29vZG1hcnRfcmVzcG9uc2l2ZV9zcGFjaW5nIiwic2VsZWN0b3JfaWQiOiI2N2FlMDY0NzExYWU2Iiwic2hvcnRjb2RlIjoidmNfcm93IiwiZGF0YSI6eyJ0YWJsZXQiOnsibWFyZ2luLWJvdHRvbSI6IjYwcHgifSwibW9iaWxlIjp7Im1hcmdpbi1ib3R0b20iOiI0MHB4In19fQ==&#8221; mobile_bg_img_hidden=&#8221;no&#8221; tablet_bg_img_hidden=&#8221;no&#8221; woodmart_parallax=&#8221;0&#8243; woodmart_gradient_switch=&#8221;no&#8221; woodmart_box_shadow=&#8221;no&#8221; wd_z_index=&#8221;no&#8221; woodmart_disable_overflow=&#8221;0&#8243; row_reverse_mobile=&#8221;0&#8243; row_reverse_tablet=&#8221;0&#8243; el_id=&#8221;codigo-S3NQ09AAQAL&#8221;][vc_column css=&#8221;.vc_custom_1666272391679{padding-top: 0px !important;}&#8221; woodmart_css_id=&#8221;63514c8260958&#8243; parallax_scroll=&#8221;no&#8221; woodmart_sticky_column=&#8221;false&#8221; wd_collapsible_content_switcher=&#8221;no&#8221; wd_column_role_offcanvas_desktop=&#8221;no&#8221; wd_column_role_offcanvas_tablet=&#8221;no&#8221; wd_column_role_offcanvas_mobile=&#8221;no&#8221; wd_column_role_content_desktop=&#8221;no&#8221; wd_column_role_content_tablet=&#8221;no&#8221; wd_column_role_content_mobile=&#8221;no&#8221; mobile_bg_img_hidden=&#8221;no&#8221; tablet_bg_img_hidden=&#8221;no&#8221; woodmart_parallax=&#8221;0&#8243; woodmart_box_shadow=&#8221;no&#8221; responsive_spacing=&#8221;eyJwYXJhbV90eXBlIjoid29vZG1hcnRfcmVzcG9uc2l2ZV9zcGFjaW5nIiwic2VsZWN0b3JfaWQiOiI2MzUxNGM4MjYwOTU4Iiwic2hvcnRjb2RlIjoidmNfY29sdW1uIiwiZGF0YSI6eyJ0YWJsZXQiOnt9LCJtb2JpbGUiOnt9fX0=&#8221; mobile_reset_margin=&#8221;no&#8221; tablet_reset_margin=&#8221;no&#8221; wd_z_index=&#8221;no&#8221;]\t\t<div id=\"wd-67ae1f281ffc2\" class=\"wd-text-block wd-wpb reset-last-child wd-rs-67ae1f281ffc2 text-center vc_custom_1739464577579\">\n\t\t\t<p data-wp-editing=\"1\"><img data-recalc-dims=\"1\" loading=\"lazy\" decoding=\"async\" class=\"aligncenter wp-image-4331 size-full\" src=\"https:\/\/i0.wp.com\/elektrotec.com.br\/loja\/wp-content\/uploads\/2025\/02\/S3NQ09AAQAL-Ar-Condicionado-Split-Inverter-LG-Hi-Wall-Dual-Compact-9000-BTUs-Frio-220-Volts.jpg?resize=1600%2C2400&#038;ssl=1\" alt=\"\" width=\"1600\" height=\"2400\" srcset=\"https:\/\/i0.wp.com\/elektrotec.com.br\/loja\/wp-content\/uploads\/2025\/02\/S3NQ09AAQAL-Ar-Condicionado-Split-Inverter-LG-Hi-Wall-Dual-Compact-9000-BTUs-Frio-220-Volts.jpg?w=1600&amp;ssl=1 1600w, https:\/\/i0.wp.com\/elektrotec.com.br\/loja\/wp-content\/uploads\/2025\/02\/S3NQ09AAQAL-Ar-Condicionado-Split-Inverter-LG-Hi-Wall-Dual-Compact-9000-BTUs-Frio-220-Volts.jpg?resize=200%2C300&amp;ssl=1 200w, https:\/\/i0.wp.com\/elektrotec.com.br\/loja\/wp-content\/uploads\/2025\/02\/S3NQ09AAQAL-Ar-Condicionado-Split-Inverter-LG-Hi-Wall-Dual-Compact-9000-BTUs-Frio-220-Volts.jpg?resize=683%2C1024&amp;ssl=1 683w, https:\/\/i0.wp.com\/elektrotec.com.br\/loja\/wp-content\/uploads\/2025\/02\/S3NQ09AAQAL-Ar-Condicionado-Split-Inverter-LG-Hi-Wall-Dual-Compact-9000-BTUs-Frio-220-Volts.jpg?resize=768%2C1152&amp;ssl=1 768w, https:\/\/i0.wp.com\/elektrotec.com.br\/loja\/wp-content\/uploads\/2025\/02\/S3NQ09AAQAL-Ar-Condicionado-Split-Inverter-LG-Hi-Wall-Dual-Compact-9000-BTUs-Frio-220-Volts.jpg?resize=1024%2C1536&amp;ssl=1 1024w, https:\/\/i0.wp.com\/elektrotec.com.br\/loja\/wp-content\/uploads\/2025\/02\/S3NQ09AAQAL-Ar-Condicionado-Split-Inverter-LG-Hi-Wall-Dual-Compact-9000-BTUs-Frio-220-Volts.jpg?resize=1365%2C2048&amp;ssl=1 1365w, https:\/\/i0.wp.com\/elektrotec.com.br\/loja\/wp-content\/uploads\/2025\/02\/S3NQ09AAQAL-Ar-Condicionado-Split-Inverter-LG-Hi-Wall-Dual-Compact-9000-BTUs-Frio-220-Volts.jpg?resize=1320%2C1980&amp;ssl=1 1320w, https:\/\/i0.wp.com\/elektrotec.com.br\/loja\/wp-content\/uploads\/2025\/02\/S3NQ09AAQAL-Ar-Condicionado-Split-Inverter-LG-Hi-Wall-Dual-Compact-9000-BTUs-Frio-220-Volts.jpg?resize=1200%2C1800&amp;ssl=1 1200w, https:\/\/i0.wp.com\/elektrotec.com.br\/loja\/wp-content\/uploads\/2025\/02\/S3NQ09AAQAL-Ar-Condicionado-Split-Inverter-LG-Hi-Wall-Dual-Compact-9000-BTUs-Frio-220-Volts.jpg?resize=150%2C225&amp;ssl=1 150w\" sizes=\"auto, (max-width: 1000px) 100vw, 1000px\" \/><\/p>\n<div class=\"title font-w-light-56 font-m-light-28 c-text-contents__headline title-width\">\n<h1 id=\"title-51799618e8\" class=\"cmp-title\" style=\"box-sizing: border-box; font-family: 'LGEI Headline', 'Segoe UI', 'Microsoft Sans Serif', sans-serif; scrollbar-width: thin; font-weight: 600; text-align: center;\" data-cmp-data-layer=\"{&quot;title-51799618e8&quot;:{&quot;@type&quot;:&quot;core\/wcm\/components\/title\/v3\/title&quot;,&quot;dc:title&quot;:&quot;Feito Para Durar&lt;br&gt;Resistente Por Dentro e Por Fora&quot;}}\"><strong>FEITO PARA DURAR<\/strong><br \/>\n<strong>Resistente por dentro e por fora<\/strong><\/h1>\n<\/div>\n<div class=\"text font-m-normal-16 font-w-normal-20 c-text-contents__bodycopy\">\n<h3 id=\"text-42b10e5623\" class=\"cmp-text \" style=\"box-sizing: border-box; font-family: 'LGEI Text', 'Segoe UI', 'Microsoft Sans Serif', sans-serif; scrollbar-width: thin; text-align: center;\" data-cmp-data-layer=\"{&quot;text-42b10e5623&quot;:{&quot;@type&quot;:&quot;lge\/components\/text&quot;,&quot;xdm:text&quot;:&quot;O ar-condicionado LG conta com a poderosa serpentina de cobre GoldFin\u2122, que protege o equipamento contra as a\u00e7\u00f5es corrosivas do dia-a-dia, incluindo maresia. Al\u00e9m disso, possui prote\u00e7\u00e3o contra picos de energia, uma robusta condensadora com estrutura de metal e garantia de 10 anos no compressor.&lt;br\/&gt;&lt;br\/&gt;&quot;}}\">O ar-condicionado LG conta com a poderosa serpentina de cobre GoldFin\u2122, que protege o equipamento contra as a\u00e7\u00f5es corrosivas do dia-a-dia, incluindo maresia. Al\u00e9m disso, possui prote\u00e7\u00e3o contra picos de energia, uma robusta condensadora com estrutura de metal e garantia de 10 anos no compressor.<\/h3>\n<p style=\"text-align: center;\">\n<\/div>\n<p data-wp-editing=\"1\"><img data-recalc-dims=\"1\" loading=\"lazy\" decoding=\"async\" class=\"aligncenter wp-image-4329 size-full\" src=\"https:\/\/i0.wp.com\/elektrotec.com.br\/loja\/wp-content\/uploads\/2025\/02\/03_DURABILIDADE_desktop.gif?resize=1600%2C900&#038;ssl=1\" alt=\"\" width=\"1600\" height=\"900\" \/><\/p>\n\t\t<\/div>\n\t\t[\/vc_column][\/vc_row][vc_row][vc_column][vc_separator border_width=&#8221;3&#8243; css=&#8221;.vc_custom_1739457902614{margin-top: 50px !important;margin-bottom: 50px !important;}&#8221; wd_hide_on_desktop=&#8221;no&#8221; wd_hide_on_tablet=&#8221;no&#8221; wd_hide_on_mobile=&#8221;no&#8221;][\/vc_column][\/vc_row][vc_row woodmart_css_id=&#8221;6377819b27d07&#8243; responsive_spacing=&#8221;eyJwYXJhbV90eXBlIjoid29vZG1hcnRfcmVzcG9uc2l2ZV9zcGFjaW5nIiwic2VsZWN0b3JfaWQiOiI2Mzc3ODE5YjI3ZDA3Iiwic2hvcnRjb2RlIjoidmNfcm93IiwiZGF0YSI6eyJ0YWJsZXQiOnt9LCJtb2JpbGUiOnt9fX0=&#8221; mobile_bg_img_hidden=&#8221;no&#8221; tablet_bg_img_hidden=&#8221;no&#8221; woodmart_parallax=&#8221;0&#8243; woodmart_gradient_switch=&#8221;no&#8221; woodmart_box_shadow=&#8221;no&#8221; wd_z_index=&#8221;no&#8221; woodmart_disable_overflow=&#8221;0&#8243; row_reverse_mobile=&#8221;0&#8243; row_reverse_tablet=&#8221;0&#8243;][vc_column css=&#8221;.vc_custom_1666272699823{padding-top: 0px !important;}&#8221; woodmart_css_id=&#8221;63514db6c5d19&#8243; parallax_scroll=&#8221;no&#8221; woodmart_sticky_column=&#8221;false&#8221; wd_collapsible_content_switcher=&#8221;no&#8221; wd_column_role_offcanvas_desktop=&#8221;no&#8221; wd_column_role_offcanvas_tablet=&#8221;no&#8221; wd_column_role_offcanvas_mobile=&#8221;no&#8221; wd_column_role_content_desktop=&#8221;no&#8221; wd_column_role_content_tablet=&#8221;no&#8221; wd_column_role_content_mobile=&#8221;no&#8221; mobile_bg_img_hidden=&#8221;no&#8221; tablet_bg_img_hidden=&#8221;no&#8221; woodmart_parallax=&#8221;0&#8243; woodmart_box_shadow=&#8221;no&#8221; responsive_spacing=&#8221;eyJwYXJhbV90eXBlIjoid29vZG1hcnRfcmVzcG9uc2l2ZV9zcGFjaW5nIiwic2VsZWN0b3JfaWQiOiI2MzUxNGRiNmM1ZDE5Iiwic2hvcnRjb2RlIjoidmNfY29sdW1uIiwiZGF0YSI6eyJ0YWJsZXQiOnt9LCJtb2JpbGUiOnt9fX0=&#8221; mobile_reset_margin=&#8221;no&#8221; tablet_reset_margin=&#8221;no&#8221; wd_z_index=&#8221;no&#8221;]\n\t\t<div id=\"wd-67ae05a2428a9\" class=\"title-wrapper wd-wpb wd-set-mb reset-last-child  wd-rs-67ae05a2428a9 wd-title-color-default wd-title-style-default text-left vc_custom_1739457963739 wd-underline-colored\">\n\t\t\t\n\t\t\t<div class=\"liner-continer\">\n\t\t\t\t<h4 class=\"woodmart-title-container title  wd-font-weight- wd-fontsize-m\" >\ud83d\udccc Especifica\u00e7\u00f5es T\u00e9cnicas:<\/h4>\n\t\t\t\t\t\t\t<\/div>\n\t\t\t\n\t\t\t\n\t\t\t\n\t\t<\/div>\n\t\t\n\t\t\t\t<div id=\"wd-67ae1f8307895\" class=\"wd-text-block wd-wpb reset-last-child wd-rs-67ae1f8307895 text-left \">\n\t\t\t<p>O\u00a0<strong>Ar Condicionado Split Inverter LG Hi-Wall Dual Compact 9000 BTUs S3NQ09AAQAL<\/strong>, \u00e9 uma excelente op\u00e7\u00e3o para quem busca uma solu\u00e7\u00e3o compacta e eficiente para climatiza\u00e7\u00e3o. Com tecnologia Inverter, este modelo oferece um funcionamento mais econ\u00f4mico e silencioso, ajustando a velocidade do compressor conforme a necessidade de resfriamento, o que resulta em maior economia de energia e conforto t\u00e9rmico constante. Projetado para operar no modo frio e com tens\u00e3o de 220V, ele \u00e9 ideal para ambientes menores, proporcionando uma refrigera\u00e7\u00e3o r\u00e1pida e uniforme. Al\u00e9m disso, seu design compacto e elegante permite uma f\u00e1cil integra\u00e7\u00e3o em qualquer espa\u00e7o, sem comprometer a est\u00e9tica do ambiente. Este ar-condicionado combina desempenho, economia e praticidade, sendo uma escolha inteligente para quem deseja manter o ambiente sempre fresco e agrad\u00e1vel.<\/p>\n<p>&nbsp;<\/p>\n<h4 class=\"sc-iGgWBj cIEoJM\" data-testid=\"product-detail-label\">Informa\u00e7\u00f5es do Produto<\/h4>\n<ul>\n<li>Altura Condensadora: 49,5 cm<\/li>\n<li>Altura Evaporadora: 30,8 cm<\/li>\n<li>Capacidade: 9.000 BTUs<\/li>\n<li>Ciclo: frio<\/li>\n<li>Classifica\u00e7\u00e3o Energ\u00e9tica: A<\/li>\n<li>Compressor: Rotativo<\/li>\n<li>Controle Remoto: Sim<\/li>\n<li>Cor: Branco<\/li>\n<li>Garantia: 12 MESES<\/li>\n<li>Garantia Compressor: 10 Anos<\/li>\n<li>Garantia Instalador Credenciado: 12 meses<\/li>\n<li>Garantia Instalador N\u00e3o Credenciado: 3 Meses<\/li>\n<li>G\u00e1s Refrigerante: R32<\/li>\n<li>Largura Condensadora: 71,7 cm<\/li>\n<li>Largura Evaporadora: 75,4 cm<\/li>\n<li>Marca: LG<\/li>\n<li>Modelo: S3NQ09AAQAL<\/li>\n<li>Peso Condensadora: 20 Kg<\/li>\n<li>Peso Evaporadora: 7,3 Kg<\/li>\n<li>Profundidade Condensadora: 23 cm<\/li>\n<li>Profundidade Evaporadora: 18,9 cm<\/li>\n<li>Selo Procel: Sim<\/li>\n<li>Serpentina: cobre<\/li>\n<li>Tecnologia: Dual Inverter<\/li>\n<li>Voltagem: 220V<\/li>\n<\/ul>\n<h4>Informa\u00e7\u00f5es complementares<\/h4>\n<ul>\n<li>Capacidade de Refrigera\u00e7\u00e3o: 9000 BTUs<\/li>\n<li>Ciclo: Frio<\/li>\n<li>Instala\u00e7\u00e3o do Ar-Condicionado: Split Hi-Wall<\/li>\n<li>Marca: LG<\/li>\n<li>Tecnologia do Compressor: Dual Inverter<\/li>\n<li>Voltagem: 220V<\/li>\n<\/ul>\n\t\t<\/div>\n\t\t[\/vc_column][\/vc_row]<\/p>\n<\/div>","protected":false},"excerpt":{"rendered":"<p><strong>C\u00f3digo:<\/strong> <span style=\"color: #2a2a2a;\"><strong>S3NQ09AAQAL<\/strong><\/span>\u00a0 \u00a0|\u00a0 \u00a0<strong>Mais produtos: <a href=\"https:\/\/elektrotec.com.br\/loja\/loja\/?filter_marcas=lg\">LG<\/a><\/strong>\u00a0 \u00a0|\u00a0 \u00a0<a href=\"https:\/\/elektrotec.com.br\/loja\/produto\/ar-condicionado-split-inverter-lg-hi-wall-dual-compact-9000-btus-frio-s3nq09aaqal-220v\/#codigo-S3NQ09AAQAL\"><strong>Descri\u00e7\u00e3o do produto<\/strong><\/a><\/p>\n","protected":false},"featured_media":4322,"comment_status":"open","ping_status":"closed","template":"","meta":{"pagelayer_contact_templates":[],"_pagelayer_content":"","_mbp_gutenberg_autopost":false},"pwb-brand":[],"product_brand":[],"product_cat":[207,210,90,103],"product_tag":[],"class_list":{"0":"post-537","1":"product","2":"type-product","3":"status-publish","4":"has-post-thumbnail","6":"product_cat-ar-ventilacao","7":"product_cat-ar-condicionado","8":"product_cat-casa-e-reformas","9":"product_cat-destaques","10":"product_shipping_class-logistica-quioske","12":"first","13":"instock","14":"shipping-taxable","15":"purchasable","16":"product-type-simple"},"yoast_head":"<!-- This site is optimized with the Yoast SEO plugin v27.2 - https:\/\/yoast.com\/product\/yoast-seo-wordpress\/ -->\n<title>Ar Condicionado Split Inverter LG Hi-Wall dual compact 9000 BTUs frio S3NQ09AAQAL 220V | Elektrotec Store<\/title>\n<meta name=\"description\" content=\"Ar Condicionado Split Inverter LG Hi-Wall Dual Compact 9000 BTUs, \u00e9 uma excelente op\u00e7\u00e3o para quem busca uma solu\u00e7\u00e3o compacta e eficiente para climatiza\u00e7\u00e3o.\" \/>\n<meta name=\"robots\" content=\"index, follow, max-snippet:-1, max-image-preview:large, max-video-preview:-1\" \/>\n<link rel=\"canonical\" href=\"https:\/\/elektrotec.com.br\/loja\/produto\/ar-condicionado-split-inverter-lg-hi-wall-dual-compact-9000-btus-frio-s3nq09aaqal-220v\/\" \/>\n<meta property=\"og:locale\" content=\"pt_BR\" \/>\n<meta property=\"og:type\" content=\"article\" \/>\n<meta property=\"og:title\" content=\"Ar Condicionado Split Inverter LG Hi-Wall dual compact 9000 BTUs frio S3NQ09AAQAL 220V | Elektrotec Store\" \/>\n<meta property=\"og:description\" content=\"Ar Condicionado Split Inverter LG Hi-Wall Dual Compact 9000 BTUs, \u00e9 uma excelente op\u00e7\u00e3o para quem busca uma solu\u00e7\u00e3o compacta e eficiente para climatiza\u00e7\u00e3o.\" \/>\n<meta property=\"og:url\" content=\"https:\/\/elektrotec.com.br\/loja\/produto\/ar-condicionado-split-inverter-lg-hi-wall-dual-compact-9000-btus-frio-s3nq09aaqal-220v\/\" \/>\n<meta property=\"og:site_name\" content=\"Elektrotec Store\" \/>\n<meta property=\"article:modified_time\" content=\"2025-02-25T21:08:58+00:00\" \/>\n<meta property=\"og:image\" content=\"https:\/\/elektrotec.com.br\/loja\/wp-content\/uploads\/2025\/02\/S3NQ09AAQAL-Ar-Condicionado-Split-Inverter-LG-Hi-Wall-Dual-Compact-9000-BTUs-Frio-220V.jpg\" \/>\n\t<meta property=\"og:image:width\" content=\"700\" \/>\n\t<meta property=\"og:image:height\" content=\"800\" \/>\n\t<meta property=\"og:image:type\" content=\"image\/jpeg\" \/>\n<meta name=\"twitter:card\" content=\"summary_large_image\" \/>\n<meta name=\"twitter:label1\" content=\"Est. tempo de leitura\" \/>\n\t<meta name=\"twitter:data1\" content=\"3 minutos\" \/>\n<script type=\"application\/ld+json\" class=\"yoast-schema-graph\">{\"@context\":\"https:\/\/schema.org\",\"@graph\":[{\"@type\":\"WebPage\",\"@id\":\"https:\/\/elektrotec.com.br\/loja\/produto\/ar-condicionado-split-inverter-lg-hi-wall-dual-compact-9000-btus-frio-s3nq09aaqal-220v\/\",\"url\":\"https:\/\/elektrotec.com.br\/loja\/produto\/ar-condicionado-split-inverter-lg-hi-wall-dual-compact-9000-btus-frio-s3nq09aaqal-220v\/\",\"name\":\"Ar Condicionado Split Inverter LG Hi-Wall dual compact 9000 BTUs frio S3NQ09AAQAL 220V | Elektrotec Store\",\"isPartOf\":{\"@id\":\"https:\/\/elektrotec.com.br\/loja\/#website\"},\"primaryImageOfPage\":{\"@id\":\"https:\/\/elektrotec.com.br\/loja\/produto\/ar-condicionado-split-inverter-lg-hi-wall-dual-compact-9000-btus-frio-s3nq09aaqal-220v\/#primaryimage\"},\"image\":{\"@id\":\"https:\/\/elektrotec.com.br\/loja\/produto\/ar-condicionado-split-inverter-lg-hi-wall-dual-compact-9000-btus-frio-s3nq09aaqal-220v\/#primaryimage\"},\"thumbnailUrl\":\"https:\/\/i0.wp.com\/elektrotec.com.br\/loja\/wp-content\/uploads\/2025\/02\/S3NQ09AAQAL-Ar-Condicionado-Split-Inverter-LG-Hi-Wall-Dual-Compact-9000-BTUs-Frio-220V.jpg?fit=700%2C800&ssl=1\",\"datePublished\":\"2025-02-12T15:00:24+00:00\",\"dateModified\":\"2025-02-25T21:08:58+00:00\",\"description\":\"Ar Condicionado Split Inverter LG Hi-Wall Dual Compact 9000 BTUs, \u00e9 uma excelente op\u00e7\u00e3o para quem busca uma solu\u00e7\u00e3o compacta e eficiente para climatiza\u00e7\u00e3o.\",\"breadcrumb\":{\"@id\":\"https:\/\/elektrotec.com.br\/loja\/produto\/ar-condicionado-split-inverter-lg-hi-wall-dual-compact-9000-btus-frio-s3nq09aaqal-220v\/#breadcrumb\"},\"inLanguage\":\"pt-BR\",\"potentialAction\":[{\"@type\":\"ReadAction\",\"target\":[\"https:\/\/elektrotec.com.br\/loja\/produto\/ar-condicionado-split-inverter-lg-hi-wall-dual-compact-9000-btus-frio-s3nq09aaqal-220v\/\"]}]},{\"@type\":\"ImageObject\",\"inLanguage\":\"pt-BR\",\"@id\":\"https:\/\/elektrotec.com.br\/loja\/produto\/ar-condicionado-split-inverter-lg-hi-wall-dual-compact-9000-btus-frio-s3nq09aaqal-220v\/#primaryimage\",\"url\":\"https:\/\/i0.wp.com\/elektrotec.com.br\/loja\/wp-content\/uploads\/2025\/02\/S3NQ09AAQAL-Ar-Condicionado-Split-Inverter-LG-Hi-Wall-Dual-Compact-9000-BTUs-Frio-220V.jpg?fit=700%2C800&ssl=1\",\"contentUrl\":\"https:\/\/i0.wp.com\/elektrotec.com.br\/loja\/wp-content\/uploads\/2025\/02\/S3NQ09AAQAL-Ar-Condicionado-Split-Inverter-LG-Hi-Wall-Dual-Compact-9000-BTUs-Frio-220V.jpg?fit=700%2C800&ssl=1\",\"width\":700,\"height\":800},{\"@type\":\"BreadcrumbList\",\"@id\":\"https:\/\/elektrotec.com.br\/loja\/produto\/ar-condicionado-split-inverter-lg-hi-wall-dual-compact-9000-btus-frio-s3nq09aaqal-220v\/#breadcrumb\",\"itemListElement\":[{\"@type\":\"ListItem\",\"position\":1,\"name\":\"Home\",\"item\":\"https:\/\/elektrotec.com.br\/loja\/\"},{\"@type\":\"ListItem\",\"position\":2,\"name\":\"Ofertas do dia \u26a1\",\"item\":\"https:\/\/elektrotec.com.br\/loja\/loja\/\"},{\"@type\":\"ListItem\",\"position\":3,\"name\":\"Ar Condicionado Split Inverter LG Hi-Wall dual compact 9000 BTUs frio S3NQ09AAQAL 220V\"}]},{\"@type\":\"WebSite\",\"@id\":\"https:\/\/elektrotec.com.br\/loja\/#website\",\"url\":\"https:\/\/elektrotec.com.br\/loja\/\",\"name\":\"Elektrotec Store\",\"description\":\"Solu\u00e7\u00f5es em Energia e Automa\u00e7\u00e3o Industrial\",\"publisher\":{\"@id\":\"https:\/\/elektrotec.com.br\/loja\/#organization\"},\"potentialAction\":[{\"@type\":\"SearchAction\",\"target\":{\"@type\":\"EntryPoint\",\"urlTemplate\":\"https:\/\/elektrotec.com.br\/loja\/?s={search_term_string}\"},\"query-input\":{\"@type\":\"PropertyValueSpecification\",\"valueRequired\":true,\"valueName\":\"search_term_string\"}}],\"inLanguage\":\"pt-BR\"},{\"@type\":\"Organization\",\"@id\":\"https:\/\/elektrotec.com.br\/loja\/#organization\",\"name\":\"Elektrotec\",\"url\":\"https:\/\/elektrotec.com.br\/loja\/\",\"logo\":{\"@type\":\"ImageObject\",\"inLanguage\":\"pt-BR\",\"@id\":\"https:\/\/elektrotec.com.br\/loja\/#\/schema\/logo\/image\/\",\"url\":\"https:\/\/i0.wp.com\/elektrotec.com.br\/loja\/wp-content\/uploads\/2025\/05\/Logo-site-Elektrotec-Energy-1.webp?fit=270%2C70&ssl=1\",\"contentUrl\":\"https:\/\/i0.wp.com\/elektrotec.com.br\/loja\/wp-content\/uploads\/2025\/05\/Logo-site-Elektrotec-Energy-1.webp?fit=270%2C70&ssl=1\",\"width\":270,\"height\":70,\"caption\":\"Elektrotec\"},\"image\":{\"@id\":\"https:\/\/elektrotec.com.br\/loja\/#\/schema\/logo\/image\/\"}}]}<\/script>\n<!-- \/ Yoast SEO plugin. -->","yoast_head_json":{"title":"Ar Condicionado Split Inverter LG Hi-Wall dual compact 9000 BTUs frio S3NQ09AAQAL 220V | Elektrotec Store","description":"Ar Condicionado Split Inverter LG Hi-Wall Dual Compact 9000 BTUs, \u00e9 uma excelente op\u00e7\u00e3o para quem busca uma solu\u00e7\u00e3o compacta e eficiente para climatiza\u00e7\u00e3o.","robots":{"index":"index","follow":"follow","max-snippet":"max-snippet:-1","max-image-preview":"max-image-preview:large","max-video-preview":"max-video-preview:-1"},"canonical":"https:\/\/elektrotec.com.br\/loja\/produto\/ar-condicionado-split-inverter-lg-hi-wall-dual-compact-9000-btus-frio-s3nq09aaqal-220v\/","og_locale":"pt_BR","og_type":"article","og_title":"Ar Condicionado Split Inverter LG Hi-Wall dual compact 9000 BTUs frio S3NQ09AAQAL 220V | Elektrotec Store","og_description":"Ar Condicionado Split Inverter LG Hi-Wall Dual Compact 9000 BTUs, \u00e9 uma excelente op\u00e7\u00e3o para quem busca uma solu\u00e7\u00e3o compacta e eficiente para climatiza\u00e7\u00e3o.","og_url":"https:\/\/elektrotec.com.br\/loja\/produto\/ar-condicionado-split-inverter-lg-hi-wall-dual-compact-9000-btus-frio-s3nq09aaqal-220v\/","og_site_name":"Elektrotec Store","article_modified_time":"2025-02-25T21:08:58+00:00","og_image":[{"width":700,"height":800,"url":"https:\/\/elektrotec.com.br\/loja\/wp-content\/uploads\/2025\/02\/S3NQ09AAQAL-Ar-Condicionado-Split-Inverter-LG-Hi-Wall-Dual-Compact-9000-BTUs-Frio-220V.jpg","type":"image\/jpeg"}],"twitter_card":"summary_large_image","twitter_misc":{"Est. tempo de leitura":"3 minutos"},"schema":{"@context":"https:\/\/schema.org","@graph":[{"@type":"WebPage","@id":"https:\/\/elektrotec.com.br\/loja\/produto\/ar-condicionado-split-inverter-lg-hi-wall-dual-compact-9000-btus-frio-s3nq09aaqal-220v\/","url":"https:\/\/elektrotec.com.br\/loja\/produto\/ar-condicionado-split-inverter-lg-hi-wall-dual-compact-9000-btus-frio-s3nq09aaqal-220v\/","name":"Ar Condicionado Split Inverter LG Hi-Wall dual compact 9000 BTUs frio S3NQ09AAQAL 220V | Elektrotec Store","isPartOf":{"@id":"https:\/\/elektrotec.com.br\/loja\/#website"},"primaryImageOfPage":{"@id":"https:\/\/elektrotec.com.br\/loja\/produto\/ar-condicionado-split-inverter-lg-hi-wall-dual-compact-9000-btus-frio-s3nq09aaqal-220v\/#primaryimage"},"image":{"@id":"https:\/\/elektrotec.com.br\/loja\/produto\/ar-condicionado-split-inverter-lg-hi-wall-dual-compact-9000-btus-frio-s3nq09aaqal-220v\/#primaryimage"},"thumbnailUrl":"https:\/\/i0.wp.com\/elektrotec.com.br\/loja\/wp-content\/uploads\/2025\/02\/S3NQ09AAQAL-Ar-Condicionado-Split-Inverter-LG-Hi-Wall-Dual-Compact-9000-BTUs-Frio-220V.jpg?fit=700%2C800&ssl=1","datePublished":"2025-02-12T15:00:24+00:00","dateModified":"2025-02-25T21:08:58+00:00","description":"Ar Condicionado Split Inverter LG Hi-Wall Dual Compact 9000 BTUs, \u00e9 uma excelente op\u00e7\u00e3o para quem busca uma solu\u00e7\u00e3o compacta e eficiente para climatiza\u00e7\u00e3o.","breadcrumb":{"@id":"https:\/\/elektrotec.com.br\/loja\/produto\/ar-condicionado-split-inverter-lg-hi-wall-dual-compact-9000-btus-frio-s3nq09aaqal-220v\/#breadcrumb"},"inLanguage":"pt-BR","potentialAction":[{"@type":"ReadAction","target":["https:\/\/elektrotec.com.br\/loja\/produto\/ar-condicionado-split-inverter-lg-hi-wall-dual-compact-9000-btus-frio-s3nq09aaqal-220v\/"]}]},{"@type":"ImageObject","inLanguage":"pt-BR","@id":"https:\/\/elektrotec.com.br\/loja\/produto\/ar-condicionado-split-inverter-lg-hi-wall-dual-compact-9000-btus-frio-s3nq09aaqal-220v\/#primaryimage","url":"https:\/\/i0.wp.com\/elektrotec.com.br\/loja\/wp-content\/uploads\/2025\/02\/S3NQ09AAQAL-Ar-Condicionado-Split-Inverter-LG-Hi-Wall-Dual-Compact-9000-BTUs-Frio-220V.jpg?fit=700%2C800&ssl=1","contentUrl":"https:\/\/i0.wp.com\/elektrotec.com.br\/loja\/wp-content\/uploads\/2025\/02\/S3NQ09AAQAL-Ar-Condicionado-Split-Inverter-LG-Hi-Wall-Dual-Compact-9000-BTUs-Frio-220V.jpg?fit=700%2C800&ssl=1","width":700,"height":800},{"@type":"BreadcrumbList","@id":"https:\/\/elektrotec.com.br\/loja\/produto\/ar-condicionado-split-inverter-lg-hi-wall-dual-compact-9000-btus-frio-s3nq09aaqal-220v\/#breadcrumb","itemListElement":[{"@type":"ListItem","position":1,"name":"Home","item":"https:\/\/elektrotec.com.br\/loja\/"},{"@type":"ListItem","position":2,"name":"Ofertas do dia \u26a1","item":"https:\/\/elektrotec.com.br\/loja\/loja\/"},{"@type":"ListItem","position":3,"name":"Ar Condicionado Split Inverter LG Hi-Wall dual compact 9000 BTUs frio S3NQ09AAQAL 220V"}]},{"@type":"WebSite","@id":"https:\/\/elektrotec.com.br\/loja\/#website","url":"https:\/\/elektrotec.com.br\/loja\/","name":"Elektrotec Store","description":"Solu\u00e7\u00f5es em Energia e Automa\u00e7\u00e3o Industrial","publisher":{"@id":"https:\/\/elektrotec.com.br\/loja\/#organization"},"potentialAction":[{"@type":"SearchAction","target":{"@type":"EntryPoint","urlTemplate":"https:\/\/elektrotec.com.br\/loja\/?s={search_term_string}"},"query-input":{"@type":"PropertyValueSpecification","valueRequired":true,"valueName":"search_term_string"}}],"inLanguage":"pt-BR"},{"@type":"Organization","@id":"https:\/\/elektrotec.com.br\/loja\/#organization","name":"Elektrotec","url":"https:\/\/elektrotec.com.br\/loja\/","logo":{"@type":"ImageObject","inLanguage":"pt-BR","@id":"https:\/\/elektrotec.com.br\/loja\/#\/schema\/logo\/image\/","url":"https:\/\/i0.wp.com\/elektrotec.com.br\/loja\/wp-content\/uploads\/2025\/05\/Logo-site-Elektrotec-Energy-1.webp?fit=270%2C70&ssl=1","contentUrl":"https:\/\/i0.wp.com\/elektrotec.com.br\/loja\/wp-content\/uploads\/2025\/05\/Logo-site-Elektrotec-Energy-1.webp?fit=270%2C70&ssl=1","width":270,"height":70,"caption":"Elektrotec"},"image":{"@id":"https:\/\/elektrotec.com.br\/loja\/#\/schema\/logo\/image\/"}}]}},"jetpack_sharing_enabled":true,"brands":[],"_links":{"self":[{"href":"https:\/\/elektrotec.com.br\/loja\/wp-json\/wp\/v2\/product\/537","targetHints":{"allow":["GET"]}}],"collection":[{"href":"https:\/\/elektrotec.com.br\/loja\/wp-json\/wp\/v2\/product"}],"about":[{"href":"https:\/\/elektrotec.com.br\/loja\/wp-json\/wp\/v2\/types\/product"}],"replies":[{"embeddable":true,"href":"https:\/\/elektrotec.com.br\/loja\/wp-json\/wp\/v2\/comments?post=537"}],"wp:featuredmedia":[{"embeddable":true,"href":"https:\/\/elektrotec.com.br\/loja\/wp-json\/wp\/v2\/media\/4322"}],"wp:attachment":[{"href":"https:\/\/elektrotec.com.br\/loja\/wp-json\/wp\/v2\/media?parent=537"}],"wp:term":[{"taxonomy":"pwb-brand","embeddable":true,"href":"https:\/\/elektrotec.com.br\/loja\/wp-json\/wp\/v2\/pwb-brand?post=537"},{"taxonomy":"product_brand","embeddable":true,"href":"https:\/\/elektrotec.com.br\/loja\/wp-json\/wp\/v2\/product_brand?post=537"},{"taxonomy":"product_cat","embeddable":true,"href":"https:\/\/elektrotec.com.br\/loja\/wp-json\/wp\/v2\/product_cat?post=537"},{"taxonomy":"product_tag","embeddable":true,"href":"https:\/\/elektrotec.com.br\/loja\/wp-json\/wp\/v2\/product_tag?post=537"}],"curies":[{"name":"wp","href":"https:\/\/api.w.org\/{rel}","templated":true}]}}