{"id":462,"date":"2025-10-29T13:00:09","date_gmt":"2025-10-29T16:00:09","guid":{"rendered":"http:\/\/dummy.xtemos.com\/woodmart2\/mega-electronics\/?post_type=product&#038;p=462"},"modified":"2025-10-29T21:22:27","modified_gmt":"2025-10-30T00:22:27","slug":"no-break-apc-600va-back-ups-bvx600bi-br-entrada-bivolt-saida-115v-semi-senoidal-4-tomadas","status":"publish","type":"product","link":"https:\/\/elektrotec.com.br\/loja\/produto\/no-break-apc-600va-back-ups-bvx600bi-br-entrada-bivolt-saida-115v-semi-senoidal-4-tomadas\/","title":{"rendered":"No-Break APC 600VA Back-UPS BVX600BI-BR &#8211; Entrada Bivolt &#8211; Sa\u00edda 115V &#8211; Semi Senoidal &#8211; 4 Tomadas"},"content":{"rendered":"<div class=\"wpb-content-wrapper\"><p>[vc_row css=&#8221;.vc_custom_1739478907718{margin-bottom: 20px !important;}&#8221; woodmart_css_id=&#8221;67ae575332b0f&#8221; responsive_spacing=&#8221;eyJwYXJhbV90eXBlIjoid29vZG1hcnRfcmVzcG9uc2l2ZV9zcGFjaW5nIiwic2VsZWN0b3JfaWQiOiI2N2FlNTc1MzMyYjBmIiwic2hvcnRjb2RlIjoidmNfcm93IiwiZGF0YSI6eyJ0YWJsZXQiOnsibWFyZ2luLWJvdHRvbSI6IjYwcHgifSwibW9iaWxlIjp7Im1hcmdpbi1ib3R0b20iOiI0MHB4In19fQ==&#8221; mobile_bg_img_hidden=&#8221;no&#8221; tablet_bg_img_hidden=&#8221;no&#8221; woodmart_parallax=&#8221;0&#8243; woodmart_gradient_switch=&#8221;no&#8221; woodmart_box_shadow=&#8221;no&#8221; wd_z_index=&#8221;no&#8221; woodmart_disable_overflow=&#8221;0&#8243; row_reverse_mobile=&#8221;0&#8243; row_reverse_tablet=&#8221;0&#8243; el_id=&#8221;codigo-BVX600BIBR&#8221;][vc_column css=&#8221;.vc_custom_1666272391679{padding-top: 0px !important;}&#8221; woodmart_css_id=&#8221;63514c8260958&#8243; parallax_scroll=&#8221;no&#8221; woodmart_sticky_column=&#8221;false&#8221; wd_collapsible_content_switcher=&#8221;no&#8221; wd_column_role_offcanvas_desktop=&#8221;no&#8221; wd_column_role_offcanvas_tablet=&#8221;no&#8221; wd_column_role_offcanvas_mobile=&#8221;no&#8221; wd_column_role_content_desktop=&#8221;no&#8221; wd_column_role_content_tablet=&#8221;no&#8221; wd_column_role_content_mobile=&#8221;no&#8221; mobile_bg_img_hidden=&#8221;no&#8221; tablet_bg_img_hidden=&#8221;no&#8221; woodmart_parallax=&#8221;0&#8243; woodmart_box_shadow=&#8221;no&#8221; responsive_spacing=&#8221;eyJwYXJhbV90eXBlIjoid29vZG1hcnRfcmVzcG9uc2l2ZV9zcGFjaW5nIiwic2VsZWN0b3JfaWQiOiI2MzUxNGM4MjYwOTU4Iiwic2hvcnRjb2RlIjoidmNfY29sdW1uIiwiZGF0YSI6eyJ0YWJsZXQiOnt9LCJtb2JpbGUiOnt9fX0=&#8221; mobile_reset_margin=&#8221;no&#8221; tablet_reset_margin=&#8221;no&#8221; wd_z_index=&#8221;no&#8221;]\t\t<div id=\"wd-67ae64b719d99\" class=\"wd-text-block wd-wpb reset-last-child wd-rs-67ae64b719d99 text-left vc_custom_1739482458054\">\n\t\t\t<h4>Nobreak 600VA Bi-115v BVX600BI-BR &#8211; APC<\/h4>\n<p>Prote\u00e7\u00e3o e efici\u00eancia para seus equipamentos eletr\u00f4nicos<br \/>\nO Nobreak 600VA Bi-115v BVX600BI-BR APC \u00e9 a solu\u00e7\u00e3o ideal para garantir a seguran\u00e7a e o bom funcionamento de seus equipamentos eletr\u00f4nicos. Desenvolvido pela APC, este nobreak oferece prote\u00e7\u00e3o contra quedas de energia, surtos e picos de tens\u00e3o, evitando danos aos dispositivos e perda de dados.<\/p>\n<p>Com capacidade de 600VA, \u00e9 capaz de alimentar diversos dispositivos, como computadores, impressoras, roteadores, modems, entre outros, por um per\u00edodo de tempo determinado. Isso garante que voc\u00ea tenha tempo suficiente para salvar seus arquivos e desligar os equipamentos de forma segura.<\/p>\n<p>Um dos principais diferenciais deste nobreak \u00e9 sua\u00a0alta confiabilidade. Fabricado com materiais de alta qualidade, oferece durabilidade e desempenho exclusivo. Al\u00e9m disso, conta com\u00a0prote\u00e7\u00e3o\u00a0contra\u00a0curto-circuito, sobrecarga e superaquecimento, proporcionando seguran\u00e7a total para os seus equipamentos.<\/p>\n<p>O Nobreak 600VA Bi-115v BVX600BI-BR APC tamb\u00e9m possui capacidade de comunica\u00e7\u00e3o, permitindo a conex\u00e3o de dispositivos de gerenciamento remoto. Isso facilita o monitoramento do status e o controle do nobreak de forma pr\u00e1tica e eficiente.<\/p>\n<h4>Dicas de uso:<\/h4>\n<ul>\n<li>Antes de conectar os equipamentos ao nobreak, verifique a pot\u00eancia total deles para garantir que sejam compat\u00edveis com a capacidade do nobreak.<\/li>\n<li>Posicione o nobreak em um local ventilado e longe de fontes de calor, evitando o superaquecimento do dispositivo.<\/li>\n<li>Verifique periodicamente a carga da bateria do nobreak para garantir seu perfeito funcionamento quando necess\u00e1rio.<\/li>\n<li>Utilize o nobreak como uma extens\u00e3o de energia confi\u00e1vel, mantendo seus equipamentos sempre protegidos contra falhas na rede el\u00e9trica.<\/li>\n<li>Garanta a seguran\u00e7a e o funcionamento de seus equipamentos eletr\u00f4nicos com o Nobreak 600VA Bi-115v BVX600BI-BR APC.<\/li>\n<li>Compre agora mesmo e tenha a tranquilidade de contar com um produto de alta qualidade e efici\u00eancia.<\/li>\n<\/ul>\n\t\t<\/div>\n\t\t[\/vc_column][\/vc_row][vc_row][vc_column][vc_separator border_width=&#8221;3&#8243; css=&#8221;.vc_custom_1739478967299{margin-top: 50px !important;margin-bottom: 50px !important;}&#8221; wd_hide_on_desktop=&#8221;no&#8221; wd_hide_on_tablet=&#8221;no&#8221; wd_hide_on_mobile=&#8221;no&#8221;][\/vc_column][\/vc_row][vc_row woodmart_css_id=&#8221;6351519a61682&#8243; responsive_spacing=&#8221;eyJwYXJhbV90eXBlIjoid29vZG1hcnRfcmVzcG9uc2l2ZV9zcGFjaW5nIiwic2VsZWN0b3JfaWQiOiI2MzUxNTE5YTYxNjgyIiwic2hvcnRjb2RlIjoidmNfcm93IiwiZGF0YSI6eyJ0YWJsZXQiOnt9LCJtb2JpbGUiOnt9fX0=&#8221; mobile_bg_img_hidden=&#8221;no&#8221; tablet_bg_img_hidden=&#8221;no&#8221; woodmart_parallax=&#8221;0&#8243; woodmart_gradient_switch=&#8221;no&#8221; woodmart_box_shadow=&#8221;no&#8221; wd_z_index=&#8221;no&#8221; woodmart_disable_overflow=&#8221;0&#8243; row_reverse_mobile=&#8221;0&#8243; row_reverse_tablet=&#8221;0&#8243;][vc_column]\n\t\t<div id=\"wd-67ae57dde88a3\" class=\"title-wrapper wd-wpb wd-set-mb reset-last-child  wd-rs-67ae57dde88a3 wd-title-color-default wd-title-style-default text-left vc_custom_1739479014783 wd-underline-colored\">\n\t\t\t\n\t\t\t<div class=\"liner-continer\">\n\t\t\t\t<h4 class=\"woodmart-title-container title  wd-font-weight- wd-fontsize-m\" >\ud83d\udccc Especifica\u00e7\u00f5es T\u00e9cnicas:<\/h4>\n\t\t\t\t\t\t\t<\/div>\n\t\t\t\n\t\t\t\n\t\t\t\n\t\t<\/div>\n\t\t\n\t\t\t\t<div id=\"wd-67ae63003221a\" class=\"wd-text-block wd-wpb reset-last-child wd-rs-67ae63003221a text-left vc_custom_1739482061932\">\n\t\t\t<ul>\n<li>Marca: APC<\/li>\n<li>Modelo: BVX600BI-BR<\/li>\n<li>Cor: Preto<\/li>\n<li>Pot\u00eancia nominal em W: 360 W<\/li>\n<li>Pot\u00eancia nominal em VA: 600 VA<\/li>\n<li>Conex\u00e3o de sa\u00edda tipo: 4 NBR 14136<\/li>\n<li>Tipo de bateria: Bateria Chumbo-Acido<\/li>\n<li>Corrente de Entrada M\u00e1xima: 7,03 A<\/li>\n<\/ul>\n<h4><b>Baterias &amp; Tempo de opera\u00e7\u00e3o:<\/b><\/h4>\n<ul>\n<li>Tempo de recarga t\u00edpico: 6 H<\/li>\n<li>Tens\u00e3o da bateria: 12 Volts<\/li>\n<li>Corrente nominal da bateria Ah: 7 Ah<\/li>\n<li>Dura\u00e7\u00e3o da bateria: 1\u20262 ano(s)<\/li>\n<li>Autonomia expans\u00edvel: 0<br \/>\n<b><\/b><\/li>\n<\/ul>\n<h4><b>Entrada:<\/b><\/h4>\n<ul>\n<li>Tens\u00e3o nominal de entrada: 115 Vca\/220 Vca (sele\u00e7\u00e3o autom\u00e1tica)<\/li>\n<li>Faixa de frequ\u00eancia de entrada: 57 a 63 Hz<\/li>\n<li>Conex\u00e3o de entrada: NBR14136:2002, cabo 10 A com plugue 10 A<\/li>\n<li>Cabo de entrada: Cabo de 1,1 m (+\/- 5%), plug reto com NBR 14.136<\/li>\n<li>Fator de pot\u00eancia de entrada em plena carga 0,6<\/li>\n<\/ul>\n<h4><b>Sa\u00edda:<\/b><\/h4>\n<ul>\n<li>Pot\u00eancia M\u00e1xima Configur\u00e1vel (Watts): 360 W<\/li>\n<li>Frequ\u00eancia de Sa\u00edda (sincronizada com rede el\u00e9trica): 60Hz +\/- 1%<\/li>\n<li>Topologia: Linha Interativa<\/li>\n<li>Tipo de Forma de Onda: Senoidal aproximada<\/li>\n<li>Corrente de sa\u00edda m\u00e1xima: 5,93 mA<\/li>\n<li>Pot\u00eancia m\u00e1xima configur\u00e1vel em VA: 600 VA<\/li>\n<\/ul>\n<h4><b>Gerenciamento:<\/b><\/h4>\n<ul>\n<li><strong>LED:<\/strong><br \/>\n&#8211; Verde: Modo Online<br \/>\n&#8211; Amarelo: Modo Bateria<br \/>\n&#8211; Vermelho: Status de alerta<br \/>\n&#8211; Alarme sonoro: Sim, com capacidade de desativa\u00e7\u00e3o pelo usu\u00e1rio<br \/>\n&#8211; Disjuntor Reinicializ\u00e1vel: Disjuntor 8 A Reinicializ\u00e1vel<br \/>\n&#8211; Conector de bateria: Sim<br \/>\n&#8211; Classifica\u00e7\u00e3o de energia de surto: 185 J<\/li>\n<\/ul>\n<h4><b>Ambiental:<\/b><\/h4>\n<ul>\n<li>Temperatura ambiente para funcionamento: 0\u202640 \u00b0C<\/li>\n<li>Umidade relativa: 0\u202695 %<\/li>\n<\/ul>\n<h4><b>Peso e dimens\u00f5es<\/b><\/h4>\n<ul>\n<li>Altura: 19,7 cm<\/li>\n<li>Largura: 37,5cm<\/li>\n<li>Comprimento: 15 cm<\/li>\n<li>Gabinete mec\u00e2nico: FR ABS+V0 Pl\u00e1stico para painel frontal e traseiro<\/li>\n<li>Peso: 6,44kg<\/li>\n<\/ul>\n<div class=\"sc-7e0ca514-1 GiPKU\">\n<h4><strong>Conte\u00fado da Embalagem:<\/strong><\/h4>\n<ul>\n<li>APC Back-UPS, 600VA<\/li>\n<\/ul>\n<\/div>\n<h4>Garantia:<\/h4>\n<div class=\"sc-7e0ca514-2 cKkhYq\" data-testid=\"InfoGarantia\">\n<ul>\n<li class=\"sc-7e0ca514-3 lnNTXx\">2 anos de garantia (3 meses de garantia legal + 21 meses de garantia contratual junto ao fabricante)<\/li>\n<\/ul>\n<\/div>\n\t\t<\/div>\n\t\t[\/vc_column][\/vc_row]<\/p>\n<\/div>","protected":false},"excerpt":{"rendered":"<p><strong>C\u00f3digo:<\/strong> <span style=\"color: #2a2a2a;\"><strong>BVX600BI-BR<\/strong><\/span>\u00a0 \u00a0|\u00a0 \u00a0<strong>Mais produtos: <a href=\"https:\/\/elektrotec.com.br\/loja\/loja\/?filter_marcas=apc-by-schneider\">APC<\/a><\/strong>\u00a0 \u00a0|\u00a0 \u00a0<a href=\"https:\/\/elektrotec.com.br\/loja\/produto\/no-break-apc-600va-back-ups-bvx600bi-br-entrada-bivolt-saida-115v-semi-senoidal-4-tomadas\/#codigo-BVX600BIBR\"><strong>Descri\u00e7\u00e3o do produto<\/strong><\/a><\/p>\n","protected":false},"featured_media":4337,"comment_status":"open","ping_status":"closed","template":"","meta":{"pagelayer_contact_templates":[],"_pagelayer_content":"","_mbp_gutenberg_autopost":false},"pwb-brand":[],"product_brand":[],"product_cat":[291,105,103,83,26,97,356,191,241,25],"product_tag":[],"class_list":{"0":"post-462","1":"product","2":"type-product","3":"status-publish","4":"has-post-thumbnail","6":"product_cat-automacao-comercial","7":"product_cat-cameras-drones","8":"product_cat-destaques","9":"product_cat-energia","10":"product_cat-escritorio-e-papelaria","11":"product_cat-nobreak","12":"product_cat-no-break-gamer","13":"product_cat-seguranca-cftv","14":"product_cat-suprimentos-corporativos","15":"product_cat-tecnologia-e-informatica","16":"product_shipping_class-logistica-quioske","18":"first","19":"instock","20":"shipping-taxable","21":"purchasable","22":"product-type-simple"},"yoast_head":"<!-- This site is optimized with the Yoast SEO plugin v27.2 - https:\/\/yoast.com\/product\/yoast-seo-wordpress\/ -->\n<title>No-Break APC 600VA Back-UPS BVX600BI-BR - Entrada Bivolt - Sa\u00edda 115V - Semi Senoidal - 4 Tomadas | Elektrotec Store<\/title>\n<meta name=\"description\" content=\"No-break APC 600VA BVX600BI-BR \u00e9 a solu\u00e7\u00e3o ideal para garantir seguran\u00e7a e prote\u00e7\u00e3o contra quedas de energia, evitando danos aos aparelhos e perda de dados.\" \/>\n<meta name=\"robots\" content=\"index, follow, max-snippet:-1, max-image-preview:large, max-video-preview:-1\" \/>\n<link rel=\"canonical\" href=\"https:\/\/elektrotec.com.br\/loja\/produto\/no-break-apc-600va-back-ups-bvx600bi-br-entrada-bivolt-saida-115v-semi-senoidal-4-tomadas\/\" \/>\n<meta property=\"og:locale\" content=\"pt_BR\" \/>\n<meta property=\"og:type\" content=\"article\" \/>\n<meta property=\"og:title\" content=\"No-Break APC 600VA Back-UPS BVX600BI-BR - Entrada Bivolt - Sa\u00edda 115V - Semi Senoidal - 4 Tomadas | Elektrotec Store\" \/>\n<meta property=\"og:description\" content=\"No-break APC 600VA BVX600BI-BR \u00e9 a solu\u00e7\u00e3o ideal para garantir seguran\u00e7a e prote\u00e7\u00e3o contra quedas de energia, evitando danos aos aparelhos e perda de dados.\" \/>\n<meta property=\"og:url\" content=\"https:\/\/elektrotec.com.br\/loja\/produto\/no-break-apc-600va-back-ups-bvx600bi-br-entrada-bivolt-saida-115v-semi-senoidal-4-tomadas\/\" \/>\n<meta property=\"og:site_name\" content=\"Elektrotec Store\" \/>\n<meta property=\"article:modified_time\" content=\"2025-10-30T00:22:27+00:00\" \/>\n<meta property=\"og:image\" content=\"https:\/\/elektrotec.com.br\/loja\/wp-content\/uploads\/2025\/02\/BVX600BI-BR-Nobreak-APC-Back-UPS-600-VA-Bivolt-115V.jpg\" \/>\n\t<meta property=\"og:image:width\" content=\"700\" \/>\n\t<meta property=\"og:image:height\" content=\"800\" \/>\n\t<meta property=\"og:image:type\" content=\"image\/jpeg\" \/>\n<meta name=\"twitter:card\" content=\"summary_large_image\" \/>\n<meta name=\"twitter:label1\" content=\"Est. tempo de leitura\" \/>\n\t<meta name=\"twitter:data1\" content=\"4 minutos\" \/>\n<script type=\"application\/ld+json\" class=\"yoast-schema-graph\">{\"@context\":\"https:\/\/schema.org\",\"@graph\":[{\"@type\":\"WebPage\",\"@id\":\"https:\/\/elektrotec.com.br\/loja\/produto\/no-break-apc-600va-back-ups-bvx600bi-br-entrada-bivolt-saida-115v-semi-senoidal-4-tomadas\/\",\"url\":\"https:\/\/elektrotec.com.br\/loja\/produto\/no-break-apc-600va-back-ups-bvx600bi-br-entrada-bivolt-saida-115v-semi-senoidal-4-tomadas\/\",\"name\":\"No-Break APC 600VA Back-UPS BVX600BI-BR - Entrada Bivolt - Sa\u00edda 115V - Semi Senoidal - 4 Tomadas | Elektrotec Store\",\"isPartOf\":{\"@id\":\"https:\/\/elektrotec.com.br\/loja\/#website\"},\"primaryImageOfPage\":{\"@id\":\"https:\/\/elektrotec.com.br\/loja\/produto\/no-break-apc-600va-back-ups-bvx600bi-br-entrada-bivolt-saida-115v-semi-senoidal-4-tomadas\/#primaryimage\"},\"image\":{\"@id\":\"https:\/\/elektrotec.com.br\/loja\/produto\/no-break-apc-600va-back-ups-bvx600bi-br-entrada-bivolt-saida-115v-semi-senoidal-4-tomadas\/#primaryimage\"},\"thumbnailUrl\":\"https:\/\/i0.wp.com\/elektrotec.com.br\/loja\/wp-content\/uploads\/2025\/02\/BVX600BI-BR-Nobreak-APC-Back-UPS-600-VA-Bivolt-115V.jpg?fit=700%2C800&ssl=1\",\"datePublished\":\"2025-10-29T16:00:09+00:00\",\"dateModified\":\"2025-10-30T00:22:27+00:00\",\"description\":\"No-break APC 600VA BVX600BI-BR \u00e9 a solu\u00e7\u00e3o ideal para garantir seguran\u00e7a e prote\u00e7\u00e3o contra quedas de energia, evitando danos aos aparelhos e perda de dados.\",\"breadcrumb\":{\"@id\":\"https:\/\/elektrotec.com.br\/loja\/produto\/no-break-apc-600va-back-ups-bvx600bi-br-entrada-bivolt-saida-115v-semi-senoidal-4-tomadas\/#breadcrumb\"},\"inLanguage\":\"pt-BR\",\"potentialAction\":[{\"@type\":\"ReadAction\",\"target\":[\"https:\/\/elektrotec.com.br\/loja\/produto\/no-break-apc-600va-back-ups-bvx600bi-br-entrada-bivolt-saida-115v-semi-senoidal-4-tomadas\/\"]}]},{\"@type\":\"ImageObject\",\"inLanguage\":\"pt-BR\",\"@id\":\"https:\/\/elektrotec.com.br\/loja\/produto\/no-break-apc-600va-back-ups-bvx600bi-br-entrada-bivolt-saida-115v-semi-senoidal-4-tomadas\/#primaryimage\",\"url\":\"https:\/\/i0.wp.com\/elektrotec.com.br\/loja\/wp-content\/uploads\/2025\/02\/BVX600BI-BR-Nobreak-APC-Back-UPS-600-VA-Bivolt-115V.jpg?fit=700%2C800&ssl=1\",\"contentUrl\":\"https:\/\/i0.wp.com\/elektrotec.com.br\/loja\/wp-content\/uploads\/2025\/02\/BVX600BI-BR-Nobreak-APC-Back-UPS-600-VA-Bivolt-115V.jpg?fit=700%2C800&ssl=1\",\"width\":700,\"height\":800},{\"@type\":\"BreadcrumbList\",\"@id\":\"https:\/\/elektrotec.com.br\/loja\/produto\/no-break-apc-600va-back-ups-bvx600bi-br-entrada-bivolt-saida-115v-semi-senoidal-4-tomadas\/#breadcrumb\",\"itemListElement\":[{\"@type\":\"ListItem\",\"position\":1,\"name\":\"Home\",\"item\":\"https:\/\/elektrotec.com.br\/loja\/\"},{\"@type\":\"ListItem\",\"position\":2,\"name\":\"Ofertas do dia \u26a1\",\"item\":\"https:\/\/elektrotec.com.br\/loja\/loja\/\"},{\"@type\":\"ListItem\",\"position\":3,\"name\":\"No-Break APC 600VA Back-UPS BVX600BI-BR &#8211; Entrada Bivolt &#8211; Sa\u00edda 115V &#8211; Semi Senoidal &#8211; 4 Tomadas\"}]},{\"@type\":\"WebSite\",\"@id\":\"https:\/\/elektrotec.com.br\/loja\/#website\",\"url\":\"https:\/\/elektrotec.com.br\/loja\/\",\"name\":\"Elektrotec Store\",\"description\":\"Solu\u00e7\u00f5es em Energia e Automa\u00e7\u00e3o Industrial\",\"publisher\":{\"@id\":\"https:\/\/elektrotec.com.br\/loja\/#organization\"},\"potentialAction\":[{\"@type\":\"SearchAction\",\"target\":{\"@type\":\"EntryPoint\",\"urlTemplate\":\"https:\/\/elektrotec.com.br\/loja\/?s={search_term_string}\"},\"query-input\":{\"@type\":\"PropertyValueSpecification\",\"valueRequired\":true,\"valueName\":\"search_term_string\"}}],\"inLanguage\":\"pt-BR\"},{\"@type\":\"Organization\",\"@id\":\"https:\/\/elektrotec.com.br\/loja\/#organization\",\"name\":\"Elektrotec\",\"url\":\"https:\/\/elektrotec.com.br\/loja\/\",\"logo\":{\"@type\":\"ImageObject\",\"inLanguage\":\"pt-BR\",\"@id\":\"https:\/\/elektrotec.com.br\/loja\/#\/schema\/logo\/image\/\",\"url\":\"https:\/\/i0.wp.com\/elektrotec.com.br\/loja\/wp-content\/uploads\/2025\/05\/Logo-site-Elektrotec-Energy-1.webp?fit=270%2C70&ssl=1\",\"contentUrl\":\"https:\/\/i0.wp.com\/elektrotec.com.br\/loja\/wp-content\/uploads\/2025\/05\/Logo-site-Elektrotec-Energy-1.webp?fit=270%2C70&ssl=1\",\"width\":270,\"height\":70,\"caption\":\"Elektrotec\"},\"image\":{\"@id\":\"https:\/\/elektrotec.com.br\/loja\/#\/schema\/logo\/image\/\"}}]}<\/script>\n<!-- \/ Yoast SEO plugin. -->","yoast_head_json":{"title":"No-Break APC 600VA Back-UPS BVX600BI-BR - Entrada Bivolt - Sa\u00edda 115V - Semi Senoidal - 4 Tomadas | Elektrotec Store","description":"No-break APC 600VA BVX600BI-BR \u00e9 a solu\u00e7\u00e3o ideal para garantir seguran\u00e7a e prote\u00e7\u00e3o contra quedas de energia, evitando danos aos aparelhos e perda de dados.","robots":{"index":"index","follow":"follow","max-snippet":"max-snippet:-1","max-image-preview":"max-image-preview:large","max-video-preview":"max-video-preview:-1"},"canonical":"https:\/\/elektrotec.com.br\/loja\/produto\/no-break-apc-600va-back-ups-bvx600bi-br-entrada-bivolt-saida-115v-semi-senoidal-4-tomadas\/","og_locale":"pt_BR","og_type":"article","og_title":"No-Break APC 600VA Back-UPS BVX600BI-BR - Entrada Bivolt - Sa\u00edda 115V - Semi Senoidal - 4 Tomadas | Elektrotec Store","og_description":"No-break APC 600VA BVX600BI-BR \u00e9 a solu\u00e7\u00e3o ideal para garantir seguran\u00e7a e prote\u00e7\u00e3o contra quedas de energia, evitando danos aos aparelhos e perda de dados.","og_url":"https:\/\/elektrotec.com.br\/loja\/produto\/no-break-apc-600va-back-ups-bvx600bi-br-entrada-bivolt-saida-115v-semi-senoidal-4-tomadas\/","og_site_name":"Elektrotec Store","article_modified_time":"2025-10-30T00:22:27+00:00","og_image":[{"width":700,"height":800,"url":"https:\/\/elektrotec.com.br\/loja\/wp-content\/uploads\/2025\/02\/BVX600BI-BR-Nobreak-APC-Back-UPS-600-VA-Bivolt-115V.jpg","type":"image\/jpeg"}],"twitter_card":"summary_large_image","twitter_misc":{"Est. tempo de leitura":"4 minutos"},"schema":{"@context":"https:\/\/schema.org","@graph":[{"@type":"WebPage","@id":"https:\/\/elektrotec.com.br\/loja\/produto\/no-break-apc-600va-back-ups-bvx600bi-br-entrada-bivolt-saida-115v-semi-senoidal-4-tomadas\/","url":"https:\/\/elektrotec.com.br\/loja\/produto\/no-break-apc-600va-back-ups-bvx600bi-br-entrada-bivolt-saida-115v-semi-senoidal-4-tomadas\/","name":"No-Break APC 600VA Back-UPS BVX600BI-BR - Entrada Bivolt - Sa\u00edda 115V - Semi Senoidal - 4 Tomadas | Elektrotec Store","isPartOf":{"@id":"https:\/\/elektrotec.com.br\/loja\/#website"},"primaryImageOfPage":{"@id":"https:\/\/elektrotec.com.br\/loja\/produto\/no-break-apc-600va-back-ups-bvx600bi-br-entrada-bivolt-saida-115v-semi-senoidal-4-tomadas\/#primaryimage"},"image":{"@id":"https:\/\/elektrotec.com.br\/loja\/produto\/no-break-apc-600va-back-ups-bvx600bi-br-entrada-bivolt-saida-115v-semi-senoidal-4-tomadas\/#primaryimage"},"thumbnailUrl":"https:\/\/i0.wp.com\/elektrotec.com.br\/loja\/wp-content\/uploads\/2025\/02\/BVX600BI-BR-Nobreak-APC-Back-UPS-600-VA-Bivolt-115V.jpg?fit=700%2C800&ssl=1","datePublished":"2025-10-29T16:00:09+00:00","dateModified":"2025-10-30T00:22:27+00:00","description":"No-break APC 600VA BVX600BI-BR \u00e9 a solu\u00e7\u00e3o ideal para garantir seguran\u00e7a e prote\u00e7\u00e3o contra quedas de energia, evitando danos aos aparelhos e perda de dados.","breadcrumb":{"@id":"https:\/\/elektrotec.com.br\/loja\/produto\/no-break-apc-600va-back-ups-bvx600bi-br-entrada-bivolt-saida-115v-semi-senoidal-4-tomadas\/#breadcrumb"},"inLanguage":"pt-BR","potentialAction":[{"@type":"ReadAction","target":["https:\/\/elektrotec.com.br\/loja\/produto\/no-break-apc-600va-back-ups-bvx600bi-br-entrada-bivolt-saida-115v-semi-senoidal-4-tomadas\/"]}]},{"@type":"ImageObject","inLanguage":"pt-BR","@id":"https:\/\/elektrotec.com.br\/loja\/produto\/no-break-apc-600va-back-ups-bvx600bi-br-entrada-bivolt-saida-115v-semi-senoidal-4-tomadas\/#primaryimage","url":"https:\/\/i0.wp.com\/elektrotec.com.br\/loja\/wp-content\/uploads\/2025\/02\/BVX600BI-BR-Nobreak-APC-Back-UPS-600-VA-Bivolt-115V.jpg?fit=700%2C800&ssl=1","contentUrl":"https:\/\/i0.wp.com\/elektrotec.com.br\/loja\/wp-content\/uploads\/2025\/02\/BVX600BI-BR-Nobreak-APC-Back-UPS-600-VA-Bivolt-115V.jpg?fit=700%2C800&ssl=1","width":700,"height":800},{"@type":"BreadcrumbList","@id":"https:\/\/elektrotec.com.br\/loja\/produto\/no-break-apc-600va-back-ups-bvx600bi-br-entrada-bivolt-saida-115v-semi-senoidal-4-tomadas\/#breadcrumb","itemListElement":[{"@type":"ListItem","position":1,"name":"Home","item":"https:\/\/elektrotec.com.br\/loja\/"},{"@type":"ListItem","position":2,"name":"Ofertas do dia \u26a1","item":"https:\/\/elektrotec.com.br\/loja\/loja\/"},{"@type":"ListItem","position":3,"name":"No-Break APC 600VA Back-UPS BVX600BI-BR &#8211; Entrada Bivolt &#8211; Sa\u00edda 115V &#8211; Semi Senoidal &#8211; 4 Tomadas"}]},{"@type":"WebSite","@id":"https:\/\/elektrotec.com.br\/loja\/#website","url":"https:\/\/elektrotec.com.br\/loja\/","name":"Elektrotec Store","description":"Solu\u00e7\u00f5es em Energia e Automa\u00e7\u00e3o Industrial","publisher":{"@id":"https:\/\/elektrotec.com.br\/loja\/#organization"},"potentialAction":[{"@type":"SearchAction","target":{"@type":"EntryPoint","urlTemplate":"https:\/\/elektrotec.com.br\/loja\/?s={search_term_string}"},"query-input":{"@type":"PropertyValueSpecification","valueRequired":true,"valueName":"search_term_string"}}],"inLanguage":"pt-BR"},{"@type":"Organization","@id":"https:\/\/elektrotec.com.br\/loja\/#organization","name":"Elektrotec","url":"https:\/\/elektrotec.com.br\/loja\/","logo":{"@type":"ImageObject","inLanguage":"pt-BR","@id":"https:\/\/elektrotec.com.br\/loja\/#\/schema\/logo\/image\/","url":"https:\/\/i0.wp.com\/elektrotec.com.br\/loja\/wp-content\/uploads\/2025\/05\/Logo-site-Elektrotec-Energy-1.webp?fit=270%2C70&ssl=1","contentUrl":"https:\/\/i0.wp.com\/elektrotec.com.br\/loja\/wp-content\/uploads\/2025\/05\/Logo-site-Elektrotec-Energy-1.webp?fit=270%2C70&ssl=1","width":270,"height":70,"caption":"Elektrotec"},"image":{"@id":"https:\/\/elektrotec.com.br\/loja\/#\/schema\/logo\/image\/"}}]}},"jetpack_sharing_enabled":true,"brands":[],"_links":{"self":[{"href":"https:\/\/elektrotec.com.br\/loja\/wp-json\/wp\/v2\/product\/462","targetHints":{"allow":["GET"]}}],"collection":[{"href":"https:\/\/elektrotec.com.br\/loja\/wp-json\/wp\/v2\/product"}],"about":[{"href":"https:\/\/elektrotec.com.br\/loja\/wp-json\/wp\/v2\/types\/product"}],"replies":[{"embeddable":true,"href":"https:\/\/elektrotec.com.br\/loja\/wp-json\/wp\/v2\/comments?post=462"}],"wp:featuredmedia":[{"embeddable":true,"href":"https:\/\/elektrotec.com.br\/loja\/wp-json\/wp\/v2\/media\/4337"}],"wp:attachment":[{"href":"https:\/\/elektrotec.com.br\/loja\/wp-json\/wp\/v2\/media?parent=462"}],"wp:term":[{"taxonomy":"pwb-brand","embeddable":true,"href":"https:\/\/elektrotec.com.br\/loja\/wp-json\/wp\/v2\/pwb-brand?post=462"},{"taxonomy":"product_brand","embeddable":true,"href":"https:\/\/elektrotec.com.br\/loja\/wp-json\/wp\/v2\/product_brand?post=462"},{"taxonomy":"product_cat","embeddable":true,"href":"https:\/\/elektrotec.com.br\/loja\/wp-json\/wp\/v2\/product_cat?post=462"},{"taxonomy":"product_tag","embeddable":true,"href":"https:\/\/elektrotec.com.br\/loja\/wp-json\/wp\/v2\/product_tag?post=462"}],"curies":[{"name":"wp","href":"https:\/\/api.w.org\/{rel}","templated":true}]}}