{"id":4558,"date":"2025-10-29T13:00:04","date_gmt":"2025-10-29T16:00:04","guid":{"rendered":"https:\/\/quioske.com.br\/?post_type=product&#038;p=4558"},"modified":"2025-10-29T21:25:30","modified_gmt":"2025-10-30T00:25:30","slug":"roteador-wireless-intelbras-gigabit-ethernet-ax-1500-dual-band-4-antenas-preto","status":"publish","type":"product","link":"https:\/\/elektrotec.com.br\/loja\/produto\/roteador-wireless-intelbras-gigabit-ethernet-ax-1500-dual-band-4-antenas-preto\/","title":{"rendered":"Roteador Wireless Intelbras, Gigabit-Ethernet, AX 1500, Dual Band, 4 Antenas, Preto"},"content":{"rendered":"<div class=\"wpb-content-wrapper\"><p>[vc_row woodmart_css_id=&#8221;67c64fd61e0e7&#8243; responsive_spacing=&#8221;eyJwYXJhbV90eXBlIjoid29vZG1hcnRfcmVzcG9uc2l2ZV9zcGFjaW5nIiwic2VsZWN0b3JfaWQiOiI2N2M2NGZkNjFlMGU3Iiwic2hvcnRjb2RlIjoidmNfcm93IiwiZGF0YSI6eyJ0YWJsZXQiOnt9LCJtb2JpbGUiOnt9fX0=&#8221; mobile_bg_img_hidden=&#8221;no&#8221; tablet_bg_img_hidden=&#8221;no&#8221; woodmart_parallax=&#8221;0&#8243; woodmart_gradient_switch=&#8221;no&#8221; woodmart_box_shadow=&#8221;no&#8221; wd_z_index=&#8221;no&#8221; woodmart_disable_overflow=&#8221;0&#8243; row_reverse_mobile=&#8221;0&#8243; row_reverse_tablet=&#8221;0&#8243; el_id=&#8221;codigo-71975&#8243;][vc_column css=&#8221;.vc_custom_1666272391679{padding-top: 0px !important;}&#8221; woodmart_css_id=&#8221;63514c8260958&#8243; parallax_scroll=&#8221;no&#8221; woodmart_sticky_column=&#8221;false&#8221; wd_collapsible_content_switcher=&#8221;no&#8221; wd_column_role_offcanvas_desktop=&#8221;no&#8221; wd_column_role_offcanvas_tablet=&#8221;no&#8221; wd_column_role_offcanvas_mobile=&#8221;no&#8221; wd_column_role_content_desktop=&#8221;no&#8221; wd_column_role_content_tablet=&#8221;no&#8221; wd_column_role_content_mobile=&#8221;no&#8221; mobile_bg_img_hidden=&#8221;no&#8221; tablet_bg_img_hidden=&#8221;no&#8221; woodmart_parallax=&#8221;0&#8243; woodmart_box_shadow=&#8221;no&#8221; responsive_spacing=&#8221;eyJwYXJhbV90eXBlIjoid29vZG1hcnRfcmVzcG9uc2l2ZV9zcGFjaW5nIiwic2VsZWN0b3JfaWQiOiI2MzUxNGM4MjYwOTU4Iiwic2hvcnRjb2RlIjoidmNfY29sdW1uIiwiZGF0YSI6eyJ0YWJsZXQiOnt9LCJtb2JpbGUiOnt9fX0=&#8221; mobile_reset_margin=&#8221;no&#8221; tablet_reset_margin=&#8221;no&#8221; wd_z_index=&#8221;no&#8221;]\t\t<div id=\"wd-67c6521969637\" class=\"wd-text-block wd-wpb reset-last-child wd-rs-67c6521969637 text-center vc_custom_1741050485965\">\n\t\t\t<p><img data-recalc-dims=\"1\" loading=\"lazy\" decoding=\"async\" class=\"aligncenter wp-image-4564\" src=\"https:\/\/i0.wp.com\/elektrotec.com.br\/loja\/wp-content\/uploads\/2025\/03\/Roteador-Wireless-Intelbras-Gigabit-Ethernet-AX-1500-Dual-Band-4-Antenas-Preto-5.jpg?resize=1200%2C2031&#038;ssl=1\" alt=\"\" width=\"1200\" height=\"2031\" srcset=\"https:\/\/i0.wp.com\/elektrotec.com.br\/loja\/wp-content\/uploads\/2025\/03\/Roteador-Wireless-Intelbras-Gigabit-Ethernet-AX-1500-Dual-Band-4-Antenas-Preto-5.jpg?resize=177%2C300&amp;ssl=1 177w, https:\/\/i0.wp.com\/elektrotec.com.br\/loja\/wp-content\/uploads\/2025\/03\/Roteador-Wireless-Intelbras-Gigabit-Ethernet-AX-1500-Dual-Band-4-Antenas-Preto-5.jpg?resize=605%2C1024&amp;ssl=1 605w, https:\/\/i0.wp.com\/elektrotec.com.br\/loja\/wp-content\/uploads\/2025\/03\/Roteador-Wireless-Intelbras-Gigabit-Ethernet-AX-1500-Dual-Band-4-Antenas-Preto-5.jpg?resize=768%2C1300&amp;ssl=1 768w, https:\/\/i0.wp.com\/elektrotec.com.br\/loja\/wp-content\/uploads\/2025\/03\/Roteador-Wireless-Intelbras-Gigabit-Ethernet-AX-1500-Dual-Band-4-Antenas-Preto-5.jpg?resize=908%2C1536&amp;ssl=1 908w, https:\/\/i0.wp.com\/elektrotec.com.br\/loja\/wp-content\/uploads\/2025\/03\/Roteador-Wireless-Intelbras-Gigabit-Ethernet-AX-1500-Dual-Band-4-Antenas-Preto-5.jpg?resize=150%2C254&amp;ssl=1 150w, https:\/\/i0.wp.com\/elektrotec.com.br\/loja\/wp-content\/uploads\/2025\/03\/Roteador-Wireless-Intelbras-Gigabit-Ethernet-AX-1500-Dual-Band-4-Antenas-Preto-5.jpg?w=1199&amp;ssl=1 1199w\" sizes=\"auto, (max-width: 1000px) 100vw, 1000px\" \/><\/p>\n\t\t<\/div>\n\t\t[\/vc_column][\/vc_row][vc_row][vc_column woodmart_css_id=&#8221;667c81fba6236&#8243; parallax_scroll=&#8221;no&#8221; woodmart_sticky_column=&#8221;false&#8221; wd_collapsible_content_switcher=&#8221;no&#8221; wd_column_role_offcanvas_desktop=&#8221;no&#8221; wd_column_role_offcanvas_tablet=&#8221;no&#8221; wd_column_role_offcanvas_mobile=&#8221;no&#8221; wd_column_role_content_desktop=&#8221;no&#8221; wd_column_role_content_tablet=&#8221;no&#8221; wd_column_role_content_mobile=&#8221;no&#8221; mobile_bg_img_hidden=&#8221;no&#8221; tablet_bg_img_hidden=&#8221;no&#8221; woodmart_parallax=&#8221;0&#8243; woodmart_box_shadow=&#8221;no&#8221; responsive_spacing=&#8221;eyJwYXJhbV90eXBlIjoid29vZG1hcnRfcmVzcG9uc2l2ZV9zcGFjaW5nIiwic2VsZWN0b3JfaWQiOiI2NjdjODFmYmE2MjM2Iiwic2hvcnRjb2RlIjoidmNfY29sdW1uIiwiZGF0YSI6eyJ0YWJsZXQiOnt9LCJtb2JpbGUiOnt9fX0=&#8221; mobile_reset_margin=&#8221;no&#8221; tablet_reset_margin=&#8221;no&#8221; wd_z_index=&#8221;no&#8221; css=&#8221;.vc_custom_1719435784581{margin-top: -60px !important;}&#8221;][vc_separator border_width=&#8221;3&#8243; css=&#8221;.vc_custom_1731708518955{margin-top: 50px !important;margin-bottom: 50px !important;}&#8221; wd_hide_on_desktop=&#8221;no&#8221; wd_hide_on_tablet=&#8221;no&#8221; wd_hide_on_mobile=&#8221;no&#8221;][\/vc_column][\/vc_row][vc_row woodmart_css_id=&#8221;674bb5a3b48c6&#8243; responsive_spacing=&#8221;eyJwYXJhbV90eXBlIjoid29vZG1hcnRfcmVzcG9uc2l2ZV9zcGFjaW5nIiwic2VsZWN0b3JfaWQiOiI2NzRiYjVhM2I0OGM2Iiwic2hvcnRjb2RlIjoidmNfcm93IiwiZGF0YSI6eyJ0YWJsZXQiOnt9LCJtb2JpbGUiOnt9fX0=&#8221; mobile_bg_img_hidden=&#8221;no&#8221; tablet_bg_img_hidden=&#8221;no&#8221; woodmart_parallax=&#8221;0&#8243; woodmart_gradient_switch=&#8221;no&#8221; woodmart_box_shadow=&#8221;no&#8221; wd_z_index=&#8221;no&#8221; woodmart_disable_overflow=&#8221;0&#8243; row_reverse_mobile=&#8221;0&#8243; row_reverse_tablet=&#8221;0&#8243;][vc_column css=&#8221;.vc_custom_1669033735057{padding-top: 0px !important;}&#8221; woodmart_css_id=&#8221;637b6f036ef34&#8243; parallax_scroll=&#8221;no&#8221; woodmart_sticky_column=&#8221;false&#8221; wd_collapsible_content_switcher=&#8221;no&#8221; wd_column_role_offcanvas_desktop=&#8221;no&#8221; wd_column_role_offcanvas_tablet=&#8221;no&#8221; wd_column_role_offcanvas_mobile=&#8221;no&#8221; wd_column_role_content_desktop=&#8221;no&#8221; wd_column_role_content_tablet=&#8221;no&#8221; wd_column_role_content_mobile=&#8221;no&#8221; mobile_bg_img_hidden=&#8221;no&#8221; tablet_bg_img_hidden=&#8221;no&#8221; woodmart_parallax=&#8221;0&#8243; woodmart_box_shadow=&#8221;no&#8221; responsive_spacing=&#8221;eyJwYXJhbV90eXBlIjoid29vZG1hcnRfcmVzcG9uc2l2ZV9zcGFjaW5nIiwic2VsZWN0b3JfaWQiOiI2MzdiNmYwMzZlZjM0Iiwic2hvcnRjb2RlIjoidmNfY29sdW1uIiwiZGF0YSI6eyJ0YWJsZXQiOnt9LCJtb2JpbGUiOnt9fX0=&#8221; mobile_reset_margin=&#8221;no&#8221; tablet_reset_margin=&#8221;no&#8221; wd_z_index=&#8221;no&#8221;]\n\t\t<div id=\"wd-667ca27edb170\" class=\"title-wrapper wd-wpb wd-set-mb reset-last-child  wd-rs-667ca27edb170 wd-title-color-default wd-title-style-default text-left vc_custom_1719444410298 wd-underline-colored\">\n\t\t\t\n\t\t\t<div class=\"liner-continer\">\n\t\t\t\t<h4 class=\"woodmart-title-container title  wd-font-weight-700 wd-fontsize-l\" >\ud83d\udccc Especifica\u00e7\u00f5es T\u00e9cnicas:<\/h4>\n\t\t\t\t\t\t\t<\/div>\n\t\t\t\n\t\t\t\n\t\t\t\n\t\t<\/div>\n\t\t\n\t\t\t\t<div id=\"wd-67c64ec5a6b8a\" class=\"wd-text-block wd-wpb reset-last-child wd-rs-67c64ec5a6b8a text-left vc_custom_1741049772410\">\n\t\t\t<div class=\"sc-7e0ca514-1 GiPKU\">\n<h4>Especifica\u00e7\u00f5es<\/h4>\n<ul>\n<li>\u00c1rea de Cobertura At\u00e9 140m*(* Valores m\u00e9dios recomendados, dependendo do perfil de uso e de caracter\u00edsticas como ambiente de instala\u00e7\u00e3o, obst\u00e1culos e interfer\u00eancias pr\u00f3ximas, pode haver altera\u00e7\u00e3opara mais ou para menos)<\/li>\n<li>N\u00famero de dispositivos conectados At\u00e9 128* (sendo 64 em 2,4GHz e 64 em 5GHz)<\/li>\n<\/ul>\n<\/div>\n<div class=\"sc-7e0ca514-1 GiPKU\">\n<h4><strong>Hardware<\/strong><\/h4>\n<ul>\n<li>4 antenas externasde 5dBi<\/li>\n<li>1 porta Internet Gigabit 10\/100\/1000 Mbps<\/li>\n<li>3 portas Gigabit LAN 10\/100\/1000 Mbps<\/li>\n<li>Chipset Realtek\u00ae RTL8198 (RTL8192FRH +RTL8832AR)<\/li>\n<li>Mem\u00f3ria Flash 128 MB (megabytes)<\/li>\n<li>Mem\u00f3ria RAM 128 MB (megabytes)<\/li>\n<\/ul>\n<\/div>\n<h4 class=\"sc-7e0ca514-1 GiPKU\">Par\u00e2metros Wireless<\/h4>\n<div class=\"sc-7e0ca514-1 GiPKU\">\n<ul>\n<li>Padr\u00f5es: 2.4GHz &#8211; IEEE 802.11 b\/g\/n; 5GHz &#8211; IEEE 802.11 b\/g\/n\/ac\/ax<\/li>\n<li>Modos de Opera\u00e7\u00e3o: Roteador, Repetidor e Ponto de Acesso<\/li>\n<li>Modo do R\u00e1dio: Mu-MiMo bidirecional, Beamforming, OFDMA e TWT<\/li>\n<li>Frequ\u00eancia de Opera\u00e7\u00e3o: 2.4 GHz; 5 GHz<\/li>\n<li>Largura de Banda: 2.4 GHz: 20, 40 MHz; 5 GHz: 20, 40, 80 MHz<\/li>\n<li>Taxa de Transmiss\u00e3o 2.4 GHz: at\u00e9 300 Mbps; 5 GHz: at\u00e9 1200 Mbps<\/li>\n<li>Canais de Opera\u00e7\u00e3o 2.4 GHz: 1-13 (Brasil); 5 GHz: 36-165<\/li>\n<li>Pot\u00eancia M\u00e1xima (E.I.R.P.): 2.4 GHz: 158 mW (21 dBm); 5 GHz: 158 mW (21 dBm)<\/li>\n<li>Sensibilidade de recep\u00e7\u00e3o em 2.4 GHz: -66 dBm @802.11n 40MHz MCS7; -69 dBm @802.11n 20MHz MCS7<\/li>\n<li>Sensibilidade de recep\u00e7\u00e3o em 5 GHz: -59 dBm @802.11ax 80MHz MCS11; -61dbm @802.11ac 80MHz MCS9<\/li>\n<li>Seguran\u00e7a: Aberto (habilitada por padr\u00e3o); WPA-PSK e WPA2-PSK com criptografia TKIP + AES ou apenas AES; WPA3-SAE com criptografia AES<\/li>\n<\/ul>\n<\/div>\n<h4><strong>Fonte de Alimenta\u00e7\u00e3o<\/strong><\/h4>\n<div class=\"sc-7e0ca514-1 GiPKU\">\n<ul>\n<li>Entrada: 100-240 V a 50\/60 Hz<\/li>\n<li>Sa\u00edda: 12 Vdc\/1 A<\/li>\n<li>Pot\u00eancia de consumo m\u00e1xima: 12 W<\/li>\n<\/ul>\n<\/div>\n<h4>Dimens\u00f5es<\/h4>\n<div class=\"sc-7e0ca514-1 GiPKU\">\n<ul>\n<li>Altura: 169 mm<\/li>\n<li>Largura: 191 mm<\/li>\n<li>Profundidade: 104 mm<\/li>\n<li>Peso l\u00edquido: 0,300 kg<\/li>\n<\/ul>\n<h4><strong>Armazenamento e Opera\u00e7\u00e3o<\/strong><\/h4>\n<ul>\n<li>Temperatura de opera\u00e7\u00e3o: 0\u00b0C a 40\u00b0C<\/li>\n<li>Umidade de opera\u00e7\u00e3o: 10% a 90%, sem condensa\u00e7\u00e3o<\/li>\n<\/ul>\n<h4><strong>Garantia<\/strong><\/h4>\n<p>5 anos<\/p>\n<\/div>\n\t\t<\/div>\n\t\t[\/vc_column][\/vc_row]<\/p>\n<\/div>","protected":false},"excerpt":{"rendered":"<p><strong>C\u00f3digo:<\/strong> <span style=\"color: #2a2a2a;\"><strong>71975<\/strong><\/span>\u00a0 \u00a0|\u00a0 \u00a0<strong>Mais produtos:<\/strong> <a href=\"https:\/\/elektrotec.com.br\/loja\/loja\/?filter_marcas=intelbras\"><span style=\"color: #000;\"><strong>Intelbras<\/strong><\/span><\/a>\u00a0 \u00a0|\u00a0 \u00a0<a href=\"https:\/\/elektrotec.com.br\/loja\/produto\/roteador-wireless-intelbras-gigabit-ethernet-ax-1500-dual-band-4-antenas-preto\/#codigo-71975\"><strong>Descri\u00e7\u00e3o do produto<\/strong><\/a><\/p>\n","protected":false},"featured_media":4560,"comment_status":"open","ping_status":"closed","template":"","meta":{"pagelayer_contact_templates":[],"_pagelayer_content":"","_mbp_gutenberg_autopost":false},"pwb-brand":[],"product_brand":[],"product_cat":[86,100],"product_tag":[],"class_list":{"0":"post-4558","1":"product","2":"type-product","3":"status-publish","4":"has-post-thumbnail","6":"product_cat-conectividade","7":"product_cat-roteador","8":"product_shipping_class-logistica-quioske","10":"first","11":"instock","12":"featured","13":"shipping-taxable","14":"purchasable","15":"product-type-simple"},"yoast_head":"<!-- This site is optimized with the Yoast SEO plugin v27.2 - https:\/\/yoast.com\/product\/yoast-seo-wordpress\/ -->\n<title>Roteador Wireless Intelbras, Gigabit-Ethernet, AX 1500, Dual Band, 4 Antenas, Preto | Elektrotec Store<\/title>\n<meta name=\"description\" content=\"Roteador Wi-Fi Mercusys MR30G AC1200, Dual-Band 2.4GHz e 5GHz, 3 modos de opera\u00e7\u00e3o e seguran\u00e7a WPA2. Ideal para conex\u00f5es r\u00e1pidas e est\u00e1veis.\" \/>\n<meta name=\"robots\" content=\"index, follow, max-snippet:-1, max-image-preview:large, max-video-preview:-1\" \/>\n<link rel=\"canonical\" href=\"https:\/\/elektrotec.com.br\/loja\/produto\/roteador-wireless-intelbras-gigabit-ethernet-ax-1500-dual-band-4-antenas-preto\/\" \/>\n<meta property=\"og:locale\" content=\"pt_BR\" \/>\n<meta property=\"og:type\" content=\"article\" \/>\n<meta property=\"og:title\" content=\"Roteador Wireless Intelbras, Gigabit-Ethernet, AX 1500, Dual Band, 4 Antenas, Preto | Elektrotec Store\" \/>\n<meta property=\"og:description\" content=\"Roteador Wi-Fi Mercusys MR30G AC1200, Dual-Band 2.4GHz e 5GHz, 3 modos de opera\u00e7\u00e3o e seguran\u00e7a WPA2. Ideal para conex\u00f5es r\u00e1pidas e est\u00e1veis.\" \/>\n<meta property=\"og:url\" content=\"https:\/\/elektrotec.com.br\/loja\/produto\/roteador-wireless-intelbras-gigabit-ethernet-ax-1500-dual-band-4-antenas-preto\/\" \/>\n<meta property=\"og:site_name\" content=\"Elektrotec Store\" \/>\n<meta property=\"article:modified_time\" content=\"2025-10-30T00:25:30+00:00\" \/>\n<meta property=\"og:image\" content=\"https:\/\/elektrotec.com.br\/loja\/wp-content\/uploads\/2025\/03\/Roteador-Wireless-Intelbras-Gigabit-Ethernet-AX-1500-Dual-Band-4-Antenas-Preto-1.jpg\" \/>\n\t<meta property=\"og:image:width\" content=\"700\" \/>\n\t<meta property=\"og:image:height\" content=\"800\" \/>\n\t<meta property=\"og:image:type\" content=\"image\/jpeg\" \/>\n<meta name=\"twitter:card\" content=\"summary_large_image\" \/>\n<meta name=\"twitter:label1\" content=\"Est. tempo de leitura\" \/>\n\t<meta name=\"twitter:data1\" content=\"3 minutos\" \/>\n<script type=\"application\/ld+json\" class=\"yoast-schema-graph\">{\"@context\":\"https:\/\/schema.org\",\"@graph\":[{\"@type\":\"WebPage\",\"@id\":\"https:\/\/elektrotec.com.br\/loja\/produto\/roteador-wireless-intelbras-gigabit-ethernet-ax-1500-dual-band-4-antenas-preto\/\",\"url\":\"https:\/\/elektrotec.com.br\/loja\/produto\/roteador-wireless-intelbras-gigabit-ethernet-ax-1500-dual-band-4-antenas-preto\/\",\"name\":\"Roteador Wireless Intelbras, Gigabit-Ethernet, AX 1500, Dual Band, 4 Antenas, Preto | Elektrotec Store\",\"isPartOf\":{\"@id\":\"https:\/\/elektrotec.com.br\/loja\/#website\"},\"primaryImageOfPage\":{\"@id\":\"https:\/\/elektrotec.com.br\/loja\/produto\/roteador-wireless-intelbras-gigabit-ethernet-ax-1500-dual-band-4-antenas-preto\/#primaryimage\"},\"image\":{\"@id\":\"https:\/\/elektrotec.com.br\/loja\/produto\/roteador-wireless-intelbras-gigabit-ethernet-ax-1500-dual-band-4-antenas-preto\/#primaryimage\"},\"thumbnailUrl\":\"https:\/\/i0.wp.com\/elektrotec.com.br\/loja\/wp-content\/uploads\/2025\/03\/Roteador-Wireless-Intelbras-Gigabit-Ethernet-AX-1500-Dual-Band-4-Antenas-Preto-1.jpg?fit=700%2C800&ssl=1\",\"datePublished\":\"2025-10-29T16:00:04+00:00\",\"dateModified\":\"2025-10-30T00:25:30+00:00\",\"description\":\"Roteador Wi-Fi Mercusys MR30G AC1200, Dual-Band 2.4GHz e 5GHz, 3 modos de opera\u00e7\u00e3o e seguran\u00e7a WPA2. Ideal para conex\u00f5es r\u00e1pidas e est\u00e1veis.\",\"breadcrumb\":{\"@id\":\"https:\/\/elektrotec.com.br\/loja\/produto\/roteador-wireless-intelbras-gigabit-ethernet-ax-1500-dual-band-4-antenas-preto\/#breadcrumb\"},\"inLanguage\":\"pt-BR\",\"potentialAction\":[{\"@type\":\"ReadAction\",\"target\":[\"https:\/\/elektrotec.com.br\/loja\/produto\/roteador-wireless-intelbras-gigabit-ethernet-ax-1500-dual-band-4-antenas-preto\/\"]}]},{\"@type\":\"ImageObject\",\"inLanguage\":\"pt-BR\",\"@id\":\"https:\/\/elektrotec.com.br\/loja\/produto\/roteador-wireless-intelbras-gigabit-ethernet-ax-1500-dual-band-4-antenas-preto\/#primaryimage\",\"url\":\"https:\/\/i0.wp.com\/elektrotec.com.br\/loja\/wp-content\/uploads\/2025\/03\/Roteador-Wireless-Intelbras-Gigabit-Ethernet-AX-1500-Dual-Band-4-Antenas-Preto-1.jpg?fit=700%2C800&ssl=1\",\"contentUrl\":\"https:\/\/i0.wp.com\/elektrotec.com.br\/loja\/wp-content\/uploads\/2025\/03\/Roteador-Wireless-Intelbras-Gigabit-Ethernet-AX-1500-Dual-Band-4-Antenas-Preto-1.jpg?fit=700%2C800&ssl=1\",\"width\":700,\"height\":800},{\"@type\":\"BreadcrumbList\",\"@id\":\"https:\/\/elektrotec.com.br\/loja\/produto\/roteador-wireless-intelbras-gigabit-ethernet-ax-1500-dual-band-4-antenas-preto\/#breadcrumb\",\"itemListElement\":[{\"@type\":\"ListItem\",\"position\":1,\"name\":\"Home\",\"item\":\"https:\/\/elektrotec.com.br\/loja\/\"},{\"@type\":\"ListItem\",\"position\":2,\"name\":\"Ofertas do dia \u26a1\",\"item\":\"https:\/\/elektrotec.com.br\/loja\/loja\/\"},{\"@type\":\"ListItem\",\"position\":3,\"name\":\"Roteador Wireless Intelbras, Gigabit-Ethernet, AX 1500, Dual Band, 4 Antenas, Preto\"}]},{\"@type\":\"WebSite\",\"@id\":\"https:\/\/elektrotec.com.br\/loja\/#website\",\"url\":\"https:\/\/elektrotec.com.br\/loja\/\",\"name\":\"Elektrotec Store\",\"description\":\"Solu\u00e7\u00f5es em Energia e Automa\u00e7\u00e3o Industrial\",\"publisher\":{\"@id\":\"https:\/\/elektrotec.com.br\/loja\/#organization\"},\"potentialAction\":[{\"@type\":\"SearchAction\",\"target\":{\"@type\":\"EntryPoint\",\"urlTemplate\":\"https:\/\/elektrotec.com.br\/loja\/?s={search_term_string}\"},\"query-input\":{\"@type\":\"PropertyValueSpecification\",\"valueRequired\":true,\"valueName\":\"search_term_string\"}}],\"inLanguage\":\"pt-BR\"},{\"@type\":\"Organization\",\"@id\":\"https:\/\/elektrotec.com.br\/loja\/#organization\",\"name\":\"Elektrotec\",\"url\":\"https:\/\/elektrotec.com.br\/loja\/\",\"logo\":{\"@type\":\"ImageObject\",\"inLanguage\":\"pt-BR\",\"@id\":\"https:\/\/elektrotec.com.br\/loja\/#\/schema\/logo\/image\/\",\"url\":\"https:\/\/i0.wp.com\/elektrotec.com.br\/loja\/wp-content\/uploads\/2025\/05\/Logo-site-Elektrotec-Energy-1.webp?fit=270%2C70&ssl=1\",\"contentUrl\":\"https:\/\/i0.wp.com\/elektrotec.com.br\/loja\/wp-content\/uploads\/2025\/05\/Logo-site-Elektrotec-Energy-1.webp?fit=270%2C70&ssl=1\",\"width\":270,\"height\":70,\"caption\":\"Elektrotec\"},\"image\":{\"@id\":\"https:\/\/elektrotec.com.br\/loja\/#\/schema\/logo\/image\/\"}}]}<\/script>\n<!-- \/ Yoast SEO plugin. -->","yoast_head_json":{"title":"Roteador Wireless Intelbras, Gigabit-Ethernet, AX 1500, Dual Band, 4 Antenas, Preto | Elektrotec Store","description":"Roteador Wi-Fi Mercusys MR30G AC1200, Dual-Band 2.4GHz e 5GHz, 3 modos de opera\u00e7\u00e3o e seguran\u00e7a WPA2. Ideal para conex\u00f5es r\u00e1pidas e est\u00e1veis.","robots":{"index":"index","follow":"follow","max-snippet":"max-snippet:-1","max-image-preview":"max-image-preview:large","max-video-preview":"max-video-preview:-1"},"canonical":"https:\/\/elektrotec.com.br\/loja\/produto\/roteador-wireless-intelbras-gigabit-ethernet-ax-1500-dual-band-4-antenas-preto\/","og_locale":"pt_BR","og_type":"article","og_title":"Roteador Wireless Intelbras, Gigabit-Ethernet, AX 1500, Dual Band, 4 Antenas, Preto | Elektrotec Store","og_description":"Roteador Wi-Fi Mercusys MR30G AC1200, Dual-Band 2.4GHz e 5GHz, 3 modos de opera\u00e7\u00e3o e seguran\u00e7a WPA2. Ideal para conex\u00f5es r\u00e1pidas e est\u00e1veis.","og_url":"https:\/\/elektrotec.com.br\/loja\/produto\/roteador-wireless-intelbras-gigabit-ethernet-ax-1500-dual-band-4-antenas-preto\/","og_site_name":"Elektrotec Store","article_modified_time":"2025-10-30T00:25:30+00:00","og_image":[{"width":700,"height":800,"url":"https:\/\/elektrotec.com.br\/loja\/wp-content\/uploads\/2025\/03\/Roteador-Wireless-Intelbras-Gigabit-Ethernet-AX-1500-Dual-Band-4-Antenas-Preto-1.jpg","type":"image\/jpeg"}],"twitter_card":"summary_large_image","twitter_misc":{"Est. tempo de leitura":"3 minutos"},"schema":{"@context":"https:\/\/schema.org","@graph":[{"@type":"WebPage","@id":"https:\/\/elektrotec.com.br\/loja\/produto\/roteador-wireless-intelbras-gigabit-ethernet-ax-1500-dual-band-4-antenas-preto\/","url":"https:\/\/elektrotec.com.br\/loja\/produto\/roteador-wireless-intelbras-gigabit-ethernet-ax-1500-dual-band-4-antenas-preto\/","name":"Roteador Wireless Intelbras, Gigabit-Ethernet, AX 1500, Dual Band, 4 Antenas, Preto | Elektrotec Store","isPartOf":{"@id":"https:\/\/elektrotec.com.br\/loja\/#website"},"primaryImageOfPage":{"@id":"https:\/\/elektrotec.com.br\/loja\/produto\/roteador-wireless-intelbras-gigabit-ethernet-ax-1500-dual-band-4-antenas-preto\/#primaryimage"},"image":{"@id":"https:\/\/elektrotec.com.br\/loja\/produto\/roteador-wireless-intelbras-gigabit-ethernet-ax-1500-dual-band-4-antenas-preto\/#primaryimage"},"thumbnailUrl":"https:\/\/i0.wp.com\/elektrotec.com.br\/loja\/wp-content\/uploads\/2025\/03\/Roteador-Wireless-Intelbras-Gigabit-Ethernet-AX-1500-Dual-Band-4-Antenas-Preto-1.jpg?fit=700%2C800&ssl=1","datePublished":"2025-10-29T16:00:04+00:00","dateModified":"2025-10-30T00:25:30+00:00","description":"Roteador Wi-Fi Mercusys MR30G AC1200, Dual-Band 2.4GHz e 5GHz, 3 modos de opera\u00e7\u00e3o e seguran\u00e7a WPA2. Ideal para conex\u00f5es r\u00e1pidas e est\u00e1veis.","breadcrumb":{"@id":"https:\/\/elektrotec.com.br\/loja\/produto\/roteador-wireless-intelbras-gigabit-ethernet-ax-1500-dual-band-4-antenas-preto\/#breadcrumb"},"inLanguage":"pt-BR","potentialAction":[{"@type":"ReadAction","target":["https:\/\/elektrotec.com.br\/loja\/produto\/roteador-wireless-intelbras-gigabit-ethernet-ax-1500-dual-band-4-antenas-preto\/"]}]},{"@type":"ImageObject","inLanguage":"pt-BR","@id":"https:\/\/elektrotec.com.br\/loja\/produto\/roteador-wireless-intelbras-gigabit-ethernet-ax-1500-dual-band-4-antenas-preto\/#primaryimage","url":"https:\/\/i0.wp.com\/elektrotec.com.br\/loja\/wp-content\/uploads\/2025\/03\/Roteador-Wireless-Intelbras-Gigabit-Ethernet-AX-1500-Dual-Band-4-Antenas-Preto-1.jpg?fit=700%2C800&ssl=1","contentUrl":"https:\/\/i0.wp.com\/elektrotec.com.br\/loja\/wp-content\/uploads\/2025\/03\/Roteador-Wireless-Intelbras-Gigabit-Ethernet-AX-1500-Dual-Band-4-Antenas-Preto-1.jpg?fit=700%2C800&ssl=1","width":700,"height":800},{"@type":"BreadcrumbList","@id":"https:\/\/elektrotec.com.br\/loja\/produto\/roteador-wireless-intelbras-gigabit-ethernet-ax-1500-dual-band-4-antenas-preto\/#breadcrumb","itemListElement":[{"@type":"ListItem","position":1,"name":"Home","item":"https:\/\/elektrotec.com.br\/loja\/"},{"@type":"ListItem","position":2,"name":"Ofertas do dia \u26a1","item":"https:\/\/elektrotec.com.br\/loja\/loja\/"},{"@type":"ListItem","position":3,"name":"Roteador Wireless Intelbras, Gigabit-Ethernet, AX 1500, Dual Band, 4 Antenas, Preto"}]},{"@type":"WebSite","@id":"https:\/\/elektrotec.com.br\/loja\/#website","url":"https:\/\/elektrotec.com.br\/loja\/","name":"Elektrotec Store","description":"Solu\u00e7\u00f5es em Energia e Automa\u00e7\u00e3o Industrial","publisher":{"@id":"https:\/\/elektrotec.com.br\/loja\/#organization"},"potentialAction":[{"@type":"SearchAction","target":{"@type":"EntryPoint","urlTemplate":"https:\/\/elektrotec.com.br\/loja\/?s={search_term_string}"},"query-input":{"@type":"PropertyValueSpecification","valueRequired":true,"valueName":"search_term_string"}}],"inLanguage":"pt-BR"},{"@type":"Organization","@id":"https:\/\/elektrotec.com.br\/loja\/#organization","name":"Elektrotec","url":"https:\/\/elektrotec.com.br\/loja\/","logo":{"@type":"ImageObject","inLanguage":"pt-BR","@id":"https:\/\/elektrotec.com.br\/loja\/#\/schema\/logo\/image\/","url":"https:\/\/i0.wp.com\/elektrotec.com.br\/loja\/wp-content\/uploads\/2025\/05\/Logo-site-Elektrotec-Energy-1.webp?fit=270%2C70&ssl=1","contentUrl":"https:\/\/i0.wp.com\/elektrotec.com.br\/loja\/wp-content\/uploads\/2025\/05\/Logo-site-Elektrotec-Energy-1.webp?fit=270%2C70&ssl=1","width":270,"height":70,"caption":"Elektrotec"},"image":{"@id":"https:\/\/elektrotec.com.br\/loja\/#\/schema\/logo\/image\/"}}]}},"jetpack_sharing_enabled":true,"brands":[],"_links":{"self":[{"href":"https:\/\/elektrotec.com.br\/loja\/wp-json\/wp\/v2\/product\/4558","targetHints":{"allow":["GET"]}}],"collection":[{"href":"https:\/\/elektrotec.com.br\/loja\/wp-json\/wp\/v2\/product"}],"about":[{"href":"https:\/\/elektrotec.com.br\/loja\/wp-json\/wp\/v2\/types\/product"}],"replies":[{"embeddable":true,"href":"https:\/\/elektrotec.com.br\/loja\/wp-json\/wp\/v2\/comments?post=4558"}],"wp:featuredmedia":[{"embeddable":true,"href":"https:\/\/elektrotec.com.br\/loja\/wp-json\/wp\/v2\/media\/4560"}],"wp:attachment":[{"href":"https:\/\/elektrotec.com.br\/loja\/wp-json\/wp\/v2\/media?parent=4558"}],"wp:term":[{"taxonomy":"pwb-brand","embeddable":true,"href":"https:\/\/elektrotec.com.br\/loja\/wp-json\/wp\/v2\/pwb-brand?post=4558"},{"taxonomy":"product_brand","embeddable":true,"href":"https:\/\/elektrotec.com.br\/loja\/wp-json\/wp\/v2\/product_brand?post=4558"},{"taxonomy":"product_cat","embeddable":true,"href":"https:\/\/elektrotec.com.br\/loja\/wp-json\/wp\/v2\/product_cat?post=4558"},{"taxonomy":"product_tag","embeddable":true,"href":"https:\/\/elektrotec.com.br\/loja\/wp-json\/wp\/v2\/product_tag?post=4558"}],"curies":[{"name":"wp","href":"https:\/\/api.w.org\/{rel}","templated":true}]}}