{"id":4551,"date":"2025-09-09T10:00:51","date_gmt":"2025-09-09T13:00:51","guid":{"rendered":"https:\/\/quioske.com.br\/?post_type=product&#038;p=4551"},"modified":"2025-09-09T18:55:53","modified_gmt":"2025-09-09T21:55:53","slug":"switch-gigabit-de-mesa-tp-link-8-portas-ls1008g","status":"publish","type":"product","link":"https:\/\/elektrotec.com.br\/loja\/produto\/switch-gigabit-de-mesa-tp-link-8-portas-ls1008g\/","title":{"rendered":"Switch Gigabit de Mesa TP-Link 8 Portas LS1008G"},"content":{"rendered":"<div class=\"wpb-content-wrapper\"><p>[vc_row woodmart_css_id=&#8221;67c642e8385a5&#8243; responsive_spacing=&#8221;eyJwYXJhbV90eXBlIjoid29vZG1hcnRfcmVzcG9uc2l2ZV9zcGFjaW5nIiwic2VsZWN0b3JfaWQiOiI2N2M2NDJlODM4NWE1Iiwic2hvcnRjb2RlIjoidmNfcm93IiwiZGF0YSI6eyJ0YWJsZXQiOnt9LCJtb2JpbGUiOnt9fX0=&#8221; mobile_bg_img_hidden=&#8221;no&#8221; tablet_bg_img_hidden=&#8221;no&#8221; woodmart_parallax=&#8221;0&#8243; woodmart_gradient_switch=&#8221;no&#8221; woodmart_box_shadow=&#8221;no&#8221; wd_z_index=&#8221;no&#8221; woodmart_disable_overflow=&#8221;0&#8243; row_reverse_mobile=&#8221;0&#8243; row_reverse_tablet=&#8221;0&#8243; el_id=&#8221;codigo-36048&#8243;][vc_column css=&#8221;.vc_custom_1666272391679{padding-top: 0px !important;}&#8221; woodmart_css_id=&#8221;63514c8260958&#8243; parallax_scroll=&#8221;no&#8221; woodmart_sticky_column=&#8221;false&#8221; wd_collapsible_content_switcher=&#8221;no&#8221; wd_column_role_offcanvas_desktop=&#8221;no&#8221; wd_column_role_offcanvas_tablet=&#8221;no&#8221; wd_column_role_offcanvas_mobile=&#8221;no&#8221; wd_column_role_content_desktop=&#8221;no&#8221; wd_column_role_content_tablet=&#8221;no&#8221; wd_column_role_content_mobile=&#8221;no&#8221; mobile_bg_img_hidden=&#8221;no&#8221; tablet_bg_img_hidden=&#8221;no&#8221; woodmart_parallax=&#8221;0&#8243; woodmart_box_shadow=&#8221;no&#8221; responsive_spacing=&#8221;eyJwYXJhbV90eXBlIjoid29vZG1hcnRfcmVzcG9uc2l2ZV9zcGFjaW5nIiwic2VsZWN0b3JfaWQiOiI2MzUxNGM4MjYwOTU4Iiwic2hvcnRjb2RlIjoidmNfY29sdW1uIiwiZGF0YSI6eyJ0YWJsZXQiOnt9LCJtb2JpbGUiOnt9fX0=&#8221; mobile_reset_margin=&#8221;no&#8221; tablet_reset_margin=&#8221;no&#8221; wd_z_index=&#8221;no&#8221;]\t\t<div id=\"wd-67c645e2f34c1\" class=\"wd-text-block wd-wpb reset-last-child wd-rs-67c645e2f34c1 text-left vc_custom_1741047373371\">\n\t\t\t<p><img data-recalc-dims=\"1\" loading=\"lazy\" decoding=\"async\" class=\"aligncenter wp-image-4557\" src=\"https:\/\/i0.wp.com\/elektrotec.com.br\/loja\/wp-content\/uploads\/2025\/03\/Switch-Gigabit-de-Mesa-TP-Link-8-Portas-LS1008G-5.jpg?resize=1200%2C2946&#038;ssl=1\" alt=\"\" width=\"1200\" height=\"2946\" srcset=\"https:\/\/i0.wp.com\/elektrotec.com.br\/loja\/wp-content\/uploads\/2025\/03\/Switch-Gigabit-de-Mesa-TP-Link-8-Portas-LS1008G-5.jpg?resize=122%2C300&amp;ssl=1 122w, https:\/\/i0.wp.com\/elektrotec.com.br\/loja\/wp-content\/uploads\/2025\/03\/Switch-Gigabit-de-Mesa-TP-Link-8-Portas-LS1008G-5.jpg?resize=417%2C1024&amp;ssl=1 417w, https:\/\/i0.wp.com\/elektrotec.com.br\/loja\/wp-content\/uploads\/2025\/03\/Switch-Gigabit-de-Mesa-TP-Link-8-Portas-LS1008G-5.jpg?resize=768%2C1885&amp;ssl=1 768w, https:\/\/i0.wp.com\/elektrotec.com.br\/loja\/wp-content\/uploads\/2025\/03\/Switch-Gigabit-de-Mesa-TP-Link-8-Portas-LS1008G-5.jpg?resize=626%2C1536&amp;ssl=1 626w, https:\/\/i0.wp.com\/elektrotec.com.br\/loja\/wp-content\/uploads\/2025\/03\/Switch-Gigabit-de-Mesa-TP-Link-8-Portas-LS1008G-5.jpg?resize=834%2C2048&amp;ssl=1 834w, https:\/\/i0.wp.com\/elektrotec.com.br\/loja\/wp-content\/uploads\/2025\/03\/Switch-Gigabit-de-Mesa-TP-Link-8-Portas-LS1008G-5.jpg?resize=150%2C368&amp;ssl=1 150w, https:\/\/i0.wp.com\/elektrotec.com.br\/loja\/wp-content\/uploads\/2025\/03\/Switch-Gigabit-de-Mesa-TP-Link-8-Portas-LS1008G-5.jpg?w=948&amp;ssl=1 948w\" sizes=\"auto, (max-width: 1000px) 100vw, 1000px\" \/><\/p>\n\t\t<\/div>\n\t\t[\/vc_column][\/vc_row][vc_row][vc_column woodmart_css_id=&#8221;667c81fba6236&#8243; parallax_scroll=&#8221;no&#8221; woodmart_sticky_column=&#8221;false&#8221; wd_collapsible_content_switcher=&#8221;no&#8221; wd_column_role_offcanvas_desktop=&#8221;no&#8221; wd_column_role_offcanvas_tablet=&#8221;no&#8221; wd_column_role_offcanvas_mobile=&#8221;no&#8221; wd_column_role_content_desktop=&#8221;no&#8221; wd_column_role_content_tablet=&#8221;no&#8221; wd_column_role_content_mobile=&#8221;no&#8221; mobile_bg_img_hidden=&#8221;no&#8221; tablet_bg_img_hidden=&#8221;no&#8221; woodmart_parallax=&#8221;0&#8243; woodmart_box_shadow=&#8221;no&#8221; responsive_spacing=&#8221;eyJwYXJhbV90eXBlIjoid29vZG1hcnRfcmVzcG9uc2l2ZV9zcGFjaW5nIiwic2VsZWN0b3JfaWQiOiI2NjdjODFmYmE2MjM2Iiwic2hvcnRjb2RlIjoidmNfY29sdW1uIiwiZGF0YSI6eyJ0YWJsZXQiOnt9LCJtb2JpbGUiOnt9fX0=&#8221; mobile_reset_margin=&#8221;no&#8221; tablet_reset_margin=&#8221;no&#8221; wd_z_index=&#8221;no&#8221; css=&#8221;.vc_custom_1719435784581{margin-top: -60px !important;}&#8221;][vc_separator border_width=&#8221;3&#8243; css=&#8221;.vc_custom_1731708518955{margin-top: 50px !important;margin-bottom: 50px !important;}&#8221; wd_hide_on_desktop=&#8221;no&#8221; wd_hide_on_tablet=&#8221;no&#8221; wd_hide_on_mobile=&#8221;no&#8221;][\/vc_column][\/vc_row][vc_row woodmart_css_id=&#8221;674bb5a3b48c6&#8243; responsive_spacing=&#8221;eyJwYXJhbV90eXBlIjoid29vZG1hcnRfcmVzcG9uc2l2ZV9zcGFjaW5nIiwic2VsZWN0b3JfaWQiOiI2NzRiYjVhM2I0OGM2Iiwic2hvcnRjb2RlIjoidmNfcm93IiwiZGF0YSI6eyJ0YWJsZXQiOnt9LCJtb2JpbGUiOnt9fX0=&#8221; mobile_bg_img_hidden=&#8221;no&#8221; tablet_bg_img_hidden=&#8221;no&#8221; woodmart_parallax=&#8221;0&#8243; woodmart_gradient_switch=&#8221;no&#8221; woodmart_box_shadow=&#8221;no&#8221; wd_z_index=&#8221;no&#8221; woodmart_disable_overflow=&#8221;0&#8243; row_reverse_mobile=&#8221;0&#8243; row_reverse_tablet=&#8221;0&#8243;][vc_column css=&#8221;.vc_custom_1669033735057{padding-top: 0px !important;}&#8221; woodmart_css_id=&#8221;637b6f036ef34&#8243; parallax_scroll=&#8221;no&#8221; woodmart_sticky_column=&#8221;false&#8221; wd_collapsible_content_switcher=&#8221;no&#8221; wd_column_role_offcanvas_desktop=&#8221;no&#8221; wd_column_role_offcanvas_tablet=&#8221;no&#8221; wd_column_role_offcanvas_mobile=&#8221;no&#8221; wd_column_role_content_desktop=&#8221;no&#8221; wd_column_role_content_tablet=&#8221;no&#8221; wd_column_role_content_mobile=&#8221;no&#8221; mobile_bg_img_hidden=&#8221;no&#8221; tablet_bg_img_hidden=&#8221;no&#8221; woodmart_parallax=&#8221;0&#8243; woodmart_box_shadow=&#8221;no&#8221; responsive_spacing=&#8221;eyJwYXJhbV90eXBlIjoid29vZG1hcnRfcmVzcG9uc2l2ZV9zcGFjaW5nIiwic2VsZWN0b3JfaWQiOiI2MzdiNmYwMzZlZjM0Iiwic2hvcnRjb2RlIjoidmNfY29sdW1uIiwiZGF0YSI6eyJ0YWJsZXQiOnt9LCJtb2JpbGUiOnt9fX0=&#8221; mobile_reset_margin=&#8221;no&#8221; tablet_reset_margin=&#8221;no&#8221; wd_z_index=&#8221;no&#8221;]\n\t\t<div id=\"wd-667ca27edb170\" class=\"title-wrapper wd-wpb wd-set-mb reset-last-child  wd-rs-667ca27edb170 wd-title-color-default wd-title-style-default text-left vc_custom_1719444410298 wd-underline-colored\">\n\t\t\t\n\t\t\t<div class=\"liner-continer\">\n\t\t\t\t<h4 class=\"woodmart-title-container title  wd-font-weight-700 wd-fontsize-l\" >\ud83d\udccc Especifica\u00e7\u00f5es T\u00e9cnicas:<\/h4>\n\t\t\t\t\t\t\t<\/div>\n\t\t\t\n\t\t\t\n\t\t\t\n\t\t<\/div>\n\t\t\n\t\t\t\t<div id=\"wd-67c646ad53391\" class=\"wd-text-block wd-wpb reset-last-child wd-rs-67c646ad53391 text-left vc_custom_1741047690609\">\n\t\t\t<div class=\"sc-7e0ca514-1 GiPKU\">\n<div class=\"sc-7e0ca514-1 GiPKU\">\n<h4>Especifica\u00e7\u00f5es:<\/h4>\n<p>&nbsp;<\/p>\n<h4><strong>Hardware:<\/strong><\/h4>\n<ul>\n<li>Padr\u00f5es e Protocolos: IEEE 802.3i\/802.3u\/ 802.3ab\/802.3x<\/li>\n<li>Interface: 8x 10\/100\/1000Mbps, Auto Negocia\u00e7\u00e3o \/ Auto MDI \/ MDIX<\/li>\n<li>Fonte de Alimenta\u00e7\u00e3o Externa: Fonte de Energia Externa (Sa\u00edda: 5VDC\/0.6A)<\/li>\n<li>Dimens\u00f5es (LxCxA): 127 x 66.5 x 23 mm<\/li>\n<li>Consumo m\u00e1ximo de energia: 3.9W<\/li>\n<li>Dissipa\u00e7\u00e3o de calor m\u00e1xima: 13.299 BTU\/h<\/li>\n<\/ul>\n<\/div>\n<\/div>\n<p>&nbsp;<\/p>\n<p>&nbsp;<\/p>\n<div class=\"sc-7e0ca514-1 GiPKU\">\n<div class=\"sc-7e0ca514-1 GiPKU\">\n<h4><strong>Desempe<\/strong><strong>nho:<\/strong><\/h4>\n<ul>\n<li>Capacidade de Comuta\u00e7\u00e3o: 16 Gbps<\/li>\n<li>Taxa de Encaminhamento de Pacotes: 11.9 Mpps<\/li>\n<li>Tabela de Endere\u00e7os MAC: 4K<\/li>\n<li>Mem\u00f3ria de Buffer de Pacote: 1.5 Mb<\/li>\n<li>Jumbo Frame: 16 KB<\/li>\n<\/ul>\n<p>&nbsp;<\/p>\n<\/div>\n<\/div>\n<div class=\"sc-7e0ca514-1 GiPKU\">\n<div class=\"sc-7e0ca514-1 GiPKU\">\n<h4>Software:<\/h4>\n<ul>\n<li>Caracter\u00edsticas Avan\u00e7adas: Tecnologia TP-Link Green \/ 802.3X Flow Control \/ Back Pressure<\/li>\n<li>M\u00e9todo de Transfer\u00eancia: Armazena e Encaminha<\/li>\n<\/ul>\n<p>&nbsp;<\/p>\n<h4><strong>Certifica\u00e7\u00e3o:<\/strong><\/h4>\n<ul>\n<li>CE, FCC, RoHS<\/li>\n<\/ul>\n<p>&nbsp;<\/p>\n<h4><strong>Ambiente:<\/strong><\/h4>\n<ul>\n<li>Temperatura de Opera\u00e7\u00e3o: 0 \u00b0C ~ 40 \u00b0C (32 \u00b0F ~ 104 \u00b0F);<\/li>\n<li>Temperatura de armazenamento: -40 \u00b0C ~ 70 \u00b0C (-40 \u00b0F ~ 158 \u00b0F);<\/li>\n<li>Umidade de Opera\u00e7\u00e3o: 10% ~ 90% sem condensa\u00e7\u00e3o;<\/li>\n<li>Umidade de armazenamento: 5% ~ 90% sem condensa\u00e7\u00e3o<\/li>\n<\/ul>\n<p>&nbsp;<\/p>\n<h4><strong>Conte\u00fado da Embalagem:<\/strong><\/h4>\n<ul>\n<li>1 x Switch TP-Link LS1008G<\/li>\n<li>1 x Adaptador de Energia<\/li>\n<li>Guia do Usu\u00e1rio<\/li>\n<\/ul>\n<\/div>\n<p>&nbsp;<\/p>\n<div class=\"sc-7e0ca514-2 cKkhYq\" data-testid=\"InfoGarantia\">\n<div class=\"sc-7e0ca514-4 ikipIN\">\n<h4>Garantia:<\/h4>\n<\/div>\n<div class=\"sc-7e0ca514-3 lnNTXx\">1 ano<\/div>\n<\/div>\n<p>&nbsp;<\/p>\n<div class=\"sc-7e0ca514-2 cKkhYq\" data-testid=\"InfoPeso\">\n<div class=\"sc-7e0ca514-4 ikipIN\">\n<h4>Peso:<\/h4>\n<\/div>\n<ul>\n<li class=\"sc-7e0ca514-3 lnNTXx\">224 gramas (bruto com embalagem)<\/li>\n<\/ul>\n<\/div>\n<\/div>\n\t\t<\/div>\n\t\t[\/vc_column][\/vc_row]<\/p>\n<\/div>","protected":false},"excerpt":{"rendered":"<p><strong>C\u00f3digo:<\/strong> <a href=\"#\">36048<\/a>\u00a0 \u00a0|\u00a0 \u00a0<strong>Mais produtos:<\/strong> <a href=\"https:\/\/elektrotec.com.br\/loja\/loja\/?filter_marcas=tp-link\">TP Link\u00a0<\/a> \u00a0|\u00a0 \u00a0<a href=\"https:\/\/elektrotec.com.br\/loja\/produto\/switch-gigabit-de-mesa-tp-link-8-portas-ls1008g\/#codigo-36048\"><strong>Descri\u00e7\u00e3o do produto<\/strong><\/a><\/p>\n","protected":false},"featured_media":4552,"comment_status":"open","ping_status":"closed","template":"","meta":{"pagelayer_contact_templates":[],"_pagelayer_content":"","_mbp_gutenberg_autopost":false},"pwb-brand":[],"product_brand":[],"product_cat":[86,99],"product_tag":[],"class_list":{"0":"post-4551","1":"product","2":"type-product","3":"status-publish","4":"has-post-thumbnail","6":"product_cat-conectividade","7":"product_cat-switch","8":"product_shipping_class-logistica-quioske","10":"first","11":"instock","12":"featured","13":"shipping-taxable","14":"purchasable","15":"product-type-simple"},"yoast_head":"<!-- This site is optimized with the Yoast SEO plugin v27.2 - https:\/\/yoast.com\/product\/yoast-seo-wordpress\/ -->\n<title>Switch Gigabit de Mesa TP-Link 8 Portas LS1008G<\/title>\n<meta name=\"description\" content=\"Aumente a velocidade da sua rede com o switch LS1008G com portas Gigabit. Equipado com 8 portas 10\/100\/1000 Mbps, permitem a transfer\u00eancia instant\u00e2nea!\" \/>\n<meta name=\"robots\" content=\"index, follow, max-snippet:-1, max-image-preview:large, max-video-preview:-1\" \/>\n<link rel=\"canonical\" href=\"https:\/\/elektrotec.com.br\/loja\/produto\/switch-gigabit-de-mesa-tp-link-8-portas-ls1008g\/\" \/>\n<meta property=\"og:locale\" content=\"pt_BR\" \/>\n<meta property=\"og:type\" content=\"article\" \/>\n<meta property=\"og:title\" content=\"Switch Gigabit de Mesa TP-Link 8 Portas LS1008G\" \/>\n<meta property=\"og:description\" content=\"Aumente a velocidade da sua rede com o switch LS1008G com portas Gigabit. Equipado com 8 portas 10\/100\/1000 Mbps, permitem a transfer\u00eancia instant\u00e2nea!\" \/>\n<meta property=\"og:url\" content=\"https:\/\/elektrotec.com.br\/loja\/produto\/switch-gigabit-de-mesa-tp-link-8-portas-ls1008g\/\" \/>\n<meta property=\"og:site_name\" content=\"Elektrotec Store\" \/>\n<meta property=\"article:modified_time\" content=\"2025-09-09T21:55:53+00:00\" \/>\n<meta property=\"og:image\" content=\"https:\/\/elektrotec.com.br\/loja\/wp-content\/uploads\/2025\/03\/Switch-Gigabit-de-Mesa-TP-Link-8-Portas-LS1008G-0.jpg\" \/>\n\t<meta property=\"og:image:width\" content=\"700\" \/>\n\t<meta property=\"og:image:height\" content=\"800\" \/>\n\t<meta property=\"og:image:type\" content=\"image\/jpeg\" \/>\n<meta name=\"twitter:card\" content=\"summary_large_image\" \/>\n<meta name=\"twitter:label1\" content=\"Est. tempo de leitura\" \/>\n\t<meta name=\"twitter:data1\" content=\"3 minutos\" \/>\n<script type=\"application\/ld+json\" class=\"yoast-schema-graph\">{\"@context\":\"https:\/\/schema.org\",\"@graph\":[{\"@type\":\"WebPage\",\"@id\":\"https:\/\/elektrotec.com.br\/loja\/produto\/switch-gigabit-de-mesa-tp-link-8-portas-ls1008g\/\",\"url\":\"https:\/\/elektrotec.com.br\/loja\/produto\/switch-gigabit-de-mesa-tp-link-8-portas-ls1008g\/\",\"name\":\"Switch Gigabit de Mesa TP-Link 8 Portas LS1008G\",\"isPartOf\":{\"@id\":\"https:\/\/elektrotec.com.br\/loja\/#website\"},\"primaryImageOfPage\":{\"@id\":\"https:\/\/elektrotec.com.br\/loja\/produto\/switch-gigabit-de-mesa-tp-link-8-portas-ls1008g\/#primaryimage\"},\"image\":{\"@id\":\"https:\/\/elektrotec.com.br\/loja\/produto\/switch-gigabit-de-mesa-tp-link-8-portas-ls1008g\/#primaryimage\"},\"thumbnailUrl\":\"https:\/\/i0.wp.com\/elektrotec.com.br\/loja\/wp-content\/uploads\/2025\/03\/Switch-Gigabit-de-Mesa-TP-Link-8-Portas-LS1008G-0.jpg?fit=700%2C800&ssl=1\",\"datePublished\":\"2025-09-09T13:00:51+00:00\",\"dateModified\":\"2025-09-09T21:55:53+00:00\",\"description\":\"Aumente a velocidade da sua rede com o switch LS1008G com portas Gigabit. Equipado com 8 portas 10\/100\/1000 Mbps, permitem a transfer\u00eancia instant\u00e2nea!\",\"breadcrumb\":{\"@id\":\"https:\/\/elektrotec.com.br\/loja\/produto\/switch-gigabit-de-mesa-tp-link-8-portas-ls1008g\/#breadcrumb\"},\"inLanguage\":\"pt-BR\",\"potentialAction\":[{\"@type\":\"ReadAction\",\"target\":[\"https:\/\/elektrotec.com.br\/loja\/produto\/switch-gigabit-de-mesa-tp-link-8-portas-ls1008g\/\"]}]},{\"@type\":\"ImageObject\",\"inLanguage\":\"pt-BR\",\"@id\":\"https:\/\/elektrotec.com.br\/loja\/produto\/switch-gigabit-de-mesa-tp-link-8-portas-ls1008g\/#primaryimage\",\"url\":\"https:\/\/i0.wp.com\/elektrotec.com.br\/loja\/wp-content\/uploads\/2025\/03\/Switch-Gigabit-de-Mesa-TP-Link-8-Portas-LS1008G-0.jpg?fit=700%2C800&ssl=1\",\"contentUrl\":\"https:\/\/i0.wp.com\/elektrotec.com.br\/loja\/wp-content\/uploads\/2025\/03\/Switch-Gigabit-de-Mesa-TP-Link-8-Portas-LS1008G-0.jpg?fit=700%2C800&ssl=1\",\"width\":700,\"height\":800},{\"@type\":\"BreadcrumbList\",\"@id\":\"https:\/\/elektrotec.com.br\/loja\/produto\/switch-gigabit-de-mesa-tp-link-8-portas-ls1008g\/#breadcrumb\",\"itemListElement\":[{\"@type\":\"ListItem\",\"position\":1,\"name\":\"Home\",\"item\":\"https:\/\/elektrotec.com.br\/loja\/\"},{\"@type\":\"ListItem\",\"position\":2,\"name\":\"Ofertas do dia \u26a1\",\"item\":\"https:\/\/elektrotec.com.br\/loja\/loja\/\"},{\"@type\":\"ListItem\",\"position\":3,\"name\":\"Switch Gigabit de Mesa TP-Link 8 Portas LS1008G\"}]},{\"@type\":\"WebSite\",\"@id\":\"https:\/\/elektrotec.com.br\/loja\/#website\",\"url\":\"https:\/\/elektrotec.com.br\/loja\/\",\"name\":\"Elektrotec Store\",\"description\":\"Solu\u00e7\u00f5es em Energia e Automa\u00e7\u00e3o Industrial\",\"publisher\":{\"@id\":\"https:\/\/elektrotec.com.br\/loja\/#organization\"},\"potentialAction\":[{\"@type\":\"SearchAction\",\"target\":{\"@type\":\"EntryPoint\",\"urlTemplate\":\"https:\/\/elektrotec.com.br\/loja\/?s={search_term_string}\"},\"query-input\":{\"@type\":\"PropertyValueSpecification\",\"valueRequired\":true,\"valueName\":\"search_term_string\"}}],\"inLanguage\":\"pt-BR\"},{\"@type\":\"Organization\",\"@id\":\"https:\/\/elektrotec.com.br\/loja\/#organization\",\"name\":\"Elektrotec\",\"url\":\"https:\/\/elektrotec.com.br\/loja\/\",\"logo\":{\"@type\":\"ImageObject\",\"inLanguage\":\"pt-BR\",\"@id\":\"https:\/\/elektrotec.com.br\/loja\/#\/schema\/logo\/image\/\",\"url\":\"https:\/\/i0.wp.com\/elektrotec.com.br\/loja\/wp-content\/uploads\/2025\/05\/Logo-site-Elektrotec-Energy-1.webp?fit=270%2C70&ssl=1\",\"contentUrl\":\"https:\/\/i0.wp.com\/elektrotec.com.br\/loja\/wp-content\/uploads\/2025\/05\/Logo-site-Elektrotec-Energy-1.webp?fit=270%2C70&ssl=1\",\"width\":270,\"height\":70,\"caption\":\"Elektrotec\"},\"image\":{\"@id\":\"https:\/\/elektrotec.com.br\/loja\/#\/schema\/logo\/image\/\"}}]}<\/script>\n<!-- \/ Yoast SEO plugin. -->","yoast_head_json":{"title":"Switch Gigabit de Mesa TP-Link 8 Portas LS1008G","description":"Aumente a velocidade da sua rede com o switch LS1008G com portas Gigabit. Equipado com 8 portas 10\/100\/1000 Mbps, permitem a transfer\u00eancia instant\u00e2nea!","robots":{"index":"index","follow":"follow","max-snippet":"max-snippet:-1","max-image-preview":"max-image-preview:large","max-video-preview":"max-video-preview:-1"},"canonical":"https:\/\/elektrotec.com.br\/loja\/produto\/switch-gigabit-de-mesa-tp-link-8-portas-ls1008g\/","og_locale":"pt_BR","og_type":"article","og_title":"Switch Gigabit de Mesa TP-Link 8 Portas LS1008G","og_description":"Aumente a velocidade da sua rede com o switch LS1008G com portas Gigabit. Equipado com 8 portas 10\/100\/1000 Mbps, permitem a transfer\u00eancia instant\u00e2nea!","og_url":"https:\/\/elektrotec.com.br\/loja\/produto\/switch-gigabit-de-mesa-tp-link-8-portas-ls1008g\/","og_site_name":"Elektrotec Store","article_modified_time":"2025-09-09T21:55:53+00:00","og_image":[{"width":700,"height":800,"url":"https:\/\/elektrotec.com.br\/loja\/wp-content\/uploads\/2025\/03\/Switch-Gigabit-de-Mesa-TP-Link-8-Portas-LS1008G-0.jpg","type":"image\/jpeg"}],"twitter_card":"summary_large_image","twitter_misc":{"Est. tempo de leitura":"3 minutos"},"schema":{"@context":"https:\/\/schema.org","@graph":[{"@type":"WebPage","@id":"https:\/\/elektrotec.com.br\/loja\/produto\/switch-gigabit-de-mesa-tp-link-8-portas-ls1008g\/","url":"https:\/\/elektrotec.com.br\/loja\/produto\/switch-gigabit-de-mesa-tp-link-8-portas-ls1008g\/","name":"Switch Gigabit de Mesa TP-Link 8 Portas LS1008G","isPartOf":{"@id":"https:\/\/elektrotec.com.br\/loja\/#website"},"primaryImageOfPage":{"@id":"https:\/\/elektrotec.com.br\/loja\/produto\/switch-gigabit-de-mesa-tp-link-8-portas-ls1008g\/#primaryimage"},"image":{"@id":"https:\/\/elektrotec.com.br\/loja\/produto\/switch-gigabit-de-mesa-tp-link-8-portas-ls1008g\/#primaryimage"},"thumbnailUrl":"https:\/\/i0.wp.com\/elektrotec.com.br\/loja\/wp-content\/uploads\/2025\/03\/Switch-Gigabit-de-Mesa-TP-Link-8-Portas-LS1008G-0.jpg?fit=700%2C800&ssl=1","datePublished":"2025-09-09T13:00:51+00:00","dateModified":"2025-09-09T21:55:53+00:00","description":"Aumente a velocidade da sua rede com o switch LS1008G com portas Gigabit. Equipado com 8 portas 10\/100\/1000 Mbps, permitem a transfer\u00eancia instant\u00e2nea!","breadcrumb":{"@id":"https:\/\/elektrotec.com.br\/loja\/produto\/switch-gigabit-de-mesa-tp-link-8-portas-ls1008g\/#breadcrumb"},"inLanguage":"pt-BR","potentialAction":[{"@type":"ReadAction","target":["https:\/\/elektrotec.com.br\/loja\/produto\/switch-gigabit-de-mesa-tp-link-8-portas-ls1008g\/"]}]},{"@type":"ImageObject","inLanguage":"pt-BR","@id":"https:\/\/elektrotec.com.br\/loja\/produto\/switch-gigabit-de-mesa-tp-link-8-portas-ls1008g\/#primaryimage","url":"https:\/\/i0.wp.com\/elektrotec.com.br\/loja\/wp-content\/uploads\/2025\/03\/Switch-Gigabit-de-Mesa-TP-Link-8-Portas-LS1008G-0.jpg?fit=700%2C800&ssl=1","contentUrl":"https:\/\/i0.wp.com\/elektrotec.com.br\/loja\/wp-content\/uploads\/2025\/03\/Switch-Gigabit-de-Mesa-TP-Link-8-Portas-LS1008G-0.jpg?fit=700%2C800&ssl=1","width":700,"height":800},{"@type":"BreadcrumbList","@id":"https:\/\/elektrotec.com.br\/loja\/produto\/switch-gigabit-de-mesa-tp-link-8-portas-ls1008g\/#breadcrumb","itemListElement":[{"@type":"ListItem","position":1,"name":"Home","item":"https:\/\/elektrotec.com.br\/loja\/"},{"@type":"ListItem","position":2,"name":"Ofertas do dia \u26a1","item":"https:\/\/elektrotec.com.br\/loja\/loja\/"},{"@type":"ListItem","position":3,"name":"Switch Gigabit de Mesa TP-Link 8 Portas LS1008G"}]},{"@type":"WebSite","@id":"https:\/\/elektrotec.com.br\/loja\/#website","url":"https:\/\/elektrotec.com.br\/loja\/","name":"Elektrotec Store","description":"Solu\u00e7\u00f5es em Energia e Automa\u00e7\u00e3o Industrial","publisher":{"@id":"https:\/\/elektrotec.com.br\/loja\/#organization"},"potentialAction":[{"@type":"SearchAction","target":{"@type":"EntryPoint","urlTemplate":"https:\/\/elektrotec.com.br\/loja\/?s={search_term_string}"},"query-input":{"@type":"PropertyValueSpecification","valueRequired":true,"valueName":"search_term_string"}}],"inLanguage":"pt-BR"},{"@type":"Organization","@id":"https:\/\/elektrotec.com.br\/loja\/#organization","name":"Elektrotec","url":"https:\/\/elektrotec.com.br\/loja\/","logo":{"@type":"ImageObject","inLanguage":"pt-BR","@id":"https:\/\/elektrotec.com.br\/loja\/#\/schema\/logo\/image\/","url":"https:\/\/i0.wp.com\/elektrotec.com.br\/loja\/wp-content\/uploads\/2025\/05\/Logo-site-Elektrotec-Energy-1.webp?fit=270%2C70&ssl=1","contentUrl":"https:\/\/i0.wp.com\/elektrotec.com.br\/loja\/wp-content\/uploads\/2025\/05\/Logo-site-Elektrotec-Energy-1.webp?fit=270%2C70&ssl=1","width":270,"height":70,"caption":"Elektrotec"},"image":{"@id":"https:\/\/elektrotec.com.br\/loja\/#\/schema\/logo\/image\/"}}]}},"jetpack_sharing_enabled":true,"brands":[],"_links":{"self":[{"href":"https:\/\/elektrotec.com.br\/loja\/wp-json\/wp\/v2\/product\/4551","targetHints":{"allow":["GET"]}}],"collection":[{"href":"https:\/\/elektrotec.com.br\/loja\/wp-json\/wp\/v2\/product"}],"about":[{"href":"https:\/\/elektrotec.com.br\/loja\/wp-json\/wp\/v2\/types\/product"}],"replies":[{"embeddable":true,"href":"https:\/\/elektrotec.com.br\/loja\/wp-json\/wp\/v2\/comments?post=4551"}],"wp:featuredmedia":[{"embeddable":true,"href":"https:\/\/elektrotec.com.br\/loja\/wp-json\/wp\/v2\/media\/4552"}],"wp:attachment":[{"href":"https:\/\/elektrotec.com.br\/loja\/wp-json\/wp\/v2\/media?parent=4551"}],"wp:term":[{"taxonomy":"pwb-brand","embeddable":true,"href":"https:\/\/elektrotec.com.br\/loja\/wp-json\/wp\/v2\/pwb-brand?post=4551"},{"taxonomy":"product_brand","embeddable":true,"href":"https:\/\/elektrotec.com.br\/loja\/wp-json\/wp\/v2\/product_brand?post=4551"},{"taxonomy":"product_cat","embeddable":true,"href":"https:\/\/elektrotec.com.br\/loja\/wp-json\/wp\/v2\/product_cat?post=4551"},{"taxonomy":"product_tag","embeddable":true,"href":"https:\/\/elektrotec.com.br\/loja\/wp-json\/wp\/v2\/product_tag?post=4551"}],"curies":[{"name":"wp","href":"https:\/\/api.w.org\/{rel}","templated":true}]}}