{"id":4470,"date":"2025-02-25T21:30:34","date_gmt":"2025-02-26T00:30:34","guid":{"rendered":"https:\/\/quioske.com.br\/?post_type=product&#038;p=4470"},"modified":"2025-02-26T20:27:13","modified_gmt":"2025-02-26T23:27:13","slug":"mini-adaptador-tp-link-nano-wireless-usb-n150-mbps-tl-wn725n","status":"publish","type":"product","link":"https:\/\/elektrotec.com.br\/loja\/produto\/mini-adaptador-tp-link-nano-wireless-usb-n150-mbps-tl-wn725n\/","title":{"rendered":"Mini Adaptador TP-Link Nano Wireless USB N150 Mbps &#8211; TL-WN725N"},"content":{"rendered":"<div class=\"wpb-content-wrapper\"><p>[vc_row woodmart_css_id=&#8221;67be61b93eb00&#8243; responsive_spacing=&#8221;eyJwYXJhbV90eXBlIjoid29vZG1hcnRfcmVzcG9uc2l2ZV9zcGFjaW5nIiwic2VsZWN0b3JfaWQiOiI2N2JlNjFiOTNlYjAwIiwic2hvcnRjb2RlIjoidmNfcm93IiwiZGF0YSI6eyJ0YWJsZXQiOnt9LCJtb2JpbGUiOnt9fX0=&#8221; mobile_bg_img_hidden=&#8221;no&#8221; tablet_bg_img_hidden=&#8221;no&#8221; woodmart_parallax=&#8221;0&#8243; woodmart_gradient_switch=&#8221;no&#8221; woodmart_box_shadow=&#8221;no&#8221; wd_z_index=&#8221;no&#8221; woodmart_disable_overflow=&#8221;0&#8243; row_reverse_mobile=&#8221;0&#8243; row_reverse_tablet=&#8221;0&#8243; el_id=&#8221;codigo-17097&#8243;][vc_column css=&#8221;.vc_custom_1666272391679{padding-top: 0px !important;}&#8221; woodmart_css_id=&#8221;63514c8260958&#8243; parallax_scroll=&#8221;no&#8221; woodmart_sticky_column=&#8221;false&#8221; wd_collapsible_content_switcher=&#8221;no&#8221; wd_column_role_offcanvas_desktop=&#8221;no&#8221; wd_column_role_offcanvas_tablet=&#8221;no&#8221; wd_column_role_offcanvas_mobile=&#8221;no&#8221; wd_column_role_content_desktop=&#8221;no&#8221; wd_column_role_content_tablet=&#8221;no&#8221; wd_column_role_content_mobile=&#8221;no&#8221; mobile_bg_img_hidden=&#8221;no&#8221; tablet_bg_img_hidden=&#8221;no&#8221; woodmart_parallax=&#8221;0&#8243; woodmart_box_shadow=&#8221;no&#8221; responsive_spacing=&#8221;eyJwYXJhbV90eXBlIjoid29vZG1hcnRfcmVzcG9uc2l2ZV9zcGFjaW5nIiwic2VsZWN0b3JfaWQiOiI2MzUxNGM4MjYwOTU4Iiwic2hvcnRjb2RlIjoidmNfY29sdW1uIiwiZGF0YSI6eyJ0YWJsZXQiOnt9LCJtb2JpbGUiOnt9fX0=&#8221; mobile_reset_margin=&#8221;no&#8221; tablet_reset_margin=&#8221;no&#8221; wd_z_index=&#8221;no&#8221;]\t\t<div id=\"wd-67be68fcaa79f\" class=\"wd-text-block wd-wpb reset-last-child wd-rs-67be68fcaa79f text-center vc_custom_1740531978037\">\n\t\t\t<p><img data-recalc-dims=\"1\" loading=\"lazy\" decoding=\"async\" class=\"aligncenter wp-image-4482\" src=\"https:\/\/i0.wp.com\/elektrotec.com.br\/loja\/wp-content\/uploads\/2025\/02\/Mini-Adaptador-TP-Link-Nano-Wireless-N-USB-150-Mbps-TL-WN725N-7.jpg?resize=1080%2C2040&#038;ssl=1\" alt=\"\" width=\"1080\" height=\"2040\" srcset=\"https:\/\/i0.wp.com\/elektrotec.com.br\/loja\/wp-content\/uploads\/2025\/02\/Mini-Adaptador-TP-Link-Nano-Wireless-N-USB-150-Mbps-TL-WN725N-7.jpg?resize=159%2C300&amp;ssl=1 159w, https:\/\/i0.wp.com\/elektrotec.com.br\/loja\/wp-content\/uploads\/2025\/02\/Mini-Adaptador-TP-Link-Nano-Wireless-N-USB-150-Mbps-TL-WN725N-7.jpg?resize=542%2C1024&amp;ssl=1 542w, https:\/\/i0.wp.com\/elektrotec.com.br\/loja\/wp-content\/uploads\/2025\/02\/Mini-Adaptador-TP-Link-Nano-Wireless-N-USB-150-Mbps-TL-WN725N-7.jpg?resize=768%2C1451&amp;ssl=1 768w, https:\/\/i0.wp.com\/elektrotec.com.br\/loja\/wp-content\/uploads\/2025\/02\/Mini-Adaptador-TP-Link-Nano-Wireless-N-USB-150-Mbps-TL-WN725N-7.jpg?resize=813%2C1536&amp;ssl=1 813w, https:\/\/i0.wp.com\/elektrotec.com.br\/loja\/wp-content\/uploads\/2025\/02\/Mini-Adaptador-TP-Link-Nano-Wireless-N-USB-150-Mbps-TL-WN725N-7.jpg?resize=150%2C283&amp;ssl=1 150w, https:\/\/i0.wp.com\/elektrotec.com.br\/loja\/wp-content\/uploads\/2025\/02\/Mini-Adaptador-TP-Link-Nano-Wireless-N-USB-150-Mbps-TL-WN725N-7.jpg?w=948&amp;ssl=1 948w\" sizes=\"auto, (max-width: 1000px) 100vw, 1000px\" \/><\/p>\n\t\t<\/div>\n\t\t[\/vc_column][\/vc_row][vc_row][vc_column woodmart_css_id=&#8221;667c81fba6236&#8243; parallax_scroll=&#8221;no&#8221; woodmart_sticky_column=&#8221;false&#8221; wd_collapsible_content_switcher=&#8221;no&#8221; wd_column_role_offcanvas_desktop=&#8221;no&#8221; wd_column_role_offcanvas_tablet=&#8221;no&#8221; wd_column_role_offcanvas_mobile=&#8221;no&#8221; wd_column_role_content_desktop=&#8221;no&#8221; wd_column_role_content_tablet=&#8221;no&#8221; wd_column_role_content_mobile=&#8221;no&#8221; mobile_bg_img_hidden=&#8221;no&#8221; tablet_bg_img_hidden=&#8221;no&#8221; woodmart_parallax=&#8221;0&#8243; woodmart_box_shadow=&#8221;no&#8221; responsive_spacing=&#8221;eyJwYXJhbV90eXBlIjoid29vZG1hcnRfcmVzcG9uc2l2ZV9zcGFjaW5nIiwic2VsZWN0b3JfaWQiOiI2NjdjODFmYmE2MjM2Iiwic2hvcnRjb2RlIjoidmNfY29sdW1uIiwiZGF0YSI6eyJ0YWJsZXQiOnt9LCJtb2JpbGUiOnt9fX0=&#8221; mobile_reset_margin=&#8221;no&#8221; tablet_reset_margin=&#8221;no&#8221; wd_z_index=&#8221;no&#8221; css=&#8221;.vc_custom_1719435784581{margin-top: -60px !important;}&#8221;][vc_separator border_width=&#8221;3&#8243; css=&#8221;.vc_custom_1731708518955{margin-top: 50px !important;margin-bottom: 50px !important;}&#8221; wd_hide_on_desktop=&#8221;no&#8221; wd_hide_on_tablet=&#8221;no&#8221; wd_hide_on_mobile=&#8221;no&#8221;][\/vc_column][\/vc_row][vc_row woodmart_css_id=&#8221;674bb5a3b48c6&#8243; responsive_spacing=&#8221;eyJwYXJhbV90eXBlIjoid29vZG1hcnRfcmVzcG9uc2l2ZV9zcGFjaW5nIiwic2VsZWN0b3JfaWQiOiI2NzRiYjVhM2I0OGM2Iiwic2hvcnRjb2RlIjoidmNfcm93IiwiZGF0YSI6eyJ0YWJsZXQiOnt9LCJtb2JpbGUiOnt9fX0=&#8221; mobile_bg_img_hidden=&#8221;no&#8221; tablet_bg_img_hidden=&#8221;no&#8221; woodmart_parallax=&#8221;0&#8243; woodmart_gradient_switch=&#8221;no&#8221; woodmart_box_shadow=&#8221;no&#8221; wd_z_index=&#8221;no&#8221; woodmart_disable_overflow=&#8221;0&#8243; row_reverse_mobile=&#8221;0&#8243; row_reverse_tablet=&#8221;0&#8243;][vc_column css=&#8221;.vc_custom_1669033735057{padding-top: 0px !important;}&#8221; woodmart_css_id=&#8221;637b6f036ef34&#8243; parallax_scroll=&#8221;no&#8221; woodmart_sticky_column=&#8221;false&#8221; wd_collapsible_content_switcher=&#8221;no&#8221; wd_column_role_offcanvas_desktop=&#8221;no&#8221; wd_column_role_offcanvas_tablet=&#8221;no&#8221; wd_column_role_offcanvas_mobile=&#8221;no&#8221; wd_column_role_content_desktop=&#8221;no&#8221; wd_column_role_content_tablet=&#8221;no&#8221; wd_column_role_content_mobile=&#8221;no&#8221; mobile_bg_img_hidden=&#8221;no&#8221; tablet_bg_img_hidden=&#8221;no&#8221; woodmart_parallax=&#8221;0&#8243; woodmart_box_shadow=&#8221;no&#8221; responsive_spacing=&#8221;eyJwYXJhbV90eXBlIjoid29vZG1hcnRfcmVzcG9uc2l2ZV9zcGFjaW5nIiwic2VsZWN0b3JfaWQiOiI2MzdiNmYwMzZlZjM0Iiwic2hvcnRjb2RlIjoidmNfY29sdW1uIiwiZGF0YSI6eyJ0YWJsZXQiOnt9LCJtb2JpbGUiOnt9fX0=&#8221; mobile_reset_margin=&#8221;no&#8221; tablet_reset_margin=&#8221;no&#8221; wd_z_index=&#8221;no&#8221;]\n\t\t<div id=\"wd-667ca27edb170\" class=\"title-wrapper wd-wpb wd-set-mb reset-last-child  wd-rs-667ca27edb170 wd-title-color-default wd-title-style-default text-left vc_custom_1719444410298 wd-underline-colored\">\n\t\t\t\n\t\t\t<div class=\"liner-continer\">\n\t\t\t\t<h4 class=\"woodmart-title-container title  wd-font-weight-700 wd-fontsize-l\" >\ud83d\udccc Especifica\u00e7\u00f5es T\u00e9cnicas:<\/h4>\n\t\t\t\t\t\t\t<\/div>\n\t\t\t\n\t\t\t\n\t\t\t\n\t\t<\/div>\n\t\t\n\t\t\t\t<div id=\"wd-67be6708e3ea7\" class=\"wd-text-block wd-wpb reset-last-child wd-rs-67be6708e3ea7 text-left vc_custom_1740531437724\">\n\t\t\t<h4 data-start=\"62\" data-end=\"81\"><strong data-start=\"62\" data-end=\"81\">Especifica\u00e7\u00f5es:<\/strong><\/h4>\n<ul>\n<li data-start=\"83\" data-end=\"219\">Interface: USB 2.0<\/li>\n<li data-start=\"83\" data-end=\"219\">LED: Status<\/li>\n<li data-start=\"83\" data-end=\"219\">Peso: 2.1g<\/li>\n<li data-start=\"83\" data-end=\"219\">Dimens\u00f5es (L x P x A): 18.6 x 15 x 7.1mm<\/li>\n<li data-start=\"83\" data-end=\"219\">Tipo de Antena: Interna<\/li>\n<\/ul>\n<h4 data-start=\"226\" data-end=\"603\"><\/h4>\n<p>&nbsp;<\/p>\n<h4 data-start=\"226\" data-end=\"603\"><strong data-start=\"226\" data-end=\"246\">Recursos sem fio<br \/>\n<\/strong><\/h4>\n<ul>\n<li data-start=\"226\" data-end=\"603\">Padr\u00f5es sem fio: IEEE 802.11b, IEEE 802.11g, IEEE 802.11n<\/li>\n<li data-start=\"226\" data-end=\"603\">Frequ\u00eancia: 2.400 ~ 2,4835 GHz<\/li>\n<li data-start=\"226\" data-end=\"603\">Pot\u00eancia de transmiss\u00e3o: &lt;20 dBm<\/li>\n<li data-start=\"226\" data-end=\"603\">Modos sem fio: Modo Ad-Hoc \/ Infraestrutural<\/li>\n<li data-start=\"226\" data-end=\"603\">Seguran\u00e7a sem fio: WEP de 64\/128, WPA\/WPA2, WPA-PSK\/WPA2-PSK (TKIP \/ AES), IEEE 802.1X<\/li>\n<li data-start=\"226\" data-end=\"603\">Tecnologia de Modula\u00e7\u00e3o: DBPSK, DQPSK, CCK, OFDM, 16-QAM, 64-QAM<\/li>\n<\/ul>\n<h4 data-start=\"610\" data-end=\"717\"><\/h4>\n<p>&nbsp;<\/p>\n<h4 data-start=\"610\" data-end=\"717\"><strong data-start=\"610\" data-end=\"627\">Taxa de Sinal<\/strong><\/h4>\n<ul>\n<li data-start=\"610\" data-end=\"717\">11b: at\u00e9 11Mbps (din\u00e2mico)<\/li>\n<li data-start=\"610\" data-end=\"717\">11g: at\u00e9 54Mbps (din\u00e2mico)<\/li>\n<li data-start=\"610\" data-end=\"717\">11n: at\u00e9 150Mbps (din\u00e2mico)<\/li>\n<\/ul>\n<h4 data-start=\"724\" data-end=\"897\"><\/h4>\n<h4 data-start=\"724\" data-end=\"897\"><\/h4>\n<p>&nbsp;<\/p>\n<h4 data-start=\"724\" data-end=\"897\"><strong data-start=\"724\" data-end=\"753\">Sensibilidade de recep\u00e7\u00e3o<\/strong><\/h4>\n<ul>\n<li data-start=\"724\" data-end=\"897\">130M: -68dBm @ 10% PER<\/li>\n<li data-start=\"724\" data-end=\"897\">108M: -68dBm @ 10% PER<\/li>\n<li data-start=\"724\" data-end=\"897\">54M: -68dBm @ 10% PER<\/li>\n<li data-start=\"724\" data-end=\"897\">11M: -85dBm @ 8% PER<\/li>\n<li data-start=\"724\" data-end=\"897\">6M: -88dBm @ 10% PER<\/li>\n<li data-start=\"724\" data-end=\"897\">1M: -90dBm @ 8% PER<\/li>\n<\/ul>\n<h4 data-start=\"904\" data-end=\"1006\"><\/h4>\n<h4 data-start=\"904\" data-end=\"1006\"><\/h4>\n<p>&nbsp;<\/p>\n<h4 data-start=\"904\" data-end=\"1006\"><strong data-start=\"904\" data-end=\"929\">Requisitos do sistema<\/strong><\/h4>\n<ul>\n<li data-start=\"904\" data-end=\"1006\">Windows 7 (32\/64bits), Windows Vista (32\/64bits), Windows XP (32\/64bits)<\/li>\n<\/ul>\n<h4 data-start=\"1013\" data-end=\"1243\"><\/h4>\n<h4 data-start=\"1013\" data-end=\"1243\"><\/h4>\n<p>&nbsp;<\/p>\n<h4 data-start=\"1013\" data-end=\"1243\"><strong data-start=\"1013\" data-end=\"1025\">Ambiente<\/strong><\/h4>\n<ul>\n<li data-start=\"1013\" data-end=\"1243\">Temperatura de Opera\u00e7\u00e3o: 0 \u2103 ~ 40 \u2103 (32 \u2109 ~ 104 \u2109)<\/li>\n<li data-start=\"1013\" data-end=\"1243\">Temperatura de Armazenamento: -40 \u2103 ~ 70 \u2103 (-40 \u2109 ~ 158 \u2109)<\/li>\n<li data-start=\"1013\" data-end=\"1243\">Umidade de Opera\u00e7\u00e3o: 10% ~ 90% sem condensa\u00e7\u00e3o<\/li>\n<li data-start=\"1013\" data-end=\"1243\">Umidade de Armazenamento: 5% ~ 90% sem condensa\u00e7\u00e3o<\/li>\n<\/ul>\n<h4 data-start=\"1250\" data-end=\"1364\"><\/h4>\n<h4 data-start=\"1250\" data-end=\"1364\"><\/h4>\n<p>&nbsp;<\/p>\n<h4 data-start=\"1250\" data-end=\"1364\"><strong data-start=\"1250\" data-end=\"1272\">Conte\u00fado do pacote<\/strong><\/h4>\n<ul>\n<li data-start=\"1250\" data-end=\"1364\">Adaptador USB Wireless N 150Mbps TL-WN725N<\/li>\n<li data-start=\"1250\" data-end=\"1364\">CD de Recursos<\/li>\n<li data-start=\"1250\" data-end=\"1364\">Guia de Instala\u00e7\u00e3o R\u00e1pida<\/li>\n<\/ul>\n<h4 data-start=\"1371\" data-end=\"1408\"><\/h4>\n<h4 data-start=\"1371\" data-end=\"1408\"><\/h4>\n<p>&nbsp;<\/p>\n<h4 data-start=\"1371\" data-end=\"1408\"><strong data-start=\"1371\" data-end=\"1388\">Certifica\u00e7\u00e3o:<\/strong><\/h4>\n<ul>\n<li data-start=\"1371\" data-end=\"1408\">CE, FCC, IC, RoHS<\/li>\n<\/ul>\n<p>&nbsp;<\/p>\n<h4 data-start=\"1371\" data-end=\"1408\"><strong data-start=\"1371\" data-end=\"1388\">Garantia<\/strong><\/h4>\n<ul>\n<li data-start=\"1371\" data-end=\"1408\">1 ano<\/li>\n<\/ul>\n\t\t<\/div>\n\t\t[\/vc_column][\/vc_row]<\/p>\n<\/div>","protected":false},"excerpt":{"rendered":"<p><strong>C\u00f3digo:<\/strong> <span style=\"color: #2a2a2a;\"><strong>17097<\/strong><\/span>\u00a0 \u00a0|\u00a0 \u00a0<strong>Mais produtos:<\/strong> <a href=\"https:\/\/elektrotec.com.br\/loja\/loja\/?filter_marcas=tp-link\"><span style=\"color: #000;\"><strong>TP-Link<\/strong><\/span><\/a>\u00a0 \u00a0|\u00a0 \u00a0<a href=\"https:\/\/elektrotec.com.br\/loja\/produto\/mini-adaptador-tp-link-nano-wireless-n-usb-150-mbps-tl-wn725n\/#codigo-17097\"><strong>Descri\u00e7\u00e3o do produto<\/strong><\/a><\/p>\n","protected":false},"featured_media":4474,"comment_status":"open","ping_status":"closed","template":"","meta":{"pagelayer_contact_templates":[],"_pagelayer_content":"","_mbp_gutenberg_autopost":false},"pwb-brand":[],"product_brand":[],"product_cat":[185,86],"product_tag":[],"class_list":{"0":"post-4470","1":"product","2":"type-product","3":"status-publish","4":"has-post-thumbnail","6":"product_cat-adaptador-de-rede","7":"product_cat-conectividade","8":"product_shipping_class-logistica-quioske","10":"first","11":"instock","12":"featured","13":"shipping-taxable","14":"purchasable","15":"product-type-simple"},"yoast_head":"<!-- This site is optimized with the Yoast SEO plugin v27.2 - https:\/\/yoast.com\/product\/yoast-seo-wordpress\/ -->\n<title>Mini Adaptador TP-Link Nano Wireless USB N150 Mbps<\/title>\n<meta name=\"description\" content=\"TL-WN725N \u00e9 um adaptador USB wireless de 150Mbps, compacto e de f\u00e1cil instala\u00e7\u00e3o, ideal para conex\u00f5es seguras e r\u00e1pidas em qualquer lugar.\" \/>\n<meta name=\"robots\" content=\"index, follow, max-snippet:-1, max-image-preview:large, max-video-preview:-1\" \/>\n<link rel=\"canonical\" href=\"https:\/\/elektrotec.com.br\/loja\/produto\/mini-adaptador-tp-link-nano-wireless-usb-n150-mbps-tl-wn725n\/\" \/>\n<meta property=\"og:locale\" content=\"pt_BR\" \/>\n<meta property=\"og:type\" content=\"article\" \/>\n<meta property=\"og:title\" content=\"Mini Adaptador TP-Link Nano Wireless USB N150 Mbps\" \/>\n<meta property=\"og:description\" content=\"TL-WN725N \u00e9 um adaptador USB wireless de 150Mbps, compacto e de f\u00e1cil instala\u00e7\u00e3o, ideal para conex\u00f5es seguras e r\u00e1pidas em qualquer lugar.\" \/>\n<meta property=\"og:url\" content=\"https:\/\/elektrotec.com.br\/loja\/produto\/mini-adaptador-tp-link-nano-wireless-usb-n150-mbps-tl-wn725n\/\" \/>\n<meta property=\"og:site_name\" content=\"Elektrotec Store\" \/>\n<meta property=\"article:modified_time\" content=\"2025-02-26T23:27:13+00:00\" \/>\n<meta property=\"og:image\" content=\"https:\/\/elektrotec.com.br\/loja\/wp-content\/uploads\/2025\/02\/Mini-Adaptador-TP-Link-Nano-Wireless-N-USB-150-Mbps-TL-WN725N-0.jpg\" \/>\n\t<meta property=\"og:image:width\" content=\"700\" \/>\n\t<meta property=\"og:image:height\" content=\"800\" \/>\n\t<meta property=\"og:image:type\" content=\"image\/jpeg\" \/>\n<meta name=\"twitter:card\" content=\"summary_large_image\" \/>\n<meta name=\"twitter:label1\" content=\"Est. tempo de leitura\" \/>\n\t<meta name=\"twitter:data1\" content=\"3 minutos\" \/>\n<script type=\"application\/ld+json\" class=\"yoast-schema-graph\">{\"@context\":\"https:\/\/schema.org\",\"@graph\":[{\"@type\":\"WebPage\",\"@id\":\"https:\/\/elektrotec.com.br\/loja\/produto\/mini-adaptador-tp-link-nano-wireless-usb-n150-mbps-tl-wn725n\/\",\"url\":\"https:\/\/elektrotec.com.br\/loja\/produto\/mini-adaptador-tp-link-nano-wireless-usb-n150-mbps-tl-wn725n\/\",\"name\":\"Mini Adaptador TP-Link Nano Wireless USB N150 Mbps\",\"isPartOf\":{\"@id\":\"https:\/\/elektrotec.com.br\/loja\/#website\"},\"primaryImageOfPage\":{\"@id\":\"https:\/\/elektrotec.com.br\/loja\/produto\/mini-adaptador-tp-link-nano-wireless-usb-n150-mbps-tl-wn725n\/#primaryimage\"},\"image\":{\"@id\":\"https:\/\/elektrotec.com.br\/loja\/produto\/mini-adaptador-tp-link-nano-wireless-usb-n150-mbps-tl-wn725n\/#primaryimage\"},\"thumbnailUrl\":\"https:\/\/i0.wp.com\/elektrotec.com.br\/loja\/wp-content\/uploads\/2025\/02\/Mini-Adaptador-TP-Link-Nano-Wireless-N-USB-150-Mbps-TL-WN725N-0.jpg?fit=700%2C800&ssl=1\",\"datePublished\":\"2025-02-26T00:30:34+00:00\",\"dateModified\":\"2025-02-26T23:27:13+00:00\",\"description\":\"TL-WN725N \u00e9 um adaptador USB wireless de 150Mbps, compacto e de f\u00e1cil instala\u00e7\u00e3o, ideal para conex\u00f5es seguras e r\u00e1pidas em qualquer lugar.\",\"breadcrumb\":{\"@id\":\"https:\/\/elektrotec.com.br\/loja\/produto\/mini-adaptador-tp-link-nano-wireless-usb-n150-mbps-tl-wn725n\/#breadcrumb\"},\"inLanguage\":\"pt-BR\",\"potentialAction\":[{\"@type\":\"ReadAction\",\"target\":[\"https:\/\/elektrotec.com.br\/loja\/produto\/mini-adaptador-tp-link-nano-wireless-usb-n150-mbps-tl-wn725n\/\"]}]},{\"@type\":\"ImageObject\",\"inLanguage\":\"pt-BR\",\"@id\":\"https:\/\/elektrotec.com.br\/loja\/produto\/mini-adaptador-tp-link-nano-wireless-usb-n150-mbps-tl-wn725n\/#primaryimage\",\"url\":\"https:\/\/i0.wp.com\/elektrotec.com.br\/loja\/wp-content\/uploads\/2025\/02\/Mini-Adaptador-TP-Link-Nano-Wireless-N-USB-150-Mbps-TL-WN725N-0.jpg?fit=700%2C800&ssl=1\",\"contentUrl\":\"https:\/\/i0.wp.com\/elektrotec.com.br\/loja\/wp-content\/uploads\/2025\/02\/Mini-Adaptador-TP-Link-Nano-Wireless-N-USB-150-Mbps-TL-WN725N-0.jpg?fit=700%2C800&ssl=1\",\"width\":700,\"height\":800},{\"@type\":\"BreadcrumbList\",\"@id\":\"https:\/\/elektrotec.com.br\/loja\/produto\/mini-adaptador-tp-link-nano-wireless-usb-n150-mbps-tl-wn725n\/#breadcrumb\",\"itemListElement\":[{\"@type\":\"ListItem\",\"position\":1,\"name\":\"Home\",\"item\":\"https:\/\/elektrotec.com.br\/loja\/\"},{\"@type\":\"ListItem\",\"position\":2,\"name\":\"Ofertas do dia \u26a1\",\"item\":\"https:\/\/elektrotec.com.br\/loja\/loja\/\"},{\"@type\":\"ListItem\",\"position\":3,\"name\":\"Mini Adaptador TP-Link Nano Wireless USB N150 Mbps &#8211; TL-WN725N\"}]},{\"@type\":\"WebSite\",\"@id\":\"https:\/\/elektrotec.com.br\/loja\/#website\",\"url\":\"https:\/\/elektrotec.com.br\/loja\/\",\"name\":\"Elektrotec Store\",\"description\":\"Solu\u00e7\u00f5es em Energia e Automa\u00e7\u00e3o Industrial\",\"publisher\":{\"@id\":\"https:\/\/elektrotec.com.br\/loja\/#organization\"},\"potentialAction\":[{\"@type\":\"SearchAction\",\"target\":{\"@type\":\"EntryPoint\",\"urlTemplate\":\"https:\/\/elektrotec.com.br\/loja\/?s={search_term_string}\"},\"query-input\":{\"@type\":\"PropertyValueSpecification\",\"valueRequired\":true,\"valueName\":\"search_term_string\"}}],\"inLanguage\":\"pt-BR\"},{\"@type\":\"Organization\",\"@id\":\"https:\/\/elektrotec.com.br\/loja\/#organization\",\"name\":\"Elektrotec\",\"url\":\"https:\/\/elektrotec.com.br\/loja\/\",\"logo\":{\"@type\":\"ImageObject\",\"inLanguage\":\"pt-BR\",\"@id\":\"https:\/\/elektrotec.com.br\/loja\/#\/schema\/logo\/image\/\",\"url\":\"https:\/\/i0.wp.com\/elektrotec.com.br\/loja\/wp-content\/uploads\/2025\/05\/Logo-site-Elektrotec-Energy-1.webp?fit=270%2C70&ssl=1\",\"contentUrl\":\"https:\/\/i0.wp.com\/elektrotec.com.br\/loja\/wp-content\/uploads\/2025\/05\/Logo-site-Elektrotec-Energy-1.webp?fit=270%2C70&ssl=1\",\"width\":270,\"height\":70,\"caption\":\"Elektrotec\"},\"image\":{\"@id\":\"https:\/\/elektrotec.com.br\/loja\/#\/schema\/logo\/image\/\"}}]}<\/script>\n<!-- \/ Yoast SEO plugin. -->","yoast_head_json":{"title":"Mini Adaptador TP-Link Nano Wireless USB N150 Mbps","description":"TL-WN725N \u00e9 um adaptador USB wireless de 150Mbps, compacto e de f\u00e1cil instala\u00e7\u00e3o, ideal para conex\u00f5es seguras e r\u00e1pidas em qualquer lugar.","robots":{"index":"index","follow":"follow","max-snippet":"max-snippet:-1","max-image-preview":"max-image-preview:large","max-video-preview":"max-video-preview:-1"},"canonical":"https:\/\/elektrotec.com.br\/loja\/produto\/mini-adaptador-tp-link-nano-wireless-usb-n150-mbps-tl-wn725n\/","og_locale":"pt_BR","og_type":"article","og_title":"Mini Adaptador TP-Link Nano Wireless USB N150 Mbps","og_description":"TL-WN725N \u00e9 um adaptador USB wireless de 150Mbps, compacto e de f\u00e1cil instala\u00e7\u00e3o, ideal para conex\u00f5es seguras e r\u00e1pidas em qualquer lugar.","og_url":"https:\/\/elektrotec.com.br\/loja\/produto\/mini-adaptador-tp-link-nano-wireless-usb-n150-mbps-tl-wn725n\/","og_site_name":"Elektrotec Store","article_modified_time":"2025-02-26T23:27:13+00:00","og_image":[{"width":700,"height":800,"url":"https:\/\/elektrotec.com.br\/loja\/wp-content\/uploads\/2025\/02\/Mini-Adaptador-TP-Link-Nano-Wireless-N-USB-150-Mbps-TL-WN725N-0.jpg","type":"image\/jpeg"}],"twitter_card":"summary_large_image","twitter_misc":{"Est. tempo de leitura":"3 minutos"},"schema":{"@context":"https:\/\/schema.org","@graph":[{"@type":"WebPage","@id":"https:\/\/elektrotec.com.br\/loja\/produto\/mini-adaptador-tp-link-nano-wireless-usb-n150-mbps-tl-wn725n\/","url":"https:\/\/elektrotec.com.br\/loja\/produto\/mini-adaptador-tp-link-nano-wireless-usb-n150-mbps-tl-wn725n\/","name":"Mini Adaptador TP-Link Nano Wireless USB N150 Mbps","isPartOf":{"@id":"https:\/\/elektrotec.com.br\/loja\/#website"},"primaryImageOfPage":{"@id":"https:\/\/elektrotec.com.br\/loja\/produto\/mini-adaptador-tp-link-nano-wireless-usb-n150-mbps-tl-wn725n\/#primaryimage"},"image":{"@id":"https:\/\/elektrotec.com.br\/loja\/produto\/mini-adaptador-tp-link-nano-wireless-usb-n150-mbps-tl-wn725n\/#primaryimage"},"thumbnailUrl":"https:\/\/i0.wp.com\/elektrotec.com.br\/loja\/wp-content\/uploads\/2025\/02\/Mini-Adaptador-TP-Link-Nano-Wireless-N-USB-150-Mbps-TL-WN725N-0.jpg?fit=700%2C800&ssl=1","datePublished":"2025-02-26T00:30:34+00:00","dateModified":"2025-02-26T23:27:13+00:00","description":"TL-WN725N \u00e9 um adaptador USB wireless de 150Mbps, compacto e de f\u00e1cil instala\u00e7\u00e3o, ideal para conex\u00f5es seguras e r\u00e1pidas em qualquer lugar.","breadcrumb":{"@id":"https:\/\/elektrotec.com.br\/loja\/produto\/mini-adaptador-tp-link-nano-wireless-usb-n150-mbps-tl-wn725n\/#breadcrumb"},"inLanguage":"pt-BR","potentialAction":[{"@type":"ReadAction","target":["https:\/\/elektrotec.com.br\/loja\/produto\/mini-adaptador-tp-link-nano-wireless-usb-n150-mbps-tl-wn725n\/"]}]},{"@type":"ImageObject","inLanguage":"pt-BR","@id":"https:\/\/elektrotec.com.br\/loja\/produto\/mini-adaptador-tp-link-nano-wireless-usb-n150-mbps-tl-wn725n\/#primaryimage","url":"https:\/\/i0.wp.com\/elektrotec.com.br\/loja\/wp-content\/uploads\/2025\/02\/Mini-Adaptador-TP-Link-Nano-Wireless-N-USB-150-Mbps-TL-WN725N-0.jpg?fit=700%2C800&ssl=1","contentUrl":"https:\/\/i0.wp.com\/elektrotec.com.br\/loja\/wp-content\/uploads\/2025\/02\/Mini-Adaptador-TP-Link-Nano-Wireless-N-USB-150-Mbps-TL-WN725N-0.jpg?fit=700%2C800&ssl=1","width":700,"height":800},{"@type":"BreadcrumbList","@id":"https:\/\/elektrotec.com.br\/loja\/produto\/mini-adaptador-tp-link-nano-wireless-usb-n150-mbps-tl-wn725n\/#breadcrumb","itemListElement":[{"@type":"ListItem","position":1,"name":"Home","item":"https:\/\/elektrotec.com.br\/loja\/"},{"@type":"ListItem","position":2,"name":"Ofertas do dia \u26a1","item":"https:\/\/elektrotec.com.br\/loja\/loja\/"},{"@type":"ListItem","position":3,"name":"Mini Adaptador TP-Link Nano Wireless USB N150 Mbps &#8211; TL-WN725N"}]},{"@type":"WebSite","@id":"https:\/\/elektrotec.com.br\/loja\/#website","url":"https:\/\/elektrotec.com.br\/loja\/","name":"Elektrotec Store","description":"Solu\u00e7\u00f5es em Energia e Automa\u00e7\u00e3o Industrial","publisher":{"@id":"https:\/\/elektrotec.com.br\/loja\/#organization"},"potentialAction":[{"@type":"SearchAction","target":{"@type":"EntryPoint","urlTemplate":"https:\/\/elektrotec.com.br\/loja\/?s={search_term_string}"},"query-input":{"@type":"PropertyValueSpecification","valueRequired":true,"valueName":"search_term_string"}}],"inLanguage":"pt-BR"},{"@type":"Organization","@id":"https:\/\/elektrotec.com.br\/loja\/#organization","name":"Elektrotec","url":"https:\/\/elektrotec.com.br\/loja\/","logo":{"@type":"ImageObject","inLanguage":"pt-BR","@id":"https:\/\/elektrotec.com.br\/loja\/#\/schema\/logo\/image\/","url":"https:\/\/i0.wp.com\/elektrotec.com.br\/loja\/wp-content\/uploads\/2025\/05\/Logo-site-Elektrotec-Energy-1.webp?fit=270%2C70&ssl=1","contentUrl":"https:\/\/i0.wp.com\/elektrotec.com.br\/loja\/wp-content\/uploads\/2025\/05\/Logo-site-Elektrotec-Energy-1.webp?fit=270%2C70&ssl=1","width":270,"height":70,"caption":"Elektrotec"},"image":{"@id":"https:\/\/elektrotec.com.br\/loja\/#\/schema\/logo\/image\/"}}]}},"jetpack_sharing_enabled":true,"brands":[],"_links":{"self":[{"href":"https:\/\/elektrotec.com.br\/loja\/wp-json\/wp\/v2\/product\/4470","targetHints":{"allow":["GET"]}}],"collection":[{"href":"https:\/\/elektrotec.com.br\/loja\/wp-json\/wp\/v2\/product"}],"about":[{"href":"https:\/\/elektrotec.com.br\/loja\/wp-json\/wp\/v2\/types\/product"}],"replies":[{"embeddable":true,"href":"https:\/\/elektrotec.com.br\/loja\/wp-json\/wp\/v2\/comments?post=4470"}],"wp:featuredmedia":[{"embeddable":true,"href":"https:\/\/elektrotec.com.br\/loja\/wp-json\/wp\/v2\/media\/4474"}],"wp:attachment":[{"href":"https:\/\/elektrotec.com.br\/loja\/wp-json\/wp\/v2\/media?parent=4470"}],"wp:term":[{"taxonomy":"pwb-brand","embeddable":true,"href":"https:\/\/elektrotec.com.br\/loja\/wp-json\/wp\/v2\/pwb-brand?post=4470"},{"taxonomy":"product_brand","embeddable":true,"href":"https:\/\/elektrotec.com.br\/loja\/wp-json\/wp\/v2\/product_brand?post=4470"},{"taxonomy":"product_cat","embeddable":true,"href":"https:\/\/elektrotec.com.br\/loja\/wp-json\/wp\/v2\/product_cat?post=4470"},{"taxonomy":"product_tag","embeddable":true,"href":"https:\/\/elektrotec.com.br\/loja\/wp-json\/wp\/v2\/product_tag?post=4470"}],"curies":[{"name":"wp","href":"https:\/\/api.w.org\/{rel}","templated":true}]}}