{"id":4449,"date":"2025-02-24T19:38:28","date_gmt":"2025-02-24T22:38:28","guid":{"rendered":"https:\/\/quioske.com.br\/?post_type=product&#038;p=4449"},"modified":"2025-02-25T19:26:36","modified_gmt":"2025-02-25T22:26:36","slug":"adaptador-tp-link-wireless-n-300mbps-usb-mini-tl-wn823n","status":"publish","type":"product","link":"https:\/\/elektrotec.com.br\/loja\/produto\/adaptador-tp-link-wireless-n-300mbps-usb-mini-tl-wn823n\/","title":{"rendered":"Adaptador Tp-Link Wireless N 300Mbps USB Mini TL-WN823N"},"content":{"rendered":"<div class=\"wpb-content-wrapper\"><p>[vc_row woodmart_css_id=&#8221;67bd0085dbd1c&#8221; responsive_spacing=&#8221;eyJwYXJhbV90eXBlIjoid29vZG1hcnRfcmVzcG9uc2l2ZV9zcGFjaW5nIiwic2VsZWN0b3JfaWQiOiI2N2JkMDA4NWRiZDFjIiwic2hvcnRjb2RlIjoidmNfcm93IiwiZGF0YSI6eyJ0YWJsZXQiOnt9LCJtb2JpbGUiOnt9fX0=&#8221; mobile_bg_img_hidden=&#8221;no&#8221; tablet_bg_img_hidden=&#8221;no&#8221; woodmart_parallax=&#8221;0&#8243; woodmart_gradient_switch=&#8221;no&#8221; woodmart_box_shadow=&#8221;no&#8221; wd_z_index=&#8221;no&#8221; woodmart_disable_overflow=&#8221;0&#8243; row_reverse_mobile=&#8221;0&#8243; row_reverse_tablet=&#8221;0&#8243; el_id=&#8221;codigo-17100&#8243;][vc_column css=&#8221;.vc_custom_1666272391679{padding-top: 0px !important;}&#8221; woodmart_css_id=&#8221;63514c8260958&#8243; parallax_scroll=&#8221;no&#8221; woodmart_sticky_column=&#8221;false&#8221; wd_collapsible_content_switcher=&#8221;no&#8221; wd_column_role_offcanvas_desktop=&#8221;no&#8221; wd_column_role_offcanvas_tablet=&#8221;no&#8221; wd_column_role_offcanvas_mobile=&#8221;no&#8221; wd_column_role_content_desktop=&#8221;no&#8221; wd_column_role_content_tablet=&#8221;no&#8221; wd_column_role_content_mobile=&#8221;no&#8221; mobile_bg_img_hidden=&#8221;no&#8221; tablet_bg_img_hidden=&#8221;no&#8221; woodmart_parallax=&#8221;0&#8243; woodmart_box_shadow=&#8221;no&#8221; responsive_spacing=&#8221;eyJwYXJhbV90eXBlIjoid29vZG1hcnRfcmVzcG9uc2l2ZV9zcGFjaW5nIiwic2VsZWN0b3JfaWQiOiI2MzUxNGM4MjYwOTU4Iiwic2hvcnRjb2RlIjoidmNfY29sdW1uIiwiZGF0YSI6eyJ0YWJsZXQiOnt9LCJtb2JpbGUiOnt9fX0=&#8221; mobile_reset_margin=&#8221;no&#8221; tablet_reset_margin=&#8221;no&#8221; wd_z_index=&#8221;no&#8221;]\t\t<div id=\"wd-67bcfaef4f13e\" class=\"wd-text-block wd-wpb reset-last-child wd-rs-67bcfaef4f13e text-center vc_custom_1740438299657\">\n\t\t\t<p><img data-recalc-dims=\"1\" loading=\"lazy\" decoding=\"async\" class=\"aligncenter wp-image-4455\" src=\"https:\/\/i0.wp.com\/elektrotec.com.br\/loja\/wp-content\/uploads\/2025\/02\/Adaptador-Tp-Link-Wireless-N-300MBPS-USB-Mini-TL-WN823N-5.jpg?resize=1200%2C1580&#038;ssl=1\" alt=\"\" width=\"1200\" height=\"1580\" srcset=\"https:\/\/i0.wp.com\/elektrotec.com.br\/loja\/wp-content\/uploads\/2025\/02\/Adaptador-Tp-Link-Wireless-N-300MBPS-USB-Mini-TL-WN823N-5.jpg?resize=228%2C300&amp;ssl=1 228w, https:\/\/i0.wp.com\/elektrotec.com.br\/loja\/wp-content\/uploads\/2025\/02\/Adaptador-Tp-Link-Wireless-N-300MBPS-USB-Mini-TL-WN823N-5.jpg?resize=778%2C1024&amp;ssl=1 778w, https:\/\/i0.wp.com\/elektrotec.com.br\/loja\/wp-content\/uploads\/2025\/02\/Adaptador-Tp-Link-Wireless-N-300MBPS-USB-Mini-TL-WN823N-5.jpg?resize=768%2C1011&amp;ssl=1 768w, https:\/\/i0.wp.com\/elektrotec.com.br\/loja\/wp-content\/uploads\/2025\/02\/Adaptador-Tp-Link-Wireless-N-300MBPS-USB-Mini-TL-WN823N-5.jpg?resize=150%2C197&amp;ssl=1 150w, https:\/\/i0.wp.com\/elektrotec.com.br\/loja\/wp-content\/uploads\/2025\/02\/Adaptador-Tp-Link-Wireless-N-300MBPS-USB-Mini-TL-WN823N-5.jpg?w=800&amp;ssl=1 800w\" sizes=\"auto, (max-width: 1000px) 100vw, 1000px\" \/><\/p>\n\t\t<\/div>\n\t\t[\/vc_column][\/vc_row][vc_row][vc_column woodmart_css_id=&#8221;667c81fba6236&#8243; parallax_scroll=&#8221;no&#8221; woodmart_sticky_column=&#8221;false&#8221; wd_collapsible_content_switcher=&#8221;no&#8221; wd_column_role_offcanvas_desktop=&#8221;no&#8221; wd_column_role_offcanvas_tablet=&#8221;no&#8221; wd_column_role_offcanvas_mobile=&#8221;no&#8221; wd_column_role_content_desktop=&#8221;no&#8221; wd_column_role_content_tablet=&#8221;no&#8221; wd_column_role_content_mobile=&#8221;no&#8221; mobile_bg_img_hidden=&#8221;no&#8221; tablet_bg_img_hidden=&#8221;no&#8221; woodmart_parallax=&#8221;0&#8243; woodmart_box_shadow=&#8221;no&#8221; responsive_spacing=&#8221;eyJwYXJhbV90eXBlIjoid29vZG1hcnRfcmVzcG9uc2l2ZV9zcGFjaW5nIiwic2VsZWN0b3JfaWQiOiI2NjdjODFmYmE2MjM2Iiwic2hvcnRjb2RlIjoidmNfY29sdW1uIiwiZGF0YSI6eyJ0YWJsZXQiOnt9LCJtb2JpbGUiOnt9fX0=&#8221; mobile_reset_margin=&#8221;no&#8221; tablet_reset_margin=&#8221;no&#8221; wd_z_index=&#8221;no&#8221; css=&#8221;.vc_custom_1719435784581{margin-top: -60px !important;}&#8221;][vc_separator border_width=&#8221;3&#8243; css=&#8221;.vc_custom_1731708518955{margin-top: 50px !important;margin-bottom: 50px !important;}&#8221; wd_hide_on_desktop=&#8221;no&#8221; wd_hide_on_tablet=&#8221;no&#8221; wd_hide_on_mobile=&#8221;no&#8221;][\/vc_column][\/vc_row][vc_row woodmart_css_id=&#8221;674bb5a3b48c6&#8243; responsive_spacing=&#8221;eyJwYXJhbV90eXBlIjoid29vZG1hcnRfcmVzcG9uc2l2ZV9zcGFjaW5nIiwic2VsZWN0b3JfaWQiOiI2NzRiYjVhM2I0OGM2Iiwic2hvcnRjb2RlIjoidmNfcm93IiwiZGF0YSI6eyJ0YWJsZXQiOnt9LCJtb2JpbGUiOnt9fX0=&#8221; mobile_bg_img_hidden=&#8221;no&#8221; tablet_bg_img_hidden=&#8221;no&#8221; woodmart_parallax=&#8221;0&#8243; woodmart_gradient_switch=&#8221;no&#8221; woodmart_box_shadow=&#8221;no&#8221; wd_z_index=&#8221;no&#8221; woodmart_disable_overflow=&#8221;0&#8243; row_reverse_mobile=&#8221;0&#8243; row_reverse_tablet=&#8221;0&#8243;][vc_column css=&#8221;.vc_custom_1669033735057{padding-top: 0px !important;}&#8221; woodmart_css_id=&#8221;637b6f036ef34&#8243; parallax_scroll=&#8221;no&#8221; woodmart_sticky_column=&#8221;false&#8221; wd_collapsible_content_switcher=&#8221;no&#8221; wd_column_role_offcanvas_desktop=&#8221;no&#8221; wd_column_role_offcanvas_tablet=&#8221;no&#8221; wd_column_role_offcanvas_mobile=&#8221;no&#8221; wd_column_role_content_desktop=&#8221;no&#8221; wd_column_role_content_tablet=&#8221;no&#8221; wd_column_role_content_mobile=&#8221;no&#8221; mobile_bg_img_hidden=&#8221;no&#8221; tablet_bg_img_hidden=&#8221;no&#8221; woodmart_parallax=&#8221;0&#8243; woodmart_box_shadow=&#8221;no&#8221; responsive_spacing=&#8221;eyJwYXJhbV90eXBlIjoid29vZG1hcnRfcmVzcG9uc2l2ZV9zcGFjaW5nIiwic2VsZWN0b3JfaWQiOiI2MzdiNmYwMzZlZjM0Iiwic2hvcnRjb2RlIjoidmNfY29sdW1uIiwiZGF0YSI6eyJ0YWJsZXQiOnt9LCJtb2JpbGUiOnt9fX0=&#8221; mobile_reset_margin=&#8221;no&#8221; tablet_reset_margin=&#8221;no&#8221; wd_z_index=&#8221;no&#8221;]\n\t\t<div id=\"wd-667ca27edb170\" class=\"title-wrapper wd-wpb wd-set-mb reset-last-child  wd-rs-667ca27edb170 wd-title-color-default wd-title-style-default text-left vc_custom_1719444410298 wd-underline-colored\">\n\t\t\t\n\t\t\t<div class=\"liner-continer\">\n\t\t\t\t<h4 class=\"woodmart-title-container title  wd-font-weight-700 wd-fontsize-l\" >\ud83d\udccc Especifica\u00e7\u00f5es T\u00e9cnicas:<\/h4>\n\t\t\t\t\t\t\t<\/div>\n\t\t\t\n\t\t\t\n\t\t\t\n\t\t<\/div>\n\t\t\n\t\t\t\t<div id=\"wd-67be432fb7d1c\" class=\"wd-text-block wd-wpb reset-last-child wd-rs-67be432fb7d1c text-left vc_custom_1740522357241\">\n\t\t\t<div class=\"sc-7e0ca514-1 GiPKU\">\n<ul>\n<li>Interface: USB 2.0<\/li>\n<li>Bot\u00e3o: Protected Setup Bot\u00e3o Wi-Fi (WPS)<\/li>\n<li>Tipo de Antena: Interno<\/li>\n<\/ul>\n<h4><b class=\"d-block pt-4\">Recursos sem fio:<\/b><\/h4>\n<ul>\n<li>Padr\u00f5es sem fio: IEEE 802.11b, IEEE 802.11g, IEEE 802.11n<\/li>\n<li>Freq\u00fc\u00eancia: 2.400 ~ 2,4835 GHz<\/li>\n<li>Pot\u00eancia de transmiss\u00e3o: &lt;20 dBm (EIRP)<\/li>\n<li>Modos sem fio: Modo AP suave \/ Modo Cliente (suporte de rede Ad-hoc \/ Infra-estrutura)<\/li>\n<li>Seguran\u00e7a sem fio: 64\/128-bit WEP \/ WPA-PSK \/ WPA2-PSK \/ WPA \/ WPA2<\/li>\n<li>Tecnologia Modula\u00e7\u00e3o DBPSK, DQPSK, CCK, OFDM, 16-QAM, 64-QAM<b class=\"d-block pt-4\">Taxa Signal<\/b><\/li>\n<li>11b: at\u00e9 11Mbps (din\u00e2mico)<\/li>\n<li>11g: At\u00e9 54Mbps (din\u00e2mico)<\/li>\n<li>11n: at\u00e9 300Mbps (din\u00e2mico)<\/li>\n<\/ul>\n<h4><b class=\"d-block pt-4\">Sensibilidade de recep\u00e7\u00e3o:<\/b><\/h4>\n<ul>\n<li>300M: -65dBm @ 10% PER<\/li>\n<li>270M: -65dBm @ 10% PER<\/li>\n<li>130M: -68dBm @ 10% PER<\/li>\n<li>108M: -68dBm @ 10% PER<\/li>\n<li>54M: -72dBm @ 10% PER<\/li>\n<li>11M: -85dBm @ 8% PER<\/li>\n<li>6M: -87dBm @ 10% PER<\/li>\n<li>1M: -93dBm @ 8% PER<\/li>\n<\/ul>\n<p><b class=\"d-block pt-4\">Requisitos do sistema:<\/b><\/p>\n<ul>\n<li>Windows 8.1 (32 \/ 64bits)<\/li>\n<li>Windows 8 (32 \/ 64bits),<\/li>\n<li>Windows 7 (32 \/ 64bits)<\/li>\n<li>Windows Vista (32 \/ 64bits)<\/li>\n<li>Windows XP (32 \/ 64bits)<\/li>\n<\/ul>\n<h4>Dimens\u00f5es:<\/h4>\n<ul>\n<li>L x P x A: 39 x 18,35 x 7,87 mil\u00edmetros<\/li>\n<\/ul>\n<h4><b class=\"d-block pt-4\">Garantia:<\/b><\/h4>\n<ul>\n<li>1 ano<\/li>\n<\/ul>\n<\/div>\n\t\t<\/div>\n\t\t[\/vc_column][\/vc_row]<\/p>\n<\/div>","protected":false},"excerpt":{"rendered":"<p><strong>C\u00f3digo:<\/strong> <span style=\"color: #2a2a2a;\"><strong>17100<\/strong><\/span>\u00a0 \u00a0|\u00a0 \u00a0<strong>Mais produtos:<\/strong> <a href=\"https:\/\/elektrotec.com.br\/loja\/loja\/?filter_marcas=tp-link\"><span style=\"color: #000;\"><strong>TP Link<\/strong><\/span><\/a>\u00a0 \u00a0|\u00a0 \u00a0<a href=\"https:\/\/elektrotec.com.br\/loja\/produto\/adaptador-tp-link-wireless-n-300mbps-usb-mini-tl-wn823n\/#codigo-17100\"><strong>Descri\u00e7\u00e3o do produto<\/strong><\/a><\/p>\n","protected":false},"featured_media":4450,"comment_status":"open","ping_status":"closed","template":"","meta":{"pagelayer_contact_templates":[],"_pagelayer_content":"","_mbp_gutenberg_autopost":false},"pwb-brand":[],"product_brand":[],"product_cat":[185,86],"product_tag":[],"class_list":{"0":"post-4449","1":"product","2":"type-product","3":"status-publish","4":"has-post-thumbnail","6":"product_cat-adaptador-de-rede","7":"product_cat-conectividade","8":"product_shipping_class-logistica-quioske","10":"first","11":"instock","12":"featured","13":"shipping-taxable","14":"purchasable","15":"product-type-simple"},"yoast_head":"<!-- This site is optimized with the Yoast SEO plugin v27.2 - https:\/\/yoast.com\/product\/yoast-seo-wordpress\/ -->\n<title>Adaptador Tp-Link Wireless N 300Mbps USB Mini TL-WN823N | Elektrotec Store<\/title>\n<meta name=\"description\" content=\"Adaptador USB Wi-Fi com suporte a 802.11b\/g\/n, at\u00e9 300Mbps, seguran\u00e7a WPA\/WPA2, f\u00e1cil configura\u00e7\u00e3o WPS, compat\u00edvel com Windows. Garantia de 1 ano.\" \/>\n<meta name=\"robots\" content=\"index, follow, max-snippet:-1, max-image-preview:large, max-video-preview:-1\" \/>\n<link rel=\"canonical\" href=\"https:\/\/elektrotec.com.br\/loja\/produto\/adaptador-tp-link-wireless-n-300mbps-usb-mini-tl-wn823n\/\" \/>\n<meta property=\"og:locale\" content=\"pt_BR\" \/>\n<meta property=\"og:type\" content=\"article\" \/>\n<meta property=\"og:title\" content=\"Adaptador Tp-Link Wireless N 300Mbps USB Mini TL-WN823N | Elektrotec Store\" \/>\n<meta property=\"og:description\" content=\"Adaptador USB Wi-Fi com suporte a 802.11b\/g\/n, at\u00e9 300Mbps, seguran\u00e7a WPA\/WPA2, f\u00e1cil configura\u00e7\u00e3o WPS, compat\u00edvel com Windows. Garantia de 1 ano.\" \/>\n<meta property=\"og:url\" content=\"https:\/\/elektrotec.com.br\/loja\/produto\/adaptador-tp-link-wireless-n-300mbps-usb-mini-tl-wn823n\/\" \/>\n<meta property=\"og:site_name\" content=\"Elektrotec Store\" \/>\n<meta property=\"article:modified_time\" content=\"2025-02-25T22:26:36+00:00\" \/>\n<meta property=\"og:image\" content=\"https:\/\/elektrotec.com.br\/loja\/wp-content\/uploads\/2025\/02\/Adaptador-Tp-Link-Wireless-N-300MBPS-USB-Mini-TL-WN823N-0.jpg\" \/>\n\t<meta property=\"og:image:width\" content=\"700\" \/>\n\t<meta property=\"og:image:height\" content=\"800\" \/>\n\t<meta property=\"og:image:type\" content=\"image\/jpeg\" \/>\n<meta name=\"twitter:card\" content=\"summary_large_image\" \/>\n<meta name=\"twitter:label1\" content=\"Est. tempo de leitura\" \/>\n\t<meta name=\"twitter:data1\" content=\"3 minutos\" \/>\n<script type=\"application\/ld+json\" class=\"yoast-schema-graph\">{\"@context\":\"https:\/\/schema.org\",\"@graph\":[{\"@type\":\"WebPage\",\"@id\":\"https:\/\/elektrotec.com.br\/loja\/produto\/adaptador-tp-link-wireless-n-300mbps-usb-mini-tl-wn823n\/\",\"url\":\"https:\/\/elektrotec.com.br\/loja\/produto\/adaptador-tp-link-wireless-n-300mbps-usb-mini-tl-wn823n\/\",\"name\":\"Adaptador Tp-Link Wireless N 300Mbps USB Mini TL-WN823N | Elektrotec Store\",\"isPartOf\":{\"@id\":\"https:\/\/elektrotec.com.br\/loja\/#website\"},\"primaryImageOfPage\":{\"@id\":\"https:\/\/elektrotec.com.br\/loja\/produto\/adaptador-tp-link-wireless-n-300mbps-usb-mini-tl-wn823n\/#primaryimage\"},\"image\":{\"@id\":\"https:\/\/elektrotec.com.br\/loja\/produto\/adaptador-tp-link-wireless-n-300mbps-usb-mini-tl-wn823n\/#primaryimage\"},\"thumbnailUrl\":\"https:\/\/i0.wp.com\/elektrotec.com.br\/loja\/wp-content\/uploads\/2025\/02\/Adaptador-Tp-Link-Wireless-N-300MBPS-USB-Mini-TL-WN823N-0.jpg?fit=700%2C800&ssl=1\",\"datePublished\":\"2025-02-24T22:38:28+00:00\",\"dateModified\":\"2025-02-25T22:26:36+00:00\",\"description\":\"Adaptador USB Wi-Fi com suporte a 802.11b\/g\/n, at\u00e9 300Mbps, seguran\u00e7a WPA\/WPA2, f\u00e1cil configura\u00e7\u00e3o WPS, compat\u00edvel com Windows. Garantia de 1 ano.\",\"breadcrumb\":{\"@id\":\"https:\/\/elektrotec.com.br\/loja\/produto\/adaptador-tp-link-wireless-n-300mbps-usb-mini-tl-wn823n\/#breadcrumb\"},\"inLanguage\":\"pt-BR\",\"potentialAction\":[{\"@type\":\"ReadAction\",\"target\":[\"https:\/\/elektrotec.com.br\/loja\/produto\/adaptador-tp-link-wireless-n-300mbps-usb-mini-tl-wn823n\/\"]}]},{\"@type\":\"ImageObject\",\"inLanguage\":\"pt-BR\",\"@id\":\"https:\/\/elektrotec.com.br\/loja\/produto\/adaptador-tp-link-wireless-n-300mbps-usb-mini-tl-wn823n\/#primaryimage\",\"url\":\"https:\/\/i0.wp.com\/elektrotec.com.br\/loja\/wp-content\/uploads\/2025\/02\/Adaptador-Tp-Link-Wireless-N-300MBPS-USB-Mini-TL-WN823N-0.jpg?fit=700%2C800&ssl=1\",\"contentUrl\":\"https:\/\/i0.wp.com\/elektrotec.com.br\/loja\/wp-content\/uploads\/2025\/02\/Adaptador-Tp-Link-Wireless-N-300MBPS-USB-Mini-TL-WN823N-0.jpg?fit=700%2C800&ssl=1\",\"width\":700,\"height\":800},{\"@type\":\"BreadcrumbList\",\"@id\":\"https:\/\/elektrotec.com.br\/loja\/produto\/adaptador-tp-link-wireless-n-300mbps-usb-mini-tl-wn823n\/#breadcrumb\",\"itemListElement\":[{\"@type\":\"ListItem\",\"position\":1,\"name\":\"Home\",\"item\":\"https:\/\/elektrotec.com.br\/loja\/\"},{\"@type\":\"ListItem\",\"position\":2,\"name\":\"Ofertas do dia \u26a1\",\"item\":\"https:\/\/elektrotec.com.br\/loja\/loja\/\"},{\"@type\":\"ListItem\",\"position\":3,\"name\":\"Adaptador Tp-Link Wireless N 300Mbps USB Mini TL-WN823N\"}]},{\"@type\":\"WebSite\",\"@id\":\"https:\/\/elektrotec.com.br\/loja\/#website\",\"url\":\"https:\/\/elektrotec.com.br\/loja\/\",\"name\":\"Elektrotec Store\",\"description\":\"Solu\u00e7\u00f5es em Energia e Automa\u00e7\u00e3o Industrial\",\"publisher\":{\"@id\":\"https:\/\/elektrotec.com.br\/loja\/#organization\"},\"potentialAction\":[{\"@type\":\"SearchAction\",\"target\":{\"@type\":\"EntryPoint\",\"urlTemplate\":\"https:\/\/elektrotec.com.br\/loja\/?s={search_term_string}\"},\"query-input\":{\"@type\":\"PropertyValueSpecification\",\"valueRequired\":true,\"valueName\":\"search_term_string\"}}],\"inLanguage\":\"pt-BR\"},{\"@type\":\"Organization\",\"@id\":\"https:\/\/elektrotec.com.br\/loja\/#organization\",\"name\":\"Elektrotec\",\"url\":\"https:\/\/elektrotec.com.br\/loja\/\",\"logo\":{\"@type\":\"ImageObject\",\"inLanguage\":\"pt-BR\",\"@id\":\"https:\/\/elektrotec.com.br\/loja\/#\/schema\/logo\/image\/\",\"url\":\"https:\/\/i0.wp.com\/elektrotec.com.br\/loja\/wp-content\/uploads\/2025\/05\/Logo-site-Elektrotec-Energy-1.webp?fit=270%2C70&ssl=1\",\"contentUrl\":\"https:\/\/i0.wp.com\/elektrotec.com.br\/loja\/wp-content\/uploads\/2025\/05\/Logo-site-Elektrotec-Energy-1.webp?fit=270%2C70&ssl=1\",\"width\":270,\"height\":70,\"caption\":\"Elektrotec\"},\"image\":{\"@id\":\"https:\/\/elektrotec.com.br\/loja\/#\/schema\/logo\/image\/\"}}]}<\/script>\n<!-- \/ Yoast SEO plugin. -->","yoast_head_json":{"title":"Adaptador Tp-Link Wireless N 300Mbps USB Mini TL-WN823N | Elektrotec Store","description":"Adaptador USB Wi-Fi com suporte a 802.11b\/g\/n, at\u00e9 300Mbps, seguran\u00e7a WPA\/WPA2, f\u00e1cil configura\u00e7\u00e3o WPS, compat\u00edvel com Windows. Garantia de 1 ano.","robots":{"index":"index","follow":"follow","max-snippet":"max-snippet:-1","max-image-preview":"max-image-preview:large","max-video-preview":"max-video-preview:-1"},"canonical":"https:\/\/elektrotec.com.br\/loja\/produto\/adaptador-tp-link-wireless-n-300mbps-usb-mini-tl-wn823n\/","og_locale":"pt_BR","og_type":"article","og_title":"Adaptador Tp-Link Wireless N 300Mbps USB Mini TL-WN823N | Elektrotec Store","og_description":"Adaptador USB Wi-Fi com suporte a 802.11b\/g\/n, at\u00e9 300Mbps, seguran\u00e7a WPA\/WPA2, f\u00e1cil configura\u00e7\u00e3o WPS, compat\u00edvel com Windows. Garantia de 1 ano.","og_url":"https:\/\/elektrotec.com.br\/loja\/produto\/adaptador-tp-link-wireless-n-300mbps-usb-mini-tl-wn823n\/","og_site_name":"Elektrotec Store","article_modified_time":"2025-02-25T22:26:36+00:00","og_image":[{"width":700,"height":800,"url":"https:\/\/elektrotec.com.br\/loja\/wp-content\/uploads\/2025\/02\/Adaptador-Tp-Link-Wireless-N-300MBPS-USB-Mini-TL-WN823N-0.jpg","type":"image\/jpeg"}],"twitter_card":"summary_large_image","twitter_misc":{"Est. tempo de leitura":"3 minutos"},"schema":{"@context":"https:\/\/schema.org","@graph":[{"@type":"WebPage","@id":"https:\/\/elektrotec.com.br\/loja\/produto\/adaptador-tp-link-wireless-n-300mbps-usb-mini-tl-wn823n\/","url":"https:\/\/elektrotec.com.br\/loja\/produto\/adaptador-tp-link-wireless-n-300mbps-usb-mini-tl-wn823n\/","name":"Adaptador Tp-Link Wireless N 300Mbps USB Mini TL-WN823N | Elektrotec Store","isPartOf":{"@id":"https:\/\/elektrotec.com.br\/loja\/#website"},"primaryImageOfPage":{"@id":"https:\/\/elektrotec.com.br\/loja\/produto\/adaptador-tp-link-wireless-n-300mbps-usb-mini-tl-wn823n\/#primaryimage"},"image":{"@id":"https:\/\/elektrotec.com.br\/loja\/produto\/adaptador-tp-link-wireless-n-300mbps-usb-mini-tl-wn823n\/#primaryimage"},"thumbnailUrl":"https:\/\/i0.wp.com\/elektrotec.com.br\/loja\/wp-content\/uploads\/2025\/02\/Adaptador-Tp-Link-Wireless-N-300MBPS-USB-Mini-TL-WN823N-0.jpg?fit=700%2C800&ssl=1","datePublished":"2025-02-24T22:38:28+00:00","dateModified":"2025-02-25T22:26:36+00:00","description":"Adaptador USB Wi-Fi com suporte a 802.11b\/g\/n, at\u00e9 300Mbps, seguran\u00e7a WPA\/WPA2, f\u00e1cil configura\u00e7\u00e3o WPS, compat\u00edvel com Windows. Garantia de 1 ano.","breadcrumb":{"@id":"https:\/\/elektrotec.com.br\/loja\/produto\/adaptador-tp-link-wireless-n-300mbps-usb-mini-tl-wn823n\/#breadcrumb"},"inLanguage":"pt-BR","potentialAction":[{"@type":"ReadAction","target":["https:\/\/elektrotec.com.br\/loja\/produto\/adaptador-tp-link-wireless-n-300mbps-usb-mini-tl-wn823n\/"]}]},{"@type":"ImageObject","inLanguage":"pt-BR","@id":"https:\/\/elektrotec.com.br\/loja\/produto\/adaptador-tp-link-wireless-n-300mbps-usb-mini-tl-wn823n\/#primaryimage","url":"https:\/\/i0.wp.com\/elektrotec.com.br\/loja\/wp-content\/uploads\/2025\/02\/Adaptador-Tp-Link-Wireless-N-300MBPS-USB-Mini-TL-WN823N-0.jpg?fit=700%2C800&ssl=1","contentUrl":"https:\/\/i0.wp.com\/elektrotec.com.br\/loja\/wp-content\/uploads\/2025\/02\/Adaptador-Tp-Link-Wireless-N-300MBPS-USB-Mini-TL-WN823N-0.jpg?fit=700%2C800&ssl=1","width":700,"height":800},{"@type":"BreadcrumbList","@id":"https:\/\/elektrotec.com.br\/loja\/produto\/adaptador-tp-link-wireless-n-300mbps-usb-mini-tl-wn823n\/#breadcrumb","itemListElement":[{"@type":"ListItem","position":1,"name":"Home","item":"https:\/\/elektrotec.com.br\/loja\/"},{"@type":"ListItem","position":2,"name":"Ofertas do dia \u26a1","item":"https:\/\/elektrotec.com.br\/loja\/loja\/"},{"@type":"ListItem","position":3,"name":"Adaptador Tp-Link Wireless N 300Mbps USB Mini TL-WN823N"}]},{"@type":"WebSite","@id":"https:\/\/elektrotec.com.br\/loja\/#website","url":"https:\/\/elektrotec.com.br\/loja\/","name":"Elektrotec Store","description":"Solu\u00e7\u00f5es em Energia e Automa\u00e7\u00e3o Industrial","publisher":{"@id":"https:\/\/elektrotec.com.br\/loja\/#organization"},"potentialAction":[{"@type":"SearchAction","target":{"@type":"EntryPoint","urlTemplate":"https:\/\/elektrotec.com.br\/loja\/?s={search_term_string}"},"query-input":{"@type":"PropertyValueSpecification","valueRequired":true,"valueName":"search_term_string"}}],"inLanguage":"pt-BR"},{"@type":"Organization","@id":"https:\/\/elektrotec.com.br\/loja\/#organization","name":"Elektrotec","url":"https:\/\/elektrotec.com.br\/loja\/","logo":{"@type":"ImageObject","inLanguage":"pt-BR","@id":"https:\/\/elektrotec.com.br\/loja\/#\/schema\/logo\/image\/","url":"https:\/\/i0.wp.com\/elektrotec.com.br\/loja\/wp-content\/uploads\/2025\/05\/Logo-site-Elektrotec-Energy-1.webp?fit=270%2C70&ssl=1","contentUrl":"https:\/\/i0.wp.com\/elektrotec.com.br\/loja\/wp-content\/uploads\/2025\/05\/Logo-site-Elektrotec-Energy-1.webp?fit=270%2C70&ssl=1","width":270,"height":70,"caption":"Elektrotec"},"image":{"@id":"https:\/\/elektrotec.com.br\/loja\/#\/schema\/logo\/image\/"}}]}},"jetpack_sharing_enabled":true,"brands":[],"_links":{"self":[{"href":"https:\/\/elektrotec.com.br\/loja\/wp-json\/wp\/v2\/product\/4449","targetHints":{"allow":["GET"]}}],"collection":[{"href":"https:\/\/elektrotec.com.br\/loja\/wp-json\/wp\/v2\/product"}],"about":[{"href":"https:\/\/elektrotec.com.br\/loja\/wp-json\/wp\/v2\/types\/product"}],"replies":[{"embeddable":true,"href":"https:\/\/elektrotec.com.br\/loja\/wp-json\/wp\/v2\/comments?post=4449"}],"wp:featuredmedia":[{"embeddable":true,"href":"https:\/\/elektrotec.com.br\/loja\/wp-json\/wp\/v2\/media\/4450"}],"wp:attachment":[{"href":"https:\/\/elektrotec.com.br\/loja\/wp-json\/wp\/v2\/media?parent=4449"}],"wp:term":[{"taxonomy":"pwb-brand","embeddable":true,"href":"https:\/\/elektrotec.com.br\/loja\/wp-json\/wp\/v2\/pwb-brand?post=4449"},{"taxonomy":"product_brand","embeddable":true,"href":"https:\/\/elektrotec.com.br\/loja\/wp-json\/wp\/v2\/product_brand?post=4449"},{"taxonomy":"product_cat","embeddable":true,"href":"https:\/\/elektrotec.com.br\/loja\/wp-json\/wp\/v2\/product_cat?post=4449"},{"taxonomy":"product_tag","embeddable":true,"href":"https:\/\/elektrotec.com.br\/loja\/wp-json\/wp\/v2\/product_tag?post=4449"}],"curies":[{"name":"wp","href":"https:\/\/api.w.org\/{rel}","templated":true}]}}