{"id":441,"date":"2025-10-29T13:00:44","date_gmt":"2025-10-29T16:00:44","guid":{"rendered":"http:\/\/dummy.xtemos.com\/woodmart2\/mega-electronics\/?post_type=product&#038;p=441"},"modified":"2025-10-29T21:23:24","modified_gmt":"2025-10-30T00:23:24","slug":"no-break-apc-back-ups-1500-va-entrada-bivolt-e-saida-115v-bx1500bi-br","status":"publish","type":"product","link":"https:\/\/elektrotec.com.br\/loja\/produto\/no-break-apc-back-ups-1500-va-entrada-bivolt-e-saida-115v-bx1500bi-br\/","title":{"rendered":"No-break APC Back-UPS 1500 VA entrada Bivolt e sa\u00edda 115V de 7 tomadas &#8211; BX1500BI-BR"},"content":{"rendered":"<div class=\"wpb-content-wrapper\"><p>[vc_row css=&#8221;.vc_custom_1739485386496{margin-bottom: 20px !important;}&#8221; woodmart_css_id=&#8221;67ae70c2355d7&#8243; responsive_spacing=&#8221;eyJwYXJhbV90eXBlIjoid29vZG1hcnRfcmVzcG9uc2l2ZV9zcGFjaW5nIiwic2VsZWN0b3JfaWQiOiI2N2FlNzBjMjM1NWQ3Iiwic2hvcnRjb2RlIjoidmNfcm93IiwiZGF0YSI6eyJ0YWJsZXQiOnsibWFyZ2luLWJvdHRvbSI6IjYwcHgifSwibW9iaWxlIjp7Im1hcmdpbi1ib3R0b20iOiI0MHB4In19fQ==&#8221; mobile_bg_img_hidden=&#8221;no&#8221; tablet_bg_img_hidden=&#8221;no&#8221; woodmart_parallax=&#8221;0&#8243; woodmart_gradient_switch=&#8221;no&#8221; woodmart_box_shadow=&#8221;no&#8221; wd_z_index=&#8221;no&#8221; woodmart_disable_overflow=&#8221;0&#8243; row_reverse_mobile=&#8221;0&#8243; row_reverse_tablet=&#8221;0&#8243; el_id=&#8221;codigo-BX1500BIBR&#8221;][vc_column css=&#8221;.vc_custom_1666272391679{padding-top: 0px !important;}&#8221; woodmart_css_id=&#8221;63514c8260958&#8243; parallax_scroll=&#8221;no&#8221; woodmart_sticky_column=&#8221;false&#8221; wd_collapsible_content_switcher=&#8221;no&#8221; wd_column_role_offcanvas_desktop=&#8221;no&#8221; wd_column_role_offcanvas_tablet=&#8221;no&#8221; wd_column_role_offcanvas_mobile=&#8221;no&#8221; wd_column_role_content_desktop=&#8221;no&#8221; wd_column_role_content_tablet=&#8221;no&#8221; wd_column_role_content_mobile=&#8221;no&#8221; mobile_bg_img_hidden=&#8221;no&#8221; tablet_bg_img_hidden=&#8221;no&#8221; woodmart_parallax=&#8221;0&#8243; woodmart_box_shadow=&#8221;no&#8221; responsive_spacing=&#8221;eyJwYXJhbV90eXBlIjoid29vZG1hcnRfcmVzcG9uc2l2ZV9zcGFjaW5nIiwic2VsZWN0b3JfaWQiOiI2MzUxNGM4MjYwOTU4Iiwic2hvcnRjb2RlIjoidmNfY29sdW1uIiwiZGF0YSI6eyJ0YWJsZXQiOnt9LCJtb2JpbGUiOnt9fX0=&#8221; mobile_reset_margin=&#8221;no&#8221; tablet_reset_margin=&#8221;no&#8221; wd_z_index=&#8221;no&#8221;]\t\t<div id=\"wd-67ae9a1aa03dd\" class=\"wd-text-block wd-wpb reset-last-child wd-rs-67ae9a1aa03dd text-left vc_custom_1739495974060\">\n\t\t\t<h4>No-break APC Back-UPS BX1500BI-BR, Seguran\u00e7a e Estabilidade para Equipamentos Cr\u00edticos<\/h4>\n<p>O\u00a0<strong>APC Back-UPS 1.5KVA BX1500BI-BR<\/strong> oferece uma solu\u00e7\u00e3o confi\u00e1vel para proteger dispositivos eletr\u00f4nicos contra oscila\u00e7\u00f5es e quedas de energia. Com uma capacidade de 1.5KVA, este nobreak \u00e9 ideal para equipamentos sens\u00edveis, garantindo que voc\u00ea possa trabalhar, estudar ou gerenciar sistemas cr\u00edticos sem interrup\u00e7\u00f5es. Com funcionamento bivolt, ele \u00e9 vers\u00e1til para diversos ambientes, sendo uma excelente escolha para resid\u00eancias, escrit\u00f3rios, escrit\u00f3rios e pontos de venda, o no-break APC back-ups bx1500bi-br protege equipamentos e dados, melhorando a performance e aumentando a vida \u00fatil dos eletr\u00f4nicos, al\u00e9m de garantir a continuidade das atividades em casos de falta de energia. Protege contra surtos e varia\u00e7\u00f5es de tens\u00e3o, contando com oito tomadas de sa\u00edda que fornecem energia estabilizada. Possui led&#8217;s indicadores visuais, que permite identificar facilmente o status do nobreak.<\/p>\n<p>O\u00a0<strong>APC Back-UPS BX1500BI-BR<\/strong>\u00a0\u00e9 uma solu\u00e7\u00e3o essencial para quem busca prote\u00e7\u00e3o contra picos de energia e continuidade em situa\u00e7\u00f5es de queda de energia. Este modelo \u00e9 equipado com recursos que garantem seguran\u00e7a para uma variedade de dispositivos, como PCs, modems, roteadores, consoles e outros equipamentos eletr\u00f4nicos sens\u00edveis. Sua autonomia permite que voc\u00ea finalize tarefas e salve dados com seguran\u00e7a antes de desligar o sistema em caso de falta de energia.<\/p>\n<h4>Entre os principais benef\u00edcios est\u00e3o:<\/h4>\n<ul>\n<li><strong>Prote\u00e7\u00e3o Completa:<\/strong>\u00a0Protege contra sobrecargas, surtos e picos de tens\u00e3o.<\/li>\n<li><strong>Capacidade de 1.5KVA:<\/strong>\u00a0Suporta uma ampla gama de dispositivos, garantindo que suas opera\u00e7\u00f5es essenciais n\u00e3o sejam interrompidas.<\/li>\n<li><strong>Bivolt Autom\u00e1tico:<\/strong> Versatilidade para uso em diferentes tens\u00f5es de entrada, Ajusta automaticamente a entrada de energia para maior praticidade.<\/li>\n<li><strong>Tempo de Autonomia:<\/strong>\u00a0Permite que voc\u00ea salve seu trabalho e desligue com seguran\u00e7a em caso de falta de energia.<\/li>\n<li><strong>Indicadores Visuais:<\/strong>\u00a0Monitoramento f\u00e1cil das condi\u00e7\u00f5es de bateria e energia.<\/li>\n<li><strong>Prote\u00e7\u00e3o Contra Sobrecargas:<\/strong>\u00a0Evita danos aos seus dispositivos devido a surtos de energia.<\/li>\n<li><strong>Interface F\u00e1cil de Monitoramento:<\/strong>\u00a0Indicadores para r\u00e1pida verifica\u00e7\u00e3o do status de energia e bateria.<\/li>\n<li><strong>Autonomia Prolongada:<\/strong>\u00a0Fornece tempo suficiente para salvar dados e encerrar processos com seguran\u00e7a.<\/li>\n<li><strong>Design Compacto:<\/strong> Ocupa pouco espa\u00e7o, mas oferece prote\u00e7\u00e3o robusta para uma ampla gama de dispositivos.<\/li>\n<\/ul>\n\t\t<\/div>\n\t\t[\/vc_column][\/vc_row][vc_row][vc_column][vc_separator border_width=&#8221;3&#8243; css=&#8221;.vc_custom_1739485400966{margin-top: 50px !important;margin-bottom: 50px !important;}&#8221; wd_hide_on_desktop=&#8221;no&#8221; wd_hide_on_tablet=&#8221;no&#8221; wd_hide_on_mobile=&#8221;no&#8221;][\/vc_column][\/vc_row][vc_row woodmart_css_id=&#8221;6351519a61682&#8243; responsive_spacing=&#8221;eyJwYXJhbV90eXBlIjoid29vZG1hcnRfcmVzcG9uc2l2ZV9zcGFjaW5nIiwic2VsZWN0b3JfaWQiOiI2MzUxNTE5YTYxNjgyIiwic2hvcnRjb2RlIjoidmNfcm93IiwiZGF0YSI6eyJ0YWJsZXQiOnt9LCJtb2JpbGUiOnt9fX0=&#8221; mobile_bg_img_hidden=&#8221;no&#8221; tablet_bg_img_hidden=&#8221;no&#8221; woodmart_parallax=&#8221;0&#8243; woodmart_gradient_switch=&#8221;no&#8221; woodmart_box_shadow=&#8221;no&#8221; wd_z_index=&#8221;no&#8221; woodmart_disable_overflow=&#8221;0&#8243; row_reverse_mobile=&#8221;0&#8243; row_reverse_tablet=&#8221;0&#8243;][vc_column]\n\t\t<div id=\"wd-67ae70eca6574\" class=\"title-wrapper wd-wpb wd-set-mb reset-last-child  wd-rs-67ae70eca6574 wd-title-color-default wd-title-style-default text-left vc_custom_1739485433353 wd-underline-colored\">\n\t\t\t\n\t\t\t<div class=\"liner-continer\">\n\t\t\t\t<h4 class=\"woodmart-title-container title  wd-font-weight- wd-fontsize-m\" >\ud83d\udccc Especifica\u00e7\u00f5es T\u00e9cnicas:<\/h4>\n\t\t\t\t\t\t\t<\/div>\n\t\t\t\n\t\t\t\n\t\t\t\n\t\t<\/div>\n\t\t\n\t\t\t\t<div id=\"wd-67ae9340e7549\" class=\"wd-text-block wd-wpb reset-last-child wd-rs-67ae9340e7549 text-left vc_custom_1739494876586\">\n\t\t\t<p>&#8211; No-break interativo APC BX1500BI-BR de 1500 VA (900 W), com entrada bivolt 115 V \/ 220 V e sa\u00edda monovolt 115 V.<br \/>\n&#8211; Disp\u00f5e de 7 tomadas de 10 A no novo padr\u00e3o de tomadas brasileiro NBR 14136.<br \/>\n&#8211; Permite uma autonomia de 30 minutos para 1 PC com monitor LCD de 24 polegadas e 1 roteador b\u00e1sico (totalizando 120 W).<br \/>\n&#8211; Sofware de gerenciamento PowerChute Serial Shutdown,\u00a0que permite melhor monitoramento da rede el\u00e9trica, maior confiabilidade no gerenciamento do equipamento, compatibilidade com o sistema de gerenciamento da empresa e desligamento inteligente do sistema operacional em caso de falta de energia prolongada.<br \/>\n&#8211; Sistema de prote\u00e7\u00e3o Safe Battery que impede a energiza\u00e7\u00e3o do equipamento durante o transporte ou manuten\u00e7\u00e3o.<br \/>\n&#8211; Religa\u00e7\u00e3o autom\u00e1tica (Auto Start)\u00a0que permite ao nobreak reiniciar automaticamente quandoa rede el\u00e9trica restaurar, ap\u00f3s uma descarga total das baterias.<br \/>\n&#8211; Possui estabilizador e filtro de linha internos, para prote\u00e7\u00e3o total contra os dist\u00farbios e ru\u00eddos da rede el\u00e9trica.<br \/>\n&#8211; Alarme sonoro para indica\u00e7\u00e3o de bateria baixa e tempo de atraso configur\u00e1vel.<\/p>\n<h4>Caracter\u00edsticas t\u00e9cnicas:<\/h4>\n<ul>\n<li>C\u00f3digo do produto no fab.: BX1500BI-BR<\/li>\n<li>Cor do gabinete: preto<\/li>\n<li>Pot\u00eancia m\u00e1xima: 1500 VA (900 W)<\/li>\n<li>Fator de pot\u00eancia: 0,6<\/li>\n<li>Topologia: Linha Interativa<\/li>\n<li>Tipo de Forma de Onda: Senoidal aproximada<\/li>\n<li>Efici\u00eancia em carga total: 92 %<\/li>\n<li>Rendimento: &gt; 90 % em modo de rede e &gt; 80 % em modo bateria<\/li>\n<li>Tempo de resposta do inversor: &lt; 0,8 ms<\/li>\n<li>Comprimento do cabo USB: 1,1 m<\/li>\n<li>Comprimento do cabo de for\u00e7a: 1 m<\/li>\n<li>Dimens\u00f5es do nobreak: 38 \/ 12,5 \/ 22,5 cm (Prof \/ Larg \/ Alt)<\/li>\n<li>Dimens\u00f5es da embalagem: 48,8 \/ 19,4 \/ 31,4 cm (Prof \/ Larg \/ Alt)<\/li>\n<li>Peso l\u00edquido: 12,45 Kg<\/li>\n<\/ul>\n<h4>Autonomia:<\/h4>\n<ul>\n<li>Plena carga (utilizando 1500 VA): 3 minutos<\/li>\n<li>Meia carga (utilizando 750 VA): 10 minutos<\/li>\n<\/ul>\n<h4>Entrada:<\/h4>\n<ul>\n<li>Tens\u00e3o de entrada: 115 \/ 220 V (sele\u00e7\u00e3o autom\u00e1tica)<\/li>\n<li>Frequ\u00eancia da tens\u00e3o de entrada: 60 Hz<\/li>\n<li>Faixa de tens\u00e3o: 95 a 140 V \/ 185 a 260 V<\/li>\n<li>Frequ\u00eancia nominal: 60 Hz \u00b1 3 Hz<\/li>\n<li>Corrente nominal: 13,1 \/ 11,8 \/ 6,8 A<\/li>\n<li>Tipo de conex\u00e3o: NBR 14136<\/li>\n<\/ul>\n<h4>Sa\u00edda:<\/h4>\n<ul>\n<li>Tens\u00e3o de sa\u00edda: 115 V<\/li>\n<li>Regula\u00e7\u00e3o: \u00b1 8 % (para modo bateria) \/ \u00b1 10 % (para modo rede)<\/li>\n<li>Frequ\u00eancia: 60 Hz \u00b1 0,5 Hz em modo bateria<\/li>\n<li>Numero de tomadas: 7 tomadas no novo padr\u00e3o de tomadas NBR 14136 (2P+T \/ 10 A)<\/li>\n<\/ul>\n<h4>Bateria:<\/h4>\n<ul>\n<li>Quantidade de baterias instaladas: 2<\/li>\n<li>Modelo das baterias: 12 V, 7 A (cada)<\/li>\n<li>Tipo de bateria: Bateria selada Chumbo-Acido<\/li>\n<li>Tempo de recarga: aproximadamente 6 horas<\/li>\n<\/ul>\n<h4>Painel traseiro:<\/h4>\n<ul>\n<li>7 tomadas padr\u00e3o NBR 14136<\/li>\n<li>1 porta USB<\/li>\n<li>1 Disjuntor rearm\u00e1vel<\/li>\n<li>Bot\u00e3o de rearme do disjuntor<\/li>\n<li>Conector Safe Battery<\/li>\n<\/ul>\n<h4>Acompanha:<\/h4>\n<ul>\n<li>Nobreak APC BX1500BI-BR 1500VA (900W) bivolt \/ 115V<\/li>\n<li>Cabo USB<\/li>\n<li>Folheto em Portugu\u00eas<\/li>\n<\/ul>\n<h4>Garantia do fabricante:<\/h4>\n<ul>\n<li>2 anos do produto (12 meses para bateria)<\/li>\n<\/ul>\n\t\t<\/div>\n\t\t[\/vc_column][\/vc_row]<\/p>\n<\/div>","protected":false},"excerpt":{"rendered":"<p><strong>C\u00f3digo:<\/strong> <span style=\"color: #2a2a2a;\"><strong>BX1500BI-BR<\/strong><\/span>\u00a0 \u00a0|\u00a0 \u00a0<strong>Mais produtos: <a href=\"https:\/\/elektrotec.com.br\/loja\/loja\/?filter_marcas=apc-by-schneider\">APC<\/a><\/strong>\u00a0 \u00a0|\u00a0 \u00a0<a href=\"https:\/\/elektrotec.com.br\/loja\/produto\/no-break-apc-back-ups-1500-va-entrada-bivolt-e-saida-115v-bx1500bi-br\/#codigo-BX1500BIBR\"><strong>Descri\u00e7\u00e3o do produto<\/strong><\/a><\/p>\n","protected":false},"featured_media":4342,"comment_status":"open","ping_status":"closed","template":"","meta":{"pagelayer_contact_templates":[],"_pagelayer_content":"","_mbp_gutenberg_autopost":false},"pwb-brand":[],"product_brand":[],"product_cat":[291,103,83,26,97,191,241,25],"product_tag":[],"class_list":{"0":"post-441","1":"product","2":"type-product","3":"status-publish","4":"has-post-thumbnail","6":"product_cat-automacao-comercial","7":"product_cat-destaques","8":"product_cat-energia","9":"product_cat-escritorio-e-papelaria","10":"product_cat-nobreak","11":"product_cat-seguranca-cftv","12":"product_cat-suprimentos-corporativos","13":"product_cat-tecnologia-e-informatica","14":"product_shipping_class-logistica-quioske","16":"first","17":"instock","18":"shipping-taxable","19":"purchasable","20":"product-type-simple"},"yoast_head":"<!-- This site is optimized with the Yoast SEO plugin v27.2 - https:\/\/yoast.com\/product\/yoast-seo-wordpress\/ -->\n<title>No-break APC Back-UPS 1500 VA entrada Bivolt e sa\u00edda 115V de 7 tomadas - BX1500BI-BR | Elektrotec Store<\/title>\n<meta name=\"robots\" content=\"index, follow, max-snippet:-1, max-image-preview:large, max-video-preview:-1\" \/>\n<link rel=\"canonical\" href=\"https:\/\/elektrotec.com.br\/loja\/produto\/no-break-apc-back-ups-1500-va-entrada-bivolt-e-saida-115v-bx1500bi-br\/\" \/>\n<meta property=\"og:locale\" content=\"pt_BR\" \/>\n<meta property=\"og:type\" content=\"article\" \/>\n<meta property=\"og:title\" content=\"No-break APC Back-UPS 1500 VA entrada Bivolt e sa\u00edda 115V de 7 tomadas - BX1500BI-BR | Elektrotec Store\" \/>\n<meta property=\"og:description\" content=\"C\u00f3digo: BX1500BI-BR\u00a0 \u00a0|\u00a0 \u00a0Mais produtos: APC\u00a0 \u00a0|\u00a0 \u00a0Descri\u00e7\u00e3o do produto\" \/>\n<meta property=\"og:url\" content=\"https:\/\/elektrotec.com.br\/loja\/produto\/no-break-apc-back-ups-1500-va-entrada-bivolt-e-saida-115v-bx1500bi-br\/\" \/>\n<meta property=\"og:site_name\" content=\"Elektrotec Store\" \/>\n<meta property=\"article:modified_time\" content=\"2025-10-30T00:23:24+00:00\" \/>\n<meta property=\"og:image\" content=\"https:\/\/elektrotec.com.br\/loja\/wp-content\/uploads\/2025\/02\/BX1500BI-BR-Nobreak-APC-Back-UPS-1500-VA-Bivolt-115V.jpg\" \/>\n\t<meta property=\"og:image:width\" content=\"700\" \/>\n\t<meta property=\"og:image:height\" content=\"800\" \/>\n\t<meta property=\"og:image:type\" content=\"image\/jpeg\" \/>\n<meta name=\"twitter:card\" content=\"summary_large_image\" \/>\n<meta name=\"twitter:label1\" content=\"Est. tempo de leitura\" \/>\n\t<meta name=\"twitter:data1\" content=\"6 minutos\" \/>\n<script type=\"application\/ld+json\" class=\"yoast-schema-graph\">{\"@context\":\"https:\/\/schema.org\",\"@graph\":[{\"@type\":\"WebPage\",\"@id\":\"https:\/\/elektrotec.com.br\/loja\/produto\/no-break-apc-back-ups-1500-va-entrada-bivolt-e-saida-115v-bx1500bi-br\/\",\"url\":\"https:\/\/elektrotec.com.br\/loja\/produto\/no-break-apc-back-ups-1500-va-entrada-bivolt-e-saida-115v-bx1500bi-br\/\",\"name\":\"No-break APC Back-UPS 1500 VA entrada Bivolt e sa\u00edda 115V de 7 tomadas - BX1500BI-BR | Elektrotec Store\",\"isPartOf\":{\"@id\":\"https:\/\/elektrotec.com.br\/loja\/#website\"},\"primaryImageOfPage\":{\"@id\":\"https:\/\/elektrotec.com.br\/loja\/produto\/no-break-apc-back-ups-1500-va-entrada-bivolt-e-saida-115v-bx1500bi-br\/#primaryimage\"},\"image\":{\"@id\":\"https:\/\/elektrotec.com.br\/loja\/produto\/no-break-apc-back-ups-1500-va-entrada-bivolt-e-saida-115v-bx1500bi-br\/#primaryimage\"},\"thumbnailUrl\":\"https:\/\/i0.wp.com\/elektrotec.com.br\/loja\/wp-content\/uploads\/2025\/02\/BX1500BI-BR-Nobreak-APC-Back-UPS-1500-VA-Bivolt-115V.jpg?fit=700%2C800&ssl=1\",\"datePublished\":\"2025-10-29T16:00:44+00:00\",\"dateModified\":\"2025-10-30T00:23:24+00:00\",\"breadcrumb\":{\"@id\":\"https:\/\/elektrotec.com.br\/loja\/produto\/no-break-apc-back-ups-1500-va-entrada-bivolt-e-saida-115v-bx1500bi-br\/#breadcrumb\"},\"inLanguage\":\"pt-BR\",\"potentialAction\":[{\"@type\":\"ReadAction\",\"target\":[\"https:\/\/elektrotec.com.br\/loja\/produto\/no-break-apc-back-ups-1500-va-entrada-bivolt-e-saida-115v-bx1500bi-br\/\"]}]},{\"@type\":\"ImageObject\",\"inLanguage\":\"pt-BR\",\"@id\":\"https:\/\/elektrotec.com.br\/loja\/produto\/no-break-apc-back-ups-1500-va-entrada-bivolt-e-saida-115v-bx1500bi-br\/#primaryimage\",\"url\":\"https:\/\/i0.wp.com\/elektrotec.com.br\/loja\/wp-content\/uploads\/2025\/02\/BX1500BI-BR-Nobreak-APC-Back-UPS-1500-VA-Bivolt-115V.jpg?fit=700%2C800&ssl=1\",\"contentUrl\":\"https:\/\/i0.wp.com\/elektrotec.com.br\/loja\/wp-content\/uploads\/2025\/02\/BX1500BI-BR-Nobreak-APC-Back-UPS-1500-VA-Bivolt-115V.jpg?fit=700%2C800&ssl=1\",\"width\":700,\"height\":800},{\"@type\":\"BreadcrumbList\",\"@id\":\"https:\/\/elektrotec.com.br\/loja\/produto\/no-break-apc-back-ups-1500-va-entrada-bivolt-e-saida-115v-bx1500bi-br\/#breadcrumb\",\"itemListElement\":[{\"@type\":\"ListItem\",\"position\":1,\"name\":\"Home\",\"item\":\"https:\/\/elektrotec.com.br\/loja\/\"},{\"@type\":\"ListItem\",\"position\":2,\"name\":\"Ofertas do dia \u26a1\",\"item\":\"https:\/\/elektrotec.com.br\/loja\/loja\/\"},{\"@type\":\"ListItem\",\"position\":3,\"name\":\"No-break APC Back-UPS 1500 VA entrada Bivolt e sa\u00edda 115V de 7 tomadas &#8211; BX1500BI-BR\"}]},{\"@type\":\"WebSite\",\"@id\":\"https:\/\/elektrotec.com.br\/loja\/#website\",\"url\":\"https:\/\/elektrotec.com.br\/loja\/\",\"name\":\"Elektrotec Store\",\"description\":\"Solu\u00e7\u00f5es em Energia e Automa\u00e7\u00e3o Industrial\",\"publisher\":{\"@id\":\"https:\/\/elektrotec.com.br\/loja\/#organization\"},\"potentialAction\":[{\"@type\":\"SearchAction\",\"target\":{\"@type\":\"EntryPoint\",\"urlTemplate\":\"https:\/\/elektrotec.com.br\/loja\/?s={search_term_string}\"},\"query-input\":{\"@type\":\"PropertyValueSpecification\",\"valueRequired\":true,\"valueName\":\"search_term_string\"}}],\"inLanguage\":\"pt-BR\"},{\"@type\":\"Organization\",\"@id\":\"https:\/\/elektrotec.com.br\/loja\/#organization\",\"name\":\"Elektrotec\",\"url\":\"https:\/\/elektrotec.com.br\/loja\/\",\"logo\":{\"@type\":\"ImageObject\",\"inLanguage\":\"pt-BR\",\"@id\":\"https:\/\/elektrotec.com.br\/loja\/#\/schema\/logo\/image\/\",\"url\":\"https:\/\/i0.wp.com\/elektrotec.com.br\/loja\/wp-content\/uploads\/2025\/05\/Logo-site-Elektrotec-Energy-1.webp?fit=270%2C70&ssl=1\",\"contentUrl\":\"https:\/\/i0.wp.com\/elektrotec.com.br\/loja\/wp-content\/uploads\/2025\/05\/Logo-site-Elektrotec-Energy-1.webp?fit=270%2C70&ssl=1\",\"width\":270,\"height\":70,\"caption\":\"Elektrotec\"},\"image\":{\"@id\":\"https:\/\/elektrotec.com.br\/loja\/#\/schema\/logo\/image\/\"}}]}<\/script>\n<!-- \/ Yoast SEO plugin. -->","yoast_head_json":{"title":"No-break APC Back-UPS 1500 VA entrada Bivolt e sa\u00edda 115V de 7 tomadas - BX1500BI-BR | Elektrotec Store","robots":{"index":"index","follow":"follow","max-snippet":"max-snippet:-1","max-image-preview":"max-image-preview:large","max-video-preview":"max-video-preview:-1"},"canonical":"https:\/\/elektrotec.com.br\/loja\/produto\/no-break-apc-back-ups-1500-va-entrada-bivolt-e-saida-115v-bx1500bi-br\/","og_locale":"pt_BR","og_type":"article","og_title":"No-break APC Back-UPS 1500 VA entrada Bivolt e sa\u00edda 115V de 7 tomadas - BX1500BI-BR | Elektrotec Store","og_description":"C\u00f3digo: BX1500BI-BR\u00a0 \u00a0|\u00a0 \u00a0Mais produtos: APC\u00a0 \u00a0|\u00a0 \u00a0Descri\u00e7\u00e3o do produto","og_url":"https:\/\/elektrotec.com.br\/loja\/produto\/no-break-apc-back-ups-1500-va-entrada-bivolt-e-saida-115v-bx1500bi-br\/","og_site_name":"Elektrotec Store","article_modified_time":"2025-10-30T00:23:24+00:00","og_image":[{"width":700,"height":800,"url":"https:\/\/elektrotec.com.br\/loja\/wp-content\/uploads\/2025\/02\/BX1500BI-BR-Nobreak-APC-Back-UPS-1500-VA-Bivolt-115V.jpg","type":"image\/jpeg"}],"twitter_card":"summary_large_image","twitter_misc":{"Est. tempo de leitura":"6 minutos"},"schema":{"@context":"https:\/\/schema.org","@graph":[{"@type":"WebPage","@id":"https:\/\/elektrotec.com.br\/loja\/produto\/no-break-apc-back-ups-1500-va-entrada-bivolt-e-saida-115v-bx1500bi-br\/","url":"https:\/\/elektrotec.com.br\/loja\/produto\/no-break-apc-back-ups-1500-va-entrada-bivolt-e-saida-115v-bx1500bi-br\/","name":"No-break APC Back-UPS 1500 VA entrada Bivolt e sa\u00edda 115V de 7 tomadas - BX1500BI-BR | Elektrotec Store","isPartOf":{"@id":"https:\/\/elektrotec.com.br\/loja\/#website"},"primaryImageOfPage":{"@id":"https:\/\/elektrotec.com.br\/loja\/produto\/no-break-apc-back-ups-1500-va-entrada-bivolt-e-saida-115v-bx1500bi-br\/#primaryimage"},"image":{"@id":"https:\/\/elektrotec.com.br\/loja\/produto\/no-break-apc-back-ups-1500-va-entrada-bivolt-e-saida-115v-bx1500bi-br\/#primaryimage"},"thumbnailUrl":"https:\/\/i0.wp.com\/elektrotec.com.br\/loja\/wp-content\/uploads\/2025\/02\/BX1500BI-BR-Nobreak-APC-Back-UPS-1500-VA-Bivolt-115V.jpg?fit=700%2C800&ssl=1","datePublished":"2025-10-29T16:00:44+00:00","dateModified":"2025-10-30T00:23:24+00:00","breadcrumb":{"@id":"https:\/\/elektrotec.com.br\/loja\/produto\/no-break-apc-back-ups-1500-va-entrada-bivolt-e-saida-115v-bx1500bi-br\/#breadcrumb"},"inLanguage":"pt-BR","potentialAction":[{"@type":"ReadAction","target":["https:\/\/elektrotec.com.br\/loja\/produto\/no-break-apc-back-ups-1500-va-entrada-bivolt-e-saida-115v-bx1500bi-br\/"]}]},{"@type":"ImageObject","inLanguage":"pt-BR","@id":"https:\/\/elektrotec.com.br\/loja\/produto\/no-break-apc-back-ups-1500-va-entrada-bivolt-e-saida-115v-bx1500bi-br\/#primaryimage","url":"https:\/\/i0.wp.com\/elektrotec.com.br\/loja\/wp-content\/uploads\/2025\/02\/BX1500BI-BR-Nobreak-APC-Back-UPS-1500-VA-Bivolt-115V.jpg?fit=700%2C800&ssl=1","contentUrl":"https:\/\/i0.wp.com\/elektrotec.com.br\/loja\/wp-content\/uploads\/2025\/02\/BX1500BI-BR-Nobreak-APC-Back-UPS-1500-VA-Bivolt-115V.jpg?fit=700%2C800&ssl=1","width":700,"height":800},{"@type":"BreadcrumbList","@id":"https:\/\/elektrotec.com.br\/loja\/produto\/no-break-apc-back-ups-1500-va-entrada-bivolt-e-saida-115v-bx1500bi-br\/#breadcrumb","itemListElement":[{"@type":"ListItem","position":1,"name":"Home","item":"https:\/\/elektrotec.com.br\/loja\/"},{"@type":"ListItem","position":2,"name":"Ofertas do dia \u26a1","item":"https:\/\/elektrotec.com.br\/loja\/loja\/"},{"@type":"ListItem","position":3,"name":"No-break APC Back-UPS 1500 VA entrada Bivolt e sa\u00edda 115V de 7 tomadas &#8211; BX1500BI-BR"}]},{"@type":"WebSite","@id":"https:\/\/elektrotec.com.br\/loja\/#website","url":"https:\/\/elektrotec.com.br\/loja\/","name":"Elektrotec Store","description":"Solu\u00e7\u00f5es em Energia e Automa\u00e7\u00e3o Industrial","publisher":{"@id":"https:\/\/elektrotec.com.br\/loja\/#organization"},"potentialAction":[{"@type":"SearchAction","target":{"@type":"EntryPoint","urlTemplate":"https:\/\/elektrotec.com.br\/loja\/?s={search_term_string}"},"query-input":{"@type":"PropertyValueSpecification","valueRequired":true,"valueName":"search_term_string"}}],"inLanguage":"pt-BR"},{"@type":"Organization","@id":"https:\/\/elektrotec.com.br\/loja\/#organization","name":"Elektrotec","url":"https:\/\/elektrotec.com.br\/loja\/","logo":{"@type":"ImageObject","inLanguage":"pt-BR","@id":"https:\/\/elektrotec.com.br\/loja\/#\/schema\/logo\/image\/","url":"https:\/\/i0.wp.com\/elektrotec.com.br\/loja\/wp-content\/uploads\/2025\/05\/Logo-site-Elektrotec-Energy-1.webp?fit=270%2C70&ssl=1","contentUrl":"https:\/\/i0.wp.com\/elektrotec.com.br\/loja\/wp-content\/uploads\/2025\/05\/Logo-site-Elektrotec-Energy-1.webp?fit=270%2C70&ssl=1","width":270,"height":70,"caption":"Elektrotec"},"image":{"@id":"https:\/\/elektrotec.com.br\/loja\/#\/schema\/logo\/image\/"}}]}},"jetpack_sharing_enabled":true,"brands":[],"_links":{"self":[{"href":"https:\/\/elektrotec.com.br\/loja\/wp-json\/wp\/v2\/product\/441","targetHints":{"allow":["GET"]}}],"collection":[{"href":"https:\/\/elektrotec.com.br\/loja\/wp-json\/wp\/v2\/product"}],"about":[{"href":"https:\/\/elektrotec.com.br\/loja\/wp-json\/wp\/v2\/types\/product"}],"replies":[{"embeddable":true,"href":"https:\/\/elektrotec.com.br\/loja\/wp-json\/wp\/v2\/comments?post=441"}],"wp:featuredmedia":[{"embeddable":true,"href":"https:\/\/elektrotec.com.br\/loja\/wp-json\/wp\/v2\/media\/4342"}],"wp:attachment":[{"href":"https:\/\/elektrotec.com.br\/loja\/wp-json\/wp\/v2\/media?parent=441"}],"wp:term":[{"taxonomy":"pwb-brand","embeddable":true,"href":"https:\/\/elektrotec.com.br\/loja\/wp-json\/wp\/v2\/pwb-brand?post=441"},{"taxonomy":"product_brand","embeddable":true,"href":"https:\/\/elektrotec.com.br\/loja\/wp-json\/wp\/v2\/product_brand?post=441"},{"taxonomy":"product_cat","embeddable":true,"href":"https:\/\/elektrotec.com.br\/loja\/wp-json\/wp\/v2\/product_cat?post=441"},{"taxonomy":"product_tag","embeddable":true,"href":"https:\/\/elektrotec.com.br\/loja\/wp-json\/wp\/v2\/product_tag?post=441"}],"curies":[{"name":"wp","href":"https:\/\/api.w.org\/{rel}","templated":true}]}}