{"id":4361,"date":"2025-02-14T21:49:07","date_gmt":"2025-02-15T00:49:07","guid":{"rendered":"https:\/\/quioske.com.br\/?post_type=product&#038;p=4361"},"modified":"2025-02-25T18:53:16","modified_gmt":"2025-02-25T21:53:16","slug":"impressora-epson-multifuncional-tanque-de-tinta-ecotank-l6270-colorida-duplex-ethernet-wi-fi-conexao-usb-bivolt-preto","status":"publish","type":"product","link":"https:\/\/elektrotec.com.br\/loja\/produto\/impressora-epson-multifuncional-tanque-de-tinta-ecotank-l6270-colorida-duplex-ethernet-wi-fi-conexao-usb-bivolt-preto\/","title":{"rendered":"Impressora Epson Multifuncional Tanque de Tinta Ecotank L6270, Colorida, Duplex, Ethernet Wi-Fi, Conex\u00e3o USB, Bivolt, Preto"},"content":{"rendered":"<div class=\"wpb-content-wrapper\"><p>[vc_row css=&#8221;.vc_custom_1739636615903{margin-bottom: 20px !important;}&#8221; woodmart_css_id=&#8221;67b0bf9d690da&#8221; responsive_spacing=&#8221;eyJwYXJhbV90eXBlIjoid29vZG1hcnRfcmVzcG9uc2l2ZV9zcGFjaW5nIiwic2VsZWN0b3JfaWQiOiI2N2IwYmY5ZDY5MGRhIiwic2hvcnRjb2RlIjoidmNfcm93IiwiZGF0YSI6eyJ0YWJsZXQiOnsibWFyZ2luLWJvdHRvbSI6IjYwcHgifSwibW9iaWxlIjp7Im1hcmdpbi1ib3R0b20iOiI0MHB4In19fQ==&#8221; mobile_bg_img_hidden=&#8221;no&#8221; tablet_bg_img_hidden=&#8221;no&#8221; woodmart_parallax=&#8221;0&#8243; woodmart_gradient_switch=&#8221;no&#8221; woodmart_box_shadow=&#8221;no&#8221; wd_z_index=&#8221;no&#8221; woodmart_disable_overflow=&#8221;0&#8243; row_reverse_mobile=&#8221;0&#8243; row_reverse_tablet=&#8221;0&#8243; el_id=&#8221;codigo-77128&#8243;][vc_column css=&#8221;.vc_custom_1666272391679{padding-top: 0px !important;}&#8221; woodmart_css_id=&#8221;63514c8260958&#8243; parallax_scroll=&#8221;no&#8221; woodmart_sticky_column=&#8221;false&#8221; wd_collapsible_content_switcher=&#8221;no&#8221; wd_column_role_offcanvas_desktop=&#8221;no&#8221; wd_column_role_offcanvas_tablet=&#8221;no&#8221; wd_column_role_offcanvas_mobile=&#8221;no&#8221; wd_column_role_content_desktop=&#8221;no&#8221; wd_column_role_content_tablet=&#8221;no&#8221; wd_column_role_content_mobile=&#8221;no&#8221; mobile_bg_img_hidden=&#8221;no&#8221; tablet_bg_img_hidden=&#8221;no&#8221; woodmart_parallax=&#8221;0&#8243; woodmart_box_shadow=&#8221;no&#8221; responsive_spacing=&#8221;eyJwYXJhbV90eXBlIjoid29vZG1hcnRfcmVzcG9uc2l2ZV9zcGFjaW5nIiwic2VsZWN0b3JfaWQiOiI2MzUxNGM4MjYwOTU4Iiwic2hvcnRjb2RlIjoidmNfY29sdW1uIiwiZGF0YSI6eyJ0YWJsZXQiOnt9LCJtb2JpbGUiOnt9fX0=&#8221; mobile_reset_margin=&#8221;no&#8221; tablet_reset_margin=&#8221;no&#8221; wd_z_index=&#8221;no&#8221;]\t\t<div id=\"wd-67b0bf2919f12\" class=\"wd-text-block wd-wpb reset-last-child wd-rs-67b0bf2919f12 text-left vc_custom_1739636533346\">\n\t\t\t<p><img data-recalc-dims=\"1\" loading=\"lazy\" decoding=\"async\" class=\"aligncenter wp-image-4377\" src=\"https:\/\/i0.wp.com\/elektrotec.com.br\/loja\/wp-content\/uploads\/2025\/02\/IM624D1.jpg?resize=1200%2C2472&#038;ssl=1\" alt=\"\" width=\"1200\" height=\"2472\" srcset=\"https:\/\/i0.wp.com\/elektrotec.com.br\/loja\/wp-content\/uploads\/2025\/02\/IM624D1.jpg?resize=146%2C300&amp;ssl=1 146w, https:\/\/i0.wp.com\/elektrotec.com.br\/loja\/wp-content\/uploads\/2025\/02\/IM624D1.jpg?resize=497%2C1024&amp;ssl=1 497w, https:\/\/i0.wp.com\/elektrotec.com.br\/loja\/wp-content\/uploads\/2025\/02\/IM624D1.jpg?resize=768%2C1582&amp;ssl=1 768w, https:\/\/i0.wp.com\/elektrotec.com.br\/loja\/wp-content\/uploads\/2025\/02\/IM624D1.jpg?resize=746%2C1536&amp;ssl=1 746w, https:\/\/i0.wp.com\/elektrotec.com.br\/loja\/wp-content\/uploads\/2025\/02\/IM624D1.jpg?resize=150%2C309&amp;ssl=1 150w, https:\/\/i0.wp.com\/elektrotec.com.br\/loja\/wp-content\/uploads\/2025\/02\/IM624D1.jpg?w=985&amp;ssl=1 985w\" sizes=\"auto, (max-width: 1000px) 100vw, 1000px\" \/><\/p>\n\t\t<\/div>\n\t\t[\/vc_column][\/vc_row][vc_row][vc_column][vc_separator border_width=&#8221;3&#8243; css=&#8221;.vc_custom_1739317625603{margin-top: 50px !important;margin-bottom: 50px !important;}&#8221; wd_hide_on_desktop=&#8221;no&#8221; wd_hide_on_tablet=&#8221;no&#8221; wd_hide_on_mobile=&#8221;no&#8221;][\/vc_column][\/vc_row][vc_row woodmart_css_id=&#8221;6377819b27d07&#8243; responsive_spacing=&#8221;eyJwYXJhbV90eXBlIjoid29vZG1hcnRfcmVzcG9uc2l2ZV9zcGFjaW5nIiwic2VsZWN0b3JfaWQiOiI2Mzc3ODE5YjI3ZDA3Iiwic2hvcnRjb2RlIjoidmNfcm93IiwiZGF0YSI6eyJ0YWJsZXQiOnt9LCJtb2JpbGUiOnt9fX0=&#8221; mobile_bg_img_hidden=&#8221;no&#8221; tablet_bg_img_hidden=&#8221;no&#8221; woodmart_parallax=&#8221;0&#8243; woodmart_gradient_switch=&#8221;no&#8221; woodmart_box_shadow=&#8221;no&#8221; wd_z_index=&#8221;no&#8221; woodmart_disable_overflow=&#8221;0&#8243; row_reverse_mobile=&#8221;0&#8243; row_reverse_tablet=&#8221;0&#8243;][vc_column css=&#8221;.vc_custom_1666272699823{padding-top: 0px !important;}&#8221; woodmart_css_id=&#8221;63514db6c5d19&#8243; parallax_scroll=&#8221;no&#8221; woodmart_sticky_column=&#8221;false&#8221; wd_collapsible_content_switcher=&#8221;no&#8221; wd_column_role_offcanvas_desktop=&#8221;no&#8221; wd_column_role_offcanvas_tablet=&#8221;no&#8221; wd_column_role_offcanvas_mobile=&#8221;no&#8221; wd_column_role_content_desktop=&#8221;no&#8221; wd_column_role_content_tablet=&#8221;no&#8221; wd_column_role_content_mobile=&#8221;no&#8221; mobile_bg_img_hidden=&#8221;no&#8221; tablet_bg_img_hidden=&#8221;no&#8221; woodmart_parallax=&#8221;0&#8243; woodmart_box_shadow=&#8221;no&#8221; responsive_spacing=&#8221;eyJwYXJhbV90eXBlIjoid29vZG1hcnRfcmVzcG9uc2l2ZV9zcGFjaW5nIiwic2VsZWN0b3JfaWQiOiI2MzUxNGRiNmM1ZDE5Iiwic2hvcnRjb2RlIjoidmNfY29sdW1uIiwiZGF0YSI6eyJ0YWJsZXQiOnt9LCJtb2JpbGUiOnt9fX0=&#8221; mobile_reset_margin=&#8221;no&#8221; tablet_reset_margin=&#8221;no&#8221; wd_z_index=&#8221;no&#8221;]\n\t\t<div id=\"wd-67abe620e09af\" class=\"title-wrapper wd-wpb wd-set-mb reset-last-child  wd-rs-67abe620e09af wd-title-color-default wd-title-style-default text-left vc_custom_1739318828981 wd-underline-colored\">\n\t\t\t\n\t\t\t<div class=\"liner-continer\">\n\t\t\t\t<h4 class=\"woodmart-title-container title  wd-font-weight- wd-fontsize-m\" >\ud83d\udccc Especifica\u00e7\u00f5es T\u00e9cnicas:<\/h4>\n\t\t\t\t\t\t\t<\/div>\n\t\t\t\n\t\t\t\n\t\t\t\n\t\t<\/div>\n\t\t\n\t\t\t\t<div id=\"wd-67b0a7fb2f528\" class=\"wd-text-block wd-wpb reset-last-child wd-rs-67b0a7fb2f528 text-left \">\n\t\t\t<div class=\"sc-7e0ca514-1 GiPKU\">\n<h4><strong>Especifica\u00e7\u00f5es:<\/strong><\/h4>\n<ul>\n<li>Marca: Epson<\/li>\n<li>Modelo: EcoTank L6270<\/li>\n<li>Tecnologia de impress\u00e3o: Jato de tinta Heat-Free PrecisionCore\u00ae de 4 cores (CMYK)<\/li>\n<li>Resolu\u00e7\u00e3o m\u00e1xima de impress\u00e3o: 4800 x 1200 dpi<\/li>\n<li>Velocidade de impress\u00e3o: 33 ppm em preto e 20 ppm em cores<\/li>\n<li>Cabo USB Incluso: Sim<\/li>\n<li>Capacidade de Entrada do papel: 250 folhas de papel A4<\/li>\n<li>Capacidade de Sa\u00edda do papel: 30 folhas de papel A4<\/li>\n<li>Tipos de papel suportados: Comum e Pap\u00e9is Especiais EPSON<\/li>\n<li>Impress\u00e3o Duplex: Autom\u00e1tico<\/li>\n<li>Leitor de cart\u00e3o de mem\u00f3ria: N\u00e3o<\/li>\n<li>Visor de LCD: Sim, colorido de 2,4&#8243;<\/li>\n<li>Fax: N\u00e3o<\/li>\n<li>Alimentador Autom\u00e1tico de Documentos (ADF): Sim, 30 p\u00e1ginas A4\/Carta<\/li>\n<li>Impress\u00e3o em CD\/DVD: N\u00e3o<\/li>\n<li>Dupla bandeja de papel: N\u00e3o<\/li>\n<li>Bluetooth: N\u00e3o<\/li>\n<li>Epson Smart Panel: Sim<\/li>\n<li>Email Print: Sim<\/li>\n<li>Apple Air Print: Sim<\/li>\n<li>Google Chromebook Native Print: Sim<\/li>\n<li>Scan to Cloud: Sim<\/li>\n<li>Mopria: Sim<\/li>\n<\/ul>\n<p>&nbsp;<\/p>\n<h4><strong>Tamanhos de papel suportados:<\/strong><\/h4>\n<ul>\n<li>Padr\u00e3o: A4, Carta, Of\u00edcio (215,9 x 355,6mm), Mexico-Oficio (215,9 x 340,4mm), Oficio 9 (214,9 x 315mm), Folio (215,9&#215;330,2mm), Executivo, Meia Carta, A6, A5, B6, B5<\/li>\n<li>Foto: 10&#215;15 cm (4&#215;6 in), 13&#215;18 cm (5&#215;7 in), 20&#215;25 cm (8&#215;10 in)<\/li>\n<li>Envelopes: #10<\/li>\n<li>Definido pelo Usu\u00e1rio: 54 x 86 mm at\u00e9 215,9 x 1200 mm<\/li>\n<\/ul>\n<p>&nbsp;<\/p>\n<h4><strong>Scanner:\u00a0\u00a0<\/strong><\/h4>\n<ul>\n<li>Resolu\u00e7\u00e3o m\u00e1xima do scanner: 1200 x 2400 dpi<\/li>\n<li>Profundidade m\u00e1xima do scanner: 48-bit interna (24-bit externa)<\/li>\n<li>\u00c1rea de escaneamento: 21,6 x 29,7 cm<\/li>\n<li>Velocidade m\u00e1xima de escaneamento: 12 segundos por p\u00e1gina em preto e 27 segundos por p\u00e1gina em cores (200 dpi)5 ipm (ADF)<\/li>\n<\/ul>\n<p>&nbsp;<\/p>\n<h4><strong>C\u00f3pia:\u00a0<\/strong><\/h4>\n<ul>\n<li>Tamanho m\u00e1ximo das c\u00f3pias: Carta (pelo ADF)<\/li>\n<li>Resolu\u00e7\u00e3o m\u00e1xima de c\u00f3pia: 600 x 600 dpi<\/li>\n<\/ul>\n<p>&nbsp;<\/p>\n<h4><strong>Conex\u00f5es<\/strong><strong>:\u00a0<\/strong><\/h4>\n<ul>\n<li>USB 2.0 de alta velocidade<\/li>\n<li>Wireless<\/li>\n<li>Wi-Fi Direct<\/li>\n<li>Ethernet<\/li>\n<\/ul>\n<p>&nbsp;<\/p>\n<h4><strong>Compatibilidade:\u00a0<\/strong><\/h4>\n<ul>\n<li>Windows Vista \/ 7 \/ 8 \/ 8.1 \/10 ou mais recente (32bit, 64bit)<\/li>\n<li>Windows Server 2003 (SP2) ou mais recente<\/li>\n<li>Mac OS X 10.5.8 ou mais recente<\/li>\n<li>Mac OS 11 ou mais recente<\/li>\n<\/ul>\n<p>&nbsp;<\/p>\n<h4><strong>Conte\u00fado da Embalagem:<\/strong><\/h4>\n<ul>\n<li>Multifuncional Epson EcoTank L6270<\/li>\n<li>1 kit de garrafas originais Epson T504 (Preto, Ciano, Magenta e Amarelo)<\/li>\n<li>Cabo de alimenta\u00e7\u00e3o<\/li>\n<li>Cabo USB<\/li>\n<li>CD de instala\u00e7\u00e3o e Softwares Epson e Guia de instala\u00e7\u00e3o r\u00e1pida<\/li>\n<li>Garantia do Produto<\/li>\n<li>Instru\u00e7\u00e3o para cadastro de garantia estendida<\/li>\n<\/ul>\n<\/div>\n<p>&nbsp;<\/p>\n<div class=\"sc-7e0ca514-2 cKkhYq\" data-testid=\"InfoGarantia\">\n<div class=\"sc-7e0ca514-4 ikipIN\">\n<h4>Garantia:<\/h4>\n<\/div>\n<ul>\n<li class=\"sc-7e0ca514-3 lnNTXx\">1 ano de garantia (3 meses de garantia legal + 9 meses de garantia contratual junto ao fabricante)<\/li>\n<\/ul>\n<\/div>\n<p>&nbsp;<\/p>\n<div class=\"sc-7e0ca514-2 cKkhYq\" data-testid=\"InfoPeso\">\n<div class=\"sc-7e0ca514-4 ikipIN\">\n<h4>Peso:<\/h4>\n<\/div>\n<ul>\n<li class=\"sc-7e0ca514-3 lnNTXx\">9676 gramas (bruto com embalagem)<\/li>\n<\/ul>\n<\/div>\n<p>&nbsp;<\/p>\n<div class=\"sc-7e0ca514-2 cKkhYq\" data-testid=\"InfoC\u00f3digo Anatel\">\n<div class=\"sc-7e0ca514-4 ikipIN\">\n<h4>C\u00f3digo Anatel:<\/h4>\n<\/div>\n<ul>\n<li class=\"sc-7e0ca514-3 lnNTXx\">085141706062<\/li>\n<\/ul>\n<\/div>\n\t\t<\/div>\n\t\t[\/vc_column][\/vc_row]<\/p>\n<\/div>","protected":false},"excerpt":{"rendered":"<p><strong>C\u00f3digo:<\/strong> <span style=\"color: #2a2a2a;\"><strong>77128<\/strong><\/span>\u00a0 \u00a0|\u00a0 \u00a0<strong>Mais produtos: <a href=\"https:\/\/elektrotec.com.br\/loja\/loja\/?filter_marcas=epson\">Epson<\/a><\/strong>\u00a0 \u00a0|\u00a0 \u00a0<a href=\"https:\/\/elektrotec.com.br\/loja\/produto\/impressora-epson-multifuncional-tanque-de-tinta-ecotank-l6270-colorida-duplex-ethernet-wi-fi-conexao-usb-bivolt-preto\/#codigo-77128\"><strong>Descri\u00e7\u00e3o do produto<\/strong><\/a><\/p>\n","protected":false},"featured_media":4372,"comment_status":"open","ping_status":"closed","template":"","meta":{"pagelayer_contact_templates":[],"_pagelayer_content":"","_mbp_gutenberg_autopost":false},"pwb-brand":[],"product_brand":[],"product_cat":[291,26,70,135,241,25],"product_tag":[],"class_list":{"0":"post-4361","1":"product","2":"type-product","3":"status-publish","4":"has-post-thumbnail","6":"product_cat-automacao-comercial","7":"product_cat-escritorio-e-papelaria","8":"product_cat-impressao-e-imagem","9":"product_cat-multifuncional-laser-color","10":"product_cat-suprimentos-corporativos","11":"product_cat-tecnologia-e-informatica","12":"product_shipping_class-logistica-quioske","14":"first","15":"instock","16":"shipping-taxable","17":"purchasable","18":"product-type-simple"},"yoast_head":"<!-- This site is optimized with the Yoast SEO plugin v27.2 - https:\/\/yoast.com\/product\/yoast-seo-wordpress\/ -->\n<title>Impressora Epson Multifuncional Tanque de Tinta Ecotank L6270, Colorida, Duplex, Ethernet Wi-Fi, Conex\u00e3o USB, Bivolt, Preto | Elektrotec Store<\/title>\n<meta name=\"description\" content=\"Impressora multifuncional Epson EcoTank L6270, com impress\u00e3o, c\u00f3pia e escaneamento r\u00e1pido, conectividade wireless e alta resolu\u00e7\u00e3o de at\u00e9 4800 x 1200 dpi.\" \/>\n<meta name=\"robots\" content=\"index, follow, max-snippet:-1, max-image-preview:large, max-video-preview:-1\" \/>\n<link rel=\"canonical\" href=\"https:\/\/elektrotec.com.br\/loja\/produto\/impressora-epson-multifuncional-tanque-de-tinta-ecotank-l6270-colorida-duplex-ethernet-wi-fi-conexao-usb-bivolt-preto\/\" \/>\n<meta property=\"og:locale\" content=\"pt_BR\" \/>\n<meta property=\"og:type\" content=\"article\" \/>\n<meta property=\"og:title\" content=\"Impressora Epson Multifuncional Tanque de Tinta Ecotank L6270, Colorida, Duplex, Ethernet Wi-Fi, Conex\u00e3o USB, Bivolt, Preto | Elektrotec Store\" \/>\n<meta property=\"og:description\" content=\"Impressora multifuncional Epson EcoTank L6270, com impress\u00e3o, c\u00f3pia e escaneamento r\u00e1pido, conectividade wireless e alta resolu\u00e7\u00e3o de at\u00e9 4800 x 1200 dpi.\" \/>\n<meta property=\"og:url\" content=\"https:\/\/elektrotec.com.br\/loja\/produto\/impressora-epson-multifuncional-tanque-de-tinta-ecotank-l6270-colorida-duplex-ethernet-wi-fi-conexao-usb-bivolt-preto\/\" \/>\n<meta property=\"og:site_name\" content=\"Elektrotec Store\" \/>\n<meta property=\"article:modified_time\" content=\"2025-02-25T21:53:16+00:00\" \/>\n<meta property=\"og:image\" content=\"https:\/\/elektrotec.com.br\/loja\/wp-content\/uploads\/2025\/02\/IMPRES1.jpg\" \/>\n\t<meta property=\"og:image:width\" content=\"700\" \/>\n\t<meta property=\"og:image:height\" content=\"800\" \/>\n\t<meta property=\"og:image:type\" content=\"image\/jpeg\" \/>\n<meta name=\"twitter:card\" content=\"summary_large_image\" \/>\n<meta name=\"twitter:label1\" content=\"Est. tempo de leitura\" \/>\n\t<meta name=\"twitter:data1\" content=\"4 minutos\" \/>\n<script type=\"application\/ld+json\" class=\"yoast-schema-graph\">{\"@context\":\"https:\/\/schema.org\",\"@graph\":[{\"@type\":\"WebPage\",\"@id\":\"https:\/\/elektrotec.com.br\/loja\/produto\/impressora-epson-multifuncional-tanque-de-tinta-ecotank-l6270-colorida-duplex-ethernet-wi-fi-conexao-usb-bivolt-preto\/\",\"url\":\"https:\/\/elektrotec.com.br\/loja\/produto\/impressora-epson-multifuncional-tanque-de-tinta-ecotank-l6270-colorida-duplex-ethernet-wi-fi-conexao-usb-bivolt-preto\/\",\"name\":\"Impressora Epson Multifuncional Tanque de Tinta Ecotank L6270, Colorida, Duplex, Ethernet Wi-Fi, Conex\u00e3o USB, Bivolt, Preto | Elektrotec Store\",\"isPartOf\":{\"@id\":\"https:\/\/elektrotec.com.br\/loja\/#website\"},\"primaryImageOfPage\":{\"@id\":\"https:\/\/elektrotec.com.br\/loja\/produto\/impressora-epson-multifuncional-tanque-de-tinta-ecotank-l6270-colorida-duplex-ethernet-wi-fi-conexao-usb-bivolt-preto\/#primaryimage\"},\"image\":{\"@id\":\"https:\/\/elektrotec.com.br\/loja\/produto\/impressora-epson-multifuncional-tanque-de-tinta-ecotank-l6270-colorida-duplex-ethernet-wi-fi-conexao-usb-bivolt-preto\/#primaryimage\"},\"thumbnailUrl\":\"https:\/\/i0.wp.com\/elektrotec.com.br\/loja\/wp-content\/uploads\/2025\/02\/IMPRES1.jpg?fit=700%2C800&ssl=1\",\"datePublished\":\"2025-02-15T00:49:07+00:00\",\"dateModified\":\"2025-02-25T21:53:16+00:00\",\"description\":\"Impressora multifuncional Epson EcoTank L6270, com impress\u00e3o, c\u00f3pia e escaneamento r\u00e1pido, conectividade wireless e alta resolu\u00e7\u00e3o de at\u00e9 4800 x 1200 dpi.\",\"breadcrumb\":{\"@id\":\"https:\/\/elektrotec.com.br\/loja\/produto\/impressora-epson-multifuncional-tanque-de-tinta-ecotank-l6270-colorida-duplex-ethernet-wi-fi-conexao-usb-bivolt-preto\/#breadcrumb\"},\"inLanguage\":\"pt-BR\",\"potentialAction\":[{\"@type\":\"ReadAction\",\"target\":[\"https:\/\/elektrotec.com.br\/loja\/produto\/impressora-epson-multifuncional-tanque-de-tinta-ecotank-l6270-colorida-duplex-ethernet-wi-fi-conexao-usb-bivolt-preto\/\"]}]},{\"@type\":\"ImageObject\",\"inLanguage\":\"pt-BR\",\"@id\":\"https:\/\/elektrotec.com.br\/loja\/produto\/impressora-epson-multifuncional-tanque-de-tinta-ecotank-l6270-colorida-duplex-ethernet-wi-fi-conexao-usb-bivolt-preto\/#primaryimage\",\"url\":\"https:\/\/i0.wp.com\/elektrotec.com.br\/loja\/wp-content\/uploads\/2025\/02\/IMPRES1.jpg?fit=700%2C800&ssl=1\",\"contentUrl\":\"https:\/\/i0.wp.com\/elektrotec.com.br\/loja\/wp-content\/uploads\/2025\/02\/IMPRES1.jpg?fit=700%2C800&ssl=1\",\"width\":700,\"height\":800},{\"@type\":\"BreadcrumbList\",\"@id\":\"https:\/\/elektrotec.com.br\/loja\/produto\/impressora-epson-multifuncional-tanque-de-tinta-ecotank-l6270-colorida-duplex-ethernet-wi-fi-conexao-usb-bivolt-preto\/#breadcrumb\",\"itemListElement\":[{\"@type\":\"ListItem\",\"position\":1,\"name\":\"Home\",\"item\":\"https:\/\/elektrotec.com.br\/loja\/\"},{\"@type\":\"ListItem\",\"position\":2,\"name\":\"Ofertas do dia \u26a1\",\"item\":\"https:\/\/elektrotec.com.br\/loja\/loja\/\"},{\"@type\":\"ListItem\",\"position\":3,\"name\":\"Impressora Epson Multifuncional Tanque de Tinta Ecotank L6270, Colorida, Duplex, Ethernet Wi-Fi, Conex\u00e3o USB, Bivolt, Preto\"}]},{\"@type\":\"WebSite\",\"@id\":\"https:\/\/elektrotec.com.br\/loja\/#website\",\"url\":\"https:\/\/elektrotec.com.br\/loja\/\",\"name\":\"Elektrotec Store\",\"description\":\"Solu\u00e7\u00f5es em Energia e Automa\u00e7\u00e3o Industrial\",\"publisher\":{\"@id\":\"https:\/\/elektrotec.com.br\/loja\/#organization\"},\"potentialAction\":[{\"@type\":\"SearchAction\",\"target\":{\"@type\":\"EntryPoint\",\"urlTemplate\":\"https:\/\/elektrotec.com.br\/loja\/?s={search_term_string}\"},\"query-input\":{\"@type\":\"PropertyValueSpecification\",\"valueRequired\":true,\"valueName\":\"search_term_string\"}}],\"inLanguage\":\"pt-BR\"},{\"@type\":\"Organization\",\"@id\":\"https:\/\/elektrotec.com.br\/loja\/#organization\",\"name\":\"Elektrotec\",\"url\":\"https:\/\/elektrotec.com.br\/loja\/\",\"logo\":{\"@type\":\"ImageObject\",\"inLanguage\":\"pt-BR\",\"@id\":\"https:\/\/elektrotec.com.br\/loja\/#\/schema\/logo\/image\/\",\"url\":\"https:\/\/i0.wp.com\/elektrotec.com.br\/loja\/wp-content\/uploads\/2025\/05\/Logo-site-Elektrotec-Energy-1.webp?fit=270%2C70&ssl=1\",\"contentUrl\":\"https:\/\/i0.wp.com\/elektrotec.com.br\/loja\/wp-content\/uploads\/2025\/05\/Logo-site-Elektrotec-Energy-1.webp?fit=270%2C70&ssl=1\",\"width\":270,\"height\":70,\"caption\":\"Elektrotec\"},\"image\":{\"@id\":\"https:\/\/elektrotec.com.br\/loja\/#\/schema\/logo\/image\/\"}}]}<\/script>\n<!-- \/ Yoast SEO plugin. -->","yoast_head_json":{"title":"Impressora Epson Multifuncional Tanque de Tinta Ecotank L6270, Colorida, Duplex, Ethernet Wi-Fi, Conex\u00e3o USB, Bivolt, Preto | Elektrotec Store","description":"Impressora multifuncional Epson EcoTank L6270, com impress\u00e3o, c\u00f3pia e escaneamento r\u00e1pido, conectividade wireless e alta resolu\u00e7\u00e3o de at\u00e9 4800 x 1200 dpi.","robots":{"index":"index","follow":"follow","max-snippet":"max-snippet:-1","max-image-preview":"max-image-preview:large","max-video-preview":"max-video-preview:-1"},"canonical":"https:\/\/elektrotec.com.br\/loja\/produto\/impressora-epson-multifuncional-tanque-de-tinta-ecotank-l6270-colorida-duplex-ethernet-wi-fi-conexao-usb-bivolt-preto\/","og_locale":"pt_BR","og_type":"article","og_title":"Impressora Epson Multifuncional Tanque de Tinta Ecotank L6270, Colorida, Duplex, Ethernet Wi-Fi, Conex\u00e3o USB, Bivolt, Preto | Elektrotec Store","og_description":"Impressora multifuncional Epson EcoTank L6270, com impress\u00e3o, c\u00f3pia e escaneamento r\u00e1pido, conectividade wireless e alta resolu\u00e7\u00e3o de at\u00e9 4800 x 1200 dpi.","og_url":"https:\/\/elektrotec.com.br\/loja\/produto\/impressora-epson-multifuncional-tanque-de-tinta-ecotank-l6270-colorida-duplex-ethernet-wi-fi-conexao-usb-bivolt-preto\/","og_site_name":"Elektrotec Store","article_modified_time":"2025-02-25T21:53:16+00:00","og_image":[{"width":700,"height":800,"url":"https:\/\/elektrotec.com.br\/loja\/wp-content\/uploads\/2025\/02\/IMPRES1.jpg","type":"image\/jpeg"}],"twitter_card":"summary_large_image","twitter_misc":{"Est. tempo de leitura":"4 minutos"},"schema":{"@context":"https:\/\/schema.org","@graph":[{"@type":"WebPage","@id":"https:\/\/elektrotec.com.br\/loja\/produto\/impressora-epson-multifuncional-tanque-de-tinta-ecotank-l6270-colorida-duplex-ethernet-wi-fi-conexao-usb-bivolt-preto\/","url":"https:\/\/elektrotec.com.br\/loja\/produto\/impressora-epson-multifuncional-tanque-de-tinta-ecotank-l6270-colorida-duplex-ethernet-wi-fi-conexao-usb-bivolt-preto\/","name":"Impressora Epson Multifuncional Tanque de Tinta Ecotank L6270, Colorida, Duplex, Ethernet Wi-Fi, Conex\u00e3o USB, Bivolt, Preto | Elektrotec Store","isPartOf":{"@id":"https:\/\/elektrotec.com.br\/loja\/#website"},"primaryImageOfPage":{"@id":"https:\/\/elektrotec.com.br\/loja\/produto\/impressora-epson-multifuncional-tanque-de-tinta-ecotank-l6270-colorida-duplex-ethernet-wi-fi-conexao-usb-bivolt-preto\/#primaryimage"},"image":{"@id":"https:\/\/elektrotec.com.br\/loja\/produto\/impressora-epson-multifuncional-tanque-de-tinta-ecotank-l6270-colorida-duplex-ethernet-wi-fi-conexao-usb-bivolt-preto\/#primaryimage"},"thumbnailUrl":"https:\/\/i0.wp.com\/elektrotec.com.br\/loja\/wp-content\/uploads\/2025\/02\/IMPRES1.jpg?fit=700%2C800&ssl=1","datePublished":"2025-02-15T00:49:07+00:00","dateModified":"2025-02-25T21:53:16+00:00","description":"Impressora multifuncional Epson EcoTank L6270, com impress\u00e3o, c\u00f3pia e escaneamento r\u00e1pido, conectividade wireless e alta resolu\u00e7\u00e3o de at\u00e9 4800 x 1200 dpi.","breadcrumb":{"@id":"https:\/\/elektrotec.com.br\/loja\/produto\/impressora-epson-multifuncional-tanque-de-tinta-ecotank-l6270-colorida-duplex-ethernet-wi-fi-conexao-usb-bivolt-preto\/#breadcrumb"},"inLanguage":"pt-BR","potentialAction":[{"@type":"ReadAction","target":["https:\/\/elektrotec.com.br\/loja\/produto\/impressora-epson-multifuncional-tanque-de-tinta-ecotank-l6270-colorida-duplex-ethernet-wi-fi-conexao-usb-bivolt-preto\/"]}]},{"@type":"ImageObject","inLanguage":"pt-BR","@id":"https:\/\/elektrotec.com.br\/loja\/produto\/impressora-epson-multifuncional-tanque-de-tinta-ecotank-l6270-colorida-duplex-ethernet-wi-fi-conexao-usb-bivolt-preto\/#primaryimage","url":"https:\/\/i0.wp.com\/elektrotec.com.br\/loja\/wp-content\/uploads\/2025\/02\/IMPRES1.jpg?fit=700%2C800&ssl=1","contentUrl":"https:\/\/i0.wp.com\/elektrotec.com.br\/loja\/wp-content\/uploads\/2025\/02\/IMPRES1.jpg?fit=700%2C800&ssl=1","width":700,"height":800},{"@type":"BreadcrumbList","@id":"https:\/\/elektrotec.com.br\/loja\/produto\/impressora-epson-multifuncional-tanque-de-tinta-ecotank-l6270-colorida-duplex-ethernet-wi-fi-conexao-usb-bivolt-preto\/#breadcrumb","itemListElement":[{"@type":"ListItem","position":1,"name":"Home","item":"https:\/\/elektrotec.com.br\/loja\/"},{"@type":"ListItem","position":2,"name":"Ofertas do dia \u26a1","item":"https:\/\/elektrotec.com.br\/loja\/loja\/"},{"@type":"ListItem","position":3,"name":"Impressora Epson Multifuncional Tanque de Tinta Ecotank L6270, Colorida, Duplex, Ethernet Wi-Fi, Conex\u00e3o USB, Bivolt, Preto"}]},{"@type":"WebSite","@id":"https:\/\/elektrotec.com.br\/loja\/#website","url":"https:\/\/elektrotec.com.br\/loja\/","name":"Elektrotec Store","description":"Solu\u00e7\u00f5es em Energia e Automa\u00e7\u00e3o Industrial","publisher":{"@id":"https:\/\/elektrotec.com.br\/loja\/#organization"},"potentialAction":[{"@type":"SearchAction","target":{"@type":"EntryPoint","urlTemplate":"https:\/\/elektrotec.com.br\/loja\/?s={search_term_string}"},"query-input":{"@type":"PropertyValueSpecification","valueRequired":true,"valueName":"search_term_string"}}],"inLanguage":"pt-BR"},{"@type":"Organization","@id":"https:\/\/elektrotec.com.br\/loja\/#organization","name":"Elektrotec","url":"https:\/\/elektrotec.com.br\/loja\/","logo":{"@type":"ImageObject","inLanguage":"pt-BR","@id":"https:\/\/elektrotec.com.br\/loja\/#\/schema\/logo\/image\/","url":"https:\/\/i0.wp.com\/elektrotec.com.br\/loja\/wp-content\/uploads\/2025\/05\/Logo-site-Elektrotec-Energy-1.webp?fit=270%2C70&ssl=1","contentUrl":"https:\/\/i0.wp.com\/elektrotec.com.br\/loja\/wp-content\/uploads\/2025\/05\/Logo-site-Elektrotec-Energy-1.webp?fit=270%2C70&ssl=1","width":270,"height":70,"caption":"Elektrotec"},"image":{"@id":"https:\/\/elektrotec.com.br\/loja\/#\/schema\/logo\/image\/"}}]}},"jetpack_sharing_enabled":true,"brands":[],"_links":{"self":[{"href":"https:\/\/elektrotec.com.br\/loja\/wp-json\/wp\/v2\/product\/4361","targetHints":{"allow":["GET"]}}],"collection":[{"href":"https:\/\/elektrotec.com.br\/loja\/wp-json\/wp\/v2\/product"}],"about":[{"href":"https:\/\/elektrotec.com.br\/loja\/wp-json\/wp\/v2\/types\/product"}],"replies":[{"embeddable":true,"href":"https:\/\/elektrotec.com.br\/loja\/wp-json\/wp\/v2\/comments?post=4361"}],"wp:featuredmedia":[{"embeddable":true,"href":"https:\/\/elektrotec.com.br\/loja\/wp-json\/wp\/v2\/media\/4372"}],"wp:attachment":[{"href":"https:\/\/elektrotec.com.br\/loja\/wp-json\/wp\/v2\/media?parent=4361"}],"wp:term":[{"taxonomy":"pwb-brand","embeddable":true,"href":"https:\/\/elektrotec.com.br\/loja\/wp-json\/wp\/v2\/pwb-brand?post=4361"},{"taxonomy":"product_brand","embeddable":true,"href":"https:\/\/elektrotec.com.br\/loja\/wp-json\/wp\/v2\/product_brand?post=4361"},{"taxonomy":"product_cat","embeddable":true,"href":"https:\/\/elektrotec.com.br\/loja\/wp-json\/wp\/v2\/product_cat?post=4361"},{"taxonomy":"product_tag","embeddable":true,"href":"https:\/\/elektrotec.com.br\/loja\/wp-json\/wp\/v2\/product_tag?post=4361"}],"curies":[{"name":"wp","href":"https:\/\/api.w.org\/{rel}","templated":true}]}}