{"id":436,"date":"2025-02-14T10:58:48","date_gmt":"2025-02-14T13:58:48","guid":{"rendered":"http:\/\/dummy.xtemos.com\/woodmart2\/mega-electronics\/?post_type=product&#038;p=436"},"modified":"2025-02-25T18:31:53","modified_gmt":"2025-02-25T21:31:53","slug":"smart-tv-samsung-ls32betblggxzd-business-be32t-b-hd-32-preto-bivolt","status":"publish","type":"product","link":"https:\/\/elektrotec.com.br\/loja\/produto\/smart-tv-samsung-ls32betblggxzd-business-be32t-b-hd-32-preto-bivolt\/","title":{"rendered":"Smart TV Samsung LS32BETBLGGXZD Business BE32T-B HD 32&#8221; &#8211; Preto, bivolt"},"content":{"rendered":"<div class=\"wpb-content-wrapper\"><p>[vc_row css=&#8221;.vc_custom_1739571715804{margin-bottom: 20px !important;}&#8221; woodmart_css_id=&#8221;67afc1ec3be2f&#8221; responsive_spacing=&#8221;eyJwYXJhbV90eXBlIjoid29vZG1hcnRfcmVzcG9uc2l2ZV9zcGFjaW5nIiwic2VsZWN0b3JfaWQiOiI2N2FmYzFlYzNiZTJmIiwic2hvcnRjb2RlIjoidmNfcm93IiwiZGF0YSI6eyJ0YWJsZXQiOnsibWFyZ2luLWJvdHRvbSI6IjYwcHgifSwibW9iaWxlIjp7Im1hcmdpbi1ib3R0b20iOiI0MHB4In19fQ==&#8221; mobile_bg_img_hidden=&#8221;no&#8221; tablet_bg_img_hidden=&#8221;no&#8221; woodmart_parallax=&#8221;0&#8243; woodmart_gradient_switch=&#8221;no&#8221; woodmart_box_shadow=&#8221;no&#8221; wd_z_index=&#8221;no&#8221; woodmart_disable_overflow=&#8221;0&#8243; row_reverse_mobile=&#8221;0&#8243; row_reverse_tablet=&#8221;0&#8243; el_id=&#8221;codigo-LS32BETBLGGXZD&#8221;][vc_column css=&#8221;.vc_custom_1666272391679{padding-top: 0px !important;}&#8221; woodmart_css_id=&#8221;63514c8260958&#8243; parallax_scroll=&#8221;no&#8221; woodmart_sticky_column=&#8221;false&#8221; wd_collapsible_content_switcher=&#8221;no&#8221; wd_column_role_offcanvas_desktop=&#8221;no&#8221; wd_column_role_offcanvas_tablet=&#8221;no&#8221; wd_column_role_offcanvas_mobile=&#8221;no&#8221; wd_column_role_content_desktop=&#8221;no&#8221; wd_column_role_content_tablet=&#8221;no&#8221; wd_column_role_content_mobile=&#8221;no&#8221; mobile_bg_img_hidden=&#8221;no&#8221; tablet_bg_img_hidden=&#8221;no&#8221; woodmart_parallax=&#8221;0&#8243; woodmart_box_shadow=&#8221;no&#8221; responsive_spacing=&#8221;eyJwYXJhbV90eXBlIjoid29vZG1hcnRfcmVzcG9uc2l2ZV9zcGFjaW5nIiwic2VsZWN0b3JfaWQiOiI2MzUxNGM4MjYwOTU4Iiwic2hvcnRjb2RlIjoidmNfY29sdW1uIiwiZGF0YSI6eyJ0YWJsZXQiOnt9LCJtb2JpbGUiOnt9fX0=&#8221; mobile_reset_margin=&#8221;no&#8221; tablet_reset_margin=&#8221;no&#8221; wd_z_index=&#8221;no&#8221;]\t\t<div id=\"wd-67afc988809b2\" class=\"wd-text-block wd-wpb reset-last-child wd-rs-67afc988809b2 text-left vc_custom_1739573663584\">\n\t\t\t<p><strong><span class=\"sc-iGgWBj pLDvH\" data-testid=\"product-detail-title\">Smart TV Samsung Business HD 32&#8221; &#8211; LH32BETBLGGXZD F030<\/span><\/strong><\/p>\n<div class=\"sc-gsFSXq iGppzn sc-cyJUJa jcMbIy\" data-testid=\"product-detail-description\">\n<div class=\"sc-gsFSXq RtwUi sc-eHKzgQ hoibsp\" data-testid=\"rich-content-container\">Se voc\u00ea procura uma TV para assistir filmes, s\u00e9ries, novelas e at\u00e9 mesmo jogar seus games favoritos, a Smart TV LH32BETBLGGXZD da Samsung \u00e9 o modelo ideal para a sua casa! Al\u00e9m de ser uma TV Smart com resolu\u00e7\u00e3o HD, ela conta com tecnologia LED e painel IPS, que \u00e9 excelentes pra evitar o reflexo da luz do sol. Com ele as cores continuam bem vivas e brilhantes mesmo com muita ilumina\u00e7\u00e3o! Com 32&#8243; ela cabe perfeitamente em estantes, pain\u00e9is e at\u00e9 mesmo suportes de parede, que s\u00e3o \u00f3timos para quem tem pouco espa\u00e7o no ambiente. Seu sistema operacional \u00e9 o Tizen, exclusivo da Samsung e ela conta tamb\u00e9m com conectividade Wi-Fi, para que voc\u00ea n\u00e3o fique preocupado com cabos na hora de acessar seus conte\u00fados favoritos. Ah, e para facilitar ainda mais o seu uso, ela conta com 3 conex\u00f5es HDMI e 2 USB, permitindo que voc\u00ea conecte notebooks, pen drives e o que mais for preciso!<\/div>\n<div data-testid=\"rich-content-container\"><\/div>\n<div data-testid=\"rich-content-container\">\n<p>A Smart TV Monitor Samsung de 32 oferece uma experi\u00eancia de entretenimento completa e inteligente, combinando a funcionalidade de uma TV com as caracter\u00edsticas de um monitor. Com tecnologia avan\u00e7ada e conectividade vers\u00e1til, esta TV monitor \u00e9 ideal para uso em diversos ambientes, proporcionando conveni\u00eancia e qualidade de imagem.<\/p>\n<p>\u00c9 a escolha ideal para quem busca uma experi\u00eancia de entretenimento inteligente e vers\u00e1til. Com sua resolu\u00e7\u00e3o HD, plataforma Tizen integrada, compatibilidade com HDR, conectividade Wi-Fi e Bluetooth, este TV monitor oferece tudo o que voc\u00ea precisa para desfrutar de horas de entretenimento de alta qualidade em casa.<\/p>\n<\/div>\n<\/div>\n\t\t<\/div>\n\t\t[\/vc_column][\/vc_row][vc_row][vc_column][vc_separator border_width=&#8221;3&#8243; css=&#8221;.vc_custom_1739571733797{margin-top: 50px !important;margin-bottom: 50px !important;}&#8221; wd_hide_on_desktop=&#8221;no&#8221; wd_hide_on_tablet=&#8221;no&#8221; wd_hide_on_mobile=&#8221;no&#8221;][\/vc_column][\/vc_row][vc_row woodmart_css_id=&#8221;6351519a61682&#8243; responsive_spacing=&#8221;eyJwYXJhbV90eXBlIjoid29vZG1hcnRfcmVzcG9uc2l2ZV9zcGFjaW5nIiwic2VsZWN0b3JfaWQiOiI2MzUxNTE5YTYxNjgyIiwic2hvcnRjb2RlIjoidmNfcm93IiwiZGF0YSI6eyJ0YWJsZXQiOnt9LCJtb2JpbGUiOnt9fX0=&#8221; mobile_bg_img_hidden=&#8221;no&#8221; tablet_bg_img_hidden=&#8221;no&#8221; woodmart_parallax=&#8221;0&#8243; woodmart_gradient_switch=&#8221;no&#8221; woodmart_box_shadow=&#8221;no&#8221; wd_z_index=&#8221;no&#8221; woodmart_disable_overflow=&#8221;0&#8243; row_reverse_mobile=&#8221;0&#8243; row_reverse_tablet=&#8221;0&#8243;][vc_column]\n\t\t<div id=\"wd-67afc224385b1\" class=\"title-wrapper wd-wpb wd-set-mb reset-last-child  wd-rs-67afc224385b1 wd-title-color-default wd-title-style-default text-left vc_custom_1739571758349 wd-underline-colored\">\n\t\t\t\n\t\t\t<div class=\"liner-continer\">\n\t\t\t\t<h4 class=\"woodmart-title-container title  wd-font-weight- wd-fontsize-m\" >\ud83d\udccc Especifica\u00e7\u00f5es T\u00e9cnicas:<\/h4>\n\t\t\t\t\t\t\t<\/div>\n\t\t\t\n\t\t\t\n\t\t\t\n\t\t<\/div>\n\t\t\n\t\t\t\t<div id=\"wd-67afc9ab3310d\" class=\"wd-text-block wd-wpb reset-last-child wd-rs-67afc9ab3310d text-left vc_custom_1739573963325\">\n\t\t\t<ul>\n<li>Marca: Samsung<\/li>\n<li>Modelo: LS32BETBLGGXZD<\/li>\n<li>Tela: 32 Polegadas<\/li>\n<li>Curvatura da tela: Flat<\/li>\n<li>Propor\u00e7\u00e3o de Tela: 16:9<\/li>\n<li>Contraste Din\u00e2mico: Mega Contrast<\/li>\n<li>HDR (High Dynamic Range): Sim<\/li>\n<li>Resolu\u00e7\u00e3o: HD (1,366 x 768)<\/li>\n<li>Tempo de Resposta: 8ms<\/li>\n<li>\u00c2ngulo de Vis\u00e3o (Horizontal \/ Vertical): 178\/178<\/li>\n<li>Suporte de Cores: Max 16.7M<\/li>\n<li>Taxa de Atualiza\u00e7\u00e3o: Max 60Hz<\/li>\n<li>Game Mode: Sim<\/li>\n<li>HDMI-CEC: Sim<\/li>\n<li>Tipo Smart: Smart<\/li>\n<li>Sistema Operacional: Tizen<\/li>\n<li>Alexa Built-in: Alexa<\/li>\n<li>SmartThings Hub: Sim<\/li>\n<li>HDMI 2.1: 2 EA<\/li>\n<li>HDMI Version: 1.4<\/li>\n<li>HDCP Version (HDMI): 2.2<\/li>\n<li>USB Ports: 1<\/li>\n<li>Ethernet (LAN): 1 EA<\/li>\n<li>Wi Fi: Sim (Wifi4)<\/li>\n<li>Speaker: Sim<\/li>\n<li>Speaker Output: 5W+5W<\/li>\n<li>Temperatura: 10\u00baC &#8211; 40\u00baC<\/li>\n<li>Umidade: 10 por cento &#8211; 80 por cento, non-condensing<\/li>\n<li>Color Mode: Dynamic\/Standard\/Natural\/Movie<\/li>\n<li>Tipo de suporte: SIMPLE<\/li>\n<li>Wall Mount &#8211; VESA (mm): 100&#215;100<\/li>\n<li>Alimenta\u00e7\u00e3o de Energia: AC 100-240V<\/li>\n<li>Consumo de Energia (M\u00e1ximo): 48 W<\/li>\n<li>Tipo: External Adaptor<\/li>\n<li>Power Cable Length: 1.5 m<\/li>\n<li>Controle remoto: Sim<\/li>\n<li>Anatel: 00530-20-02217<\/li>\n<\/ul>\n<h4>Dimens\u00f5es do Produto com Base:<\/h4>\n<ul>\n<li>Altura: 46,54 cm<\/li>\n<li>Largura: 73,74 cm<\/li>\n<li>Profundidade: 15,05 cm<\/li>\n<li>Peso: 3,70 kg<\/li>\n<\/ul>\n<h4>Dimens\u00f5es do Produto sem Base:<\/h4>\n<ul>\n<li>Altura: 43,8 cm<\/li>\n<li>Largura: 73,74 cm<\/li>\n<li>Profundidade: 7,41 cm<\/li>\n<li>Peso: 4 kg<\/li>\n<\/ul>\n<h4>Garantia:<\/h4>\n<ul>\n<li>Garantia do Fabricante: 12 meses<\/li>\n<\/ul>\n\t\t<\/div>\n\t\t[\/vc_column][\/vc_row]<\/p>\n<\/div>","protected":false},"excerpt":{"rendered":"<p><strong>C\u00f3digo:<\/strong> <span style=\"color: #2a2a2a;\"><strong>LS32BETBLGGXZD<\/strong><\/span>\u00a0 \u00a0|\u00a0 \u00a0<strong>Mais produtos: <a href=\"https:\/\/elektrotec.com.br\/loja\/loja\/?filter_marcas=samsung\">Samsung<\/a><\/strong>\u00a0 \u00a0|\u00a0 \u00a0<a href=\"https:\/\/elektrotec.com.br\/loja\/produto\/smart-tv-samsung-ls32betblggxzd-business-be32t-b-hd-32-preto-bivolt\/#codigo-LS32BETBLGGXZD\"><strong>Descri\u00e7\u00e3o do produto<\/strong><\/a><\/p>\n","protected":false},"featured_media":4348,"comment_status":"open","ping_status":"closed","template":"","meta":{"pagelayer_contact_templates":[],"_pagelayer_content":"","_mbp_gutenberg_autopost":false},"pwb-brand":[],"product_brand":[],"product_cat":[103,104,69,74,72,25,30],"product_tag":[],"class_list":{"0":"post-436","1":"product","2":"type-product","3":"status-publish","4":"has-post-thumbnail","6":"product_cat-destaques","7":"product_cat-eletronicos","8":"product_cat-monitor","9":"product_cat-smart-tv","10":"product_cat-smart-tv-e-tvs","11":"product_cat-tecnologia-e-informatica","12":"product_cat-tvs-videos","13":"product_shipping_class-logistica-quioske","15":"first","16":"instock","17":"shipping-taxable","18":"purchasable","19":"product-type-simple"},"yoast_head":"<!-- This site is optimized with the Yoast SEO plugin v27.2 - https:\/\/yoast.com\/product\/yoast-seo-wordpress\/ -->\n<title>Smart TV Samsung LS32BETBLGGXZD Business BE32T-B HD 32&#039;&#039; - Preto, bivolt | Elektrotec Store<\/title>\n<meta name=\"description\" content=\"Smart TV Monitor Samsung oferece uma experi\u00eancia de entretenimento completa, combinando a funcionalidade de uma TV com as caracter\u00edsticas de um monitor.\" \/>\n<meta name=\"robots\" content=\"index, follow, max-snippet:-1, max-image-preview:large, max-video-preview:-1\" \/>\n<link rel=\"canonical\" href=\"https:\/\/elektrotec.com.br\/loja\/produto\/smart-tv-samsung-ls32betblggxzd-business-be32t-b-hd-32-preto-bivolt\/\" \/>\n<meta property=\"og:locale\" content=\"pt_BR\" \/>\n<meta property=\"og:type\" content=\"article\" \/>\n<meta property=\"og:title\" content=\"Smart TV Samsung LS32BETBLGGXZD Business BE32T-B HD 32&#039;&#039; - Preto, bivolt | Elektrotec Store\" \/>\n<meta property=\"og:description\" content=\"Smart TV Monitor Samsung oferece uma experi\u00eancia de entretenimento completa, combinando a funcionalidade de uma TV com as caracter\u00edsticas de um monitor.\" \/>\n<meta property=\"og:url\" content=\"https:\/\/elektrotec.com.br\/loja\/produto\/smart-tv-samsung-ls32betblggxzd-business-be32t-b-hd-32-preto-bivolt\/\" \/>\n<meta property=\"og:site_name\" content=\"Elektrotec Store\" \/>\n<meta property=\"article:modified_time\" content=\"2025-02-25T21:31:53+00:00\" \/>\n<meta property=\"og:image\" content=\"https:\/\/elektrotec.com.br\/loja\/wp-content\/uploads\/2022\/12\/LS32BETBLGGXZD-Smart-TV-Samsung-Business-BE32T-B-HD-32.jpg\" \/>\n\t<meta property=\"og:image:width\" content=\"700\" \/>\n\t<meta property=\"og:image:height\" content=\"800\" \/>\n\t<meta property=\"og:image:type\" content=\"image\/jpeg\" \/>\n<meta name=\"twitter:card\" content=\"summary_large_image\" \/>\n<meta name=\"twitter:label1\" content=\"Est. tempo de leitura\" \/>\n\t<meta name=\"twitter:data1\" content=\"4 minutos\" \/>\n<script type=\"application\/ld+json\" class=\"yoast-schema-graph\">{\"@context\":\"https:\/\/schema.org\",\"@graph\":[{\"@type\":\"WebPage\",\"@id\":\"https:\/\/elektrotec.com.br\/loja\/produto\/smart-tv-samsung-ls32betblggxzd-business-be32t-b-hd-32-preto-bivolt\/\",\"url\":\"https:\/\/elektrotec.com.br\/loja\/produto\/smart-tv-samsung-ls32betblggxzd-business-be32t-b-hd-32-preto-bivolt\/\",\"name\":\"Smart TV Samsung LS32BETBLGGXZD Business BE32T-B HD 32'' - Preto, bivolt | Elektrotec Store\",\"isPartOf\":{\"@id\":\"https:\/\/elektrotec.com.br\/loja\/#website\"},\"primaryImageOfPage\":{\"@id\":\"https:\/\/elektrotec.com.br\/loja\/produto\/smart-tv-samsung-ls32betblggxzd-business-be32t-b-hd-32-preto-bivolt\/#primaryimage\"},\"image\":{\"@id\":\"https:\/\/elektrotec.com.br\/loja\/produto\/smart-tv-samsung-ls32betblggxzd-business-be32t-b-hd-32-preto-bivolt\/#primaryimage\"},\"thumbnailUrl\":\"https:\/\/i0.wp.com\/elektrotec.com.br\/loja\/wp-content\/uploads\/2022\/12\/LS32BETBLGGXZD-Smart-TV-Samsung-Business-BE32T-B-HD-32.jpg?fit=700%2C800&ssl=1\",\"datePublished\":\"2025-02-14T13:58:48+00:00\",\"dateModified\":\"2025-02-25T21:31:53+00:00\",\"description\":\"Smart TV Monitor Samsung oferece uma experi\u00eancia de entretenimento completa, combinando a funcionalidade de uma TV com as caracter\u00edsticas de um monitor.\",\"breadcrumb\":{\"@id\":\"https:\/\/elektrotec.com.br\/loja\/produto\/smart-tv-samsung-ls32betblggxzd-business-be32t-b-hd-32-preto-bivolt\/#breadcrumb\"},\"inLanguage\":\"pt-BR\",\"potentialAction\":[{\"@type\":\"ReadAction\",\"target\":[\"https:\/\/elektrotec.com.br\/loja\/produto\/smart-tv-samsung-ls32betblggxzd-business-be32t-b-hd-32-preto-bivolt\/\"]}]},{\"@type\":\"ImageObject\",\"inLanguage\":\"pt-BR\",\"@id\":\"https:\/\/elektrotec.com.br\/loja\/produto\/smart-tv-samsung-ls32betblggxzd-business-be32t-b-hd-32-preto-bivolt\/#primaryimage\",\"url\":\"https:\/\/i0.wp.com\/elektrotec.com.br\/loja\/wp-content\/uploads\/2022\/12\/LS32BETBLGGXZD-Smart-TV-Samsung-Business-BE32T-B-HD-32.jpg?fit=700%2C800&ssl=1\",\"contentUrl\":\"https:\/\/i0.wp.com\/elektrotec.com.br\/loja\/wp-content\/uploads\/2022\/12\/LS32BETBLGGXZD-Smart-TV-Samsung-Business-BE32T-B-HD-32.jpg?fit=700%2C800&ssl=1\",\"width\":700,\"height\":800},{\"@type\":\"BreadcrumbList\",\"@id\":\"https:\/\/elektrotec.com.br\/loja\/produto\/smart-tv-samsung-ls32betblggxzd-business-be32t-b-hd-32-preto-bivolt\/#breadcrumb\",\"itemListElement\":[{\"@type\":\"ListItem\",\"position\":1,\"name\":\"Home\",\"item\":\"https:\/\/elektrotec.com.br\/loja\/\"},{\"@type\":\"ListItem\",\"position\":2,\"name\":\"Ofertas do dia \u26a1\",\"item\":\"https:\/\/elektrotec.com.br\/loja\/loja\/\"},{\"@type\":\"ListItem\",\"position\":3,\"name\":\"Smart TV Samsung LS32BETBLGGXZD Business BE32T-B HD 32&#8221; &#8211; Preto, bivolt\"}]},{\"@type\":\"WebSite\",\"@id\":\"https:\/\/elektrotec.com.br\/loja\/#website\",\"url\":\"https:\/\/elektrotec.com.br\/loja\/\",\"name\":\"Elektrotec Store\",\"description\":\"Solu\u00e7\u00f5es em Energia e Automa\u00e7\u00e3o Industrial\",\"publisher\":{\"@id\":\"https:\/\/elektrotec.com.br\/loja\/#organization\"},\"potentialAction\":[{\"@type\":\"SearchAction\",\"target\":{\"@type\":\"EntryPoint\",\"urlTemplate\":\"https:\/\/elektrotec.com.br\/loja\/?s={search_term_string}\"},\"query-input\":{\"@type\":\"PropertyValueSpecification\",\"valueRequired\":true,\"valueName\":\"search_term_string\"}}],\"inLanguage\":\"pt-BR\"},{\"@type\":\"Organization\",\"@id\":\"https:\/\/elektrotec.com.br\/loja\/#organization\",\"name\":\"Elektrotec\",\"url\":\"https:\/\/elektrotec.com.br\/loja\/\",\"logo\":{\"@type\":\"ImageObject\",\"inLanguage\":\"pt-BR\",\"@id\":\"https:\/\/elektrotec.com.br\/loja\/#\/schema\/logo\/image\/\",\"url\":\"https:\/\/i0.wp.com\/elektrotec.com.br\/loja\/wp-content\/uploads\/2025\/05\/Logo-site-Elektrotec-Energy-1.webp?fit=270%2C70&ssl=1\",\"contentUrl\":\"https:\/\/i0.wp.com\/elektrotec.com.br\/loja\/wp-content\/uploads\/2025\/05\/Logo-site-Elektrotec-Energy-1.webp?fit=270%2C70&ssl=1\",\"width\":270,\"height\":70,\"caption\":\"Elektrotec\"},\"image\":{\"@id\":\"https:\/\/elektrotec.com.br\/loja\/#\/schema\/logo\/image\/\"}}]}<\/script>\n<!-- \/ Yoast SEO plugin. -->","yoast_head_json":{"title":"Smart TV Samsung LS32BETBLGGXZD Business BE32T-B HD 32'' - Preto, bivolt | Elektrotec Store","description":"Smart TV Monitor Samsung oferece uma experi\u00eancia de entretenimento completa, combinando a funcionalidade de uma TV com as caracter\u00edsticas de um monitor.","robots":{"index":"index","follow":"follow","max-snippet":"max-snippet:-1","max-image-preview":"max-image-preview:large","max-video-preview":"max-video-preview:-1"},"canonical":"https:\/\/elektrotec.com.br\/loja\/produto\/smart-tv-samsung-ls32betblggxzd-business-be32t-b-hd-32-preto-bivolt\/","og_locale":"pt_BR","og_type":"article","og_title":"Smart TV Samsung LS32BETBLGGXZD Business BE32T-B HD 32'' - Preto, bivolt | Elektrotec Store","og_description":"Smart TV Monitor Samsung oferece uma experi\u00eancia de entretenimento completa, combinando a funcionalidade de uma TV com as caracter\u00edsticas de um monitor.","og_url":"https:\/\/elektrotec.com.br\/loja\/produto\/smart-tv-samsung-ls32betblggxzd-business-be32t-b-hd-32-preto-bivolt\/","og_site_name":"Elektrotec Store","article_modified_time":"2025-02-25T21:31:53+00:00","og_image":[{"width":700,"height":800,"url":"https:\/\/elektrotec.com.br\/loja\/wp-content\/uploads\/2022\/12\/LS32BETBLGGXZD-Smart-TV-Samsung-Business-BE32T-B-HD-32.jpg","type":"image\/jpeg"}],"twitter_card":"summary_large_image","twitter_misc":{"Est. tempo de leitura":"4 minutos"},"schema":{"@context":"https:\/\/schema.org","@graph":[{"@type":"WebPage","@id":"https:\/\/elektrotec.com.br\/loja\/produto\/smart-tv-samsung-ls32betblggxzd-business-be32t-b-hd-32-preto-bivolt\/","url":"https:\/\/elektrotec.com.br\/loja\/produto\/smart-tv-samsung-ls32betblggxzd-business-be32t-b-hd-32-preto-bivolt\/","name":"Smart TV Samsung LS32BETBLGGXZD Business BE32T-B HD 32'' - Preto, bivolt | Elektrotec Store","isPartOf":{"@id":"https:\/\/elektrotec.com.br\/loja\/#website"},"primaryImageOfPage":{"@id":"https:\/\/elektrotec.com.br\/loja\/produto\/smart-tv-samsung-ls32betblggxzd-business-be32t-b-hd-32-preto-bivolt\/#primaryimage"},"image":{"@id":"https:\/\/elektrotec.com.br\/loja\/produto\/smart-tv-samsung-ls32betblggxzd-business-be32t-b-hd-32-preto-bivolt\/#primaryimage"},"thumbnailUrl":"https:\/\/i0.wp.com\/elektrotec.com.br\/loja\/wp-content\/uploads\/2022\/12\/LS32BETBLGGXZD-Smart-TV-Samsung-Business-BE32T-B-HD-32.jpg?fit=700%2C800&ssl=1","datePublished":"2025-02-14T13:58:48+00:00","dateModified":"2025-02-25T21:31:53+00:00","description":"Smart TV Monitor Samsung oferece uma experi\u00eancia de entretenimento completa, combinando a funcionalidade de uma TV com as caracter\u00edsticas de um monitor.","breadcrumb":{"@id":"https:\/\/elektrotec.com.br\/loja\/produto\/smart-tv-samsung-ls32betblggxzd-business-be32t-b-hd-32-preto-bivolt\/#breadcrumb"},"inLanguage":"pt-BR","potentialAction":[{"@type":"ReadAction","target":["https:\/\/elektrotec.com.br\/loja\/produto\/smart-tv-samsung-ls32betblggxzd-business-be32t-b-hd-32-preto-bivolt\/"]}]},{"@type":"ImageObject","inLanguage":"pt-BR","@id":"https:\/\/elektrotec.com.br\/loja\/produto\/smart-tv-samsung-ls32betblggxzd-business-be32t-b-hd-32-preto-bivolt\/#primaryimage","url":"https:\/\/i0.wp.com\/elektrotec.com.br\/loja\/wp-content\/uploads\/2022\/12\/LS32BETBLGGXZD-Smart-TV-Samsung-Business-BE32T-B-HD-32.jpg?fit=700%2C800&ssl=1","contentUrl":"https:\/\/i0.wp.com\/elektrotec.com.br\/loja\/wp-content\/uploads\/2022\/12\/LS32BETBLGGXZD-Smart-TV-Samsung-Business-BE32T-B-HD-32.jpg?fit=700%2C800&ssl=1","width":700,"height":800},{"@type":"BreadcrumbList","@id":"https:\/\/elektrotec.com.br\/loja\/produto\/smart-tv-samsung-ls32betblggxzd-business-be32t-b-hd-32-preto-bivolt\/#breadcrumb","itemListElement":[{"@type":"ListItem","position":1,"name":"Home","item":"https:\/\/elektrotec.com.br\/loja\/"},{"@type":"ListItem","position":2,"name":"Ofertas do dia \u26a1","item":"https:\/\/elektrotec.com.br\/loja\/loja\/"},{"@type":"ListItem","position":3,"name":"Smart TV Samsung LS32BETBLGGXZD Business BE32T-B HD 32&#8221; &#8211; Preto, bivolt"}]},{"@type":"WebSite","@id":"https:\/\/elektrotec.com.br\/loja\/#website","url":"https:\/\/elektrotec.com.br\/loja\/","name":"Elektrotec Store","description":"Solu\u00e7\u00f5es em Energia e Automa\u00e7\u00e3o Industrial","publisher":{"@id":"https:\/\/elektrotec.com.br\/loja\/#organization"},"potentialAction":[{"@type":"SearchAction","target":{"@type":"EntryPoint","urlTemplate":"https:\/\/elektrotec.com.br\/loja\/?s={search_term_string}"},"query-input":{"@type":"PropertyValueSpecification","valueRequired":true,"valueName":"search_term_string"}}],"inLanguage":"pt-BR"},{"@type":"Organization","@id":"https:\/\/elektrotec.com.br\/loja\/#organization","name":"Elektrotec","url":"https:\/\/elektrotec.com.br\/loja\/","logo":{"@type":"ImageObject","inLanguage":"pt-BR","@id":"https:\/\/elektrotec.com.br\/loja\/#\/schema\/logo\/image\/","url":"https:\/\/i0.wp.com\/elektrotec.com.br\/loja\/wp-content\/uploads\/2025\/05\/Logo-site-Elektrotec-Energy-1.webp?fit=270%2C70&ssl=1","contentUrl":"https:\/\/i0.wp.com\/elektrotec.com.br\/loja\/wp-content\/uploads\/2025\/05\/Logo-site-Elektrotec-Energy-1.webp?fit=270%2C70&ssl=1","width":270,"height":70,"caption":"Elektrotec"},"image":{"@id":"https:\/\/elektrotec.com.br\/loja\/#\/schema\/logo\/image\/"}}]}},"jetpack_sharing_enabled":true,"brands":[],"_links":{"self":[{"href":"https:\/\/elektrotec.com.br\/loja\/wp-json\/wp\/v2\/product\/436","targetHints":{"allow":["GET"]}}],"collection":[{"href":"https:\/\/elektrotec.com.br\/loja\/wp-json\/wp\/v2\/product"}],"about":[{"href":"https:\/\/elektrotec.com.br\/loja\/wp-json\/wp\/v2\/types\/product"}],"replies":[{"embeddable":true,"href":"https:\/\/elektrotec.com.br\/loja\/wp-json\/wp\/v2\/comments?post=436"}],"wp:featuredmedia":[{"embeddable":true,"href":"https:\/\/elektrotec.com.br\/loja\/wp-json\/wp\/v2\/media\/4348"}],"wp:attachment":[{"href":"https:\/\/elektrotec.com.br\/loja\/wp-json\/wp\/v2\/media?parent=436"}],"wp:term":[{"taxonomy":"pwb-brand","embeddable":true,"href":"https:\/\/elektrotec.com.br\/loja\/wp-json\/wp\/v2\/pwb-brand?post=436"},{"taxonomy":"product_brand","embeddable":true,"href":"https:\/\/elektrotec.com.br\/loja\/wp-json\/wp\/v2\/product_brand?post=436"},{"taxonomy":"product_cat","embeddable":true,"href":"https:\/\/elektrotec.com.br\/loja\/wp-json\/wp\/v2\/product_cat?post=436"},{"taxonomy":"product_tag","embeddable":true,"href":"https:\/\/elektrotec.com.br\/loja\/wp-json\/wp\/v2\/product_tag?post=436"}],"curies":[{"name":"wp","href":"https:\/\/api.w.org\/{rel}","templated":true}]}}