{"id":4302,"date":"2025-10-29T13:00:13","date_gmt":"2025-10-29T16:00:13","guid":{"rendered":"https:\/\/quioske.com.br\/?post_type=product&#038;p=4302"},"modified":"2025-10-29T21:19:51","modified_gmt":"2025-10-30T00:19:51","slug":"monitor-gamer-samsung-odyssey-g3-27-full-hd-180hz-displayport-e-hdmi-ajuste-de-altura-preto-ls27dg300elxzd","status":"publish","type":"product","link":"https:\/\/elektrotec.com.br\/loja\/produto\/monitor-gamer-samsung-odyssey-g3-27-full-hd-180hz-displayport-e-hdmi-ajuste-de-altura-preto-ls27dg300elxzd\/","title":{"rendered":"Monitor Gamer Samsung Odyssey G3, 27&#8243; Full HD, 180Hz, DisplayPort e HDMI, Ajuste de Altura, Preto &#8211; LS27DG300ELXZD"},"content":{"rendered":"<div class=\"wpb-content-wrapper\"><p>[vc_row css=&#8221;.vc_custom_1739410774466{margin-bottom: 20px !important;}&#8221; woodmart_css_id=&#8221;67ad4d6a00f27&#8243; responsive_spacing=&#8221;eyJwYXJhbV90eXBlIjoid29vZG1hcnRfcmVzcG9uc2l2ZV9zcGFjaW5nIiwic2VsZWN0b3JfaWQiOiI2N2FkNGQ2YTAwZjI3Iiwic2hvcnRjb2RlIjoidmNfcm93IiwiZGF0YSI6eyJ0YWJsZXQiOnsibWFyZ2luLWJvdHRvbSI6IjYwcHgifSwibW9iaWxlIjp7Im1hcmdpbi1ib3R0b20iOiI0MHB4In19fQ==&#8221; mobile_bg_img_hidden=&#8221;no&#8221; tablet_bg_img_hidden=&#8221;no&#8221; woodmart_parallax=&#8221;0&#8243; woodmart_gradient_switch=&#8221;no&#8221; woodmart_box_shadow=&#8221;no&#8221; wd_z_index=&#8221;no&#8221; woodmart_disable_overflow=&#8221;0&#8243; row_reverse_mobile=&#8221;0&#8243; row_reverse_tablet=&#8221;0&#8243; el_id=&#8221;codigo-77735&#8243;][vc_column css=&#8221;.vc_custom_1666272391679{padding-top: 0px !important;}&#8221; woodmart_css_id=&#8221;63514c8260958&#8243; parallax_scroll=&#8221;no&#8221; woodmart_sticky_column=&#8221;false&#8221; wd_collapsible_content_switcher=&#8221;no&#8221; wd_column_role_offcanvas_desktop=&#8221;no&#8221; wd_column_role_offcanvas_tablet=&#8221;no&#8221; wd_column_role_offcanvas_mobile=&#8221;no&#8221; wd_column_role_content_desktop=&#8221;no&#8221; wd_column_role_content_tablet=&#8221;no&#8221; wd_column_role_content_mobile=&#8221;no&#8221; mobile_bg_img_hidden=&#8221;no&#8221; tablet_bg_img_hidden=&#8221;no&#8221; woodmart_parallax=&#8221;0&#8243; woodmart_box_shadow=&#8221;no&#8221; responsive_spacing=&#8221;eyJwYXJhbV90eXBlIjoid29vZG1hcnRfcmVzcG9uc2l2ZV9zcGFjaW5nIiwic2VsZWN0b3JfaWQiOiI2MzUxNGM4MjYwOTU4Iiwic2hvcnRjb2RlIjoidmNfY29sdW1uIiwiZGF0YSI6eyJ0YWJsZXQiOnt9LCJtb2JpbGUiOnt9fX0=&#8221; mobile_reset_margin=&#8221;no&#8221; tablet_reset_margin=&#8221;no&#8221; wd_z_index=&#8221;no&#8221;]\t\t<div id=\"wd-67ad558ed6a86\" class=\"wd-text-block wd-wpb reset-last-child wd-rs-67ad558ed6a86 text-left vc_custom_1739412906234\">\n\t\t\t<p><img data-recalc-dims=\"1\" loading=\"lazy\" decoding=\"async\" class=\"aligncenter wp-image-4316\" src=\"https:\/\/i0.wp.com\/elektrotec.com.br\/loja\/wp-content\/uploads\/2025\/02\/MO9D9B1.jpg?resize=1200%2C3264&#038;ssl=1\" alt=\"\" width=\"1200\" height=\"3264\" srcset=\"https:\/\/i0.wp.com\/elektrotec.com.br\/loja\/wp-content\/uploads\/2025\/02\/MO9D9B1.jpg?resize=110%2C300&amp;ssl=1 110w, https:\/\/i0.wp.com\/elektrotec.com.br\/loja\/wp-content\/uploads\/2025\/02\/MO9D9B1.jpg?resize=376%2C1024&amp;ssl=1 376w, https:\/\/i0.wp.com\/elektrotec.com.br\/loja\/wp-content\/uploads\/2025\/02\/MO9D9B1.jpg?resize=768%2C2089&amp;ssl=1 768w, https:\/\/i0.wp.com\/elektrotec.com.br\/loja\/wp-content\/uploads\/2025\/02\/MO9D9B1.jpg?resize=565%2C1536&amp;ssl=1 565w, https:\/\/i0.wp.com\/elektrotec.com.br\/loja\/wp-content\/uploads\/2025\/02\/MO9D9B1.jpg?resize=753%2C2048&amp;ssl=1 753w, https:\/\/i0.wp.com\/elektrotec.com.br\/loja\/wp-content\/uploads\/2025\/02\/MO9D9B1.jpg?resize=150%2C408&amp;ssl=1 150w, https:\/\/i0.wp.com\/elektrotec.com.br\/loja\/wp-content\/uploads\/2025\/02\/MO9D9B1.jpg?w=919&amp;ssl=1 919w\" sizes=\"auto, (max-width: 1000px) 100vw, 1000px\" \/><\/p>\n\t\t<\/div>\n\t\t[\/vc_column][\/vc_row][vc_row][vc_column][vc_separator border_width=&#8221;3&#8243; css=&#8221;.vc_custom_1739370899484{margin-top: 50px !important;margin-bottom: 50px !important;}&#8221; wd_hide_on_desktop=&#8221;no&#8221; wd_hide_on_tablet=&#8221;no&#8221; wd_hide_on_mobile=&#8221;no&#8221;][\/vc_column][\/vc_row][vc_row woodmart_css_id=&#8221;6377819b27d07&#8243; responsive_spacing=&#8221;eyJwYXJhbV90eXBlIjoid29vZG1hcnRfcmVzcG9uc2l2ZV9zcGFjaW5nIiwic2VsZWN0b3JfaWQiOiI2Mzc3ODE5YjI3ZDA3Iiwic2hvcnRjb2RlIjoidmNfcm93IiwiZGF0YSI6eyJ0YWJsZXQiOnt9LCJtb2JpbGUiOnt9fX0=&#8221; mobile_bg_img_hidden=&#8221;no&#8221; tablet_bg_img_hidden=&#8221;no&#8221; woodmart_parallax=&#8221;0&#8243; woodmart_gradient_switch=&#8221;no&#8221; woodmart_box_shadow=&#8221;no&#8221; wd_z_index=&#8221;no&#8221; woodmart_disable_overflow=&#8221;0&#8243; row_reverse_mobile=&#8221;0&#8243; row_reverse_tablet=&#8221;0&#8243;][vc_column css=&#8221;.vc_custom_1666272699823{padding-top: 0px !important;}&#8221; woodmart_css_id=&#8221;63514db6c5d19&#8243; parallax_scroll=&#8221;no&#8221; woodmart_sticky_column=&#8221;false&#8221; wd_collapsible_content_switcher=&#8221;no&#8221; wd_column_role_offcanvas_desktop=&#8221;no&#8221; wd_column_role_offcanvas_tablet=&#8221;no&#8221; wd_column_role_offcanvas_mobile=&#8221;no&#8221; wd_column_role_content_desktop=&#8221;no&#8221; wd_column_role_content_tablet=&#8221;no&#8221; wd_column_role_content_mobile=&#8221;no&#8221; mobile_bg_img_hidden=&#8221;no&#8221; tablet_bg_img_hidden=&#8221;no&#8221; woodmart_parallax=&#8221;0&#8243; woodmart_box_shadow=&#8221;no&#8221; responsive_spacing=&#8221;eyJwYXJhbV90eXBlIjoid29vZG1hcnRfcmVzcG9uc2l2ZV9zcGFjaW5nIiwic2VsZWN0b3JfaWQiOiI2MzUxNGRiNmM1ZDE5Iiwic2hvcnRjb2RlIjoidmNfY29sdW1uIiwiZGF0YSI6eyJ0YWJsZXQiOnt9LCJtb2JpbGUiOnt9fX0=&#8221; mobile_reset_margin=&#8221;no&#8221; tablet_reset_margin=&#8221;no&#8221; wd_z_index=&#8221;no&#8221;]\n\t\t<div id=\"wd-67acb1dab8c31\" class=\"title-wrapper wd-wpb wd-set-mb reset-last-child  wd-rs-67acb1dab8c31 wd-title-color-default wd-title-style-default text-left vc_custom_1739370985734 wd-underline-colored\">\n\t\t\t\n\t\t\t<div class=\"liner-continer\">\n\t\t\t\t<h4 class=\"woodmart-title-container title  wd-font-weight- wd-fontsize-m\" >\ud83d\udccc Especifica\u00e7\u00f5es T\u00e9cnicas:<\/h4>\n\t\t\t\t\t\t\t<\/div>\n\t\t\t\n\t\t\t\n\t\t\t\n\t\t<\/div>\n\t\t\n\t\t\t\t<div id=\"wd-67ad4ed467b59\" class=\"wd-text-block wd-wpb reset-last-child wd-rs-67ad4ed467b59 text-left \">\n\t\t\t<div class=\"sc-7e0ca514-1 GiPKU\">\n<h4><strong>Caracter\u00edsticas:<\/strong><\/h4>\n<ul>\n<li>Marca: Samsung<\/li>\n<li>Modelo: Odyssey G3<\/li>\n<\/ul>\n<p>&nbsp;<\/p>\n<h4><strong>Especifica\u00e7\u00f5es:<\/strong><\/h4>\n<p>&nbsp;<\/p>\n<h4><strong>Tela:<\/strong><\/h4>\n<ul>\n<li>Grupo de telas: 27<\/li>\n<li>Curvatura da tela: Flat<\/li>\n<li>Tamanho da tela ativa (HxV) (mm): 596.736mm x 335.664mm<\/li>\n<li>Propor\u00e7\u00e3o de Tela: 16:9<\/li>\n<li>Tipo de Painel: VA<\/li>\n<li>Brilho (T\u00edpico): 250 cd\/\u33a1<\/li>\n<li>Brilho (Min): 200 cd\/\u33a1<\/li>\n<li>Contraste Est\u00e1tico: 3,000:1(Typ.)<\/li>\n<li>Contraste Din\u00e2mico: MEGA<\/li>\n<li>HDR (High Dynamic Range): HDR10<\/li>\n<li>Resolu\u00e7\u00e3o: FHD (1,920 x 1,080)<\/li>\n<li>Tempo de Resposta: 1ms(MPRT)<\/li>\n<li>\u00c2ngulo de Vis\u00e3o (Horizontal \/ Vertical): 178\u00b0(H)\/178\u00b0(V)<\/li>\n<li>Suporte de Cores: Max 16.7M<\/li>\n<li>Color Gamut (sRGB Coverage): 95%<\/li>\n<li>Taxa de Atualiza\u00e7\u00e3o: Max 180Hz<\/li>\n<\/ul>\n<p>&nbsp;<\/p>\n<h4><strong>Recursos:<\/strong><\/h4>\n<ul>\n<li>Eco Saving Plus: Sim<\/li>\n<li>Eye Saver Mode: Sim<\/li>\n<li>Flicker Free: Sim<\/li>\n<li>Certifica\u00e7\u00e3o Windows: Windows 11<\/li>\n<li>FreeSync: FreeSync<\/li>\n<li>Off Timer Plus: Sim<\/li>\n<li>Black Equalizer: Sim<\/li>\n<li>Virtual AIM Point: Sim<\/li>\n<li>Refresh Rate Optimizor: Sim<\/li>\n<li>Auto Source Switch: Auto Source Switch<\/li>\n<\/ul>\n<p>&nbsp;<\/p>\n<h4><\/h4>\n<h4><strong>Conectividade:<\/strong><\/h4>\n<ul>\n<li>Display Port: 1 EA<\/li>\n<li>Display Port Version: 1.4<\/li>\n<li>HDCP Version (DP): 1.3<\/li>\n<li>HDMI: 1 EA<\/li>\n<li>HDMI Version: 2.0<\/li>\n<li>HDCP Version (HDMI): 1.4<\/li>\n<li>Headphone: Sim<\/li>\n<li>USB Ports: No<\/li>\n<\/ul>\n<p>&nbsp;<\/p>\n<p>&nbsp;<\/p>\n<h4><strong>Condi\u00e7\u00f5es de opera\u00e7\u00e3o:<\/strong><\/h4>\n<ul>\n<li>Temperatura: 10~40 \u2103<\/li>\n<li>Umidade: 10~80, Non-condensing<\/li>\n<\/ul>\n<p>&nbsp;<\/p>\n<h4><strong>Design:<\/strong><\/h4>\n<ul>\n<li>Cor principal: Preto<\/li>\n<li>Rear Color: Preto<\/li>\n<li>Stand Color: Preto<\/li>\n<li>Tipo de suporte: HAS<\/li>\n<li>HAS (Height Adjustable Stand): 120.0 \u00b1 5.0 mm<\/li>\n<li>Tilt: -5.0\u00b0(\u00b12.0\u00b0) ~ 20.0\u00b0(\u00b12.0\u00b0)<\/li>\n<li>Swivel: -15.0\u00b0(\u00b12.0\u00b0) ~ 15.0\u00b0(\u00b12.0\u00b0)<\/li>\n<li>Pivot: -2.0\u00b0(\u00b12.0\u00b0) ~ 92.0\u00b0(\u00b12.0\u00b0)<\/li>\n<li>Wall Mount &#8211; VESA (mm): 100.0 x 100.0<\/li>\n<\/ul>\n<p>&nbsp;<\/p>\n<h4><strong>Energia:<\/strong><\/h4>\n<ul>\n<li>Fonte de Alimenta\u00e7\u00e3o: AC100~240V<\/li>\n<li>Consumo de Energia (M\u00e1ximo): 35W<\/li>\n<li>Tipo: Adaptador Externo<\/li>\n<\/ul>\n<p>&nbsp;<\/p>\n<h4><strong>Conte\u00fado da Embalagem:<\/strong><\/h4>\n<ul>\n<li>Monitor<\/li>\n<\/ul>\n<\/div>\n<h4 class=\"sc-hLBbgP gcxrmT sc-cxZDOJ kXmSoJ\" data-testid=\"rich-content-container\"><\/h4>\n<div class=\"sc-7e0ca514-2 cKkhYq\" data-testid=\"InfoGarantia\">\n<div class=\"sc-7e0ca514-4 ikipIN\">\n<h4>Garantia:<\/h4>\n<\/div>\n<ul>\n<li class=\"sc-7e0ca514-3 lnNTXx\">1 ano de garantia (3 meses de garantia legal + 9 meses de garantia contratual junto ao fabricante)<\/li>\n<\/ul>\n<\/div>\n<h4 class=\"sc-hLBbgP gcxrmT sc-cxZDOJ kXmSoJ\" data-testid=\"rich-content-container\"><\/h4>\n<div class=\"sc-7e0ca514-2 cKkhYq\" data-testid=\"InfoPeso\">\n<div class=\"sc-7e0ca514-4 ikipIN\">\n<h4>Peso:<\/h4>\n<\/div>\n<ul>\n<li class=\"sc-7e0ca514-3 lnNTXx\">11386 gramas (bruto com embalagem)<\/li>\n<\/ul>\n<\/div>\n\t\t<\/div>\n\t\t[\/vc_column][\/vc_row]<\/p>\n<\/div>","protected":false},"excerpt":{"rendered":"<p><strong>C\u00f3digo:<\/strong> <span style=\"color: #2a2a2a;\"><strong>77735<\/strong><\/span>\u00a0 \u00a0|\u00a0 \u00a0<strong>Mais produtos: <a href=\"https:\/\/elektrotec.com.br\/loja\/loja\/?filter_marcas=samsung\">Samsung<\/a><\/strong>\u00a0 |\u00a0 \u00a0<a href=\"https:\/\/elektrotec.com.br\/loja\/produto\/monitor-gamer-samsung-odyssey-g3-27-full-hd-180hz-1ms-displayport-e-hdmi-ajuste-de-altura-freesync-preto-ls27dg300elxzd\/#codigo-77735\"><strong>Descri\u00e7\u00e3o do produto<\/strong><\/a><\/p>\n","protected":false},"featured_media":4303,"comment_status":"open","ping_status":"closed","template":"","meta":{"pagelayer_contact_templates":[],"_pagelayer_content":"","_mbp_gutenberg_autopost":false},"pwb-brand":[],"product_brand":[],"product_cat":[104,29,69,75,74,72,25,30],"product_tag":[],"class_list":{"0":"post-4302","1":"product","2":"type-product","3":"status-publish","4":"has-post-thumbnail","6":"product_cat-eletronicos","7":"product_cat-games-entretenimento","8":"product_cat-monitor","9":"product_cat-monitores-gamer","10":"product_cat-smart-tv","11":"product_cat-smart-tv-e-tvs","12":"product_cat-tecnologia-e-informatica","13":"product_cat-tvs-videos","14":"product_shipping_class-logistica-quioske","16":"first","17":"instock","18":"shipping-taxable","19":"purchasable","20":"product-type-simple"},"yoast_head":"<!-- This site is optimized with the Yoast SEO plugin v27.2 - https:\/\/yoast.com\/product\/yoast-seo-wordpress\/ -->\n<title>Monitor Gamer Samsung Odyssey G3, 27&quot; Full HD, 180Hz, DisplayPort e HDMI, Ajuste de Altura, Preto - LS27DG300ELXZD | Elektrotec Store<\/title>\n<meta name=\"description\" content=\"O Eye Saver Mode minimiza a luz azul para ajudar a manter seus olhos relaxados e confort\u00e1veis. Reduz o travamento de tela, oscila\u00e7\u00e3o e atrasos.\" \/>\n<meta name=\"robots\" content=\"index, follow, max-snippet:-1, max-image-preview:large, max-video-preview:-1\" \/>\n<link rel=\"canonical\" href=\"https:\/\/elektrotec.com.br\/loja\/produto\/monitor-gamer-samsung-odyssey-g3-27-full-hd-180hz-displayport-e-hdmi-ajuste-de-altura-preto-ls27dg300elxzd\/\" \/>\n<meta property=\"og:locale\" content=\"pt_BR\" \/>\n<meta property=\"og:type\" content=\"article\" \/>\n<meta property=\"og:title\" content=\"Monitor Gamer Samsung Odyssey G3, 27&quot; Full HD, 180Hz, DisplayPort e HDMI, Ajuste de Altura, Preto - LS27DG300ELXZD | Elektrotec Store\" \/>\n<meta property=\"og:description\" content=\"O Eye Saver Mode minimiza a luz azul para ajudar a manter seus olhos relaxados e confort\u00e1veis. Reduz o travamento de tela, oscila\u00e7\u00e3o e atrasos.\" \/>\n<meta property=\"og:url\" content=\"https:\/\/elektrotec.com.br\/loja\/produto\/monitor-gamer-samsung-odyssey-g3-27-full-hd-180hz-displayport-e-hdmi-ajuste-de-altura-preto-ls27dg300elxzd\/\" \/>\n<meta property=\"og:site_name\" content=\"Elektrotec Store\" \/>\n<meta property=\"article:modified_time\" content=\"2025-10-30T00:19:51+00:00\" \/>\n<meta property=\"og:image\" content=\"https:\/\/elektrotec.com.br\/loja\/wp-content\/uploads\/2025\/02\/MONITO1-1.jpg\" \/>\n\t<meta property=\"og:image:width\" content=\"700\" \/>\n\t<meta property=\"og:image:height\" content=\"800\" \/>\n\t<meta property=\"og:image:type\" content=\"image\/jpeg\" \/>\n<meta name=\"twitter:card\" content=\"summary_large_image\" \/>\n<meta name=\"twitter:label1\" content=\"Est. tempo de leitura\" \/>\n\t<meta name=\"twitter:data1\" content=\"3 minutos\" \/>\n<script type=\"application\/ld+json\" class=\"yoast-schema-graph\">{\"@context\":\"https:\/\/schema.org\",\"@graph\":[{\"@type\":\"WebPage\",\"@id\":\"https:\/\/elektrotec.com.br\/loja\/produto\/monitor-gamer-samsung-odyssey-g3-27-full-hd-180hz-displayport-e-hdmi-ajuste-de-altura-preto-ls27dg300elxzd\/\",\"url\":\"https:\/\/elektrotec.com.br\/loja\/produto\/monitor-gamer-samsung-odyssey-g3-27-full-hd-180hz-displayport-e-hdmi-ajuste-de-altura-preto-ls27dg300elxzd\/\",\"name\":\"Monitor Gamer Samsung Odyssey G3, 27\\\" Full HD, 180Hz, DisplayPort e HDMI, Ajuste de Altura, Preto - LS27DG300ELXZD | Elektrotec Store\",\"isPartOf\":{\"@id\":\"https:\/\/elektrotec.com.br\/loja\/#website\"},\"primaryImageOfPage\":{\"@id\":\"https:\/\/elektrotec.com.br\/loja\/produto\/monitor-gamer-samsung-odyssey-g3-27-full-hd-180hz-displayport-e-hdmi-ajuste-de-altura-preto-ls27dg300elxzd\/#primaryimage\"},\"image\":{\"@id\":\"https:\/\/elektrotec.com.br\/loja\/produto\/monitor-gamer-samsung-odyssey-g3-27-full-hd-180hz-displayport-e-hdmi-ajuste-de-altura-preto-ls27dg300elxzd\/#primaryimage\"},\"thumbnailUrl\":\"https:\/\/i0.wp.com\/elektrotec.com.br\/loja\/wp-content\/uploads\/2025\/02\/MONITO1-1.jpg?fit=700%2C800&ssl=1\",\"datePublished\":\"2025-10-29T16:00:13+00:00\",\"dateModified\":\"2025-10-30T00:19:51+00:00\",\"description\":\"O Eye Saver Mode minimiza a luz azul para ajudar a manter seus olhos relaxados e confort\u00e1veis. Reduz o travamento de tela, oscila\u00e7\u00e3o e atrasos.\",\"breadcrumb\":{\"@id\":\"https:\/\/elektrotec.com.br\/loja\/produto\/monitor-gamer-samsung-odyssey-g3-27-full-hd-180hz-displayport-e-hdmi-ajuste-de-altura-preto-ls27dg300elxzd\/#breadcrumb\"},\"inLanguage\":\"pt-BR\",\"potentialAction\":[{\"@type\":\"ReadAction\",\"target\":[\"https:\/\/elektrotec.com.br\/loja\/produto\/monitor-gamer-samsung-odyssey-g3-27-full-hd-180hz-displayport-e-hdmi-ajuste-de-altura-preto-ls27dg300elxzd\/\"]}]},{\"@type\":\"ImageObject\",\"inLanguage\":\"pt-BR\",\"@id\":\"https:\/\/elektrotec.com.br\/loja\/produto\/monitor-gamer-samsung-odyssey-g3-27-full-hd-180hz-displayport-e-hdmi-ajuste-de-altura-preto-ls27dg300elxzd\/#primaryimage\",\"url\":\"https:\/\/i0.wp.com\/elektrotec.com.br\/loja\/wp-content\/uploads\/2025\/02\/MONITO1-1.jpg?fit=700%2C800&ssl=1\",\"contentUrl\":\"https:\/\/i0.wp.com\/elektrotec.com.br\/loja\/wp-content\/uploads\/2025\/02\/MONITO1-1.jpg?fit=700%2C800&ssl=1\",\"width\":700,\"height\":800},{\"@type\":\"BreadcrumbList\",\"@id\":\"https:\/\/elektrotec.com.br\/loja\/produto\/monitor-gamer-samsung-odyssey-g3-27-full-hd-180hz-displayport-e-hdmi-ajuste-de-altura-preto-ls27dg300elxzd\/#breadcrumb\",\"itemListElement\":[{\"@type\":\"ListItem\",\"position\":1,\"name\":\"Home\",\"item\":\"https:\/\/elektrotec.com.br\/loja\/\"},{\"@type\":\"ListItem\",\"position\":2,\"name\":\"Ofertas do dia \u26a1\",\"item\":\"https:\/\/elektrotec.com.br\/loja\/loja\/\"},{\"@type\":\"ListItem\",\"position\":3,\"name\":\"Monitor Gamer Samsung Odyssey G3, 27&#8243; Full HD, 180Hz, DisplayPort e HDMI, Ajuste de Altura, Preto &#8211; LS27DG300ELXZD\"}]},{\"@type\":\"WebSite\",\"@id\":\"https:\/\/elektrotec.com.br\/loja\/#website\",\"url\":\"https:\/\/elektrotec.com.br\/loja\/\",\"name\":\"Elektrotec Store\",\"description\":\"Solu\u00e7\u00f5es em Energia e Automa\u00e7\u00e3o Industrial\",\"publisher\":{\"@id\":\"https:\/\/elektrotec.com.br\/loja\/#organization\"},\"potentialAction\":[{\"@type\":\"SearchAction\",\"target\":{\"@type\":\"EntryPoint\",\"urlTemplate\":\"https:\/\/elektrotec.com.br\/loja\/?s={search_term_string}\"},\"query-input\":{\"@type\":\"PropertyValueSpecification\",\"valueRequired\":true,\"valueName\":\"search_term_string\"}}],\"inLanguage\":\"pt-BR\"},{\"@type\":\"Organization\",\"@id\":\"https:\/\/elektrotec.com.br\/loja\/#organization\",\"name\":\"Elektrotec\",\"url\":\"https:\/\/elektrotec.com.br\/loja\/\",\"logo\":{\"@type\":\"ImageObject\",\"inLanguage\":\"pt-BR\",\"@id\":\"https:\/\/elektrotec.com.br\/loja\/#\/schema\/logo\/image\/\",\"url\":\"https:\/\/i0.wp.com\/elektrotec.com.br\/loja\/wp-content\/uploads\/2025\/05\/Logo-site-Elektrotec-Energy-1.webp?fit=270%2C70&ssl=1\",\"contentUrl\":\"https:\/\/i0.wp.com\/elektrotec.com.br\/loja\/wp-content\/uploads\/2025\/05\/Logo-site-Elektrotec-Energy-1.webp?fit=270%2C70&ssl=1\",\"width\":270,\"height\":70,\"caption\":\"Elektrotec\"},\"image\":{\"@id\":\"https:\/\/elektrotec.com.br\/loja\/#\/schema\/logo\/image\/\"}}]}<\/script>\n<!-- \/ Yoast SEO plugin. -->","yoast_head_json":{"title":"Monitor Gamer Samsung Odyssey G3, 27\" Full HD, 180Hz, DisplayPort e HDMI, Ajuste de Altura, Preto - LS27DG300ELXZD | Elektrotec Store","description":"O Eye Saver Mode minimiza a luz azul para ajudar a manter seus olhos relaxados e confort\u00e1veis. Reduz o travamento de tela, oscila\u00e7\u00e3o e atrasos.","robots":{"index":"index","follow":"follow","max-snippet":"max-snippet:-1","max-image-preview":"max-image-preview:large","max-video-preview":"max-video-preview:-1"},"canonical":"https:\/\/elektrotec.com.br\/loja\/produto\/monitor-gamer-samsung-odyssey-g3-27-full-hd-180hz-displayport-e-hdmi-ajuste-de-altura-preto-ls27dg300elxzd\/","og_locale":"pt_BR","og_type":"article","og_title":"Monitor Gamer Samsung Odyssey G3, 27\" Full HD, 180Hz, DisplayPort e HDMI, Ajuste de Altura, Preto - LS27DG300ELXZD | Elektrotec Store","og_description":"O Eye Saver Mode minimiza a luz azul para ajudar a manter seus olhos relaxados e confort\u00e1veis. Reduz o travamento de tela, oscila\u00e7\u00e3o e atrasos.","og_url":"https:\/\/elektrotec.com.br\/loja\/produto\/monitor-gamer-samsung-odyssey-g3-27-full-hd-180hz-displayport-e-hdmi-ajuste-de-altura-preto-ls27dg300elxzd\/","og_site_name":"Elektrotec Store","article_modified_time":"2025-10-30T00:19:51+00:00","og_image":[{"width":700,"height":800,"url":"https:\/\/elektrotec.com.br\/loja\/wp-content\/uploads\/2025\/02\/MONITO1-1.jpg","type":"image\/jpeg"}],"twitter_card":"summary_large_image","twitter_misc":{"Est. tempo de leitura":"3 minutos"},"schema":{"@context":"https:\/\/schema.org","@graph":[{"@type":"WebPage","@id":"https:\/\/elektrotec.com.br\/loja\/produto\/monitor-gamer-samsung-odyssey-g3-27-full-hd-180hz-displayport-e-hdmi-ajuste-de-altura-preto-ls27dg300elxzd\/","url":"https:\/\/elektrotec.com.br\/loja\/produto\/monitor-gamer-samsung-odyssey-g3-27-full-hd-180hz-displayport-e-hdmi-ajuste-de-altura-preto-ls27dg300elxzd\/","name":"Monitor Gamer Samsung Odyssey G3, 27\" Full HD, 180Hz, DisplayPort e HDMI, Ajuste de Altura, Preto - LS27DG300ELXZD | Elektrotec Store","isPartOf":{"@id":"https:\/\/elektrotec.com.br\/loja\/#website"},"primaryImageOfPage":{"@id":"https:\/\/elektrotec.com.br\/loja\/produto\/monitor-gamer-samsung-odyssey-g3-27-full-hd-180hz-displayport-e-hdmi-ajuste-de-altura-preto-ls27dg300elxzd\/#primaryimage"},"image":{"@id":"https:\/\/elektrotec.com.br\/loja\/produto\/monitor-gamer-samsung-odyssey-g3-27-full-hd-180hz-displayport-e-hdmi-ajuste-de-altura-preto-ls27dg300elxzd\/#primaryimage"},"thumbnailUrl":"https:\/\/i0.wp.com\/elektrotec.com.br\/loja\/wp-content\/uploads\/2025\/02\/MONITO1-1.jpg?fit=700%2C800&ssl=1","datePublished":"2025-10-29T16:00:13+00:00","dateModified":"2025-10-30T00:19:51+00:00","description":"O Eye Saver Mode minimiza a luz azul para ajudar a manter seus olhos relaxados e confort\u00e1veis. Reduz o travamento de tela, oscila\u00e7\u00e3o e atrasos.","breadcrumb":{"@id":"https:\/\/elektrotec.com.br\/loja\/produto\/monitor-gamer-samsung-odyssey-g3-27-full-hd-180hz-displayport-e-hdmi-ajuste-de-altura-preto-ls27dg300elxzd\/#breadcrumb"},"inLanguage":"pt-BR","potentialAction":[{"@type":"ReadAction","target":["https:\/\/elektrotec.com.br\/loja\/produto\/monitor-gamer-samsung-odyssey-g3-27-full-hd-180hz-displayport-e-hdmi-ajuste-de-altura-preto-ls27dg300elxzd\/"]}]},{"@type":"ImageObject","inLanguage":"pt-BR","@id":"https:\/\/elektrotec.com.br\/loja\/produto\/monitor-gamer-samsung-odyssey-g3-27-full-hd-180hz-displayport-e-hdmi-ajuste-de-altura-preto-ls27dg300elxzd\/#primaryimage","url":"https:\/\/i0.wp.com\/elektrotec.com.br\/loja\/wp-content\/uploads\/2025\/02\/MONITO1-1.jpg?fit=700%2C800&ssl=1","contentUrl":"https:\/\/i0.wp.com\/elektrotec.com.br\/loja\/wp-content\/uploads\/2025\/02\/MONITO1-1.jpg?fit=700%2C800&ssl=1","width":700,"height":800},{"@type":"BreadcrumbList","@id":"https:\/\/elektrotec.com.br\/loja\/produto\/monitor-gamer-samsung-odyssey-g3-27-full-hd-180hz-displayport-e-hdmi-ajuste-de-altura-preto-ls27dg300elxzd\/#breadcrumb","itemListElement":[{"@type":"ListItem","position":1,"name":"Home","item":"https:\/\/elektrotec.com.br\/loja\/"},{"@type":"ListItem","position":2,"name":"Ofertas do dia \u26a1","item":"https:\/\/elektrotec.com.br\/loja\/loja\/"},{"@type":"ListItem","position":3,"name":"Monitor Gamer Samsung Odyssey G3, 27&#8243; Full HD, 180Hz, DisplayPort e HDMI, Ajuste de Altura, Preto &#8211; LS27DG300ELXZD"}]},{"@type":"WebSite","@id":"https:\/\/elektrotec.com.br\/loja\/#website","url":"https:\/\/elektrotec.com.br\/loja\/","name":"Elektrotec Store","description":"Solu\u00e7\u00f5es em Energia e Automa\u00e7\u00e3o Industrial","publisher":{"@id":"https:\/\/elektrotec.com.br\/loja\/#organization"},"potentialAction":[{"@type":"SearchAction","target":{"@type":"EntryPoint","urlTemplate":"https:\/\/elektrotec.com.br\/loja\/?s={search_term_string}"},"query-input":{"@type":"PropertyValueSpecification","valueRequired":true,"valueName":"search_term_string"}}],"inLanguage":"pt-BR"},{"@type":"Organization","@id":"https:\/\/elektrotec.com.br\/loja\/#organization","name":"Elektrotec","url":"https:\/\/elektrotec.com.br\/loja\/","logo":{"@type":"ImageObject","inLanguage":"pt-BR","@id":"https:\/\/elektrotec.com.br\/loja\/#\/schema\/logo\/image\/","url":"https:\/\/i0.wp.com\/elektrotec.com.br\/loja\/wp-content\/uploads\/2025\/05\/Logo-site-Elektrotec-Energy-1.webp?fit=270%2C70&ssl=1","contentUrl":"https:\/\/i0.wp.com\/elektrotec.com.br\/loja\/wp-content\/uploads\/2025\/05\/Logo-site-Elektrotec-Energy-1.webp?fit=270%2C70&ssl=1","width":270,"height":70,"caption":"Elektrotec"},"image":{"@id":"https:\/\/elektrotec.com.br\/loja\/#\/schema\/logo\/image\/"}}]}},"jetpack_sharing_enabled":true,"brands":[],"_links":{"self":[{"href":"https:\/\/elektrotec.com.br\/loja\/wp-json\/wp\/v2\/product\/4302","targetHints":{"allow":["GET"]}}],"collection":[{"href":"https:\/\/elektrotec.com.br\/loja\/wp-json\/wp\/v2\/product"}],"about":[{"href":"https:\/\/elektrotec.com.br\/loja\/wp-json\/wp\/v2\/types\/product"}],"replies":[{"embeddable":true,"href":"https:\/\/elektrotec.com.br\/loja\/wp-json\/wp\/v2\/comments?post=4302"}],"wp:featuredmedia":[{"embeddable":true,"href":"https:\/\/elektrotec.com.br\/loja\/wp-json\/wp\/v2\/media\/4303"}],"wp:attachment":[{"href":"https:\/\/elektrotec.com.br\/loja\/wp-json\/wp\/v2\/media?parent=4302"}],"wp:term":[{"taxonomy":"pwb-brand","embeddable":true,"href":"https:\/\/elektrotec.com.br\/loja\/wp-json\/wp\/v2\/pwb-brand?post=4302"},{"taxonomy":"product_brand","embeddable":true,"href":"https:\/\/elektrotec.com.br\/loja\/wp-json\/wp\/v2\/product_brand?post=4302"},{"taxonomy":"product_cat","embeddable":true,"href":"https:\/\/elektrotec.com.br\/loja\/wp-json\/wp\/v2\/product_cat?post=4302"},{"taxonomy":"product_tag","embeddable":true,"href":"https:\/\/elektrotec.com.br\/loja\/wp-json\/wp\/v2\/product_tag?post=4302"}],"curies":[{"name":"wp","href":"https:\/\/api.w.org\/{rel}","templated":true}]}}