{"id":4282,"date":"2025-02-11T21:40:44","date_gmt":"2025-02-12T00:40:44","guid":{"rendered":"https:\/\/quioske.com.br\/?post_type=product&#038;p=4282"},"modified":"2025-02-25T18:00:02","modified_gmt":"2025-02-25T21:00:02","slug":"monitor-gamer-cooler-master-tempest-gp2711-27-polegadas-qhd-freesync-hdmi-dp-cmi-gp2711-br","status":"publish","type":"product","link":"https:\/\/elektrotec.com.br\/loja\/produto\/monitor-gamer-cooler-master-tempest-gp2711-27-polegadas-qhd-freesync-hdmi-dp-cmi-gp2711-br\/","title":{"rendered":"Monitor Gamer Cooler Master Tempest GP2711, 27 polegadas, QHD, FreeSync, HDMI\/DP, CMI-GP2711-BR"},"content":{"rendered":"<div class=\"wpb-content-wrapper\"><p>[vc_row woodmart_css_id=&#8221;67abf59b1f832&#8243; responsive_spacing=&#8221;eyJwYXJhbV90eXBlIjoid29vZG1hcnRfcmVzcG9uc2l2ZV9zcGFjaW5nIiwic2VsZWN0b3JfaWQiOiI2N2FiZjU5YjFmODMyIiwic2hvcnRjb2RlIjoidmNfcm93IiwiZGF0YSI6eyJ0YWJsZXQiOnt9LCJtb2JpbGUiOnt9fX0=&#8221; mobile_bg_img_hidden=&#8221;no&#8221; tablet_bg_img_hidden=&#8221;no&#8221; woodmart_parallax=&#8221;0&#8243; woodmart_gradient_switch=&#8221;no&#8221; woodmart_box_shadow=&#8221;no&#8221; wd_z_index=&#8221;no&#8221; woodmart_disable_overflow=&#8221;0&#8243; row_reverse_mobile=&#8221;0&#8243; row_reverse_tablet=&#8221;0&#8243; el_id=&#8221;codigo-73994&#8243;][vc_column css=&#8221;.vc_custom_1666272391679{padding-top: 0px !important;}&#8221; woodmart_css_id=&#8221;63514c8260958&#8243; parallax_scroll=&#8221;no&#8221; woodmart_sticky_column=&#8221;false&#8221; wd_collapsible_content_switcher=&#8221;no&#8221; wd_column_role_offcanvas_desktop=&#8221;no&#8221; wd_column_role_offcanvas_tablet=&#8221;no&#8221; wd_column_role_offcanvas_mobile=&#8221;no&#8221; wd_column_role_content_desktop=&#8221;no&#8221; wd_column_role_content_tablet=&#8221;no&#8221; wd_column_role_content_mobile=&#8221;no&#8221; mobile_bg_img_hidden=&#8221;no&#8221; tablet_bg_img_hidden=&#8221;no&#8221; woodmart_parallax=&#8221;0&#8243; woodmart_box_shadow=&#8221;no&#8221; responsive_spacing=&#8221;eyJwYXJhbV90eXBlIjoid29vZG1hcnRfcmVzcG9uc2l2ZV9zcGFjaW5nIiwic2VsZWN0b3JfaWQiOiI2MzUxNGM4MjYwOTU4Iiwic2hvcnRjb2RlIjoidmNfY29sdW1uIiwiZGF0YSI6eyJ0YWJsZXQiOnt9LCJtb2JpbGUiOnt9fX0=&#8221; mobile_reset_margin=&#8221;no&#8221; tablet_reset_margin=&#8221;no&#8221; wd_z_index=&#8221;no&#8221;]\t\t<div id=\"wd-67abf5d3d4cb2\" class=\"wd-text-block wd-wpb reset-last-child wd-rs-67abf5d3d4cb2 text-center vc_custom_1739322898116\">\n\t\t\t<p><img data-recalc-dims=\"1\" loading=\"lazy\" decoding=\"async\" class=\"aligncenter wp-image-4295\" src=\"https:\/\/i0.wp.com\/elektrotec.com.br\/loja\/wp-content\/uploads\/2025\/02\/MOBE231.jpg?resize=1200%2C2575&#038;ssl=1\" alt=\"\" width=\"1200\" height=\"2575\" srcset=\"https:\/\/i0.wp.com\/elektrotec.com.br\/loja\/wp-content\/uploads\/2025\/02\/MOBE231.jpg?resize=140%2C300&amp;ssl=1 140w, https:\/\/i0.wp.com\/elektrotec.com.br\/loja\/wp-content\/uploads\/2025\/02\/MOBE231.jpg?resize=477%2C1024&amp;ssl=1 477w, https:\/\/i0.wp.com\/elektrotec.com.br\/loja\/wp-content\/uploads\/2025\/02\/MOBE231.jpg?resize=768%2C1648&amp;ssl=1 768w, https:\/\/i0.wp.com\/elektrotec.com.br\/loja\/wp-content\/uploads\/2025\/02\/MOBE231.jpg?resize=716%2C1536&amp;ssl=1 716w, https:\/\/i0.wp.com\/elektrotec.com.br\/loja\/wp-content\/uploads\/2025\/02\/MOBE231.jpg?resize=954%2C2048&amp;ssl=1 954w, https:\/\/i0.wp.com\/elektrotec.com.br\/loja\/wp-content\/uploads\/2025\/02\/MOBE231.jpg?resize=150%2C322&amp;ssl=1 150w, https:\/\/i0.wp.com\/elektrotec.com.br\/loja\/wp-content\/uploads\/2025\/02\/MOBE231.jpg?w=1193&amp;ssl=1 1193w\" sizes=\"auto, (max-width: 1000px) 100vw, 1000px\" \/><\/p>\n\t\t<\/div>\n\t\t[\/vc_column][\/vc_row][vc_row][vc_column woodmart_css_id=&#8221;667c81fba6236&#8243; parallax_scroll=&#8221;no&#8221; woodmart_sticky_column=&#8221;false&#8221; wd_collapsible_content_switcher=&#8221;no&#8221; wd_column_role_offcanvas_desktop=&#8221;no&#8221; wd_column_role_offcanvas_tablet=&#8221;no&#8221; wd_column_role_offcanvas_mobile=&#8221;no&#8221; wd_column_role_content_desktop=&#8221;no&#8221; wd_column_role_content_tablet=&#8221;no&#8221; wd_column_role_content_mobile=&#8221;no&#8221; mobile_bg_img_hidden=&#8221;no&#8221; tablet_bg_img_hidden=&#8221;no&#8221; woodmart_parallax=&#8221;0&#8243; woodmart_box_shadow=&#8221;no&#8221; responsive_spacing=&#8221;eyJwYXJhbV90eXBlIjoid29vZG1hcnRfcmVzcG9uc2l2ZV9zcGFjaW5nIiwic2VsZWN0b3JfaWQiOiI2NjdjODFmYmE2MjM2Iiwic2hvcnRjb2RlIjoidmNfY29sdW1uIiwiZGF0YSI6eyJ0YWJsZXQiOnt9LCJtb2JpbGUiOnt9fX0=&#8221; mobile_reset_margin=&#8221;no&#8221; tablet_reset_margin=&#8221;no&#8221; wd_z_index=&#8221;no&#8221; css=&#8221;.vc_custom_1719435784581{margin-top: -60px !important;}&#8221;][vc_separator border_width=&#8221;3&#8243; css=&#8221;.vc_custom_1731708518955{margin-top: 50px !important;margin-bottom: 50px !important;}&#8221; wd_hide_on_desktop=&#8221;no&#8221; wd_hide_on_tablet=&#8221;no&#8221; wd_hide_on_mobile=&#8221;no&#8221;][\/vc_column][\/vc_row][vc_row woodmart_css_id=&#8221;674bb5a3b48c6&#8243; responsive_spacing=&#8221;eyJwYXJhbV90eXBlIjoid29vZG1hcnRfcmVzcG9uc2l2ZV9zcGFjaW5nIiwic2VsZWN0b3JfaWQiOiI2NzRiYjVhM2I0OGM2Iiwic2hvcnRjb2RlIjoidmNfcm93IiwiZGF0YSI6eyJ0YWJsZXQiOnt9LCJtb2JpbGUiOnt9fX0=&#8221; mobile_bg_img_hidden=&#8221;no&#8221; tablet_bg_img_hidden=&#8221;no&#8221; woodmart_parallax=&#8221;0&#8243; woodmart_gradient_switch=&#8221;no&#8221; woodmart_box_shadow=&#8221;no&#8221; wd_z_index=&#8221;no&#8221; woodmart_disable_overflow=&#8221;0&#8243; row_reverse_mobile=&#8221;0&#8243; row_reverse_tablet=&#8221;0&#8243;][vc_column css=&#8221;.vc_custom_1669033735057{padding-top: 0px !important;}&#8221; woodmart_css_id=&#8221;637b6f036ef34&#8243; parallax_scroll=&#8221;no&#8221; woodmart_sticky_column=&#8221;false&#8221; wd_collapsible_content_switcher=&#8221;no&#8221; wd_column_role_offcanvas_desktop=&#8221;no&#8221; wd_column_role_offcanvas_tablet=&#8221;no&#8221; wd_column_role_offcanvas_mobile=&#8221;no&#8221; wd_column_role_content_desktop=&#8221;no&#8221; wd_column_role_content_tablet=&#8221;no&#8221; wd_column_role_content_mobile=&#8221;no&#8221; mobile_bg_img_hidden=&#8221;no&#8221; tablet_bg_img_hidden=&#8221;no&#8221; woodmart_parallax=&#8221;0&#8243; woodmart_box_shadow=&#8221;no&#8221; responsive_spacing=&#8221;eyJwYXJhbV90eXBlIjoid29vZG1hcnRfcmVzcG9uc2l2ZV9zcGFjaW5nIiwic2VsZWN0b3JfaWQiOiI2MzdiNmYwMzZlZjM0Iiwic2hvcnRjb2RlIjoidmNfY29sdW1uIiwiZGF0YSI6eyJ0YWJsZXQiOnt9LCJtb2JpbGUiOnt9fX0=&#8221; mobile_reset_margin=&#8221;no&#8221; tablet_reset_margin=&#8221;no&#8221; wd_z_index=&#8221;no&#8221;]\n\t\t<div id=\"wd-667ca27edb170\" class=\"title-wrapper wd-wpb wd-set-mb reset-last-child  wd-rs-667ca27edb170 wd-title-color-default wd-title-style-default text-left vc_custom_1719444410298 wd-underline-colored\">\n\t\t\t\n\t\t\t<div class=\"liner-continer\">\n\t\t\t\t<h4 class=\"woodmart-title-container title  wd-font-weight-700 wd-fontsize-l\" >\ud83d\udccc Especifica\u00e7\u00f5es T\u00e9cnicas:<\/h4>\n\t\t\t\t\t\t\t<\/div>\n\t\t\t\n\t\t\t\n\t\t\t\n\t\t<\/div>\n\t\t\n\t\t\t\t<div id=\"wd-67abefb74f645\" class=\"wd-text-block wd-wpb reset-last-child wd-rs-67abefb74f645 text-left vc_custom_1739321703502\">\n\t\t\t<h4 data-start=\"144\" data-end=\"172\"><strong data-start=\"144\" data-end=\"172\">Especifica\u00e7\u00f5es:<\/strong><\/h4>\n<ul data-start=\"173\" data-end=\"584\">\n<li data-start=\"173\" data-end=\"200\">Tamanho: 24 polegadas<\/li>\n<li data-start=\"201\" data-end=\"222\">Propor\u00e7\u00e3o: 16:9<\/li>\n<li data-start=\"223\" data-end=\"248\">Tipo de painel: IPS<\/li>\n<li data-start=\"249\" data-end=\"285\">Resolu\u00e7\u00e3o: 1920&#215;1080 (Full HD)<\/li>\n<li data-start=\"286\" data-end=\"320\">Tempo de resposta: 5ms (GtG)<\/li>\n<li data-start=\"321\" data-end=\"353\">Taxa de atualiza\u00e7\u00e3o: 100Hz<\/li>\n<li data-start=\"354\" data-end=\"395\">Profundidade de cor: 16.7M (8 bits)<\/li>\n<li data-start=\"396\" data-end=\"441\">\u00c2ngulo de vis\u00e3o: 178\u00ba (R\/L), 178\u00ba (U\/D)<\/li>\n<li data-start=\"442\" data-end=\"464\">Brilho: 250cd\/m\u00b2<\/li>\n<li data-start=\"465\" data-end=\"499\">Rela\u00e7\u00e3o de contraste: 1000:1<\/li>\n<li data-start=\"500\" data-end=\"539\">Gama de cores: NTSC 72% (CIE1931)<\/li>\n<li data-start=\"540\" data-end=\"584\">Tratamento de superf\u00edcie: Anti-reflexo<\/li>\n<\/ul>\n<h4 data-start=\"586\" data-end=\"604\"><strong data-start=\"586\" data-end=\"604\">Conectividade:<\/strong><\/h4>\n<ul data-start=\"605\" data-end=\"668\">\n<li data-start=\"605\" data-end=\"668\">Sa\u00edda para auscultadores (fones de ouvido): Sim (3 polos)<\/li>\n<\/ul>\n<h4 data-start=\"670\" data-end=\"683\"><strong data-start=\"670\" data-end=\"683\">Recursos:<\/strong><\/h4>\n<ul data-start=\"684\" data-end=\"938\">\n<li data-start=\"684\" data-end=\"710\">Fraqueza de cor: Sim<\/li>\n<li data-start=\"711\" data-end=\"753\">Economia de energia inteligente: Sim<\/li>\n<li data-start=\"754\" data-end=\"795\">Sincroniza\u00e7\u00e3o de a\u00e7\u00e3o din\u00e2mica: Sim<\/li>\n<li data-start=\"796\" data-end=\"826\">Estabilizador Preto: Sim<\/li>\n<li data-start=\"827\" data-end=\"842\">Mira: Sim<\/li>\n<li data-start=\"843\" data-end=\"865\">Modo Leitor: Sim<\/li>\n<li data-start=\"866\" data-end=\"893\">Super Resolu\u00e7\u00e3o+: Sim<\/li>\n<li data-start=\"894\" data-end=\"938\">Interruptor de entrada autom\u00e1tica: Sim<\/li>\n<\/ul>\n<h4 data-start=\"940\" data-end=\"953\"><strong data-start=\"940\" data-end=\"953\">Mec\u00e2nica:<\/strong><\/h4>\n<ul data-start=\"954\" data-end=\"1079\">\n<li data-start=\"954\" data-end=\"983\">Ajustes de posi\u00e7\u00e3o: Sim<\/li>\n<li data-start=\"984\" data-end=\"1024\">Mont\u00e1vel na parede: Sim (75&#215;75 mm)<\/li>\n<li data-start=\"1025\" data-end=\"1053\">Design sem bordas: Sim<\/li>\n<li data-start=\"1054\" data-end=\"1079\">Suporte 1Click: Sim<\/li>\n<\/ul>\n<h4 data-start=\"1081\" data-end=\"1095\"><strong data-start=\"1081\" data-end=\"1095\">Dimens\u00f5es:<\/strong><\/h4>\n<ul data-start=\"1096\" data-end=\"1180\">\n<li data-start=\"1096\" data-end=\"1137\">Com suporte: 539.9 x 414.4 x 190 mm<\/li>\n<li data-start=\"1138\" data-end=\"1180\">Sem suporte: 539.9 x 321.4 x 56.2 mm<\/li>\n<\/ul>\n<h4 data-start=\"1182\" data-end=\"1194\"><strong data-start=\"1182\" data-end=\"1194\">Energia:<\/strong><\/h4>\n<ul data-start=\"1195\" data-end=\"1332\">\n<li data-start=\"1195\" data-end=\"1220\">Consumo t\u00edpico: 16W<\/li>\n<li data-start=\"1221\" data-end=\"1257\">Entrada CA: 100~240V (50\/60Hz)<\/li>\n<li data-start=\"1258\" data-end=\"1300\">Tipo de adaptador: Adaptador externo<\/li>\n<li data-start=\"1301\" data-end=\"1332\">Sa\u00edda CC: 16W (19V 0.84A)<\/li>\n<\/ul>\n<h4 data-start=\"1334\" data-end=\"1360\"><strong data-start=\"1334\" data-end=\"1360\">Conte\u00fado da Embalagem:<\/strong><\/h4>\n<ul data-start=\"1361\" data-end=\"1400\">\n<li data-start=\"1361\" data-end=\"1376\">Monitor Gamer<\/li>\n<li data-start=\"1377\" data-end=\"1388\">Cabo HDMI<\/li>\n<li data-start=\"1389\" data-end=\"1400\">Adaptador<\/li>\n<\/ul>\n<h4 data-start=\"1402\" data-end=\"1415\"><strong data-start=\"1402\" data-end=\"1415\">Garantia:<\/strong><\/h4>\n<ul data-start=\"1416\" data-end=\"1472\">\n<li data-start=\"1416\" data-end=\"1472\">1 ano de garantia (3 meses legal + 9 meses contratual)<\/li>\n<\/ul>\n<h4 data-start=\"1474\" data-end=\"1483\"><strong data-start=\"1474\" data-end=\"1483\">Peso:<\/strong><\/h4>\n<ul data-start=\"1484\" data-end=\"1522\">\n<li data-start=\"1484\" data-end=\"1522\">Bruto com embalagem: 7012 gramas<\/li>\n<\/ul>\n\t\t<\/div>\n\t\t[\/vc_column][\/vc_row]<\/p>\n<\/div>","protected":false},"excerpt":{"rendered":"<p><strong>C\u00f3digo:<\/strong> <span style=\"color: #2a2a2a;\"><strong>73994<\/strong><\/span>\u00a0 \u00a0|\u00a0 \u00a0<strong>Mais produtos:<\/strong> <a href=\"https:\/\/elektrotec.com.br\/loja\/loja\/?filter_marcas=cooler-master\"><span style=\"color: #000;\"><strong>Cooler Master<\/strong><\/span><\/a>\u00a0 \u00a0|\u00a0 \u00a0<a href=\"https:\/\/elektrotec.com.br\/loja\/produto\/monitor-gamer-cooler-master-tempest-gp2711-27-pol-va-qhd-1ms-165hz-freesync-hdmi-dp-cmi-gp2711-br\/#codigo-73994\"><strong>Descri\u00e7\u00e3o do produto<\/strong><\/a><\/p>\n","protected":false},"featured_media":4289,"comment_status":"open","ping_status":"closed","template":"","meta":{"pagelayer_contact_templates":[],"_pagelayer_content":"","_mbp_gutenberg_autopost":false},"pwb-brand":[],"product_brand":[],"product_cat":[291,26,29,69,75,25],"product_tag":[],"class_list":{"0":"post-4282","1":"product","2":"type-product","3":"status-publish","4":"has-post-thumbnail","6":"product_cat-automacao-comercial","7":"product_cat-escritorio-e-papelaria","8":"product_cat-games-entretenimento","9":"product_cat-monitor","10":"product_cat-monitores-gamer","11":"product_cat-tecnologia-e-informatica","12":"product_shipping_class-logistica-quioske","14":"first","15":"instock","16":"featured","17":"shipping-taxable","18":"purchasable","19":"product-type-simple"},"yoast_head":"<!-- This site is optimized with the Yoast SEO plugin v27.2 - https:\/\/yoast.com\/product\/yoast-seo-wordpress\/ -->\n<title>Monitor Gamer Cooler Master Tempest GP2711, 27 polegadas, QHD, FreeSync, HDMI\/DP, CMI-GP2711-BR | Elektrotec Store<\/title>\n<meta name=\"description\" content=\"Monitor gamer de 24&quot; com painel IPS, 100Hz, 5ms de tempo de resposta, e recursos como estabilizador e economia de energia. Ideal para jogos imersivos!&quot;\" \/>\n<meta name=\"robots\" content=\"index, follow, max-snippet:-1, max-image-preview:large, max-video-preview:-1\" \/>\n<link rel=\"canonical\" href=\"https:\/\/elektrotec.com.br\/loja\/produto\/monitor-gamer-cooler-master-tempest-gp2711-27-polegadas-qhd-freesync-hdmi-dp-cmi-gp2711-br\/\" \/>\n<meta property=\"og:locale\" content=\"pt_BR\" \/>\n<meta property=\"og:type\" content=\"article\" \/>\n<meta property=\"og:title\" content=\"Monitor Gamer Cooler Master Tempest GP2711, 27 polegadas, QHD, FreeSync, HDMI\/DP, CMI-GP2711-BR | Elektrotec Store\" \/>\n<meta property=\"og:description\" content=\"Monitor gamer de 24&quot; com painel IPS, 100Hz, 5ms de tempo de resposta, e recursos como estabilizador e economia de energia. Ideal para jogos imersivos!&quot;\" \/>\n<meta property=\"og:url\" content=\"https:\/\/elektrotec.com.br\/loja\/produto\/monitor-gamer-cooler-master-tempest-gp2711-27-polegadas-qhd-freesync-hdmi-dp-cmi-gp2711-br\/\" \/>\n<meta property=\"og:site_name\" content=\"Elektrotec Store\" \/>\n<meta property=\"article:modified_time\" content=\"2025-02-25T21:00:02+00:00\" \/>\n<meta property=\"og:image\" content=\"https:\/\/elektrotec.com.br\/loja\/wp-content\/uploads\/2025\/02\/MONITO1.jpg\" \/>\n\t<meta property=\"og:image:width\" content=\"700\" \/>\n\t<meta property=\"og:image:height\" content=\"800\" \/>\n\t<meta property=\"og:image:type\" content=\"image\/jpeg\" \/>\n<meta name=\"twitter:card\" content=\"summary_large_image\" \/>\n<meta name=\"twitter:label1\" content=\"Est. tempo de leitura\" \/>\n\t<meta name=\"twitter:data1\" content=\"3 minutos\" \/>\n<script type=\"application\/ld+json\" class=\"yoast-schema-graph\">{\"@context\":\"https:\/\/schema.org\",\"@graph\":[{\"@type\":\"WebPage\",\"@id\":\"https:\/\/elektrotec.com.br\/loja\/produto\/monitor-gamer-cooler-master-tempest-gp2711-27-polegadas-qhd-freesync-hdmi-dp-cmi-gp2711-br\/\",\"url\":\"https:\/\/elektrotec.com.br\/loja\/produto\/monitor-gamer-cooler-master-tempest-gp2711-27-polegadas-qhd-freesync-hdmi-dp-cmi-gp2711-br\/\",\"name\":\"Monitor Gamer Cooler Master Tempest GP2711, 27 polegadas, QHD, FreeSync, HDMI\/DP, CMI-GP2711-BR | Elektrotec Store\",\"isPartOf\":{\"@id\":\"https:\/\/elektrotec.com.br\/loja\/#website\"},\"primaryImageOfPage\":{\"@id\":\"https:\/\/elektrotec.com.br\/loja\/produto\/monitor-gamer-cooler-master-tempest-gp2711-27-polegadas-qhd-freesync-hdmi-dp-cmi-gp2711-br\/#primaryimage\"},\"image\":{\"@id\":\"https:\/\/elektrotec.com.br\/loja\/produto\/monitor-gamer-cooler-master-tempest-gp2711-27-polegadas-qhd-freesync-hdmi-dp-cmi-gp2711-br\/#primaryimage\"},\"thumbnailUrl\":\"https:\/\/i0.wp.com\/elektrotec.com.br\/loja\/wp-content\/uploads\/2025\/02\/MONITO1.jpg?fit=700%2C800&ssl=1\",\"datePublished\":\"2025-02-12T00:40:44+00:00\",\"dateModified\":\"2025-02-25T21:00:02+00:00\",\"description\":\"Monitor gamer de 24\\\" com painel IPS, 100Hz, 5ms de tempo de resposta, e recursos como estabilizador e economia de energia. Ideal para jogos imersivos!\\\"\",\"breadcrumb\":{\"@id\":\"https:\/\/elektrotec.com.br\/loja\/produto\/monitor-gamer-cooler-master-tempest-gp2711-27-polegadas-qhd-freesync-hdmi-dp-cmi-gp2711-br\/#breadcrumb\"},\"inLanguage\":\"pt-BR\",\"potentialAction\":[{\"@type\":\"ReadAction\",\"target\":[\"https:\/\/elektrotec.com.br\/loja\/produto\/monitor-gamer-cooler-master-tempest-gp2711-27-polegadas-qhd-freesync-hdmi-dp-cmi-gp2711-br\/\"]}]},{\"@type\":\"ImageObject\",\"inLanguage\":\"pt-BR\",\"@id\":\"https:\/\/elektrotec.com.br\/loja\/produto\/monitor-gamer-cooler-master-tempest-gp2711-27-polegadas-qhd-freesync-hdmi-dp-cmi-gp2711-br\/#primaryimage\",\"url\":\"https:\/\/i0.wp.com\/elektrotec.com.br\/loja\/wp-content\/uploads\/2025\/02\/MONITO1.jpg?fit=700%2C800&ssl=1\",\"contentUrl\":\"https:\/\/i0.wp.com\/elektrotec.com.br\/loja\/wp-content\/uploads\/2025\/02\/MONITO1.jpg?fit=700%2C800&ssl=1\",\"width\":700,\"height\":800},{\"@type\":\"BreadcrumbList\",\"@id\":\"https:\/\/elektrotec.com.br\/loja\/produto\/monitor-gamer-cooler-master-tempest-gp2711-27-polegadas-qhd-freesync-hdmi-dp-cmi-gp2711-br\/#breadcrumb\",\"itemListElement\":[{\"@type\":\"ListItem\",\"position\":1,\"name\":\"Home\",\"item\":\"https:\/\/elektrotec.com.br\/loja\/\"},{\"@type\":\"ListItem\",\"position\":2,\"name\":\"Ofertas do dia \u26a1\",\"item\":\"https:\/\/elektrotec.com.br\/loja\/loja\/\"},{\"@type\":\"ListItem\",\"position\":3,\"name\":\"Monitor Gamer Cooler Master Tempest GP2711, 27 polegadas, QHD, FreeSync, HDMI\/DP, CMI-GP2711-BR\"}]},{\"@type\":\"WebSite\",\"@id\":\"https:\/\/elektrotec.com.br\/loja\/#website\",\"url\":\"https:\/\/elektrotec.com.br\/loja\/\",\"name\":\"Elektrotec Store\",\"description\":\"Solu\u00e7\u00f5es em Energia e Automa\u00e7\u00e3o Industrial\",\"publisher\":{\"@id\":\"https:\/\/elektrotec.com.br\/loja\/#organization\"},\"potentialAction\":[{\"@type\":\"SearchAction\",\"target\":{\"@type\":\"EntryPoint\",\"urlTemplate\":\"https:\/\/elektrotec.com.br\/loja\/?s={search_term_string}\"},\"query-input\":{\"@type\":\"PropertyValueSpecification\",\"valueRequired\":true,\"valueName\":\"search_term_string\"}}],\"inLanguage\":\"pt-BR\"},{\"@type\":\"Organization\",\"@id\":\"https:\/\/elektrotec.com.br\/loja\/#organization\",\"name\":\"Elektrotec\",\"url\":\"https:\/\/elektrotec.com.br\/loja\/\",\"logo\":{\"@type\":\"ImageObject\",\"inLanguage\":\"pt-BR\",\"@id\":\"https:\/\/elektrotec.com.br\/loja\/#\/schema\/logo\/image\/\",\"url\":\"https:\/\/i0.wp.com\/elektrotec.com.br\/loja\/wp-content\/uploads\/2025\/05\/Logo-site-Elektrotec-Energy-1.webp?fit=270%2C70&ssl=1\",\"contentUrl\":\"https:\/\/i0.wp.com\/elektrotec.com.br\/loja\/wp-content\/uploads\/2025\/05\/Logo-site-Elektrotec-Energy-1.webp?fit=270%2C70&ssl=1\",\"width\":270,\"height\":70,\"caption\":\"Elektrotec\"},\"image\":{\"@id\":\"https:\/\/elektrotec.com.br\/loja\/#\/schema\/logo\/image\/\"}}]}<\/script>\n<!-- \/ Yoast SEO plugin. -->","yoast_head_json":{"title":"Monitor Gamer Cooler Master Tempest GP2711, 27 polegadas, QHD, FreeSync, HDMI\/DP, CMI-GP2711-BR | Elektrotec Store","description":"Monitor gamer de 24\" com painel IPS, 100Hz, 5ms de tempo de resposta, e recursos como estabilizador e economia de energia. Ideal para jogos imersivos!\"","robots":{"index":"index","follow":"follow","max-snippet":"max-snippet:-1","max-image-preview":"max-image-preview:large","max-video-preview":"max-video-preview:-1"},"canonical":"https:\/\/elektrotec.com.br\/loja\/produto\/monitor-gamer-cooler-master-tempest-gp2711-27-polegadas-qhd-freesync-hdmi-dp-cmi-gp2711-br\/","og_locale":"pt_BR","og_type":"article","og_title":"Monitor Gamer Cooler Master Tempest GP2711, 27 polegadas, QHD, FreeSync, HDMI\/DP, CMI-GP2711-BR | Elektrotec Store","og_description":"Monitor gamer de 24\" com painel IPS, 100Hz, 5ms de tempo de resposta, e recursos como estabilizador e economia de energia. Ideal para jogos imersivos!\"","og_url":"https:\/\/elektrotec.com.br\/loja\/produto\/monitor-gamer-cooler-master-tempest-gp2711-27-polegadas-qhd-freesync-hdmi-dp-cmi-gp2711-br\/","og_site_name":"Elektrotec Store","article_modified_time":"2025-02-25T21:00:02+00:00","og_image":[{"width":700,"height":800,"url":"https:\/\/elektrotec.com.br\/loja\/wp-content\/uploads\/2025\/02\/MONITO1.jpg","type":"image\/jpeg"}],"twitter_card":"summary_large_image","twitter_misc":{"Est. tempo de leitura":"3 minutos"},"schema":{"@context":"https:\/\/schema.org","@graph":[{"@type":"WebPage","@id":"https:\/\/elektrotec.com.br\/loja\/produto\/monitor-gamer-cooler-master-tempest-gp2711-27-polegadas-qhd-freesync-hdmi-dp-cmi-gp2711-br\/","url":"https:\/\/elektrotec.com.br\/loja\/produto\/monitor-gamer-cooler-master-tempest-gp2711-27-polegadas-qhd-freesync-hdmi-dp-cmi-gp2711-br\/","name":"Monitor Gamer Cooler Master Tempest GP2711, 27 polegadas, QHD, FreeSync, HDMI\/DP, CMI-GP2711-BR | Elektrotec Store","isPartOf":{"@id":"https:\/\/elektrotec.com.br\/loja\/#website"},"primaryImageOfPage":{"@id":"https:\/\/elektrotec.com.br\/loja\/produto\/monitor-gamer-cooler-master-tempest-gp2711-27-polegadas-qhd-freesync-hdmi-dp-cmi-gp2711-br\/#primaryimage"},"image":{"@id":"https:\/\/elektrotec.com.br\/loja\/produto\/monitor-gamer-cooler-master-tempest-gp2711-27-polegadas-qhd-freesync-hdmi-dp-cmi-gp2711-br\/#primaryimage"},"thumbnailUrl":"https:\/\/i0.wp.com\/elektrotec.com.br\/loja\/wp-content\/uploads\/2025\/02\/MONITO1.jpg?fit=700%2C800&ssl=1","datePublished":"2025-02-12T00:40:44+00:00","dateModified":"2025-02-25T21:00:02+00:00","description":"Monitor gamer de 24\" com painel IPS, 100Hz, 5ms de tempo de resposta, e recursos como estabilizador e economia de energia. Ideal para jogos imersivos!\"","breadcrumb":{"@id":"https:\/\/elektrotec.com.br\/loja\/produto\/monitor-gamer-cooler-master-tempest-gp2711-27-polegadas-qhd-freesync-hdmi-dp-cmi-gp2711-br\/#breadcrumb"},"inLanguage":"pt-BR","potentialAction":[{"@type":"ReadAction","target":["https:\/\/elektrotec.com.br\/loja\/produto\/monitor-gamer-cooler-master-tempest-gp2711-27-polegadas-qhd-freesync-hdmi-dp-cmi-gp2711-br\/"]}]},{"@type":"ImageObject","inLanguage":"pt-BR","@id":"https:\/\/elektrotec.com.br\/loja\/produto\/monitor-gamer-cooler-master-tempest-gp2711-27-polegadas-qhd-freesync-hdmi-dp-cmi-gp2711-br\/#primaryimage","url":"https:\/\/i0.wp.com\/elektrotec.com.br\/loja\/wp-content\/uploads\/2025\/02\/MONITO1.jpg?fit=700%2C800&ssl=1","contentUrl":"https:\/\/i0.wp.com\/elektrotec.com.br\/loja\/wp-content\/uploads\/2025\/02\/MONITO1.jpg?fit=700%2C800&ssl=1","width":700,"height":800},{"@type":"BreadcrumbList","@id":"https:\/\/elektrotec.com.br\/loja\/produto\/monitor-gamer-cooler-master-tempest-gp2711-27-polegadas-qhd-freesync-hdmi-dp-cmi-gp2711-br\/#breadcrumb","itemListElement":[{"@type":"ListItem","position":1,"name":"Home","item":"https:\/\/elektrotec.com.br\/loja\/"},{"@type":"ListItem","position":2,"name":"Ofertas do dia \u26a1","item":"https:\/\/elektrotec.com.br\/loja\/loja\/"},{"@type":"ListItem","position":3,"name":"Monitor Gamer Cooler Master Tempest GP2711, 27 polegadas, QHD, FreeSync, HDMI\/DP, CMI-GP2711-BR"}]},{"@type":"WebSite","@id":"https:\/\/elektrotec.com.br\/loja\/#website","url":"https:\/\/elektrotec.com.br\/loja\/","name":"Elektrotec Store","description":"Solu\u00e7\u00f5es em Energia e Automa\u00e7\u00e3o Industrial","publisher":{"@id":"https:\/\/elektrotec.com.br\/loja\/#organization"},"potentialAction":[{"@type":"SearchAction","target":{"@type":"EntryPoint","urlTemplate":"https:\/\/elektrotec.com.br\/loja\/?s={search_term_string}"},"query-input":{"@type":"PropertyValueSpecification","valueRequired":true,"valueName":"search_term_string"}}],"inLanguage":"pt-BR"},{"@type":"Organization","@id":"https:\/\/elektrotec.com.br\/loja\/#organization","name":"Elektrotec","url":"https:\/\/elektrotec.com.br\/loja\/","logo":{"@type":"ImageObject","inLanguage":"pt-BR","@id":"https:\/\/elektrotec.com.br\/loja\/#\/schema\/logo\/image\/","url":"https:\/\/i0.wp.com\/elektrotec.com.br\/loja\/wp-content\/uploads\/2025\/05\/Logo-site-Elektrotec-Energy-1.webp?fit=270%2C70&ssl=1","contentUrl":"https:\/\/i0.wp.com\/elektrotec.com.br\/loja\/wp-content\/uploads\/2025\/05\/Logo-site-Elektrotec-Energy-1.webp?fit=270%2C70&ssl=1","width":270,"height":70,"caption":"Elektrotec"},"image":{"@id":"https:\/\/elektrotec.com.br\/loja\/#\/schema\/logo\/image\/"}}]}},"jetpack_sharing_enabled":true,"brands":[],"_links":{"self":[{"href":"https:\/\/elektrotec.com.br\/loja\/wp-json\/wp\/v2\/product\/4282","targetHints":{"allow":["GET"]}}],"collection":[{"href":"https:\/\/elektrotec.com.br\/loja\/wp-json\/wp\/v2\/product"}],"about":[{"href":"https:\/\/elektrotec.com.br\/loja\/wp-json\/wp\/v2\/types\/product"}],"replies":[{"embeddable":true,"href":"https:\/\/elektrotec.com.br\/loja\/wp-json\/wp\/v2\/comments?post=4282"}],"wp:featuredmedia":[{"embeddable":true,"href":"https:\/\/elektrotec.com.br\/loja\/wp-json\/wp\/v2\/media\/4289"}],"wp:attachment":[{"href":"https:\/\/elektrotec.com.br\/loja\/wp-json\/wp\/v2\/media?parent=4282"}],"wp:term":[{"taxonomy":"pwb-brand","embeddable":true,"href":"https:\/\/elektrotec.com.br\/loja\/wp-json\/wp\/v2\/pwb-brand?post=4282"},{"taxonomy":"product_brand","embeddable":true,"href":"https:\/\/elektrotec.com.br\/loja\/wp-json\/wp\/v2\/product_brand?post=4282"},{"taxonomy":"product_cat","embeddable":true,"href":"https:\/\/elektrotec.com.br\/loja\/wp-json\/wp\/v2\/product_cat?post=4282"},{"taxonomy":"product_tag","embeddable":true,"href":"https:\/\/elektrotec.com.br\/loja\/wp-json\/wp\/v2\/product_tag?post=4282"}],"curies":[{"name":"wp","href":"https:\/\/api.w.org\/{rel}","templated":true}]}}