{"id":427,"date":"2025-02-14T13:53:19","date_gmt":"2025-02-14T16:53:19","guid":{"rendered":"http:\/\/dummy.xtemos.com\/woodmart2\/mega-electronics\/?post_type=product&#038;p=427"},"modified":"2025-02-25T18:48:13","modified_gmt":"2025-02-25T21:48:13","slug":"tablet-samsung-a9-ee-64gb-4g-wifi-tela-de-8-7-sm-x115nzaal05-android-13-grafite","status":"publish","type":"product","link":"https:\/\/elektrotec.com.br\/loja\/produto\/tablet-samsung-a9-ee-64gb-4g-wifi-tela-de-8-7-sm-x115nzaal05-android-13-grafite\/","title":{"rendered":"Tablet Samsung A9 EE, 64GB, 4G, WiFi, Tela de 8.7&#8243;, SM-X115NZAAL05 Android 13, Grafite"},"content":{"rendered":"<div class=\"wpb-content-wrapper\"><p>[vc_row css=&#8221;.vc_custom_1739577958681{margin-bottom: 20px !important;}&#8221; woodmart_css_id=&#8221;67afda548a664&#8243; responsive_spacing=&#8221;eyJwYXJhbV90eXBlIjoid29vZG1hcnRfcmVzcG9uc2l2ZV9zcGFjaW5nIiwic2VsZWN0b3JfaWQiOiI2N2FmZGE1NDhhNjY0Iiwic2hvcnRjb2RlIjoidmNfcm93IiwiZGF0YSI6eyJ0YWJsZXQiOnsibWFyZ2luLWJvdHRvbSI6IjYwcHgifSwibW9iaWxlIjp7Im1hcmdpbi1ib3R0b20iOiI0MHB4In19fQ==&#8221; mobile_bg_img_hidden=&#8221;no&#8221; tablet_bg_img_hidden=&#8221;no&#8221; woodmart_parallax=&#8221;0&#8243; woodmart_gradient_switch=&#8221;no&#8221; woodmart_box_shadow=&#8221;no&#8221; wd_z_index=&#8221;no&#8221; woodmart_disable_overflow=&#8221;0&#8243; row_reverse_mobile=&#8221;0&#8243; row_reverse_tablet=&#8221;0&#8243; el_id=&#8221;codigo-SMX115NZAAL05&#8243;][vc_column css=&#8221;.vc_custom_1666272391679{padding-top: 0px !important;}&#8221; woodmart_css_id=&#8221;63514c8260958&#8243; parallax_scroll=&#8221;no&#8221; woodmart_sticky_column=&#8221;false&#8221; wd_collapsible_content_switcher=&#8221;no&#8221; wd_column_role_offcanvas_desktop=&#8221;no&#8221; wd_column_role_offcanvas_tablet=&#8221;no&#8221; wd_column_role_offcanvas_mobile=&#8221;no&#8221; wd_column_role_content_desktop=&#8221;no&#8221; wd_column_role_content_tablet=&#8221;no&#8221; wd_column_role_content_mobile=&#8221;no&#8221; mobile_bg_img_hidden=&#8221;no&#8221; tablet_bg_img_hidden=&#8221;no&#8221; woodmart_parallax=&#8221;0&#8243; woodmart_box_shadow=&#8221;no&#8221; responsive_spacing=&#8221;eyJwYXJhbV90eXBlIjoid29vZG1hcnRfcmVzcG9uc2l2ZV9zcGFjaW5nIiwic2VsZWN0b3JfaWQiOiI2MzUxNGM4MjYwOTU4Iiwic2hvcnRjb2RlIjoidmNfY29sdW1uIiwiZGF0YSI6eyJ0YWJsZXQiOnt9LCJtb2JpbGUiOnt9fX0=&#8221; mobile_reset_margin=&#8221;no&#8221; tablet_reset_margin=&#8221;no&#8221; wd_z_index=&#8221;no&#8221;]\t\t<div id=\"wd-67afe12bc8682\" class=\"wd-text-block wd-wpb reset-last-child wd-rs-67afe12bc8682 text-left vc_custom_1739579750615\">\n\t\t\t<h4><span class=\"sc-iGgWBj pLDvH\" data-testid=\"product-detail-title\">Tablet Samsung A9 EE, 64GB, 4G, WiFi, Tela de 8.7&#8243;, Android 13, Grafite SM-X115NZAAL05<\/span><\/h4>\n<div class=\"sc-gsFSXq iGppzn sc-cyJUJa jcMbIy\" data-testid=\"product-detail-description\">\n<div class=\"sc-gsFSXq RtwUi sc-eHKzgQ hoibsp\" data-testid=\"rich-content-container\">&#8211; Para voc\u00ea que \u00e9 antenado nas novidades do mundo da tecnologia, sabe que existem diversos tipos de eletr\u00f4nicos que possibilitam acessar a internet. O Tablet \u00e9 um deles. A Samsung apresenta o Tablet Galaxy Tab A9. Ele \u00e9 equipado com 64GB de armazenamento interno, para guardar diversos tipos de arquivos, 4GB de mem\u00f3ria RAM, sistema operacional Android 13.0, que faz a navega\u00e7\u00e3o ser mais intuitiva e processador Octa-core MediaTek Helio G99. A tela dele \u00e9 TFT imersiva de 8,7&#8243;. Com ele, voc\u00ea acessa suas redes sociais, responde e-mails ou mensagens de onde estiver, ele possui conectividade via Bluetooth, Wi-Fi, VHT80 e tecnologia 4G. Ainda, oferece Pasta Segura, display imersivo, Dual Speakers, som est\u00e9reo e \u00e9 port\u00e1til.<\/div>\n<div data-testid=\"rich-content-container\"><\/div>\n<div data-testid=\"rich-content-container\"><\/div>\n<\/div>\n<div data-testid=\"rich-content-container\">&#8211; Um dispositivo vers\u00e1til e acess\u00edvel que oferece uma experi\u00eancia de entretenimento e produtividade satisfat\u00f3ria. Possui uma tela de <strong>8,7 polegadas<\/strong>\u00a0com<strong>\u00a0resolu\u00e7\u00e3o de 1340 x 800 pixels<\/strong>, que oferece imagens claras e n\u00edtidas. O\u00a0<strong>processador octa-core de 2,2 GHz<\/strong>\u00a0garante um desempenho suave e responsivo, mesmo ao executar tarefas exigentes. A\u00a0<strong>mem\u00f3ria RAM de 4 GB<\/strong>\u00a0permite que voc\u00ea execute v\u00e1rias tarefas simultaneamente sem problemas. O armazenamento interno de\u00a0<strong>64 GB<\/strong>\u00a0oferece espa\u00e7o suficiente para seus aplicativos, jogos, fotos e v\u00eddeos.<\/div>\n\t\t<\/div>\n\t\t[\/vc_column][\/vc_row][vc_row][vc_column][vc_separator border_width=&#8221;3&#8243; css=&#8221;.vc_custom_1739575779044{margin-top: 50px !important;margin-bottom: 50px !important;}&#8221; wd_hide_on_desktop=&#8221;no&#8221; wd_hide_on_tablet=&#8221;no&#8221; wd_hide_on_mobile=&#8221;no&#8221;][\/vc_column][\/vc_row][vc_row woodmart_css_id=&#8221;6351519a61682&#8243; responsive_spacing=&#8221;eyJwYXJhbV90eXBlIjoid29vZG1hcnRfcmVzcG9uc2l2ZV9zcGFjaW5nIiwic2VsZWN0b3JfaWQiOiI2MzUxNTE5YTYxNjgyIiwic2hvcnRjb2RlIjoidmNfcm93IiwiZGF0YSI6eyJ0YWJsZXQiOnt9LCJtb2JpbGUiOnt9fX0=&#8221; mobile_bg_img_hidden=&#8221;no&#8221; tablet_bg_img_hidden=&#8221;no&#8221; woodmart_parallax=&#8221;0&#8243; woodmart_gradient_switch=&#8221;no&#8221; woodmart_box_shadow=&#8221;no&#8221; wd_z_index=&#8221;no&#8221; woodmart_disable_overflow=&#8221;0&#8243; row_reverse_mobile=&#8221;0&#8243; row_reverse_tablet=&#8221;0&#8243;][vc_column]\n\t\t<div id=\"wd-67afd1ad4d529\" class=\"title-wrapper wd-wpb wd-set-mb reset-last-child  wd-rs-67afd1ad4d529 wd-title-color-default wd-title-style-default text-left vc_custom_1739575738831 wd-underline-colored\">\n\t\t\t\n\t\t\t<div class=\"liner-continer\">\n\t\t\t\t<h4 class=\"woodmart-title-container title  wd-font-weight- wd-fontsize-m\" >\ud83d\udccc Especifica\u00e7\u00f5es T\u00e9cnicas:<\/h4>\n\t\t\t\t\t\t\t<\/div>\n\t\t\t\n\t\t\t\n\t\t\t\n\t\t<\/div>\n\t\t\n\t\t\t\t<div id=\"wd-67afdafb2ac94\" class=\"wd-text-block wd-wpb reset-last-child wd-rs-67afdafb2ac94 text-left vc_custom_1739578900188\">\n\t\t\t<div class=\"sc-7e0ca514-1 GiPKU\">\n<ul>\n<li>Marca: Samsung<\/li>\n<li>Modelo: SM-X115NZAAL05<\/li>\n<\/ul>\n<h4><strong>Especifica\u00e7\u00f5es:<\/strong><\/h4>\n<ul>\n<li>Formato do Aparelho: Tablet<\/li>\n<li>Interface com o Usu\u00e1rio: Touch Screen<\/li>\n<li>Sistema Operacional + Vers\u00e3o: Android 13<\/li>\n<li>Plataforma: 64 bits<\/li>\n<li>Loja de Aplicativos: Play Store \/ Galaxy Store<\/li>\n<li>Modelo do Processador: MediaTek Helio G99<\/li>\n<li>N\u00famero de N\u00facleos: Octa-Core<\/li>\n<li>Velocidade do Processador: 2x 2.2 GHz + 6x 2.0 GHz<\/li>\n<\/ul>\n<\/div>\n<h4><strong>Bandas:<\/strong><\/h4>\n<div class=\"sc-7e0ca514-1 GiPKU\">\n<ul>\n<li>2G GSM (GPRS\/EDGE): GSM850,GSM900,DCS1800,PCS1900<\/li>\n<li>3G Bandas B1(2100),B2(1900),B4(AWS),B5(850),B8(900)<\/li>\n<li>4G Bandas B1(2100),B2(1900),B3(1800),B4(AWS),B5(850),B7(2600),B8(900),B12(700),B13(700),B17(700),B20(800),B26(850),B28(700),B32(1500),B66(AWS-3)<\/li>\n<\/ul>\n<h4><strong>Conectividade:<\/strong><\/h4>\n<ul>\n<li>Bluetooth v5.1<\/li>\n<li>Browser Google | Chrome; Samsung | Samsung Internet<\/li>\n<li>Conex\u00e3o Wi-Fi WiFi 5, 802.11 a\/b\/g\/n\/ac 2.4G+5GHz, VHT80<\/li>\n<li>Roteador Wi-Fi Sim<\/li>\n<li>Tipo de SIM Nano-SIM<\/li>\n<li>USB vers\u00e3o 2.0<\/li>\n<li>USB Conector Tipo C<\/li>\n<\/ul>\n<p><strong>E-mail:<\/strong><\/p>\n<ul>\n<li>Aplicativos de Email Google Mail,Outlook<\/li>\n<li>Push E-mail Microsoft, Direct Push E-Mail for Exchange<\/li>\n<li>Tipos de E-mail Suportados POP3,IMAP4,SMTP,SSL,TLS,EAS<\/li>\n<li>Visualiza\u00e7\u00e3o de Arquivos Office Sim<\/li>\n<li>Edi\u00e7\u00e3o de Arquivos Office Dispon\u00edvel para download<\/li>\n<\/ul>\n<h4><strong>Sensores:<\/strong><\/h4>\n<ul>\n<li>Tipos de Sensores Aceler\u00f4metro, Geomagn\u00e9tico, Sensor Hall, Luz RGB<\/li>\n<li>Leitor Biom\u00e9trico (Impress\u00e3o Digital) N\u00e3o<\/li>\n<li>Reconhecimento Facial Sim<\/li>\n<\/ul>\n<h4><strong>Display:<\/strong><\/h4>\n<ul>\n<li>Tecnologia: TFT<\/li>\n<li>Tamanho do Display: 8.7&#8243;<\/li>\n<li>Taxa de Atualiza\u00e7\u00e3o da Tela: 60 Hz<\/li>\n<li>N\u00famero de Pixels: 800 x 1370 (WXGA+)<\/li>\n<li>Quantidade de Cores: 16 M<\/li>\n<\/ul>\n<h4><strong>C\u00e2mera traseira:<\/strong><\/h4>\n<ul>\n<li>Resolu\u00e7\u00e3o: 8MP F2.0<\/li>\n<li>Foco Autom\u00e1tico (AF): Sim<\/li>\n<\/ul>\n<h4><strong>C\u00e2mera frontal:<\/strong><\/h4>\n<ul>\n<li>Resolu\u00e7\u00e3o: 2MP F2.2<\/li>\n<li>Flash Frontal: Sim, na tela<\/li>\n<\/ul>\n<h4><strong>V\u00eddeo:<\/strong><\/h4>\n<ul>\n<li>Formatos Suportados para reprodu\u00e7\u00e3o MP4,M4V,3GP,3G2<\/li>\n<li>Resolu\u00e7\u00e3o de reprodu\u00e7\u00e3o FHD (1920 x 1080) | @30fps<\/li>\n<li>Resolu\u00e7\u00e3o de grava\u00e7\u00e3o FHD (1920 x 1080) | @30fps<\/li>\n<\/ul>\n<h4><strong>Imagem:<\/strong><\/h4>\n<ul>\n<li>Formatos Suportados: A-GIF,BMP,GIF,JPEG,PNG,WBMP<\/li>\n<\/ul>\n<h4><strong>M\u00fasica:<\/strong><\/h4>\n<ul>\n<li>Reprodu\u00e7\u00e3o de M\u00fasica: Sim<\/li>\n<li>Formatos Suportados: MP3,M4A,3GA,AAC<\/li>\n<\/ul>\n<h4><strong>GPS:<\/strong><\/h4>\n<ul>\n<li>GPS: Sim<\/li>\n<li>A-GPS: Sim<\/li>\n<\/ul>\n<h4><strong>Mem\u00f3ria:<\/strong><\/h4>\n<ul>\n<li>Mem\u00f3ria Interna total compartilhada 64GB*<\/li>\n<li>Suporte a Cart\u00e3o de Mem\u00f3ria Sim<\/li>\n<li>Tipo Cart\u00e3o de Mem\u00f3ria Suportado Micro SD<\/li>\n<li>Capacidade do Cart\u00e3o de Mem\u00f3ria at\u00e9 1TB<\/li>\n<li>Mem\u00f3ria RAM 4GB<\/li>\n<\/ul>\n<p>* Mem\u00f3ria interna compartilhada com o sistema operacional e aplicativos pr\u00e9 embarcados.<\/p>\n<h4><strong>Outros:<\/strong><\/h4>\n<ul>\n<li>EAS IT Policy: 7.0<\/li>\n<li>MDM Android: 6.9<\/li>\n<li>ODE (On Device Encryption) S\/W ODE<\/li>\n<li>VPN IPSec, SSL VPN<\/li>\n<li>KNOX Android | 3.9<\/li>\n<\/ul>\n<h4><strong>Bateria &amp; Carregamento:<\/strong><\/h4>\n<ul>\n<li>Capacidade da Bateria (mAh): 5.100 mAh<\/li>\n<li>Tipo de Bateria: Ions de L\u00edtio<\/li>\n<li>Tens\u00e3o: Bivolt<\/li>\n<li>Carregamento R\u00e1pido: Sim (15W)<\/li>\n<\/ul>\n<h4><strong>Conte\u00fado da Embalagem:<\/strong><\/h4>\n<ul>\n<li>Tablet<\/li>\n<li>Carregador<\/li>\n<li>Cabos de Dados<\/li>\n<li>Extrator da bandeja de MicroSD<\/li>\n<\/ul>\n<\/div>\n<h4><strong>Garantia:<\/strong><\/h4>\n<div class=\"sc-7e0ca514-2 cKkhYq\" data-testid=\"InfoGarantia\">\n<ul>\n<li class=\"sc-7e0ca514-3 lnNTXx\">1 ano de garantia (3 meses de garantia legal + 9 meses de garantia contratual junto ao fabricante)<\/li>\n<\/ul>\n<\/div>\n<h4><strong>Peso:<\/strong><\/h4>\n<div class=\"sc-7e0ca514-2 cKkhYq\" data-testid=\"InfoPeso\">\n<ul>\n<li class=\"sc-7e0ca514-3 lnNTXx\">528 gramas (bruto com embalagem)<\/li>\n<\/ul>\n<\/div>\n<h4><strong>C\u00f3digo Anatel:<\/strong><\/h4>\n<div class=\"sc-7e0ca514-2 cKkhYq\" data-testid=\"InfoC\u00f3digo Anatel\">\n<ul>\n<li class=\"sc-7e0ca514-3 lnNTXx\">14457-23-00953<\/li>\n<\/ul>\n<\/div>\n\t\t<\/div>\n\t\t[\/vc_column][\/vc_row]<\/p>\n<\/div>","protected":false},"excerpt":{"rendered":"<p><strong>C\u00f3digo:<\/strong> <span style=\"color: #2a2a2a;\"><strong>SM-X115NZAAL05<\/strong><\/span>\u00a0 \u00a0|\u00a0 \u00a0<strong>Mais produtos: <a href=\"https:\/\/elektrotec.com.br\/loja\/loja\/?filter_marcas=samsung\">Samsung<\/a><\/strong>\u00a0 \u00a0|\u00a0 \u00a0<a href=\"https:\/\/elektrotec.com.br\/loja\/produto\/tablet-samsung-a9-ee-64gb-4g-wifi-tela-de-8-7-sm-x115nzaal05-android-13-grafite\/#codigo-SMX115NZAAL05\"><strong>Descri\u00e7\u00e3o do produto<\/strong><\/a><\/p>\n","protected":false},"featured_media":4353,"comment_status":"open","ping_status":"closed","template":"","meta":{"pagelayer_contact_templates":[],"_pagelayer_content":"","_mbp_gutenberg_autopost":false},"pwb-brand":[],"product_brand":[],"product_cat":[61],"product_tag":[],"class_list":{"0":"post-427","1":"product","2":"type-product","3":"status-publish","4":"has-post-thumbnail","6":"product_cat-notebook-celeron","7":"product_shipping_class-logistica-quioske","9":"first","10":"instock","11":"shipping-taxable","12":"purchasable","13":"product-type-simple"},"yoast_head":"<!-- This site is optimized with the Yoast SEO plugin v27.2 - https:\/\/yoast.com\/product\/yoast-seo-wordpress\/ -->\n<title>Tablet Samsung A9 EE, 64GB, 4G, WiFi, Tela de 8.7&quot;, SM-X115NZAAL05 Android 13, Grafite | Elektrotec Store<\/title>\n<meta name=\"description\" content=\"Dispositivo vers\u00e1til que oferece uma experi\u00eancia de entretenimento e produtividade satisfat\u00f3ria. Possui uma tela de 8,7&quot;. Oferece imagens claras e n\u00edtidas.\" \/>\n<meta name=\"robots\" content=\"index, follow, max-snippet:-1, max-image-preview:large, max-video-preview:-1\" \/>\n<link rel=\"canonical\" href=\"https:\/\/elektrotec.com.br\/loja\/produto\/tablet-samsung-a9-ee-64gb-4g-wifi-tela-de-8-7-sm-x115nzaal05-android-13-grafite\/\" \/>\n<meta property=\"og:locale\" content=\"pt_BR\" \/>\n<meta property=\"og:type\" content=\"article\" \/>\n<meta property=\"og:title\" content=\"Tablet Samsung A9 EE, 64GB, 4G, WiFi, Tela de 8.7&quot;, SM-X115NZAAL05 Android 13, Grafite | Elektrotec Store\" \/>\n<meta property=\"og:description\" content=\"Dispositivo vers\u00e1til que oferece uma experi\u00eancia de entretenimento e produtividade satisfat\u00f3ria. Possui uma tela de 8,7&quot;. Oferece imagens claras e n\u00edtidas.\" \/>\n<meta property=\"og:url\" content=\"https:\/\/elektrotec.com.br\/loja\/produto\/tablet-samsung-a9-ee-64gb-4g-wifi-tela-de-8-7-sm-x115nzaal05-android-13-grafite\/\" \/>\n<meta property=\"og:site_name\" content=\"Elektrotec Store\" \/>\n<meta property=\"article:modified_time\" content=\"2025-02-25T21:48:13+00:00\" \/>\n<meta property=\"og:image\" content=\"https:\/\/elektrotec.com.br\/loja\/wp-content\/uploads\/2025\/02\/SMX115NZAAL05-Tablet-Samsung-A9-EE-4G-8.7.jpg\" \/>\n\t<meta property=\"og:image:width\" content=\"700\" \/>\n\t<meta property=\"og:image:height\" content=\"800\" \/>\n\t<meta property=\"og:image:type\" content=\"image\/jpeg\" \/>\n<meta name=\"twitter:card\" content=\"summary_large_image\" \/>\n<meta name=\"twitter:label1\" content=\"Est. tempo de leitura\" \/>\n\t<meta name=\"twitter:data1\" content=\"4 minutos\" \/>\n<script type=\"application\/ld+json\" class=\"yoast-schema-graph\">{\"@context\":\"https:\/\/schema.org\",\"@graph\":[{\"@type\":\"WebPage\",\"@id\":\"https:\/\/elektrotec.com.br\/loja\/produto\/tablet-samsung-a9-ee-64gb-4g-wifi-tela-de-8-7-sm-x115nzaal05-android-13-grafite\/\",\"url\":\"https:\/\/elektrotec.com.br\/loja\/produto\/tablet-samsung-a9-ee-64gb-4g-wifi-tela-de-8-7-sm-x115nzaal05-android-13-grafite\/\",\"name\":\"Tablet Samsung A9 EE, 64GB, 4G, WiFi, Tela de 8.7\\\", SM-X115NZAAL05 Android 13, Grafite | Elektrotec Store\",\"isPartOf\":{\"@id\":\"https:\/\/elektrotec.com.br\/loja\/#website\"},\"primaryImageOfPage\":{\"@id\":\"https:\/\/elektrotec.com.br\/loja\/produto\/tablet-samsung-a9-ee-64gb-4g-wifi-tela-de-8-7-sm-x115nzaal05-android-13-grafite\/#primaryimage\"},\"image\":{\"@id\":\"https:\/\/elektrotec.com.br\/loja\/produto\/tablet-samsung-a9-ee-64gb-4g-wifi-tela-de-8-7-sm-x115nzaal05-android-13-grafite\/#primaryimage\"},\"thumbnailUrl\":\"https:\/\/i0.wp.com\/elektrotec.com.br\/loja\/wp-content\/uploads\/2025\/02\/SMX115NZAAL05-Tablet-Samsung-A9-EE-4G-8.7.jpg?fit=700%2C800&ssl=1\",\"datePublished\":\"2025-02-14T16:53:19+00:00\",\"dateModified\":\"2025-02-25T21:48:13+00:00\",\"description\":\"Dispositivo vers\u00e1til que oferece uma experi\u00eancia de entretenimento e produtividade satisfat\u00f3ria. Possui uma tela de 8,7\\\". Oferece imagens claras e n\u00edtidas.\",\"breadcrumb\":{\"@id\":\"https:\/\/elektrotec.com.br\/loja\/produto\/tablet-samsung-a9-ee-64gb-4g-wifi-tela-de-8-7-sm-x115nzaal05-android-13-grafite\/#breadcrumb\"},\"inLanguage\":\"pt-BR\",\"potentialAction\":[{\"@type\":\"ReadAction\",\"target\":[\"https:\/\/elektrotec.com.br\/loja\/produto\/tablet-samsung-a9-ee-64gb-4g-wifi-tela-de-8-7-sm-x115nzaal05-android-13-grafite\/\"]}]},{\"@type\":\"ImageObject\",\"inLanguage\":\"pt-BR\",\"@id\":\"https:\/\/elektrotec.com.br\/loja\/produto\/tablet-samsung-a9-ee-64gb-4g-wifi-tela-de-8-7-sm-x115nzaal05-android-13-grafite\/#primaryimage\",\"url\":\"https:\/\/i0.wp.com\/elektrotec.com.br\/loja\/wp-content\/uploads\/2025\/02\/SMX115NZAAL05-Tablet-Samsung-A9-EE-4G-8.7.jpg?fit=700%2C800&ssl=1\",\"contentUrl\":\"https:\/\/i0.wp.com\/elektrotec.com.br\/loja\/wp-content\/uploads\/2025\/02\/SMX115NZAAL05-Tablet-Samsung-A9-EE-4G-8.7.jpg?fit=700%2C800&ssl=1\",\"width\":700,\"height\":800},{\"@type\":\"BreadcrumbList\",\"@id\":\"https:\/\/elektrotec.com.br\/loja\/produto\/tablet-samsung-a9-ee-64gb-4g-wifi-tela-de-8-7-sm-x115nzaal05-android-13-grafite\/#breadcrumb\",\"itemListElement\":[{\"@type\":\"ListItem\",\"position\":1,\"name\":\"Home\",\"item\":\"https:\/\/elektrotec.com.br\/loja\/\"},{\"@type\":\"ListItem\",\"position\":2,\"name\":\"Ofertas do dia \u26a1\",\"item\":\"https:\/\/elektrotec.com.br\/loja\/loja\/\"},{\"@type\":\"ListItem\",\"position\":3,\"name\":\"Tablet Samsung A9 EE, 64GB, 4G, WiFi, Tela de 8.7&#8243;, SM-X115NZAAL05 Android 13, Grafite\"}]},{\"@type\":\"WebSite\",\"@id\":\"https:\/\/elektrotec.com.br\/loja\/#website\",\"url\":\"https:\/\/elektrotec.com.br\/loja\/\",\"name\":\"Elektrotec Store\",\"description\":\"Solu\u00e7\u00f5es em Energia e Automa\u00e7\u00e3o Industrial\",\"publisher\":{\"@id\":\"https:\/\/elektrotec.com.br\/loja\/#organization\"},\"potentialAction\":[{\"@type\":\"SearchAction\",\"target\":{\"@type\":\"EntryPoint\",\"urlTemplate\":\"https:\/\/elektrotec.com.br\/loja\/?s={search_term_string}\"},\"query-input\":{\"@type\":\"PropertyValueSpecification\",\"valueRequired\":true,\"valueName\":\"search_term_string\"}}],\"inLanguage\":\"pt-BR\"},{\"@type\":\"Organization\",\"@id\":\"https:\/\/elektrotec.com.br\/loja\/#organization\",\"name\":\"Elektrotec\",\"url\":\"https:\/\/elektrotec.com.br\/loja\/\",\"logo\":{\"@type\":\"ImageObject\",\"inLanguage\":\"pt-BR\",\"@id\":\"https:\/\/elektrotec.com.br\/loja\/#\/schema\/logo\/image\/\",\"url\":\"https:\/\/i0.wp.com\/elektrotec.com.br\/loja\/wp-content\/uploads\/2025\/05\/Logo-site-Elektrotec-Energy-1.webp?fit=270%2C70&ssl=1\",\"contentUrl\":\"https:\/\/i0.wp.com\/elektrotec.com.br\/loja\/wp-content\/uploads\/2025\/05\/Logo-site-Elektrotec-Energy-1.webp?fit=270%2C70&ssl=1\",\"width\":270,\"height\":70,\"caption\":\"Elektrotec\"},\"image\":{\"@id\":\"https:\/\/elektrotec.com.br\/loja\/#\/schema\/logo\/image\/\"}}]}<\/script>\n<!-- \/ Yoast SEO plugin. -->","yoast_head_json":{"title":"Tablet Samsung A9 EE, 64GB, 4G, WiFi, Tela de 8.7\", SM-X115NZAAL05 Android 13, Grafite | Elektrotec Store","description":"Dispositivo vers\u00e1til que oferece uma experi\u00eancia de entretenimento e produtividade satisfat\u00f3ria. Possui uma tela de 8,7\". Oferece imagens claras e n\u00edtidas.","robots":{"index":"index","follow":"follow","max-snippet":"max-snippet:-1","max-image-preview":"max-image-preview:large","max-video-preview":"max-video-preview:-1"},"canonical":"https:\/\/elektrotec.com.br\/loja\/produto\/tablet-samsung-a9-ee-64gb-4g-wifi-tela-de-8-7-sm-x115nzaal05-android-13-grafite\/","og_locale":"pt_BR","og_type":"article","og_title":"Tablet Samsung A9 EE, 64GB, 4G, WiFi, Tela de 8.7\", SM-X115NZAAL05 Android 13, Grafite | Elektrotec Store","og_description":"Dispositivo vers\u00e1til que oferece uma experi\u00eancia de entretenimento e produtividade satisfat\u00f3ria. Possui uma tela de 8,7\". Oferece imagens claras e n\u00edtidas.","og_url":"https:\/\/elektrotec.com.br\/loja\/produto\/tablet-samsung-a9-ee-64gb-4g-wifi-tela-de-8-7-sm-x115nzaal05-android-13-grafite\/","og_site_name":"Elektrotec Store","article_modified_time":"2025-02-25T21:48:13+00:00","og_image":[{"width":700,"height":800,"url":"https:\/\/elektrotec.com.br\/loja\/wp-content\/uploads\/2025\/02\/SMX115NZAAL05-Tablet-Samsung-A9-EE-4G-8.7.jpg","type":"image\/jpeg"}],"twitter_card":"summary_large_image","twitter_misc":{"Est. tempo de leitura":"4 minutos"},"schema":{"@context":"https:\/\/schema.org","@graph":[{"@type":"WebPage","@id":"https:\/\/elektrotec.com.br\/loja\/produto\/tablet-samsung-a9-ee-64gb-4g-wifi-tela-de-8-7-sm-x115nzaal05-android-13-grafite\/","url":"https:\/\/elektrotec.com.br\/loja\/produto\/tablet-samsung-a9-ee-64gb-4g-wifi-tela-de-8-7-sm-x115nzaal05-android-13-grafite\/","name":"Tablet Samsung A9 EE, 64GB, 4G, WiFi, Tela de 8.7\", SM-X115NZAAL05 Android 13, Grafite | Elektrotec Store","isPartOf":{"@id":"https:\/\/elektrotec.com.br\/loja\/#website"},"primaryImageOfPage":{"@id":"https:\/\/elektrotec.com.br\/loja\/produto\/tablet-samsung-a9-ee-64gb-4g-wifi-tela-de-8-7-sm-x115nzaal05-android-13-grafite\/#primaryimage"},"image":{"@id":"https:\/\/elektrotec.com.br\/loja\/produto\/tablet-samsung-a9-ee-64gb-4g-wifi-tela-de-8-7-sm-x115nzaal05-android-13-grafite\/#primaryimage"},"thumbnailUrl":"https:\/\/i0.wp.com\/elektrotec.com.br\/loja\/wp-content\/uploads\/2025\/02\/SMX115NZAAL05-Tablet-Samsung-A9-EE-4G-8.7.jpg?fit=700%2C800&ssl=1","datePublished":"2025-02-14T16:53:19+00:00","dateModified":"2025-02-25T21:48:13+00:00","description":"Dispositivo vers\u00e1til que oferece uma experi\u00eancia de entretenimento e produtividade satisfat\u00f3ria. Possui uma tela de 8,7\". Oferece imagens claras e n\u00edtidas.","breadcrumb":{"@id":"https:\/\/elektrotec.com.br\/loja\/produto\/tablet-samsung-a9-ee-64gb-4g-wifi-tela-de-8-7-sm-x115nzaal05-android-13-grafite\/#breadcrumb"},"inLanguage":"pt-BR","potentialAction":[{"@type":"ReadAction","target":["https:\/\/elektrotec.com.br\/loja\/produto\/tablet-samsung-a9-ee-64gb-4g-wifi-tela-de-8-7-sm-x115nzaal05-android-13-grafite\/"]}]},{"@type":"ImageObject","inLanguage":"pt-BR","@id":"https:\/\/elektrotec.com.br\/loja\/produto\/tablet-samsung-a9-ee-64gb-4g-wifi-tela-de-8-7-sm-x115nzaal05-android-13-grafite\/#primaryimage","url":"https:\/\/i0.wp.com\/elektrotec.com.br\/loja\/wp-content\/uploads\/2025\/02\/SMX115NZAAL05-Tablet-Samsung-A9-EE-4G-8.7.jpg?fit=700%2C800&ssl=1","contentUrl":"https:\/\/i0.wp.com\/elektrotec.com.br\/loja\/wp-content\/uploads\/2025\/02\/SMX115NZAAL05-Tablet-Samsung-A9-EE-4G-8.7.jpg?fit=700%2C800&ssl=1","width":700,"height":800},{"@type":"BreadcrumbList","@id":"https:\/\/elektrotec.com.br\/loja\/produto\/tablet-samsung-a9-ee-64gb-4g-wifi-tela-de-8-7-sm-x115nzaal05-android-13-grafite\/#breadcrumb","itemListElement":[{"@type":"ListItem","position":1,"name":"Home","item":"https:\/\/elektrotec.com.br\/loja\/"},{"@type":"ListItem","position":2,"name":"Ofertas do dia \u26a1","item":"https:\/\/elektrotec.com.br\/loja\/loja\/"},{"@type":"ListItem","position":3,"name":"Tablet Samsung A9 EE, 64GB, 4G, WiFi, Tela de 8.7&#8243;, SM-X115NZAAL05 Android 13, Grafite"}]},{"@type":"WebSite","@id":"https:\/\/elektrotec.com.br\/loja\/#website","url":"https:\/\/elektrotec.com.br\/loja\/","name":"Elektrotec Store","description":"Solu\u00e7\u00f5es em Energia e Automa\u00e7\u00e3o Industrial","publisher":{"@id":"https:\/\/elektrotec.com.br\/loja\/#organization"},"potentialAction":[{"@type":"SearchAction","target":{"@type":"EntryPoint","urlTemplate":"https:\/\/elektrotec.com.br\/loja\/?s={search_term_string}"},"query-input":{"@type":"PropertyValueSpecification","valueRequired":true,"valueName":"search_term_string"}}],"inLanguage":"pt-BR"},{"@type":"Organization","@id":"https:\/\/elektrotec.com.br\/loja\/#organization","name":"Elektrotec","url":"https:\/\/elektrotec.com.br\/loja\/","logo":{"@type":"ImageObject","inLanguage":"pt-BR","@id":"https:\/\/elektrotec.com.br\/loja\/#\/schema\/logo\/image\/","url":"https:\/\/i0.wp.com\/elektrotec.com.br\/loja\/wp-content\/uploads\/2025\/05\/Logo-site-Elektrotec-Energy-1.webp?fit=270%2C70&ssl=1","contentUrl":"https:\/\/i0.wp.com\/elektrotec.com.br\/loja\/wp-content\/uploads\/2025\/05\/Logo-site-Elektrotec-Energy-1.webp?fit=270%2C70&ssl=1","width":270,"height":70,"caption":"Elektrotec"},"image":{"@id":"https:\/\/elektrotec.com.br\/loja\/#\/schema\/logo\/image\/"}}]}},"jetpack_sharing_enabled":true,"brands":[],"_links":{"self":[{"href":"https:\/\/elektrotec.com.br\/loja\/wp-json\/wp\/v2\/product\/427","targetHints":{"allow":["GET"]}}],"collection":[{"href":"https:\/\/elektrotec.com.br\/loja\/wp-json\/wp\/v2\/product"}],"about":[{"href":"https:\/\/elektrotec.com.br\/loja\/wp-json\/wp\/v2\/types\/product"}],"replies":[{"embeddable":true,"href":"https:\/\/elektrotec.com.br\/loja\/wp-json\/wp\/v2\/comments?post=427"}],"wp:featuredmedia":[{"embeddable":true,"href":"https:\/\/elektrotec.com.br\/loja\/wp-json\/wp\/v2\/media\/4353"}],"wp:attachment":[{"href":"https:\/\/elektrotec.com.br\/loja\/wp-json\/wp\/v2\/media?parent=427"}],"wp:term":[{"taxonomy":"pwb-brand","embeddable":true,"href":"https:\/\/elektrotec.com.br\/loja\/wp-json\/wp\/v2\/pwb-brand?post=427"},{"taxonomy":"product_brand","embeddable":true,"href":"https:\/\/elektrotec.com.br\/loja\/wp-json\/wp\/v2\/product_brand?post=427"},{"taxonomy":"product_cat","embeddable":true,"href":"https:\/\/elektrotec.com.br\/loja\/wp-json\/wp\/v2\/product_cat?post=427"},{"taxonomy":"product_tag","embeddable":true,"href":"https:\/\/elektrotec.com.br\/loja\/wp-json\/wp\/v2\/product_tag?post=427"}],"curies":[{"name":"wp","href":"https:\/\/api.w.org\/{rel}","templated":true}]}}