{"id":4236,"date":"2025-02-10T21:06:48","date_gmt":"2025-02-11T00:06:48","guid":{"rendered":"https:\/\/quioske.com.br\/?post_type=product&#038;p=4236"},"modified":"2025-02-11T20:54:29","modified_gmt":"2025-02-11T23:54:29","slug":"roteador-tp-link-tl-wr829n-300mbps-2-antenas","status":"publish","type":"product","link":"https:\/\/elektrotec.com.br\/loja\/produto\/roteador-tp-link-tl-wr829n-300mbps-2-antenas\/","title":{"rendered":"Roteador TP-Link TL-WR829N 300Mbps 2 Antenas"},"content":{"rendered":"<div class=\"wpb-content-wrapper\"><p>[vc_row woodmart_css_id=&#8221;67aa8674424bc&#8221; responsive_spacing=&#8221;eyJwYXJhbV90eXBlIjoid29vZG1hcnRfcmVzcG9uc2l2ZV9zcGFjaW5nIiwic2VsZWN0b3JfaWQiOiI2N2FhODY3NDQyNGJjIiwic2hvcnRjb2RlIjoidmNfcm93IiwiZGF0YSI6eyJ0YWJsZXQiOnt9LCJtb2JpbGUiOnt9fX0=&#8221; mobile_bg_img_hidden=&#8221;no&#8221; tablet_bg_img_hidden=&#8221;no&#8221; woodmart_parallax=&#8221;0&#8243; woodmart_gradient_switch=&#8221;no&#8221; woodmart_box_shadow=&#8221;no&#8221; wd_z_index=&#8221;no&#8221; woodmart_disable_overflow=&#8221;0&#8243; row_reverse_mobile=&#8221;0&#8243; row_reverse_tablet=&#8221;0&#8243; el_id=&#8221;codigo-77996&#8243;][vc_column css=&#8221;.vc_custom_1666272391679{padding-top: 0px !important;}&#8221; woodmart_css_id=&#8221;63514c8260958&#8243; parallax_scroll=&#8221;no&#8221; woodmart_sticky_column=&#8221;false&#8221; wd_collapsible_content_switcher=&#8221;no&#8221; wd_column_role_offcanvas_desktop=&#8221;no&#8221; wd_column_role_offcanvas_tablet=&#8221;no&#8221; wd_column_role_offcanvas_mobile=&#8221;no&#8221; wd_column_role_content_desktop=&#8221;no&#8221; wd_column_role_content_tablet=&#8221;no&#8221; wd_column_role_content_mobile=&#8221;no&#8221; mobile_bg_img_hidden=&#8221;no&#8221; tablet_bg_img_hidden=&#8221;no&#8221; woodmart_parallax=&#8221;0&#8243; woodmart_box_shadow=&#8221;no&#8221; responsive_spacing=&#8221;eyJwYXJhbV90eXBlIjoid29vZG1hcnRfcmVzcG9uc2l2ZV9zcGFjaW5nIiwic2VsZWN0b3JfaWQiOiI2MzUxNGM4MjYwOTU4Iiwic2hvcnRjb2RlIjoidmNfY29sdW1uIiwiZGF0YSI6eyJ0YWJsZXQiOnt9LCJtb2JpbGUiOnt9fX0=&#8221; mobile_reset_margin=&#8221;no&#8221; tablet_reset_margin=&#8221;no&#8221; wd_z_index=&#8221;no&#8221;]\t\t<div id=\"wd-67abdb2be9ca4\" class=\"wd-text-block wd-wpb reset-last-child wd-rs-67abdb2be9ca4 text-center vc_custom_1739316402555\">\n\t\t\t<p><img data-recalc-dims=\"1\" loading=\"lazy\" decoding=\"async\" class=\"aligncenter wp-image-4265\" src=\"https:\/\/i0.wp.com\/elektrotec.com.br\/loja\/wp-content\/uploads\/2025\/02\/Roteador-TP-Link-TL-WR829N-300Mbps-2-Antenas-5-1.jpg?resize=1200%2C2477&#038;ssl=1\" alt=\"\" width=\"1200\" height=\"2477\" srcset=\"https:\/\/i0.wp.com\/elektrotec.com.br\/loja\/wp-content\/uploads\/2025\/02\/Roteador-TP-Link-TL-WR829N-300Mbps-2-Antenas-5-1.jpg?resize=145%2C300&amp;ssl=1 145w, https:\/\/i0.wp.com\/elektrotec.com.br\/loja\/wp-content\/uploads\/2025\/02\/Roteador-TP-Link-TL-WR829N-300Mbps-2-Antenas-5-1.jpg?resize=496%2C1024&amp;ssl=1 496w, https:\/\/i0.wp.com\/elektrotec.com.br\/loja\/wp-content\/uploads\/2025\/02\/Roteador-TP-Link-TL-WR829N-300Mbps-2-Antenas-5-1.jpg?resize=768%2C1586&amp;ssl=1 768w, https:\/\/i0.wp.com\/elektrotec.com.br\/loja\/wp-content\/uploads\/2025\/02\/Roteador-TP-Link-TL-WR829N-300Mbps-2-Antenas-5-1.jpg?resize=744%2C1536&amp;ssl=1 744w, https:\/\/i0.wp.com\/elektrotec.com.br\/loja\/wp-content\/uploads\/2025\/02\/Roteador-TP-Link-TL-WR829N-300Mbps-2-Antenas-5-1.jpg?resize=992%2C2048&amp;ssl=1 992w, https:\/\/i0.wp.com\/elektrotec.com.br\/loja\/wp-content\/uploads\/2025\/02\/Roteador-TP-Link-TL-WR829N-300Mbps-2-Antenas-5-1.jpg?resize=1200%2C2477&amp;ssl=1 1200w, https:\/\/i0.wp.com\/elektrotec.com.br\/loja\/wp-content\/uploads\/2025\/02\/Roteador-TP-Link-TL-WR829N-300Mbps-2-Antenas-5-1.jpg?resize=150%2C310&amp;ssl=1 150w, https:\/\/i0.wp.com\/elektrotec.com.br\/loja\/wp-content\/uploads\/2025\/02\/Roteador-TP-Link-TL-WR829N-300Mbps-2-Antenas-5-1.jpg?w=1240&amp;ssl=1 1240w\" sizes=\"auto, (max-width: 1000px) 100vw, 1000px\" \/><\/p>\n\t\t<\/div>\n\t\t[\/vc_column][\/vc_row][vc_row][vc_column woodmart_css_id=&#8221;667c81fba6236&#8243; parallax_scroll=&#8221;no&#8221; woodmart_sticky_column=&#8221;false&#8221; wd_collapsible_content_switcher=&#8221;no&#8221; wd_column_role_offcanvas_desktop=&#8221;no&#8221; wd_column_role_offcanvas_tablet=&#8221;no&#8221; wd_column_role_offcanvas_mobile=&#8221;no&#8221; wd_column_role_content_desktop=&#8221;no&#8221; wd_column_role_content_tablet=&#8221;no&#8221; wd_column_role_content_mobile=&#8221;no&#8221; mobile_bg_img_hidden=&#8221;no&#8221; tablet_bg_img_hidden=&#8221;no&#8221; woodmart_parallax=&#8221;0&#8243; woodmart_box_shadow=&#8221;no&#8221; responsive_spacing=&#8221;eyJwYXJhbV90eXBlIjoid29vZG1hcnRfcmVzcG9uc2l2ZV9zcGFjaW5nIiwic2VsZWN0b3JfaWQiOiI2NjdjODFmYmE2MjM2Iiwic2hvcnRjb2RlIjoidmNfY29sdW1uIiwiZGF0YSI6eyJ0YWJsZXQiOnt9LCJtb2JpbGUiOnt9fX0=&#8221; mobile_reset_margin=&#8221;no&#8221; tablet_reset_margin=&#8221;no&#8221; wd_z_index=&#8221;no&#8221; css=&#8221;.vc_custom_1719435784581{margin-top: -60px !important;}&#8221;][vc_separator border_width=&#8221;3&#8243; css=&#8221;.vc_custom_1731708518955{margin-top: 50px !important;margin-bottom: 50px !important;}&#8221; wd_hide_on_desktop=&#8221;no&#8221; wd_hide_on_tablet=&#8221;no&#8221; wd_hide_on_mobile=&#8221;no&#8221;][\/vc_column][\/vc_row][vc_row woodmart_css_id=&#8221;674bb5a3b48c6&#8243; responsive_spacing=&#8221;eyJwYXJhbV90eXBlIjoid29vZG1hcnRfcmVzcG9uc2l2ZV9zcGFjaW5nIiwic2VsZWN0b3JfaWQiOiI2NzRiYjVhM2I0OGM2Iiwic2hvcnRjb2RlIjoidmNfcm93IiwiZGF0YSI6eyJ0YWJsZXQiOnt9LCJtb2JpbGUiOnt9fX0=&#8221; mobile_bg_img_hidden=&#8221;no&#8221; tablet_bg_img_hidden=&#8221;no&#8221; woodmart_parallax=&#8221;0&#8243; woodmart_gradient_switch=&#8221;no&#8221; woodmart_box_shadow=&#8221;no&#8221; wd_z_index=&#8221;no&#8221; woodmart_disable_overflow=&#8221;0&#8243; row_reverse_mobile=&#8221;0&#8243; row_reverse_tablet=&#8221;0&#8243;][vc_column css=&#8221;.vc_custom_1669033735057{padding-top: 0px !important;}&#8221; woodmart_css_id=&#8221;637b6f036ef34&#8243; parallax_scroll=&#8221;no&#8221; woodmart_sticky_column=&#8221;false&#8221; wd_collapsible_content_switcher=&#8221;no&#8221; wd_column_role_offcanvas_desktop=&#8221;no&#8221; wd_column_role_offcanvas_tablet=&#8221;no&#8221; wd_column_role_offcanvas_mobile=&#8221;no&#8221; wd_column_role_content_desktop=&#8221;no&#8221; wd_column_role_content_tablet=&#8221;no&#8221; wd_column_role_content_mobile=&#8221;no&#8221; mobile_bg_img_hidden=&#8221;no&#8221; tablet_bg_img_hidden=&#8221;no&#8221; woodmart_parallax=&#8221;0&#8243; woodmart_box_shadow=&#8221;no&#8221; responsive_spacing=&#8221;eyJwYXJhbV90eXBlIjoid29vZG1hcnRfcmVzcG9uc2l2ZV9zcGFjaW5nIiwic2VsZWN0b3JfaWQiOiI2MzdiNmYwMzZlZjM0Iiwic2hvcnRjb2RlIjoidmNfY29sdW1uIiwiZGF0YSI6eyJ0YWJsZXQiOnt9LCJtb2JpbGUiOnt9fX0=&#8221; mobile_reset_margin=&#8221;no&#8221; tablet_reset_margin=&#8221;no&#8221; wd_z_index=&#8221;no&#8221;]\n\t\t<div id=\"wd-667ca27edb170\" class=\"title-wrapper wd-wpb wd-set-mb reset-last-child  wd-rs-667ca27edb170 wd-title-color-default wd-title-style-default text-left vc_custom_1719444410298 wd-underline-colored\">\n\t\t\t\n\t\t\t<div class=\"liner-continer\">\n\t\t\t\t<h4 class=\"woodmart-title-container title  wd-font-weight-700 wd-fontsize-l\" >\ud83d\udccc Especifica\u00e7\u00f5es T\u00e9cnicas:<\/h4>\n\t\t\t\t\t\t\t<\/div>\n\t\t\t\n\t\t\t\n\t\t\t\n\t\t<\/div>\n\t\t\n\t\t\t\t<div id=\"wd-67aa95ccc9837\" class=\"wd-text-block wd-wpb reset-last-child wd-rs-67aa95ccc9837 text-left vc_custom_1739236554772\">\n\t\t\t<h4 data-start=\"97\" data-end=\"116\"><strong data-start=\"97\" data-end=\"116\">Especifica\u00e7\u00f5es:<\/strong><\/h4>\n<ul>\n<li data-start=\"118\" data-end=\"820\">Marca: TP-Link<\/li>\n<li data-start=\"118\" data-end=\"820\">Fabricante: TP-Link<\/li>\n<li data-start=\"118\" data-end=\"820\">S\u00e9rie: TL-WR829N<\/li>\n<li data-start=\"118\" data-end=\"820\">Cor: Branco e Preto<\/li>\n<li data-start=\"118\" data-end=\"820\">Altura do produto: 17 cm<\/li>\n<li data-start=\"118\" data-end=\"820\">Largura do produto: 7 cm<\/li>\n<li data-start=\"118\" data-end=\"820\">Tipo de conex\u00e3o: Wi-Fi<\/li>\n<li data-start=\"118\" data-end=\"820\">Tecnologia de conex\u00e3o: Wi-Fi<\/li>\n<li data-start=\"118\" data-end=\"820\">Padr\u00e3o de conex\u00e3o sem fio: 802.11n, 802.11b, 802.11a, 802.11g<\/li>\n<li data-start=\"118\" data-end=\"820\">N\u00famero de entradas ou portas Ethernet: 3<\/li>\n<li data-start=\"118\" data-end=\"820\">Voltagem: 110 Volts<\/li>\n<li data-start=\"118\" data-end=\"820\">Fonte de alimenta\u00e7\u00e3o: Energia el\u00e9trica<\/li>\n<li data-start=\"118\" data-end=\"820\">Sistema operacional: UNIX\u00ae ou Linux, Microsoft\u00ae Windows\u00ae 98SE, NT, 2000, XP, Vista ou Windows 7, 8, 10, Mac\u00ae OS, NetWare\u00ae<\/li>\n<li data-start=\"118\" data-end=\"820\">N\u00famero de unidades: 1<\/li>\n<li data-start=\"118\" data-end=\"820\">Peso do produto: 340 g<\/li>\n<li data-start=\"118\" data-end=\"820\">Dimens\u00f5es do produto: 23 x 7 x 17 cm; 340 g<\/li>\n<li data-start=\"118\" data-end=\"820\">N\u00famero do modelo: TL-WR829N<\/li>\n<li data-start=\"118\" data-end=\"820\">Descontinuado pelo fabricante: N\u00e3o<\/li>\n<li data-start=\"118\" data-end=\"820\">Funciona a bateria ou pilha?: N\u00e3o<\/li>\n<li data-start=\"118\" data-end=\"820\">EAN: 6935364089764<\/li>\n<\/ul>\n<h4 data-start=\"827\" data-end=\"845\"><strong data-start=\"827\" data-end=\"845\">Conectividade:<\/strong><\/h4>\n<ul>\n<li data-start=\"847\" data-end=\"867\">Portas Ethernet: 3<\/li>\n<\/ul>\n<h4 data-start=\"874\" data-end=\"887\"><\/h4>\n<h4 data-start=\"874\" data-end=\"887\"><strong data-start=\"874\" data-end=\"887\">Recursos:<\/strong><\/h4>\n<ul data-start=\"889\" data-end=\"909\">\n<li data-start=\"889\" data-end=\"909\">N\u00e3o especificado<\/li>\n<\/ul>\n<h4 data-start=\"916\" data-end=\"929\"><strong data-start=\"916\" data-end=\"929\">Mec\u00e2nica:<\/strong><\/h4>\n<ul data-start=\"931\" data-end=\"951\">\n<li data-start=\"931\" data-end=\"951\">N\u00e3o especificado<\/li>\n<\/ul>\n<h4 data-start=\"958\" data-end=\"972\"><strong data-start=\"958\" data-end=\"972\">Dimens\u00f5es:<\/strong><\/h4>\n<ul>\n<li data-start=\"974\" data-end=\"1038\">Dimens\u00f5es do produto (L x A x P): 23 x 7 x 17 cm<\/li>\n<li data-start=\"974\" data-end=\"1038\">Peso: 340 g<\/li>\n<\/ul>\n<h4 data-start=\"1045\" data-end=\"1057\"><strong data-start=\"1045\" data-end=\"1057\">Energia:<\/strong><\/h4>\n<ul>\n<li data-start=\"1059\" data-end=\"1121\">Voltagem: 110 Volts<\/li>\n<li data-start=\"1059\" data-end=\"1121\">Fonte de alimenta\u00e7\u00e3o: Energia el\u00e9trica<\/li>\n<\/ul>\n<h4 data-start=\"1128\" data-end=\"1154\"><strong data-start=\"1128\" data-end=\"1154\">Conte\u00fado da Embalagem:<\/strong><\/h4>\n<ul data-start=\"1156\" data-end=\"1186\">\n<li data-start=\"1156\" data-end=\"1186\">Roteador TP-Link TL-WR829N<\/li>\n<\/ul>\n<h4 data-start=\"1193\" data-end=\"1206\"><strong data-start=\"1193\" data-end=\"1206\">Garantia:<\/strong><\/h4>\n<ul>\n<li data-start=\"1208\" data-end=\"1226\">1 ano<\/li>\n<\/ul>\n\t\t<\/div>\n\t\t[\/vc_column][\/vc_row]<\/p>\n<\/div>","protected":false},"excerpt":{"rendered":"<p><strong>C\u00f3digo:<\/strong> <span style=\"color: #2a2a2a;\"><strong>37131<\/strong><\/span>\u00a0 \u00a0|\u00a0 \u00a0<strong>Mais produtos:<\/strong> <a href=\"https:\/\/elektrotec.com.br\/loja\/loja\/?filter_marcas=tp-link\"><span style=\"color: #000;\"><strong>TP-Link<\/strong><\/span><\/a>\u00a0 \u00a0|\u00a0 \u00a0<a href=\"https:\/\/elektrotec.com.br\/loja\/produto\/roteador-tp-link-tl-wr829n-300mbps-2-antenas\/#codigo-37131\"><strong>Descri\u00e7\u00e3o do produto<\/strong><\/a><\/p>\n","protected":false},"featured_media":4238,"comment_status":"open","ping_status":"closed","template":"","meta":{"pagelayer_contact_templates":[],"_pagelayer_content":"","_mbp_gutenberg_autopost":false},"pwb-brand":[],"product_brand":[],"product_cat":[86,100],"product_tag":[],"class_list":{"0":"post-4236","1":"product","2":"type-product","3":"status-publish","4":"has-post-thumbnail","6":"product_cat-conectividade","7":"product_cat-roteador","8":"product_shipping_class-logistica-quioske","10":"first","11":"instock","12":"featured","13":"shipping-taxable","14":"purchasable","15":"product-type-simple"},"yoast_head":"<!-- This site is optimized with the Yoast SEO plugin v27.2 - https:\/\/yoast.com\/product\/yoast-seo-wordpress\/ -->\n<title>Roteador TP-Link TL-WR829N 300Mbps 2 Antenas | Elektrotec Store<\/title>\n<meta name=\"description\" content=\"Compre o Roteador TP-Link Wi-Fi N 300Mbps TL-WR829N e aproveite uma conex\u00e3o est\u00e1vel e r\u00e1pida para sua casa ou escrit\u00f3rio. Ideal para navega\u00e7\u00e3o e jogos!\" \/>\n<meta name=\"robots\" content=\"index, follow, max-snippet:-1, max-image-preview:large, max-video-preview:-1\" \/>\n<link rel=\"canonical\" href=\"https:\/\/elektrotec.com.br\/loja\/produto\/roteador-tp-link-tl-wr829n-300mbps-2-antenas\/\" \/>\n<meta property=\"og:locale\" content=\"pt_BR\" \/>\n<meta property=\"og:type\" content=\"article\" \/>\n<meta property=\"og:title\" content=\"Roteador TP-Link TL-WR829N 300Mbps 2 Antenas | Elektrotec Store\" \/>\n<meta property=\"og:description\" content=\"Compre o Roteador TP-Link Wi-Fi N 300Mbps TL-WR829N e aproveite uma conex\u00e3o est\u00e1vel e r\u00e1pida para sua casa ou escrit\u00f3rio. Ideal para navega\u00e7\u00e3o e jogos!\" \/>\n<meta property=\"og:url\" content=\"https:\/\/elektrotec.com.br\/loja\/produto\/roteador-tp-link-tl-wr829n-300mbps-2-antenas\/\" \/>\n<meta property=\"og:site_name\" content=\"Elektrotec Store\" \/>\n<meta property=\"article:modified_time\" content=\"2025-02-11T23:54:29+00:00\" \/>\n<meta property=\"og:image\" content=\"https:\/\/elektrotec.com.br\/loja\/wp-content\/uploads\/2025\/02\/Roteador-TP-Link-TL-WR829N-300Mbps-2-Antenas-0.jpg\" \/>\n\t<meta property=\"og:image:width\" content=\"700\" \/>\n\t<meta property=\"og:image:height\" content=\"800\" \/>\n\t<meta property=\"og:image:type\" content=\"image\/jpeg\" \/>\n<meta name=\"twitter:card\" content=\"summary_large_image\" \/>\n<meta name=\"twitter:label1\" content=\"Est. tempo de leitura\" \/>\n\t<meta name=\"twitter:data1\" content=\"2 minutos\" \/>\n<script type=\"application\/ld+json\" class=\"yoast-schema-graph\">{\"@context\":\"https:\/\/schema.org\",\"@graph\":[{\"@type\":\"WebPage\",\"@id\":\"https:\/\/elektrotec.com.br\/loja\/produto\/roteador-tp-link-tl-wr829n-300mbps-2-antenas\/\",\"url\":\"https:\/\/elektrotec.com.br\/loja\/produto\/roteador-tp-link-tl-wr829n-300mbps-2-antenas\/\",\"name\":\"Roteador TP-Link TL-WR829N 300Mbps 2 Antenas | Elektrotec Store\",\"isPartOf\":{\"@id\":\"https:\/\/elektrotec.com.br\/loja\/#website\"},\"primaryImageOfPage\":{\"@id\":\"https:\/\/elektrotec.com.br\/loja\/produto\/roteador-tp-link-tl-wr829n-300mbps-2-antenas\/#primaryimage\"},\"image\":{\"@id\":\"https:\/\/elektrotec.com.br\/loja\/produto\/roteador-tp-link-tl-wr829n-300mbps-2-antenas\/#primaryimage\"},\"thumbnailUrl\":\"https:\/\/i0.wp.com\/elektrotec.com.br\/loja\/wp-content\/uploads\/2025\/02\/Roteador-TP-Link-TL-WR829N-300Mbps-2-Antenas-0.jpg?fit=700%2C800&ssl=1\",\"datePublished\":\"2025-02-11T00:06:48+00:00\",\"dateModified\":\"2025-02-11T23:54:29+00:00\",\"description\":\"Compre o Roteador TP-Link Wi-Fi N 300Mbps TL-WR829N e aproveite uma conex\u00e3o est\u00e1vel e r\u00e1pida para sua casa ou escrit\u00f3rio. Ideal para navega\u00e7\u00e3o e jogos!\",\"breadcrumb\":{\"@id\":\"https:\/\/elektrotec.com.br\/loja\/produto\/roteador-tp-link-tl-wr829n-300mbps-2-antenas\/#breadcrumb\"},\"inLanguage\":\"pt-BR\",\"potentialAction\":[{\"@type\":\"ReadAction\",\"target\":[\"https:\/\/elektrotec.com.br\/loja\/produto\/roteador-tp-link-tl-wr829n-300mbps-2-antenas\/\"]}]},{\"@type\":\"ImageObject\",\"inLanguage\":\"pt-BR\",\"@id\":\"https:\/\/elektrotec.com.br\/loja\/produto\/roteador-tp-link-tl-wr829n-300mbps-2-antenas\/#primaryimage\",\"url\":\"https:\/\/i0.wp.com\/elektrotec.com.br\/loja\/wp-content\/uploads\/2025\/02\/Roteador-TP-Link-TL-WR829N-300Mbps-2-Antenas-0.jpg?fit=700%2C800&ssl=1\",\"contentUrl\":\"https:\/\/i0.wp.com\/elektrotec.com.br\/loja\/wp-content\/uploads\/2025\/02\/Roteador-TP-Link-TL-WR829N-300Mbps-2-Antenas-0.jpg?fit=700%2C800&ssl=1\",\"width\":700,\"height\":800},{\"@type\":\"BreadcrumbList\",\"@id\":\"https:\/\/elektrotec.com.br\/loja\/produto\/roteador-tp-link-tl-wr829n-300mbps-2-antenas\/#breadcrumb\",\"itemListElement\":[{\"@type\":\"ListItem\",\"position\":1,\"name\":\"Home\",\"item\":\"https:\/\/elektrotec.com.br\/loja\/\"},{\"@type\":\"ListItem\",\"position\":2,\"name\":\"Ofertas do dia \u26a1\",\"item\":\"https:\/\/elektrotec.com.br\/loja\/loja\/\"},{\"@type\":\"ListItem\",\"position\":3,\"name\":\"Roteador TP-Link TL-WR829N 300Mbps 2 Antenas\"}]},{\"@type\":\"WebSite\",\"@id\":\"https:\/\/elektrotec.com.br\/loja\/#website\",\"url\":\"https:\/\/elektrotec.com.br\/loja\/\",\"name\":\"Elektrotec Store\",\"description\":\"Solu\u00e7\u00f5es em Energia e Automa\u00e7\u00e3o Industrial\",\"publisher\":{\"@id\":\"https:\/\/elektrotec.com.br\/loja\/#organization\"},\"potentialAction\":[{\"@type\":\"SearchAction\",\"target\":{\"@type\":\"EntryPoint\",\"urlTemplate\":\"https:\/\/elektrotec.com.br\/loja\/?s={search_term_string}\"},\"query-input\":{\"@type\":\"PropertyValueSpecification\",\"valueRequired\":true,\"valueName\":\"search_term_string\"}}],\"inLanguage\":\"pt-BR\"},{\"@type\":\"Organization\",\"@id\":\"https:\/\/elektrotec.com.br\/loja\/#organization\",\"name\":\"Elektrotec\",\"url\":\"https:\/\/elektrotec.com.br\/loja\/\",\"logo\":{\"@type\":\"ImageObject\",\"inLanguage\":\"pt-BR\",\"@id\":\"https:\/\/elektrotec.com.br\/loja\/#\/schema\/logo\/image\/\",\"url\":\"https:\/\/i0.wp.com\/elektrotec.com.br\/loja\/wp-content\/uploads\/2025\/05\/Logo-site-Elektrotec-Energy-1.webp?fit=270%2C70&ssl=1\",\"contentUrl\":\"https:\/\/i0.wp.com\/elektrotec.com.br\/loja\/wp-content\/uploads\/2025\/05\/Logo-site-Elektrotec-Energy-1.webp?fit=270%2C70&ssl=1\",\"width\":270,\"height\":70,\"caption\":\"Elektrotec\"},\"image\":{\"@id\":\"https:\/\/elektrotec.com.br\/loja\/#\/schema\/logo\/image\/\"}}]}<\/script>\n<!-- \/ Yoast SEO plugin. -->","yoast_head_json":{"title":"Roteador TP-Link TL-WR829N 300Mbps 2 Antenas | Elektrotec Store","description":"Compre o Roteador TP-Link Wi-Fi N 300Mbps TL-WR829N e aproveite uma conex\u00e3o est\u00e1vel e r\u00e1pida para sua casa ou escrit\u00f3rio. Ideal para navega\u00e7\u00e3o e jogos!","robots":{"index":"index","follow":"follow","max-snippet":"max-snippet:-1","max-image-preview":"max-image-preview:large","max-video-preview":"max-video-preview:-1"},"canonical":"https:\/\/elektrotec.com.br\/loja\/produto\/roteador-tp-link-tl-wr829n-300mbps-2-antenas\/","og_locale":"pt_BR","og_type":"article","og_title":"Roteador TP-Link TL-WR829N 300Mbps 2 Antenas | Elektrotec Store","og_description":"Compre o Roteador TP-Link Wi-Fi N 300Mbps TL-WR829N e aproveite uma conex\u00e3o est\u00e1vel e r\u00e1pida para sua casa ou escrit\u00f3rio. Ideal para navega\u00e7\u00e3o e jogos!","og_url":"https:\/\/elektrotec.com.br\/loja\/produto\/roteador-tp-link-tl-wr829n-300mbps-2-antenas\/","og_site_name":"Elektrotec Store","article_modified_time":"2025-02-11T23:54:29+00:00","og_image":[{"width":700,"height":800,"url":"https:\/\/elektrotec.com.br\/loja\/wp-content\/uploads\/2025\/02\/Roteador-TP-Link-TL-WR829N-300Mbps-2-Antenas-0.jpg","type":"image\/jpeg"}],"twitter_card":"summary_large_image","twitter_misc":{"Est. tempo de leitura":"2 minutos"},"schema":{"@context":"https:\/\/schema.org","@graph":[{"@type":"WebPage","@id":"https:\/\/elektrotec.com.br\/loja\/produto\/roteador-tp-link-tl-wr829n-300mbps-2-antenas\/","url":"https:\/\/elektrotec.com.br\/loja\/produto\/roteador-tp-link-tl-wr829n-300mbps-2-antenas\/","name":"Roteador TP-Link TL-WR829N 300Mbps 2 Antenas | Elektrotec Store","isPartOf":{"@id":"https:\/\/elektrotec.com.br\/loja\/#website"},"primaryImageOfPage":{"@id":"https:\/\/elektrotec.com.br\/loja\/produto\/roteador-tp-link-tl-wr829n-300mbps-2-antenas\/#primaryimage"},"image":{"@id":"https:\/\/elektrotec.com.br\/loja\/produto\/roteador-tp-link-tl-wr829n-300mbps-2-antenas\/#primaryimage"},"thumbnailUrl":"https:\/\/i0.wp.com\/elektrotec.com.br\/loja\/wp-content\/uploads\/2025\/02\/Roteador-TP-Link-TL-WR829N-300Mbps-2-Antenas-0.jpg?fit=700%2C800&ssl=1","datePublished":"2025-02-11T00:06:48+00:00","dateModified":"2025-02-11T23:54:29+00:00","description":"Compre o Roteador TP-Link Wi-Fi N 300Mbps TL-WR829N e aproveite uma conex\u00e3o est\u00e1vel e r\u00e1pida para sua casa ou escrit\u00f3rio. Ideal para navega\u00e7\u00e3o e jogos!","breadcrumb":{"@id":"https:\/\/elektrotec.com.br\/loja\/produto\/roteador-tp-link-tl-wr829n-300mbps-2-antenas\/#breadcrumb"},"inLanguage":"pt-BR","potentialAction":[{"@type":"ReadAction","target":["https:\/\/elektrotec.com.br\/loja\/produto\/roteador-tp-link-tl-wr829n-300mbps-2-antenas\/"]}]},{"@type":"ImageObject","inLanguage":"pt-BR","@id":"https:\/\/elektrotec.com.br\/loja\/produto\/roteador-tp-link-tl-wr829n-300mbps-2-antenas\/#primaryimage","url":"https:\/\/i0.wp.com\/elektrotec.com.br\/loja\/wp-content\/uploads\/2025\/02\/Roteador-TP-Link-TL-WR829N-300Mbps-2-Antenas-0.jpg?fit=700%2C800&ssl=1","contentUrl":"https:\/\/i0.wp.com\/elektrotec.com.br\/loja\/wp-content\/uploads\/2025\/02\/Roteador-TP-Link-TL-WR829N-300Mbps-2-Antenas-0.jpg?fit=700%2C800&ssl=1","width":700,"height":800},{"@type":"BreadcrumbList","@id":"https:\/\/elektrotec.com.br\/loja\/produto\/roteador-tp-link-tl-wr829n-300mbps-2-antenas\/#breadcrumb","itemListElement":[{"@type":"ListItem","position":1,"name":"Home","item":"https:\/\/elektrotec.com.br\/loja\/"},{"@type":"ListItem","position":2,"name":"Ofertas do dia \u26a1","item":"https:\/\/elektrotec.com.br\/loja\/loja\/"},{"@type":"ListItem","position":3,"name":"Roteador TP-Link TL-WR829N 300Mbps 2 Antenas"}]},{"@type":"WebSite","@id":"https:\/\/elektrotec.com.br\/loja\/#website","url":"https:\/\/elektrotec.com.br\/loja\/","name":"Elektrotec Store","description":"Solu\u00e7\u00f5es em Energia e Automa\u00e7\u00e3o Industrial","publisher":{"@id":"https:\/\/elektrotec.com.br\/loja\/#organization"},"potentialAction":[{"@type":"SearchAction","target":{"@type":"EntryPoint","urlTemplate":"https:\/\/elektrotec.com.br\/loja\/?s={search_term_string}"},"query-input":{"@type":"PropertyValueSpecification","valueRequired":true,"valueName":"search_term_string"}}],"inLanguage":"pt-BR"},{"@type":"Organization","@id":"https:\/\/elektrotec.com.br\/loja\/#organization","name":"Elektrotec","url":"https:\/\/elektrotec.com.br\/loja\/","logo":{"@type":"ImageObject","inLanguage":"pt-BR","@id":"https:\/\/elektrotec.com.br\/loja\/#\/schema\/logo\/image\/","url":"https:\/\/i0.wp.com\/elektrotec.com.br\/loja\/wp-content\/uploads\/2025\/05\/Logo-site-Elektrotec-Energy-1.webp?fit=270%2C70&ssl=1","contentUrl":"https:\/\/i0.wp.com\/elektrotec.com.br\/loja\/wp-content\/uploads\/2025\/05\/Logo-site-Elektrotec-Energy-1.webp?fit=270%2C70&ssl=1","width":270,"height":70,"caption":"Elektrotec"},"image":{"@id":"https:\/\/elektrotec.com.br\/loja\/#\/schema\/logo\/image\/"}}]}},"jetpack_sharing_enabled":true,"brands":[],"_links":{"self":[{"href":"https:\/\/elektrotec.com.br\/loja\/wp-json\/wp\/v2\/product\/4236","targetHints":{"allow":["GET"]}}],"collection":[{"href":"https:\/\/elektrotec.com.br\/loja\/wp-json\/wp\/v2\/product"}],"about":[{"href":"https:\/\/elektrotec.com.br\/loja\/wp-json\/wp\/v2\/types\/product"}],"replies":[{"embeddable":true,"href":"https:\/\/elektrotec.com.br\/loja\/wp-json\/wp\/v2\/comments?post=4236"}],"wp:featuredmedia":[{"embeddable":true,"href":"https:\/\/elektrotec.com.br\/loja\/wp-json\/wp\/v2\/media\/4238"}],"wp:attachment":[{"href":"https:\/\/elektrotec.com.br\/loja\/wp-json\/wp\/v2\/media?parent=4236"}],"wp:term":[{"taxonomy":"pwb-brand","embeddable":true,"href":"https:\/\/elektrotec.com.br\/loja\/wp-json\/wp\/v2\/pwb-brand?post=4236"},{"taxonomy":"product_brand","embeddable":true,"href":"https:\/\/elektrotec.com.br\/loja\/wp-json\/wp\/v2\/product_brand?post=4236"},{"taxonomy":"product_cat","embeddable":true,"href":"https:\/\/elektrotec.com.br\/loja\/wp-json\/wp\/v2\/product_cat?post=4236"},{"taxonomy":"product_tag","embeddable":true,"href":"https:\/\/elektrotec.com.br\/loja\/wp-json\/wp\/v2\/product_tag?post=4236"}],"curies":[{"name":"wp","href":"https:\/\/api.w.org\/{rel}","templated":true}]}}