{"id":4217,"date":"2025-10-29T13:00:39","date_gmt":"2025-10-29T16:00:39","guid":{"rendered":"https:\/\/quioske.com.br\/?post_type=product&#038;p=4217"},"modified":"2025-10-29T21:22:50","modified_gmt":"2025-10-30T00:22:50","slug":"monitor-gamer-lg-24-fhd-ips-100hz-hdmi-anti-reflexo-preto","status":"publish","type":"product","link":"https:\/\/elektrotec.com.br\/loja\/produto\/monitor-gamer-lg-24-fhd-ips-100hz-hdmi-anti-reflexo-preto\/","title":{"rendered":"Monitor Gamer LG 24&#8243; FHD, IPS, 100Hz, HDMI, Anti-Reflexo, Preto"},"content":{"rendered":"<div class=\"wpb-content-wrapper\"><p>[vc_row woodmart_css_id=&#8221;67aa8674424bc&#8221; responsive_spacing=&#8221;eyJwYXJhbV90eXBlIjoid29vZG1hcnRfcmVzcG9uc2l2ZV9zcGFjaW5nIiwic2VsZWN0b3JfaWQiOiI2N2FhODY3NDQyNGJjIiwic2hvcnRjb2RlIjoidmNfcm93IiwiZGF0YSI6eyJ0YWJsZXQiOnt9LCJtb2JpbGUiOnt9fX0=&#8221; mobile_bg_img_hidden=&#8221;no&#8221; tablet_bg_img_hidden=&#8221;no&#8221; woodmart_parallax=&#8221;0&#8243; woodmart_gradient_switch=&#8221;no&#8221; woodmart_box_shadow=&#8221;no&#8221; wd_z_index=&#8221;no&#8221; woodmart_disable_overflow=&#8221;0&#8243; row_reverse_mobile=&#8221;0&#8243; row_reverse_tablet=&#8221;0&#8243; el_id=&#8221;codigo-77996&#8243;][vc_column css=&#8221;.vc_custom_1666272391679{padding-top: 0px !important;}&#8221; woodmart_css_id=&#8221;63514c8260958&#8243; parallax_scroll=&#8221;no&#8221; woodmart_sticky_column=&#8221;false&#8221; wd_collapsible_content_switcher=&#8221;no&#8221; wd_column_role_offcanvas_desktop=&#8221;no&#8221; wd_column_role_offcanvas_tablet=&#8221;no&#8221; wd_column_role_offcanvas_mobile=&#8221;no&#8221; wd_column_role_content_desktop=&#8221;no&#8221; wd_column_role_content_tablet=&#8221;no&#8221; wd_column_role_content_mobile=&#8221;no&#8221; mobile_bg_img_hidden=&#8221;no&#8221; tablet_bg_img_hidden=&#8221;no&#8221; woodmart_parallax=&#8221;0&#8243; woodmart_box_shadow=&#8221;no&#8221; responsive_spacing=&#8221;eyJwYXJhbV90eXBlIjoid29vZG1hcnRfcmVzcG9uc2l2ZV9zcGFjaW5nIiwic2VsZWN0b3JfaWQiOiI2MzUxNGM4MjYwOTU4Iiwic2hvcnRjb2RlIjoidmNfY29sdW1uIiwiZGF0YSI6eyJ0YWJsZXQiOnt9LCJtb2JpbGUiOnt9fX0=&#8221; mobile_reset_margin=&#8221;no&#8221; tablet_reset_margin=&#8221;no&#8221; wd_z_index=&#8221;no&#8221;]\t\t<div id=\"wd-67aa8bf9c61b8\" class=\"wd-text-block wd-wpb reset-last-child wd-rs-67aa8bf9c61b8 text-center vc_custom_1739230271770\">\n\t\t\t<p><img data-recalc-dims=\"1\" loading=\"lazy\" decoding=\"async\" class=\"aligncenter wp-image-4229 size-full\" src=\"https:\/\/i0.wp.com\/elektrotec.com.br\/loja\/wp-content\/uploads\/2025\/02\/Monitor-Gamer-LG-24-FHD-IPS-100Hz-HDMI-Anti-Reflexo-Preto-9.jpg?resize=1200%2C2500&#038;ssl=1\" alt=\"\" width=\"1200\" height=\"2500\" srcset=\"https:\/\/i0.wp.com\/elektrotec.com.br\/loja\/wp-content\/uploads\/2025\/02\/Monitor-Gamer-LG-24-FHD-IPS-100Hz-HDMI-Anti-Reflexo-Preto-9.jpg?w=1200&amp;ssl=1 1200w, https:\/\/i0.wp.com\/elektrotec.com.br\/loja\/wp-content\/uploads\/2025\/02\/Monitor-Gamer-LG-24-FHD-IPS-100Hz-HDMI-Anti-Reflexo-Preto-9.jpg?resize=144%2C300&amp;ssl=1 144w, https:\/\/i0.wp.com\/elektrotec.com.br\/loja\/wp-content\/uploads\/2025\/02\/Monitor-Gamer-LG-24-FHD-IPS-100Hz-HDMI-Anti-Reflexo-Preto-9.jpg?resize=492%2C1024&amp;ssl=1 492w, https:\/\/i0.wp.com\/elektrotec.com.br\/loja\/wp-content\/uploads\/2025\/02\/Monitor-Gamer-LG-24-FHD-IPS-100Hz-HDMI-Anti-Reflexo-Preto-9.jpg?resize=768%2C1600&amp;ssl=1 768w, https:\/\/i0.wp.com\/elektrotec.com.br\/loja\/wp-content\/uploads\/2025\/02\/Monitor-Gamer-LG-24-FHD-IPS-100Hz-HDMI-Anti-Reflexo-Preto-9.jpg?resize=737%2C1536&amp;ssl=1 737w, https:\/\/i0.wp.com\/elektrotec.com.br\/loja\/wp-content\/uploads\/2025\/02\/Monitor-Gamer-LG-24-FHD-IPS-100Hz-HDMI-Anti-Reflexo-Preto-9.jpg?resize=983%2C2048&amp;ssl=1 983w, https:\/\/i0.wp.com\/elektrotec.com.br\/loja\/wp-content\/uploads\/2025\/02\/Monitor-Gamer-LG-24-FHD-IPS-100Hz-HDMI-Anti-Reflexo-Preto-9.jpg?resize=150%2C313&amp;ssl=1 150w\" sizes=\"auto, (max-width: 1000px) 100vw, 1000px\" \/><\/p>\n\t\t<\/div>\n\t\t[\/vc_column][\/vc_row][vc_row][vc_column woodmart_css_id=&#8221;667c81fba6236&#8243; parallax_scroll=&#8221;no&#8221; woodmart_sticky_column=&#8221;false&#8221; wd_collapsible_content_switcher=&#8221;no&#8221; wd_column_role_offcanvas_desktop=&#8221;no&#8221; wd_column_role_offcanvas_tablet=&#8221;no&#8221; wd_column_role_offcanvas_mobile=&#8221;no&#8221; wd_column_role_content_desktop=&#8221;no&#8221; wd_column_role_content_tablet=&#8221;no&#8221; wd_column_role_content_mobile=&#8221;no&#8221; mobile_bg_img_hidden=&#8221;no&#8221; tablet_bg_img_hidden=&#8221;no&#8221; woodmart_parallax=&#8221;0&#8243; woodmart_box_shadow=&#8221;no&#8221; responsive_spacing=&#8221;eyJwYXJhbV90eXBlIjoid29vZG1hcnRfcmVzcG9uc2l2ZV9zcGFjaW5nIiwic2VsZWN0b3JfaWQiOiI2NjdjODFmYmE2MjM2Iiwic2hvcnRjb2RlIjoidmNfY29sdW1uIiwiZGF0YSI6eyJ0YWJsZXQiOnt9LCJtb2JpbGUiOnt9fX0=&#8221; mobile_reset_margin=&#8221;no&#8221; tablet_reset_margin=&#8221;no&#8221; wd_z_index=&#8221;no&#8221; css=&#8221;.vc_custom_1719435784581{margin-top: -60px !important;}&#8221;][vc_separator border_width=&#8221;3&#8243; css=&#8221;.vc_custom_1731708518955{margin-top: 50px !important;margin-bottom: 50px !important;}&#8221; wd_hide_on_desktop=&#8221;no&#8221; wd_hide_on_tablet=&#8221;no&#8221; wd_hide_on_mobile=&#8221;no&#8221;][\/vc_column][\/vc_row][vc_row woodmart_css_id=&#8221;674bb5a3b48c6&#8243; responsive_spacing=&#8221;eyJwYXJhbV90eXBlIjoid29vZG1hcnRfcmVzcG9uc2l2ZV9zcGFjaW5nIiwic2VsZWN0b3JfaWQiOiI2NzRiYjVhM2I0OGM2Iiwic2hvcnRjb2RlIjoidmNfcm93IiwiZGF0YSI6eyJ0YWJsZXQiOnt9LCJtb2JpbGUiOnt9fX0=&#8221; mobile_bg_img_hidden=&#8221;no&#8221; tablet_bg_img_hidden=&#8221;no&#8221; woodmart_parallax=&#8221;0&#8243; woodmart_gradient_switch=&#8221;no&#8221; woodmart_box_shadow=&#8221;no&#8221; wd_z_index=&#8221;no&#8221; woodmart_disable_overflow=&#8221;0&#8243; row_reverse_mobile=&#8221;0&#8243; row_reverse_tablet=&#8221;0&#8243;][vc_column css=&#8221;.vc_custom_1669033735057{padding-top: 0px !important;}&#8221; woodmart_css_id=&#8221;637b6f036ef34&#8243; parallax_scroll=&#8221;no&#8221; woodmart_sticky_column=&#8221;false&#8221; wd_collapsible_content_switcher=&#8221;no&#8221; wd_column_role_offcanvas_desktop=&#8221;no&#8221; wd_column_role_offcanvas_tablet=&#8221;no&#8221; wd_column_role_offcanvas_mobile=&#8221;no&#8221; wd_column_role_content_desktop=&#8221;no&#8221; wd_column_role_content_tablet=&#8221;no&#8221; wd_column_role_content_mobile=&#8221;no&#8221; mobile_bg_img_hidden=&#8221;no&#8221; tablet_bg_img_hidden=&#8221;no&#8221; woodmart_parallax=&#8221;0&#8243; woodmart_box_shadow=&#8221;no&#8221; responsive_spacing=&#8221;eyJwYXJhbV90eXBlIjoid29vZG1hcnRfcmVzcG9uc2l2ZV9zcGFjaW5nIiwic2VsZWN0b3JfaWQiOiI2MzdiNmYwMzZlZjM0Iiwic2hvcnRjb2RlIjoidmNfY29sdW1uIiwiZGF0YSI6eyJ0YWJsZXQiOnt9LCJtb2JpbGUiOnt9fX0=&#8221; mobile_reset_margin=&#8221;no&#8221; tablet_reset_margin=&#8221;no&#8221; wd_z_index=&#8221;no&#8221;]\n\t\t<div id=\"wd-667ca27edb170\" class=\"title-wrapper wd-wpb wd-set-mb reset-last-child  wd-rs-667ca27edb170 wd-title-color-default wd-title-style-default text-left vc_custom_1719444410298 wd-underline-colored\">\n\t\t\t\n\t\t\t<div class=\"liner-continer\">\n\t\t\t\t<h4 class=\"woodmart-title-container title  wd-font-weight-700 wd-fontsize-l\" >\ud83d\udccc Especifica\u00e7\u00f5es T\u00e9cnicas:<\/h4>\n\t\t\t\t\t\t\t<\/div>\n\t\t\t\n\t\t\t\n\t\t\t\n\t\t<\/div>\n\t\t\n\t\t\t\t<div id=\"wd-67aa8c6c2b69b\" class=\"wd-text-block wd-wpb reset-last-child wd-rs-67aa8c6c2b69b text-left vc_custom_1739230798458\">\n\t\t\t<h4><strong>Especifica\u00e7\u00f5es:<\/strong><\/h4>\n<div class=\"sc-7e0ca514-1 GiPKU\">\n<ul>\n<li>Tamanho [polegadas]: 24&#8243;<\/li>\n<li>Propor\u00e7\u00e3o: 16:9<\/li>\n<li>Tipo de painel: IPS<\/li>\n<li>Tempo de resposta: 5ms(GtG)<\/li>\n<li>Resolu\u00e7\u00e3o: 1920&#215;1080<\/li>\n<li>Paso de p\u00edxeles [mm]: 0.2745 x 0.2745mm<\/li>\n<li>Profundidade de cor (n\u00famero de cores): 16.7M<\/li>\n<li>\u00c2ngulo de vis\u00e3o (CR\u226510): 178\u00ba(R\/L), 178\u00ba(U\/D)<\/li>\n<li>Brillo (t\u00edp.) [cd\/m\u00b2]: 250cd\/m\u00b2<\/li>\n<li>Rela\u00e7\u00e3o de contraste (Tipo): 1000:1<\/li>\n<li>Gama de cores (Typ.): NTSC 72% (CIE1931)<\/li>\n<li>Taxa de atualiza\u00e7\u00e3o (m\u00e1x.) [Hz]: 100hz<\/li>\n<li>Bit de cor: 8 bits (6bit+FRC)<\/li>\n<li>Tratamento de Superf\u00edcie: Anti-Reflexo<\/li>\n<\/ul>\n<p>&nbsp;<\/p>\n<h4><strong>Conectividade:<\/strong><\/h4>\n<ul>\n<li>Sa\u00edda para auscultadores: Sim (3 polos. Som)<\/li>\n<\/ul>\n<p>&nbsp;<\/p>\n<h4><strong>Recursos:<\/strong><\/h4>\n<ul>\n<li>Fraqueza de cor: Sim<\/li>\n<li>Economia de energia inteligente: Sim<\/li>\n<li>Sincroniza\u00e7\u00e3o de a\u00e7\u00e3o din\u00e2mica: Sim<\/li>\n<li>Estabilizador Preto: Sim<\/li>\n<li>Mira: Sim<\/li>\n<li>Otros (caracter\u00edsticas): Chave de Entrada Autom\u00e1tica<\/li>\n<li>Modo Leitor: Sim<\/li>\n<li>&#8211; Super Resolu\u00e7\u00e3o+: Sim<\/li>\n<li>&#8211; Interruptor de entrada autom\u00e1tica: Sim<\/li>\n<\/ul>\n<p>&nbsp;<\/p>\n<h4><strong>Mec\u00e2nica:<\/strong><\/h4>\n<ul>\n<li>Exibir ajustes de posi\u00e7\u00e3o: Sim<\/li>\n<li>Mont\u00e1vel na parede [mm]: 75&#215;75 mm<\/li>\n<li>Design sem bordas: Sim<\/li>\n<li>Suporte 1Click: Sim<\/li>\n<\/ul>\n<p>&nbsp;<\/p>\n<h4><strong>Dimens\u00f5es:<\/strong><\/h4>\n<ul>\n<li>Dimens\u00f5es com suporte (L x A x P) [mm]: 539.9 x 414.4 x 190mm<\/li>\n<li>Dimens\u00f5es sem suporte (L x A x P) [mm]: 539.9 x 321.4 x 56.2mm<\/li>\n<\/ul>\n<p>&nbsp;<\/p>\n<h4><strong>Energia:<\/strong><\/h4>\n<ul>\n<li>Consumo de energ\u00eda (t\u00edp.): 16W<\/li>\n<li>Entrada CA: 100~240V (50\/60Hz)<\/li>\n<li>Tipo: Adaptador externo<\/li>\n<li>Sa\u00edda CC: 16W (19V 0.84.A)<\/li>\n<\/ul>\n<p>&nbsp;<\/p>\n<h4><\/h4>\n<h4><strong>Conte\u00fado da Embalagem:<\/strong><\/h4>\n<ul>\n<li>Monitor Gamer<\/li>\n<li>Cabo HDMI<\/li>\n<li>Adaptador<\/li>\n<\/ul>\n<\/div>\n<p>&nbsp;<\/p>\n<div class=\"sc-7e0ca514-2 cKkhYq\" data-testid=\"InfoGarantia\">\n<div class=\"sc-7e0ca514-4 ikipIN\">\n<h4>Garantia:<\/h4>\n<\/div>\n<ul>\n<li class=\"sc-7e0ca514-3 lnNTXx\">1 ano de garantia (3 meses de garantia legal + 9 meses de garantia contratual junto ao fabricante)<\/li>\n<\/ul>\n<\/div>\n<p>&nbsp;<\/p>\n<div class=\"sc-7e0ca514-2 cKkhYq\" data-testid=\"InfoPeso\">\n<div class=\"sc-7e0ca514-4 ikipIN\">\n<h4>Peso:<\/h4>\n<\/div>\n<ul>\n<li class=\"sc-7e0ca514-3 lnNTXx\">7012 gramas (bruto com embalagem)<\/li>\n<\/ul>\n<\/div>\n\t\t<\/div>\n\t\t[\/vc_column][\/vc_row]<\/p>\n<\/div>","protected":false},"excerpt":{"rendered":"<p><strong>C\u00f3digo:<\/strong> <span style=\"color: #2a2a2a;\"><strong>77996<\/strong><\/span>\u00a0 \u00a0|\u00a0 \u00a0<strong>Mais produtos:<\/strong> <a href=\"https:\/\/elektrotec.com.br\/loja\/loja\/?filter_marcas=lg\"><span style=\"color: #000;\"><strong>LG<\/strong><\/span><\/a>\u00a0 \u00a0|\u00a0 \u00a0<a href=\"https:\/\/elektrotec.com.br\/loja\/produto\/monitor-gamer-lg-24-fhd-ips-100hz-hdmi-anti-reflexo-preto\/#codigo-77996\"><strong>Descri\u00e7\u00e3o do produto<\/strong><\/a><\/p>\n","protected":false},"featured_media":4220,"comment_status":"open","ping_status":"closed","template":"","meta":{"pagelayer_contact_templates":[],"_pagelayer_content":"","_mbp_gutenberg_autopost":false},"pwb-brand":[],"product_brand":[],"product_cat":[291,26,29,69,25],"product_tag":[],"class_list":{"0":"post-4217","1":"product","2":"type-product","3":"status-publish","4":"has-post-thumbnail","6":"product_cat-automacao-comercial","7":"product_cat-escritorio-e-papelaria","8":"product_cat-games-entretenimento","9":"product_cat-monitor","10":"product_cat-tecnologia-e-informatica","11":"product_shipping_class-logistica-quioske","13":"first","14":"instock","15":"featured","16":"shipping-taxable","17":"purchasable","18":"product-type-simple"},"yoast_head":"<!-- This site is optimized with the Yoast SEO plugin v27.2 - https:\/\/yoast.com\/product\/yoast-seo-wordpress\/ -->\n<title>Monitor Gamer LG 24&quot; FHD, IPS, 100Hz, HDMI, Anti-Reflexo, Preto | Elektrotec Store<\/title>\n<meta name=\"description\" content=\"Monitor Gamer de 24&quot; IPS, 100Hz, resolu\u00e7\u00e3o Full HD, com recursos como mira, estabilizador preto, e design sem bordas. Ideal para jogos.\" \/>\n<meta name=\"robots\" content=\"index, follow, max-snippet:-1, max-image-preview:large, max-video-preview:-1\" \/>\n<link rel=\"canonical\" href=\"https:\/\/elektrotec.com.br\/loja\/produto\/monitor-gamer-lg-24-fhd-ips-100hz-hdmi-anti-reflexo-preto\/\" \/>\n<meta property=\"og:locale\" content=\"pt_BR\" \/>\n<meta property=\"og:type\" content=\"article\" \/>\n<meta property=\"og:title\" content=\"Monitor Gamer LG 24&quot; FHD, IPS, 100Hz, HDMI, Anti-Reflexo, Preto | Elektrotec Store\" \/>\n<meta property=\"og:description\" content=\"Monitor Gamer de 24&quot; IPS, 100Hz, resolu\u00e7\u00e3o Full HD, com recursos como mira, estabilizador preto, e design sem bordas. Ideal para jogos.\" \/>\n<meta property=\"og:url\" content=\"https:\/\/elektrotec.com.br\/loja\/produto\/monitor-gamer-lg-24-fhd-ips-100hz-hdmi-anti-reflexo-preto\/\" \/>\n<meta property=\"og:site_name\" content=\"Elektrotec Store\" \/>\n<meta property=\"article:modified_time\" content=\"2025-10-30T00:22:50+00:00\" \/>\n<meta property=\"og:image\" content=\"https:\/\/elektrotec.com.br\/loja\/wp-content\/uploads\/2025\/02\/Monitor-Gamer-LG-24-FHD-IPS-100Hz-HDMI-Anti-Reflexo-Preto-0.jpg\" \/>\n\t<meta property=\"og:image:width\" content=\"700\" \/>\n\t<meta property=\"og:image:height\" content=\"800\" \/>\n\t<meta property=\"og:image:type\" content=\"image\/jpeg\" \/>\n<meta name=\"twitter:card\" content=\"summary_large_image\" \/>\n<meta name=\"twitter:label1\" content=\"Est. tempo de leitura\" \/>\n\t<meta name=\"twitter:data1\" content=\"3 minutos\" \/>\n<script type=\"application\/ld+json\" class=\"yoast-schema-graph\">{\"@context\":\"https:\/\/schema.org\",\"@graph\":[{\"@type\":\"WebPage\",\"@id\":\"https:\/\/elektrotec.com.br\/loja\/produto\/monitor-gamer-lg-24-fhd-ips-100hz-hdmi-anti-reflexo-preto\/\",\"url\":\"https:\/\/elektrotec.com.br\/loja\/produto\/monitor-gamer-lg-24-fhd-ips-100hz-hdmi-anti-reflexo-preto\/\",\"name\":\"Monitor Gamer LG 24\\\" FHD, IPS, 100Hz, HDMI, Anti-Reflexo, Preto | Elektrotec Store\",\"isPartOf\":{\"@id\":\"https:\/\/elektrotec.com.br\/loja\/#website\"},\"primaryImageOfPage\":{\"@id\":\"https:\/\/elektrotec.com.br\/loja\/produto\/monitor-gamer-lg-24-fhd-ips-100hz-hdmi-anti-reflexo-preto\/#primaryimage\"},\"image\":{\"@id\":\"https:\/\/elektrotec.com.br\/loja\/produto\/monitor-gamer-lg-24-fhd-ips-100hz-hdmi-anti-reflexo-preto\/#primaryimage\"},\"thumbnailUrl\":\"https:\/\/i0.wp.com\/elektrotec.com.br\/loja\/wp-content\/uploads\/2025\/02\/Monitor-Gamer-LG-24-FHD-IPS-100Hz-HDMI-Anti-Reflexo-Preto-0.jpg?fit=700%2C800&ssl=1\",\"datePublished\":\"2025-10-29T16:00:39+00:00\",\"dateModified\":\"2025-10-30T00:22:50+00:00\",\"description\":\"Monitor Gamer de 24\\\" IPS, 100Hz, resolu\u00e7\u00e3o Full HD, com recursos como mira, estabilizador preto, e design sem bordas. Ideal para jogos.\",\"breadcrumb\":{\"@id\":\"https:\/\/elektrotec.com.br\/loja\/produto\/monitor-gamer-lg-24-fhd-ips-100hz-hdmi-anti-reflexo-preto\/#breadcrumb\"},\"inLanguage\":\"pt-BR\",\"potentialAction\":[{\"@type\":\"ReadAction\",\"target\":[\"https:\/\/elektrotec.com.br\/loja\/produto\/monitor-gamer-lg-24-fhd-ips-100hz-hdmi-anti-reflexo-preto\/\"]}]},{\"@type\":\"ImageObject\",\"inLanguage\":\"pt-BR\",\"@id\":\"https:\/\/elektrotec.com.br\/loja\/produto\/monitor-gamer-lg-24-fhd-ips-100hz-hdmi-anti-reflexo-preto\/#primaryimage\",\"url\":\"https:\/\/i0.wp.com\/elektrotec.com.br\/loja\/wp-content\/uploads\/2025\/02\/Monitor-Gamer-LG-24-FHD-IPS-100Hz-HDMI-Anti-Reflexo-Preto-0.jpg?fit=700%2C800&ssl=1\",\"contentUrl\":\"https:\/\/i0.wp.com\/elektrotec.com.br\/loja\/wp-content\/uploads\/2025\/02\/Monitor-Gamer-LG-24-FHD-IPS-100Hz-HDMI-Anti-Reflexo-Preto-0.jpg?fit=700%2C800&ssl=1\",\"width\":700,\"height\":800},{\"@type\":\"BreadcrumbList\",\"@id\":\"https:\/\/elektrotec.com.br\/loja\/produto\/monitor-gamer-lg-24-fhd-ips-100hz-hdmi-anti-reflexo-preto\/#breadcrumb\",\"itemListElement\":[{\"@type\":\"ListItem\",\"position\":1,\"name\":\"Home\",\"item\":\"https:\/\/elektrotec.com.br\/loja\/\"},{\"@type\":\"ListItem\",\"position\":2,\"name\":\"Ofertas do dia \u26a1\",\"item\":\"https:\/\/elektrotec.com.br\/loja\/loja\/\"},{\"@type\":\"ListItem\",\"position\":3,\"name\":\"Monitor Gamer LG 24&#8243; FHD, IPS, 100Hz, HDMI, Anti-Reflexo, Preto\"}]},{\"@type\":\"WebSite\",\"@id\":\"https:\/\/elektrotec.com.br\/loja\/#website\",\"url\":\"https:\/\/elektrotec.com.br\/loja\/\",\"name\":\"Elektrotec Store\",\"description\":\"Solu\u00e7\u00f5es em Energia e Automa\u00e7\u00e3o Industrial\",\"publisher\":{\"@id\":\"https:\/\/elektrotec.com.br\/loja\/#organization\"},\"potentialAction\":[{\"@type\":\"SearchAction\",\"target\":{\"@type\":\"EntryPoint\",\"urlTemplate\":\"https:\/\/elektrotec.com.br\/loja\/?s={search_term_string}\"},\"query-input\":{\"@type\":\"PropertyValueSpecification\",\"valueRequired\":true,\"valueName\":\"search_term_string\"}}],\"inLanguage\":\"pt-BR\"},{\"@type\":\"Organization\",\"@id\":\"https:\/\/elektrotec.com.br\/loja\/#organization\",\"name\":\"Elektrotec\",\"url\":\"https:\/\/elektrotec.com.br\/loja\/\",\"logo\":{\"@type\":\"ImageObject\",\"inLanguage\":\"pt-BR\",\"@id\":\"https:\/\/elektrotec.com.br\/loja\/#\/schema\/logo\/image\/\",\"url\":\"https:\/\/i0.wp.com\/elektrotec.com.br\/loja\/wp-content\/uploads\/2025\/05\/Logo-site-Elektrotec-Energy-1.webp?fit=270%2C70&ssl=1\",\"contentUrl\":\"https:\/\/i0.wp.com\/elektrotec.com.br\/loja\/wp-content\/uploads\/2025\/05\/Logo-site-Elektrotec-Energy-1.webp?fit=270%2C70&ssl=1\",\"width\":270,\"height\":70,\"caption\":\"Elektrotec\"},\"image\":{\"@id\":\"https:\/\/elektrotec.com.br\/loja\/#\/schema\/logo\/image\/\"}}]}<\/script>\n<!-- \/ Yoast SEO plugin. -->","yoast_head_json":{"title":"Monitor Gamer LG 24\" FHD, IPS, 100Hz, HDMI, Anti-Reflexo, Preto | Elektrotec Store","description":"Monitor Gamer de 24\" IPS, 100Hz, resolu\u00e7\u00e3o Full HD, com recursos como mira, estabilizador preto, e design sem bordas. Ideal para jogos.","robots":{"index":"index","follow":"follow","max-snippet":"max-snippet:-1","max-image-preview":"max-image-preview:large","max-video-preview":"max-video-preview:-1"},"canonical":"https:\/\/elektrotec.com.br\/loja\/produto\/monitor-gamer-lg-24-fhd-ips-100hz-hdmi-anti-reflexo-preto\/","og_locale":"pt_BR","og_type":"article","og_title":"Monitor Gamer LG 24\" FHD, IPS, 100Hz, HDMI, Anti-Reflexo, Preto | Elektrotec Store","og_description":"Monitor Gamer de 24\" IPS, 100Hz, resolu\u00e7\u00e3o Full HD, com recursos como mira, estabilizador preto, e design sem bordas. Ideal para jogos.","og_url":"https:\/\/elektrotec.com.br\/loja\/produto\/monitor-gamer-lg-24-fhd-ips-100hz-hdmi-anti-reflexo-preto\/","og_site_name":"Elektrotec Store","article_modified_time":"2025-10-30T00:22:50+00:00","og_image":[{"width":700,"height":800,"url":"https:\/\/elektrotec.com.br\/loja\/wp-content\/uploads\/2025\/02\/Monitor-Gamer-LG-24-FHD-IPS-100Hz-HDMI-Anti-Reflexo-Preto-0.jpg","type":"image\/jpeg"}],"twitter_card":"summary_large_image","twitter_misc":{"Est. tempo de leitura":"3 minutos"},"schema":{"@context":"https:\/\/schema.org","@graph":[{"@type":"WebPage","@id":"https:\/\/elektrotec.com.br\/loja\/produto\/monitor-gamer-lg-24-fhd-ips-100hz-hdmi-anti-reflexo-preto\/","url":"https:\/\/elektrotec.com.br\/loja\/produto\/monitor-gamer-lg-24-fhd-ips-100hz-hdmi-anti-reflexo-preto\/","name":"Monitor Gamer LG 24\" FHD, IPS, 100Hz, HDMI, Anti-Reflexo, Preto | Elektrotec Store","isPartOf":{"@id":"https:\/\/elektrotec.com.br\/loja\/#website"},"primaryImageOfPage":{"@id":"https:\/\/elektrotec.com.br\/loja\/produto\/monitor-gamer-lg-24-fhd-ips-100hz-hdmi-anti-reflexo-preto\/#primaryimage"},"image":{"@id":"https:\/\/elektrotec.com.br\/loja\/produto\/monitor-gamer-lg-24-fhd-ips-100hz-hdmi-anti-reflexo-preto\/#primaryimage"},"thumbnailUrl":"https:\/\/i0.wp.com\/elektrotec.com.br\/loja\/wp-content\/uploads\/2025\/02\/Monitor-Gamer-LG-24-FHD-IPS-100Hz-HDMI-Anti-Reflexo-Preto-0.jpg?fit=700%2C800&ssl=1","datePublished":"2025-10-29T16:00:39+00:00","dateModified":"2025-10-30T00:22:50+00:00","description":"Monitor Gamer de 24\" IPS, 100Hz, resolu\u00e7\u00e3o Full HD, com recursos como mira, estabilizador preto, e design sem bordas. Ideal para jogos.","breadcrumb":{"@id":"https:\/\/elektrotec.com.br\/loja\/produto\/monitor-gamer-lg-24-fhd-ips-100hz-hdmi-anti-reflexo-preto\/#breadcrumb"},"inLanguage":"pt-BR","potentialAction":[{"@type":"ReadAction","target":["https:\/\/elektrotec.com.br\/loja\/produto\/monitor-gamer-lg-24-fhd-ips-100hz-hdmi-anti-reflexo-preto\/"]}]},{"@type":"ImageObject","inLanguage":"pt-BR","@id":"https:\/\/elektrotec.com.br\/loja\/produto\/monitor-gamer-lg-24-fhd-ips-100hz-hdmi-anti-reflexo-preto\/#primaryimage","url":"https:\/\/i0.wp.com\/elektrotec.com.br\/loja\/wp-content\/uploads\/2025\/02\/Monitor-Gamer-LG-24-FHD-IPS-100Hz-HDMI-Anti-Reflexo-Preto-0.jpg?fit=700%2C800&ssl=1","contentUrl":"https:\/\/i0.wp.com\/elektrotec.com.br\/loja\/wp-content\/uploads\/2025\/02\/Monitor-Gamer-LG-24-FHD-IPS-100Hz-HDMI-Anti-Reflexo-Preto-0.jpg?fit=700%2C800&ssl=1","width":700,"height":800},{"@type":"BreadcrumbList","@id":"https:\/\/elektrotec.com.br\/loja\/produto\/monitor-gamer-lg-24-fhd-ips-100hz-hdmi-anti-reflexo-preto\/#breadcrumb","itemListElement":[{"@type":"ListItem","position":1,"name":"Home","item":"https:\/\/elektrotec.com.br\/loja\/"},{"@type":"ListItem","position":2,"name":"Ofertas do dia \u26a1","item":"https:\/\/elektrotec.com.br\/loja\/loja\/"},{"@type":"ListItem","position":3,"name":"Monitor Gamer LG 24&#8243; FHD, IPS, 100Hz, HDMI, Anti-Reflexo, Preto"}]},{"@type":"WebSite","@id":"https:\/\/elektrotec.com.br\/loja\/#website","url":"https:\/\/elektrotec.com.br\/loja\/","name":"Elektrotec Store","description":"Solu\u00e7\u00f5es em Energia e Automa\u00e7\u00e3o Industrial","publisher":{"@id":"https:\/\/elektrotec.com.br\/loja\/#organization"},"potentialAction":[{"@type":"SearchAction","target":{"@type":"EntryPoint","urlTemplate":"https:\/\/elektrotec.com.br\/loja\/?s={search_term_string}"},"query-input":{"@type":"PropertyValueSpecification","valueRequired":true,"valueName":"search_term_string"}}],"inLanguage":"pt-BR"},{"@type":"Organization","@id":"https:\/\/elektrotec.com.br\/loja\/#organization","name":"Elektrotec","url":"https:\/\/elektrotec.com.br\/loja\/","logo":{"@type":"ImageObject","inLanguage":"pt-BR","@id":"https:\/\/elektrotec.com.br\/loja\/#\/schema\/logo\/image\/","url":"https:\/\/i0.wp.com\/elektrotec.com.br\/loja\/wp-content\/uploads\/2025\/05\/Logo-site-Elektrotec-Energy-1.webp?fit=270%2C70&ssl=1","contentUrl":"https:\/\/i0.wp.com\/elektrotec.com.br\/loja\/wp-content\/uploads\/2025\/05\/Logo-site-Elektrotec-Energy-1.webp?fit=270%2C70&ssl=1","width":270,"height":70,"caption":"Elektrotec"},"image":{"@id":"https:\/\/elektrotec.com.br\/loja\/#\/schema\/logo\/image\/"}}]}},"jetpack_sharing_enabled":true,"brands":[],"_links":{"self":[{"href":"https:\/\/elektrotec.com.br\/loja\/wp-json\/wp\/v2\/product\/4217","targetHints":{"allow":["GET"]}}],"collection":[{"href":"https:\/\/elektrotec.com.br\/loja\/wp-json\/wp\/v2\/product"}],"about":[{"href":"https:\/\/elektrotec.com.br\/loja\/wp-json\/wp\/v2\/types\/product"}],"replies":[{"embeddable":true,"href":"https:\/\/elektrotec.com.br\/loja\/wp-json\/wp\/v2\/comments?post=4217"}],"wp:featuredmedia":[{"embeddable":true,"href":"https:\/\/elektrotec.com.br\/loja\/wp-json\/wp\/v2\/media\/4220"}],"wp:attachment":[{"href":"https:\/\/elektrotec.com.br\/loja\/wp-json\/wp\/v2\/media?parent=4217"}],"wp:term":[{"taxonomy":"pwb-brand","embeddable":true,"href":"https:\/\/elektrotec.com.br\/loja\/wp-json\/wp\/v2\/pwb-brand?post=4217"},{"taxonomy":"product_brand","embeddable":true,"href":"https:\/\/elektrotec.com.br\/loja\/wp-json\/wp\/v2\/product_brand?post=4217"},{"taxonomy":"product_cat","embeddable":true,"href":"https:\/\/elektrotec.com.br\/loja\/wp-json\/wp\/v2\/product_cat?post=4217"},{"taxonomy":"product_tag","embeddable":true,"href":"https:\/\/elektrotec.com.br\/loja\/wp-json\/wp\/v2\/product_tag?post=4217"}],"curies":[{"name":"wp","href":"https:\/\/api.w.org\/{rel}","templated":true}]}}