{"id":4204,"date":"2025-02-09T13:17:12","date_gmt":"2025-02-09T16:17:12","guid":{"rendered":"https:\/\/quioske.com.br\/?post_type=product&#038;p=4204"},"modified":"2025-02-10T20:41:32","modified_gmt":"2025-02-10T23:41:32","slug":"monitor-philips-238-led-full-hd-100hz-1ms-adaptive-sync-preto","status":"publish","type":"product","link":"https:\/\/elektrotec.com.br\/loja\/produto\/monitor-philips-238-led-full-hd-100hz-1ms-adaptive-sync-preto\/","title":{"rendered":"Monitor Philips 23,8&#8243; Led Full HD, 100Hz, 1MS, Adaptive-sync, Preto"},"content":{"rendered":"<div class=\"wpb-content-wrapper\"><p>[vc_row woodmart_css_id=&#8221;67a8d75dec5a9&#8243; responsive_spacing=&#8221;eyJwYXJhbV90eXBlIjoid29vZG1hcnRfcmVzcG9uc2l2ZV9zcGFjaW5nIiwic2VsZWN0b3JfaWQiOiI2N2E4ZDc1ZGVjNWE5Iiwic2hvcnRjb2RlIjoidmNfcm93IiwiZGF0YSI6eyJ0YWJsZXQiOnt9LCJtb2JpbGUiOnt9fX0=&#8221; mobile_bg_img_hidden=&#8221;no&#8221; tablet_bg_img_hidden=&#8221;no&#8221; woodmart_parallax=&#8221;0&#8243; woodmart_gradient_switch=&#8221;no&#8221; woodmart_box_shadow=&#8221;no&#8221; wd_z_index=&#8221;no&#8221; woodmart_disable_overflow=&#8221;0&#8243; row_reverse_mobile=&#8221;0&#8243; row_reverse_tablet=&#8221;0&#8243; el_id=&#8221;codigo-77868&#8243;][vc_column css=&#8221;.vc_custom_1666272391679{padding-top: 0px !important;}&#8221; woodmart_css_id=&#8221;63514c8260958&#8243; parallax_scroll=&#8221;no&#8221; woodmart_sticky_column=&#8221;false&#8221; wd_collapsible_content_switcher=&#8221;no&#8221; wd_column_role_offcanvas_desktop=&#8221;no&#8221; wd_column_role_offcanvas_tablet=&#8221;no&#8221; wd_column_role_offcanvas_mobile=&#8221;no&#8221; wd_column_role_content_desktop=&#8221;no&#8221; wd_column_role_content_tablet=&#8221;no&#8221; wd_column_role_content_mobile=&#8221;no&#8221; mobile_bg_img_hidden=&#8221;no&#8221; tablet_bg_img_hidden=&#8221;no&#8221; woodmart_parallax=&#8221;0&#8243; woodmart_box_shadow=&#8221;no&#8221; responsive_spacing=&#8221;eyJwYXJhbV90eXBlIjoid29vZG1hcnRfcmVzcG9uc2l2ZV9zcGFjaW5nIiwic2VsZWN0b3JfaWQiOiI2MzUxNGM4MjYwOTU4Iiwic2hvcnRjb2RlIjoidmNfY29sdW1uIiwiZGF0YSI6eyJ0YWJsZXQiOnt9LCJtb2JpbGUiOnt9fX0=&#8221; mobile_reset_margin=&#8221;no&#8221; tablet_reset_margin=&#8221;no&#8221; wd_z_index=&#8221;no&#8221;]\t\t<div id=\"wd-67a8daa901b5e\" class=\"wd-text-block wd-wpb reset-last-child wd-rs-67a8daa901b5e text-center vc_custom_1739119258119\">\n\t\t\t<p style=\"text-align: left;\">O Monitor Philips 24\\&#8221; Gaming &#8211; 241V8LAB \u00e9 uma excelente escolha para gamers e entusiastas que buscam um monitor com desempenho de alta qualidade e recursos avan\u00e7ados para melhorar a experi\u00eancia de jogo e entretenimento. Projetado para oferecer uma combina\u00e7\u00e3o perfeita de velocidade e clareza, este monitor \u00e9 ideal para uma ampla gama de aplica\u00e7\u00f5es. O Philips 241V8LAB possui uma tela de 24 polegadas com resolu\u00e7\u00e3o Full HD (1920 x 1080 pixels). Essa configura\u00e7\u00e3o oferece imagens detalhadas e n\u00edtidas, proporcionando uma experi\u00eancia visual imersiva e agrad\u00e1vel para jogos, v\u00eddeos e tarefas do dia a dia.<br \/>\nEspecifica\u00e7\u00f5es T\u00e9cnicas<br \/>\nDescri\u00e7\u00e3o Monitor Philips 24\\&#8221;\\&#8221; 100Hz 1ms LED Gaming &#8211; 241V8LAB<br \/>\nFabricante Philips<br \/>\nSKU 241V8LAB<br \/>\nEAN 7898620272265<br \/>\nTELA 23,8\\&#8221;\\&#8221; Widescreen VA<br \/>\nRESOLU\u00c7\u00c3O FHD<br \/>\nTAMANHO DA IMAGEM VIS\u00cdVEL (DIAGONAL) 60,5 cm<br \/>\nTIPO DE PAINEL VA<br \/>\nBRILHO 250 cd\/m\u00b2<br \/>\nCONTRASTE DIN\u00c2MICO Mega Infinty DCR (&gt;150.000.000:1)<br \/>\nCONTRASTE EST\u00c1TICO 4.000:1<br \/>\n\u00c2NGULO DE VIS\u00c3O H:178\u00b0 V:178\u00b0<br \/>\nTAXA DE ATUALIZA\u00c7\u00c3O 100 Hz<br \/>\nTEMPO DE RESPOSTA 1ms MPRT<br \/>\nTECNOLOGIA DE SINCRONIZA\u00c7\u00c3O Adaptive-Sync<br \/>\nALTO-FALANTES Sim (2W x 2)<br \/>\nGarantia Fabricante 12 Meses<\/p>\n\t\t<\/div>\n\t\t[\/vc_column][\/vc_row][vc_row][vc_column woodmart_css_id=&#8221;667c81fba6236&#8243; parallax_scroll=&#8221;no&#8221; woodmart_sticky_column=&#8221;false&#8221; wd_collapsible_content_switcher=&#8221;no&#8221; wd_column_role_offcanvas_desktop=&#8221;no&#8221; wd_column_role_offcanvas_tablet=&#8221;no&#8221; wd_column_role_offcanvas_mobile=&#8221;no&#8221; wd_column_role_content_desktop=&#8221;no&#8221; wd_column_role_content_tablet=&#8221;no&#8221; wd_column_role_content_mobile=&#8221;no&#8221; mobile_bg_img_hidden=&#8221;no&#8221; tablet_bg_img_hidden=&#8221;no&#8221; woodmart_parallax=&#8221;0&#8243; woodmart_box_shadow=&#8221;no&#8221; responsive_spacing=&#8221;eyJwYXJhbV90eXBlIjoid29vZG1hcnRfcmVzcG9uc2l2ZV9zcGFjaW5nIiwic2VsZWN0b3JfaWQiOiI2NjdjODFmYmE2MjM2Iiwic2hvcnRjb2RlIjoidmNfY29sdW1uIiwiZGF0YSI6eyJ0YWJsZXQiOnt9LCJtb2JpbGUiOnt9fX0=&#8221; mobile_reset_margin=&#8221;no&#8221; tablet_reset_margin=&#8221;no&#8221; wd_z_index=&#8221;no&#8221; css=&#8221;.vc_custom_1719435784581{margin-top: -60px !important;}&#8221;][vc_separator border_width=&#8221;3&#8243; css=&#8221;.vc_custom_1731708518955{margin-top: 50px !important;margin-bottom: 50px !important;}&#8221; wd_hide_on_desktop=&#8221;no&#8221; wd_hide_on_tablet=&#8221;no&#8221; wd_hide_on_mobile=&#8221;no&#8221;][\/vc_column][\/vc_row][vc_row woodmart_css_id=&#8221;674bb5a3b48c6&#8243; responsive_spacing=&#8221;eyJwYXJhbV90eXBlIjoid29vZG1hcnRfcmVzcG9uc2l2ZV9zcGFjaW5nIiwic2VsZWN0b3JfaWQiOiI2NzRiYjVhM2I0OGM2Iiwic2hvcnRjb2RlIjoidmNfcm93IiwiZGF0YSI6eyJ0YWJsZXQiOnt9LCJtb2JpbGUiOnt9fX0=&#8221; mobile_bg_img_hidden=&#8221;no&#8221; tablet_bg_img_hidden=&#8221;no&#8221; woodmart_parallax=&#8221;0&#8243; woodmart_gradient_switch=&#8221;no&#8221; woodmart_box_shadow=&#8221;no&#8221; wd_z_index=&#8221;no&#8221; woodmart_disable_overflow=&#8221;0&#8243; row_reverse_mobile=&#8221;0&#8243; row_reverse_tablet=&#8221;0&#8243;][vc_column css=&#8221;.vc_custom_1669033735057{padding-top: 0px !important;}&#8221; woodmart_css_id=&#8221;637b6f036ef34&#8243; parallax_scroll=&#8221;no&#8221; woodmart_sticky_column=&#8221;false&#8221; wd_collapsible_content_switcher=&#8221;no&#8221; wd_column_role_offcanvas_desktop=&#8221;no&#8221; wd_column_role_offcanvas_tablet=&#8221;no&#8221; wd_column_role_offcanvas_mobile=&#8221;no&#8221; wd_column_role_content_desktop=&#8221;no&#8221; wd_column_role_content_tablet=&#8221;no&#8221; wd_column_role_content_mobile=&#8221;no&#8221; mobile_bg_img_hidden=&#8221;no&#8221; tablet_bg_img_hidden=&#8221;no&#8221; woodmart_parallax=&#8221;0&#8243; woodmart_box_shadow=&#8221;no&#8221; responsive_spacing=&#8221;eyJwYXJhbV90eXBlIjoid29vZG1hcnRfcmVzcG9uc2l2ZV9zcGFjaW5nIiwic2VsZWN0b3JfaWQiOiI2MzdiNmYwMzZlZjM0Iiwic2hvcnRjb2RlIjoidmNfY29sdW1uIiwiZGF0YSI6eyJ0YWJsZXQiOnt9LCJtb2JpbGUiOnt9fX0=&#8221; mobile_reset_margin=&#8221;no&#8221; tablet_reset_margin=&#8221;no&#8221; wd_z_index=&#8221;no&#8221;]\n\t\t<div id=\"wd-667ca27edb170\" class=\"title-wrapper wd-wpb wd-set-mb reset-last-child  wd-rs-667ca27edb170 wd-title-color-default wd-title-style-default text-left vc_custom_1719444410298 wd-underline-colored\">\n\t\t\t\n\t\t\t<div class=\"liner-continer\">\n\t\t\t\t<h4 class=\"woodmart-title-container title  wd-font-weight-700 wd-fontsize-l\" >\ud83d\udccc Especifica\u00e7\u00f5es T\u00e9cnicas:<\/h4>\n\t\t\t\t\t\t\t<\/div>\n\t\t\t\n\t\t\t\n\t\t\t\n\t\t<\/div>\n\t\t\n\t\t\t\t<div id=\"wd-67a8d9383f74c\" class=\"wd-text-block wd-wpb reset-last-child wd-rs-67a8d9383f74c text-left vc_custom_1739118900977\">\n\t\t\t<p><strong>Especifica\u00e7\u00f5es:<\/strong><\/p>\n<ul>\n<li>Tamanho da Tela: 23,8 polegadas<\/li>\n<li>Resolu\u00e7\u00e3o: Full HD (1920&#215;1080)<\/li>\n<li>Taxa de Atualiza\u00e7\u00e3o: 100 Hz<\/li>\n<li>Tempo de Resposta: 1 ms (MPRT)<\/li>\n<li>Conex\u00f5es: VGA, HDMI<\/li>\n<li>Recursos: Adaptive Sync, antirreflexo, LowBlue Mode, sem cintila\u00e7\u00e3o<\/li>\n<li>Compatibilidade: Suporte VESA<\/li>\n<\/ul>\n<p>&nbsp;<\/p>\n<h4>Benef\u00edcios:<\/h4>\n<ul>\n<li>Imagens Suaves: Taxa de atualiza\u00e7\u00e3o de 100 Hz e tecnologia Adaptive Sync para eliminar travamentos e cortes na tela.<\/li>\n<li>Prote\u00e7\u00e3o para os Olhos: Modo LowBlue e tecnologia sem cintila\u00e7\u00e3o para reduzir a fadiga ocular.<\/li>\n<li>Design Vers\u00e1til: Suporte VESA para montagem personalizada.<\/li>\n<li>Ideal para Jogadores: Resposta ultrarr\u00e1pida de 1 ms para a\u00e7\u00e3o fluida em jogos.<\/li>\n<\/ul>\n<p>&nbsp;<\/p>\n<h4>Adquira na Quioske Store:<\/h4>\n<ul>\n<li>Entrega R\u00e1pida: Receba seu produto com agilidade e seguran\u00e7a.<\/li>\n<li>Qualidade Garantida: Produto original Philips com excel\u00eancia comprovada.<\/li>\n<\/ul>\n\t\t<\/div>\n\t\t[\/vc_column][\/vc_row]<\/p>\n<\/div>","protected":false},"excerpt":{"rendered":"<p><strong>C\u00f3digo:<\/strong> <span style=\"color: #2a2a2a;\"><strong>77868<\/strong><\/span>\u00a0 \u00a0|\u00a0 \u00a0<strong>Mais produtos:<\/strong> <a href=\"https:\/\/elektrotec.com.br\/loja\/loja\/?filter_marcas=philips\"><span style=\"color: #000;\"><strong>Philips<\/strong><\/span><\/a>\u00a0 \u00a0|\u00a0 \u00a0<a href=\"https:\/\/elektrotec.com.br\/loja\/produto\/monitor-philips-238-led-full-hd-100hz-1ms-adaptive-sync-preto\/#codigo-77868\"><strong>Descri\u00e7\u00e3o do produto<\/strong><\/a><\/p>\n","protected":false},"featured_media":4205,"comment_status":"open","ping_status":"closed","template":"","meta":{"pagelayer_contact_templates":[],"_pagelayer_content":"","_mbp_gutenberg_autopost":false},"pwb-brand":[],"product_brand":[],"product_cat":[291,26,29,69,25],"product_tag":[],"class_list":{"0":"post-4204","1":"product","2":"type-product","3":"status-publish","4":"has-post-thumbnail","6":"product_cat-automacao-comercial","7":"product_cat-escritorio-e-papelaria","8":"product_cat-games-entretenimento","9":"product_cat-monitor","10":"product_cat-tecnologia-e-informatica","11":"product_shipping_class-logistica-quioske","13":"first","14":"instock","15":"featured","16":"shipping-taxable","17":"purchasable","18":"product-type-simple"},"yoast_head":"<!-- This site is optimized with the Yoast SEO plugin v27.2 - https:\/\/yoast.com\/product\/yoast-seo-wordpress\/ -->\n<title>Monitor Philips 23,8&quot; Led Full HD, 100Hz, 1MS, Adaptive-sync, Preto | Elektrotec Store<\/title>\n<meta name=\"description\" content=\"O monitor Philips 241V8LAB de 24 polegadas com resolu\u00e7\u00e3o Full HD 1920x1080 oferece imagens n\u00edtidas e detalhadas, ideal para trabalho, estudo e jogos!\" \/>\n<meta name=\"robots\" content=\"index, follow, max-snippet:-1, max-image-preview:large, max-video-preview:-1\" \/>\n<link rel=\"canonical\" href=\"https:\/\/elektrotec.com.br\/loja\/produto\/monitor-philips-238-led-full-hd-100hz-1ms-adaptive-sync-preto\/\" \/>\n<meta property=\"og:locale\" content=\"pt_BR\" \/>\n<meta property=\"og:type\" content=\"article\" \/>\n<meta property=\"og:title\" content=\"Monitor Philips 23,8&quot; Led Full HD, 100Hz, 1MS, Adaptive-sync, Preto | Elektrotec Store\" \/>\n<meta property=\"og:description\" content=\"O monitor Philips 241V8LAB de 24 polegadas com resolu\u00e7\u00e3o Full HD 1920x1080 oferece imagens n\u00edtidas e detalhadas, ideal para trabalho, estudo e jogos!\" \/>\n<meta property=\"og:url\" content=\"https:\/\/elektrotec.com.br\/loja\/produto\/monitor-philips-238-led-full-hd-100hz-1ms-adaptive-sync-preto\/\" \/>\n<meta property=\"og:site_name\" content=\"Elektrotec Store\" \/>\n<meta property=\"article:modified_time\" content=\"2025-02-10T23:41:32+00:00\" \/>\n<meta property=\"og:image\" content=\"https:\/\/elektrotec.com.br\/loja\/wp-content\/uploads\/2025\/02\/Monitor-Philips-238-Led-Full-HD-100Hz-1MS-Adaptive-sync-Preto-0.jpg\" \/>\n\t<meta property=\"og:image:width\" content=\"700\" \/>\n\t<meta property=\"og:image:height\" content=\"800\" \/>\n\t<meta property=\"og:image:type\" content=\"image\/jpeg\" \/>\n<meta name=\"twitter:card\" content=\"summary_large_image\" \/>\n<meta name=\"twitter:label1\" content=\"Est. tempo de leitura\" \/>\n\t<meta name=\"twitter:data1\" content=\"3 minutos\" \/>\n<script type=\"application\/ld+json\" class=\"yoast-schema-graph\">{\"@context\":\"https:\/\/schema.org\",\"@graph\":[{\"@type\":\"WebPage\",\"@id\":\"https:\/\/elektrotec.com.br\/loja\/produto\/monitor-philips-238-led-full-hd-100hz-1ms-adaptive-sync-preto\/\",\"url\":\"https:\/\/elektrotec.com.br\/loja\/produto\/monitor-philips-238-led-full-hd-100hz-1ms-adaptive-sync-preto\/\",\"name\":\"Monitor Philips 23,8\\\" Led Full HD, 100Hz, 1MS, Adaptive-sync, Preto | Elektrotec Store\",\"isPartOf\":{\"@id\":\"https:\/\/elektrotec.com.br\/loja\/#website\"},\"primaryImageOfPage\":{\"@id\":\"https:\/\/elektrotec.com.br\/loja\/produto\/monitor-philips-238-led-full-hd-100hz-1ms-adaptive-sync-preto\/#primaryimage\"},\"image\":{\"@id\":\"https:\/\/elektrotec.com.br\/loja\/produto\/monitor-philips-238-led-full-hd-100hz-1ms-adaptive-sync-preto\/#primaryimage\"},\"thumbnailUrl\":\"https:\/\/i0.wp.com\/elektrotec.com.br\/loja\/wp-content\/uploads\/2025\/02\/Monitor-Philips-238-Led-Full-HD-100Hz-1MS-Adaptive-sync-Preto-0.jpg?fit=700%2C800&ssl=1\",\"datePublished\":\"2025-02-09T16:17:12+00:00\",\"dateModified\":\"2025-02-10T23:41:32+00:00\",\"description\":\"O monitor Philips 241V8LAB de 24 polegadas com resolu\u00e7\u00e3o Full HD 1920x1080 oferece imagens n\u00edtidas e detalhadas, ideal para trabalho, estudo e jogos!\",\"breadcrumb\":{\"@id\":\"https:\/\/elektrotec.com.br\/loja\/produto\/monitor-philips-238-led-full-hd-100hz-1ms-adaptive-sync-preto\/#breadcrumb\"},\"inLanguage\":\"pt-BR\",\"potentialAction\":[{\"@type\":\"ReadAction\",\"target\":[\"https:\/\/elektrotec.com.br\/loja\/produto\/monitor-philips-238-led-full-hd-100hz-1ms-adaptive-sync-preto\/\"]}]},{\"@type\":\"ImageObject\",\"inLanguage\":\"pt-BR\",\"@id\":\"https:\/\/elektrotec.com.br\/loja\/produto\/monitor-philips-238-led-full-hd-100hz-1ms-adaptive-sync-preto\/#primaryimage\",\"url\":\"https:\/\/i0.wp.com\/elektrotec.com.br\/loja\/wp-content\/uploads\/2025\/02\/Monitor-Philips-238-Led-Full-HD-100Hz-1MS-Adaptive-sync-Preto-0.jpg?fit=700%2C800&ssl=1\",\"contentUrl\":\"https:\/\/i0.wp.com\/elektrotec.com.br\/loja\/wp-content\/uploads\/2025\/02\/Monitor-Philips-238-Led-Full-HD-100Hz-1MS-Adaptive-sync-Preto-0.jpg?fit=700%2C800&ssl=1\",\"width\":700,\"height\":800},{\"@type\":\"BreadcrumbList\",\"@id\":\"https:\/\/elektrotec.com.br\/loja\/produto\/monitor-philips-238-led-full-hd-100hz-1ms-adaptive-sync-preto\/#breadcrumb\",\"itemListElement\":[{\"@type\":\"ListItem\",\"position\":1,\"name\":\"Home\",\"item\":\"https:\/\/elektrotec.com.br\/loja\/\"},{\"@type\":\"ListItem\",\"position\":2,\"name\":\"Ofertas do dia \u26a1\",\"item\":\"https:\/\/elektrotec.com.br\/loja\/loja\/\"},{\"@type\":\"ListItem\",\"position\":3,\"name\":\"Monitor Philips 23,8&#8243; Led Full HD, 100Hz, 1MS, Adaptive-sync, Preto\"}]},{\"@type\":\"WebSite\",\"@id\":\"https:\/\/elektrotec.com.br\/loja\/#website\",\"url\":\"https:\/\/elektrotec.com.br\/loja\/\",\"name\":\"Elektrotec Store\",\"description\":\"Solu\u00e7\u00f5es em Energia e Automa\u00e7\u00e3o Industrial\",\"publisher\":{\"@id\":\"https:\/\/elektrotec.com.br\/loja\/#organization\"},\"potentialAction\":[{\"@type\":\"SearchAction\",\"target\":{\"@type\":\"EntryPoint\",\"urlTemplate\":\"https:\/\/elektrotec.com.br\/loja\/?s={search_term_string}\"},\"query-input\":{\"@type\":\"PropertyValueSpecification\",\"valueRequired\":true,\"valueName\":\"search_term_string\"}}],\"inLanguage\":\"pt-BR\"},{\"@type\":\"Organization\",\"@id\":\"https:\/\/elektrotec.com.br\/loja\/#organization\",\"name\":\"Elektrotec\",\"url\":\"https:\/\/elektrotec.com.br\/loja\/\",\"logo\":{\"@type\":\"ImageObject\",\"inLanguage\":\"pt-BR\",\"@id\":\"https:\/\/elektrotec.com.br\/loja\/#\/schema\/logo\/image\/\",\"url\":\"https:\/\/i0.wp.com\/elektrotec.com.br\/loja\/wp-content\/uploads\/2025\/05\/Logo-site-Elektrotec-Energy-1.webp?fit=270%2C70&ssl=1\",\"contentUrl\":\"https:\/\/i0.wp.com\/elektrotec.com.br\/loja\/wp-content\/uploads\/2025\/05\/Logo-site-Elektrotec-Energy-1.webp?fit=270%2C70&ssl=1\",\"width\":270,\"height\":70,\"caption\":\"Elektrotec\"},\"image\":{\"@id\":\"https:\/\/elektrotec.com.br\/loja\/#\/schema\/logo\/image\/\"}}]}<\/script>\n<!-- \/ Yoast SEO plugin. -->","yoast_head_json":{"title":"Monitor Philips 23,8\" Led Full HD, 100Hz, 1MS, Adaptive-sync, Preto | Elektrotec Store","description":"O monitor Philips 241V8LAB de 24 polegadas com resolu\u00e7\u00e3o Full HD 1920x1080 oferece imagens n\u00edtidas e detalhadas, ideal para trabalho, estudo e jogos!","robots":{"index":"index","follow":"follow","max-snippet":"max-snippet:-1","max-image-preview":"max-image-preview:large","max-video-preview":"max-video-preview:-1"},"canonical":"https:\/\/elektrotec.com.br\/loja\/produto\/monitor-philips-238-led-full-hd-100hz-1ms-adaptive-sync-preto\/","og_locale":"pt_BR","og_type":"article","og_title":"Monitor Philips 23,8\" Led Full HD, 100Hz, 1MS, Adaptive-sync, Preto | Elektrotec Store","og_description":"O monitor Philips 241V8LAB de 24 polegadas com resolu\u00e7\u00e3o Full HD 1920x1080 oferece imagens n\u00edtidas e detalhadas, ideal para trabalho, estudo e jogos!","og_url":"https:\/\/elektrotec.com.br\/loja\/produto\/monitor-philips-238-led-full-hd-100hz-1ms-adaptive-sync-preto\/","og_site_name":"Elektrotec Store","article_modified_time":"2025-02-10T23:41:32+00:00","og_image":[{"width":700,"height":800,"url":"https:\/\/elektrotec.com.br\/loja\/wp-content\/uploads\/2025\/02\/Monitor-Philips-238-Led-Full-HD-100Hz-1MS-Adaptive-sync-Preto-0.jpg","type":"image\/jpeg"}],"twitter_card":"summary_large_image","twitter_misc":{"Est. tempo de leitura":"3 minutos"},"schema":{"@context":"https:\/\/schema.org","@graph":[{"@type":"WebPage","@id":"https:\/\/elektrotec.com.br\/loja\/produto\/monitor-philips-238-led-full-hd-100hz-1ms-adaptive-sync-preto\/","url":"https:\/\/elektrotec.com.br\/loja\/produto\/monitor-philips-238-led-full-hd-100hz-1ms-adaptive-sync-preto\/","name":"Monitor Philips 23,8\" Led Full HD, 100Hz, 1MS, Adaptive-sync, Preto | Elektrotec Store","isPartOf":{"@id":"https:\/\/elektrotec.com.br\/loja\/#website"},"primaryImageOfPage":{"@id":"https:\/\/elektrotec.com.br\/loja\/produto\/monitor-philips-238-led-full-hd-100hz-1ms-adaptive-sync-preto\/#primaryimage"},"image":{"@id":"https:\/\/elektrotec.com.br\/loja\/produto\/monitor-philips-238-led-full-hd-100hz-1ms-adaptive-sync-preto\/#primaryimage"},"thumbnailUrl":"https:\/\/i0.wp.com\/elektrotec.com.br\/loja\/wp-content\/uploads\/2025\/02\/Monitor-Philips-238-Led-Full-HD-100Hz-1MS-Adaptive-sync-Preto-0.jpg?fit=700%2C800&ssl=1","datePublished":"2025-02-09T16:17:12+00:00","dateModified":"2025-02-10T23:41:32+00:00","description":"O monitor Philips 241V8LAB de 24 polegadas com resolu\u00e7\u00e3o Full HD 1920x1080 oferece imagens n\u00edtidas e detalhadas, ideal para trabalho, estudo e jogos!","breadcrumb":{"@id":"https:\/\/elektrotec.com.br\/loja\/produto\/monitor-philips-238-led-full-hd-100hz-1ms-adaptive-sync-preto\/#breadcrumb"},"inLanguage":"pt-BR","potentialAction":[{"@type":"ReadAction","target":["https:\/\/elektrotec.com.br\/loja\/produto\/monitor-philips-238-led-full-hd-100hz-1ms-adaptive-sync-preto\/"]}]},{"@type":"ImageObject","inLanguage":"pt-BR","@id":"https:\/\/elektrotec.com.br\/loja\/produto\/monitor-philips-238-led-full-hd-100hz-1ms-adaptive-sync-preto\/#primaryimage","url":"https:\/\/i0.wp.com\/elektrotec.com.br\/loja\/wp-content\/uploads\/2025\/02\/Monitor-Philips-238-Led-Full-HD-100Hz-1MS-Adaptive-sync-Preto-0.jpg?fit=700%2C800&ssl=1","contentUrl":"https:\/\/i0.wp.com\/elektrotec.com.br\/loja\/wp-content\/uploads\/2025\/02\/Monitor-Philips-238-Led-Full-HD-100Hz-1MS-Adaptive-sync-Preto-0.jpg?fit=700%2C800&ssl=1","width":700,"height":800},{"@type":"BreadcrumbList","@id":"https:\/\/elektrotec.com.br\/loja\/produto\/monitor-philips-238-led-full-hd-100hz-1ms-adaptive-sync-preto\/#breadcrumb","itemListElement":[{"@type":"ListItem","position":1,"name":"Home","item":"https:\/\/elektrotec.com.br\/loja\/"},{"@type":"ListItem","position":2,"name":"Ofertas do dia \u26a1","item":"https:\/\/elektrotec.com.br\/loja\/loja\/"},{"@type":"ListItem","position":3,"name":"Monitor Philips 23,8&#8243; Led Full HD, 100Hz, 1MS, Adaptive-sync, Preto"}]},{"@type":"WebSite","@id":"https:\/\/elektrotec.com.br\/loja\/#website","url":"https:\/\/elektrotec.com.br\/loja\/","name":"Elektrotec Store","description":"Solu\u00e7\u00f5es em Energia e Automa\u00e7\u00e3o Industrial","publisher":{"@id":"https:\/\/elektrotec.com.br\/loja\/#organization"},"potentialAction":[{"@type":"SearchAction","target":{"@type":"EntryPoint","urlTemplate":"https:\/\/elektrotec.com.br\/loja\/?s={search_term_string}"},"query-input":{"@type":"PropertyValueSpecification","valueRequired":true,"valueName":"search_term_string"}}],"inLanguage":"pt-BR"},{"@type":"Organization","@id":"https:\/\/elektrotec.com.br\/loja\/#organization","name":"Elektrotec","url":"https:\/\/elektrotec.com.br\/loja\/","logo":{"@type":"ImageObject","inLanguage":"pt-BR","@id":"https:\/\/elektrotec.com.br\/loja\/#\/schema\/logo\/image\/","url":"https:\/\/i0.wp.com\/elektrotec.com.br\/loja\/wp-content\/uploads\/2025\/05\/Logo-site-Elektrotec-Energy-1.webp?fit=270%2C70&ssl=1","contentUrl":"https:\/\/i0.wp.com\/elektrotec.com.br\/loja\/wp-content\/uploads\/2025\/05\/Logo-site-Elektrotec-Energy-1.webp?fit=270%2C70&ssl=1","width":270,"height":70,"caption":"Elektrotec"},"image":{"@id":"https:\/\/elektrotec.com.br\/loja\/#\/schema\/logo\/image\/"}}]}},"jetpack_sharing_enabled":true,"brands":[],"_links":{"self":[{"href":"https:\/\/elektrotec.com.br\/loja\/wp-json\/wp\/v2\/product\/4204","targetHints":{"allow":["GET"]}}],"collection":[{"href":"https:\/\/elektrotec.com.br\/loja\/wp-json\/wp\/v2\/product"}],"about":[{"href":"https:\/\/elektrotec.com.br\/loja\/wp-json\/wp\/v2\/types\/product"}],"replies":[{"embeddable":true,"href":"https:\/\/elektrotec.com.br\/loja\/wp-json\/wp\/v2\/comments?post=4204"}],"wp:featuredmedia":[{"embeddable":true,"href":"https:\/\/elektrotec.com.br\/loja\/wp-json\/wp\/v2\/media\/4205"}],"wp:attachment":[{"href":"https:\/\/elektrotec.com.br\/loja\/wp-json\/wp\/v2\/media?parent=4204"}],"wp:term":[{"taxonomy":"pwb-brand","embeddable":true,"href":"https:\/\/elektrotec.com.br\/loja\/wp-json\/wp\/v2\/pwb-brand?post=4204"},{"taxonomy":"product_brand","embeddable":true,"href":"https:\/\/elektrotec.com.br\/loja\/wp-json\/wp\/v2\/product_brand?post=4204"},{"taxonomy":"product_cat","embeddable":true,"href":"https:\/\/elektrotec.com.br\/loja\/wp-json\/wp\/v2\/product_cat?post=4204"},{"taxonomy":"product_tag","embeddable":true,"href":"https:\/\/elektrotec.com.br\/loja\/wp-json\/wp\/v2\/product_tag?post=4204"}],"curies":[{"name":"wp","href":"https:\/\/api.w.org\/{rel}","templated":true}]}}