{"id":4097,"date":"2025-01-30T22:07:58","date_gmt":"2025-01-31T01:07:58","guid":{"rendered":"https:\/\/quioske.com.br\/?post_type=product&#038;p=4097"},"modified":"2025-02-02T19:01:31","modified_gmt":"2025-02-02T22:01:31","slug":"projetor-acer-x1228h-dlp-xga-1024-x-768-4-800-lumens-vga-hdmi-speaker-3w-max-300-pol-preto","status":"publish","type":"product","link":"https:\/\/elektrotec.com.br\/loja\/produto\/projetor-acer-x1228h-dlp-xga-1024-x-768-4-800-lumens-vga-hdmi-speaker-3w-max-300-pol-preto\/","title":{"rendered":"Projetor Acer X1228H DLP XGA, 1024 X 768, 4.800 Lumens, VGA, HDMI, Speaker 3W, MAX 300 POL, Preto"},"content":{"rendered":"<div class=\"wpb-content-wrapper\"><p>[vc_row woodmart_css_id=&#8221;679c26a99de01&#8243; responsive_spacing=&#8221;eyJwYXJhbV90eXBlIjoid29vZG1hcnRfcmVzcG9uc2l2ZV9zcGFjaW5nIiwic2VsZWN0b3JfaWQiOiI2NzljMjZhOTlkZTAxIiwic2hvcnRjb2RlIjoidmNfcm93IiwiZGF0YSI6eyJ0YWJsZXQiOnt9LCJtb2JpbGUiOnt9fX0=&#8221; mobile_bg_img_hidden=&#8221;no&#8221; tablet_bg_img_hidden=&#8221;no&#8221; woodmart_parallax=&#8221;0&#8243; woodmart_gradient_switch=&#8221;no&#8221; woodmart_box_shadow=&#8221;no&#8221; wd_z_index=&#8221;no&#8221; woodmart_disable_overflow=&#8221;0&#8243; row_reverse_mobile=&#8221;0&#8243; row_reverse_tablet=&#8221;0&#8243; el_id=&#8221;codigo-77620&#8243;][vc_column css=&#8221;.vc_custom_1666272391679{padding-top: 0px !important;}&#8221; woodmart_css_id=&#8221;63514c8260958&#8243; parallax_scroll=&#8221;no&#8221; woodmart_sticky_column=&#8221;false&#8221; wd_collapsible_content_switcher=&#8221;no&#8221; wd_column_role_offcanvas_desktop=&#8221;no&#8221; wd_column_role_offcanvas_tablet=&#8221;no&#8221; wd_column_role_offcanvas_mobile=&#8221;no&#8221; wd_column_role_content_desktop=&#8221;no&#8221; wd_column_role_content_tablet=&#8221;no&#8221; wd_column_role_content_mobile=&#8221;no&#8221; mobile_bg_img_hidden=&#8221;no&#8221; tablet_bg_img_hidden=&#8221;no&#8221; woodmart_parallax=&#8221;0&#8243; woodmart_box_shadow=&#8221;no&#8221; responsive_spacing=&#8221;eyJwYXJhbV90eXBlIjoid29vZG1hcnRfcmVzcG9uc2l2ZV9zcGFjaW5nIiwic2VsZWN0b3JfaWQiOiI2MzUxNGM4MjYwOTU4Iiwic2hvcnRjb2RlIjoidmNfY29sdW1uIiwiZGF0YSI6eyJ0YWJsZXQiOnt9LCJtb2JpbGUiOnt9fX0=&#8221; mobile_reset_margin=&#8221;no&#8221; tablet_reset_margin=&#8221;no&#8221; wd_z_index=&#8221;no&#8221;][vc_column_text css=&#8221;&#8221; woodmart_inline=&#8221;no&#8221; text_larger=&#8221;no&#8221;]<img data-recalc-dims=\"1\" loading=\"lazy\" decoding=\"async\" class=\"aligncenter wp-image-4098\" src=\"https:\/\/i0.wp.com\/elektrotec.com.br\/loja\/wp-content\/uploads\/2025\/01\/Projetor-Acer-X1228H-DLP-XGA-1024-X-768-4.800-Lumens-VGA-Hdmi-Speaker-3W-MAX-300-POL-Preto.jpg?resize=1200%2C3974&#038;ssl=1\" alt=\"\" width=\"1200\" height=\"3974\" srcset=\"https:\/\/i0.wp.com\/elektrotec.com.br\/loja\/wp-content\/uploads\/2025\/01\/Projetor-Acer-X1228H-DLP-XGA-1024-X-768-4.800-Lumens-VGA-Hdmi-Speaker-3W-MAX-300-POL-Preto-scaled.jpg?resize=91%2C300&amp;ssl=1 91w, https:\/\/i0.wp.com\/elektrotec.com.br\/loja\/wp-content\/uploads\/2025\/01\/Projetor-Acer-X1228H-DLP-XGA-1024-X-768-4.800-Lumens-VGA-Hdmi-Speaker-3W-MAX-300-POL-Preto-scaled.jpg?resize=309%2C1024&amp;ssl=1 309w, https:\/\/i0.wp.com\/elektrotec.com.br\/loja\/wp-content\/uploads\/2025\/01\/Projetor-Acer-X1228H-DLP-XGA-1024-X-768-4.800-Lumens-VGA-Hdmi-Speaker-3W-MAX-300-POL-Preto-scaled.jpg?resize=768%2C2543&amp;ssl=1 768w, https:\/\/i0.wp.com\/elektrotec.com.br\/loja\/wp-content\/uploads\/2025\/01\/Projetor-Acer-X1228H-DLP-XGA-1024-X-768-4.800-Lumens-VGA-Hdmi-Speaker-3W-MAX-300-POL-Preto-scaled.jpg?resize=464%2C1536&amp;ssl=1 464w, https:\/\/i0.wp.com\/elektrotec.com.br\/loja\/wp-content\/uploads\/2025\/01\/Projetor-Acer-X1228H-DLP-XGA-1024-X-768-4.800-Lumens-VGA-Hdmi-Speaker-3W-MAX-300-POL-Preto-scaled.jpg?resize=618%2C2048&amp;ssl=1 618w, https:\/\/i0.wp.com\/elektrotec.com.br\/loja\/wp-content\/uploads\/2025\/01\/Projetor-Acer-X1228H-DLP-XGA-1024-X-768-4.800-Lumens-VGA-Hdmi-Speaker-3W-MAX-300-POL-Preto-scaled.jpg?resize=150%2C497&amp;ssl=1 150w, https:\/\/i0.wp.com\/elektrotec.com.br\/loja\/wp-content\/uploads\/2025\/01\/Projetor-Acer-X1228H-DLP-XGA-1024-X-768-4.800-Lumens-VGA-Hdmi-Speaker-3W-MAX-300-POL-Preto-scaled.jpg?w=773&amp;ssl=1 773w\" sizes=\"auto, (max-width: 1000px) 100vw, 1000px\" \/>[\/vc_column_text][\/vc_column][\/vc_row][vc_row][vc_column woodmart_css_id=&#8221;667c81fba6236&#8243; parallax_scroll=&#8221;no&#8221; woodmart_sticky_column=&#8221;false&#8221; wd_collapsible_content_switcher=&#8221;no&#8221; wd_column_role_offcanvas_desktop=&#8221;no&#8221; wd_column_role_offcanvas_tablet=&#8221;no&#8221; wd_column_role_offcanvas_mobile=&#8221;no&#8221; wd_column_role_content_desktop=&#8221;no&#8221; wd_column_role_content_tablet=&#8221;no&#8221; wd_column_role_content_mobile=&#8221;no&#8221; mobile_bg_img_hidden=&#8221;no&#8221; tablet_bg_img_hidden=&#8221;no&#8221; woodmart_parallax=&#8221;0&#8243; woodmart_box_shadow=&#8221;no&#8221; responsive_spacing=&#8221;eyJwYXJhbV90eXBlIjoid29vZG1hcnRfcmVzcG9uc2l2ZV9zcGFjaW5nIiwic2VsZWN0b3JfaWQiOiI2NjdjODFmYmE2MjM2Iiwic2hvcnRjb2RlIjoidmNfY29sdW1uIiwiZGF0YSI6eyJ0YWJsZXQiOnt9LCJtb2JpbGUiOnt9fX0=&#8221; mobile_reset_margin=&#8221;no&#8221; tablet_reset_margin=&#8221;no&#8221; wd_z_index=&#8221;no&#8221; css=&#8221;.vc_custom_1719435784581{margin-top: -60px !important;}&#8221;][vc_separator border_width=&#8221;3&#8243; css=&#8221;.vc_custom_1731708518955{margin-top: 50px !important;margin-bottom: 50px !important;}&#8221; wd_hide_on_desktop=&#8221;no&#8221; wd_hide_on_tablet=&#8221;no&#8221; wd_hide_on_mobile=&#8221;no&#8221;][\/vc_column][\/vc_row][vc_row woodmart_css_id=&#8221;674bb5a3b48c6&#8243; responsive_spacing=&#8221;eyJwYXJhbV90eXBlIjoid29vZG1hcnRfcmVzcG9uc2l2ZV9zcGFjaW5nIiwic2VsZWN0b3JfaWQiOiI2NzRiYjVhM2I0OGM2Iiwic2hvcnRjb2RlIjoidmNfcm93IiwiZGF0YSI6eyJ0YWJsZXQiOnt9LCJtb2JpbGUiOnt9fX0=&#8221; mobile_bg_img_hidden=&#8221;no&#8221; tablet_bg_img_hidden=&#8221;no&#8221; woodmart_parallax=&#8221;0&#8243; woodmart_gradient_switch=&#8221;no&#8221; woodmart_box_shadow=&#8221;no&#8221; wd_z_index=&#8221;no&#8221; woodmart_disable_overflow=&#8221;0&#8243; row_reverse_mobile=&#8221;0&#8243; row_reverse_tablet=&#8221;0&#8243;][vc_column css=&#8221;.vc_custom_1669033735057{padding-top: 0px !important;}&#8221; woodmart_css_id=&#8221;637b6f036ef34&#8243; parallax_scroll=&#8221;no&#8221; woodmart_sticky_column=&#8221;false&#8221; wd_collapsible_content_switcher=&#8221;no&#8221; wd_column_role_offcanvas_desktop=&#8221;no&#8221; wd_column_role_offcanvas_tablet=&#8221;no&#8221; wd_column_role_offcanvas_mobile=&#8221;no&#8221; wd_column_role_content_desktop=&#8221;no&#8221; wd_column_role_content_tablet=&#8221;no&#8221; wd_column_role_content_mobile=&#8221;no&#8221; mobile_bg_img_hidden=&#8221;no&#8221; tablet_bg_img_hidden=&#8221;no&#8221; woodmart_parallax=&#8221;0&#8243; woodmart_box_shadow=&#8221;no&#8221; responsive_spacing=&#8221;eyJwYXJhbV90eXBlIjoid29vZG1hcnRfcmVzcG9uc2l2ZV9zcGFjaW5nIiwic2VsZWN0b3JfaWQiOiI2MzdiNmYwMzZlZjM0Iiwic2hvcnRjb2RlIjoidmNfY29sdW1uIiwiZGF0YSI6eyJ0YWJsZXQiOnt9LCJtb2JpbGUiOnt9fX0=&#8221; mobile_reset_margin=&#8221;no&#8221; tablet_reset_margin=&#8221;no&#8221; wd_z_index=&#8221;no&#8221;]\n\t\t<div id=\"wd-667ca27edb170\" class=\"title-wrapper wd-wpb wd-set-mb reset-last-child  wd-rs-667ca27edb170 wd-title-color-default wd-title-style-default text-left vc_custom_1719444410298 wd-underline-colored\">\n\t\t\t\n\t\t\t<div class=\"liner-continer\">\n\t\t\t\t<h4 class=\"woodmart-title-container title  wd-font-weight-700 wd-fontsize-l\" >\ud83d\udccc Especifica\u00e7\u00f5es T\u00e9cnicas:<\/h4>\n\t\t\t\t\t\t\t<\/div>\n\t\t\t\n\t\t\t\n\t\t\t\n\t\t<\/div>\n\t\t\n\t\t\t\t<div id=\"wd-679c2bc436eb0\" class=\"wd-text-block wd-wpb reset-last-child wd-rs-679c2bc436eb0 text-left vc_custom_1738288118012\">\n\t\t\t<h4 class=\"sc-7e0ca514-1 GiPKU\"><b>Especifica\u00e7\u00f5es:<\/b><br \/>\n<b><\/b><\/h4>\n<ul>\n<li>Resolu\u00e7\u00e3o nativa: 800 x 600<\/li>\n<li>Resolu\u00e7\u00e3o m\u00e1xima: 1024 x 768<\/li>\n<li>Brilho do modo padr\u00e3o: 4800 lm<\/li>\n<li>Propor\u00e7\u00e3o nativa: 4:3<\/li>\n<li>Propor\u00e7\u00e3o compat\u00edvel: 16:9<\/li>\n<li>Rela\u00e7\u00e3o de contraste: 20.000:1<\/li>\n<li>Propor\u00e7\u00e3o de arremesso: 1,96 a 2,15 (1270 mm 2000 mm)<\/li>\n<li>Zoom digital: 2x<\/li>\n<li>Corre\u00e7\u00e3o Keystone Vertical: -40\u00b0\/+40\u00b0<\/li>\n<li>Sincroniza\u00e7\u00e3o vertical m\u00e1xima: 120Hz<\/li>\n<li>Sincroniza\u00e7\u00e3o horizontal m\u00e1xima: 100 kHz<\/li>\n<li>Sincroniza\u00e7\u00e3o vertical m\u00ednima: 24Hz<\/li>\n<li>Sincroniza\u00e7\u00e3o horizontal m\u00ednima: 15 kHz<\/li>\n<li>Compat\u00edvel com cores: 1,07 bilh\u00e3o de cores (30 bits)<\/li>\n<li>Abertura M\u00ednima da Lente: f\/2.56<\/li>\n<li>Abertura m\u00e1xima da lente: f\/2.68<\/li>\n<li>Dist\u00e2ncia focal m\u00ednima: 22 mil\u00edmetros<\/li>\n<li>Dist\u00e2ncia focal m\u00e1xima: 24,10 mil\u00edmetros<\/li>\n<li>Tamanho m\u00ednimo da imagem diagonal: 584,20 mil\u00edmetros<\/li>\n<li>Tamanho m\u00e1ximo da imagem diagonal: 7,62 m (300\u00b4\u00b4)<\/li>\n<li>Dist\u00e2ncia M\u00ednima de Proje\u00e7\u00e3o: 1m<\/li>\n<li>Dist\u00e2ncia m\u00e1xima de proje\u00e7\u00e3o: 12 m<\/li>\n<li>Zoom \u00f3tico: 1,1x<\/li>\n<li>Tipo de l\u00e2mpada: UHP<\/li>\n<li>N\u00famero de l\u00e2mpadas: 1<\/li>\n<li>Pot\u00eancia da L\u00e2mpada: 210 W<\/li>\n<li>Vida \u00fatil da l\u00e2mpada do modo normal: 5.000 horas<\/li>\n<li>Vida \u00fatil da l\u00e2mpada do modo econ\u00f4mico: 10.000 horas<\/li>\n<li>Vida \u00fatil da l\u00e2mpada no modo ExtremeEco: 15.000 horas<\/li>\n<li>HDMI: Sim<\/li>\n<li>N\u00famero de portas USB: 1<\/li>\n<li>USB: Sim<\/li>\n<li>Tipo de conector USB: 1 x Mini-B<\/li>\n<li>V\u00eddeo composto: Sim<\/li>\n<li>N\u00famero de entradas VGA: 1<\/li>\n<li>Entrada VGA: Sim<\/li>\n<li>N\u00famero de sa\u00eddas VGA: 1<\/li>\n<li>Sa\u00edda VGA: Sim<\/li>\n<li>N\u00famero de entradas de \u00e1udio: 1<\/li>\n<li>N\u00famero de sa\u00eddas de \u00e1udio: 1<\/li>\n<li>Entrada de \u00e1udio: Sim<\/li>\n<li>Sa\u00edda de linha de \u00e1udio: Sim<\/li>\n<li>N\u00famero total de portas HDMI: 1<\/li>\n<li>Sistema de proje\u00e7\u00e3o: DLP<\/li>\n<li>M\u00e9todo de proje\u00e7\u00e3o: Teto\/ Frente\/ Traseiro\/ Traseiro Teto<\/li>\n<li>Compatibilidade de v\u00eddeo: EDTV \/HDTV\/ NTSC\/ PAL\/ SDTV\/ SECAM<\/li>\n<li>Compatibilidade do Computador: Mac PC \/ Windows PC<\/li>\n<li>N\u00famero de alto-falantes: 1<\/li>\n<li>Pot\u00eancia de sa\u00edda do alto-falante: 3 W<\/li>\n<li>Modo de sa\u00edda do alto-falante: Mono<\/li>\n<li>Fonte de energia: 100 V CA ~ 240 V CA<\/li>\n<li>Tens\u00e3o de entrada: 120 V CA \/ 230 V CA<\/li>\n<li>Consumo de energia operacional: 260 W<\/li>\n<li>Ru\u00eddo do Ventilador: Modo econ\u00f4mico aproximado de 29 dB Modo padr\u00e3o aproximado de 33 dB<\/li>\n<li>Fator de forma: Mont\u00e1vel no Teto<\/li>\n<\/ul>\n<p>&nbsp;<\/p>\n<h4>Dimens\u00f5es Produto:<\/h4>\n<ul>\n<li>30cm x 23cm x 11cm<\/li>\n<li>Peso: 2,40Kg Conte\u00fado da embalagem:<\/li>\n<li>Projetor Multim\u00eddia Acer<\/li>\n<\/ul>\n<p>&nbsp;<\/p>\n<h4>Conte\u00fado da embalagem:<\/h4>\n<ul>\n<li>Projetor Acer X1128hp, 1024&#215;768, 4800 Lumens, HDMI, VGA, USB, Preto<\/li>\n<\/ul>\n<p>&nbsp;<\/p>\n<h4>Garantia do Fornecedor<\/h4>\n<ul>\n<li>12 Meses<\/li>\n<\/ul>\n<p>&nbsp;<\/p>\n<h4>Modelo<\/h4>\n<ul>\n<li>X1128HP<\/li>\n<\/ul>\n<h4>Peso:<\/h4>\n<ul>\n<li>4000 gramas (bruto com embalagem)<\/li>\n<\/ul>\n\t\t<\/div>\n\t\t[\/vc_column][\/vc_row]<\/p>\n<\/div>","protected":false},"excerpt":{"rendered":"<p><strong>C\u00f3digo:<\/strong> <span style=\"color: #2a2a2a;\"><strong>77620<\/strong><\/span>\u00a0 \u00a0|\u00a0 \u00a0<strong>Mais produtos:<\/strong> <a href=\"https:\/\/elektrotec.com.br\/loja\/loja\/?filter_marcas=acer\"><span style=\"color: #000;\"><strong>Acer<\/strong><\/span><\/a>\u00a0 \u00a0|\u00a0 \u00a0<a href=\"https:\/\/elektrotec.com.br\/loja\/produto\/projetor-acer-x1228h-dlp-xga-1024-x-768-4-800-lumens-vga-hdmi-speaker-3w-max-300-pol-preto\/#codigo-77620\"><strong>Descri\u00e7\u00e3o do produto<\/strong><\/a><\/p>\n","protected":false},"featured_media":3992,"comment_status":"open","ping_status":"closed","template":"","meta":{"pagelayer_contact_templates":[],"_pagelayer_content":"","_mbp_gutenberg_autopost":false},"pwb-brand":[],"product_brand":[],"product_cat":[139,30],"product_tag":[],"class_list":{"0":"post-4097","1":"product","2":"type-product","3":"status-publish","4":"has-post-thumbnail","6":"product_cat-projetor","7":"product_cat-tvs-videos","8":"product_shipping_class-logistica-quioske","10":"first","11":"instock","12":"featured","13":"shipping-taxable","14":"purchasable","15":"product-type-simple"},"yoast_head":"<!-- This site is optimized with the Yoast SEO plugin v27.2 - https:\/\/yoast.com\/product\/yoast-seo-wordpress\/ -->\n<title>Projetor Acer X1228H DLP XGA, 1024 X 768, 4.800 Lumens, VGA, HDMI, Speaker 3W, MAX 300 POL, Preto | Elektrotec Store<\/title>\n<meta name=\"description\" content=\"Projetor Acer X1128HP, 4800 Lumens, 1024x768, HDMI e USB. Brilho intenso e imagem n\u00edtida para projetos profissionais e momentos de lazer.\" \/>\n<meta name=\"robots\" content=\"index, follow, max-snippet:-1, max-image-preview:large, max-video-preview:-1\" \/>\n<link rel=\"canonical\" href=\"https:\/\/elektrotec.com.br\/loja\/produto\/projetor-acer-x1228h-dlp-xga-1024-x-768-4-800-lumens-vga-hdmi-speaker-3w-max-300-pol-preto\/\" \/>\n<meta property=\"og:locale\" content=\"pt_BR\" \/>\n<meta property=\"og:type\" content=\"article\" \/>\n<meta property=\"og:title\" content=\"Projetor Acer X1228H DLP XGA, 1024 X 768, 4.800 Lumens, VGA, HDMI, Speaker 3W, MAX 300 POL, Preto | Elektrotec Store\" \/>\n<meta property=\"og:description\" content=\"Projetor Acer X1128HP, 4800 Lumens, 1024x768, HDMI e USB. Brilho intenso e imagem n\u00edtida para projetos profissionais e momentos de lazer.\" \/>\n<meta property=\"og:url\" content=\"https:\/\/elektrotec.com.br\/loja\/produto\/projetor-acer-x1228h-dlp-xga-1024-x-768-4-800-lumens-vga-hdmi-speaker-3w-max-300-pol-preto\/\" \/>\n<meta property=\"og:site_name\" content=\"Elektrotec Store\" \/>\n<meta property=\"article:modified_time\" content=\"2025-02-02T22:01:31+00:00\" \/>\n<meta property=\"og:image\" content=\"https:\/\/elektrotec.com.br\/loja\/wp-content\/uploads\/2025\/01\/Projetor-Acer-X1123hp-1920x1200-4000-Lumens-HDMI-VGA-USB-Preto-5.jpg\" \/>\n\t<meta property=\"og:image:width\" content=\"700\" \/>\n\t<meta property=\"og:image:height\" content=\"800\" \/>\n\t<meta property=\"og:image:type\" content=\"image\/jpeg\" \/>\n<meta name=\"twitter:card\" content=\"summary_large_image\" \/>\n<meta name=\"twitter:label1\" content=\"Est. tempo de leitura\" \/>\n\t<meta name=\"twitter:data1\" content=\"4 minutos\" \/>\n<script type=\"application\/ld+json\" class=\"yoast-schema-graph\">{\"@context\":\"https:\/\/schema.org\",\"@graph\":[{\"@type\":\"WebPage\",\"@id\":\"https:\/\/elektrotec.com.br\/loja\/produto\/projetor-acer-x1228h-dlp-xga-1024-x-768-4-800-lumens-vga-hdmi-speaker-3w-max-300-pol-preto\/\",\"url\":\"https:\/\/elektrotec.com.br\/loja\/produto\/projetor-acer-x1228h-dlp-xga-1024-x-768-4-800-lumens-vga-hdmi-speaker-3w-max-300-pol-preto\/\",\"name\":\"Projetor Acer X1228H DLP XGA, 1024 X 768, 4.800 Lumens, VGA, HDMI, Speaker 3W, MAX 300 POL, Preto | Elektrotec Store\",\"isPartOf\":{\"@id\":\"https:\/\/elektrotec.com.br\/loja\/#website\"},\"primaryImageOfPage\":{\"@id\":\"https:\/\/elektrotec.com.br\/loja\/produto\/projetor-acer-x1228h-dlp-xga-1024-x-768-4-800-lumens-vga-hdmi-speaker-3w-max-300-pol-preto\/#primaryimage\"},\"image\":{\"@id\":\"https:\/\/elektrotec.com.br\/loja\/produto\/projetor-acer-x1228h-dlp-xga-1024-x-768-4-800-lumens-vga-hdmi-speaker-3w-max-300-pol-preto\/#primaryimage\"},\"thumbnailUrl\":\"https:\/\/i0.wp.com\/elektrotec.com.br\/loja\/wp-content\/uploads\/2025\/01\/Projetor-Acer-X1123hp-1920x1200-4000-Lumens-HDMI-VGA-USB-Preto-5.jpg?fit=700%2C800&ssl=1\",\"datePublished\":\"2025-01-31T01:07:58+00:00\",\"dateModified\":\"2025-02-02T22:01:31+00:00\",\"description\":\"Projetor Acer X1128HP, 4800 Lumens, 1024x768, HDMI e USB. Brilho intenso e imagem n\u00edtida para projetos profissionais e momentos de lazer.\",\"breadcrumb\":{\"@id\":\"https:\/\/elektrotec.com.br\/loja\/produto\/projetor-acer-x1228h-dlp-xga-1024-x-768-4-800-lumens-vga-hdmi-speaker-3w-max-300-pol-preto\/#breadcrumb\"},\"inLanguage\":\"pt-BR\",\"potentialAction\":[{\"@type\":\"ReadAction\",\"target\":[\"https:\/\/elektrotec.com.br\/loja\/produto\/projetor-acer-x1228h-dlp-xga-1024-x-768-4-800-lumens-vga-hdmi-speaker-3w-max-300-pol-preto\/\"]}]},{\"@type\":\"ImageObject\",\"inLanguage\":\"pt-BR\",\"@id\":\"https:\/\/elektrotec.com.br\/loja\/produto\/projetor-acer-x1228h-dlp-xga-1024-x-768-4-800-lumens-vga-hdmi-speaker-3w-max-300-pol-preto\/#primaryimage\",\"url\":\"https:\/\/i0.wp.com\/elektrotec.com.br\/loja\/wp-content\/uploads\/2025\/01\/Projetor-Acer-X1123hp-1920x1200-4000-Lumens-HDMI-VGA-USB-Preto-5.jpg?fit=700%2C800&ssl=1\",\"contentUrl\":\"https:\/\/i0.wp.com\/elektrotec.com.br\/loja\/wp-content\/uploads\/2025\/01\/Projetor-Acer-X1123hp-1920x1200-4000-Lumens-HDMI-VGA-USB-Preto-5.jpg?fit=700%2C800&ssl=1\",\"width\":700,\"height\":800},{\"@type\":\"BreadcrumbList\",\"@id\":\"https:\/\/elektrotec.com.br\/loja\/produto\/projetor-acer-x1228h-dlp-xga-1024-x-768-4-800-lumens-vga-hdmi-speaker-3w-max-300-pol-preto\/#breadcrumb\",\"itemListElement\":[{\"@type\":\"ListItem\",\"position\":1,\"name\":\"Home\",\"item\":\"https:\/\/elektrotec.com.br\/loja\/\"},{\"@type\":\"ListItem\",\"position\":2,\"name\":\"Ofertas do dia \u26a1\",\"item\":\"https:\/\/elektrotec.com.br\/loja\/loja\/\"},{\"@type\":\"ListItem\",\"position\":3,\"name\":\"Projetor Acer X1228H DLP XGA, 1024 X 768, 4.800 Lumens, VGA, HDMI, Speaker 3W, MAX 300 POL, Preto\"}]},{\"@type\":\"WebSite\",\"@id\":\"https:\/\/elektrotec.com.br\/loja\/#website\",\"url\":\"https:\/\/elektrotec.com.br\/loja\/\",\"name\":\"Elektrotec Store\",\"description\":\"Solu\u00e7\u00f5es em Energia e Automa\u00e7\u00e3o Industrial\",\"publisher\":{\"@id\":\"https:\/\/elektrotec.com.br\/loja\/#organization\"},\"potentialAction\":[{\"@type\":\"SearchAction\",\"target\":{\"@type\":\"EntryPoint\",\"urlTemplate\":\"https:\/\/elektrotec.com.br\/loja\/?s={search_term_string}\"},\"query-input\":{\"@type\":\"PropertyValueSpecification\",\"valueRequired\":true,\"valueName\":\"search_term_string\"}}],\"inLanguage\":\"pt-BR\"},{\"@type\":\"Organization\",\"@id\":\"https:\/\/elektrotec.com.br\/loja\/#organization\",\"name\":\"Elektrotec\",\"url\":\"https:\/\/elektrotec.com.br\/loja\/\",\"logo\":{\"@type\":\"ImageObject\",\"inLanguage\":\"pt-BR\",\"@id\":\"https:\/\/elektrotec.com.br\/loja\/#\/schema\/logo\/image\/\",\"url\":\"https:\/\/i0.wp.com\/elektrotec.com.br\/loja\/wp-content\/uploads\/2025\/05\/Logo-site-Elektrotec-Energy-1.webp?fit=270%2C70&ssl=1\",\"contentUrl\":\"https:\/\/i0.wp.com\/elektrotec.com.br\/loja\/wp-content\/uploads\/2025\/05\/Logo-site-Elektrotec-Energy-1.webp?fit=270%2C70&ssl=1\",\"width\":270,\"height\":70,\"caption\":\"Elektrotec\"},\"image\":{\"@id\":\"https:\/\/elektrotec.com.br\/loja\/#\/schema\/logo\/image\/\"}}]}<\/script>\n<!-- \/ Yoast SEO plugin. -->","yoast_head_json":{"title":"Projetor Acer X1228H DLP XGA, 1024 X 768, 4.800 Lumens, VGA, HDMI, Speaker 3W, MAX 300 POL, Preto | Elektrotec Store","description":"Projetor Acer X1128HP, 4800 Lumens, 1024x768, HDMI e USB. Brilho intenso e imagem n\u00edtida para projetos profissionais e momentos de lazer.","robots":{"index":"index","follow":"follow","max-snippet":"max-snippet:-1","max-image-preview":"max-image-preview:large","max-video-preview":"max-video-preview:-1"},"canonical":"https:\/\/elektrotec.com.br\/loja\/produto\/projetor-acer-x1228h-dlp-xga-1024-x-768-4-800-lumens-vga-hdmi-speaker-3w-max-300-pol-preto\/","og_locale":"pt_BR","og_type":"article","og_title":"Projetor Acer X1228H DLP XGA, 1024 X 768, 4.800 Lumens, VGA, HDMI, Speaker 3W, MAX 300 POL, Preto | Elektrotec Store","og_description":"Projetor Acer X1128HP, 4800 Lumens, 1024x768, HDMI e USB. Brilho intenso e imagem n\u00edtida para projetos profissionais e momentos de lazer.","og_url":"https:\/\/elektrotec.com.br\/loja\/produto\/projetor-acer-x1228h-dlp-xga-1024-x-768-4-800-lumens-vga-hdmi-speaker-3w-max-300-pol-preto\/","og_site_name":"Elektrotec Store","article_modified_time":"2025-02-02T22:01:31+00:00","og_image":[{"width":700,"height":800,"url":"https:\/\/elektrotec.com.br\/loja\/wp-content\/uploads\/2025\/01\/Projetor-Acer-X1123hp-1920x1200-4000-Lumens-HDMI-VGA-USB-Preto-5.jpg","type":"image\/jpeg"}],"twitter_card":"summary_large_image","twitter_misc":{"Est. tempo de leitura":"4 minutos"},"schema":{"@context":"https:\/\/schema.org","@graph":[{"@type":"WebPage","@id":"https:\/\/elektrotec.com.br\/loja\/produto\/projetor-acer-x1228h-dlp-xga-1024-x-768-4-800-lumens-vga-hdmi-speaker-3w-max-300-pol-preto\/","url":"https:\/\/elektrotec.com.br\/loja\/produto\/projetor-acer-x1228h-dlp-xga-1024-x-768-4-800-lumens-vga-hdmi-speaker-3w-max-300-pol-preto\/","name":"Projetor Acer X1228H DLP XGA, 1024 X 768, 4.800 Lumens, VGA, HDMI, Speaker 3W, MAX 300 POL, Preto | Elektrotec Store","isPartOf":{"@id":"https:\/\/elektrotec.com.br\/loja\/#website"},"primaryImageOfPage":{"@id":"https:\/\/elektrotec.com.br\/loja\/produto\/projetor-acer-x1228h-dlp-xga-1024-x-768-4-800-lumens-vga-hdmi-speaker-3w-max-300-pol-preto\/#primaryimage"},"image":{"@id":"https:\/\/elektrotec.com.br\/loja\/produto\/projetor-acer-x1228h-dlp-xga-1024-x-768-4-800-lumens-vga-hdmi-speaker-3w-max-300-pol-preto\/#primaryimage"},"thumbnailUrl":"https:\/\/i0.wp.com\/elektrotec.com.br\/loja\/wp-content\/uploads\/2025\/01\/Projetor-Acer-X1123hp-1920x1200-4000-Lumens-HDMI-VGA-USB-Preto-5.jpg?fit=700%2C800&ssl=1","datePublished":"2025-01-31T01:07:58+00:00","dateModified":"2025-02-02T22:01:31+00:00","description":"Projetor Acer X1128HP, 4800 Lumens, 1024x768, HDMI e USB. Brilho intenso e imagem n\u00edtida para projetos profissionais e momentos de lazer.","breadcrumb":{"@id":"https:\/\/elektrotec.com.br\/loja\/produto\/projetor-acer-x1228h-dlp-xga-1024-x-768-4-800-lumens-vga-hdmi-speaker-3w-max-300-pol-preto\/#breadcrumb"},"inLanguage":"pt-BR","potentialAction":[{"@type":"ReadAction","target":["https:\/\/elektrotec.com.br\/loja\/produto\/projetor-acer-x1228h-dlp-xga-1024-x-768-4-800-lumens-vga-hdmi-speaker-3w-max-300-pol-preto\/"]}]},{"@type":"ImageObject","inLanguage":"pt-BR","@id":"https:\/\/elektrotec.com.br\/loja\/produto\/projetor-acer-x1228h-dlp-xga-1024-x-768-4-800-lumens-vga-hdmi-speaker-3w-max-300-pol-preto\/#primaryimage","url":"https:\/\/i0.wp.com\/elektrotec.com.br\/loja\/wp-content\/uploads\/2025\/01\/Projetor-Acer-X1123hp-1920x1200-4000-Lumens-HDMI-VGA-USB-Preto-5.jpg?fit=700%2C800&ssl=1","contentUrl":"https:\/\/i0.wp.com\/elektrotec.com.br\/loja\/wp-content\/uploads\/2025\/01\/Projetor-Acer-X1123hp-1920x1200-4000-Lumens-HDMI-VGA-USB-Preto-5.jpg?fit=700%2C800&ssl=1","width":700,"height":800},{"@type":"BreadcrumbList","@id":"https:\/\/elektrotec.com.br\/loja\/produto\/projetor-acer-x1228h-dlp-xga-1024-x-768-4-800-lumens-vga-hdmi-speaker-3w-max-300-pol-preto\/#breadcrumb","itemListElement":[{"@type":"ListItem","position":1,"name":"Home","item":"https:\/\/elektrotec.com.br\/loja\/"},{"@type":"ListItem","position":2,"name":"Ofertas do dia \u26a1","item":"https:\/\/elektrotec.com.br\/loja\/loja\/"},{"@type":"ListItem","position":3,"name":"Projetor Acer X1228H DLP XGA, 1024 X 768, 4.800 Lumens, VGA, HDMI, Speaker 3W, MAX 300 POL, Preto"}]},{"@type":"WebSite","@id":"https:\/\/elektrotec.com.br\/loja\/#website","url":"https:\/\/elektrotec.com.br\/loja\/","name":"Elektrotec Store","description":"Solu\u00e7\u00f5es em Energia e Automa\u00e7\u00e3o Industrial","publisher":{"@id":"https:\/\/elektrotec.com.br\/loja\/#organization"},"potentialAction":[{"@type":"SearchAction","target":{"@type":"EntryPoint","urlTemplate":"https:\/\/elektrotec.com.br\/loja\/?s={search_term_string}"},"query-input":{"@type":"PropertyValueSpecification","valueRequired":true,"valueName":"search_term_string"}}],"inLanguage":"pt-BR"},{"@type":"Organization","@id":"https:\/\/elektrotec.com.br\/loja\/#organization","name":"Elektrotec","url":"https:\/\/elektrotec.com.br\/loja\/","logo":{"@type":"ImageObject","inLanguage":"pt-BR","@id":"https:\/\/elektrotec.com.br\/loja\/#\/schema\/logo\/image\/","url":"https:\/\/i0.wp.com\/elektrotec.com.br\/loja\/wp-content\/uploads\/2025\/05\/Logo-site-Elektrotec-Energy-1.webp?fit=270%2C70&ssl=1","contentUrl":"https:\/\/i0.wp.com\/elektrotec.com.br\/loja\/wp-content\/uploads\/2025\/05\/Logo-site-Elektrotec-Energy-1.webp?fit=270%2C70&ssl=1","width":270,"height":70,"caption":"Elektrotec"},"image":{"@id":"https:\/\/elektrotec.com.br\/loja\/#\/schema\/logo\/image\/"}}]}},"jetpack_sharing_enabled":true,"brands":[],"_links":{"self":[{"href":"https:\/\/elektrotec.com.br\/loja\/wp-json\/wp\/v2\/product\/4097","targetHints":{"allow":["GET"]}}],"collection":[{"href":"https:\/\/elektrotec.com.br\/loja\/wp-json\/wp\/v2\/product"}],"about":[{"href":"https:\/\/elektrotec.com.br\/loja\/wp-json\/wp\/v2\/types\/product"}],"replies":[{"embeddable":true,"href":"https:\/\/elektrotec.com.br\/loja\/wp-json\/wp\/v2\/comments?post=4097"}],"wp:featuredmedia":[{"embeddable":true,"href":"https:\/\/elektrotec.com.br\/loja\/wp-json\/wp\/v2\/media\/3992"}],"wp:attachment":[{"href":"https:\/\/elektrotec.com.br\/loja\/wp-json\/wp\/v2\/media?parent=4097"}],"wp:term":[{"taxonomy":"pwb-brand","embeddable":true,"href":"https:\/\/elektrotec.com.br\/loja\/wp-json\/wp\/v2\/pwb-brand?post=4097"},{"taxonomy":"product_brand","embeddable":true,"href":"https:\/\/elektrotec.com.br\/loja\/wp-json\/wp\/v2\/product_brand?post=4097"},{"taxonomy":"product_cat","embeddable":true,"href":"https:\/\/elektrotec.com.br\/loja\/wp-json\/wp\/v2\/product_cat?post=4097"},{"taxonomy":"product_tag","embeddable":true,"href":"https:\/\/elektrotec.com.br\/loja\/wp-json\/wp\/v2\/product_tag?post=4097"}],"curies":[{"name":"wp","href":"https:\/\/api.w.org\/{rel}","templated":true}]}}