{"id":4026,"date":"2025-01-11T14:55:56","date_gmt":"2025-01-11T17:55:56","guid":{"rendered":"https:\/\/quioske.com.br\/?post_type=product&#038;p=4026"},"modified":"2025-02-28T20:53:57","modified_gmt":"2025-02-28T23:53:57","slug":"monitor-gamer-lg-215-polegadas-full-hd-22mp410-b-75hz-hdmi-freesync-vesa-preto","status":"publish","type":"product","link":"https:\/\/elektrotec.com.br\/loja\/produto\/monitor-gamer-lg-215-polegadas-full-hd-22mp410-b-75hz-hdmi-freesync-vesa-preto\/","title":{"rendered":"Monitor Gamer LG 21,5 polegadas Full HD, 22MP410-B, 75Hz, HDMI, FreeSync, VESA, Preto"},"content":{"rendered":"<div class=\"wpb-content-wrapper\"><p>[vc_row woodmart_css_id=&#8221;6782b145be5cf&#8221; responsive_spacing=&#8221;eyJwYXJhbV90eXBlIjoid29vZG1hcnRfcmVzcG9uc2l2ZV9zcGFjaW5nIiwic2VsZWN0b3JfaWQiOiI2NzgyYjE0NWJlNWNmIiwic2hvcnRjb2RlIjoidmNfcm93IiwiZGF0YSI6eyJ0YWJsZXQiOnt9LCJtb2JpbGUiOnt9fX0=&#8221; mobile_bg_img_hidden=&#8221;no&#8221; tablet_bg_img_hidden=&#8221;no&#8221; woodmart_parallax=&#8221;0&#8243; woodmart_gradient_switch=&#8221;no&#8221; woodmart_box_shadow=&#8221;no&#8221; wd_z_index=&#8221;no&#8221; woodmart_disable_overflow=&#8221;0&#8243; row_reverse_mobile=&#8221;0&#8243; row_reverse_tablet=&#8221;0&#8243; el_id=&#8221;codigo-63895&#8243;][vc_column css=&#8221;.vc_custom_1666272391679{padding-top: 0px !important;}&#8221; woodmart_css_id=&#8221;63514c8260958&#8243; parallax_scroll=&#8221;no&#8221; woodmart_sticky_column=&#8221;false&#8221; wd_collapsible_content_switcher=&#8221;no&#8221; wd_column_role_offcanvas_desktop=&#8221;no&#8221; wd_column_role_offcanvas_tablet=&#8221;no&#8221; wd_column_role_offcanvas_mobile=&#8221;no&#8221; wd_column_role_content_desktop=&#8221;no&#8221; wd_column_role_content_tablet=&#8221;no&#8221; wd_column_role_content_mobile=&#8221;no&#8221; mobile_bg_img_hidden=&#8221;no&#8221; tablet_bg_img_hidden=&#8221;no&#8221; woodmart_parallax=&#8221;0&#8243; woodmart_box_shadow=&#8221;no&#8221; responsive_spacing=&#8221;eyJwYXJhbV90eXBlIjoid29vZG1hcnRfcmVzcG9uc2l2ZV9zcGFjaW5nIiwic2VsZWN0b3JfaWQiOiI2MzUxNGM4MjYwOTU4Iiwic2hvcnRjb2RlIjoidmNfY29sdW1uIiwiZGF0YSI6eyJ0YWJsZXQiOnt9LCJtb2JpbGUiOnt9fX0=&#8221; mobile_reset_margin=&#8221;no&#8221; tablet_reset_margin=&#8221;no&#8221; wd_z_index=&#8221;no&#8221;]\t\t<div id=\"wd-67c24ab6e2b6d\" class=\"wd-text-block wd-wpb reset-last-child wd-rs-67c24ab6e2b6d text-center vc_custom_1740786420018\">\n\t\t\t<h1 style=\"text-align: center;\"><span class=\"sc-dcJsrY jZKEso\" data-testid=\"product-detail-title\">Monitor LG Gamer 21.5&#8243; Full Hd 75hz AMD Freesync 22mp410-B<\/span><\/h1>\n<div class=\"sc-iGgWBj jEOEJZ sc-cmCCYV PXDNd\" data-testid=\"product-detail-description\">\n<div class=\"sc-iGgWBj eWtIHQ sc-kCoybQ iBrdoy\" data-testid=\"rich-content-container\">\n<h2 style=\"text-align: center;\"><strong>Cores vibrantes e precisas<\/strong><\/h2>\n<p style=\"text-align: center;\">O LG Monitor destaca o desempenho dos monitores de cristal l\u00edquido. A tela de 21,45 polegadas com tela Full HD (1920 x 1080) oferece imagens precisas e claras por meio de excelente precis\u00e3o de cores.<\/p>\n<h4 style=\"text-align: center;\"><strong>Modo Leitor com conforto visual aprimorado<\/strong><\/h4>\n<p style=\"text-align: center;\">Para ajudar a diminuir a fadiga ocular e proporcionar conforto visual durante a leitura de documentos em um monitor, o Modo Leitor ajusta a temperatura da cor e a lumin\u00e2ncia semelhante \u00e0 leitura de um livro em papel.<\/p>\n<h4 style=\"text-align: center;\"><strong>Flicker Safe &#8211; Cuidados com os olhos<\/strong><\/h4>\n<p style=\"text-align: center;\">Flicker Safe reduz a cintila\u00e7\u00e3o invis\u00edvel na tela, o que ajuda a reduzir o cansa\u00e7o visual. Ele fornece um ambiente de trabalho confort\u00e1vel por um longo tempo.<\/p>\n<h4 style=\"text-align: center;\"><strong>Controle na tela &#8211; Interface de usu\u00e1rio mais f\u00e1cil<\/strong><\/h4>\n<p style=\"text-align: center;\">Voc\u00ea pode personalizar o espa\u00e7o de trabalho dividindo a exibi\u00e7\u00e3o ou ajustando as op\u00e7\u00f5es b\u00e1sicas do monitor com apenas alguns cliques do mouse.<\/p>\n<h4 style=\"text-align: center;\"><strong>Design ergon\u00f4mico &#8211; Local de trabalho confort\u00e1vel<\/strong><\/h4>\n<p style=\"text-align: center;\">Seus convenientes ajustes de inclina\u00e7\u00e3o com design limpo de corpo \u00fanico permitem que voc\u00ea crie um ambiente de trabalho otimizado.<\/p>\n<h4 style=\"text-align: center;\"><strong>Movimento fluido e r\u00e1pido<\/strong><\/h4>\n<p style=\"text-align: center;\">Com a tecnologia AMD FreeSync, os jogadores podem experimentar movimentos fluidos e cont\u00ednuos em alta resolu\u00e7\u00e3o e jogos de ritmo acelerado. Ele praticamente reduz o rasgo e a gagueira da tela.<\/p>\n<h4 style=\"text-align: center;\"><strong>Sincroniza\u00e7\u00e3o de a\u00e7\u00e3o din\u00e2mica &#8211; Reaja mais r\u00e1pido aos oponentes<\/strong><\/h4>\n<p style=\"text-align: center;\">Reduza o atraso de entrada com o Dynamic Action Sync para ajudar os jogadores a capturar momentos cr\u00edticos em tempo real.<\/p>\n<h4 style=\"text-align: center;\"><strong>Estabilizador preto &#8211; Ataque primeiro no escuro<\/strong><\/h4>\n<p style=\"text-align: center;\">O Black Stabilizer ajuda os jogadores a evitar atiradores escondidos nos lugares mais escuros e escapar rapidamente de situa\u00e7\u00f5es quando o flash explode.<\/p>\n<h4 style=\"text-align: center;\"><\/h4>\n<\/div>\n<\/div>\n<p><img data-recalc-dims=\"1\" loading=\"lazy\" decoding=\"async\" class=\"alignnone size-full wp-image-4539\" src=\"https:\/\/i0.wp.com\/elektrotec.com.br\/loja\/wp-content\/uploads\/2025\/01\/img1-D-1.jpg?resize=1600%2C950&#038;ssl=1\" alt=\"\" width=\"1600\" height=\"950\" srcset=\"https:\/\/i0.wp.com\/elektrotec.com.br\/loja\/wp-content\/uploads\/2025\/01\/img1-D-1.jpg?w=1600&amp;ssl=1 1600w, https:\/\/i0.wp.com\/elektrotec.com.br\/loja\/wp-content\/uploads\/2025\/01\/img1-D-1.jpg?resize=300%2C178&amp;ssl=1 300w, https:\/\/i0.wp.com\/elektrotec.com.br\/loja\/wp-content\/uploads\/2025\/01\/img1-D-1.jpg?resize=1024%2C608&amp;ssl=1 1024w, https:\/\/i0.wp.com\/elektrotec.com.br\/loja\/wp-content\/uploads\/2025\/01\/img1-D-1.jpg?resize=768%2C456&amp;ssl=1 768w, https:\/\/i0.wp.com\/elektrotec.com.br\/loja\/wp-content\/uploads\/2025\/01\/img1-D-1.jpg?resize=1536%2C912&amp;ssl=1 1536w, https:\/\/i0.wp.com\/elektrotec.com.br\/loja\/wp-content\/uploads\/2025\/01\/img1-D-1.jpg?resize=1320%2C784&amp;ssl=1 1320w, https:\/\/i0.wp.com\/elektrotec.com.br\/loja\/wp-content\/uploads\/2025\/01\/img1-D-1.jpg?resize=1200%2C713&amp;ssl=1 1200w, https:\/\/i0.wp.com\/elektrotec.com.br\/loja\/wp-content\/uploads\/2025\/01\/img1-D-1.jpg?resize=150%2C89&amp;ssl=1 150w\" sizes=\"auto, (max-width: 1000px) 100vw, 1000px\" \/><\/p>\n\t\t<\/div>\n\t\t[\/vc_column][\/vc_row][vc_row][vc_column woodmart_css_id=&#8221;667c81fba6236&#8243; parallax_scroll=&#8221;no&#8221; woodmart_sticky_column=&#8221;false&#8221; wd_collapsible_content_switcher=&#8221;no&#8221; wd_column_role_offcanvas_desktop=&#8221;no&#8221; wd_column_role_offcanvas_tablet=&#8221;no&#8221; wd_column_role_offcanvas_mobile=&#8221;no&#8221; wd_column_role_content_desktop=&#8221;no&#8221; wd_column_role_content_tablet=&#8221;no&#8221; wd_column_role_content_mobile=&#8221;no&#8221; mobile_bg_img_hidden=&#8221;no&#8221; tablet_bg_img_hidden=&#8221;no&#8221; woodmart_parallax=&#8221;0&#8243; woodmart_box_shadow=&#8221;no&#8221; responsive_spacing=&#8221;eyJwYXJhbV90eXBlIjoid29vZG1hcnRfcmVzcG9uc2l2ZV9zcGFjaW5nIiwic2VsZWN0b3JfaWQiOiI2NjdjODFmYmE2MjM2Iiwic2hvcnRjb2RlIjoidmNfY29sdW1uIiwiZGF0YSI6eyJ0YWJsZXQiOnt9LCJtb2JpbGUiOnt9fX0=&#8221; mobile_reset_margin=&#8221;no&#8221; tablet_reset_margin=&#8221;no&#8221; wd_z_index=&#8221;no&#8221; css=&#8221;.vc_custom_1719435784581{margin-top: -60px !important;}&#8221;][vc_separator border_width=&#8221;3&#8243; css=&#8221;.vc_custom_1731708518955{margin-top: 50px !important;margin-bottom: 50px !important;}&#8221; wd_hide_on_desktop=&#8221;no&#8221; wd_hide_on_tablet=&#8221;no&#8221; wd_hide_on_mobile=&#8221;no&#8221;][\/vc_column][\/vc_row][vc_row woodmart_css_id=&#8221;674bb5a3b48c6&#8243; responsive_spacing=&#8221;eyJwYXJhbV90eXBlIjoid29vZG1hcnRfcmVzcG9uc2l2ZV9zcGFjaW5nIiwic2VsZWN0b3JfaWQiOiI2NzRiYjVhM2I0OGM2Iiwic2hvcnRjb2RlIjoidmNfcm93IiwiZGF0YSI6eyJ0YWJsZXQiOnt9LCJtb2JpbGUiOnt9fX0=&#8221; mobile_bg_img_hidden=&#8221;no&#8221; tablet_bg_img_hidden=&#8221;no&#8221; woodmart_parallax=&#8221;0&#8243; woodmart_gradient_switch=&#8221;no&#8221; woodmart_box_shadow=&#8221;no&#8221; wd_z_index=&#8221;no&#8221; woodmart_disable_overflow=&#8221;0&#8243; row_reverse_mobile=&#8221;0&#8243; row_reverse_tablet=&#8221;0&#8243;][vc_column css=&#8221;.vc_custom_1669033735057{padding-top: 0px !important;}&#8221; woodmart_css_id=&#8221;637b6f036ef34&#8243; parallax_scroll=&#8221;no&#8221; woodmart_sticky_column=&#8221;false&#8221; wd_collapsible_content_switcher=&#8221;no&#8221; wd_column_role_offcanvas_desktop=&#8221;no&#8221; wd_column_role_offcanvas_tablet=&#8221;no&#8221; wd_column_role_offcanvas_mobile=&#8221;no&#8221; wd_column_role_content_desktop=&#8221;no&#8221; wd_column_role_content_tablet=&#8221;no&#8221; wd_column_role_content_mobile=&#8221;no&#8221; mobile_bg_img_hidden=&#8221;no&#8221; tablet_bg_img_hidden=&#8221;no&#8221; woodmart_parallax=&#8221;0&#8243; woodmart_box_shadow=&#8221;no&#8221; responsive_spacing=&#8221;eyJwYXJhbV90eXBlIjoid29vZG1hcnRfcmVzcG9uc2l2ZV9zcGFjaW5nIiwic2VsZWN0b3JfaWQiOiI2MzdiNmYwMzZlZjM0Iiwic2hvcnRjb2RlIjoidmNfY29sdW1uIiwiZGF0YSI6eyJ0YWJsZXQiOnt9LCJtb2JpbGUiOnt9fX0=&#8221; mobile_reset_margin=&#8221;no&#8221; tablet_reset_margin=&#8221;no&#8221; wd_z_index=&#8221;no&#8221;]\n\t\t<div id=\"wd-667ca27edb170\" class=\"title-wrapper wd-wpb wd-set-mb reset-last-child  wd-rs-667ca27edb170 wd-title-color-default wd-title-style-default text-left vc_custom_1719444410298 wd-underline-colored\">\n\t\t\t\n\t\t\t<div class=\"liner-continer\">\n\t\t\t\t<h4 class=\"woodmart-title-container title  wd-font-weight-700 wd-fontsize-l\" >\ud83d\udccc Especifica\u00e7\u00f5es T\u00e9cnicas:<\/h4>\n\t\t\t\t\t\t\t<\/div>\n\t\t\t\n\t\t\t\n\t\t\t\n\t\t<\/div>\n\t\t\n\t\t\t\t<div id=\"wd-67c24b37cb683\" class=\"wd-text-block wd-wpb reset-last-child wd-rs-67c24b37cb683 text-left vc_custom_1740786563078\">\n\t\t\t<h4>Tela:<\/h4>\n<ul>\n<li>Tamanho: 21.5 polegadas<\/li>\n<li>Tipo de Tela: VA<\/li>\n<li>\u00c2ngulo de Vis\u00e3o: 178\u00b0 \/ 178\u00b0<\/li>\n<li>Resolu\u00e7\u00e3o M\u00e1xima: Full HD (1920 x 1080)<\/li>\n<li>Brilho: 250 cd\/m\u00b2<\/li>\n<li>Contraste: 3000:1<\/li>\n<li>Tempo de Resposta: 5 ms (GtG)<\/li>\n<li>Taxa de atualiza\u00e7\u00e3o: 75Hz<\/li>\n<li>Gama de cores (t\u00edp.): NTSC 72%<\/li>\n<li>Profundidade de Cores (no de cores): 16,7 milh\u00f5es<\/li>\n<li>Dist\u00e2ncia entre Pixels: 0,2493 x 0,2410 mm<\/li>\n<li>Tratamento de tela: Antirreflexivo<\/li>\n<\/ul>\n<h4>Entradas \/ Sa\u00eddas:<\/h4>\n<ul>\n<li>1x HDMI 1.4<\/li>\n<li>1x VGA<\/li>\n<\/ul>\n<h4>Recursos:<\/h4>\n<ul>\n<li>Flicker Safe<\/li>\n<li>AMD FreeSync<\/li>\n<li>Crosshair<\/li>\n<li>Dynamic Action Sync<\/li>\n<li>Black Stabilizer<\/li>\n<li>Plug &amp; Play<\/li>\n<li>Modo Leitura<\/li>\n<li>Super Resolution+<\/li>\n<li>Smart Energy Saving<\/li>\n<li>OnScreen Control<\/li>\n<li>Color Weakness<\/li>\n<\/ul>\n<h4>Dimens\u00f5es:<\/h4>\n<ul>\n<li>Sem Base: 511,6 x 295 x 40,2 mm<\/li>\n<li>Com Base: 511,6 x 383,5 x 190 mm<\/li>\n<\/ul>\n<h4>Estrutura:<\/h4>\n<ul>\n<li>Ajustes de Posi\u00e7\u00e3o: Inclina\u00e7\u00e3o<\/li>\n<li>Fura\u00e7\u00e3o VESA: 75 x 75 mm<\/li>\n<\/ul>\n<h4>Energia:<\/h4>\n<ul>\n<li>Consumo de Energia: 19W (t\u00edp.)<\/li>\n<li>Fonte: Adaptador externo<\/li>\n<\/ul>\n<h4>Conte\u00fado da embalagem:<\/h4>\n<ul>\n<li>Monitor Gamer LG<\/li>\n<li>Fonte de Alimenta\u00e7\u00e3o<\/li>\n<li>Cabo HDMI<\/li>\n<\/ul>\n<h4>Garantia:<\/h4>\n<ul>\n<li>1 ano de garantia<\/li>\n<\/ul>\n<h4>Peso:<\/h4>\n<ul>\n<li>5828 gramas (bruto com embalagem)<\/li>\n<\/ul>\n\t\t<\/div>\n\t\t[\/vc_column][\/vc_row]<\/p>\n<\/div>","protected":false},"excerpt":{"rendered":"<p><strong>C\u00f3digo:<\/strong> <a href=\"#\">63895<\/a>\u00a0 \u00a0|\u00a0 \u00a0<strong>Mais produtos:<\/strong> <a href=\"https:\/\/elektrotec.com.br\/loja\/loja\/?filter_marcas=lg\">LG<\/a>\u00a0 \u00a0|\u00a0 \u00a0<a href=\"https:\/\/elektrotec.com.br\/loja\/produto\/monitor-gamer-lg-215-polegadas-full-hd-22mp410-b-75hz-hdmi-freesync-vesa-preto\/#codigo-63895\"><strong>Descri\u00e7\u00e3o do produto<\/strong><\/a><\/p>\n","protected":false},"featured_media":4019,"comment_status":"open","ping_status":"closed","template":"","meta":{"pagelayer_contact_templates":[],"_pagelayer_content":"","_mbp_gutenberg_autopost":false},"pwb-brand":[],"product_brand":[],"product_cat":[291,69,25],"product_tag":[],"class_list":{"0":"post-4026","1":"product","2":"type-product","3":"status-publish","4":"has-post-thumbnail","6":"product_cat-automacao-comercial","7":"product_cat-monitor","8":"product_cat-tecnologia-e-informatica","9":"product_shipping_class-logistica-quioske","11":"first","12":"instock","13":"featured","14":"shipping-taxable","15":"purchasable","16":"product-type-simple"},"yoast_head":"<!-- This site is optimized with the Yoast SEO plugin v27.2 - https:\/\/yoast.com\/product\/yoast-seo-wordpress\/ -->\n<title>Monitor Gamer LG 21,5&quot; Full HD, 22MP410-B, HDMI, FreeSync<\/title>\n<meta name=\"description\" content=\"Experimente jogabilidade fluida com o Monitor Gamer LG 21.5&quot; Full HD, 75Hz, HDMI e FreeSync. Desempenho excepcional para gamers em busca de perfei\u00e7\u00e3o.\" \/>\n<meta name=\"robots\" content=\"index, follow, max-snippet:-1, max-image-preview:large, max-video-preview:-1\" \/>\n<link rel=\"canonical\" href=\"https:\/\/elektrotec.com.br\/loja\/produto\/monitor-gamer-lg-215-polegadas-full-hd-22mp410-b-75hz-hdmi-freesync-vesa-preto\/\" \/>\n<meta property=\"og:locale\" content=\"pt_BR\" \/>\n<meta property=\"og:type\" content=\"article\" \/>\n<meta property=\"og:title\" content=\"Monitor Gamer LG 21,5&quot; Full HD, 22MP410-B, HDMI, FreeSync\" \/>\n<meta property=\"og:description\" content=\"Experimente jogabilidade fluida com o Monitor Gamer LG 21.5&quot; Full HD, 75Hz, HDMI e FreeSync. Desempenho excepcional para gamers em busca de perfei\u00e7\u00e3o.\" \/>\n<meta property=\"og:url\" content=\"https:\/\/elektrotec.com.br\/loja\/produto\/monitor-gamer-lg-215-polegadas-full-hd-22mp410-b-75hz-hdmi-freesync-vesa-preto\/\" \/>\n<meta property=\"og:site_name\" content=\"Elektrotec Store\" \/>\n<meta property=\"article:modified_time\" content=\"2025-02-28T23:53:57+00:00\" \/>\n<meta property=\"og:image\" content=\"https:\/\/elektrotec.com.br\/loja\/wp-content\/uploads\/2025\/01\/Monitor-Gamer-LG-27-Full-HD-IPS-HDMI-e-VESA-FreeSync-Ajuste-de-Angulo-Bordas-Finas-0.jpg\" \/>\n\t<meta property=\"og:image:width\" content=\"700\" \/>\n\t<meta property=\"og:image:height\" content=\"800\" \/>\n\t<meta property=\"og:image:type\" content=\"image\/jpeg\" \/>\n<meta name=\"twitter:card\" content=\"summary_large_image\" \/>\n<meta name=\"twitter:label1\" content=\"Est. tempo de leitura\" \/>\n\t<meta name=\"twitter:data1\" content=\"4 minutos\" \/>\n<script type=\"application\/ld+json\" class=\"yoast-schema-graph\">{\"@context\":\"https:\/\/schema.org\",\"@graph\":[{\"@type\":\"WebPage\",\"@id\":\"https:\/\/elektrotec.com.br\/loja\/produto\/monitor-gamer-lg-215-polegadas-full-hd-22mp410-b-75hz-hdmi-freesync-vesa-preto\/\",\"url\":\"https:\/\/elektrotec.com.br\/loja\/produto\/monitor-gamer-lg-215-polegadas-full-hd-22mp410-b-75hz-hdmi-freesync-vesa-preto\/\",\"name\":\"Monitor Gamer LG 21,5\\\" Full HD, 22MP410-B, HDMI, FreeSync\",\"isPartOf\":{\"@id\":\"https:\/\/elektrotec.com.br\/loja\/#website\"},\"primaryImageOfPage\":{\"@id\":\"https:\/\/elektrotec.com.br\/loja\/produto\/monitor-gamer-lg-215-polegadas-full-hd-22mp410-b-75hz-hdmi-freesync-vesa-preto\/#primaryimage\"},\"image\":{\"@id\":\"https:\/\/elektrotec.com.br\/loja\/produto\/monitor-gamer-lg-215-polegadas-full-hd-22mp410-b-75hz-hdmi-freesync-vesa-preto\/#primaryimage\"},\"thumbnailUrl\":\"https:\/\/i0.wp.com\/elektrotec.com.br\/loja\/wp-content\/uploads\/2025\/01\/Monitor-Gamer-LG-27-Full-HD-IPS-HDMI-e-VESA-FreeSync-Ajuste-de-Angulo-Bordas-Finas-0.jpg?fit=700%2C800&ssl=1\",\"datePublished\":\"2025-01-11T17:55:56+00:00\",\"dateModified\":\"2025-02-28T23:53:57+00:00\",\"description\":\"Experimente jogabilidade fluida com o Monitor Gamer LG 21.5\\\" Full HD, 75Hz, HDMI e FreeSync. Desempenho excepcional para gamers em busca de perfei\u00e7\u00e3o.\",\"breadcrumb\":{\"@id\":\"https:\/\/elektrotec.com.br\/loja\/produto\/monitor-gamer-lg-215-polegadas-full-hd-22mp410-b-75hz-hdmi-freesync-vesa-preto\/#breadcrumb\"},\"inLanguage\":\"pt-BR\",\"potentialAction\":[{\"@type\":\"ReadAction\",\"target\":[\"https:\/\/elektrotec.com.br\/loja\/produto\/monitor-gamer-lg-215-polegadas-full-hd-22mp410-b-75hz-hdmi-freesync-vesa-preto\/\"]}]},{\"@type\":\"ImageObject\",\"inLanguage\":\"pt-BR\",\"@id\":\"https:\/\/elektrotec.com.br\/loja\/produto\/monitor-gamer-lg-215-polegadas-full-hd-22mp410-b-75hz-hdmi-freesync-vesa-preto\/#primaryimage\",\"url\":\"https:\/\/i0.wp.com\/elektrotec.com.br\/loja\/wp-content\/uploads\/2025\/01\/Monitor-Gamer-LG-27-Full-HD-IPS-HDMI-e-VESA-FreeSync-Ajuste-de-Angulo-Bordas-Finas-0.jpg?fit=700%2C800&ssl=1\",\"contentUrl\":\"https:\/\/i0.wp.com\/elektrotec.com.br\/loja\/wp-content\/uploads\/2025\/01\/Monitor-Gamer-LG-27-Full-HD-IPS-HDMI-e-VESA-FreeSync-Ajuste-de-Angulo-Bordas-Finas-0.jpg?fit=700%2C800&ssl=1\",\"width\":700,\"height\":800},{\"@type\":\"BreadcrumbList\",\"@id\":\"https:\/\/elektrotec.com.br\/loja\/produto\/monitor-gamer-lg-215-polegadas-full-hd-22mp410-b-75hz-hdmi-freesync-vesa-preto\/#breadcrumb\",\"itemListElement\":[{\"@type\":\"ListItem\",\"position\":1,\"name\":\"Home\",\"item\":\"https:\/\/elektrotec.com.br\/loja\/\"},{\"@type\":\"ListItem\",\"position\":2,\"name\":\"Ofertas do dia \u26a1\",\"item\":\"https:\/\/elektrotec.com.br\/loja\/loja\/\"},{\"@type\":\"ListItem\",\"position\":3,\"name\":\"Monitor Gamer LG 21,5 polegadas Full HD, 22MP410-B, 75Hz, HDMI, FreeSync, VESA, Preto\"}]},{\"@type\":\"WebSite\",\"@id\":\"https:\/\/elektrotec.com.br\/loja\/#website\",\"url\":\"https:\/\/elektrotec.com.br\/loja\/\",\"name\":\"Elektrotec Store\",\"description\":\"Solu\u00e7\u00f5es em Energia e Automa\u00e7\u00e3o Industrial\",\"publisher\":{\"@id\":\"https:\/\/elektrotec.com.br\/loja\/#organization\"},\"potentialAction\":[{\"@type\":\"SearchAction\",\"target\":{\"@type\":\"EntryPoint\",\"urlTemplate\":\"https:\/\/elektrotec.com.br\/loja\/?s={search_term_string}\"},\"query-input\":{\"@type\":\"PropertyValueSpecification\",\"valueRequired\":true,\"valueName\":\"search_term_string\"}}],\"inLanguage\":\"pt-BR\"},{\"@type\":\"Organization\",\"@id\":\"https:\/\/elektrotec.com.br\/loja\/#organization\",\"name\":\"Elektrotec\",\"url\":\"https:\/\/elektrotec.com.br\/loja\/\",\"logo\":{\"@type\":\"ImageObject\",\"inLanguage\":\"pt-BR\",\"@id\":\"https:\/\/elektrotec.com.br\/loja\/#\/schema\/logo\/image\/\",\"url\":\"https:\/\/i0.wp.com\/elektrotec.com.br\/loja\/wp-content\/uploads\/2025\/05\/Logo-site-Elektrotec-Energy-1.webp?fit=270%2C70&ssl=1\",\"contentUrl\":\"https:\/\/i0.wp.com\/elektrotec.com.br\/loja\/wp-content\/uploads\/2025\/05\/Logo-site-Elektrotec-Energy-1.webp?fit=270%2C70&ssl=1\",\"width\":270,\"height\":70,\"caption\":\"Elektrotec\"},\"image\":{\"@id\":\"https:\/\/elektrotec.com.br\/loja\/#\/schema\/logo\/image\/\"}}]}<\/script>\n<!-- \/ Yoast SEO plugin. -->","yoast_head_json":{"title":"Monitor Gamer LG 21,5\" Full HD, 22MP410-B, HDMI, FreeSync","description":"Experimente jogabilidade fluida com o Monitor Gamer LG 21.5\" Full HD, 75Hz, HDMI e FreeSync. Desempenho excepcional para gamers em busca de perfei\u00e7\u00e3o.","robots":{"index":"index","follow":"follow","max-snippet":"max-snippet:-1","max-image-preview":"max-image-preview:large","max-video-preview":"max-video-preview:-1"},"canonical":"https:\/\/elektrotec.com.br\/loja\/produto\/monitor-gamer-lg-215-polegadas-full-hd-22mp410-b-75hz-hdmi-freesync-vesa-preto\/","og_locale":"pt_BR","og_type":"article","og_title":"Monitor Gamer LG 21,5\" Full HD, 22MP410-B, HDMI, FreeSync","og_description":"Experimente jogabilidade fluida com o Monitor Gamer LG 21.5\" Full HD, 75Hz, HDMI e FreeSync. Desempenho excepcional para gamers em busca de perfei\u00e7\u00e3o.","og_url":"https:\/\/elektrotec.com.br\/loja\/produto\/monitor-gamer-lg-215-polegadas-full-hd-22mp410-b-75hz-hdmi-freesync-vesa-preto\/","og_site_name":"Elektrotec Store","article_modified_time":"2025-02-28T23:53:57+00:00","og_image":[{"width":700,"height":800,"url":"https:\/\/elektrotec.com.br\/loja\/wp-content\/uploads\/2025\/01\/Monitor-Gamer-LG-27-Full-HD-IPS-HDMI-e-VESA-FreeSync-Ajuste-de-Angulo-Bordas-Finas-0.jpg","type":"image\/jpeg"}],"twitter_card":"summary_large_image","twitter_misc":{"Est. tempo de leitura":"4 minutos"},"schema":{"@context":"https:\/\/schema.org","@graph":[{"@type":"WebPage","@id":"https:\/\/elektrotec.com.br\/loja\/produto\/monitor-gamer-lg-215-polegadas-full-hd-22mp410-b-75hz-hdmi-freesync-vesa-preto\/","url":"https:\/\/elektrotec.com.br\/loja\/produto\/monitor-gamer-lg-215-polegadas-full-hd-22mp410-b-75hz-hdmi-freesync-vesa-preto\/","name":"Monitor Gamer LG 21,5\" Full HD, 22MP410-B, HDMI, FreeSync","isPartOf":{"@id":"https:\/\/elektrotec.com.br\/loja\/#website"},"primaryImageOfPage":{"@id":"https:\/\/elektrotec.com.br\/loja\/produto\/monitor-gamer-lg-215-polegadas-full-hd-22mp410-b-75hz-hdmi-freesync-vesa-preto\/#primaryimage"},"image":{"@id":"https:\/\/elektrotec.com.br\/loja\/produto\/monitor-gamer-lg-215-polegadas-full-hd-22mp410-b-75hz-hdmi-freesync-vesa-preto\/#primaryimage"},"thumbnailUrl":"https:\/\/i0.wp.com\/elektrotec.com.br\/loja\/wp-content\/uploads\/2025\/01\/Monitor-Gamer-LG-27-Full-HD-IPS-HDMI-e-VESA-FreeSync-Ajuste-de-Angulo-Bordas-Finas-0.jpg?fit=700%2C800&ssl=1","datePublished":"2025-01-11T17:55:56+00:00","dateModified":"2025-02-28T23:53:57+00:00","description":"Experimente jogabilidade fluida com o Monitor Gamer LG 21.5\" Full HD, 75Hz, HDMI e FreeSync. Desempenho excepcional para gamers em busca de perfei\u00e7\u00e3o.","breadcrumb":{"@id":"https:\/\/elektrotec.com.br\/loja\/produto\/monitor-gamer-lg-215-polegadas-full-hd-22mp410-b-75hz-hdmi-freesync-vesa-preto\/#breadcrumb"},"inLanguage":"pt-BR","potentialAction":[{"@type":"ReadAction","target":["https:\/\/elektrotec.com.br\/loja\/produto\/monitor-gamer-lg-215-polegadas-full-hd-22mp410-b-75hz-hdmi-freesync-vesa-preto\/"]}]},{"@type":"ImageObject","inLanguage":"pt-BR","@id":"https:\/\/elektrotec.com.br\/loja\/produto\/monitor-gamer-lg-215-polegadas-full-hd-22mp410-b-75hz-hdmi-freesync-vesa-preto\/#primaryimage","url":"https:\/\/i0.wp.com\/elektrotec.com.br\/loja\/wp-content\/uploads\/2025\/01\/Monitor-Gamer-LG-27-Full-HD-IPS-HDMI-e-VESA-FreeSync-Ajuste-de-Angulo-Bordas-Finas-0.jpg?fit=700%2C800&ssl=1","contentUrl":"https:\/\/i0.wp.com\/elektrotec.com.br\/loja\/wp-content\/uploads\/2025\/01\/Monitor-Gamer-LG-27-Full-HD-IPS-HDMI-e-VESA-FreeSync-Ajuste-de-Angulo-Bordas-Finas-0.jpg?fit=700%2C800&ssl=1","width":700,"height":800},{"@type":"BreadcrumbList","@id":"https:\/\/elektrotec.com.br\/loja\/produto\/monitor-gamer-lg-215-polegadas-full-hd-22mp410-b-75hz-hdmi-freesync-vesa-preto\/#breadcrumb","itemListElement":[{"@type":"ListItem","position":1,"name":"Home","item":"https:\/\/elektrotec.com.br\/loja\/"},{"@type":"ListItem","position":2,"name":"Ofertas do dia \u26a1","item":"https:\/\/elektrotec.com.br\/loja\/loja\/"},{"@type":"ListItem","position":3,"name":"Monitor Gamer LG 21,5 polegadas Full HD, 22MP410-B, 75Hz, HDMI, FreeSync, VESA, Preto"}]},{"@type":"WebSite","@id":"https:\/\/elektrotec.com.br\/loja\/#website","url":"https:\/\/elektrotec.com.br\/loja\/","name":"Elektrotec Store","description":"Solu\u00e7\u00f5es em Energia e Automa\u00e7\u00e3o Industrial","publisher":{"@id":"https:\/\/elektrotec.com.br\/loja\/#organization"},"potentialAction":[{"@type":"SearchAction","target":{"@type":"EntryPoint","urlTemplate":"https:\/\/elektrotec.com.br\/loja\/?s={search_term_string}"},"query-input":{"@type":"PropertyValueSpecification","valueRequired":true,"valueName":"search_term_string"}}],"inLanguage":"pt-BR"},{"@type":"Organization","@id":"https:\/\/elektrotec.com.br\/loja\/#organization","name":"Elektrotec","url":"https:\/\/elektrotec.com.br\/loja\/","logo":{"@type":"ImageObject","inLanguage":"pt-BR","@id":"https:\/\/elektrotec.com.br\/loja\/#\/schema\/logo\/image\/","url":"https:\/\/i0.wp.com\/elektrotec.com.br\/loja\/wp-content\/uploads\/2025\/05\/Logo-site-Elektrotec-Energy-1.webp?fit=270%2C70&ssl=1","contentUrl":"https:\/\/i0.wp.com\/elektrotec.com.br\/loja\/wp-content\/uploads\/2025\/05\/Logo-site-Elektrotec-Energy-1.webp?fit=270%2C70&ssl=1","width":270,"height":70,"caption":"Elektrotec"},"image":{"@id":"https:\/\/elektrotec.com.br\/loja\/#\/schema\/logo\/image\/"}}]}},"jetpack_sharing_enabled":true,"brands":[],"_links":{"self":[{"href":"https:\/\/elektrotec.com.br\/loja\/wp-json\/wp\/v2\/product\/4026","targetHints":{"allow":["GET"]}}],"collection":[{"href":"https:\/\/elektrotec.com.br\/loja\/wp-json\/wp\/v2\/product"}],"about":[{"href":"https:\/\/elektrotec.com.br\/loja\/wp-json\/wp\/v2\/types\/product"}],"replies":[{"embeddable":true,"href":"https:\/\/elektrotec.com.br\/loja\/wp-json\/wp\/v2\/comments?post=4026"}],"wp:featuredmedia":[{"embeddable":true,"href":"https:\/\/elektrotec.com.br\/loja\/wp-json\/wp\/v2\/media\/4019"}],"wp:attachment":[{"href":"https:\/\/elektrotec.com.br\/loja\/wp-json\/wp\/v2\/media?parent=4026"}],"wp:term":[{"taxonomy":"pwb-brand","embeddable":true,"href":"https:\/\/elektrotec.com.br\/loja\/wp-json\/wp\/v2\/pwb-brand?post=4026"},{"taxonomy":"product_brand","embeddable":true,"href":"https:\/\/elektrotec.com.br\/loja\/wp-json\/wp\/v2\/product_brand?post=4026"},{"taxonomy":"product_cat","embeddable":true,"href":"https:\/\/elektrotec.com.br\/loja\/wp-json\/wp\/v2\/product_cat?post=4026"},{"taxonomy":"product_tag","embeddable":true,"href":"https:\/\/elektrotec.com.br\/loja\/wp-json\/wp\/v2\/product_tag?post=4026"}],"curies":[{"name":"wp","href":"https:\/\/api.w.org\/{rel}","templated":true}]}}