{"id":3969,"date":"2025-01-09T21:43:55","date_gmt":"2025-01-10T00:43:55","guid":{"rendered":"https:\/\/quioske.com.br\/?post_type=product&#038;p=3969"},"modified":"2025-02-28T19:18:39","modified_gmt":"2025-02-28T22:18:39","slug":"monitor-aoc-e970swhnl-widescreen-com-ajuste-de-inclinacao-hdmi-vga-18-5-polegadas-led-hd","status":"publish","type":"product","link":"https:\/\/elektrotec.com.br\/loja\/produto\/monitor-aoc-e970swhnl-widescreen-com-ajuste-de-inclinacao-hdmi-vga-18-5-polegadas-led-hd\/","title":{"rendered":"Monitor AOC E970SWHNL widescreen com ajuste de inclina\u00e7\u00e3o, HDMI, VGA, 18.5 polegadas, LED HD"},"content":{"rendered":"<div class=\"wpb-content-wrapper\"><p>[vc_row woodmart_css_id=&#8221;678070de0573f&#8221; responsive_spacing=&#8221;eyJwYXJhbV90eXBlIjoid29vZG1hcnRfcmVzcG9uc2l2ZV9zcGFjaW5nIiwic2VsZWN0b3JfaWQiOiI2NzgwNzBkZTA1NzNmIiwic2hvcnRjb2RlIjoidmNfcm93IiwiZGF0YSI6eyJ0YWJsZXQiOnt9LCJtb2JpbGUiOnt9fX0=&#8221; mobile_bg_img_hidden=&#8221;no&#8221; tablet_bg_img_hidden=&#8221;no&#8221; woodmart_parallax=&#8221;0&#8243; woodmart_gradient_switch=&#8221;no&#8221; woodmart_box_shadow=&#8221;no&#8221; wd_z_index=&#8221;no&#8221; woodmart_disable_overflow=&#8221;0&#8243; row_reverse_mobile=&#8221;0&#8243; row_reverse_tablet=&#8221;0&#8243; el_id=&#8221;codigo-36767&#8243;][vc_column css=&#8221;.vc_custom_1666272391679{padding-top: 0px !important;}&#8221; woodmart_css_id=&#8221;63514c8260958&#8243; parallax_scroll=&#8221;no&#8221; woodmart_sticky_column=&#8221;false&#8221; wd_collapsible_content_switcher=&#8221;no&#8221; wd_column_role_offcanvas_desktop=&#8221;no&#8221; wd_column_role_offcanvas_tablet=&#8221;no&#8221; wd_column_role_offcanvas_mobile=&#8221;no&#8221; wd_column_role_content_desktop=&#8221;no&#8221; wd_column_role_content_tablet=&#8221;no&#8221; wd_column_role_content_mobile=&#8221;no&#8221; mobile_bg_img_hidden=&#8221;no&#8221; tablet_bg_img_hidden=&#8221;no&#8221; woodmart_parallax=&#8221;0&#8243; woodmart_box_shadow=&#8221;no&#8221; responsive_spacing=&#8221;eyJwYXJhbV90eXBlIjoid29vZG1hcnRfcmVzcG9uc2l2ZV9zcGFjaW5nIiwic2VsZWN0b3JfaWQiOiI2MzUxNGM4MjYwOTU4Iiwic2hvcnRjb2RlIjoidmNfY29sdW1uIiwiZGF0YSI6eyJ0YWJsZXQiOnt9LCJtb2JpbGUiOnt9fX0=&#8221; mobile_reset_margin=&#8221;no&#8221; tablet_reset_margin=&#8221;no&#8221; wd_z_index=&#8221;no&#8221;]\t\t<div id=\"wd-678078fd0cf0d\" class=\"wd-text-block wd-wpb reset-last-child wd-rs-678078fd0cf0d text-center vc_custom_1736472951516\">\n\t\t\t<p><img data-recalc-dims=\"1\" loading=\"lazy\" decoding=\"async\" class=\"aligncenter wp-image-3980 size-full\" src=\"https:\/\/i0.wp.com\/elektrotec.com.br\/loja\/wp-content\/uploads\/2025\/01\/Monitor-AOC-18-7-1.jpg?resize=1280%2C1856&#038;ssl=1\" alt=\"\" width=\"1280\" height=\"1856\" srcset=\"https:\/\/i0.wp.com\/elektrotec.com.br\/loja\/wp-content\/uploads\/2025\/01\/Monitor-AOC-18-7-1.jpg?w=1280&amp;ssl=1 1280w, https:\/\/i0.wp.com\/elektrotec.com.br\/loja\/wp-content\/uploads\/2025\/01\/Monitor-AOC-18-7-1.jpg?resize=207%2C300&amp;ssl=1 207w, https:\/\/i0.wp.com\/elektrotec.com.br\/loja\/wp-content\/uploads\/2025\/01\/Monitor-AOC-18-7-1.jpg?resize=706%2C1024&amp;ssl=1 706w, https:\/\/i0.wp.com\/elektrotec.com.br\/loja\/wp-content\/uploads\/2025\/01\/Monitor-AOC-18-7-1.jpg?resize=768%2C1114&amp;ssl=1 768w, https:\/\/i0.wp.com\/elektrotec.com.br\/loja\/wp-content\/uploads\/2025\/01\/Monitor-AOC-18-7-1.jpg?resize=1059%2C1536&amp;ssl=1 1059w, https:\/\/i0.wp.com\/elektrotec.com.br\/loja\/wp-content\/uploads\/2025\/01\/Monitor-AOC-18-7-1.jpg?resize=1200%2C1740&amp;ssl=1 1200w, https:\/\/i0.wp.com\/elektrotec.com.br\/loja\/wp-content\/uploads\/2025\/01\/Monitor-AOC-18-7-1.jpg?resize=150%2C218&amp;ssl=1 150w\" sizes=\"auto, (max-width: 1000px) 100vw, 1000px\" \/><\/p>\n\t\t<\/div>\n\t\t[\/vc_column][\/vc_row][vc_row][vc_column woodmart_css_id=&#8221;667c81fba6236&#8243; parallax_scroll=&#8221;no&#8221; woodmart_sticky_column=&#8221;false&#8221; wd_collapsible_content_switcher=&#8221;no&#8221; wd_column_role_offcanvas_desktop=&#8221;no&#8221; wd_column_role_offcanvas_tablet=&#8221;no&#8221; wd_column_role_offcanvas_mobile=&#8221;no&#8221; wd_column_role_content_desktop=&#8221;no&#8221; wd_column_role_content_tablet=&#8221;no&#8221; wd_column_role_content_mobile=&#8221;no&#8221; mobile_bg_img_hidden=&#8221;no&#8221; tablet_bg_img_hidden=&#8221;no&#8221; woodmart_parallax=&#8221;0&#8243; woodmart_box_shadow=&#8221;no&#8221; responsive_spacing=&#8221;eyJwYXJhbV90eXBlIjoid29vZG1hcnRfcmVzcG9uc2l2ZV9zcGFjaW5nIiwic2VsZWN0b3JfaWQiOiI2NjdjODFmYmE2MjM2Iiwic2hvcnRjb2RlIjoidmNfY29sdW1uIiwiZGF0YSI6eyJ0YWJsZXQiOnt9LCJtb2JpbGUiOnt9fX0=&#8221; mobile_reset_margin=&#8221;no&#8221; tablet_reset_margin=&#8221;no&#8221; wd_z_index=&#8221;no&#8221; css=&#8221;.vc_custom_1719435784581{margin-top: -60px !important;}&#8221;][vc_separator border_width=&#8221;3&#8243; css=&#8221;.vc_custom_1731708518955{margin-top: 50px !important;margin-bottom: 50px !important;}&#8221; wd_hide_on_desktop=&#8221;no&#8221; wd_hide_on_tablet=&#8221;no&#8221; wd_hide_on_mobile=&#8221;no&#8221;][\/vc_column][\/vc_row][vc_row woodmart_css_id=&#8221;674bb5a3b48c6&#8243; responsive_spacing=&#8221;eyJwYXJhbV90eXBlIjoid29vZG1hcnRfcmVzcG9uc2l2ZV9zcGFjaW5nIiwic2VsZWN0b3JfaWQiOiI2NzRiYjVhM2I0OGM2Iiwic2hvcnRjb2RlIjoidmNfcm93IiwiZGF0YSI6eyJ0YWJsZXQiOnt9LCJtb2JpbGUiOnt9fX0=&#8221; mobile_bg_img_hidden=&#8221;no&#8221; tablet_bg_img_hidden=&#8221;no&#8221; woodmart_parallax=&#8221;0&#8243; woodmart_gradient_switch=&#8221;no&#8221; woodmart_box_shadow=&#8221;no&#8221; wd_z_index=&#8221;no&#8221; woodmart_disable_overflow=&#8221;0&#8243; row_reverse_mobile=&#8221;0&#8243; row_reverse_tablet=&#8221;0&#8243;][vc_column css=&#8221;.vc_custom_1669033735057{padding-top: 0px !important;}&#8221; woodmart_css_id=&#8221;637b6f036ef34&#8243; parallax_scroll=&#8221;no&#8221; woodmart_sticky_column=&#8221;false&#8221; wd_collapsible_content_switcher=&#8221;no&#8221; wd_column_role_offcanvas_desktop=&#8221;no&#8221; wd_column_role_offcanvas_tablet=&#8221;no&#8221; wd_column_role_offcanvas_mobile=&#8221;no&#8221; wd_column_role_content_desktop=&#8221;no&#8221; wd_column_role_content_tablet=&#8221;no&#8221; wd_column_role_content_mobile=&#8221;no&#8221; mobile_bg_img_hidden=&#8221;no&#8221; tablet_bg_img_hidden=&#8221;no&#8221; woodmart_parallax=&#8221;0&#8243; woodmart_box_shadow=&#8221;no&#8221; responsive_spacing=&#8221;eyJwYXJhbV90eXBlIjoid29vZG1hcnRfcmVzcG9uc2l2ZV9zcGFjaW5nIiwic2VsZWN0b3JfaWQiOiI2MzdiNmYwMzZlZjM0Iiwic2hvcnRjb2RlIjoidmNfY29sdW1uIiwiZGF0YSI6eyJ0YWJsZXQiOnt9LCJtb2JpbGUiOnt9fX0=&#8221; mobile_reset_margin=&#8221;no&#8221; tablet_reset_margin=&#8221;no&#8221; wd_z_index=&#8221;no&#8221;]\n\t\t<div id=\"wd-667ca27edb170\" class=\"title-wrapper wd-wpb wd-set-mb reset-last-child  wd-rs-667ca27edb170 wd-title-color-default wd-title-style-default text-left vc_custom_1719444410298 wd-underline-colored\">\n\t\t\t\n\t\t\t<div class=\"liner-continer\">\n\t\t\t\t<h4 class=\"woodmart-title-container title  wd-font-weight-700 wd-fontsize-l\" >\ud83d\udccc Especifica\u00e7\u00f5es T\u00e9cnicas:<\/h4>\n\t\t\t\t\t\t\t<\/div>\n\t\t\t\n\t\t\t\n\t\t\t\n\t\t<\/div>\n\t\t\n\t\t\t\t<div id=\"wd-67c23406d3ae5\" class=\"wd-text-block wd-wpb reset-last-child wd-rs-67c23406d3ae5 text-left vc_custom_1740780572764\">\n\t\t\t<h4 class=\"sc-7e0ca514-1 GiPKU\">Caracter\u00edsticas:<\/h4>\n<ul>\n<li class=\"sc-7e0ca514-1 GiPKU\">Marca: AOC<\/li>\n<li class=\"sc-7e0ca514-1 GiPKU\">Modelo: E970SWHNL<\/li>\n<\/ul>\n<h4>Especifica\u00e7\u00f5es t\u00e9cnicas:<\/h4>\n<ul>\n<li><strong>Tela:<\/strong><br \/>\nTamanho do painel: 18.5&#8243;<br \/>\nTamanho da imagem vis\u00edvel (diagonal): 47,0 cm<br \/>\nPropor\u00e7\u00e3o de tela: 16:09<br \/>\nFormato de tela: Widescreen<br \/>\nCurvatura: N\u00e3o<br \/>\nIlumina\u00e7\u00e3o do painel: LED<br \/>\nTipo de painel: Anti-reflexivo<br \/>\nTecnologia: TN<br \/>\nResolu\u00e7\u00e3o m\u00e1xima: 1366 x 768 @ 60 Hz (HD)<br \/>\nResolu\u00e7\u00e3o recomendada: 1366 x 768 @ 60 Hz (HD)<br \/>\nPixel pitch: 0.3 mm<br \/>\nBits: 8 bits<br \/>\nBrilho: 200 cd\/m\u00b2<br \/>\nsRGB: 89%<br \/>\nRela\u00e7\u00e3o de contraste din\u00e2mico: 20.000.000:1<br \/>\nRela\u00e7\u00e3o de contraste est\u00e1tico: 1.000:1<br \/>\nFrequ\u00eancia nativa do painel: 60 Hz<br \/>\nTempo de resposta: 5 ms<br \/>\n\u00c2ngulo de vis\u00e3o horizontal: 90\u00b0<br \/>\n\u00c2ngulo de vis\u00e3o vertical: 65\u00b0<br \/>\nFrequ\u00eancia de varredura horizontal: 30 ~ 60 kHz<br \/>\nFrequ\u00eancia de varredura vertical: 50 ~ 75 Hz<br \/>\nLargura de banda: 85 MHz<br \/>\nSuporte de cores: Maior que 16 Milh\u00f5es<\/li>\n<\/ul>\n<h4>Conectores:<\/h4>\n<ul>\n<li>1x VGA<\/li>\n<li>1x HDMI 1.4<\/li>\n<\/ul>\n<h4>Recursos:<\/h4>\n<ul>\n<li>Alto-Falantes: N\u00e3o<\/li>\n<li>Tecnologia Anti Luz Azul: Low Blue Mode<\/li>\n<li>Compatibilidade: Windows, MAC, Linux<\/li>\n<li>Plug &amp; amp; Play: DDC2B\/CI<\/li>\n<li>Controles manuais: Power<\/li>\n<li>Fun\u00e7\u00e3o OSD (On Screen Display): Portugu\u00eas e outros idiomas<\/li>\n<\/ul>\n<h4>Ergonomia:<\/h4>\n<ul>\n<li>VESA: N\u00e3o<\/li>\n<li>Base ajust\u00e1vel: Inclina\u00e7\u00e3o: \u00ad1.5\u00b0 \/ 8,5\u00b0<\/li>\n<\/ul>\n<h4>Dimens\u00f5es:<\/h4>\n<ul>\n<li>Monitor com base: 437 x 337 x 156 mm<\/li>\n<li>Monitor sem base: 437 x 273 x 48 mm<\/li>\n<\/ul>\n<h4>Energia:<\/h4>\n<ul>\n<li>Fonte: Interna: 100~240V \/ 50\/60 Hz<\/li>\n<li>Consumo: Ligado: &lt; 13 Watts (t\u00edpico) | Stand By &lt; 0,5 Watt<\/li>\n<\/ul>\n<h4>Certifica\u00e7\u00f5es:<\/h4>\n<ul>\n<li>Normas\/seguran\u00e7a\/certifica\u00e7\u00f5es: INMETRO, Win 8\/8.1, Win 10<\/li>\n<\/ul>\n<h4>Conte\u00fado da embalagem:<\/h4>\n<ul>\n<li>Monitor AOC<\/li>\n<li>Cabo de for\u00e7a<\/li>\n<li>Cabo VGA<\/li>\n<li>Certificado de garantia<\/li>\n<li>Base do Monitor<\/li>\n<\/ul>\n<h4>Garantia do fornecedor:<\/h4>\n<ul>\n<li>12 Meses<\/li>\n<\/ul>\n<h4><span style=\"color: #1b1919; font-size: 18px;\">Peso:<\/span><\/h4>\n<div class=\"sc-7e0ca514-2 cKkhYq\" data-testid=\"InfoPeso\">\n<ul>\n<li class=\"sc-7e0ca514-3 lnNTXx\">1000 gramas (produto)<\/li>\n<li>2570 gramas (bruto com embalagem)<\/li>\n<\/ul>\n<\/div>\n\t\t<\/div>\n\t\t[\/vc_column][\/vc_row]<\/p>\n<\/div>","protected":false},"excerpt":{"rendered":"<p><strong>C\u00f3digo:<\/strong> <a href=\"#\">36767<\/a>\u00a0 \u00a0<strong>|<\/strong>\u00a0 \u00a0<strong>Mais produtos:<\/strong> <a href=\"https:\/\/elektrotec.com.br\/loja\/loja\/?filter_marcas=aoc\">AOC<\/a>\u00a0 \u00a0<strong>|<\/strong>\u00a0 \u00a0<a href=\"https:\/\/elektrotec.com.br\/loja\/produto\/monitor-aoc-e970swhnl-widescreen-com-ajuste-de-inclinacao-hdmi-vga-18-5-polegadas-led-hd\/#codigo-36767\"><strong>Descri\u00e7\u00e3o do produto<\/strong><\/a><\/p>\n","protected":false},"featured_media":3971,"comment_status":"open","ping_status":"closed","template":"","meta":{"pagelayer_contact_templates":[],"_pagelayer_content":"","_mbp_gutenberg_autopost":false},"pwb-brand":[],"product_brand":[],"product_cat":[291,69,25],"product_tag":[],"class_list":{"0":"post-3969","1":"product","2":"type-product","3":"status-publish","4":"has-post-thumbnail","6":"product_cat-automacao-comercial","7":"product_cat-monitor","8":"product_cat-tecnologia-e-informatica","9":"product_shipping_class-logistica-quioske","11":"first","12":"instock","13":"featured","14":"shipping-taxable","15":"purchasable","16":"product-type-simple"},"yoast_head":"<!-- This site is optimized with the Yoast SEO plugin v27.2 - https:\/\/yoast.com\/product\/yoast-seo-wordpress\/ -->\n<title>Monitor AOC E970SWHNL Widescreen HDMI VGA 18.5&quot; LED HD<\/title>\n<meta name=\"description\" content=\"Monitor AOC 18.5&quot; LED HD com 60Hz e 5ms de resposta. Design widescreen para uma visualiza\u00e7\u00e3o ampla e clara, ideal para trabalho e jogos leves\" \/>\n<meta name=\"robots\" content=\"index, follow, max-snippet:-1, max-image-preview:large, max-video-preview:-1\" \/>\n<link rel=\"canonical\" href=\"https:\/\/elektrotec.com.br\/loja\/produto\/monitor-aoc-e970swhnl-widescreen-com-ajuste-de-inclinacao-hdmi-vga-18-5-polegadas-led-hd\/\" \/>\n<meta property=\"og:locale\" content=\"pt_BR\" \/>\n<meta property=\"og:type\" content=\"article\" \/>\n<meta property=\"og:title\" content=\"Monitor AOC E970SWHNL Widescreen HDMI VGA 18.5&quot; LED HD\" \/>\n<meta property=\"og:description\" content=\"Monitor AOC 18.5&quot; LED HD com 60Hz e 5ms de resposta. Design widescreen para uma visualiza\u00e7\u00e3o ampla e clara, ideal para trabalho e jogos leves\" \/>\n<meta property=\"og:url\" content=\"https:\/\/elektrotec.com.br\/loja\/produto\/monitor-aoc-e970swhnl-widescreen-com-ajuste-de-inclinacao-hdmi-vga-18-5-polegadas-led-hd\/\" \/>\n<meta property=\"og:site_name\" content=\"Elektrotec Store\" \/>\n<meta property=\"article:modified_time\" content=\"2025-02-28T22:18:39+00:00\" \/>\n<meta property=\"og:image\" content=\"https:\/\/elektrotec.com.br\/loja\/wp-content\/uploads\/2025\/01\/Monitor-AOC-18-0.jpg\" \/>\n\t<meta property=\"og:image:width\" content=\"700\" \/>\n\t<meta property=\"og:image:height\" content=\"800\" \/>\n\t<meta property=\"og:image:type\" content=\"image\/jpeg\" \/>\n<meta name=\"twitter:card\" content=\"summary_large_image\" \/>\n<meta name=\"twitter:label1\" content=\"Est. tempo de leitura\" \/>\n\t<meta name=\"twitter:data1\" content=\"3 minutos\" \/>\n<script type=\"application\/ld+json\" class=\"yoast-schema-graph\">{\"@context\":\"https:\/\/schema.org\",\"@graph\":[{\"@type\":\"WebPage\",\"@id\":\"https:\/\/elektrotec.com.br\/loja\/produto\/monitor-aoc-e970swhnl-widescreen-com-ajuste-de-inclinacao-hdmi-vga-18-5-polegadas-led-hd\/\",\"url\":\"https:\/\/elektrotec.com.br\/loja\/produto\/monitor-aoc-e970swhnl-widescreen-com-ajuste-de-inclinacao-hdmi-vga-18-5-polegadas-led-hd\/\",\"name\":\"Monitor AOC E970SWHNL Widescreen HDMI VGA 18.5\\\" LED HD\",\"isPartOf\":{\"@id\":\"https:\/\/elektrotec.com.br\/loja\/#website\"},\"primaryImageOfPage\":{\"@id\":\"https:\/\/elektrotec.com.br\/loja\/produto\/monitor-aoc-e970swhnl-widescreen-com-ajuste-de-inclinacao-hdmi-vga-18-5-polegadas-led-hd\/#primaryimage\"},\"image\":{\"@id\":\"https:\/\/elektrotec.com.br\/loja\/produto\/monitor-aoc-e970swhnl-widescreen-com-ajuste-de-inclinacao-hdmi-vga-18-5-polegadas-led-hd\/#primaryimage\"},\"thumbnailUrl\":\"https:\/\/i0.wp.com\/elektrotec.com.br\/loja\/wp-content\/uploads\/2025\/01\/Monitor-AOC-18-0.jpg?fit=700%2C800&ssl=1\",\"datePublished\":\"2025-01-10T00:43:55+00:00\",\"dateModified\":\"2025-02-28T22:18:39+00:00\",\"description\":\"Monitor AOC 18.5\\\" LED HD com 60Hz e 5ms de resposta. Design widescreen para uma visualiza\u00e7\u00e3o ampla e clara, ideal para trabalho e jogos leves\",\"breadcrumb\":{\"@id\":\"https:\/\/elektrotec.com.br\/loja\/produto\/monitor-aoc-e970swhnl-widescreen-com-ajuste-de-inclinacao-hdmi-vga-18-5-polegadas-led-hd\/#breadcrumb\"},\"inLanguage\":\"pt-BR\",\"potentialAction\":[{\"@type\":\"ReadAction\",\"target\":[\"https:\/\/elektrotec.com.br\/loja\/produto\/monitor-aoc-e970swhnl-widescreen-com-ajuste-de-inclinacao-hdmi-vga-18-5-polegadas-led-hd\/\"]}]},{\"@type\":\"ImageObject\",\"inLanguage\":\"pt-BR\",\"@id\":\"https:\/\/elektrotec.com.br\/loja\/produto\/monitor-aoc-e970swhnl-widescreen-com-ajuste-de-inclinacao-hdmi-vga-18-5-polegadas-led-hd\/#primaryimage\",\"url\":\"https:\/\/i0.wp.com\/elektrotec.com.br\/loja\/wp-content\/uploads\/2025\/01\/Monitor-AOC-18-0.jpg?fit=700%2C800&ssl=1\",\"contentUrl\":\"https:\/\/i0.wp.com\/elektrotec.com.br\/loja\/wp-content\/uploads\/2025\/01\/Monitor-AOC-18-0.jpg?fit=700%2C800&ssl=1\",\"width\":700,\"height\":800},{\"@type\":\"BreadcrumbList\",\"@id\":\"https:\/\/elektrotec.com.br\/loja\/produto\/monitor-aoc-e970swhnl-widescreen-com-ajuste-de-inclinacao-hdmi-vga-18-5-polegadas-led-hd\/#breadcrumb\",\"itemListElement\":[{\"@type\":\"ListItem\",\"position\":1,\"name\":\"Home\",\"item\":\"https:\/\/elektrotec.com.br\/loja\/\"},{\"@type\":\"ListItem\",\"position\":2,\"name\":\"Ofertas do dia \u26a1\",\"item\":\"https:\/\/elektrotec.com.br\/loja\/loja\/\"},{\"@type\":\"ListItem\",\"position\":3,\"name\":\"Monitor AOC E970SWHNL widescreen com ajuste de inclina\u00e7\u00e3o, HDMI, VGA, 18.5 polegadas, LED HD\"}]},{\"@type\":\"WebSite\",\"@id\":\"https:\/\/elektrotec.com.br\/loja\/#website\",\"url\":\"https:\/\/elektrotec.com.br\/loja\/\",\"name\":\"Elektrotec Store\",\"description\":\"Solu\u00e7\u00f5es em Energia e Automa\u00e7\u00e3o Industrial\",\"publisher\":{\"@id\":\"https:\/\/elektrotec.com.br\/loja\/#organization\"},\"potentialAction\":[{\"@type\":\"SearchAction\",\"target\":{\"@type\":\"EntryPoint\",\"urlTemplate\":\"https:\/\/elektrotec.com.br\/loja\/?s={search_term_string}\"},\"query-input\":{\"@type\":\"PropertyValueSpecification\",\"valueRequired\":true,\"valueName\":\"search_term_string\"}}],\"inLanguage\":\"pt-BR\"},{\"@type\":\"Organization\",\"@id\":\"https:\/\/elektrotec.com.br\/loja\/#organization\",\"name\":\"Elektrotec\",\"url\":\"https:\/\/elektrotec.com.br\/loja\/\",\"logo\":{\"@type\":\"ImageObject\",\"inLanguage\":\"pt-BR\",\"@id\":\"https:\/\/elektrotec.com.br\/loja\/#\/schema\/logo\/image\/\",\"url\":\"https:\/\/i0.wp.com\/elektrotec.com.br\/loja\/wp-content\/uploads\/2025\/05\/Logo-site-Elektrotec-Energy-1.webp?fit=270%2C70&ssl=1\",\"contentUrl\":\"https:\/\/i0.wp.com\/elektrotec.com.br\/loja\/wp-content\/uploads\/2025\/05\/Logo-site-Elektrotec-Energy-1.webp?fit=270%2C70&ssl=1\",\"width\":270,\"height\":70,\"caption\":\"Elektrotec\"},\"image\":{\"@id\":\"https:\/\/elektrotec.com.br\/loja\/#\/schema\/logo\/image\/\"}}]}<\/script>\n<!-- \/ Yoast SEO plugin. -->","yoast_head_json":{"title":"Monitor AOC E970SWHNL Widescreen HDMI VGA 18.5\" LED HD","description":"Monitor AOC 18.5\" LED HD com 60Hz e 5ms de resposta. Design widescreen para uma visualiza\u00e7\u00e3o ampla e clara, ideal para trabalho e jogos leves","robots":{"index":"index","follow":"follow","max-snippet":"max-snippet:-1","max-image-preview":"max-image-preview:large","max-video-preview":"max-video-preview:-1"},"canonical":"https:\/\/elektrotec.com.br\/loja\/produto\/monitor-aoc-e970swhnl-widescreen-com-ajuste-de-inclinacao-hdmi-vga-18-5-polegadas-led-hd\/","og_locale":"pt_BR","og_type":"article","og_title":"Monitor AOC E970SWHNL Widescreen HDMI VGA 18.5\" LED HD","og_description":"Monitor AOC 18.5\" LED HD com 60Hz e 5ms de resposta. Design widescreen para uma visualiza\u00e7\u00e3o ampla e clara, ideal para trabalho e jogos leves","og_url":"https:\/\/elektrotec.com.br\/loja\/produto\/monitor-aoc-e970swhnl-widescreen-com-ajuste-de-inclinacao-hdmi-vga-18-5-polegadas-led-hd\/","og_site_name":"Elektrotec Store","article_modified_time":"2025-02-28T22:18:39+00:00","og_image":[{"width":700,"height":800,"url":"https:\/\/elektrotec.com.br\/loja\/wp-content\/uploads\/2025\/01\/Monitor-AOC-18-0.jpg","type":"image\/jpeg"}],"twitter_card":"summary_large_image","twitter_misc":{"Est. tempo de leitura":"3 minutos"},"schema":{"@context":"https:\/\/schema.org","@graph":[{"@type":"WebPage","@id":"https:\/\/elektrotec.com.br\/loja\/produto\/monitor-aoc-e970swhnl-widescreen-com-ajuste-de-inclinacao-hdmi-vga-18-5-polegadas-led-hd\/","url":"https:\/\/elektrotec.com.br\/loja\/produto\/monitor-aoc-e970swhnl-widescreen-com-ajuste-de-inclinacao-hdmi-vga-18-5-polegadas-led-hd\/","name":"Monitor AOC E970SWHNL Widescreen HDMI VGA 18.5\" LED HD","isPartOf":{"@id":"https:\/\/elektrotec.com.br\/loja\/#website"},"primaryImageOfPage":{"@id":"https:\/\/elektrotec.com.br\/loja\/produto\/monitor-aoc-e970swhnl-widescreen-com-ajuste-de-inclinacao-hdmi-vga-18-5-polegadas-led-hd\/#primaryimage"},"image":{"@id":"https:\/\/elektrotec.com.br\/loja\/produto\/monitor-aoc-e970swhnl-widescreen-com-ajuste-de-inclinacao-hdmi-vga-18-5-polegadas-led-hd\/#primaryimage"},"thumbnailUrl":"https:\/\/i0.wp.com\/elektrotec.com.br\/loja\/wp-content\/uploads\/2025\/01\/Monitor-AOC-18-0.jpg?fit=700%2C800&ssl=1","datePublished":"2025-01-10T00:43:55+00:00","dateModified":"2025-02-28T22:18:39+00:00","description":"Monitor AOC 18.5\" LED HD com 60Hz e 5ms de resposta. Design widescreen para uma visualiza\u00e7\u00e3o ampla e clara, ideal para trabalho e jogos leves","breadcrumb":{"@id":"https:\/\/elektrotec.com.br\/loja\/produto\/monitor-aoc-e970swhnl-widescreen-com-ajuste-de-inclinacao-hdmi-vga-18-5-polegadas-led-hd\/#breadcrumb"},"inLanguage":"pt-BR","potentialAction":[{"@type":"ReadAction","target":["https:\/\/elektrotec.com.br\/loja\/produto\/monitor-aoc-e970swhnl-widescreen-com-ajuste-de-inclinacao-hdmi-vga-18-5-polegadas-led-hd\/"]}]},{"@type":"ImageObject","inLanguage":"pt-BR","@id":"https:\/\/elektrotec.com.br\/loja\/produto\/monitor-aoc-e970swhnl-widescreen-com-ajuste-de-inclinacao-hdmi-vga-18-5-polegadas-led-hd\/#primaryimage","url":"https:\/\/i0.wp.com\/elektrotec.com.br\/loja\/wp-content\/uploads\/2025\/01\/Monitor-AOC-18-0.jpg?fit=700%2C800&ssl=1","contentUrl":"https:\/\/i0.wp.com\/elektrotec.com.br\/loja\/wp-content\/uploads\/2025\/01\/Monitor-AOC-18-0.jpg?fit=700%2C800&ssl=1","width":700,"height":800},{"@type":"BreadcrumbList","@id":"https:\/\/elektrotec.com.br\/loja\/produto\/monitor-aoc-e970swhnl-widescreen-com-ajuste-de-inclinacao-hdmi-vga-18-5-polegadas-led-hd\/#breadcrumb","itemListElement":[{"@type":"ListItem","position":1,"name":"Home","item":"https:\/\/elektrotec.com.br\/loja\/"},{"@type":"ListItem","position":2,"name":"Ofertas do dia \u26a1","item":"https:\/\/elektrotec.com.br\/loja\/loja\/"},{"@type":"ListItem","position":3,"name":"Monitor AOC E970SWHNL widescreen com ajuste de inclina\u00e7\u00e3o, HDMI, VGA, 18.5 polegadas, LED HD"}]},{"@type":"WebSite","@id":"https:\/\/elektrotec.com.br\/loja\/#website","url":"https:\/\/elektrotec.com.br\/loja\/","name":"Elektrotec Store","description":"Solu\u00e7\u00f5es em Energia e Automa\u00e7\u00e3o Industrial","publisher":{"@id":"https:\/\/elektrotec.com.br\/loja\/#organization"},"potentialAction":[{"@type":"SearchAction","target":{"@type":"EntryPoint","urlTemplate":"https:\/\/elektrotec.com.br\/loja\/?s={search_term_string}"},"query-input":{"@type":"PropertyValueSpecification","valueRequired":true,"valueName":"search_term_string"}}],"inLanguage":"pt-BR"},{"@type":"Organization","@id":"https:\/\/elektrotec.com.br\/loja\/#organization","name":"Elektrotec","url":"https:\/\/elektrotec.com.br\/loja\/","logo":{"@type":"ImageObject","inLanguage":"pt-BR","@id":"https:\/\/elektrotec.com.br\/loja\/#\/schema\/logo\/image\/","url":"https:\/\/i0.wp.com\/elektrotec.com.br\/loja\/wp-content\/uploads\/2025\/05\/Logo-site-Elektrotec-Energy-1.webp?fit=270%2C70&ssl=1","contentUrl":"https:\/\/i0.wp.com\/elektrotec.com.br\/loja\/wp-content\/uploads\/2025\/05\/Logo-site-Elektrotec-Energy-1.webp?fit=270%2C70&ssl=1","width":270,"height":70,"caption":"Elektrotec"},"image":{"@id":"https:\/\/elektrotec.com.br\/loja\/#\/schema\/logo\/image\/"}}]}},"jetpack_sharing_enabled":true,"brands":[],"_links":{"self":[{"href":"https:\/\/elektrotec.com.br\/loja\/wp-json\/wp\/v2\/product\/3969","targetHints":{"allow":["GET"]}}],"collection":[{"href":"https:\/\/elektrotec.com.br\/loja\/wp-json\/wp\/v2\/product"}],"about":[{"href":"https:\/\/elektrotec.com.br\/loja\/wp-json\/wp\/v2\/types\/product"}],"replies":[{"embeddable":true,"href":"https:\/\/elektrotec.com.br\/loja\/wp-json\/wp\/v2\/comments?post=3969"}],"wp:featuredmedia":[{"embeddable":true,"href":"https:\/\/elektrotec.com.br\/loja\/wp-json\/wp\/v2\/media\/3971"}],"wp:attachment":[{"href":"https:\/\/elektrotec.com.br\/loja\/wp-json\/wp\/v2\/media?parent=3969"}],"wp:term":[{"taxonomy":"pwb-brand","embeddable":true,"href":"https:\/\/elektrotec.com.br\/loja\/wp-json\/wp\/v2\/pwb-brand?post=3969"},{"taxonomy":"product_brand","embeddable":true,"href":"https:\/\/elektrotec.com.br\/loja\/wp-json\/wp\/v2\/product_brand?post=3969"},{"taxonomy":"product_cat","embeddable":true,"href":"https:\/\/elektrotec.com.br\/loja\/wp-json\/wp\/v2\/product_cat?post=3969"},{"taxonomy":"product_tag","embeddable":true,"href":"https:\/\/elektrotec.com.br\/loja\/wp-json\/wp\/v2\/product_tag?post=3969"}],"curies":[{"name":"wp","href":"https:\/\/api.w.org\/{rel}","templated":true}]}}