{"id":3962,"date":"2025-01-08T19:42:49","date_gmt":"2025-01-08T22:42:49","guid":{"rendered":"https:\/\/quioske.com.br\/?post_type=product&#038;p=3962"},"modified":"2025-02-28T18:42:33","modified_gmt":"2025-02-28T21:42:33","slug":"computador-compusonic-smart-i5-10400-gba-h410m-8gb-ddr4-ssd-256gb-m-2-nvme-200w","status":"publish","type":"product","link":"https:\/\/elektrotec.com.br\/loja\/produto\/computador-compusonic-smart-i5-10400-gba-h410m-8gb-ddr4-ssd-256gb-m-2-nvme-200w\/","title":{"rendered":"Computador Compusonic Smart i5 10400, GBA H410M, 8GB DDR4, SSD 256GB M.2 Nvme, 200W"},"content":{"rendered":"<div class=\"wpb-content-wrapper\"><p>[vc_row woodmart_css_id=&#8221;677f0c71e5276&#8243; responsive_spacing=&#8221;eyJwYXJhbV90eXBlIjoid29vZG1hcnRfcmVzcG9uc2l2ZV9zcGFjaW5nIiwic2VsZWN0b3JfaWQiOiI2NzdmMGM3MWU1Mjc2Iiwic2hvcnRjb2RlIjoidmNfcm93IiwiZGF0YSI6eyJ0YWJsZXQiOnt9LCJtb2JpbGUiOnt9fX0=&#8221; mobile_bg_img_hidden=&#8221;no&#8221; tablet_bg_img_hidden=&#8221;no&#8221; woodmart_parallax=&#8221;0&#8243; woodmart_gradient_switch=&#8221;no&#8221; woodmart_box_shadow=&#8221;no&#8221; wd_z_index=&#8221;no&#8221; woodmart_disable_overflow=&#8221;0&#8243; row_reverse_mobile=&#8221;0&#8243; row_reverse_tablet=&#8221;0&#8243; el_id=&#8221;codigo-77971&#8243;][vc_column css=&#8221;.vc_custom_1666272391679{padding-top: 0px !important;}&#8221; woodmart_css_id=&#8221;63514c8260958&#8243; parallax_scroll=&#8221;no&#8221; woodmart_sticky_column=&#8221;false&#8221; wd_collapsible_content_switcher=&#8221;no&#8221; wd_column_role_offcanvas_desktop=&#8221;no&#8221; wd_column_role_offcanvas_tablet=&#8221;no&#8221; wd_column_role_offcanvas_mobile=&#8221;no&#8221; wd_column_role_content_desktop=&#8221;no&#8221; wd_column_role_content_tablet=&#8221;no&#8221; wd_column_role_content_mobile=&#8221;no&#8221; mobile_bg_img_hidden=&#8221;no&#8221; tablet_bg_img_hidden=&#8221;no&#8221; woodmart_parallax=&#8221;0&#8243; woodmart_box_shadow=&#8221;no&#8221; responsive_spacing=&#8221;eyJwYXJhbV90eXBlIjoid29vZG1hcnRfcmVzcG9uc2l2ZV9zcGFjaW5nIiwic2VsZWN0b3JfaWQiOiI2MzUxNGM4MjYwOTU4Iiwic2hvcnRjb2RlIjoidmNfY29sdW1uIiwiZGF0YSI6eyJ0YWJsZXQiOnt9LCJtb2JpbGUiOnt9fX0=&#8221; mobile_reset_margin=&#8221;no&#8221; tablet_reset_margin=&#8221;no&#8221; wd_z_index=&#8221;no&#8221;][vc_column_text css=&#8221;&#8221; woodmart_inline=&#8221;no&#8221; text_larger=&#8221;no&#8221;]<\/p>\n<h3>Linha CompuSonic Office \u00e9 a linha de computadores CompuSonic pronta para instala\u00e7\u00e3o do Sistema Operacional<\/h3>\n<h4><\/h4>\n<ul>\n<li>Equipamento com suporte e desempenho dentro do esperado para voc\u00ea realizar todas as atividades do seu dia \u00e0 dia, com fluidez e efici\u00eancia em suas tarefas. Possui design moderno e compacto.<\/li>\n<li>Execute suas atividades de forma precisa e eficaz, com bom desempenho e baixo consumo de energia.<br \/>\nComputador vers\u00e1til, indicado para o seu entretenimento tais como v\u00eddeos, m\u00fasicas e trabalho ou estudo. Indicado tanto para uso dom\u00e9stico como uso corporativo.<\/li>\n<\/ul>\n<p>[\/vc_column_text][\/vc_column][\/vc_row][vc_row][vc_column woodmart_css_id=&#8221;667c81fba6236&#8243; parallax_scroll=&#8221;no&#8221; woodmart_sticky_column=&#8221;false&#8221; wd_collapsible_content_switcher=&#8221;no&#8221; wd_column_role_offcanvas_desktop=&#8221;no&#8221; wd_column_role_offcanvas_tablet=&#8221;no&#8221; wd_column_role_offcanvas_mobile=&#8221;no&#8221; wd_column_role_content_desktop=&#8221;no&#8221; wd_column_role_content_tablet=&#8221;no&#8221; wd_column_role_content_mobile=&#8221;no&#8221; mobile_bg_img_hidden=&#8221;no&#8221; tablet_bg_img_hidden=&#8221;no&#8221; woodmart_parallax=&#8221;0&#8243; woodmart_box_shadow=&#8221;no&#8221; responsive_spacing=&#8221;eyJwYXJhbV90eXBlIjoid29vZG1hcnRfcmVzcG9uc2l2ZV9zcGFjaW5nIiwic2VsZWN0b3JfaWQiOiI2NjdjODFmYmE2MjM2Iiwic2hvcnRjb2RlIjoidmNfY29sdW1uIiwiZGF0YSI6eyJ0YWJsZXQiOnt9LCJtb2JpbGUiOnt9fX0=&#8221; mobile_reset_margin=&#8221;no&#8221; tablet_reset_margin=&#8221;no&#8221; wd_z_index=&#8221;no&#8221; css=&#8221;.vc_custom_1719435784581{margin-top: -60px !important;}&#8221;][vc_separator border_width=&#8221;3&#8243; css=&#8221;.vc_custom_1731708518955{margin-top: 50px !important;margin-bottom: 50px !important;}&#8221; wd_hide_on_desktop=&#8221;no&#8221; wd_hide_on_tablet=&#8221;no&#8221; wd_hide_on_mobile=&#8221;no&#8221;][\/vc_column][\/vc_row][vc_row woodmart_css_id=&#8221;6351519a61682&#8243; responsive_spacing=&#8221;eyJwYXJhbV90eXBlIjoid29vZG1hcnRfcmVzcG9uc2l2ZV9zcGFjaW5nIiwic2VsZWN0b3JfaWQiOiI2MzUxNTE5YTYxNjgyIiwic2hvcnRjb2RlIjoidmNfcm93IiwiZGF0YSI6eyJ0YWJsZXQiOnt9LCJtb2JpbGUiOnt9fX0=&#8221; mobile_bg_img_hidden=&#8221;no&#8221; tablet_bg_img_hidden=&#8221;no&#8221; woodmart_parallax=&#8221;0&#8243; woodmart_gradient_switch=&#8221;no&#8221; woodmart_box_shadow=&#8221;no&#8221; wd_z_index=&#8221;no&#8221; woodmart_disable_overflow=&#8221;0&#8243; row_reverse_mobile=&#8221;0&#8243; row_reverse_tablet=&#8221;0&#8243;][vc_column css=&#8221;.vc_custom_1669033735057{padding-top: 0px !important;}&#8221; woodmart_css_id=&#8221;637b6f036ef34&#8243; parallax_scroll=&#8221;no&#8221; woodmart_sticky_column=&#8221;false&#8221; wd_collapsible_content_switcher=&#8221;no&#8221; wd_column_role_offcanvas_desktop=&#8221;no&#8221; wd_column_role_offcanvas_tablet=&#8221;no&#8221; wd_column_role_offcanvas_mobile=&#8221;no&#8221; wd_column_role_content_desktop=&#8221;no&#8221; wd_column_role_content_tablet=&#8221;no&#8221; wd_column_role_content_mobile=&#8221;no&#8221; mobile_bg_img_hidden=&#8221;no&#8221; tablet_bg_img_hidden=&#8221;no&#8221; woodmart_parallax=&#8221;0&#8243; woodmart_box_shadow=&#8221;no&#8221; responsive_spacing=&#8221;eyJwYXJhbV90eXBlIjoid29vZG1hcnRfcmVzcG9uc2l2ZV9zcGFjaW5nIiwic2VsZWN0b3JfaWQiOiI2MzdiNmYwMzZlZjM0Iiwic2hvcnRjb2RlIjoidmNfY29sdW1uIiwiZGF0YSI6eyJ0YWJsZXQiOnt9LCJtb2JpbGUiOnt9fX0=&#8221; mobile_reset_margin=&#8221;no&#8221; tablet_reset_margin=&#8221;no&#8221; wd_z_index=&#8221;no&#8221;]\n\t\t<div id=\"wd-667ca27edb170\" class=\"title-wrapper wd-wpb wd-set-mb reset-last-child  wd-rs-667ca27edb170 wd-title-color-default wd-title-style-default text-left vc_custom_1719444410298 wd-underline-colored\">\n\t\t\t\n\t\t\t<div class=\"liner-continer\">\n\t\t\t\t<h4 class=\"woodmart-title-container title  wd-font-weight-700 wd-fontsize-l\" >\ud83d\udccc Especifica\u00e7\u00f5es T\u00e9cnicas:<\/h4>\n\t\t\t\t\t\t\t<\/div>\n\t\t\t\n\t\t\t\n\t\t\t\n\t\t<\/div>\n\t\t\n\t\t\t\t<div id=\"wd-67c22bc8d4b30\" class=\"wd-text-block wd-wpb reset-last-child wd-rs-67c22bc8d4b30 text-left vc_custom_1740778584911\">\n\t\t\t<ul>\n<li>Processador Intel Core I5 10400 2.9GHz \/ Cache 12MB \/ Gr\u00e1ficos UHD Intel 630 \/ N\u00facleos: 6 \/ Threads: 12<\/li>\n<li>Placa M\u00e3e GIGABYTE H410M H V2<\/li>\n<li>Mem\u00f3ria 8GB DDR4 2666MHz Desktop<\/li>\n<li>SSD 256GB M.2 NVME<\/li>\n<li>Fonte ATX 200W Bivolt Chaveada<\/li>\n<li>Gabinete Minitorre 1 Baia Preto Compusonic (Conforme Imagem)<\/li>\n<li>N\u00e3o acompanha teclado e mouse<\/li>\n<\/ul>\n<h4>Painel traseiro:<\/h4>\n<ul>\n<li>1 x VGA<\/li>\n<li>1 x HDMI<\/li>\n<li>2 x USB 3.0<\/li>\n<li>4 x USB 2.0<\/li>\n<li>1 x PS\/2 para mouse<\/li>\n<li>1 x PS\/2 para teclado<\/li>\n<li>1 x LAN 10\/100\/1000Mb\/s<\/li>\n<li>3 x Conectores de \u00c1udio (Sa\u00edda de \u00c1udio, Entrada de \u00c1udio e Entrada Microfone)<\/li>\n<\/ul>\n<h4>Painel frontal:<\/h4>\n<ul>\n<li>2 x USB 2.0<\/li>\n<li>2 x Conectores de \u00c1udio (Sa\u00edda de \u00c1udio e Entrada Microfone)<\/li>\n<\/ul>\n<h4>Possibilidade de expans\u00e3o:<\/h4>\n<ul>\n<li>O aumento de capacidade de mem\u00f3ria ou SSD poder\u00e1 ser feito mediante substitui\u00e7\u00e3o do item instalado ou acrescentando um novo item conforme abaixo, respeitando a capacidade m\u00e1xima do computador:<\/li>\n<\/ul>\n<h4>Mem\u00f3ria:<\/h4>\n<ul>\n<li>1 x Slot de mem\u00f3ria DDR4 &#8211; Livre<\/li>\n<\/ul>\n<h4>Armazenamento:<\/h4>\n<ul>\n<li>1 X SSD 2.5<\/li>\n<li>2 x HD 2.5&#8243;<\/li>\n<li>Cabo SATA e parafusos devem ser adquiridos separadamente.<\/li>\n<\/ul>\n<h4>Outros:<\/h4>\n<ul>\n<li>2 x Slot PCI x1<\/li>\n<li>1 x Slot PCI x16<\/li>\n<\/ul>\n<h4>Dimens\u00f5es e peso:<\/h4>\n<ul>\n<li>Dimens\u00e3o Microcomputador (A x L x C &#8211; cm): 35 x 17 x 31<\/li>\n<li>Peso Microcomputador (L\u00edquido): 3,6 Kg<\/li>\n<li>Dimens\u00e3o Embalagem (A x L x C &#8211; cm): 37 x 20 x 38<\/li>\n<li>Peso com Embalagem (Bruto): 4,2 Kg<\/li>\n<\/ul>\n<h4>Conte\u00fado da embalagem:<\/h4>\n<ul>\n<li>Microcomputador<\/li>\n<li>Cabo de for\u00e7a<\/li>\n<li>Manual e\/ou CD Placa M\u00e3e<\/li>\n<\/ul>\n<h4>Conte\u00fado da embalagem:<\/h4>\n<ul>\n<li>Microcomputador<\/li>\n<li>Cabo de for\u00e7a<\/li>\n<li>Manual e\/ou CD Placa M\u00e3e<\/li>\n<\/ul>\n<h4>Garantia:<\/h4>\n<ul>\n<li>1 ano<\/li>\n<\/ul>\n\t\t<\/div>\n\t\t[\/vc_column][\/vc_row]<\/p>\n<\/div>","protected":false},"excerpt":{"rendered":"<p><strong>C\u00f3digo:<\/strong> <a href=\"#\">77971<\/a>\u00a0 \u00a0|\u00a0 \u00a0<strong>Mais produtos:<\/strong> <a href=\"https:\/\/elektrotec.com.br\/loja\/loja\/?filter_marcas=compusonic\">CompuSonic<\/a>\u00a0 \u00a0|\u00a0 \u00a0<a href=\"https:\/\/elektrotec.com.br\/loja\/produto\/computador-compusonic-smart-i5-10400-gba-h410m-8gb-ddr4-ssd-256gb-m-2-nvme-200w\/#codigo-77971\"><strong>Descri\u00e7\u00e3o do produto<\/strong><\/a><\/p>\n","protected":false},"featured_media":3964,"comment_status":"open","ping_status":"closed","template":"","meta":{"pagelayer_contact_templates":[],"_pagelayer_content":"","_mbp_gutenberg_autopost":false},"pwb-brand":[],"product_brand":[],"product_cat":[291,58,25],"product_tag":[],"class_list":{"0":"post-3962","1":"product","2":"type-product","3":"status-publish","4":"has-post-thumbnail","6":"product_cat-automacao-comercial","7":"product_cat-desktop","8":"product_cat-tecnologia-e-informatica","9":"product_shipping_class-logistica-quioske","11":"first","12":"instock","13":"featured","14":"shipping-taxable","15":"purchasable","16":"product-type-simple"},"yoast_head":"<!-- This site is optimized with the Yoast SEO plugin v27.2 - https:\/\/yoast.com\/product\/yoast-seo-wordpress\/ -->\n<title>Computador Compusonic Smart i5 10400 GBA H410M 8GB 256GB<\/title>\n<meta name=\"description\" content=\"Desempenho r\u00e1pido e eficiente com o Computador Compusonic Smart i5 10400 8GB, SSD 256GB M.2 Nvme. Ideal para trabalho e entretenimento com alta performance.\" \/>\n<meta name=\"robots\" content=\"index, follow, max-snippet:-1, max-image-preview:large, max-video-preview:-1\" \/>\n<link rel=\"canonical\" href=\"https:\/\/elektrotec.com.br\/loja\/produto\/computador-compusonic-smart-i5-10400-gba-h410m-8gb-ddr4-ssd-256gb-m-2-nvme-200w\/\" \/>\n<meta property=\"og:locale\" content=\"pt_BR\" \/>\n<meta property=\"og:type\" content=\"article\" \/>\n<meta property=\"og:title\" content=\"Computador Compusonic Smart i5 10400 GBA H410M 8GB 256GB\" \/>\n<meta property=\"og:description\" content=\"Desempenho r\u00e1pido e eficiente com o Computador Compusonic Smart i5 10400 8GB, SSD 256GB M.2 Nvme. Ideal para trabalho e entretenimento com alta performance.\" \/>\n<meta property=\"og:url\" content=\"https:\/\/elektrotec.com.br\/loja\/produto\/computador-compusonic-smart-i5-10400-gba-h410m-8gb-ddr4-ssd-256gb-m-2-nvme-200w\/\" \/>\n<meta property=\"og:site_name\" content=\"Elektrotec Store\" \/>\n<meta property=\"article:modified_time\" content=\"2025-02-28T21:42:33+00:00\" \/>\n<meta property=\"og:image\" content=\"https:\/\/elektrotec.com.br\/loja\/wp-content\/uploads\/2025\/01\/Computador-Compusonic-Smart-i5-10400-GBA-H410M-8GB-DDR4-SSD-256GB-0.jpg\" \/>\n\t<meta property=\"og:image:width\" content=\"700\" \/>\n\t<meta property=\"og:image:height\" content=\"800\" \/>\n\t<meta property=\"og:image:type\" content=\"image\/jpeg\" \/>\n<meta name=\"twitter:card\" content=\"summary_large_image\" \/>\n<meta name=\"twitter:label1\" content=\"Est. tempo de leitura\" \/>\n\t<meta name=\"twitter:data1\" content=\"3 minutos\" \/>\n<script type=\"application\/ld+json\" class=\"yoast-schema-graph\">{\"@context\":\"https:\/\/schema.org\",\"@graph\":[{\"@type\":\"WebPage\",\"@id\":\"https:\/\/elektrotec.com.br\/loja\/produto\/computador-compusonic-smart-i5-10400-gba-h410m-8gb-ddr4-ssd-256gb-m-2-nvme-200w\/\",\"url\":\"https:\/\/elektrotec.com.br\/loja\/produto\/computador-compusonic-smart-i5-10400-gba-h410m-8gb-ddr4-ssd-256gb-m-2-nvme-200w\/\",\"name\":\"Computador Compusonic Smart i5 10400 GBA H410M 8GB 256GB\",\"isPartOf\":{\"@id\":\"https:\/\/elektrotec.com.br\/loja\/#website\"},\"primaryImageOfPage\":{\"@id\":\"https:\/\/elektrotec.com.br\/loja\/produto\/computador-compusonic-smart-i5-10400-gba-h410m-8gb-ddr4-ssd-256gb-m-2-nvme-200w\/#primaryimage\"},\"image\":{\"@id\":\"https:\/\/elektrotec.com.br\/loja\/produto\/computador-compusonic-smart-i5-10400-gba-h410m-8gb-ddr4-ssd-256gb-m-2-nvme-200w\/#primaryimage\"},\"thumbnailUrl\":\"https:\/\/i0.wp.com\/elektrotec.com.br\/loja\/wp-content\/uploads\/2025\/01\/Computador-Compusonic-Smart-i5-10400-GBA-H410M-8GB-DDR4-SSD-256GB-0.jpg?fit=700%2C800&ssl=1\",\"datePublished\":\"2025-01-08T22:42:49+00:00\",\"dateModified\":\"2025-02-28T21:42:33+00:00\",\"description\":\"Desempenho r\u00e1pido e eficiente com o Computador Compusonic Smart i5 10400 8GB, SSD 256GB M.2 Nvme. Ideal para trabalho e entretenimento com alta performance.\",\"breadcrumb\":{\"@id\":\"https:\/\/elektrotec.com.br\/loja\/produto\/computador-compusonic-smart-i5-10400-gba-h410m-8gb-ddr4-ssd-256gb-m-2-nvme-200w\/#breadcrumb\"},\"inLanguage\":\"pt-BR\",\"potentialAction\":[{\"@type\":\"ReadAction\",\"target\":[\"https:\/\/elektrotec.com.br\/loja\/produto\/computador-compusonic-smart-i5-10400-gba-h410m-8gb-ddr4-ssd-256gb-m-2-nvme-200w\/\"]}]},{\"@type\":\"ImageObject\",\"inLanguage\":\"pt-BR\",\"@id\":\"https:\/\/elektrotec.com.br\/loja\/produto\/computador-compusonic-smart-i5-10400-gba-h410m-8gb-ddr4-ssd-256gb-m-2-nvme-200w\/#primaryimage\",\"url\":\"https:\/\/i0.wp.com\/elektrotec.com.br\/loja\/wp-content\/uploads\/2025\/01\/Computador-Compusonic-Smart-i5-10400-GBA-H410M-8GB-DDR4-SSD-256GB-0.jpg?fit=700%2C800&ssl=1\",\"contentUrl\":\"https:\/\/i0.wp.com\/elektrotec.com.br\/loja\/wp-content\/uploads\/2025\/01\/Computador-Compusonic-Smart-i5-10400-GBA-H410M-8GB-DDR4-SSD-256GB-0.jpg?fit=700%2C800&ssl=1\",\"width\":700,\"height\":800},{\"@type\":\"BreadcrumbList\",\"@id\":\"https:\/\/elektrotec.com.br\/loja\/produto\/computador-compusonic-smart-i5-10400-gba-h410m-8gb-ddr4-ssd-256gb-m-2-nvme-200w\/#breadcrumb\",\"itemListElement\":[{\"@type\":\"ListItem\",\"position\":1,\"name\":\"Home\",\"item\":\"https:\/\/elektrotec.com.br\/loja\/\"},{\"@type\":\"ListItem\",\"position\":2,\"name\":\"Ofertas do dia \u26a1\",\"item\":\"https:\/\/elektrotec.com.br\/loja\/loja\/\"},{\"@type\":\"ListItem\",\"position\":3,\"name\":\"Computador Compusonic Smart i5 10400, GBA H410M, 8GB DDR4, SSD 256GB M.2 Nvme, 200W\"}]},{\"@type\":\"WebSite\",\"@id\":\"https:\/\/elektrotec.com.br\/loja\/#website\",\"url\":\"https:\/\/elektrotec.com.br\/loja\/\",\"name\":\"Elektrotec Store\",\"description\":\"Solu\u00e7\u00f5es em Energia e Automa\u00e7\u00e3o Industrial\",\"publisher\":{\"@id\":\"https:\/\/elektrotec.com.br\/loja\/#organization\"},\"potentialAction\":[{\"@type\":\"SearchAction\",\"target\":{\"@type\":\"EntryPoint\",\"urlTemplate\":\"https:\/\/elektrotec.com.br\/loja\/?s={search_term_string}\"},\"query-input\":{\"@type\":\"PropertyValueSpecification\",\"valueRequired\":true,\"valueName\":\"search_term_string\"}}],\"inLanguage\":\"pt-BR\"},{\"@type\":\"Organization\",\"@id\":\"https:\/\/elektrotec.com.br\/loja\/#organization\",\"name\":\"Elektrotec\",\"url\":\"https:\/\/elektrotec.com.br\/loja\/\",\"logo\":{\"@type\":\"ImageObject\",\"inLanguage\":\"pt-BR\",\"@id\":\"https:\/\/elektrotec.com.br\/loja\/#\/schema\/logo\/image\/\",\"url\":\"https:\/\/i0.wp.com\/elektrotec.com.br\/loja\/wp-content\/uploads\/2025\/05\/Logo-site-Elektrotec-Energy-1.webp?fit=270%2C70&ssl=1\",\"contentUrl\":\"https:\/\/i0.wp.com\/elektrotec.com.br\/loja\/wp-content\/uploads\/2025\/05\/Logo-site-Elektrotec-Energy-1.webp?fit=270%2C70&ssl=1\",\"width\":270,\"height\":70,\"caption\":\"Elektrotec\"},\"image\":{\"@id\":\"https:\/\/elektrotec.com.br\/loja\/#\/schema\/logo\/image\/\"}}]}<\/script>\n<!-- \/ Yoast SEO plugin. -->","yoast_head_json":{"title":"Computador Compusonic Smart i5 10400 GBA H410M 8GB 256GB","description":"Desempenho r\u00e1pido e eficiente com o Computador Compusonic Smart i5 10400 8GB, SSD 256GB M.2 Nvme. Ideal para trabalho e entretenimento com alta performance.","robots":{"index":"index","follow":"follow","max-snippet":"max-snippet:-1","max-image-preview":"max-image-preview:large","max-video-preview":"max-video-preview:-1"},"canonical":"https:\/\/elektrotec.com.br\/loja\/produto\/computador-compusonic-smart-i5-10400-gba-h410m-8gb-ddr4-ssd-256gb-m-2-nvme-200w\/","og_locale":"pt_BR","og_type":"article","og_title":"Computador Compusonic Smart i5 10400 GBA H410M 8GB 256GB","og_description":"Desempenho r\u00e1pido e eficiente com o Computador Compusonic Smart i5 10400 8GB, SSD 256GB M.2 Nvme. Ideal para trabalho e entretenimento com alta performance.","og_url":"https:\/\/elektrotec.com.br\/loja\/produto\/computador-compusonic-smart-i5-10400-gba-h410m-8gb-ddr4-ssd-256gb-m-2-nvme-200w\/","og_site_name":"Elektrotec Store","article_modified_time":"2025-02-28T21:42:33+00:00","og_image":[{"width":700,"height":800,"url":"https:\/\/elektrotec.com.br\/loja\/wp-content\/uploads\/2025\/01\/Computador-Compusonic-Smart-i5-10400-GBA-H410M-8GB-DDR4-SSD-256GB-0.jpg","type":"image\/jpeg"}],"twitter_card":"summary_large_image","twitter_misc":{"Est. tempo de leitura":"3 minutos"},"schema":{"@context":"https:\/\/schema.org","@graph":[{"@type":"WebPage","@id":"https:\/\/elektrotec.com.br\/loja\/produto\/computador-compusonic-smart-i5-10400-gba-h410m-8gb-ddr4-ssd-256gb-m-2-nvme-200w\/","url":"https:\/\/elektrotec.com.br\/loja\/produto\/computador-compusonic-smart-i5-10400-gba-h410m-8gb-ddr4-ssd-256gb-m-2-nvme-200w\/","name":"Computador Compusonic Smart i5 10400 GBA H410M 8GB 256GB","isPartOf":{"@id":"https:\/\/elektrotec.com.br\/loja\/#website"},"primaryImageOfPage":{"@id":"https:\/\/elektrotec.com.br\/loja\/produto\/computador-compusonic-smart-i5-10400-gba-h410m-8gb-ddr4-ssd-256gb-m-2-nvme-200w\/#primaryimage"},"image":{"@id":"https:\/\/elektrotec.com.br\/loja\/produto\/computador-compusonic-smart-i5-10400-gba-h410m-8gb-ddr4-ssd-256gb-m-2-nvme-200w\/#primaryimage"},"thumbnailUrl":"https:\/\/i0.wp.com\/elektrotec.com.br\/loja\/wp-content\/uploads\/2025\/01\/Computador-Compusonic-Smart-i5-10400-GBA-H410M-8GB-DDR4-SSD-256GB-0.jpg?fit=700%2C800&ssl=1","datePublished":"2025-01-08T22:42:49+00:00","dateModified":"2025-02-28T21:42:33+00:00","description":"Desempenho r\u00e1pido e eficiente com o Computador Compusonic Smart i5 10400 8GB, SSD 256GB M.2 Nvme. Ideal para trabalho e entretenimento com alta performance.","breadcrumb":{"@id":"https:\/\/elektrotec.com.br\/loja\/produto\/computador-compusonic-smart-i5-10400-gba-h410m-8gb-ddr4-ssd-256gb-m-2-nvme-200w\/#breadcrumb"},"inLanguage":"pt-BR","potentialAction":[{"@type":"ReadAction","target":["https:\/\/elektrotec.com.br\/loja\/produto\/computador-compusonic-smart-i5-10400-gba-h410m-8gb-ddr4-ssd-256gb-m-2-nvme-200w\/"]}]},{"@type":"ImageObject","inLanguage":"pt-BR","@id":"https:\/\/elektrotec.com.br\/loja\/produto\/computador-compusonic-smart-i5-10400-gba-h410m-8gb-ddr4-ssd-256gb-m-2-nvme-200w\/#primaryimage","url":"https:\/\/i0.wp.com\/elektrotec.com.br\/loja\/wp-content\/uploads\/2025\/01\/Computador-Compusonic-Smart-i5-10400-GBA-H410M-8GB-DDR4-SSD-256GB-0.jpg?fit=700%2C800&ssl=1","contentUrl":"https:\/\/i0.wp.com\/elektrotec.com.br\/loja\/wp-content\/uploads\/2025\/01\/Computador-Compusonic-Smart-i5-10400-GBA-H410M-8GB-DDR4-SSD-256GB-0.jpg?fit=700%2C800&ssl=1","width":700,"height":800},{"@type":"BreadcrumbList","@id":"https:\/\/elektrotec.com.br\/loja\/produto\/computador-compusonic-smart-i5-10400-gba-h410m-8gb-ddr4-ssd-256gb-m-2-nvme-200w\/#breadcrumb","itemListElement":[{"@type":"ListItem","position":1,"name":"Home","item":"https:\/\/elektrotec.com.br\/loja\/"},{"@type":"ListItem","position":2,"name":"Ofertas do dia \u26a1","item":"https:\/\/elektrotec.com.br\/loja\/loja\/"},{"@type":"ListItem","position":3,"name":"Computador Compusonic Smart i5 10400, GBA H410M, 8GB DDR4, SSD 256GB M.2 Nvme, 200W"}]},{"@type":"WebSite","@id":"https:\/\/elektrotec.com.br\/loja\/#website","url":"https:\/\/elektrotec.com.br\/loja\/","name":"Elektrotec Store","description":"Solu\u00e7\u00f5es em Energia e Automa\u00e7\u00e3o Industrial","publisher":{"@id":"https:\/\/elektrotec.com.br\/loja\/#organization"},"potentialAction":[{"@type":"SearchAction","target":{"@type":"EntryPoint","urlTemplate":"https:\/\/elektrotec.com.br\/loja\/?s={search_term_string}"},"query-input":{"@type":"PropertyValueSpecification","valueRequired":true,"valueName":"search_term_string"}}],"inLanguage":"pt-BR"},{"@type":"Organization","@id":"https:\/\/elektrotec.com.br\/loja\/#organization","name":"Elektrotec","url":"https:\/\/elektrotec.com.br\/loja\/","logo":{"@type":"ImageObject","inLanguage":"pt-BR","@id":"https:\/\/elektrotec.com.br\/loja\/#\/schema\/logo\/image\/","url":"https:\/\/i0.wp.com\/elektrotec.com.br\/loja\/wp-content\/uploads\/2025\/05\/Logo-site-Elektrotec-Energy-1.webp?fit=270%2C70&ssl=1","contentUrl":"https:\/\/i0.wp.com\/elektrotec.com.br\/loja\/wp-content\/uploads\/2025\/05\/Logo-site-Elektrotec-Energy-1.webp?fit=270%2C70&ssl=1","width":270,"height":70,"caption":"Elektrotec"},"image":{"@id":"https:\/\/elektrotec.com.br\/loja\/#\/schema\/logo\/image\/"}}]}},"jetpack_sharing_enabled":true,"brands":[],"_links":{"self":[{"href":"https:\/\/elektrotec.com.br\/loja\/wp-json\/wp\/v2\/product\/3962","targetHints":{"allow":["GET"]}}],"collection":[{"href":"https:\/\/elektrotec.com.br\/loja\/wp-json\/wp\/v2\/product"}],"about":[{"href":"https:\/\/elektrotec.com.br\/loja\/wp-json\/wp\/v2\/types\/product"}],"replies":[{"embeddable":true,"href":"https:\/\/elektrotec.com.br\/loja\/wp-json\/wp\/v2\/comments?post=3962"}],"wp:featuredmedia":[{"embeddable":true,"href":"https:\/\/elektrotec.com.br\/loja\/wp-json\/wp\/v2\/media\/3964"}],"wp:attachment":[{"href":"https:\/\/elektrotec.com.br\/loja\/wp-json\/wp\/v2\/media?parent=3962"}],"wp:term":[{"taxonomy":"pwb-brand","embeddable":true,"href":"https:\/\/elektrotec.com.br\/loja\/wp-json\/wp\/v2\/pwb-brand?post=3962"},{"taxonomy":"product_brand","embeddable":true,"href":"https:\/\/elektrotec.com.br\/loja\/wp-json\/wp\/v2\/product_brand?post=3962"},{"taxonomy":"product_cat","embeddable":true,"href":"https:\/\/elektrotec.com.br\/loja\/wp-json\/wp\/v2\/product_cat?post=3962"},{"taxonomy":"product_tag","embeddable":true,"href":"https:\/\/elektrotec.com.br\/loja\/wp-json\/wp\/v2\/product_tag?post=3962"}],"curies":[{"name":"wp","href":"https:\/\/api.w.org\/{rel}","templated":true}]}}