{"id":386,"date":"2025-02-14T12:11:51","date_gmt":"2025-02-14T15:11:51","guid":{"rendered":"http:\/\/dummy.xtemos.com\/woodmart2\/mega-electronics\/?post_type=product&#038;p=386"},"modified":"2025-02-25T18:39:14","modified_gmt":"2025-02-25T21:39:14","slug":"chromebook-samsung-intel-celeron-4gb-ram-64gb-emmc-11-6-xe310xba-kt4br-google-chrome-os","status":"publish","type":"product","link":"https:\/\/elektrotec.com.br\/loja\/produto\/chromebook-samsung-intel-celeron-4gb-ram-64gb-emmc-11-6-xe310xba-kt4br-google-chrome-os\/","title":{"rendered":"Chromebook Samsung Intel Celeron 4GB RAM 64GB eMMC 11.6&#8243; XE310XBA-KT4BR &#8211; Google Chrome OS"},"content":{"rendered":"<div class=\"wpb-content-wrapper\"><p>[vc_row css=&#8221;.vc_custom_1739580776125{margin-bottom: 20px !important;}&#8221; woodmart_css_id=&#8221;67afe550f05af&#8221; responsive_spacing=&#8221;eyJwYXJhbV90eXBlIjoid29vZG1hcnRfcmVzcG9uc2l2ZV9zcGFjaW5nIiwic2VsZWN0b3JfaWQiOiI2N2FmZTU1MGYwNWFmIiwic2hvcnRjb2RlIjoidmNfcm93IiwiZGF0YSI6eyJ0YWJsZXQiOnsibWFyZ2luLWJvdHRvbSI6IjYwcHgifSwibW9iaWxlIjp7Im1hcmdpbi1ib3R0b20iOiI0MHB4In19fQ==&#8221; mobile_bg_img_hidden=&#8221;no&#8221; tablet_bg_img_hidden=&#8221;no&#8221; woodmart_parallax=&#8221;0&#8243; woodmart_gradient_switch=&#8221;no&#8221; woodmart_box_shadow=&#8221;no&#8221; wd_z_index=&#8221;no&#8221; woodmart_disable_overflow=&#8221;0&#8243; row_reverse_mobile=&#8221;0&#8243; row_reverse_tablet=&#8221;0&#8243; el_id=&#8221;codigo-XE310XBAKT4BR&#8221;][vc_column css=&#8221;.vc_custom_1666272391679{padding-top: 0px !important;}&#8221; woodmart_css_id=&#8221;63514c8260958&#8243; parallax_scroll=&#8221;no&#8221; woodmart_sticky_column=&#8221;false&#8221; wd_collapsible_content_switcher=&#8221;no&#8221; wd_column_role_offcanvas_desktop=&#8221;no&#8221; wd_column_role_offcanvas_tablet=&#8221;no&#8221; wd_column_role_offcanvas_mobile=&#8221;no&#8221; wd_column_role_content_desktop=&#8221;no&#8221; wd_column_role_content_tablet=&#8221;no&#8221; wd_column_role_content_mobile=&#8221;no&#8221; mobile_bg_img_hidden=&#8221;no&#8221; tablet_bg_img_hidden=&#8221;no&#8221; woodmart_parallax=&#8221;0&#8243; woodmart_box_shadow=&#8221;no&#8221; responsive_spacing=&#8221;eyJwYXJhbV90eXBlIjoid29vZG1hcnRfcmVzcG9uc2l2ZV9zcGFjaW5nIiwic2VsZWN0b3JfaWQiOiI2MzUxNGM4MjYwOTU4Iiwic2hvcnRjb2RlIjoidmNfY29sdW1uIiwiZGF0YSI6eyJ0YWJsZXQiOnt9LCJtb2JpbGUiOnt9fX0=&#8221; mobile_reset_margin=&#8221;no&#8221; tablet_reset_margin=&#8221;no&#8221; wd_z_index=&#8221;no&#8221;]\t\t<div id=\"wd-67b357e904773\" class=\"wd-text-block wd-wpb reset-last-child wd-rs-67b357e904773 text-left vc_custom_1739806744710\">\n\t\t\t<p>Ideal para os usu\u00e1rios que querem estar sempre conectados, o\u00a0<strong>Chromebook 4<\/strong>\u00a0da Samsung conta com design leve e dur\u00e1vel, pensado para ser pr\u00e1tico. Com durabilidade excepcional, \u00e9 robusto e resistente a quedas, sendo testado usando oito padr\u00f5es equivalentes ao Mil-STD-810G. Com o suporte de hardware sem fio Intel Gigabit Wi-Fi, que permite que o usu\u00e1rio navegue na internet, fa\u00e7a streaming de v\u00eddeos e ou\u00e7a m\u00fasica com mais rapidez. Equipado com bateria de maior dura\u00e7\u00e3o, podendo chegar at\u00e9 12 horas, de acordo com as condi\u00e7\u00f5es de uso. Al\u00e9m disso, possui display LED HD de 11,6 polegadas antireflexivo, mem\u00f3ria 4GB LPRDDR4, armazenamento 64 GB e.MMC e sistema operacional Chrome OS.<\/p>\n<h4><\/h4>\n<h4>Design leve e dur\u00e1vel<\/h4>\n<div class=\"flix-p3-desc flix-d-p feature_modular_map_desc\">O Chromebook 4 da Samsung \u00e9 compacto, e foi pensado para ser pr\u00e1tico. Fino e leve, \u00e9 excepcionalmente port\u00e1til: Voc\u00ea n\u00e3o se sentir\u00e1 cansado, mesmo que tenha que carreg\u00e1-lo o dia todo. Al\u00e9m disso, \u00e9 robusto e pronto para enfrentar os desafios com voc\u00ea &#8211; onde quer que voc\u00ea se aventure.<\/div>\n<h4><\/h4>\n<div>\n<h4 class=\"flix-p3-title flix-d-h3 feature_modular_map_title\" role=\"heading\" aria-level=\"3\">Durabilidade excepcional<\/h4>\n<div class=\"flix-p3-desc flix-d-p feature_modular_map_desc\">O Samsung Chromebook 4 \u00e9 robusto e resistente a quedas. Ele foi testado usando oito padr\u00f5es equivalentes ao Mil-STD-810G. Ele tamb\u00e9m sobreviveu a um teste de durabilidade separado, no qual foi jogado em uma placa de a\u00e7o de uma altura de 50 cm &#8211; com certeza \u00e9 duro na queda!<\/div>\n<div class=\"flix-std-clmn-lg-12 flix-p3-sub flix-d-small feature_modular_map_footnote\">* Resultados baseados em testes internos da Samsung. Nenhuma garantia adicional se aplica.<br \/>\n* Os testes Mil-STD-810G incluem: queda em tr\u00e2nsito, vibra\u00e7\u00e3o, alta temperatura, choques de temperatura, congelamento, poeira, umidade, baixa press\u00e3o.<br \/>\n* Resultados de condi\u00e7\u00e3o de teste de queda em tr\u00e2nsito baseados em Mil-STD-810G 516.6, 122 cm \/ 26 vezes dentro da embalagem original do produto.<\/div>\n<\/div>\n<h4><\/h4>\n<div>\n<h4 class=\"flix-p3-title flix-d-h3 feature_modular_map_title\" role=\"heading\" aria-level=\"3\">Design sem parafusos<\/h4>\n<div class=\"flix-p3-desc flix-d-p feature_modular_map_desc\">Voc\u00ea n\u00e3o ver\u00e1 nenhum parafuso na parte de tr\u00e1s do Chromebook 4 da Samsung. Todos os lados s\u00e3o lisos e livres de distra\u00e7\u00f5es, para um visual mais atraente.<\/div>\n<\/div>\n<h4><\/h4>\n<div>\n<h4 class=\"flix-p3-title flix-d-h3 feature_modular_map_title\" role=\"heading\" aria-level=\"3\">Mobilidade r\u00e1pida e conveniente<\/h4>\n<div class=\"flix-p3-desc flix-d-p feature_modular_map_desc\">Desfrute de Gigabit Wi-Fi em qualquer lugar da casa! O suporte de hardware sem fio Intel Gigabit Wi-Fi permite que voc\u00ea navegue na Internet, fa\u00e7a streaming de v\u00eddeos e ou\u00e7a m\u00fasica com mais rapidez. O Gigabit Wi-Fi de alta velocidade torna o trabalho e a divers\u00e3o em seu laptop mais convenientes do que nunca.<\/div>\n<\/div>\n<h4><\/h4>\n<div>\n<h4 class=\"flix-p3-title flix-d-h3 feature_modular_map_title\" role=\"heading\" aria-level=\"3\">Conex\u00f5es r\u00e1pidas e f\u00e1ceis<\/h4>\n<div class=\"flix-p3-desc flix-d-p feature_modular_map_desc\">O Samsung Chromebook 4 est\u00e1 equipado com uma porta do tipo USB-C para maior compatibilidade. Ele \u00e9 compacto e f\u00e1cil de conectar a uma s\u00e9rie de dispositivos. Transfira arquivos mais r\u00e1pido do que nunca!<\/div>\n<\/div>\n<h4><\/h4>\n<div>\n<h4 class=\"flix-p3-title flix-d-h3 feature_modular_map_title\" role=\"heading\" aria-level=\"3\">Melhor experi\u00eancia de digita\u00e7\u00e3o<\/h4>\n<div class=\"flix-p3-desc flix-d-p feature_modular_map_desc\">Digite com conforto e precis\u00e3o com o teclado do Samsung Chromebook 4. Suas teclas curvas e ergonomicamente projetadas proporcionam uma digita\u00e7\u00e3o cont\u00ednua e confort\u00e1vel por muito mais tempo.<\/div>\n<\/div>\n<h4><\/h4>\n<div>\n<h4 class=\"flix-p3-title flix-d-h3 feature_modular_map_title\" role=\"heading\" aria-level=\"3\">Bateria duradoura<\/h4>\n<div class=\"flix-p3-desc flix-d-p feature_modular_map_desc\">Este \u00e9 um dispositivo compacto &#8211; mas o desempenho da bateria foi melhorado, o que significa que voc\u00ea vai trabalhar por muito mais tempo. Sua bateria altamente eficiente significa que voc\u00ea pode us\u00e1-lo o dia todo com uma \u00fanica carga.<\/div>\n<\/div>\n<div>* A dura\u00e7\u00e3o da bateria pode variar dependendo dos padr\u00f5es de uso individuais.<br \/>\n* Medido de acordo com os crit\u00e9rios do Google Scenario (Power Load Test). (Especifica\u00e7\u00f5es do produto testado: Processador Intel\u00ae Celeron \u2122 N4000 \/ 4GB de mem\u00f3ria \/ 32GB eMMC)<\/div>\n<h4><\/h4>\n<div>\n<h4 class=\"flix-p3-title flix-d-h3 feature_modular_map_title\" role=\"heading\" aria-level=\"3\">Fa\u00e7a mais usando a sua voz<\/h4>\n<div class=\"flix-p3-subtitle flix-d-h5 feature_modular_map_title\" role=\"heading\" aria-level=\"5\">Assistente Google<\/div>\n<div class=\"flix-p3-desc flix-d-p feature_modular_map_desc\">O Google Assistente permite que voc\u00ea trabalhe de maneira mais inteligente e r\u00e1pida. Use comandos de voz para enviar e-mail, reproduzir m\u00fasica, encontrar informa\u00e7\u00f5es e controlar dispositivos dom\u00e9sticos inteligentes. Fa\u00e7a mais com mais rapidez e aproveite seu tempo de inatividade com estilo.<\/div>\n<\/div>\n\t\t<\/div>\n\t\t[\/vc_column][\/vc_row][vc_row][vc_column][vc_separator border_width=&#8221;3&#8243; css=&#8221;.vc_custom_1739580911967{margin-top: 50px !important;margin-bottom: 50px !important;}&#8221; wd_hide_on_desktop=&#8221;no&#8221; wd_hide_on_tablet=&#8221;no&#8221; wd_hide_on_mobile=&#8221;no&#8221;][\/vc_column][\/vc_row][vc_row woodmart_css_id=&#8221;6351519a61682&#8243; responsive_spacing=&#8221;eyJwYXJhbV90eXBlIjoid29vZG1hcnRfcmVzcG9uc2l2ZV9zcGFjaW5nIiwic2VsZWN0b3JfaWQiOiI2MzUxNTE5YTYxNjgyIiwic2hvcnRjb2RlIjoidmNfcm93IiwiZGF0YSI6eyJ0YWJsZXQiOnt9LCJtb2JpbGUiOnt9fX0=&#8221; mobile_bg_img_hidden=&#8221;no&#8221; tablet_bg_img_hidden=&#8221;no&#8221; woodmart_parallax=&#8221;0&#8243; woodmart_gradient_switch=&#8221;no&#8221; woodmart_box_shadow=&#8221;no&#8221; wd_z_index=&#8221;no&#8221; woodmart_disable_overflow=&#8221;0&#8243; row_reverse_mobile=&#8221;0&#8243; row_reverse_tablet=&#8221;0&#8243;][vc_column]\n\t\t<div id=\"wd-67afe5938568d\" class=\"title-wrapper wd-wpb wd-set-mb reset-last-child  wd-rs-67afe5938568d wd-title-color-default wd-title-style-default text-left vc_custom_1739580829235 wd-underline-colored\">\n\t\t\t\n\t\t\t<div class=\"liner-continer\">\n\t\t\t\t<h4 class=\"woodmart-title-container title  wd-font-weight- wd-fontsize-m\" >\ud83d\udccc Especifica\u00e7\u00f5es T\u00e9cnicas:<\/h4>\n\t\t\t\t\t\t\t<\/div>\n\t\t\t\n\t\t\t\n\t\t\t\n\t\t<\/div>\n\t\t\n\t\t\t\t<div id=\"wd-67aff66aab408\" class=\"wd-text-block wd-wpb reset-last-child wd-rs-67aff66aab408 text-left vc_custom_1739585534426\">\n\t\t\t<h4>Caracter\u00edsticas:<\/h4>\n<ul>\n<li>Marca:Samsung<\/li>\n<\/ul>\n<h4>Especifica\u00e7\u00f5es T\u00e9cnicas:<\/h4>\n<ul>\n<li>Tela: Display led hds de 11.6&#8243;&#8221; (1366 x 768), antireflexiva<\/li>\n<li>Mem\u00f3ria: Mem\u00f3ria de 4 gb lpddr4 (4 gb onboard)<\/li>\n<li>Armazentamento: 64 gb e.mmc<\/li>\n<li>Placa de v\u00eddeo: Intel\u00ae uhd graphics 600<\/li>\n<li>Sistema operacional: Chrome OS<\/li>\n<li>Processador: Intel\u00ae celeron\u00ae processor n4020 (1.10 ghz at\u00e9 2.70 ghz 4 mb l2 cache)<\/li>\n<li>Placa de v\u00eddeo: Intel\u00ae uhd graphics 600<\/li>\n<li>Cor: Prata<\/li>\n<li>Multim\u00eddia: Alto-falante est\u00e9reo (1.5 w x 2), microfone digital interno e c\u00e2mera hd de 720p<\/li>\n<li>Rede: 802.11 ac wave2 (2&#215;2) bluetooth<\/li>\n<li>Portas de comunica\u00e7\u00e3o: 1 usb tipo-c, 1 usb 3.0, leitor de cart\u00f5es micro-sd, audio combo<\/li>\n<li>Caracter\u00edsticas para digita\u00e7\u00e3o: Teclado tipo ilha com touchpad<\/li>\n<li>Seguran\u00e7a: Tpm (trusted platform module)<\/li>\n<li>Alimenta\u00e7\u00e3o de energia: 39 wh &#8211; adaptador pode mudar de acordo com cada modelo<\/li>\n<li>Dimens\u00e3o (L x P x A): 28.8 x 20.2 x 1.67 cm<\/li>\n<li>Peso: 1.18 kg (bruto com embalagem)<\/li>\n<\/ul>\n<h4>Conte\u00fado da Embalagem:<\/h4>\n<ul>\n<li>Chromebook Samsung 11.6 Polegadas Intel 4GB, 64GB &#8211; XE310XBA-KT4BR<\/li>\n<\/ul>\n<h4><strong>Garantia do Fornecedor<\/strong><\/h4>\n<ul>\n<li>12 Meses<\/li>\n<\/ul>\n<div class=\"sc-7e0ca514-2 cKkhYq\" data-testid=\"InfoPeso\"><\/div>\n\t\t<\/div>\n\t\t[\/vc_column][\/vc_row]<\/p>\n<\/div>","protected":false},"excerpt":{"rendered":"<p><strong>C\u00f3digo:<\/strong> <span style=\"color: #2a2a2a;\"><strong>XE310XBA-KT4BR<\/strong><\/span>\u00a0 \u00a0|\u00a0 \u00a0<strong>Mais produtos: <a href=\"https:\/\/elektrotec.com.br\/loja\/loja\/?filter_marcas=samsung\">Samsung<\/a><\/strong>\u00a0 \u00a0|\u00a0 \u00a0<a href=\"https:\/\/elektrotec.com.br\/loja\/produto\/chromebook-samsung-intel-celeron-4gb-ram-64gb-emmc-11-6-xe310xba-kt4br-google-chrome-os\/#codigo-XE310XBAKT4BR\"><strong>Descri\u00e7\u00e3o do produto<\/strong><\/a><\/p>\n","protected":false},"featured_media":4368,"comment_status":"open","ping_status":"closed","template":"","meta":{"pagelayer_contact_templates":[],"_pagelayer_content":"","_mbp_gutenberg_autopost":false},"pwb-brand":[],"product_brand":[],"product_cat":[382,103,104,56,25],"product_tag":[],"class_list":{"0":"post-386","1":"product","2":"type-product","3":"status-publish","4":"has-post-thumbnail","6":"product_cat-chromebook","7":"product_cat-destaques","8":"product_cat-eletronicos","9":"product_cat-notebooks","10":"product_cat-tecnologia-e-informatica","11":"product_shipping_class-logistica-quioske","13":"first","14":"instock","15":"shipping-taxable","16":"purchasable","17":"product-type-simple"},"yoast_head":"<!-- This site is optimized with the Yoast SEO plugin v27.2 - https:\/\/yoast.com\/product\/yoast-seo-wordpress\/ -->\n<title>Chromebook Samsung Intel Celeron 4GB RAM 64GB eMMC 11.6&quot; XE310XBA-KT4BR - Google Chrome OS | Elektrotec Store<\/title>\n<meta name=\"description\" content=\"Chromebook 4\u00a0da Samsung conta com design leve e dur\u00e1vel, pensado para ser pr\u00e1tico. Com durabilidade excepcional, \u00e9 robusto e resistente a quedas.\" \/>\n<meta name=\"robots\" content=\"index, follow, max-snippet:-1, max-image-preview:large, max-video-preview:-1\" \/>\n<link rel=\"canonical\" href=\"https:\/\/elektrotec.com.br\/loja\/produto\/chromebook-samsung-intel-celeron-4gb-ram-64gb-emmc-11-6-xe310xba-kt4br-google-chrome-os\/\" \/>\n<meta property=\"og:locale\" content=\"pt_BR\" \/>\n<meta property=\"og:type\" content=\"article\" \/>\n<meta property=\"og:title\" content=\"Chromebook Samsung Intel Celeron 4GB RAM 64GB eMMC 11.6&quot; XE310XBA-KT4BR - Google Chrome OS | Elektrotec Store\" \/>\n<meta property=\"og:description\" content=\"Chromebook 4\u00a0da Samsung conta com design leve e dur\u00e1vel, pensado para ser pr\u00e1tico. Com durabilidade excepcional, \u00e9 robusto e resistente a quedas.\" \/>\n<meta property=\"og:url\" content=\"https:\/\/elektrotec.com.br\/loja\/produto\/chromebook-samsung-intel-celeron-4gb-ram-64gb-emmc-11-6-xe310xba-kt4br-google-chrome-os\/\" \/>\n<meta property=\"og:site_name\" content=\"Elektrotec Store\" \/>\n<meta property=\"article:modified_time\" content=\"2025-02-25T21:39:14+00:00\" \/>\n<meta property=\"og:image\" content=\"https:\/\/elektrotec.com.br\/loja\/wp-content\/uploads\/2025\/02\/XE310XBA-KT4BR-Chromebook-Samsung-Intel-Celeron-4GB-RAM-64-GB-eMMC-11.6-Google-Chrome.jpg\" \/>\n\t<meta property=\"og:image:width\" content=\"700\" \/>\n\t<meta property=\"og:image:height\" content=\"800\" \/>\n\t<meta property=\"og:image:type\" content=\"image\/jpeg\" \/>\n<meta name=\"twitter:card\" content=\"summary_large_image\" \/>\n<meta name=\"twitter:label1\" content=\"Est. tempo de leitura\" \/>\n\t<meta name=\"twitter:data1\" content=\"5 minutos\" \/>\n<script type=\"application\/ld+json\" class=\"yoast-schema-graph\">{\"@context\":\"https:\/\/schema.org\",\"@graph\":[{\"@type\":\"WebPage\",\"@id\":\"https:\/\/elektrotec.com.br\/loja\/produto\/chromebook-samsung-intel-celeron-4gb-ram-64gb-emmc-11-6-xe310xba-kt4br-google-chrome-os\/\",\"url\":\"https:\/\/elektrotec.com.br\/loja\/produto\/chromebook-samsung-intel-celeron-4gb-ram-64gb-emmc-11-6-xe310xba-kt4br-google-chrome-os\/\",\"name\":\"Chromebook Samsung Intel Celeron 4GB RAM 64GB eMMC 11.6\\\" XE310XBA-KT4BR - Google Chrome OS | Elektrotec Store\",\"isPartOf\":{\"@id\":\"https:\/\/elektrotec.com.br\/loja\/#website\"},\"primaryImageOfPage\":{\"@id\":\"https:\/\/elektrotec.com.br\/loja\/produto\/chromebook-samsung-intel-celeron-4gb-ram-64gb-emmc-11-6-xe310xba-kt4br-google-chrome-os\/#primaryimage\"},\"image\":{\"@id\":\"https:\/\/elektrotec.com.br\/loja\/produto\/chromebook-samsung-intel-celeron-4gb-ram-64gb-emmc-11-6-xe310xba-kt4br-google-chrome-os\/#primaryimage\"},\"thumbnailUrl\":\"https:\/\/i0.wp.com\/elektrotec.com.br\/loja\/wp-content\/uploads\/2025\/02\/XE310XBA-KT4BR-Chromebook-Samsung-Intel-Celeron-4GB-RAM-64-GB-eMMC-11.6-Google-Chrome.jpg?fit=700%2C800&ssl=1\",\"datePublished\":\"2025-02-14T15:11:51+00:00\",\"dateModified\":\"2025-02-25T21:39:14+00:00\",\"description\":\"Chromebook 4\u00a0da Samsung conta com design leve e dur\u00e1vel, pensado para ser pr\u00e1tico. Com durabilidade excepcional, \u00e9 robusto e resistente a quedas.\",\"breadcrumb\":{\"@id\":\"https:\/\/elektrotec.com.br\/loja\/produto\/chromebook-samsung-intel-celeron-4gb-ram-64gb-emmc-11-6-xe310xba-kt4br-google-chrome-os\/#breadcrumb\"},\"inLanguage\":\"pt-BR\",\"potentialAction\":[{\"@type\":\"ReadAction\",\"target\":[\"https:\/\/elektrotec.com.br\/loja\/produto\/chromebook-samsung-intel-celeron-4gb-ram-64gb-emmc-11-6-xe310xba-kt4br-google-chrome-os\/\"]}]},{\"@type\":\"ImageObject\",\"inLanguage\":\"pt-BR\",\"@id\":\"https:\/\/elektrotec.com.br\/loja\/produto\/chromebook-samsung-intel-celeron-4gb-ram-64gb-emmc-11-6-xe310xba-kt4br-google-chrome-os\/#primaryimage\",\"url\":\"https:\/\/i0.wp.com\/elektrotec.com.br\/loja\/wp-content\/uploads\/2025\/02\/XE310XBA-KT4BR-Chromebook-Samsung-Intel-Celeron-4GB-RAM-64-GB-eMMC-11.6-Google-Chrome.jpg?fit=700%2C800&ssl=1\",\"contentUrl\":\"https:\/\/i0.wp.com\/elektrotec.com.br\/loja\/wp-content\/uploads\/2025\/02\/XE310XBA-KT4BR-Chromebook-Samsung-Intel-Celeron-4GB-RAM-64-GB-eMMC-11.6-Google-Chrome.jpg?fit=700%2C800&ssl=1\",\"width\":700,\"height\":800},{\"@type\":\"BreadcrumbList\",\"@id\":\"https:\/\/elektrotec.com.br\/loja\/produto\/chromebook-samsung-intel-celeron-4gb-ram-64gb-emmc-11-6-xe310xba-kt4br-google-chrome-os\/#breadcrumb\",\"itemListElement\":[{\"@type\":\"ListItem\",\"position\":1,\"name\":\"Home\",\"item\":\"https:\/\/elektrotec.com.br\/loja\/\"},{\"@type\":\"ListItem\",\"position\":2,\"name\":\"Ofertas do dia \u26a1\",\"item\":\"https:\/\/elektrotec.com.br\/loja\/loja\/\"},{\"@type\":\"ListItem\",\"position\":3,\"name\":\"Chromebook Samsung Intel Celeron 4GB RAM 64GB eMMC 11.6&#8243; XE310XBA-KT4BR &#8211; Google Chrome OS\"}]},{\"@type\":\"WebSite\",\"@id\":\"https:\/\/elektrotec.com.br\/loja\/#website\",\"url\":\"https:\/\/elektrotec.com.br\/loja\/\",\"name\":\"Elektrotec Store\",\"description\":\"Solu\u00e7\u00f5es em Energia e Automa\u00e7\u00e3o Industrial\",\"publisher\":{\"@id\":\"https:\/\/elektrotec.com.br\/loja\/#organization\"},\"potentialAction\":[{\"@type\":\"SearchAction\",\"target\":{\"@type\":\"EntryPoint\",\"urlTemplate\":\"https:\/\/elektrotec.com.br\/loja\/?s={search_term_string}\"},\"query-input\":{\"@type\":\"PropertyValueSpecification\",\"valueRequired\":true,\"valueName\":\"search_term_string\"}}],\"inLanguage\":\"pt-BR\"},{\"@type\":\"Organization\",\"@id\":\"https:\/\/elektrotec.com.br\/loja\/#organization\",\"name\":\"Elektrotec\",\"url\":\"https:\/\/elektrotec.com.br\/loja\/\",\"logo\":{\"@type\":\"ImageObject\",\"inLanguage\":\"pt-BR\",\"@id\":\"https:\/\/elektrotec.com.br\/loja\/#\/schema\/logo\/image\/\",\"url\":\"https:\/\/i0.wp.com\/elektrotec.com.br\/loja\/wp-content\/uploads\/2025\/05\/Logo-site-Elektrotec-Energy-1.webp?fit=270%2C70&ssl=1\",\"contentUrl\":\"https:\/\/i0.wp.com\/elektrotec.com.br\/loja\/wp-content\/uploads\/2025\/05\/Logo-site-Elektrotec-Energy-1.webp?fit=270%2C70&ssl=1\",\"width\":270,\"height\":70,\"caption\":\"Elektrotec\"},\"image\":{\"@id\":\"https:\/\/elektrotec.com.br\/loja\/#\/schema\/logo\/image\/\"}}]}<\/script>\n<!-- \/ Yoast SEO plugin. -->","yoast_head_json":{"title":"Chromebook Samsung Intel Celeron 4GB RAM 64GB eMMC 11.6\" XE310XBA-KT4BR - Google Chrome OS | Elektrotec Store","description":"Chromebook 4\u00a0da Samsung conta com design leve e dur\u00e1vel, pensado para ser pr\u00e1tico. Com durabilidade excepcional, \u00e9 robusto e resistente a quedas.","robots":{"index":"index","follow":"follow","max-snippet":"max-snippet:-1","max-image-preview":"max-image-preview:large","max-video-preview":"max-video-preview:-1"},"canonical":"https:\/\/elektrotec.com.br\/loja\/produto\/chromebook-samsung-intel-celeron-4gb-ram-64gb-emmc-11-6-xe310xba-kt4br-google-chrome-os\/","og_locale":"pt_BR","og_type":"article","og_title":"Chromebook Samsung Intel Celeron 4GB RAM 64GB eMMC 11.6\" XE310XBA-KT4BR - Google Chrome OS | Elektrotec Store","og_description":"Chromebook 4\u00a0da Samsung conta com design leve e dur\u00e1vel, pensado para ser pr\u00e1tico. Com durabilidade excepcional, \u00e9 robusto e resistente a quedas.","og_url":"https:\/\/elektrotec.com.br\/loja\/produto\/chromebook-samsung-intel-celeron-4gb-ram-64gb-emmc-11-6-xe310xba-kt4br-google-chrome-os\/","og_site_name":"Elektrotec Store","article_modified_time":"2025-02-25T21:39:14+00:00","og_image":[{"width":700,"height":800,"url":"https:\/\/elektrotec.com.br\/loja\/wp-content\/uploads\/2025\/02\/XE310XBA-KT4BR-Chromebook-Samsung-Intel-Celeron-4GB-RAM-64-GB-eMMC-11.6-Google-Chrome.jpg","type":"image\/jpeg"}],"twitter_card":"summary_large_image","twitter_misc":{"Est. tempo de leitura":"5 minutos"},"schema":{"@context":"https:\/\/schema.org","@graph":[{"@type":"WebPage","@id":"https:\/\/elektrotec.com.br\/loja\/produto\/chromebook-samsung-intel-celeron-4gb-ram-64gb-emmc-11-6-xe310xba-kt4br-google-chrome-os\/","url":"https:\/\/elektrotec.com.br\/loja\/produto\/chromebook-samsung-intel-celeron-4gb-ram-64gb-emmc-11-6-xe310xba-kt4br-google-chrome-os\/","name":"Chromebook Samsung Intel Celeron 4GB RAM 64GB eMMC 11.6\" XE310XBA-KT4BR - Google Chrome OS | Elektrotec Store","isPartOf":{"@id":"https:\/\/elektrotec.com.br\/loja\/#website"},"primaryImageOfPage":{"@id":"https:\/\/elektrotec.com.br\/loja\/produto\/chromebook-samsung-intel-celeron-4gb-ram-64gb-emmc-11-6-xe310xba-kt4br-google-chrome-os\/#primaryimage"},"image":{"@id":"https:\/\/elektrotec.com.br\/loja\/produto\/chromebook-samsung-intel-celeron-4gb-ram-64gb-emmc-11-6-xe310xba-kt4br-google-chrome-os\/#primaryimage"},"thumbnailUrl":"https:\/\/i0.wp.com\/elektrotec.com.br\/loja\/wp-content\/uploads\/2025\/02\/XE310XBA-KT4BR-Chromebook-Samsung-Intel-Celeron-4GB-RAM-64-GB-eMMC-11.6-Google-Chrome.jpg?fit=700%2C800&ssl=1","datePublished":"2025-02-14T15:11:51+00:00","dateModified":"2025-02-25T21:39:14+00:00","description":"Chromebook 4\u00a0da Samsung conta com design leve e dur\u00e1vel, pensado para ser pr\u00e1tico. Com durabilidade excepcional, \u00e9 robusto e resistente a quedas.","breadcrumb":{"@id":"https:\/\/elektrotec.com.br\/loja\/produto\/chromebook-samsung-intel-celeron-4gb-ram-64gb-emmc-11-6-xe310xba-kt4br-google-chrome-os\/#breadcrumb"},"inLanguage":"pt-BR","potentialAction":[{"@type":"ReadAction","target":["https:\/\/elektrotec.com.br\/loja\/produto\/chromebook-samsung-intel-celeron-4gb-ram-64gb-emmc-11-6-xe310xba-kt4br-google-chrome-os\/"]}]},{"@type":"ImageObject","inLanguage":"pt-BR","@id":"https:\/\/elektrotec.com.br\/loja\/produto\/chromebook-samsung-intel-celeron-4gb-ram-64gb-emmc-11-6-xe310xba-kt4br-google-chrome-os\/#primaryimage","url":"https:\/\/i0.wp.com\/elektrotec.com.br\/loja\/wp-content\/uploads\/2025\/02\/XE310XBA-KT4BR-Chromebook-Samsung-Intel-Celeron-4GB-RAM-64-GB-eMMC-11.6-Google-Chrome.jpg?fit=700%2C800&ssl=1","contentUrl":"https:\/\/i0.wp.com\/elektrotec.com.br\/loja\/wp-content\/uploads\/2025\/02\/XE310XBA-KT4BR-Chromebook-Samsung-Intel-Celeron-4GB-RAM-64-GB-eMMC-11.6-Google-Chrome.jpg?fit=700%2C800&ssl=1","width":700,"height":800},{"@type":"BreadcrumbList","@id":"https:\/\/elektrotec.com.br\/loja\/produto\/chromebook-samsung-intel-celeron-4gb-ram-64gb-emmc-11-6-xe310xba-kt4br-google-chrome-os\/#breadcrumb","itemListElement":[{"@type":"ListItem","position":1,"name":"Home","item":"https:\/\/elektrotec.com.br\/loja\/"},{"@type":"ListItem","position":2,"name":"Ofertas do dia \u26a1","item":"https:\/\/elektrotec.com.br\/loja\/loja\/"},{"@type":"ListItem","position":3,"name":"Chromebook Samsung Intel Celeron 4GB RAM 64GB eMMC 11.6&#8243; XE310XBA-KT4BR &#8211; Google Chrome OS"}]},{"@type":"WebSite","@id":"https:\/\/elektrotec.com.br\/loja\/#website","url":"https:\/\/elektrotec.com.br\/loja\/","name":"Elektrotec Store","description":"Solu\u00e7\u00f5es em Energia e Automa\u00e7\u00e3o Industrial","publisher":{"@id":"https:\/\/elektrotec.com.br\/loja\/#organization"},"potentialAction":[{"@type":"SearchAction","target":{"@type":"EntryPoint","urlTemplate":"https:\/\/elektrotec.com.br\/loja\/?s={search_term_string}"},"query-input":{"@type":"PropertyValueSpecification","valueRequired":true,"valueName":"search_term_string"}}],"inLanguage":"pt-BR"},{"@type":"Organization","@id":"https:\/\/elektrotec.com.br\/loja\/#organization","name":"Elektrotec","url":"https:\/\/elektrotec.com.br\/loja\/","logo":{"@type":"ImageObject","inLanguage":"pt-BR","@id":"https:\/\/elektrotec.com.br\/loja\/#\/schema\/logo\/image\/","url":"https:\/\/i0.wp.com\/elektrotec.com.br\/loja\/wp-content\/uploads\/2025\/05\/Logo-site-Elektrotec-Energy-1.webp?fit=270%2C70&ssl=1","contentUrl":"https:\/\/i0.wp.com\/elektrotec.com.br\/loja\/wp-content\/uploads\/2025\/05\/Logo-site-Elektrotec-Energy-1.webp?fit=270%2C70&ssl=1","width":270,"height":70,"caption":"Elektrotec"},"image":{"@id":"https:\/\/elektrotec.com.br\/loja\/#\/schema\/logo\/image\/"}}]}},"jetpack_sharing_enabled":true,"brands":[],"_links":{"self":[{"href":"https:\/\/elektrotec.com.br\/loja\/wp-json\/wp\/v2\/product\/386","targetHints":{"allow":["GET"]}}],"collection":[{"href":"https:\/\/elektrotec.com.br\/loja\/wp-json\/wp\/v2\/product"}],"about":[{"href":"https:\/\/elektrotec.com.br\/loja\/wp-json\/wp\/v2\/types\/product"}],"replies":[{"embeddable":true,"href":"https:\/\/elektrotec.com.br\/loja\/wp-json\/wp\/v2\/comments?post=386"}],"wp:featuredmedia":[{"embeddable":true,"href":"https:\/\/elektrotec.com.br\/loja\/wp-json\/wp\/v2\/media\/4368"}],"wp:attachment":[{"href":"https:\/\/elektrotec.com.br\/loja\/wp-json\/wp\/v2\/media?parent=386"}],"wp:term":[{"taxonomy":"pwb-brand","embeddable":true,"href":"https:\/\/elektrotec.com.br\/loja\/wp-json\/wp\/v2\/pwb-brand?post=386"},{"taxonomy":"product_brand","embeddable":true,"href":"https:\/\/elektrotec.com.br\/loja\/wp-json\/wp\/v2\/product_brand?post=386"},{"taxonomy":"product_cat","embeddable":true,"href":"https:\/\/elektrotec.com.br\/loja\/wp-json\/wp\/v2\/product_cat?post=386"},{"taxonomy":"product_tag","embeddable":true,"href":"https:\/\/elektrotec.com.br\/loja\/wp-json\/wp\/v2\/product_tag?post=386"}],"curies":[{"name":"wp","href":"https:\/\/api.w.org\/{rel}","templated":true}]}}