{"id":3815,"date":"2025-01-01T19:03:53","date_gmt":"2025-01-01T22:03:53","guid":{"rendered":"https:\/\/quioske.com.br\/?post_type=product&#038;p=3815"},"modified":"2025-02-28T15:25:48","modified_gmt":"2025-02-28T18:25:48","slug":"notebook-lenovo-ideapad-1i-intel-core-i3-1215u-4gb-ram-ssd-256gb-tela-15-6-hd-windows-11-cinza","status":"publish","type":"product","link":"https:\/\/elektrotec.com.br\/loja\/produto\/notebook-lenovo-ideapad-1i-intel-core-i3-1215u-4gb-ram-ssd-256gb-tela-15-6-hd-windows-11-cinza\/","title":{"rendered":"Notebook Lenovo IdeaPad 1i Intel Core I3 1215U 4GB RAM SSD 256GB, Tela 15.6&#8243; HD, Windows 11, Cinza"},"content":{"rendered":"<div class=\"wpb-content-wrapper\"><p>[vc_row woodmart_css_id=&#8221;6775bc6f455c9&#8243; responsive_spacing=&#8221;eyJwYXJhbV90eXBlIjoid29vZG1hcnRfcmVzcG9uc2l2ZV9zcGFjaW5nIiwic2VsZWN0b3JfaWQiOiI2Nzc1YmM2ZjQ1NWM5Iiwic2hvcnRjb2RlIjoidmNfcm93IiwiZGF0YSI6eyJ0YWJsZXQiOnt9LCJtb2JpbGUiOnt9fX0=&#8221; mobile_bg_img_hidden=&#8221;no&#8221; tablet_bg_img_hidden=&#8221;no&#8221; woodmart_parallax=&#8221;0&#8243; woodmart_gradient_switch=&#8221;no&#8221; woodmart_box_shadow=&#8221;no&#8221; wd_z_index=&#8221;no&#8221; woodmart_disable_overflow=&#8221;0&#8243; row_reverse_mobile=&#8221;0&#8243; row_reverse_tablet=&#8221;0&#8243; el_id=&#8221;codigo-77850&#8243;][vc_column css=&#8221;.vc_custom_1666272391679{padding-top: 0px !important;}&#8221; woodmart_css_id=&#8221;63514c8260958&#8243; parallax_scroll=&#8221;no&#8221; woodmart_sticky_column=&#8221;false&#8221; wd_collapsible_content_switcher=&#8221;no&#8221; wd_column_role_offcanvas_desktop=&#8221;no&#8221; wd_column_role_offcanvas_tablet=&#8221;no&#8221; wd_column_role_offcanvas_mobile=&#8221;no&#8221; wd_column_role_content_desktop=&#8221;no&#8221; wd_column_role_content_tablet=&#8221;no&#8221; wd_column_role_content_mobile=&#8221;no&#8221; mobile_bg_img_hidden=&#8221;no&#8221; tablet_bg_img_hidden=&#8221;no&#8221; woodmart_parallax=&#8221;0&#8243; woodmart_box_shadow=&#8221;no&#8221; responsive_spacing=&#8221;eyJwYXJhbV90eXBlIjoid29vZG1hcnRfcmVzcG9uc2l2ZV9zcGFjaW5nIiwic2VsZWN0b3JfaWQiOiI2MzUxNGM4MjYwOTU4Iiwic2hvcnRjb2RlIjoidmNfY29sdW1uIiwiZGF0YSI6eyJ0YWJsZXQiOnt9LCJtb2JpbGUiOnt9fX0=&#8221; mobile_reset_margin=&#8221;no&#8221; tablet_reset_margin=&#8221;no&#8221; wd_z_index=&#8221;no&#8221;]\t\t<div id=\"wd-67c1ff4f77b61\" class=\"wd-text-block wd-wpb reset-last-child wd-rs-67c1ff4f77b61 text-center vc_custom_1740767138572\">\n\t\t\t<p><img data-recalc-dims=\"1\" loading=\"lazy\" decoding=\"async\" class=\"size-full wp-image-4527 aligncenter\" src=\"https:\/\/i0.wp.com\/elektrotec.com.br\/loja\/wp-content\/uploads\/2025\/01\/Notebook-Lenovo-IdeaPad-1i-Intel-Core-I3-1215U-4GB-RAM-SSD-256GB-Tela-15.6-HD.png?resize=1281%2C2063&#038;ssl=1\" alt=\"\" width=\"1281\" height=\"2063\" srcset=\"https:\/\/i0.wp.com\/elektrotec.com.br\/loja\/wp-content\/uploads\/2025\/01\/Notebook-Lenovo-IdeaPad-1i-Intel-Core-I3-1215U-4GB-RAM-SSD-256GB-Tela-15.6-HD.png?w=1281&amp;ssl=1 1281w, https:\/\/i0.wp.com\/elektrotec.com.br\/loja\/wp-content\/uploads\/2025\/01\/Notebook-Lenovo-IdeaPad-1i-Intel-Core-I3-1215U-4GB-RAM-SSD-256GB-Tela-15.6-HD.png?resize=186%2C300&amp;ssl=1 186w, https:\/\/i0.wp.com\/elektrotec.com.br\/loja\/wp-content\/uploads\/2025\/01\/Notebook-Lenovo-IdeaPad-1i-Intel-Core-I3-1215U-4GB-RAM-SSD-256GB-Tela-15.6-HD.png?resize=636%2C1024&amp;ssl=1 636w, https:\/\/i0.wp.com\/elektrotec.com.br\/loja\/wp-content\/uploads\/2025\/01\/Notebook-Lenovo-IdeaPad-1i-Intel-Core-I3-1215U-4GB-RAM-SSD-256GB-Tela-15.6-HD.png?resize=768%2C1237&amp;ssl=1 768w, https:\/\/i0.wp.com\/elektrotec.com.br\/loja\/wp-content\/uploads\/2025\/01\/Notebook-Lenovo-IdeaPad-1i-Intel-Core-I3-1215U-4GB-RAM-SSD-256GB-Tela-15.6-HD.png?resize=954%2C1536&amp;ssl=1 954w, https:\/\/i0.wp.com\/elektrotec.com.br\/loja\/wp-content\/uploads\/2025\/01\/Notebook-Lenovo-IdeaPad-1i-Intel-Core-I3-1215U-4GB-RAM-SSD-256GB-Tela-15.6-HD.png?resize=1272%2C2048&amp;ssl=1 1272w, https:\/\/i0.wp.com\/elektrotec.com.br\/loja\/wp-content\/uploads\/2025\/01\/Notebook-Lenovo-IdeaPad-1i-Intel-Core-I3-1215U-4GB-RAM-SSD-256GB-Tela-15.6-HD.png?resize=1200%2C1933&amp;ssl=1 1200w, https:\/\/i0.wp.com\/elektrotec.com.br\/loja\/wp-content\/uploads\/2025\/01\/Notebook-Lenovo-IdeaPad-1i-Intel-Core-I3-1215U-4GB-RAM-SSD-256GB-Tela-15.6-HD.png?resize=150%2C242&amp;ssl=1 150w\" sizes=\"auto, (max-width: 1000px) 100vw, 1000px\" \/><\/p>\n\t\t<\/div>\n\t\t[\/vc_column][\/vc_row][vc_row][vc_column woodmart_css_id=&#8221;667c81fba6236&#8243; parallax_scroll=&#8221;no&#8221; woodmart_sticky_column=&#8221;false&#8221; wd_collapsible_content_switcher=&#8221;no&#8221; wd_column_role_offcanvas_desktop=&#8221;no&#8221; wd_column_role_offcanvas_tablet=&#8221;no&#8221; wd_column_role_offcanvas_mobile=&#8221;no&#8221; wd_column_role_content_desktop=&#8221;no&#8221; wd_column_role_content_tablet=&#8221;no&#8221; wd_column_role_content_mobile=&#8221;no&#8221; mobile_bg_img_hidden=&#8221;no&#8221; tablet_bg_img_hidden=&#8221;no&#8221; woodmart_parallax=&#8221;0&#8243; woodmart_box_shadow=&#8221;no&#8221; responsive_spacing=&#8221;eyJwYXJhbV90eXBlIjoid29vZG1hcnRfcmVzcG9uc2l2ZV9zcGFjaW5nIiwic2VsZWN0b3JfaWQiOiI2NjdjODFmYmE2MjM2Iiwic2hvcnRjb2RlIjoidmNfY29sdW1uIiwiZGF0YSI6eyJ0YWJsZXQiOnt9LCJtb2JpbGUiOnt9fX0=&#8221; mobile_reset_margin=&#8221;no&#8221; tablet_reset_margin=&#8221;no&#8221; wd_z_index=&#8221;no&#8221; css=&#8221;.vc_custom_1719435784581{margin-top: -60px !important;}&#8221;][vc_separator border_width=&#8221;3&#8243; css=&#8221;.vc_custom_1731708518955{margin-top: 50px !important;margin-bottom: 50px !important;}&#8221; wd_hide_on_desktop=&#8221;no&#8221; wd_hide_on_tablet=&#8221;no&#8221; wd_hide_on_mobile=&#8221;no&#8221;][\/vc_column][\/vc_row][vc_row woodmart_css_id=&#8221;6351519a61682&#8243; responsive_spacing=&#8221;eyJwYXJhbV90eXBlIjoid29vZG1hcnRfcmVzcG9uc2l2ZV9zcGFjaW5nIiwic2VsZWN0b3JfaWQiOiI2MzUxNTE5YTYxNjgyIiwic2hvcnRjb2RlIjoidmNfcm93IiwiZGF0YSI6eyJ0YWJsZXQiOnt9LCJtb2JpbGUiOnt9fX0=&#8221; mobile_bg_img_hidden=&#8221;no&#8221; tablet_bg_img_hidden=&#8221;no&#8221; woodmart_parallax=&#8221;0&#8243; woodmart_gradient_switch=&#8221;no&#8221; woodmart_box_shadow=&#8221;no&#8221; wd_z_index=&#8221;no&#8221; woodmart_disable_overflow=&#8221;0&#8243; row_reverse_mobile=&#8221;0&#8243; row_reverse_tablet=&#8221;0&#8243;][vc_column css=&#8221;.vc_custom_1669033735057{padding-top: 0px !important;}&#8221; woodmart_css_id=&#8221;637b6f036ef34&#8243; parallax_scroll=&#8221;no&#8221; woodmart_sticky_column=&#8221;false&#8221; wd_collapsible_content_switcher=&#8221;no&#8221; wd_column_role_offcanvas_desktop=&#8221;no&#8221; wd_column_role_offcanvas_tablet=&#8221;no&#8221; wd_column_role_offcanvas_mobile=&#8221;no&#8221; wd_column_role_content_desktop=&#8221;no&#8221; wd_column_role_content_tablet=&#8221;no&#8221; wd_column_role_content_mobile=&#8221;no&#8221; mobile_bg_img_hidden=&#8221;no&#8221; tablet_bg_img_hidden=&#8221;no&#8221; woodmart_parallax=&#8221;0&#8243; woodmart_box_shadow=&#8221;no&#8221; responsive_spacing=&#8221;eyJwYXJhbV90eXBlIjoid29vZG1hcnRfcmVzcG9uc2l2ZV9zcGFjaW5nIiwic2VsZWN0b3JfaWQiOiI2MzdiNmYwMzZlZjM0Iiwic2hvcnRjb2RlIjoidmNfY29sdW1uIiwiZGF0YSI6eyJ0YWJsZXQiOnt9LCJtb2JpbGUiOnt9fX0=&#8221; mobile_reset_margin=&#8221;no&#8221; tablet_reset_margin=&#8221;no&#8221; wd_z_index=&#8221;no&#8221;]\n\t\t<div id=\"wd-667ca27edb170\" class=\"title-wrapper wd-wpb wd-set-mb reset-last-child  wd-rs-667ca27edb170 wd-title-color-default wd-title-style-default text-left vc_custom_1719444410298 wd-underline-colored\">\n\t\t\t\n\t\t\t<div class=\"liner-continer\">\n\t\t\t\t<h4 class=\"woodmart-title-container title  wd-font-weight-700 wd-fontsize-l\" >\ud83d\udccc Especifica\u00e7\u00f5es T\u00e9cnicas:<\/h4>\n\t\t\t\t\t\t\t<\/div>\n\t\t\t\n\t\t\t\n\t\t\t\n\t\t<\/div>\n\t\t\n\t\t\t\t<div id=\"wd-67c1fd81bb0d1\" class=\"wd-text-block wd-wpb reset-last-child wd-rs-67c1fd81bb0d1 text-left vc_custom_1740766812379\">\n\t\t\t<h3>O IdeaPad\u2122 1i eleva sua categoria de notebooks com um processador Intel\u00ae supereficiente de 12\u00aa gera\u00e7\u00e3o<\/h3>\n<p>Em um chassi fino e compacto de 17,9 mm que facilita a multitarefa enquanto aumenta a efici\u00eancia energ\u00e9tica com at\u00e9 11 horas de dura\u00e7\u00e3o da bateria e carga r\u00e1pida.<\/p>\n<p>Obtenha aproveitamento m\u00e1ximo da tela com as molduras super estreitas, alto-falantes Dolby Audio\u2122 e Flip to Start para inicializa\u00e7\u00e3o instant\u00e2nea. Otimize sua experi\u00eancia de chamada de v\u00eddeo com uma c\u00e2mera de 1MP que vem com um obturador de privacidade para afastar os olhos curiosos e o Cancelamento de Ru\u00eddo Inteligente para cortar o ru\u00eddo de fundo no seu microfone.<\/p>\n<p>Dois alto-falantes Dolby Audio\u2122 tamb\u00e9m transmite \u00e1udio rico e robusto. Com um processador Intel\u00ae de 12\u00aa gera\u00e7\u00e3o em seu laptop, voc\u00ea pode, sem esfor\u00e7o, realizar m\u00faltiplas tarefas simultaneamente, comunicar-se facilmente com amigos e familiares e levar todo o seu entretenimento favorito para onde for.<\/p>\n<p>Mantenha-se produtivo em qualquer lugar com uma longa vida \u00fatil da bateria com apenas uma carga. Em seguida, recarregue sua bateria em 15 minutos com um r\u00e1pido impulso de carga para us\u00e1-lo por 2 horas. Sem WiFi? N\u00e3o se preocupe, com a op\u00e7\u00e3o de armazenamento r\u00e1pido SSD, voc\u00ea pode continuar acessando e editando arquivos offline.<\/p>\n<h4><\/h4>\n<h4>Especifica\u00e7\u00f5es:<\/h4>\n<div class=\"sc-7e0ca514-1 GiPKU\">\n<ul>\n<li>Marca: Lenovo<\/li>\n<li>Modelo: 82VY000TBR<\/li>\n<\/ul>\n<h4>Performance:<\/h4>\n<ul>\n<li>Processador: Intel Core i3-1215U 6 Cores \/ 8 Threads<\/li>\n<li>Processador (Clock): 1.2GHz (4.4GHz Max Turbo)<\/li>\n<li>Sistema Operacional: Windows 11<\/li>\n<li>Placa Gr\u00e1fica: Intel UHD Graphics<\/li>\n<li>C\u00e2mera: HD-720p com Privacidade<\/li>\n<li>Mem\u00f3ria: 4GB soldado DDR4-3200 3200MHz<\/li>\n<li>Armazenamento: SSD 256GB<\/li>\n<li>Bateria: 3 c\u00e9lulas 42Wh<\/li>\n<li>Adaptador Ac: 65W<\/li>\n<li>\u00c1udio: Alto-falantes com certifica\u00e7\u00e3o Dolby Audio (2 x 1.5W)<\/li>\n<\/ul>\n<h4>Portas de Entrada\/Sa\u00edda:<\/h4>\n<ul>\n<li>1x USB (3.2) Gen 1<\/li>\n<li>1x USB (2.0)<\/li>\n<li>1x USB tipo C (3.2 Gen1)<\/li>\n<li>1x Hdmi (1.4b)<\/li>\n<li>1x Audio (porta combo para headset\/headphone)<\/li>\n<li>Leitor de Cart\u00f5es 4 em 1 (SD, SDHC, SDXC, MMC)<\/li>\n<\/ul>\n<h4>Wlan:<\/h4>\n<ul>\n<li>WiFi 2&#215;2 AC<\/li>\n<li>Bluetooth 5.0<\/li>\n<\/ul>\n<h4>Display:<\/h4>\n<ul>\n<li>Tamanho: 15.6 polegadas<\/li>\n<li>Resolu\u00e7\u00e3o de Tela: HD (1366&#215;768) Antirreflexo<\/li>\n<li>Tipo de Painel: TN<\/li>\n<li>Formato de Tela: 16:9 widescreen<\/li>\n<li>Brilho da Tela: 220 nits<\/li>\n<li>Abertura de Tela: 169\u00ba<\/li>\n<\/ul>\n<h4>Geral:<\/h4>\n<ul>\n<li>Teclado: Padr\u00e3o Brasileiro<\/li>\n<li>Cor: Cinza<\/li>\n<\/ul>\n<h4>Conte\u00fado da embalagem:<\/h4>\n<ul>\n<li>Notebook Lenovo IdeaPad 1i<\/li>\n<\/ul>\n<\/div>\n<h4><span style=\"color: #1b1919; font-size: 18px;\">Garantia:<\/span><\/h4>\n<div class=\"sc-7e0ca514-2 cKkhYq\" data-testid=\"InfoGarantia\">\n<ul>\n<li class=\"sc-7e0ca514-3 lnNTXx\">1 ano de garantia<\/li>\n<\/ul>\n<\/div>\n<div class=\"sc-7e0ca514-2 cKkhYq\" data-testid=\"InfoPeso\">\n<div class=\"sc-7e0ca514-4 ikipIN\">\n<h4>Peso:<\/h4>\n<\/div>\n<ul>\n<li class=\"sc-7e0ca514-3 lnNTXx\">2641 gramas (bruto com embalagem)<\/li>\n<\/ul>\n<\/div>\n\t\t<\/div>\n\t\t[\/vc_column][\/vc_row]<\/p>\n<\/div>","protected":false},"excerpt":{"rendered":"<p><strong>C\u00f3digo:<\/strong> <a href=\"#\">77850<\/a>\u00a0 \u00a0<strong>|<\/strong>\u00a0 \u00a0<strong>Mais produtos:<\/strong> <a href=\"https:\/\/elektrotec.com.br\/loja\/loja\/?filter_marcas=lenovo\">Lenovo<\/a>\u00a0 \u00a0<strong>|<\/strong>\u00a0 \u00a0<a href=\"https:\/\/elektrotec.com.br\/loja\/produto\/notebook-lenovo-ideapad-1i-intel-core-i3-1215u-4gb-ram-ssd-256gb-tela-15-6-hd-win-11-cinza\/#codigo-77850\"><strong>Descri\u00e7\u00e3o do produto<\/strong><\/a><\/p>\n","protected":false},"featured_media":3706,"comment_status":"open","ping_status":"closed","template":"","meta":{"pagelayer_contact_templates":[],"_pagelayer_content":"","_mbp_gutenberg_autopost":false},"pwb-brand":[],"product_brand":[],"product_cat":[62,56,25],"product_tag":[],"class_list":{"0":"post-3815","1":"product","2":"type-product","3":"status-publish","4":"has-post-thumbnail","6":"product_cat-notebook-intel","7":"product_cat-notebooks","8":"product_cat-tecnologia-e-informatica","9":"product_shipping_class-logistica-quioske","11":"first","12":"instock","13":"featured","14":"shipping-taxable","15":"purchasable","16":"product-type-simple"},"yoast_head":"<!-- This site is optimized with the Yoast SEO plugin v27.2 - https:\/\/yoast.com\/product\/yoast-seo-wordpress\/ -->\n<title>Notebook Lenovo IdeaPad 1i Core I3 1215U 4GB SSD 256GB W11<\/title>\n<meta name=\"description\" content=\"Aproveite as promo\u00e7\u00f5es em notebooks e desktops Lenovo ThinkCentre e IdeaPad para sua casa. Aproveite e compre com desconto no pix ou 12x. Com frete gr\u00e1tis.\" \/>\n<meta name=\"robots\" content=\"index, follow, max-snippet:-1, max-image-preview:large, max-video-preview:-1\" \/>\n<link rel=\"canonical\" href=\"https:\/\/elektrotec.com.br\/loja\/produto\/notebook-lenovo-ideapad-1i-intel-core-i3-1215u-4gb-ram-ssd-256gb-tela-15-6-hd-windows-11-cinza\/\" \/>\n<meta property=\"og:locale\" content=\"pt_BR\" \/>\n<meta property=\"og:type\" content=\"article\" \/>\n<meta property=\"og:title\" content=\"Notebook Lenovo IdeaPad 1i Core I3 1215U 4GB SSD 256GB W11\" \/>\n<meta property=\"og:description\" content=\"Aproveite as promo\u00e7\u00f5es em notebooks e desktops Lenovo ThinkCentre e IdeaPad para sua casa. Aproveite e compre com desconto no pix ou 12x. Com frete gr\u00e1tis.\" \/>\n<meta property=\"og:url\" content=\"https:\/\/elektrotec.com.br\/loja\/produto\/notebook-lenovo-ideapad-1i-intel-core-i3-1215u-4gb-ram-ssd-256gb-tela-15-6-hd-windows-11-cinza\/\" \/>\n<meta property=\"og:site_name\" content=\"Elektrotec Store\" \/>\n<meta property=\"article:modified_time\" content=\"2025-02-28T18:25:48+00:00\" \/>\n<meta property=\"og:image\" content=\"https:\/\/elektrotec.com.br\/loja\/wp-content\/uploads\/2024\/12\/Notebook-Lenovo-Ideapad-1i-Intel-Core-I3-1215u-4gb-128GB-SSD-Intel-Uhd-Linux-0.jpg\" \/>\n\t<meta property=\"og:image:width\" content=\"700\" \/>\n\t<meta property=\"og:image:height\" content=\"800\" \/>\n\t<meta property=\"og:image:type\" content=\"image\/jpeg\" \/>\n<meta name=\"twitter:card\" content=\"summary_large_image\" \/>\n<meta name=\"twitter:label1\" content=\"Est. tempo de leitura\" \/>\n\t<meta name=\"twitter:data1\" content=\"4 minutos\" \/>\n<script type=\"application\/ld+json\" class=\"yoast-schema-graph\">{\"@context\":\"https:\/\/schema.org\",\"@graph\":[{\"@type\":\"WebPage\",\"@id\":\"https:\/\/elektrotec.com.br\/loja\/produto\/notebook-lenovo-ideapad-1i-intel-core-i3-1215u-4gb-ram-ssd-256gb-tela-15-6-hd-windows-11-cinza\/\",\"url\":\"https:\/\/elektrotec.com.br\/loja\/produto\/notebook-lenovo-ideapad-1i-intel-core-i3-1215u-4gb-ram-ssd-256gb-tela-15-6-hd-windows-11-cinza\/\",\"name\":\"Notebook Lenovo IdeaPad 1i Core I3 1215U 4GB SSD 256GB W11\",\"isPartOf\":{\"@id\":\"https:\/\/elektrotec.com.br\/loja\/#website\"},\"primaryImageOfPage\":{\"@id\":\"https:\/\/elektrotec.com.br\/loja\/produto\/notebook-lenovo-ideapad-1i-intel-core-i3-1215u-4gb-ram-ssd-256gb-tela-15-6-hd-windows-11-cinza\/#primaryimage\"},\"image\":{\"@id\":\"https:\/\/elektrotec.com.br\/loja\/produto\/notebook-lenovo-ideapad-1i-intel-core-i3-1215u-4gb-ram-ssd-256gb-tela-15-6-hd-windows-11-cinza\/#primaryimage\"},\"thumbnailUrl\":\"https:\/\/i0.wp.com\/elektrotec.com.br\/loja\/wp-content\/uploads\/2024\/12\/Notebook-Lenovo-Ideapad-1i-Intel-Core-I3-1215u-4gb-128GB-SSD-Intel-Uhd-Linux-0.jpg?fit=700%2C800&ssl=1\",\"datePublished\":\"2025-01-01T22:03:53+00:00\",\"dateModified\":\"2025-02-28T18:25:48+00:00\",\"description\":\"Aproveite as promo\u00e7\u00f5es em notebooks e desktops Lenovo ThinkCentre e IdeaPad para sua casa. Aproveite e compre com desconto no pix ou 12x. Com frete gr\u00e1tis.\",\"breadcrumb\":{\"@id\":\"https:\/\/elektrotec.com.br\/loja\/produto\/notebook-lenovo-ideapad-1i-intel-core-i3-1215u-4gb-ram-ssd-256gb-tela-15-6-hd-windows-11-cinza\/#breadcrumb\"},\"inLanguage\":\"pt-BR\",\"potentialAction\":[{\"@type\":\"ReadAction\",\"target\":[\"https:\/\/elektrotec.com.br\/loja\/produto\/notebook-lenovo-ideapad-1i-intel-core-i3-1215u-4gb-ram-ssd-256gb-tela-15-6-hd-windows-11-cinza\/\"]}]},{\"@type\":\"ImageObject\",\"inLanguage\":\"pt-BR\",\"@id\":\"https:\/\/elektrotec.com.br\/loja\/produto\/notebook-lenovo-ideapad-1i-intel-core-i3-1215u-4gb-ram-ssd-256gb-tela-15-6-hd-windows-11-cinza\/#primaryimage\",\"url\":\"https:\/\/i0.wp.com\/elektrotec.com.br\/loja\/wp-content\/uploads\/2024\/12\/Notebook-Lenovo-Ideapad-1i-Intel-Core-I3-1215u-4gb-128GB-SSD-Intel-Uhd-Linux-0.jpg?fit=700%2C800&ssl=1\",\"contentUrl\":\"https:\/\/i0.wp.com\/elektrotec.com.br\/loja\/wp-content\/uploads\/2024\/12\/Notebook-Lenovo-Ideapad-1i-Intel-Core-I3-1215u-4gb-128GB-SSD-Intel-Uhd-Linux-0.jpg?fit=700%2C800&ssl=1\",\"width\":700,\"height\":800},{\"@type\":\"BreadcrumbList\",\"@id\":\"https:\/\/elektrotec.com.br\/loja\/produto\/notebook-lenovo-ideapad-1i-intel-core-i3-1215u-4gb-ram-ssd-256gb-tela-15-6-hd-windows-11-cinza\/#breadcrumb\",\"itemListElement\":[{\"@type\":\"ListItem\",\"position\":1,\"name\":\"Home\",\"item\":\"https:\/\/elektrotec.com.br\/loja\/\"},{\"@type\":\"ListItem\",\"position\":2,\"name\":\"Ofertas do dia \u26a1\",\"item\":\"https:\/\/elektrotec.com.br\/loja\/loja\/\"},{\"@type\":\"ListItem\",\"position\":3,\"name\":\"Notebook Lenovo IdeaPad 1i Intel Core I3 1215U 4GB RAM SSD 256GB, Tela 15.6&#8243; HD, Windows 11, Cinza\"}]},{\"@type\":\"WebSite\",\"@id\":\"https:\/\/elektrotec.com.br\/loja\/#website\",\"url\":\"https:\/\/elektrotec.com.br\/loja\/\",\"name\":\"Elektrotec Store\",\"description\":\"Solu\u00e7\u00f5es em Energia e Automa\u00e7\u00e3o Industrial\",\"publisher\":{\"@id\":\"https:\/\/elektrotec.com.br\/loja\/#organization\"},\"potentialAction\":[{\"@type\":\"SearchAction\",\"target\":{\"@type\":\"EntryPoint\",\"urlTemplate\":\"https:\/\/elektrotec.com.br\/loja\/?s={search_term_string}\"},\"query-input\":{\"@type\":\"PropertyValueSpecification\",\"valueRequired\":true,\"valueName\":\"search_term_string\"}}],\"inLanguage\":\"pt-BR\"},{\"@type\":\"Organization\",\"@id\":\"https:\/\/elektrotec.com.br\/loja\/#organization\",\"name\":\"Elektrotec\",\"url\":\"https:\/\/elektrotec.com.br\/loja\/\",\"logo\":{\"@type\":\"ImageObject\",\"inLanguage\":\"pt-BR\",\"@id\":\"https:\/\/elektrotec.com.br\/loja\/#\/schema\/logo\/image\/\",\"url\":\"https:\/\/i0.wp.com\/elektrotec.com.br\/loja\/wp-content\/uploads\/2025\/05\/Logo-site-Elektrotec-Energy-1.webp?fit=270%2C70&ssl=1\",\"contentUrl\":\"https:\/\/i0.wp.com\/elektrotec.com.br\/loja\/wp-content\/uploads\/2025\/05\/Logo-site-Elektrotec-Energy-1.webp?fit=270%2C70&ssl=1\",\"width\":270,\"height\":70,\"caption\":\"Elektrotec\"},\"image\":{\"@id\":\"https:\/\/elektrotec.com.br\/loja\/#\/schema\/logo\/image\/\"}}]}<\/script>\n<!-- \/ Yoast SEO plugin. -->","yoast_head_json":{"title":"Notebook Lenovo IdeaPad 1i Core I3 1215U 4GB SSD 256GB W11","description":"Aproveite as promo\u00e7\u00f5es em notebooks e desktops Lenovo ThinkCentre e IdeaPad para sua casa. Aproveite e compre com desconto no pix ou 12x. Com frete gr\u00e1tis.","robots":{"index":"index","follow":"follow","max-snippet":"max-snippet:-1","max-image-preview":"max-image-preview:large","max-video-preview":"max-video-preview:-1"},"canonical":"https:\/\/elektrotec.com.br\/loja\/produto\/notebook-lenovo-ideapad-1i-intel-core-i3-1215u-4gb-ram-ssd-256gb-tela-15-6-hd-windows-11-cinza\/","og_locale":"pt_BR","og_type":"article","og_title":"Notebook Lenovo IdeaPad 1i Core I3 1215U 4GB SSD 256GB W11","og_description":"Aproveite as promo\u00e7\u00f5es em notebooks e desktops Lenovo ThinkCentre e IdeaPad para sua casa. Aproveite e compre com desconto no pix ou 12x. Com frete gr\u00e1tis.","og_url":"https:\/\/elektrotec.com.br\/loja\/produto\/notebook-lenovo-ideapad-1i-intel-core-i3-1215u-4gb-ram-ssd-256gb-tela-15-6-hd-windows-11-cinza\/","og_site_name":"Elektrotec Store","article_modified_time":"2025-02-28T18:25:48+00:00","og_image":[{"width":700,"height":800,"url":"https:\/\/elektrotec.com.br\/loja\/wp-content\/uploads\/2024\/12\/Notebook-Lenovo-Ideapad-1i-Intel-Core-I3-1215u-4gb-128GB-SSD-Intel-Uhd-Linux-0.jpg","type":"image\/jpeg"}],"twitter_card":"summary_large_image","twitter_misc":{"Est. tempo de leitura":"4 minutos"},"schema":{"@context":"https:\/\/schema.org","@graph":[{"@type":"WebPage","@id":"https:\/\/elektrotec.com.br\/loja\/produto\/notebook-lenovo-ideapad-1i-intel-core-i3-1215u-4gb-ram-ssd-256gb-tela-15-6-hd-windows-11-cinza\/","url":"https:\/\/elektrotec.com.br\/loja\/produto\/notebook-lenovo-ideapad-1i-intel-core-i3-1215u-4gb-ram-ssd-256gb-tela-15-6-hd-windows-11-cinza\/","name":"Notebook Lenovo IdeaPad 1i Core I3 1215U 4GB SSD 256GB W11","isPartOf":{"@id":"https:\/\/elektrotec.com.br\/loja\/#website"},"primaryImageOfPage":{"@id":"https:\/\/elektrotec.com.br\/loja\/produto\/notebook-lenovo-ideapad-1i-intel-core-i3-1215u-4gb-ram-ssd-256gb-tela-15-6-hd-windows-11-cinza\/#primaryimage"},"image":{"@id":"https:\/\/elektrotec.com.br\/loja\/produto\/notebook-lenovo-ideapad-1i-intel-core-i3-1215u-4gb-ram-ssd-256gb-tela-15-6-hd-windows-11-cinza\/#primaryimage"},"thumbnailUrl":"https:\/\/i0.wp.com\/elektrotec.com.br\/loja\/wp-content\/uploads\/2024\/12\/Notebook-Lenovo-Ideapad-1i-Intel-Core-I3-1215u-4gb-128GB-SSD-Intel-Uhd-Linux-0.jpg?fit=700%2C800&ssl=1","datePublished":"2025-01-01T22:03:53+00:00","dateModified":"2025-02-28T18:25:48+00:00","description":"Aproveite as promo\u00e7\u00f5es em notebooks e desktops Lenovo ThinkCentre e IdeaPad para sua casa. Aproveite e compre com desconto no pix ou 12x. Com frete gr\u00e1tis.","breadcrumb":{"@id":"https:\/\/elektrotec.com.br\/loja\/produto\/notebook-lenovo-ideapad-1i-intel-core-i3-1215u-4gb-ram-ssd-256gb-tela-15-6-hd-windows-11-cinza\/#breadcrumb"},"inLanguage":"pt-BR","potentialAction":[{"@type":"ReadAction","target":["https:\/\/elektrotec.com.br\/loja\/produto\/notebook-lenovo-ideapad-1i-intel-core-i3-1215u-4gb-ram-ssd-256gb-tela-15-6-hd-windows-11-cinza\/"]}]},{"@type":"ImageObject","inLanguage":"pt-BR","@id":"https:\/\/elektrotec.com.br\/loja\/produto\/notebook-lenovo-ideapad-1i-intel-core-i3-1215u-4gb-ram-ssd-256gb-tela-15-6-hd-windows-11-cinza\/#primaryimage","url":"https:\/\/i0.wp.com\/elektrotec.com.br\/loja\/wp-content\/uploads\/2024\/12\/Notebook-Lenovo-Ideapad-1i-Intel-Core-I3-1215u-4gb-128GB-SSD-Intel-Uhd-Linux-0.jpg?fit=700%2C800&ssl=1","contentUrl":"https:\/\/i0.wp.com\/elektrotec.com.br\/loja\/wp-content\/uploads\/2024\/12\/Notebook-Lenovo-Ideapad-1i-Intel-Core-I3-1215u-4gb-128GB-SSD-Intel-Uhd-Linux-0.jpg?fit=700%2C800&ssl=1","width":700,"height":800},{"@type":"BreadcrumbList","@id":"https:\/\/elektrotec.com.br\/loja\/produto\/notebook-lenovo-ideapad-1i-intel-core-i3-1215u-4gb-ram-ssd-256gb-tela-15-6-hd-windows-11-cinza\/#breadcrumb","itemListElement":[{"@type":"ListItem","position":1,"name":"Home","item":"https:\/\/elektrotec.com.br\/loja\/"},{"@type":"ListItem","position":2,"name":"Ofertas do dia \u26a1","item":"https:\/\/elektrotec.com.br\/loja\/loja\/"},{"@type":"ListItem","position":3,"name":"Notebook Lenovo IdeaPad 1i Intel Core I3 1215U 4GB RAM SSD 256GB, Tela 15.6&#8243; HD, Windows 11, Cinza"}]},{"@type":"WebSite","@id":"https:\/\/elektrotec.com.br\/loja\/#website","url":"https:\/\/elektrotec.com.br\/loja\/","name":"Elektrotec Store","description":"Solu\u00e7\u00f5es em Energia e Automa\u00e7\u00e3o Industrial","publisher":{"@id":"https:\/\/elektrotec.com.br\/loja\/#organization"},"potentialAction":[{"@type":"SearchAction","target":{"@type":"EntryPoint","urlTemplate":"https:\/\/elektrotec.com.br\/loja\/?s={search_term_string}"},"query-input":{"@type":"PropertyValueSpecification","valueRequired":true,"valueName":"search_term_string"}}],"inLanguage":"pt-BR"},{"@type":"Organization","@id":"https:\/\/elektrotec.com.br\/loja\/#organization","name":"Elektrotec","url":"https:\/\/elektrotec.com.br\/loja\/","logo":{"@type":"ImageObject","inLanguage":"pt-BR","@id":"https:\/\/elektrotec.com.br\/loja\/#\/schema\/logo\/image\/","url":"https:\/\/i0.wp.com\/elektrotec.com.br\/loja\/wp-content\/uploads\/2025\/05\/Logo-site-Elektrotec-Energy-1.webp?fit=270%2C70&ssl=1","contentUrl":"https:\/\/i0.wp.com\/elektrotec.com.br\/loja\/wp-content\/uploads\/2025\/05\/Logo-site-Elektrotec-Energy-1.webp?fit=270%2C70&ssl=1","width":270,"height":70,"caption":"Elektrotec"},"image":{"@id":"https:\/\/elektrotec.com.br\/loja\/#\/schema\/logo\/image\/"}}]}},"jetpack_sharing_enabled":true,"brands":[],"_links":{"self":[{"href":"https:\/\/elektrotec.com.br\/loja\/wp-json\/wp\/v2\/product\/3815","targetHints":{"allow":["GET"]}}],"collection":[{"href":"https:\/\/elektrotec.com.br\/loja\/wp-json\/wp\/v2\/product"}],"about":[{"href":"https:\/\/elektrotec.com.br\/loja\/wp-json\/wp\/v2\/types\/product"}],"replies":[{"embeddable":true,"href":"https:\/\/elektrotec.com.br\/loja\/wp-json\/wp\/v2\/comments?post=3815"}],"wp:featuredmedia":[{"embeddable":true,"href":"https:\/\/elektrotec.com.br\/loja\/wp-json\/wp\/v2\/media\/3706"}],"wp:attachment":[{"href":"https:\/\/elektrotec.com.br\/loja\/wp-json\/wp\/v2\/media?parent=3815"}],"wp:term":[{"taxonomy":"pwb-brand","embeddable":true,"href":"https:\/\/elektrotec.com.br\/loja\/wp-json\/wp\/v2\/pwb-brand?post=3815"},{"taxonomy":"product_brand","embeddable":true,"href":"https:\/\/elektrotec.com.br\/loja\/wp-json\/wp\/v2\/product_brand?post=3815"},{"taxonomy":"product_cat","embeddable":true,"href":"https:\/\/elektrotec.com.br\/loja\/wp-json\/wp\/v2\/product_cat?post=3815"},{"taxonomy":"product_tag","embeddable":true,"href":"https:\/\/elektrotec.com.br\/loja\/wp-json\/wp\/v2\/product_tag?post=3815"}],"curies":[{"name":"wp","href":"https:\/\/api.w.org\/{rel}","templated":true}]}}