{"id":3798,"date":"2025-01-01T17:41:12","date_gmt":"2025-01-01T20:41:12","guid":{"rendered":"https:\/\/quioske.com.br\/?post_type=product&#038;p=3798"},"modified":"2025-02-28T15:28:43","modified_gmt":"2025-02-28T18:28:43","slug":"notebook-acer-a515-45-r5at-amd-ryzen-5-5500u-8gb-ssd-256gb-156-polegadas-fhd-windows-11-home-bivolt","status":"publish","type":"product","link":"https:\/\/elektrotec.com.br\/loja\/produto\/notebook-acer-a515-45-r5at-amd-ryzen-5-5500u-8gb-ssd-256gb-156-polegadas-fhd-windows-11-home-bivolt\/","title":{"rendered":"Notebook Acer A515-45-R5AT AMD Ryzen 5 5500U 8GB SSD 256Gb 15,6 polegadas FHD Windows 11 home bivolt"},"content":{"rendered":"<div class=\"wpb-content-wrapper\"><p>[vc_row woodmart_css_id=&#8221;6775aaf9b6887&#8243; responsive_spacing=&#8221;eyJwYXJhbV90eXBlIjoid29vZG1hcnRfcmVzcG9uc2l2ZV9zcGFjaW5nIiwic2VsZWN0b3JfaWQiOiI2Nzc1YWFmOWI2ODg3Iiwic2hvcnRjb2RlIjoidmNfcm93IiwiZGF0YSI6eyJ0YWJsZXQiOnt9LCJtb2JpbGUiOnt9fX0=&#8221; mobile_bg_img_hidden=&#8221;no&#8221; tablet_bg_img_hidden=&#8221;no&#8221; woodmart_parallax=&#8221;0&#8243; woodmart_gradient_switch=&#8221;no&#8221; woodmart_box_shadow=&#8221;no&#8221; wd_z_index=&#8221;no&#8221; woodmart_disable_overflow=&#8221;0&#8243; row_reverse_mobile=&#8221;0&#8243; row_reverse_tablet=&#8221;0&#8243; el_id=&#8221;codigo-77814&#8243;][vc_column css=&#8221;.vc_custom_1666272391679{padding-top: 0px !important;}&#8221; woodmart_css_id=&#8221;63514c8260958&#8243; parallax_scroll=&#8221;no&#8221; woodmart_sticky_column=&#8221;false&#8221; wd_collapsible_content_switcher=&#8221;no&#8221; wd_column_role_offcanvas_desktop=&#8221;no&#8221; wd_column_role_offcanvas_tablet=&#8221;no&#8221; wd_column_role_offcanvas_mobile=&#8221;no&#8221; wd_column_role_content_desktop=&#8221;no&#8221; wd_column_role_content_tablet=&#8221;no&#8221; wd_column_role_content_mobile=&#8221;no&#8221; mobile_bg_img_hidden=&#8221;no&#8221; tablet_bg_img_hidden=&#8221;no&#8221; woodmart_parallax=&#8221;0&#8243; woodmart_box_shadow=&#8221;no&#8221; responsive_spacing=&#8221;eyJwYXJhbV90eXBlIjoid29vZG1hcnRfcmVzcG9uc2l2ZV9zcGFjaW5nIiwic2VsZWN0b3JfaWQiOiI2MzUxNGM4MjYwOTU4Iiwic2hvcnRjb2RlIjoidmNfY29sdW1uIiwiZGF0YSI6eyJ0YWJsZXQiOnt9LCJtb2JpbGUiOnt9fX0=&#8221; mobile_reset_margin=&#8221;no&#8221; tablet_reset_margin=&#8221;no&#8221; wd_z_index=&#8221;no&#8221;]\t\t<div id=\"wd-67c1e607350e1\" class=\"wd-text-block wd-wpb reset-last-child wd-rs-67c1e607350e1 text-center vc_custom_1740760787176\">\n\t\t\t<p><img data-recalc-dims=\"1\" loading=\"lazy\" decoding=\"async\" class=\"size-full wp-image-4524 aligncenter\" src=\"https:\/\/i0.wp.com\/elektrotec.com.br\/loja\/wp-content\/uploads\/2025\/01\/Notebook-Acer-A515-45-R5AT-Ryzen-5-8GB-256GB-SSD-Windows-11-Home-NX.AYDAL_.00H.png?resize=1042%2C3690&#038;ssl=1\" alt=\"\" width=\"1042\" height=\"3690\" srcset=\"https:\/\/i0.wp.com\/elektrotec.com.br\/loja\/wp-content\/uploads\/2025\/01\/Notebook-Acer-A515-45-R5AT-Ryzen-5-8GB-256GB-SSD-Windows-11-Home-NX.AYDAL_.00H.png?w=1042&amp;ssl=1 1042w, https:\/\/i0.wp.com\/elektrotec.com.br\/loja\/wp-content\/uploads\/2025\/01\/Notebook-Acer-A515-45-R5AT-Ryzen-5-8GB-256GB-SSD-Windows-11-Home-NX.AYDAL_.00H.png?resize=85%2C300&amp;ssl=1 85w, https:\/\/i0.wp.com\/elektrotec.com.br\/loja\/wp-content\/uploads\/2025\/01\/Notebook-Acer-A515-45-R5AT-Ryzen-5-8GB-256GB-SSD-Windows-11-Home-NX.AYDAL_.00H.png?resize=289%2C1024&amp;ssl=1 289w, https:\/\/i0.wp.com\/elektrotec.com.br\/loja\/wp-content\/uploads\/2025\/01\/Notebook-Acer-A515-45-R5AT-Ryzen-5-8GB-256GB-SSD-Windows-11-Home-NX.AYDAL_.00H.png?resize=768%2C2720&amp;ssl=1 768w, https:\/\/i0.wp.com\/elektrotec.com.br\/loja\/wp-content\/uploads\/2025\/01\/Notebook-Acer-A515-45-R5AT-Ryzen-5-8GB-256GB-SSD-Windows-11-Home-NX.AYDAL_.00H.png?resize=434%2C1536&amp;ssl=1 434w, https:\/\/i0.wp.com\/elektrotec.com.br\/loja\/wp-content\/uploads\/2025\/01\/Notebook-Acer-A515-45-R5AT-Ryzen-5-8GB-256GB-SSD-Windows-11-Home-NX.AYDAL_.00H.png?resize=578%2C2048&amp;ssl=1 578w, https:\/\/i0.wp.com\/elektrotec.com.br\/loja\/wp-content\/uploads\/2025\/01\/Notebook-Acer-A515-45-R5AT-Ryzen-5-8GB-256GB-SSD-Windows-11-Home-NX.AYDAL_.00H.png?resize=150%2C531&amp;ssl=1 150w\" sizes=\"auto, (max-width: 1000px) 100vw, 1000px\" \/><\/p>\n\t\t<\/div>\n\t\t[\/vc_column][\/vc_row][vc_row][vc_column woodmart_css_id=&#8221;667c81fba6236&#8243; parallax_scroll=&#8221;no&#8221; woodmart_sticky_column=&#8221;false&#8221; wd_collapsible_content_switcher=&#8221;no&#8221; wd_column_role_offcanvas_desktop=&#8221;no&#8221; wd_column_role_offcanvas_tablet=&#8221;no&#8221; wd_column_role_offcanvas_mobile=&#8221;no&#8221; wd_column_role_content_desktop=&#8221;no&#8221; wd_column_role_content_tablet=&#8221;no&#8221; wd_column_role_content_mobile=&#8221;no&#8221; mobile_bg_img_hidden=&#8221;no&#8221; tablet_bg_img_hidden=&#8221;no&#8221; woodmart_parallax=&#8221;0&#8243; woodmart_box_shadow=&#8221;no&#8221; responsive_spacing=&#8221;eyJwYXJhbV90eXBlIjoid29vZG1hcnRfcmVzcG9uc2l2ZV9zcGFjaW5nIiwic2VsZWN0b3JfaWQiOiI2NjdjODFmYmE2MjM2Iiwic2hvcnRjb2RlIjoidmNfY29sdW1uIiwiZGF0YSI6eyJ0YWJsZXQiOnt9LCJtb2JpbGUiOnt9fX0=&#8221; mobile_reset_margin=&#8221;no&#8221; tablet_reset_margin=&#8221;no&#8221; wd_z_index=&#8221;no&#8221; css=&#8221;.vc_custom_1719435784581{margin-top: -60px !important;}&#8221;][vc_separator border_width=&#8221;3&#8243; css=&#8221;.vc_custom_1731708518955{margin-top: 50px !important;margin-bottom: 50px !important;}&#8221; wd_hide_on_desktop=&#8221;no&#8221; wd_hide_on_tablet=&#8221;no&#8221; wd_hide_on_mobile=&#8221;no&#8221;][\/vc_column][\/vc_row][vc_row woodmart_css_id=&#8221;6351519a61682&#8243; responsive_spacing=&#8221;eyJwYXJhbV90eXBlIjoid29vZG1hcnRfcmVzcG9uc2l2ZV9zcGFjaW5nIiwic2VsZWN0b3JfaWQiOiI2MzUxNTE5YTYxNjgyIiwic2hvcnRjb2RlIjoidmNfcm93IiwiZGF0YSI6eyJ0YWJsZXQiOnt9LCJtb2JpbGUiOnt9fX0=&#8221; mobile_bg_img_hidden=&#8221;no&#8221; tablet_bg_img_hidden=&#8221;no&#8221; woodmart_parallax=&#8221;0&#8243; woodmart_gradient_switch=&#8221;no&#8221; woodmart_box_shadow=&#8221;no&#8221; wd_z_index=&#8221;no&#8221; woodmart_disable_overflow=&#8221;0&#8243; row_reverse_mobile=&#8221;0&#8243; row_reverse_tablet=&#8221;0&#8243;][vc_column css=&#8221;.vc_custom_1669033735057{padding-top: 0px !important;}&#8221; woodmart_css_id=&#8221;637b6f036ef34&#8243; parallax_scroll=&#8221;no&#8221; woodmart_sticky_column=&#8221;false&#8221; wd_collapsible_content_switcher=&#8221;no&#8221; wd_column_role_offcanvas_desktop=&#8221;no&#8221; wd_column_role_offcanvas_tablet=&#8221;no&#8221; wd_column_role_offcanvas_mobile=&#8221;no&#8221; wd_column_role_content_desktop=&#8221;no&#8221; wd_column_role_content_tablet=&#8221;no&#8221; wd_column_role_content_mobile=&#8221;no&#8221; mobile_bg_img_hidden=&#8221;no&#8221; tablet_bg_img_hidden=&#8221;no&#8221; woodmart_parallax=&#8221;0&#8243; woodmart_box_shadow=&#8221;no&#8221; responsive_spacing=&#8221;eyJwYXJhbV90eXBlIjoid29vZG1hcnRfcmVzcG9uc2l2ZV9zcGFjaW5nIiwic2VsZWN0b3JfaWQiOiI2MzdiNmYwMzZlZjM0Iiwic2hvcnRjb2RlIjoidmNfY29sdW1uIiwiZGF0YSI6eyJ0YWJsZXQiOnt9LCJtb2JpbGUiOnt9fX0=&#8221; mobile_reset_margin=&#8221;no&#8221; tablet_reset_margin=&#8221;no&#8221; wd_z_index=&#8221;no&#8221;]\n\t\t<div id=\"wd-667ca27edb170\" class=\"title-wrapper wd-wpb wd-set-mb reset-last-child  wd-rs-667ca27edb170 wd-title-color-default wd-title-style-default text-left vc_custom_1719444410298 wd-underline-colored\">\n\t\t\t\n\t\t\t<div class=\"liner-continer\">\n\t\t\t\t<h4 class=\"woodmart-title-container title  wd-font-weight-700 wd-fontsize-l\" >\ud83d\udccc Especifica\u00e7\u00f5es T\u00e9cnicas:<\/h4>\n\t\t\t\t\t\t\t<\/div>\n\t\t\t\n\t\t\t\n\t\t\t\n\t\t<\/div>\n\t\t\n\t\t\t\t<div id=\"wd-67c1e6e82a428\" class=\"wd-text-block wd-wpb reset-last-child wd-rs-67c1e6e82a428 text-left vc_custom_1740760897012\">\n\t\t\t<h4>O\u00a0<strong>Notebook Acer A515-45-R5AT<\/strong><\/h4>\n<p>\u00c9 uma excelente escolha para quem busca desempenho e praticidade em um s\u00f3 dispositivo. Equipado com um processador AMD Ryzen 5, ele oferece pot\u00eancia suficiente para realizar multitarefas com fluidez. Com 8GB de RAM, voc\u00ea pode alternar entre aplicativos sem comprometer a velocidade, enquanto o SSD de 256GB garante armazenamento r\u00e1pido e eficiente, reduzindo significativamente o tempo de inicializa\u00e7\u00e3o e carregamento de programas. A tela de 15,6 polegadas com resolu\u00e7\u00e3o Full HD proporciona imagens n\u00edtidas e detalhadas, tornando-o ideal tanto para trabalho quanto para entretenimento. Com o Windows 11 Home pr\u00e9-instalado, o Acer A515-45-R5AT oferece uma interface moderna e intuitiva, com recursos aprimorados para produtividade e conectividade. Seu design elegante e compacto facilita o transporte, permitindo que voc\u00ea leve seu trabalho ou divers\u00e3o para qualquer lugar. Al\u00e9m disso, a bateria de longa dura\u00e7\u00e3o garante horas de uso cont\u00ednuo sem a necessidade de recarga frequente. Se voc\u00ea precisa de um notebook confi\u00e1vel para o dia a dia, o Acer A515-45-R5AT \u00e9 uma escolha que alia performance, estilo e efici\u00eancia.<\/p>\n<h4><\/h4>\n<h4>Fabricante:<\/h4>\n<ul>\n<li>Acer<\/li>\n<\/ul>\n<h4 class=\"sc-7e0ca514-1 GiPKU\">Sistema Operacional e Processador:<\/h4>\n<ul>\n<li class=\"sc-7e0ca514-1 GiPKU\">Sistema Operacional: Windows 11 Home 64-bits.<\/li>\n<li class=\"sc-7e0ca514-1 GiPKU\">Processador: AMD Ryzen\u2122 5 5500U com 6 n\u00facleos.<\/li>\n<li class=\"sc-7e0ca514-1 GiPKU\">Frequ\u00eancia: at\u00e9 4.0 GHz.<\/li>\n<li class=\"sc-7e0ca514-1 GiPKU\">Placa Gr\u00e1fica: AMD Radeon\u2122 Graphics com mem\u00f3ria compartilhada com a mem\u00f3ria RAM.<\/li>\n<li class=\"sc-7e0ca514-1 GiPKU\">Teclado: ABNT 2.<\/li>\n<\/ul>\n<h4 class=\"sc-7e0ca514-1 GiPKU\">Memoria:<\/h4>\n<ul>\n<li class=\"sc-7e0ca514-1 GiPKU\">Memoria: 8 GB RAM DDR4.<\/li>\n<\/ul>\n<h4 class=\"sc-7e0ca514-1 GiPKU\">Armazenamento:<\/h4>\n<ul>\n<li class=\"sc-7e0ca514-1 GiPKU\">Armazenamento: 256 GB SSD.<\/li>\n<\/ul>\n<h4 class=\"sc-7e0ca514-1 GiPKU\">Tela:<\/h4>\n<ul>\n<li class=\"sc-7e0ca514-1 GiPKU\">Tamanho da Tela: 15,6\u201d.<\/li>\n<li class=\"sc-7e0ca514-1 GiPKU\">Resolu\u00e7\u00e3o: Full HD (1920 x 1080).<\/li>\n<li class=\"sc-7e0ca514-1 GiPKU\">Taxa de atualiza\u00e7\u00e3o: 60 Hz.<\/li>\n<li class=\"sc-7e0ca514-1 GiPKU\">Brilho: 250 nits.<\/li>\n<\/ul>\n<h4 class=\"sc-7e0ca514-1 GiPKU\">Bateria:<\/h4>\n<ul>\n<li class=\"sc-7e0ca514-1 GiPKU\">Bateria: De at\u00e9 4343mAh.<\/li>\n<\/ul>\n<h4 class=\"sc-7e0ca514-1 GiPKU\">Conectividade:<\/h4>\n<ul>\n<li>Wireless 802.11 a\/b\/g\/n\/ac.<\/li>\n<li>Suporte ao Wi-Fi 6.<\/li>\n<li>Bluetooth 5.0.<\/li>\n<li>LAN rede com cabo RJ-45.<\/li>\n<li>Gigabit Ethernet.<\/li>\n<\/ul>\n<h4>Especifica\u00e7\u00f5es T\u00e9cnicas:<\/h4>\n<ul>\n<li>Marca: Acer.<\/li>\n<li>Modelo: Aspire 5\u00a0A515-45-R5AT R55500U<\/li>\n<li>Dimens\u00f5es do produto (LxAxP): 36,3 x 1,7 x 25cm.<\/li>\n<li>Peso: 1,7kg.<\/li>\n<\/ul>\n<h4>Conte\u00fado da embalagem:<\/h4>\n<ul>\n<li>01 Notebook Acer Aspire 5.<\/li>\n<li>01 Fonte carregadora do notebook.<\/li>\n<li>Manual de instru\u00e7\u00f5es.<\/li>\n<li>Garantia do Fornecedor: 1 Ano (contra defeitos de fabrica\u00e7\u00e3o).<\/li>\n<li>Imagem meramente ilustrativa.<\/li>\n<li>Informa\u00e7\u00f5es sujeitas a altera\u00e7\u00f5es sem aviso pr\u00e9vio<\/li>\n<\/ul>\n<h4>Peso e dimens\u00f5es do produto:<\/h4>\n<ul>\n<li>Peso: 1,7kg<\/li>\n<li>Dimens\u00f5es: 36,3 x 1,7 x 25cm (LxAxP)<\/li>\n<\/ul>\n<h4>Garantia do Fornecedor:<\/h4>\n<ul>\n<li>Garantia de 12 Meses<\/li>\n<\/ul>\n\t\t<\/div>\n\t\t[\/vc_column][\/vc_row]<\/p>\n<\/div>","protected":false},"excerpt":{"rendered":"<p><strong>C\u00f3digo:<\/strong> <a href=\"#\">77814<\/a>\u00a0 \u00a0<strong>|<\/strong>\u00a0 \u00a0<strong>Mais produtos:<\/strong> <a href=\"https:\/\/elektrotec.com.br\/loja\/loja\/?filter_marcas=acer\">Acer<\/a>\u00a0 \u00a0<strong>|<\/strong>\u00a0 \u00a0<a href=\"https:\/\/elektrotec.com.br\/loja\/produto\/notebook-acer-a515-45-r5at-amd-ryzen-5-5500u-8gb-ssd-256gb-156-fhd-windows-11-home-bivolt\/#codigo-77814\"><strong>Descri\u00e7\u00e3o do produto<\/strong><\/a><\/p>\n","protected":false},"featured_media":3801,"comment_status":"open","ping_status":"closed","template":"","meta":{"pagelayer_contact_templates":[],"_pagelayer_content":"","_mbp_gutenberg_autopost":false},"pwb-brand":[],"product_brand":[],"product_cat":[60,56,25],"product_tag":[],"class_list":{"0":"post-3798","1":"product","2":"type-product","3":"status-publish","4":"has-post-thumbnail","6":"product_cat-notebook-amd","7":"product_cat-notebooks","8":"product_cat-tecnologia-e-informatica","9":"product_shipping_class-logistica-quioske","11":"first","12":"instock","13":"featured","14":"shipping-taxable","15":"purchasable","16":"product-type-simple"},"yoast_head":"<!-- This site is optimized with the Yoast SEO plugin v27.2 - https:\/\/yoast.com\/product\/yoast-seo-wordpress\/ -->\n<title>Notebook Acer A515-45-R5AT AMD Ryzen 5500U 8GB SSD 256G<\/title>\n<meta name=\"description\" content=\"Notebook Acer A515-45-R5AT com um processador AMD Ryzen 5 \u00e9 uma excelente escolha. Realize multitarefas com fluidez, desempenho e praticidade.\" \/>\n<meta name=\"robots\" content=\"index, follow, max-snippet:-1, max-image-preview:large, max-video-preview:-1\" \/>\n<link rel=\"canonical\" href=\"https:\/\/elektrotec.com.br\/loja\/produto\/notebook-acer-a515-45-r5at-amd-ryzen-5-5500u-8gb-ssd-256gb-156-polegadas-fhd-windows-11-home-bivolt\/\" \/>\n<meta property=\"og:locale\" content=\"pt_BR\" \/>\n<meta property=\"og:type\" content=\"article\" \/>\n<meta property=\"og:title\" content=\"Notebook Acer A515-45-R5AT AMD Ryzen 5500U 8GB SSD 256G\" \/>\n<meta property=\"og:description\" content=\"Notebook Acer A515-45-R5AT com um processador AMD Ryzen 5 \u00e9 uma excelente escolha. Realize multitarefas com fluidez, desempenho e praticidade.\" \/>\n<meta property=\"og:url\" content=\"https:\/\/elektrotec.com.br\/loja\/produto\/notebook-acer-a515-45-r5at-amd-ryzen-5-5500u-8gb-ssd-256gb-156-polegadas-fhd-windows-11-home-bivolt\/\" \/>\n<meta property=\"og:site_name\" content=\"Elektrotec Store\" \/>\n<meta property=\"article:modified_time\" content=\"2025-02-28T18:28:43+00:00\" \/>\n<meta property=\"og:image\" content=\"https:\/\/elektrotec.com.br\/loja\/wp-content\/uploads\/2025\/01\/Notebook-Acer-A515-45-r5at-Amd-Ryzen-5-5500u-8GB-SSD-256gb-156-Fhd-WINDOWS-11-Home-Bivolt-0.jpg\" \/>\n\t<meta property=\"og:image:width\" content=\"700\" \/>\n\t<meta property=\"og:image:height\" content=\"800\" \/>\n\t<meta property=\"og:image:type\" content=\"image\/jpeg\" \/>\n<meta name=\"twitter:card\" content=\"summary_large_image\" \/>\n<meta name=\"twitter:label1\" content=\"Est. tempo de leitura\" \/>\n\t<meta name=\"twitter:data1\" content=\"3 minutos\" \/>\n<script type=\"application\/ld+json\" class=\"yoast-schema-graph\">{\"@context\":\"https:\/\/schema.org\",\"@graph\":[{\"@type\":\"WebPage\",\"@id\":\"https:\/\/elektrotec.com.br\/loja\/produto\/notebook-acer-a515-45-r5at-amd-ryzen-5-5500u-8gb-ssd-256gb-156-polegadas-fhd-windows-11-home-bivolt\/\",\"url\":\"https:\/\/elektrotec.com.br\/loja\/produto\/notebook-acer-a515-45-r5at-amd-ryzen-5-5500u-8gb-ssd-256gb-156-polegadas-fhd-windows-11-home-bivolt\/\",\"name\":\"Notebook Acer A515-45-R5AT AMD Ryzen 5500U 8GB SSD 256G\",\"isPartOf\":{\"@id\":\"https:\/\/elektrotec.com.br\/loja\/#website\"},\"primaryImageOfPage\":{\"@id\":\"https:\/\/elektrotec.com.br\/loja\/produto\/notebook-acer-a515-45-r5at-amd-ryzen-5-5500u-8gb-ssd-256gb-156-polegadas-fhd-windows-11-home-bivolt\/#primaryimage\"},\"image\":{\"@id\":\"https:\/\/elektrotec.com.br\/loja\/produto\/notebook-acer-a515-45-r5at-amd-ryzen-5-5500u-8gb-ssd-256gb-156-polegadas-fhd-windows-11-home-bivolt\/#primaryimage\"},\"thumbnailUrl\":\"https:\/\/i0.wp.com\/elektrotec.com.br\/loja\/wp-content\/uploads\/2025\/01\/Notebook-Acer-A515-45-r5at-Amd-Ryzen-5-5500u-8GB-SSD-256gb-156-Fhd-WINDOWS-11-Home-Bivolt-0.jpg?fit=700%2C800&ssl=1\",\"datePublished\":\"2025-01-01T20:41:12+00:00\",\"dateModified\":\"2025-02-28T18:28:43+00:00\",\"description\":\"Notebook Acer A515-45-R5AT com um processador AMD Ryzen 5 \u00e9 uma excelente escolha. Realize multitarefas com fluidez, desempenho e praticidade.\",\"breadcrumb\":{\"@id\":\"https:\/\/elektrotec.com.br\/loja\/produto\/notebook-acer-a515-45-r5at-amd-ryzen-5-5500u-8gb-ssd-256gb-156-polegadas-fhd-windows-11-home-bivolt\/#breadcrumb\"},\"inLanguage\":\"pt-BR\",\"potentialAction\":[{\"@type\":\"ReadAction\",\"target\":[\"https:\/\/elektrotec.com.br\/loja\/produto\/notebook-acer-a515-45-r5at-amd-ryzen-5-5500u-8gb-ssd-256gb-156-polegadas-fhd-windows-11-home-bivolt\/\"]}]},{\"@type\":\"ImageObject\",\"inLanguage\":\"pt-BR\",\"@id\":\"https:\/\/elektrotec.com.br\/loja\/produto\/notebook-acer-a515-45-r5at-amd-ryzen-5-5500u-8gb-ssd-256gb-156-polegadas-fhd-windows-11-home-bivolt\/#primaryimage\",\"url\":\"https:\/\/i0.wp.com\/elektrotec.com.br\/loja\/wp-content\/uploads\/2025\/01\/Notebook-Acer-A515-45-r5at-Amd-Ryzen-5-5500u-8GB-SSD-256gb-156-Fhd-WINDOWS-11-Home-Bivolt-0.jpg?fit=700%2C800&ssl=1\",\"contentUrl\":\"https:\/\/i0.wp.com\/elektrotec.com.br\/loja\/wp-content\/uploads\/2025\/01\/Notebook-Acer-A515-45-r5at-Amd-Ryzen-5-5500u-8GB-SSD-256gb-156-Fhd-WINDOWS-11-Home-Bivolt-0.jpg?fit=700%2C800&ssl=1\",\"width\":700,\"height\":800},{\"@type\":\"BreadcrumbList\",\"@id\":\"https:\/\/elektrotec.com.br\/loja\/produto\/notebook-acer-a515-45-r5at-amd-ryzen-5-5500u-8gb-ssd-256gb-156-polegadas-fhd-windows-11-home-bivolt\/#breadcrumb\",\"itemListElement\":[{\"@type\":\"ListItem\",\"position\":1,\"name\":\"Home\",\"item\":\"https:\/\/elektrotec.com.br\/loja\/\"},{\"@type\":\"ListItem\",\"position\":2,\"name\":\"Ofertas do dia \u26a1\",\"item\":\"https:\/\/elektrotec.com.br\/loja\/loja\/\"},{\"@type\":\"ListItem\",\"position\":3,\"name\":\"Notebook Acer A515-45-R5AT AMD Ryzen 5 5500U 8GB SSD 256Gb 15,6 polegadas FHD Windows 11 home bivolt\"}]},{\"@type\":\"WebSite\",\"@id\":\"https:\/\/elektrotec.com.br\/loja\/#website\",\"url\":\"https:\/\/elektrotec.com.br\/loja\/\",\"name\":\"Elektrotec Store\",\"description\":\"Solu\u00e7\u00f5es em Energia e Automa\u00e7\u00e3o Industrial\",\"publisher\":{\"@id\":\"https:\/\/elektrotec.com.br\/loja\/#organization\"},\"potentialAction\":[{\"@type\":\"SearchAction\",\"target\":{\"@type\":\"EntryPoint\",\"urlTemplate\":\"https:\/\/elektrotec.com.br\/loja\/?s={search_term_string}\"},\"query-input\":{\"@type\":\"PropertyValueSpecification\",\"valueRequired\":true,\"valueName\":\"search_term_string\"}}],\"inLanguage\":\"pt-BR\"},{\"@type\":\"Organization\",\"@id\":\"https:\/\/elektrotec.com.br\/loja\/#organization\",\"name\":\"Elektrotec\",\"url\":\"https:\/\/elektrotec.com.br\/loja\/\",\"logo\":{\"@type\":\"ImageObject\",\"inLanguage\":\"pt-BR\",\"@id\":\"https:\/\/elektrotec.com.br\/loja\/#\/schema\/logo\/image\/\",\"url\":\"https:\/\/i0.wp.com\/elektrotec.com.br\/loja\/wp-content\/uploads\/2025\/05\/Logo-site-Elektrotec-Energy-1.webp?fit=270%2C70&ssl=1\",\"contentUrl\":\"https:\/\/i0.wp.com\/elektrotec.com.br\/loja\/wp-content\/uploads\/2025\/05\/Logo-site-Elektrotec-Energy-1.webp?fit=270%2C70&ssl=1\",\"width\":270,\"height\":70,\"caption\":\"Elektrotec\"},\"image\":{\"@id\":\"https:\/\/elektrotec.com.br\/loja\/#\/schema\/logo\/image\/\"}}]}<\/script>\n<!-- \/ Yoast SEO plugin. -->","yoast_head_json":{"title":"Notebook Acer A515-45-R5AT AMD Ryzen 5500U 8GB SSD 256G","description":"Notebook Acer A515-45-R5AT com um processador AMD Ryzen 5 \u00e9 uma excelente escolha. Realize multitarefas com fluidez, desempenho e praticidade.","robots":{"index":"index","follow":"follow","max-snippet":"max-snippet:-1","max-image-preview":"max-image-preview:large","max-video-preview":"max-video-preview:-1"},"canonical":"https:\/\/elektrotec.com.br\/loja\/produto\/notebook-acer-a515-45-r5at-amd-ryzen-5-5500u-8gb-ssd-256gb-156-polegadas-fhd-windows-11-home-bivolt\/","og_locale":"pt_BR","og_type":"article","og_title":"Notebook Acer A515-45-R5AT AMD Ryzen 5500U 8GB SSD 256G","og_description":"Notebook Acer A515-45-R5AT com um processador AMD Ryzen 5 \u00e9 uma excelente escolha. Realize multitarefas com fluidez, desempenho e praticidade.","og_url":"https:\/\/elektrotec.com.br\/loja\/produto\/notebook-acer-a515-45-r5at-amd-ryzen-5-5500u-8gb-ssd-256gb-156-polegadas-fhd-windows-11-home-bivolt\/","og_site_name":"Elektrotec Store","article_modified_time":"2025-02-28T18:28:43+00:00","og_image":[{"width":700,"height":800,"url":"https:\/\/elektrotec.com.br\/loja\/wp-content\/uploads\/2025\/01\/Notebook-Acer-A515-45-r5at-Amd-Ryzen-5-5500u-8GB-SSD-256gb-156-Fhd-WINDOWS-11-Home-Bivolt-0.jpg","type":"image\/jpeg"}],"twitter_card":"summary_large_image","twitter_misc":{"Est. tempo de leitura":"3 minutos"},"schema":{"@context":"https:\/\/schema.org","@graph":[{"@type":"WebPage","@id":"https:\/\/elektrotec.com.br\/loja\/produto\/notebook-acer-a515-45-r5at-amd-ryzen-5-5500u-8gb-ssd-256gb-156-polegadas-fhd-windows-11-home-bivolt\/","url":"https:\/\/elektrotec.com.br\/loja\/produto\/notebook-acer-a515-45-r5at-amd-ryzen-5-5500u-8gb-ssd-256gb-156-polegadas-fhd-windows-11-home-bivolt\/","name":"Notebook Acer A515-45-R5AT AMD Ryzen 5500U 8GB SSD 256G","isPartOf":{"@id":"https:\/\/elektrotec.com.br\/loja\/#website"},"primaryImageOfPage":{"@id":"https:\/\/elektrotec.com.br\/loja\/produto\/notebook-acer-a515-45-r5at-amd-ryzen-5-5500u-8gb-ssd-256gb-156-polegadas-fhd-windows-11-home-bivolt\/#primaryimage"},"image":{"@id":"https:\/\/elektrotec.com.br\/loja\/produto\/notebook-acer-a515-45-r5at-amd-ryzen-5-5500u-8gb-ssd-256gb-156-polegadas-fhd-windows-11-home-bivolt\/#primaryimage"},"thumbnailUrl":"https:\/\/i0.wp.com\/elektrotec.com.br\/loja\/wp-content\/uploads\/2025\/01\/Notebook-Acer-A515-45-r5at-Amd-Ryzen-5-5500u-8GB-SSD-256gb-156-Fhd-WINDOWS-11-Home-Bivolt-0.jpg?fit=700%2C800&ssl=1","datePublished":"2025-01-01T20:41:12+00:00","dateModified":"2025-02-28T18:28:43+00:00","description":"Notebook Acer A515-45-R5AT com um processador AMD Ryzen 5 \u00e9 uma excelente escolha. Realize multitarefas com fluidez, desempenho e praticidade.","breadcrumb":{"@id":"https:\/\/elektrotec.com.br\/loja\/produto\/notebook-acer-a515-45-r5at-amd-ryzen-5-5500u-8gb-ssd-256gb-156-polegadas-fhd-windows-11-home-bivolt\/#breadcrumb"},"inLanguage":"pt-BR","potentialAction":[{"@type":"ReadAction","target":["https:\/\/elektrotec.com.br\/loja\/produto\/notebook-acer-a515-45-r5at-amd-ryzen-5-5500u-8gb-ssd-256gb-156-polegadas-fhd-windows-11-home-bivolt\/"]}]},{"@type":"ImageObject","inLanguage":"pt-BR","@id":"https:\/\/elektrotec.com.br\/loja\/produto\/notebook-acer-a515-45-r5at-amd-ryzen-5-5500u-8gb-ssd-256gb-156-polegadas-fhd-windows-11-home-bivolt\/#primaryimage","url":"https:\/\/i0.wp.com\/elektrotec.com.br\/loja\/wp-content\/uploads\/2025\/01\/Notebook-Acer-A515-45-r5at-Amd-Ryzen-5-5500u-8GB-SSD-256gb-156-Fhd-WINDOWS-11-Home-Bivolt-0.jpg?fit=700%2C800&ssl=1","contentUrl":"https:\/\/i0.wp.com\/elektrotec.com.br\/loja\/wp-content\/uploads\/2025\/01\/Notebook-Acer-A515-45-r5at-Amd-Ryzen-5-5500u-8GB-SSD-256gb-156-Fhd-WINDOWS-11-Home-Bivolt-0.jpg?fit=700%2C800&ssl=1","width":700,"height":800},{"@type":"BreadcrumbList","@id":"https:\/\/elektrotec.com.br\/loja\/produto\/notebook-acer-a515-45-r5at-amd-ryzen-5-5500u-8gb-ssd-256gb-156-polegadas-fhd-windows-11-home-bivolt\/#breadcrumb","itemListElement":[{"@type":"ListItem","position":1,"name":"Home","item":"https:\/\/elektrotec.com.br\/loja\/"},{"@type":"ListItem","position":2,"name":"Ofertas do dia \u26a1","item":"https:\/\/elektrotec.com.br\/loja\/loja\/"},{"@type":"ListItem","position":3,"name":"Notebook Acer A515-45-R5AT AMD Ryzen 5 5500U 8GB SSD 256Gb 15,6 polegadas FHD Windows 11 home bivolt"}]},{"@type":"WebSite","@id":"https:\/\/elektrotec.com.br\/loja\/#website","url":"https:\/\/elektrotec.com.br\/loja\/","name":"Elektrotec Store","description":"Solu\u00e7\u00f5es em Energia e Automa\u00e7\u00e3o Industrial","publisher":{"@id":"https:\/\/elektrotec.com.br\/loja\/#organization"},"potentialAction":[{"@type":"SearchAction","target":{"@type":"EntryPoint","urlTemplate":"https:\/\/elektrotec.com.br\/loja\/?s={search_term_string}"},"query-input":{"@type":"PropertyValueSpecification","valueRequired":true,"valueName":"search_term_string"}}],"inLanguage":"pt-BR"},{"@type":"Organization","@id":"https:\/\/elektrotec.com.br\/loja\/#organization","name":"Elektrotec","url":"https:\/\/elektrotec.com.br\/loja\/","logo":{"@type":"ImageObject","inLanguage":"pt-BR","@id":"https:\/\/elektrotec.com.br\/loja\/#\/schema\/logo\/image\/","url":"https:\/\/i0.wp.com\/elektrotec.com.br\/loja\/wp-content\/uploads\/2025\/05\/Logo-site-Elektrotec-Energy-1.webp?fit=270%2C70&ssl=1","contentUrl":"https:\/\/i0.wp.com\/elektrotec.com.br\/loja\/wp-content\/uploads\/2025\/05\/Logo-site-Elektrotec-Energy-1.webp?fit=270%2C70&ssl=1","width":270,"height":70,"caption":"Elektrotec"},"image":{"@id":"https:\/\/elektrotec.com.br\/loja\/#\/schema\/logo\/image\/"}}]}},"jetpack_sharing_enabled":true,"brands":[],"_links":{"self":[{"href":"https:\/\/elektrotec.com.br\/loja\/wp-json\/wp\/v2\/product\/3798","targetHints":{"allow":["GET"]}}],"collection":[{"href":"https:\/\/elektrotec.com.br\/loja\/wp-json\/wp\/v2\/product"}],"about":[{"href":"https:\/\/elektrotec.com.br\/loja\/wp-json\/wp\/v2\/types\/product"}],"replies":[{"embeddable":true,"href":"https:\/\/elektrotec.com.br\/loja\/wp-json\/wp\/v2\/comments?post=3798"}],"wp:featuredmedia":[{"embeddable":true,"href":"https:\/\/elektrotec.com.br\/loja\/wp-json\/wp\/v2\/media\/3801"}],"wp:attachment":[{"href":"https:\/\/elektrotec.com.br\/loja\/wp-json\/wp\/v2\/media?parent=3798"}],"wp:term":[{"taxonomy":"pwb-brand","embeddable":true,"href":"https:\/\/elektrotec.com.br\/loja\/wp-json\/wp\/v2\/pwb-brand?post=3798"},{"taxonomy":"product_brand","embeddable":true,"href":"https:\/\/elektrotec.com.br\/loja\/wp-json\/wp\/v2\/product_brand?post=3798"},{"taxonomy":"product_cat","embeddable":true,"href":"https:\/\/elektrotec.com.br\/loja\/wp-json\/wp\/v2\/product_cat?post=3798"},{"taxonomy":"product_tag","embeddable":true,"href":"https:\/\/elektrotec.com.br\/loja\/wp-json\/wp\/v2\/product_tag?post=3798"}],"curies":[{"name":"wp","href":"https:\/\/api.w.org\/{rel}","templated":true}]}}