{"id":3698,"date":"2024-12-28T20:18:02","date_gmt":"2024-12-28T23:18:02","guid":{"rendered":"https:\/\/quioske.com.br\/?post_type=product&#038;p=3698"},"modified":"2025-02-27T19:30:44","modified_gmt":"2025-02-27T22:30:44","slug":"notebook-lenovo-ideapad-1i-intel-core-i3-1215u-4gb-ssd-128gb-intel-uhd-linux-15-6-polegadas-cloud-grey","status":"publish","type":"product","link":"https:\/\/elektrotec.com.br\/loja\/produto\/notebook-lenovo-ideapad-1i-intel-core-i3-1215u-4gb-ssd-128gb-intel-uhd-linux-15-6-polegadas-cloud-grey\/","title":{"rendered":"Notebook Lenovo Ideapad 1i, Intel Core I3 1215U, 4GB, SSD 128GB, Intel UHD, Linux 15.6 polegadas Cloud Grey"},"content":{"rendered":"<div class=\"wpb-content-wrapper\"><p>[vc_row woodmart_css_id=&#8221;677090282d224&#8243; responsive_spacing=&#8221;eyJwYXJhbV90eXBlIjoid29vZG1hcnRfcmVzcG9uc2l2ZV9zcGFjaW5nIiwic2VsZWN0b3JfaWQiOiI2NzcwOTAyODJkMjI0Iiwic2hvcnRjb2RlIjoidmNfcm93IiwiZGF0YSI6eyJ0YWJsZXQiOnt9LCJtb2JpbGUiOnt9fX0=&#8221; mobile_bg_img_hidden=&#8221;no&#8221; tablet_bg_img_hidden=&#8221;no&#8221; woodmart_parallax=&#8221;0&#8243; woodmart_gradient_switch=&#8221;no&#8221; woodmart_box_shadow=&#8221;no&#8221; wd_z_index=&#8221;no&#8221; woodmart_disable_overflow=&#8221;0&#8243; row_reverse_mobile=&#8221;0&#8243; row_reverse_tablet=&#8221;0&#8243; el_id=&#8221;codigo-78359&#8243;][vc_column css=&#8221;.vc_custom_1666272391679{padding-top: 0px !important;}&#8221; woodmart_css_id=&#8221;63514c8260958&#8243; parallax_scroll=&#8221;no&#8221; woodmart_sticky_column=&#8221;false&#8221; wd_collapsible_content_switcher=&#8221;no&#8221; wd_column_role_offcanvas_desktop=&#8221;no&#8221; wd_column_role_offcanvas_tablet=&#8221;no&#8221; wd_column_role_offcanvas_mobile=&#8221;no&#8221; wd_column_role_content_desktop=&#8221;no&#8221; wd_column_role_content_tablet=&#8221;no&#8221; wd_column_role_content_mobile=&#8221;no&#8221; mobile_bg_img_hidden=&#8221;no&#8221; tablet_bg_img_hidden=&#8221;no&#8221; woodmart_parallax=&#8221;0&#8243; woodmart_box_shadow=&#8221;no&#8221; responsive_spacing=&#8221;eyJwYXJhbV90eXBlIjoid29vZG1hcnRfcmVzcG9uc2l2ZV9zcGFjaW5nIiwic2VsZWN0b3JfaWQiOiI2MzUxNGM4MjYwOTU4Iiwic2hvcnRjb2RlIjoidmNfY29sdW1uIiwiZGF0YSI6eyJ0YWJsZXQiOnt9LCJtb2JpbGUiOnt9fX0=&#8221; mobile_reset_margin=&#8221;no&#8221; tablet_reset_margin=&#8221;no&#8221; wd_z_index=&#8221;no&#8221;]\t\t<div id=\"wd-67c0e768525d7\" class=\"wd-text-block wd-wpb reset-last-child wd-rs-67c0e768525d7 text-left vc_custom_1740695446225\">\n\t\t\t<h4 style=\"text-align: left;\"><span class=\"sc-dcJsrY jZKEso\" data-testid=\"product-detail-title\">Notebook Lenovo IdeaPad 1 15IAU7 Intel Core i3-1215U HD 15.6&#8243; TN Intel UHD Graphics SSD de 128GB PCIe NVMe M.2 4GB soldado DDR4-3200 RAM Linux<\/span><\/h4>\n<p>O notebook Lenovo IdeaPadTM 1i eleva sua categoria de notebooks com um processador Intel\u00ae supereficiente de 12a gera\u00e7\u00e3o em um chassi fino e compacto de 17,9 mm que facilita a multitarefa enquanto aumenta a efici\u00eancia energ\u00e9tica com at\u00e9 11 horas de dura\u00e7\u00e3o da bateria e carga r\u00e1pida. Obtenha aproveitamento m\u00e1ximo da tela com as molduras super estreitas e Flip to Start para inicializa\u00e7\u00e3o instant\u00e2nea. Otimize sua experi\u00eancia de chamada de v\u00eddeo com uma c\u00e2mera de 1MP que vem com um obturador de privacidade para afastar os olhos curiosos e o Cancelamento de Ru\u00eddo Inteligente para cortar o ru\u00eddo de fundo no seu microfone.<\/p>\n<div class=\"sc-iGgWBj jEOEJZ sc-bcsDfE giNAA-d\" data-testid=\"product-detail-description\">\n<div class=\"sc-iGgWBj eWtIHQ sc-iMkDte dAHgHd\" data-testid=\"rich-content-container\">\n<p style=\"text-align: left;\">Com um processador Intel\u00ae de 12a gera\u00e7\u00e3o em seu laptop, voc\u00ea pode, sem esfor\u00e7o, realizar m\u00faltiplas tarefas simultaneamente, comunicar-se facilmente com amigos e familiares e levar todo o seu entretenimento favorito para onde for. Mantenha-se produtivo em qualquer lugar com uma longa vida \u00fatil da bateria com apenas uma carga. Em seguida, recarregue sua bateria em 15 minutos com um r\u00e1pido impulso de carga para us\u00e1-lo por 2 horas. Sem WiFi? N\u00e3o se preocupe, com a op\u00e7\u00e3o de armazenamento r\u00e1pido SSD, voc\u00ea pode continuar acessando e editando arquivos off-line.<\/p>\n<\/div>\n<\/div>\n\t\t<\/div>\n\t\t[\/vc_column][\/vc_row][vc_row][vc_column woodmart_css_id=&#8221;667c81fba6236&#8243; parallax_scroll=&#8221;no&#8221; woodmart_sticky_column=&#8221;false&#8221; wd_collapsible_content_switcher=&#8221;no&#8221; wd_column_role_offcanvas_desktop=&#8221;no&#8221; wd_column_role_offcanvas_tablet=&#8221;no&#8221; wd_column_role_offcanvas_mobile=&#8221;no&#8221; wd_column_role_content_desktop=&#8221;no&#8221; wd_column_role_content_tablet=&#8221;no&#8221; wd_column_role_content_mobile=&#8221;no&#8221; mobile_bg_img_hidden=&#8221;no&#8221; tablet_bg_img_hidden=&#8221;no&#8221; woodmart_parallax=&#8221;0&#8243; woodmart_box_shadow=&#8221;no&#8221; responsive_spacing=&#8221;eyJwYXJhbV90eXBlIjoid29vZG1hcnRfcmVzcG9uc2l2ZV9zcGFjaW5nIiwic2VsZWN0b3JfaWQiOiI2NjdjODFmYmE2MjM2Iiwic2hvcnRjb2RlIjoidmNfY29sdW1uIiwiZGF0YSI6eyJ0YWJsZXQiOnt9LCJtb2JpbGUiOnt9fX0=&#8221; mobile_reset_margin=&#8221;no&#8221; tablet_reset_margin=&#8221;no&#8221; wd_z_index=&#8221;no&#8221; css=&#8221;.vc_custom_1719435784581{margin-top: -60px !important;}&#8221;][vc_separator border_width=&#8221;3&#8243; css=&#8221;.vc_custom_1731708518955{margin-top: 50px !important;margin-bottom: 50px !important;}&#8221; wd_hide_on_desktop=&#8221;no&#8221; wd_hide_on_tablet=&#8221;no&#8221; wd_hide_on_mobile=&#8221;no&#8221;][\/vc_column][\/vc_row][vc_row woodmart_css_id=&#8221;6351519a61682&#8243; responsive_spacing=&#8221;eyJwYXJhbV90eXBlIjoid29vZG1hcnRfcmVzcG9uc2l2ZV9zcGFjaW5nIiwic2VsZWN0b3JfaWQiOiI2MzUxNTE5YTYxNjgyIiwic2hvcnRjb2RlIjoidmNfcm93IiwiZGF0YSI6eyJ0YWJsZXQiOnt9LCJtb2JpbGUiOnt9fX0=&#8221; mobile_bg_img_hidden=&#8221;no&#8221; tablet_bg_img_hidden=&#8221;no&#8221; woodmart_parallax=&#8221;0&#8243; woodmart_gradient_switch=&#8221;no&#8221; woodmart_box_shadow=&#8221;no&#8221; wd_z_index=&#8221;no&#8221; woodmart_disable_overflow=&#8221;0&#8243; row_reverse_mobile=&#8221;0&#8243; row_reverse_tablet=&#8221;0&#8243;][vc_column css=&#8221;.vc_custom_1669033735057{padding-top: 0px !important;}&#8221; woodmart_css_id=&#8221;637b6f036ef34&#8243; parallax_scroll=&#8221;no&#8221; woodmart_sticky_column=&#8221;false&#8221; wd_collapsible_content_switcher=&#8221;no&#8221; wd_column_role_offcanvas_desktop=&#8221;no&#8221; wd_column_role_offcanvas_tablet=&#8221;no&#8221; wd_column_role_offcanvas_mobile=&#8221;no&#8221; wd_column_role_content_desktop=&#8221;no&#8221; wd_column_role_content_tablet=&#8221;no&#8221; wd_column_role_content_mobile=&#8221;no&#8221; mobile_bg_img_hidden=&#8221;no&#8221; tablet_bg_img_hidden=&#8221;no&#8221; woodmart_parallax=&#8221;0&#8243; woodmart_box_shadow=&#8221;no&#8221; responsive_spacing=&#8221;eyJwYXJhbV90eXBlIjoid29vZG1hcnRfcmVzcG9uc2l2ZV9zcGFjaW5nIiwic2VsZWN0b3JfaWQiOiI2MzdiNmYwMzZlZjM0Iiwic2hvcnRjb2RlIjoidmNfY29sdW1uIiwiZGF0YSI6eyJ0YWJsZXQiOnt9LCJtb2JpbGUiOnt9fX0=&#8221; mobile_reset_margin=&#8221;no&#8221; tablet_reset_margin=&#8221;no&#8221; wd_z_index=&#8221;no&#8221;]\n\t\t<div id=\"wd-667ca27edb170\" class=\"title-wrapper wd-wpb wd-set-mb reset-last-child  wd-rs-667ca27edb170 wd-title-color-default wd-title-style-default text-left vc_custom_1719444410298 wd-underline-colored\">\n\t\t\t\n\t\t\t<div class=\"liner-continer\">\n\t\t\t\t<h4 class=\"woodmart-title-container title  wd-font-weight-700 wd-fontsize-l\" >\ud83d\udccc Especifica\u00e7\u00f5es T\u00e9cnicas:<\/h4>\n\t\t\t\t\t\t\t<\/div>\n\t\t\t\n\t\t\t\n\t\t\t\n\t\t<\/div>\n\t\t\n\t\t\t\t<div id=\"wd-67bf30470f534\" class=\"wd-text-block wd-wpb reset-last-child wd-rs-67bf30470f534 text-left vc_custom_1740583025804\">\n\t\t\t<ul>\n<li>Diferenciais: C\u00e2mera 720p Com Privacidade<\/li>\n<li>Polegadas da Tela:\u00a015.6\u00b4\u00b4<\/li>\n<li>Resolu\u00e7\u00e3o da Tela:\u00a015.6\u00b4\u00b4 hd (1920&#215;1080) Antirreflexo<\/li>\n<li>Sistema Operacional:\u00a0Linux<\/li>\n<li>Processador:\u00a0Intel Core I3-1215u<\/li>\n<li>Modelo do Processador:\u00a0I3-1215u<\/li>\n<li>Cache:\u00a06mb<\/li>\n<li>Chipset:\u00a0Integrado<\/li>\n<li>Mem\u00f3ria Ram:\u00a04gb Soldado<\/li>\n<li>Detalhe Mem\u00f3ria Ram:\u00a04gb Soldado Ddr4-3200<\/li>\n<li>Tamanho do Ssd:\u00a0128gb<\/li>\n<li>Conex\u00f5es:\u00a01x Usb 2.0, 1x Usb 3.2 Gen 1, 1x Usb-c 3.2 Gen 1 (support Data Transfer Only), 1x Hdmi 1.4b<\/li>\n<li>Placa de Som:\u00a0Alto-falantes Est\u00e9reo, 1,5 W. x2<\/li>\n<li>Placa de V\u00eddeo:\u00a0Integrada<\/li>\n<li>Placa de Rede:\u00a0Wifi 2&#215;2 ac<\/li>\n<li>Garantia do Fornecedor:\u00a01 Ano de Garantia Padr\u00e3o<\/li>\n<li>Leitor de Cart\u00e3o:\u00a0sd Card Reader<\/li>\n<li>Bluetooth:\u00a0Bluetooth 5.1<\/li>\n<li>Teclado:\u00a0Padr\u00e3o Brasileiro, Teclado Num\u00e9rico<\/li>\n<li>Softwares Inclusos:\u00a0Lenovo Vantage<\/li>\n<li>Bateria:\u00a03 C\u00e9lulas 42wh<\/li>\n<li>Alimenta\u00e7\u00e3o: Bivolt<\/li>\n<li>Conte\u00fado da Embalagem:\u00a01 Notebook E. Cabo de Energia<\/li>\n<li>Dimens\u00f5es (axlxp):\u00a0360.2 X. 236 X. 17.9 mm<\/li>\n<li>Peso L\u00edquido:\u00a01.6kg<\/li>\n<li>Refer\u00eancia do Modelo:\u00a082vys01100<\/li>\n<li>C\u00f3digo de Barras:\u00a00197530010330<\/li>\n<li>Mais Informa\u00e7\u00f5es:\u00a0Imagens Meramentes Ilustrativas<\/li>\n<li>Cor: Cloud Grey<\/li>\n<li>Formato da Tela:\u00a016:9 Widescreen<\/li>\n<li>Anatel: 160452004076<\/li>\n<\/ul>\n\t\t<\/div>\n\t\t[\/vc_column][\/vc_row]<\/p>\n<\/div>","protected":false},"excerpt":{"rendered":"<p><strong>C\u00f3digo:<\/strong> <a href=\"#\">78359<\/a>\u00a0 \u00a0<strong>|<\/strong>\u00a0 \u00a0<strong>Mais produtos:<\/strong> <a href=\"https:\/\/elektrotec.com.br\/loja\/loja\/?filter_marcas=lenovo\">Lenovo<\/a> \u00a0 <strong>|<\/strong>\u00a0 \u00a0<a href=\"https:\/\/elektrotec.com.br\/loja\/produto\/notebook-lenovo-ideapad-1i-intel-core-i3-1215u-4gb-128gb-ssd-intel-uhd-linux-15-6-cloud-grey\/#codigo-78359\"><strong>Descri\u00e7\u00e3o do produto<\/strong><\/a><\/p>\n","protected":false},"featured_media":3706,"comment_status":"open","ping_status":"closed","template":"","meta":{"pagelayer_contact_templates":[],"_pagelayer_content":"","_mbp_gutenberg_autopost":false},"pwb-brand":[],"product_brand":[],"product_cat":[62,56,25],"product_tag":[],"class_list":{"0":"post-3698","1":"product","2":"type-product","3":"status-publish","4":"has-post-thumbnail","6":"product_cat-notebook-intel","7":"product_cat-notebooks","8":"product_cat-tecnologia-e-informatica","9":"product_shipping_class-logistica-quioske","11":"first","12":"instock","13":"featured","14":"shipping-taxable","15":"purchasable","16":"product-type-simple"},"yoast_head":"<!-- This site is optimized with the Yoast SEO plugin v27.2 - https:\/\/yoast.com\/product\/yoast-seo-wordpress\/ -->\n<title>Notebook Lenovo Ideapad 1i Core I3 1215U 4GB SSD 128GB UHD<\/title>\n<meta name=\"description\" content=\"Mantenha-se produtivo em qualquer lugar com uma longa vida \u00fatil da bateria. Velocidade para armazenar arquivos e acessar aplicativos com rapidez.\" \/>\n<meta name=\"robots\" content=\"index, follow, max-snippet:-1, max-image-preview:large, max-video-preview:-1\" \/>\n<link rel=\"canonical\" href=\"https:\/\/elektrotec.com.br\/loja\/produto\/notebook-lenovo-ideapad-1i-intel-core-i3-1215u-4gb-ssd-128gb-intel-uhd-linux-15-6-polegadas-cloud-grey\/\" \/>\n<meta property=\"og:locale\" content=\"pt_BR\" \/>\n<meta property=\"og:type\" content=\"article\" \/>\n<meta property=\"og:title\" content=\"Notebook Lenovo Ideapad 1i Core I3 1215U 4GB SSD 128GB UHD\" \/>\n<meta property=\"og:description\" content=\"Mantenha-se produtivo em qualquer lugar com uma longa vida \u00fatil da bateria. Velocidade para armazenar arquivos e acessar aplicativos com rapidez.\" \/>\n<meta property=\"og:url\" content=\"https:\/\/elektrotec.com.br\/loja\/produto\/notebook-lenovo-ideapad-1i-intel-core-i3-1215u-4gb-ssd-128gb-intel-uhd-linux-15-6-polegadas-cloud-grey\/\" \/>\n<meta property=\"og:site_name\" content=\"Elektrotec Store\" \/>\n<meta property=\"article:modified_time\" content=\"2025-02-27T22:30:44+00:00\" \/>\n<meta property=\"og:image\" content=\"https:\/\/elektrotec.com.br\/loja\/wp-content\/uploads\/2024\/12\/Notebook-Lenovo-Ideapad-1i-Intel-Core-I3-1215u-4gb-128GB-SSD-Intel-Uhd-Linux-0.jpg\" \/>\n\t<meta property=\"og:image:width\" content=\"700\" \/>\n\t<meta property=\"og:image:height\" content=\"800\" \/>\n\t<meta property=\"og:image:type\" content=\"image\/jpeg\" \/>\n<meta name=\"twitter:card\" content=\"summary_large_image\" \/>\n<meta name=\"twitter:label1\" content=\"Est. tempo de leitura\" \/>\n\t<meta name=\"twitter:data1\" content=\"3 minutos\" \/>\n<script type=\"application\/ld+json\" class=\"yoast-schema-graph\">{\"@context\":\"https:\/\/schema.org\",\"@graph\":[{\"@type\":\"WebPage\",\"@id\":\"https:\/\/elektrotec.com.br\/loja\/produto\/notebook-lenovo-ideapad-1i-intel-core-i3-1215u-4gb-ssd-128gb-intel-uhd-linux-15-6-polegadas-cloud-grey\/\",\"url\":\"https:\/\/elektrotec.com.br\/loja\/produto\/notebook-lenovo-ideapad-1i-intel-core-i3-1215u-4gb-ssd-128gb-intel-uhd-linux-15-6-polegadas-cloud-grey\/\",\"name\":\"Notebook Lenovo Ideapad 1i Core I3 1215U 4GB SSD 128GB UHD\",\"isPartOf\":{\"@id\":\"https:\/\/elektrotec.com.br\/loja\/#website\"},\"primaryImageOfPage\":{\"@id\":\"https:\/\/elektrotec.com.br\/loja\/produto\/notebook-lenovo-ideapad-1i-intel-core-i3-1215u-4gb-ssd-128gb-intel-uhd-linux-15-6-polegadas-cloud-grey\/#primaryimage\"},\"image\":{\"@id\":\"https:\/\/elektrotec.com.br\/loja\/produto\/notebook-lenovo-ideapad-1i-intel-core-i3-1215u-4gb-ssd-128gb-intel-uhd-linux-15-6-polegadas-cloud-grey\/#primaryimage\"},\"thumbnailUrl\":\"https:\/\/i0.wp.com\/elektrotec.com.br\/loja\/wp-content\/uploads\/2024\/12\/Notebook-Lenovo-Ideapad-1i-Intel-Core-I3-1215u-4gb-128GB-SSD-Intel-Uhd-Linux-0.jpg?fit=700%2C800&ssl=1\",\"datePublished\":\"2024-12-28T23:18:02+00:00\",\"dateModified\":\"2025-02-27T22:30:44+00:00\",\"description\":\"Mantenha-se produtivo em qualquer lugar com uma longa vida \u00fatil da bateria. Velocidade para armazenar arquivos e acessar aplicativos com rapidez.\",\"breadcrumb\":{\"@id\":\"https:\/\/elektrotec.com.br\/loja\/produto\/notebook-lenovo-ideapad-1i-intel-core-i3-1215u-4gb-ssd-128gb-intel-uhd-linux-15-6-polegadas-cloud-grey\/#breadcrumb\"},\"inLanguage\":\"pt-BR\",\"potentialAction\":[{\"@type\":\"ReadAction\",\"target\":[\"https:\/\/elektrotec.com.br\/loja\/produto\/notebook-lenovo-ideapad-1i-intel-core-i3-1215u-4gb-ssd-128gb-intel-uhd-linux-15-6-polegadas-cloud-grey\/\"]}]},{\"@type\":\"ImageObject\",\"inLanguage\":\"pt-BR\",\"@id\":\"https:\/\/elektrotec.com.br\/loja\/produto\/notebook-lenovo-ideapad-1i-intel-core-i3-1215u-4gb-ssd-128gb-intel-uhd-linux-15-6-polegadas-cloud-grey\/#primaryimage\",\"url\":\"https:\/\/i0.wp.com\/elektrotec.com.br\/loja\/wp-content\/uploads\/2024\/12\/Notebook-Lenovo-Ideapad-1i-Intel-Core-I3-1215u-4gb-128GB-SSD-Intel-Uhd-Linux-0.jpg?fit=700%2C800&ssl=1\",\"contentUrl\":\"https:\/\/i0.wp.com\/elektrotec.com.br\/loja\/wp-content\/uploads\/2024\/12\/Notebook-Lenovo-Ideapad-1i-Intel-Core-I3-1215u-4gb-128GB-SSD-Intel-Uhd-Linux-0.jpg?fit=700%2C800&ssl=1\",\"width\":700,\"height\":800},{\"@type\":\"BreadcrumbList\",\"@id\":\"https:\/\/elektrotec.com.br\/loja\/produto\/notebook-lenovo-ideapad-1i-intel-core-i3-1215u-4gb-ssd-128gb-intel-uhd-linux-15-6-polegadas-cloud-grey\/#breadcrumb\",\"itemListElement\":[{\"@type\":\"ListItem\",\"position\":1,\"name\":\"Home\",\"item\":\"https:\/\/elektrotec.com.br\/loja\/\"},{\"@type\":\"ListItem\",\"position\":2,\"name\":\"Ofertas do dia \u26a1\",\"item\":\"https:\/\/elektrotec.com.br\/loja\/loja\/\"},{\"@type\":\"ListItem\",\"position\":3,\"name\":\"Notebook Lenovo Ideapad 1i, Intel Core I3 1215U, 4GB, SSD 128GB, Intel UHD, Linux 15.6 polegadas Cloud Grey\"}]},{\"@type\":\"WebSite\",\"@id\":\"https:\/\/elektrotec.com.br\/loja\/#website\",\"url\":\"https:\/\/elektrotec.com.br\/loja\/\",\"name\":\"Elektrotec Store\",\"description\":\"Solu\u00e7\u00f5es em Energia e Automa\u00e7\u00e3o Industrial\",\"publisher\":{\"@id\":\"https:\/\/elektrotec.com.br\/loja\/#organization\"},\"potentialAction\":[{\"@type\":\"SearchAction\",\"target\":{\"@type\":\"EntryPoint\",\"urlTemplate\":\"https:\/\/elektrotec.com.br\/loja\/?s={search_term_string}\"},\"query-input\":{\"@type\":\"PropertyValueSpecification\",\"valueRequired\":true,\"valueName\":\"search_term_string\"}}],\"inLanguage\":\"pt-BR\"},{\"@type\":\"Organization\",\"@id\":\"https:\/\/elektrotec.com.br\/loja\/#organization\",\"name\":\"Elektrotec\",\"url\":\"https:\/\/elektrotec.com.br\/loja\/\",\"logo\":{\"@type\":\"ImageObject\",\"inLanguage\":\"pt-BR\",\"@id\":\"https:\/\/elektrotec.com.br\/loja\/#\/schema\/logo\/image\/\",\"url\":\"https:\/\/i0.wp.com\/elektrotec.com.br\/loja\/wp-content\/uploads\/2025\/05\/Logo-site-Elektrotec-Energy-1.webp?fit=270%2C70&ssl=1\",\"contentUrl\":\"https:\/\/i0.wp.com\/elektrotec.com.br\/loja\/wp-content\/uploads\/2025\/05\/Logo-site-Elektrotec-Energy-1.webp?fit=270%2C70&ssl=1\",\"width\":270,\"height\":70,\"caption\":\"Elektrotec\"},\"image\":{\"@id\":\"https:\/\/elektrotec.com.br\/loja\/#\/schema\/logo\/image\/\"}}]}<\/script>\n<!-- \/ Yoast SEO plugin. -->","yoast_head_json":{"title":"Notebook Lenovo Ideapad 1i Core I3 1215U 4GB SSD 128GB UHD","description":"Mantenha-se produtivo em qualquer lugar com uma longa vida \u00fatil da bateria. Velocidade para armazenar arquivos e acessar aplicativos com rapidez.","robots":{"index":"index","follow":"follow","max-snippet":"max-snippet:-1","max-image-preview":"max-image-preview:large","max-video-preview":"max-video-preview:-1"},"canonical":"https:\/\/elektrotec.com.br\/loja\/produto\/notebook-lenovo-ideapad-1i-intel-core-i3-1215u-4gb-ssd-128gb-intel-uhd-linux-15-6-polegadas-cloud-grey\/","og_locale":"pt_BR","og_type":"article","og_title":"Notebook Lenovo Ideapad 1i Core I3 1215U 4GB SSD 128GB UHD","og_description":"Mantenha-se produtivo em qualquer lugar com uma longa vida \u00fatil da bateria. Velocidade para armazenar arquivos e acessar aplicativos com rapidez.","og_url":"https:\/\/elektrotec.com.br\/loja\/produto\/notebook-lenovo-ideapad-1i-intel-core-i3-1215u-4gb-ssd-128gb-intel-uhd-linux-15-6-polegadas-cloud-grey\/","og_site_name":"Elektrotec Store","article_modified_time":"2025-02-27T22:30:44+00:00","og_image":[{"width":700,"height":800,"url":"https:\/\/elektrotec.com.br\/loja\/wp-content\/uploads\/2024\/12\/Notebook-Lenovo-Ideapad-1i-Intel-Core-I3-1215u-4gb-128GB-SSD-Intel-Uhd-Linux-0.jpg","type":"image\/jpeg"}],"twitter_card":"summary_large_image","twitter_misc":{"Est. tempo de leitura":"3 minutos"},"schema":{"@context":"https:\/\/schema.org","@graph":[{"@type":"WebPage","@id":"https:\/\/elektrotec.com.br\/loja\/produto\/notebook-lenovo-ideapad-1i-intel-core-i3-1215u-4gb-ssd-128gb-intel-uhd-linux-15-6-polegadas-cloud-grey\/","url":"https:\/\/elektrotec.com.br\/loja\/produto\/notebook-lenovo-ideapad-1i-intel-core-i3-1215u-4gb-ssd-128gb-intel-uhd-linux-15-6-polegadas-cloud-grey\/","name":"Notebook Lenovo Ideapad 1i Core I3 1215U 4GB SSD 128GB UHD","isPartOf":{"@id":"https:\/\/elektrotec.com.br\/loja\/#website"},"primaryImageOfPage":{"@id":"https:\/\/elektrotec.com.br\/loja\/produto\/notebook-lenovo-ideapad-1i-intel-core-i3-1215u-4gb-ssd-128gb-intel-uhd-linux-15-6-polegadas-cloud-grey\/#primaryimage"},"image":{"@id":"https:\/\/elektrotec.com.br\/loja\/produto\/notebook-lenovo-ideapad-1i-intel-core-i3-1215u-4gb-ssd-128gb-intel-uhd-linux-15-6-polegadas-cloud-grey\/#primaryimage"},"thumbnailUrl":"https:\/\/i0.wp.com\/elektrotec.com.br\/loja\/wp-content\/uploads\/2024\/12\/Notebook-Lenovo-Ideapad-1i-Intel-Core-I3-1215u-4gb-128GB-SSD-Intel-Uhd-Linux-0.jpg?fit=700%2C800&ssl=1","datePublished":"2024-12-28T23:18:02+00:00","dateModified":"2025-02-27T22:30:44+00:00","description":"Mantenha-se produtivo em qualquer lugar com uma longa vida \u00fatil da bateria. Velocidade para armazenar arquivos e acessar aplicativos com rapidez.","breadcrumb":{"@id":"https:\/\/elektrotec.com.br\/loja\/produto\/notebook-lenovo-ideapad-1i-intel-core-i3-1215u-4gb-ssd-128gb-intel-uhd-linux-15-6-polegadas-cloud-grey\/#breadcrumb"},"inLanguage":"pt-BR","potentialAction":[{"@type":"ReadAction","target":["https:\/\/elektrotec.com.br\/loja\/produto\/notebook-lenovo-ideapad-1i-intel-core-i3-1215u-4gb-ssd-128gb-intel-uhd-linux-15-6-polegadas-cloud-grey\/"]}]},{"@type":"ImageObject","inLanguage":"pt-BR","@id":"https:\/\/elektrotec.com.br\/loja\/produto\/notebook-lenovo-ideapad-1i-intel-core-i3-1215u-4gb-ssd-128gb-intel-uhd-linux-15-6-polegadas-cloud-grey\/#primaryimage","url":"https:\/\/i0.wp.com\/elektrotec.com.br\/loja\/wp-content\/uploads\/2024\/12\/Notebook-Lenovo-Ideapad-1i-Intel-Core-I3-1215u-4gb-128GB-SSD-Intel-Uhd-Linux-0.jpg?fit=700%2C800&ssl=1","contentUrl":"https:\/\/i0.wp.com\/elektrotec.com.br\/loja\/wp-content\/uploads\/2024\/12\/Notebook-Lenovo-Ideapad-1i-Intel-Core-I3-1215u-4gb-128GB-SSD-Intel-Uhd-Linux-0.jpg?fit=700%2C800&ssl=1","width":700,"height":800},{"@type":"BreadcrumbList","@id":"https:\/\/elektrotec.com.br\/loja\/produto\/notebook-lenovo-ideapad-1i-intel-core-i3-1215u-4gb-ssd-128gb-intel-uhd-linux-15-6-polegadas-cloud-grey\/#breadcrumb","itemListElement":[{"@type":"ListItem","position":1,"name":"Home","item":"https:\/\/elektrotec.com.br\/loja\/"},{"@type":"ListItem","position":2,"name":"Ofertas do dia \u26a1","item":"https:\/\/elektrotec.com.br\/loja\/loja\/"},{"@type":"ListItem","position":3,"name":"Notebook Lenovo Ideapad 1i, Intel Core I3 1215U, 4GB, SSD 128GB, Intel UHD, Linux 15.6 polegadas Cloud Grey"}]},{"@type":"WebSite","@id":"https:\/\/elektrotec.com.br\/loja\/#website","url":"https:\/\/elektrotec.com.br\/loja\/","name":"Elektrotec Store","description":"Solu\u00e7\u00f5es em Energia e Automa\u00e7\u00e3o Industrial","publisher":{"@id":"https:\/\/elektrotec.com.br\/loja\/#organization"},"potentialAction":[{"@type":"SearchAction","target":{"@type":"EntryPoint","urlTemplate":"https:\/\/elektrotec.com.br\/loja\/?s={search_term_string}"},"query-input":{"@type":"PropertyValueSpecification","valueRequired":true,"valueName":"search_term_string"}}],"inLanguage":"pt-BR"},{"@type":"Organization","@id":"https:\/\/elektrotec.com.br\/loja\/#organization","name":"Elektrotec","url":"https:\/\/elektrotec.com.br\/loja\/","logo":{"@type":"ImageObject","inLanguage":"pt-BR","@id":"https:\/\/elektrotec.com.br\/loja\/#\/schema\/logo\/image\/","url":"https:\/\/i0.wp.com\/elektrotec.com.br\/loja\/wp-content\/uploads\/2025\/05\/Logo-site-Elektrotec-Energy-1.webp?fit=270%2C70&ssl=1","contentUrl":"https:\/\/i0.wp.com\/elektrotec.com.br\/loja\/wp-content\/uploads\/2025\/05\/Logo-site-Elektrotec-Energy-1.webp?fit=270%2C70&ssl=1","width":270,"height":70,"caption":"Elektrotec"},"image":{"@id":"https:\/\/elektrotec.com.br\/loja\/#\/schema\/logo\/image\/"}}]}},"jetpack_sharing_enabled":true,"brands":[],"_links":{"self":[{"href":"https:\/\/elektrotec.com.br\/loja\/wp-json\/wp\/v2\/product\/3698","targetHints":{"allow":["GET"]}}],"collection":[{"href":"https:\/\/elektrotec.com.br\/loja\/wp-json\/wp\/v2\/product"}],"about":[{"href":"https:\/\/elektrotec.com.br\/loja\/wp-json\/wp\/v2\/types\/product"}],"replies":[{"embeddable":true,"href":"https:\/\/elektrotec.com.br\/loja\/wp-json\/wp\/v2\/comments?post=3698"}],"wp:featuredmedia":[{"embeddable":true,"href":"https:\/\/elektrotec.com.br\/loja\/wp-json\/wp\/v2\/media\/3706"}],"wp:attachment":[{"href":"https:\/\/elektrotec.com.br\/loja\/wp-json\/wp\/v2\/media?parent=3698"}],"wp:term":[{"taxonomy":"pwb-brand","embeddable":true,"href":"https:\/\/elektrotec.com.br\/loja\/wp-json\/wp\/v2\/pwb-brand?post=3698"},{"taxonomy":"product_brand","embeddable":true,"href":"https:\/\/elektrotec.com.br\/loja\/wp-json\/wp\/v2\/product_brand?post=3698"},{"taxonomy":"product_cat","embeddable":true,"href":"https:\/\/elektrotec.com.br\/loja\/wp-json\/wp\/v2\/product_cat?post=3698"},{"taxonomy":"product_tag","embeddable":true,"href":"https:\/\/elektrotec.com.br\/loja\/wp-json\/wp\/v2\/product_tag?post=3698"}],"curies":[{"name":"wp","href":"https:\/\/api.w.org\/{rel}","templated":true}]}}