{"id":3691,"date":"2024-12-28T19:50:26","date_gmt":"2024-12-28T22:50:26","guid":{"rendered":"https:\/\/quioske.com.br\/?post_type=product&#038;p=3691"},"modified":"2025-02-27T19:25:44","modified_gmt":"2025-02-27T22:25:44","slug":"notebook-lenovo-v15-g3-intel-core-i5-1235u-8gb-ram-ssd-256gb-156-polegadas-fhd-intel-iris-xe-graphics-windows-11-pro-preto","status":"publish","type":"product","link":"https:\/\/elektrotec.com.br\/loja\/produto\/notebook-lenovo-v15-g3-intel-core-i5-1235u-8gb-ram-ssd-256gb-156-polegadas-fhd-intel-iris-xe-graphics-windows-11-pro-preto\/","title":{"rendered":"Notebook Lenovo V15 G3 Intel Core i5 1235U 8GB RAM, SSD 256GB, 15,6 polegadas FHD, Intel Iris Xe Graphics, Windows 11 Pro, Preto"},"content":{"rendered":"<div class=\"wpb-content-wrapper\"><p>[vc_row woodmart_css_id=&#8221;6770821c5b905&#8243; responsive_spacing=&#8221;eyJwYXJhbV90eXBlIjoid29vZG1hcnRfcmVzcG9uc2l2ZV9zcGFjaW5nIiwic2VsZWN0b3JfaWQiOiI2NzcwODIxYzViOTA1Iiwic2hvcnRjb2RlIjoidmNfcm93IiwiZGF0YSI6eyJ0YWJsZXQiOnt9LCJtb2JpbGUiOnt9fX0=&#8221; mobile_bg_img_hidden=&#8221;no&#8221; tablet_bg_img_hidden=&#8221;no&#8221; woodmart_parallax=&#8221;0&#8243; woodmart_gradient_switch=&#8221;no&#8221; woodmart_box_shadow=&#8221;no&#8221; wd_z_index=&#8221;no&#8221; woodmart_disable_overflow=&#8221;0&#8243; row_reverse_mobile=&#8221;0&#8243; row_reverse_tablet=&#8221;0&#8243; el_id=&#8221;codigo-72427&#8243;][vc_column css=&#8221;.vc_custom_1666272391679{padding-top: 0px !important;}&#8221; woodmart_css_id=&#8221;63514c8260958&#8243; parallax_scroll=&#8221;no&#8221; woodmart_sticky_column=&#8221;false&#8221; wd_collapsible_content_switcher=&#8221;no&#8221; wd_column_role_offcanvas_desktop=&#8221;no&#8221; wd_column_role_offcanvas_tablet=&#8221;no&#8221; wd_column_role_offcanvas_mobile=&#8221;no&#8221; wd_column_role_content_desktop=&#8221;no&#8221; wd_column_role_content_tablet=&#8221;no&#8221; wd_column_role_content_mobile=&#8221;no&#8221; mobile_bg_img_hidden=&#8221;no&#8221; tablet_bg_img_hidden=&#8221;no&#8221; woodmart_parallax=&#8221;0&#8243; woodmart_box_shadow=&#8221;no&#8221; responsive_spacing=&#8221;eyJwYXJhbV90eXBlIjoid29vZG1hcnRfcmVzcG9uc2l2ZV9zcGFjaW5nIiwic2VsZWN0b3JfaWQiOiI2MzUxNGM4MjYwOTU4Iiwic2hvcnRjb2RlIjoidmNfY29sdW1uIiwiZGF0YSI6eyJ0YWJsZXQiOnt9LCJtb2JpbGUiOnt9fX0=&#8221; mobile_reset_margin=&#8221;no&#8221; tablet_reset_margin=&#8221;no&#8221; wd_z_index=&#8221;no&#8221;]\t\t<div id=\"wd-67708483a719b\" class=\"wd-text-block wd-wpb reset-last-child wd-rs-67708483a719b text-center vc_custom_1735427313759\">\n\t\t\t<p><img data-recalc-dims=\"1\" loading=\"lazy\" decoding=\"async\" class=\"aligncenter wp-image-3695 size-full\" src=\"https:\/\/i0.wp.com\/elektrotec.com.br\/loja\/wp-content\/uploads\/2024\/12\/Notebook-Lenovo-V15-Intel.jpg?resize=1664%2C1016&#038;ssl=1\" alt=\"\" width=\"1664\" height=\"1016\" srcset=\"https:\/\/i0.wp.com\/elektrotec.com.br\/loja\/wp-content\/uploads\/2024\/12\/Notebook-Lenovo-V15-Intel.jpg?w=1664&amp;ssl=1 1664w, https:\/\/i0.wp.com\/elektrotec.com.br\/loja\/wp-content\/uploads\/2024\/12\/Notebook-Lenovo-V15-Intel.jpg?resize=300%2C183&amp;ssl=1 300w, https:\/\/i0.wp.com\/elektrotec.com.br\/loja\/wp-content\/uploads\/2024\/12\/Notebook-Lenovo-V15-Intel.jpg?resize=1024%2C625&amp;ssl=1 1024w, https:\/\/i0.wp.com\/elektrotec.com.br\/loja\/wp-content\/uploads\/2024\/12\/Notebook-Lenovo-V15-Intel.jpg?resize=768%2C469&amp;ssl=1 768w, https:\/\/i0.wp.com\/elektrotec.com.br\/loja\/wp-content\/uploads\/2024\/12\/Notebook-Lenovo-V15-Intel.jpg?resize=1536%2C938&amp;ssl=1 1536w, https:\/\/i0.wp.com\/elektrotec.com.br\/loja\/wp-content\/uploads\/2024\/12\/Notebook-Lenovo-V15-Intel.jpg?resize=1320%2C806&amp;ssl=1 1320w, https:\/\/i0.wp.com\/elektrotec.com.br\/loja\/wp-content\/uploads\/2024\/12\/Notebook-Lenovo-V15-Intel.jpg?resize=1200%2C733&amp;ssl=1 1200w, https:\/\/i0.wp.com\/elektrotec.com.br\/loja\/wp-content\/uploads\/2024\/12\/Notebook-Lenovo-V15-Intel.jpg?resize=150%2C92&amp;ssl=1 150w\" sizes=\"auto, (max-width: 1000px) 100vw, 1000px\" \/><\/p>\n\t\t<\/div>\n\t\t[\/vc_column][\/vc_row][vc_row][vc_column woodmart_css_id=&#8221;667c81fba6236&#8243; parallax_scroll=&#8221;no&#8221; woodmart_sticky_column=&#8221;false&#8221; wd_collapsible_content_switcher=&#8221;no&#8221; wd_column_role_offcanvas_desktop=&#8221;no&#8221; wd_column_role_offcanvas_tablet=&#8221;no&#8221; wd_column_role_offcanvas_mobile=&#8221;no&#8221; wd_column_role_content_desktop=&#8221;no&#8221; wd_column_role_content_tablet=&#8221;no&#8221; wd_column_role_content_mobile=&#8221;no&#8221; mobile_bg_img_hidden=&#8221;no&#8221; tablet_bg_img_hidden=&#8221;no&#8221; woodmart_parallax=&#8221;0&#8243; woodmart_box_shadow=&#8221;no&#8221; responsive_spacing=&#8221;eyJwYXJhbV90eXBlIjoid29vZG1hcnRfcmVzcG9uc2l2ZV9zcGFjaW5nIiwic2VsZWN0b3JfaWQiOiI2NjdjODFmYmE2MjM2Iiwic2hvcnRjb2RlIjoidmNfY29sdW1uIiwiZGF0YSI6eyJ0YWJsZXQiOnt9LCJtb2JpbGUiOnt9fX0=&#8221; mobile_reset_margin=&#8221;no&#8221; tablet_reset_margin=&#8221;no&#8221; wd_z_index=&#8221;no&#8221; css=&#8221;.vc_custom_1719435784581{margin-top: -60px !important;}&#8221;][vc_separator border_width=&#8221;3&#8243; css=&#8221;.vc_custom_1731708518955{margin-top: 50px !important;margin-bottom: 50px !important;}&#8221; wd_hide_on_desktop=&#8221;no&#8221; wd_hide_on_tablet=&#8221;no&#8221; wd_hide_on_mobile=&#8221;no&#8221;][\/vc_column][\/vc_row][vc_row woodmart_css_id=&#8221;6351519a61682&#8243; responsive_spacing=&#8221;eyJwYXJhbV90eXBlIjoid29vZG1hcnRfcmVzcG9uc2l2ZV9zcGFjaW5nIiwic2VsZWN0b3JfaWQiOiI2MzUxNTE5YTYxNjgyIiwic2hvcnRjb2RlIjoidmNfcm93IiwiZGF0YSI6eyJ0YWJsZXQiOnt9LCJtb2JpbGUiOnt9fX0=&#8221; mobile_bg_img_hidden=&#8221;no&#8221; tablet_bg_img_hidden=&#8221;no&#8221; woodmart_parallax=&#8221;0&#8243; woodmart_gradient_switch=&#8221;no&#8221; woodmart_box_shadow=&#8221;no&#8221; wd_z_index=&#8221;no&#8221; woodmart_disable_overflow=&#8221;0&#8243; row_reverse_mobile=&#8221;0&#8243; row_reverse_tablet=&#8221;0&#8243;][vc_column css=&#8221;.vc_custom_1669033735057{padding-top: 0px !important;}&#8221; woodmart_css_id=&#8221;637b6f036ef34&#8243; parallax_scroll=&#8221;no&#8221; woodmart_sticky_column=&#8221;false&#8221; wd_collapsible_content_switcher=&#8221;no&#8221; wd_column_role_offcanvas_desktop=&#8221;no&#8221; wd_column_role_offcanvas_tablet=&#8221;no&#8221; wd_column_role_offcanvas_mobile=&#8221;no&#8221; wd_column_role_content_desktop=&#8221;no&#8221; wd_column_role_content_tablet=&#8221;no&#8221; wd_column_role_content_mobile=&#8221;no&#8221; mobile_bg_img_hidden=&#8221;no&#8221; tablet_bg_img_hidden=&#8221;no&#8221; woodmart_parallax=&#8221;0&#8243; woodmart_box_shadow=&#8221;no&#8221; responsive_spacing=&#8221;eyJwYXJhbV90eXBlIjoid29vZG1hcnRfcmVzcG9uc2l2ZV9zcGFjaW5nIiwic2VsZWN0b3JfaWQiOiI2MzdiNmYwMzZlZjM0Iiwic2hvcnRjb2RlIjoidmNfY29sdW1uIiwiZGF0YSI6eyJ0YWJsZXQiOnt9LCJtb2JpbGUiOnt9fX0=&#8221; mobile_reset_margin=&#8221;no&#8221; tablet_reset_margin=&#8221;no&#8221; wd_z_index=&#8221;no&#8221;]\n\t\t<div id=\"wd-667ca27edb170\" class=\"title-wrapper wd-wpb wd-set-mb reset-last-child  wd-rs-667ca27edb170 wd-title-color-default wd-title-style-default text-left vc_custom_1719444410298 wd-underline-colored\">\n\t\t\t\n\t\t\t<div class=\"liner-continer\">\n\t\t\t\t<h4 class=\"woodmart-title-container title  wd-font-weight-700 wd-fontsize-l\" >\ud83d\udccc Especifica\u00e7\u00f5es T\u00e9cnicas:<\/h4>\n\t\t\t\t\t\t\t<\/div>\n\t\t\t\n\t\t\t\n\t\t\t\n\t\t<\/div>\n\t\t\n\t\t\t\t<div id=\"wd-67bf33343bd9c\" class=\"wd-text-block wd-wpb reset-last-child wd-rs-67bf33343bd9c text-left vc_custom_1740583746100\">\n\t\t\t<ul>\n<li>diferenciais: tela 15.6<\/li>\n<li>antirreflexo: evita reflexos causados pela ilumina\u00e7\u00e3o externa.<\/li>\n<li>polegadas da tela: 15.6<\/li>\n<li>resolu\u00e7\u00e3o da tela: fhd (1920&#215;1080) antirreflexo<\/li>\n<li>sistema operacional: windows 11 pro,<\/li>\n<li>processador: intel core i5-1235u<\/li>\n<li>modelo do processador: i5-1235u<\/li>\n<li>cache: 12mb<\/li>\n<li>chipset: intel soc platform<\/li>\n<li>mem\u00f3ria ram: 16gb<\/li>\n<li>detalhe mem\u00f3ria ram: 16gb (. 8gb soldada ddr4-3200 + 8gb so-dimm ddr4-3200 ).<\/li>\n<li>tamanho do ssd: 512gb<\/li>\n<li>conex\u00f5es: 1x usb 2.0, 1x usb 3.2 gen 1, 1x usb-c 3.2 gen 1 (tranferencia de dados), 1x hdmi, 1x ethernet (rj-45)<\/li>\n<li>placa de som: alto-falantes (2 x. 1.5w)<\/li>\n<li>placa de v\u00eddeo: intel uhd graphics integrada<\/li>\n<li>placa de rede: wifi 11ac 2&#215;2<\/li>\n<li>garantia do fornecedor: 1 ano on-site (atendimento no local)<\/li>\n<li>leitor de cart\u00e3o: n\u00e3o tem<\/li>\n<li>bluetooth: bluetooth 5.1<\/li>\n<li>teclado: teclado padr\u00e3o brasileiro<\/li>\n<li>softwares inclusos: lenovo vantage<\/li>\n<li>bateria: 2 c\u00e9lulas 38wh<\/li>\n<li>alimenta\u00e7\u00e3o: bivolt<\/li>\n<li>conte\u00fado da embalagem: 1 notebook e. Cabo de energia<\/li>\n<li>dimens\u00f5es (axlxp): 359 x. 236 x. 19.9 mm<\/li>\n<li>peso l\u00edquido: 1.7 kg<\/li>\n<li>refer\u00eancia do modelo: 82um0009br<\/li>\n<li>c\u00f3digo de barras: 0196801606616<\/li>\n<li>mais informa\u00e7\u00f5es: imagens meramentes ilustrativas<\/li>\n<li>cor: black<\/li>\n<li>formato da tela: 16:9 widescreen<\/li>\n<li>anatel: 57881704423<\/li>\n<\/ul>\n\t\t<\/div>\n\t\t[\/vc_column][\/vc_row]<\/p>\n<\/div>","protected":false},"excerpt":{"rendered":"<p><strong>C\u00f3digo:<\/strong> <a href=\"#\">72427<\/a>\u00a0 \u00a0<strong>|<\/strong>\u00a0 \u00a0<strong>Mais produtos:<\/strong> <a href=\"https:\/\/elektrotec.com.br\/loja\/loja\/?filter_marcas=lenovo\">Lenovo<\/a>\u00a0 \u00a0<strong>|<\/strong>\u00a0 \u00a0<a href=\"https:\/\/elektrotec.com.br\/loja\/produto\/notebook-lenovo-v14-amd-r5-7520u-8gb-256gb-ssd-windows-11-pro-preto\/#codigo-72427\"><strong>Descri\u00e7\u00e3o do produto<\/strong><\/a><\/p>\n","protected":false},"featured_media":3657,"comment_status":"open","ping_status":"closed","template":"","meta":{"pagelayer_contact_templates":[],"_pagelayer_content":"","_mbp_gutenberg_autopost":false},"pwb-brand":[],"product_brand":[],"product_cat":[62,56,25],"product_tag":[],"class_list":{"0":"post-3691","1":"product","2":"type-product","3":"status-publish","4":"has-post-thumbnail","6":"product_cat-notebook-intel","7":"product_cat-notebooks","8":"product_cat-tecnologia-e-informatica","9":"product_shipping_class-logistica-quioske","11":"first","12":"instock","13":"featured","14":"shipping-taxable","15":"purchasable","16":"product-type-simple"},"yoast_head":"<!-- This site is optimized with the Yoast SEO plugin v27.2 - https:\/\/yoast.com\/product\/yoast-seo-wordpress\/ -->\n<title>Notebook Lenovo V15 G3, I5 1235U 8GB, SSD 256GB 15,6 FHD<\/title>\n<meta name=\"description\" content=\"Notebook Lenovo eleva sua categoria de notebooks com um processador Intel, compacto que facilita a multitarefa enquanto aumenta a efici\u00eancia.\" \/>\n<meta name=\"robots\" content=\"index, follow, max-snippet:-1, max-image-preview:large, max-video-preview:-1\" \/>\n<link rel=\"canonical\" href=\"https:\/\/elektrotec.com.br\/loja\/produto\/notebook-lenovo-v15-g3-intel-core-i5-1235u-8gb-ram-ssd-256gb-156-polegadas-fhd-intel-iris-xe-graphics-windows-11-pro-preto\/\" \/>\n<meta property=\"og:locale\" content=\"pt_BR\" \/>\n<meta property=\"og:type\" content=\"article\" \/>\n<meta property=\"og:title\" content=\"Notebook Lenovo V15 G3, I5 1235U 8GB, SSD 256GB 15,6 FHD\" \/>\n<meta property=\"og:description\" content=\"Notebook Lenovo eleva sua categoria de notebooks com um processador Intel, compacto que facilita a multitarefa enquanto aumenta a efici\u00eancia.\" \/>\n<meta property=\"og:url\" content=\"https:\/\/elektrotec.com.br\/loja\/produto\/notebook-lenovo-v15-g3-intel-core-i5-1235u-8gb-ram-ssd-256gb-156-polegadas-fhd-intel-iris-xe-graphics-windows-11-pro-preto\/\" \/>\n<meta property=\"og:site_name\" content=\"Elektrotec Store\" \/>\n<meta property=\"article:modified_time\" content=\"2025-02-27T22:25:44+00:00\" \/>\n<meta property=\"og:image\" content=\"https:\/\/elektrotec.com.br\/loja\/wp-content\/uploads\/2024\/12\/Notebook-Lenovo-V14-Amd-R5-7520u-8GB-256gb-SSD-Windows-11-Pro-Preto-0.jpg\" \/>\n\t<meta property=\"og:image:width\" content=\"700\" \/>\n\t<meta property=\"og:image:height\" content=\"800\" \/>\n\t<meta property=\"og:image:type\" content=\"image\/jpeg\" \/>\n<meta name=\"twitter:card\" content=\"summary_large_image\" \/>\n<meta name=\"twitter:label1\" content=\"Est. tempo de leitura\" \/>\n\t<meta name=\"twitter:data1\" content=\"3 minutos\" \/>\n<script type=\"application\/ld+json\" class=\"yoast-schema-graph\">{\"@context\":\"https:\/\/schema.org\",\"@graph\":[{\"@type\":\"WebPage\",\"@id\":\"https:\/\/elektrotec.com.br\/loja\/produto\/notebook-lenovo-v15-g3-intel-core-i5-1235u-8gb-ram-ssd-256gb-156-polegadas-fhd-intel-iris-xe-graphics-windows-11-pro-preto\/\",\"url\":\"https:\/\/elektrotec.com.br\/loja\/produto\/notebook-lenovo-v15-g3-intel-core-i5-1235u-8gb-ram-ssd-256gb-156-polegadas-fhd-intel-iris-xe-graphics-windows-11-pro-preto\/\",\"name\":\"Notebook Lenovo V15 G3, I5 1235U 8GB, SSD 256GB 15,6 FHD\",\"isPartOf\":{\"@id\":\"https:\/\/elektrotec.com.br\/loja\/#website\"},\"primaryImageOfPage\":{\"@id\":\"https:\/\/elektrotec.com.br\/loja\/produto\/notebook-lenovo-v15-g3-intel-core-i5-1235u-8gb-ram-ssd-256gb-156-polegadas-fhd-intel-iris-xe-graphics-windows-11-pro-preto\/#primaryimage\"},\"image\":{\"@id\":\"https:\/\/elektrotec.com.br\/loja\/produto\/notebook-lenovo-v15-g3-intel-core-i5-1235u-8gb-ram-ssd-256gb-156-polegadas-fhd-intel-iris-xe-graphics-windows-11-pro-preto\/#primaryimage\"},\"thumbnailUrl\":\"https:\/\/i0.wp.com\/elektrotec.com.br\/loja\/wp-content\/uploads\/2024\/12\/Notebook-Lenovo-V14-Amd-R5-7520u-8GB-256gb-SSD-Windows-11-Pro-Preto-0.jpg?fit=700%2C800&ssl=1\",\"datePublished\":\"2024-12-28T22:50:26+00:00\",\"dateModified\":\"2025-02-27T22:25:44+00:00\",\"description\":\"Notebook Lenovo eleva sua categoria de notebooks com um processador Intel, compacto que facilita a multitarefa enquanto aumenta a efici\u00eancia.\",\"breadcrumb\":{\"@id\":\"https:\/\/elektrotec.com.br\/loja\/produto\/notebook-lenovo-v15-g3-intel-core-i5-1235u-8gb-ram-ssd-256gb-156-polegadas-fhd-intel-iris-xe-graphics-windows-11-pro-preto\/#breadcrumb\"},\"inLanguage\":\"pt-BR\",\"potentialAction\":[{\"@type\":\"ReadAction\",\"target\":[\"https:\/\/elektrotec.com.br\/loja\/produto\/notebook-lenovo-v15-g3-intel-core-i5-1235u-8gb-ram-ssd-256gb-156-polegadas-fhd-intel-iris-xe-graphics-windows-11-pro-preto\/\"]}]},{\"@type\":\"ImageObject\",\"inLanguage\":\"pt-BR\",\"@id\":\"https:\/\/elektrotec.com.br\/loja\/produto\/notebook-lenovo-v15-g3-intel-core-i5-1235u-8gb-ram-ssd-256gb-156-polegadas-fhd-intel-iris-xe-graphics-windows-11-pro-preto\/#primaryimage\",\"url\":\"https:\/\/i0.wp.com\/elektrotec.com.br\/loja\/wp-content\/uploads\/2024\/12\/Notebook-Lenovo-V14-Amd-R5-7520u-8GB-256gb-SSD-Windows-11-Pro-Preto-0.jpg?fit=700%2C800&ssl=1\",\"contentUrl\":\"https:\/\/i0.wp.com\/elektrotec.com.br\/loja\/wp-content\/uploads\/2024\/12\/Notebook-Lenovo-V14-Amd-R5-7520u-8GB-256gb-SSD-Windows-11-Pro-Preto-0.jpg?fit=700%2C800&ssl=1\",\"width\":700,\"height\":800},{\"@type\":\"BreadcrumbList\",\"@id\":\"https:\/\/elektrotec.com.br\/loja\/produto\/notebook-lenovo-v15-g3-intel-core-i5-1235u-8gb-ram-ssd-256gb-156-polegadas-fhd-intel-iris-xe-graphics-windows-11-pro-preto\/#breadcrumb\",\"itemListElement\":[{\"@type\":\"ListItem\",\"position\":1,\"name\":\"Home\",\"item\":\"https:\/\/elektrotec.com.br\/loja\/\"},{\"@type\":\"ListItem\",\"position\":2,\"name\":\"Ofertas do dia \u26a1\",\"item\":\"https:\/\/elektrotec.com.br\/loja\/loja\/\"},{\"@type\":\"ListItem\",\"position\":3,\"name\":\"Notebook Lenovo V15 G3 Intel Core i5 1235U 8GB RAM, SSD 256GB, 15,6 polegadas FHD, Intel Iris Xe Graphics, Windows 11 Pro, Preto\"}]},{\"@type\":\"WebSite\",\"@id\":\"https:\/\/elektrotec.com.br\/loja\/#website\",\"url\":\"https:\/\/elektrotec.com.br\/loja\/\",\"name\":\"Elektrotec Store\",\"description\":\"Solu\u00e7\u00f5es em Energia e Automa\u00e7\u00e3o Industrial\",\"publisher\":{\"@id\":\"https:\/\/elektrotec.com.br\/loja\/#organization\"},\"potentialAction\":[{\"@type\":\"SearchAction\",\"target\":{\"@type\":\"EntryPoint\",\"urlTemplate\":\"https:\/\/elektrotec.com.br\/loja\/?s={search_term_string}\"},\"query-input\":{\"@type\":\"PropertyValueSpecification\",\"valueRequired\":true,\"valueName\":\"search_term_string\"}}],\"inLanguage\":\"pt-BR\"},{\"@type\":\"Organization\",\"@id\":\"https:\/\/elektrotec.com.br\/loja\/#organization\",\"name\":\"Elektrotec\",\"url\":\"https:\/\/elektrotec.com.br\/loja\/\",\"logo\":{\"@type\":\"ImageObject\",\"inLanguage\":\"pt-BR\",\"@id\":\"https:\/\/elektrotec.com.br\/loja\/#\/schema\/logo\/image\/\",\"url\":\"https:\/\/i0.wp.com\/elektrotec.com.br\/loja\/wp-content\/uploads\/2025\/05\/Logo-site-Elektrotec-Energy-1.webp?fit=270%2C70&ssl=1\",\"contentUrl\":\"https:\/\/i0.wp.com\/elektrotec.com.br\/loja\/wp-content\/uploads\/2025\/05\/Logo-site-Elektrotec-Energy-1.webp?fit=270%2C70&ssl=1\",\"width\":270,\"height\":70,\"caption\":\"Elektrotec\"},\"image\":{\"@id\":\"https:\/\/elektrotec.com.br\/loja\/#\/schema\/logo\/image\/\"}}]}<\/script>\n<!-- \/ Yoast SEO plugin. -->","yoast_head_json":{"title":"Notebook Lenovo V15 G3, I5 1235U 8GB, SSD 256GB 15,6 FHD","description":"Notebook Lenovo eleva sua categoria de notebooks com um processador Intel, compacto que facilita a multitarefa enquanto aumenta a efici\u00eancia.","robots":{"index":"index","follow":"follow","max-snippet":"max-snippet:-1","max-image-preview":"max-image-preview:large","max-video-preview":"max-video-preview:-1"},"canonical":"https:\/\/elektrotec.com.br\/loja\/produto\/notebook-lenovo-v15-g3-intel-core-i5-1235u-8gb-ram-ssd-256gb-156-polegadas-fhd-intel-iris-xe-graphics-windows-11-pro-preto\/","og_locale":"pt_BR","og_type":"article","og_title":"Notebook Lenovo V15 G3, I5 1235U 8GB, SSD 256GB 15,6 FHD","og_description":"Notebook Lenovo eleva sua categoria de notebooks com um processador Intel, compacto que facilita a multitarefa enquanto aumenta a efici\u00eancia.","og_url":"https:\/\/elektrotec.com.br\/loja\/produto\/notebook-lenovo-v15-g3-intel-core-i5-1235u-8gb-ram-ssd-256gb-156-polegadas-fhd-intel-iris-xe-graphics-windows-11-pro-preto\/","og_site_name":"Elektrotec Store","article_modified_time":"2025-02-27T22:25:44+00:00","og_image":[{"width":700,"height":800,"url":"https:\/\/elektrotec.com.br\/loja\/wp-content\/uploads\/2024\/12\/Notebook-Lenovo-V14-Amd-R5-7520u-8GB-256gb-SSD-Windows-11-Pro-Preto-0.jpg","type":"image\/jpeg"}],"twitter_card":"summary_large_image","twitter_misc":{"Est. tempo de leitura":"3 minutos"},"schema":{"@context":"https:\/\/schema.org","@graph":[{"@type":"WebPage","@id":"https:\/\/elektrotec.com.br\/loja\/produto\/notebook-lenovo-v15-g3-intel-core-i5-1235u-8gb-ram-ssd-256gb-156-polegadas-fhd-intel-iris-xe-graphics-windows-11-pro-preto\/","url":"https:\/\/elektrotec.com.br\/loja\/produto\/notebook-lenovo-v15-g3-intel-core-i5-1235u-8gb-ram-ssd-256gb-156-polegadas-fhd-intel-iris-xe-graphics-windows-11-pro-preto\/","name":"Notebook Lenovo V15 G3, I5 1235U 8GB, SSD 256GB 15,6 FHD","isPartOf":{"@id":"https:\/\/elektrotec.com.br\/loja\/#website"},"primaryImageOfPage":{"@id":"https:\/\/elektrotec.com.br\/loja\/produto\/notebook-lenovo-v15-g3-intel-core-i5-1235u-8gb-ram-ssd-256gb-156-polegadas-fhd-intel-iris-xe-graphics-windows-11-pro-preto\/#primaryimage"},"image":{"@id":"https:\/\/elektrotec.com.br\/loja\/produto\/notebook-lenovo-v15-g3-intel-core-i5-1235u-8gb-ram-ssd-256gb-156-polegadas-fhd-intel-iris-xe-graphics-windows-11-pro-preto\/#primaryimage"},"thumbnailUrl":"https:\/\/i0.wp.com\/elektrotec.com.br\/loja\/wp-content\/uploads\/2024\/12\/Notebook-Lenovo-V14-Amd-R5-7520u-8GB-256gb-SSD-Windows-11-Pro-Preto-0.jpg?fit=700%2C800&ssl=1","datePublished":"2024-12-28T22:50:26+00:00","dateModified":"2025-02-27T22:25:44+00:00","description":"Notebook Lenovo eleva sua categoria de notebooks com um processador Intel, compacto que facilita a multitarefa enquanto aumenta a efici\u00eancia.","breadcrumb":{"@id":"https:\/\/elektrotec.com.br\/loja\/produto\/notebook-lenovo-v15-g3-intel-core-i5-1235u-8gb-ram-ssd-256gb-156-polegadas-fhd-intel-iris-xe-graphics-windows-11-pro-preto\/#breadcrumb"},"inLanguage":"pt-BR","potentialAction":[{"@type":"ReadAction","target":["https:\/\/elektrotec.com.br\/loja\/produto\/notebook-lenovo-v15-g3-intel-core-i5-1235u-8gb-ram-ssd-256gb-156-polegadas-fhd-intel-iris-xe-graphics-windows-11-pro-preto\/"]}]},{"@type":"ImageObject","inLanguage":"pt-BR","@id":"https:\/\/elektrotec.com.br\/loja\/produto\/notebook-lenovo-v15-g3-intel-core-i5-1235u-8gb-ram-ssd-256gb-156-polegadas-fhd-intel-iris-xe-graphics-windows-11-pro-preto\/#primaryimage","url":"https:\/\/i0.wp.com\/elektrotec.com.br\/loja\/wp-content\/uploads\/2024\/12\/Notebook-Lenovo-V14-Amd-R5-7520u-8GB-256gb-SSD-Windows-11-Pro-Preto-0.jpg?fit=700%2C800&ssl=1","contentUrl":"https:\/\/i0.wp.com\/elektrotec.com.br\/loja\/wp-content\/uploads\/2024\/12\/Notebook-Lenovo-V14-Amd-R5-7520u-8GB-256gb-SSD-Windows-11-Pro-Preto-0.jpg?fit=700%2C800&ssl=1","width":700,"height":800},{"@type":"BreadcrumbList","@id":"https:\/\/elektrotec.com.br\/loja\/produto\/notebook-lenovo-v15-g3-intel-core-i5-1235u-8gb-ram-ssd-256gb-156-polegadas-fhd-intel-iris-xe-graphics-windows-11-pro-preto\/#breadcrumb","itemListElement":[{"@type":"ListItem","position":1,"name":"Home","item":"https:\/\/elektrotec.com.br\/loja\/"},{"@type":"ListItem","position":2,"name":"Ofertas do dia \u26a1","item":"https:\/\/elektrotec.com.br\/loja\/loja\/"},{"@type":"ListItem","position":3,"name":"Notebook Lenovo V15 G3 Intel Core i5 1235U 8GB RAM, SSD 256GB, 15,6 polegadas FHD, Intel Iris Xe Graphics, Windows 11 Pro, Preto"}]},{"@type":"WebSite","@id":"https:\/\/elektrotec.com.br\/loja\/#website","url":"https:\/\/elektrotec.com.br\/loja\/","name":"Elektrotec Store","description":"Solu\u00e7\u00f5es em Energia e Automa\u00e7\u00e3o Industrial","publisher":{"@id":"https:\/\/elektrotec.com.br\/loja\/#organization"},"potentialAction":[{"@type":"SearchAction","target":{"@type":"EntryPoint","urlTemplate":"https:\/\/elektrotec.com.br\/loja\/?s={search_term_string}"},"query-input":{"@type":"PropertyValueSpecification","valueRequired":true,"valueName":"search_term_string"}}],"inLanguage":"pt-BR"},{"@type":"Organization","@id":"https:\/\/elektrotec.com.br\/loja\/#organization","name":"Elektrotec","url":"https:\/\/elektrotec.com.br\/loja\/","logo":{"@type":"ImageObject","inLanguage":"pt-BR","@id":"https:\/\/elektrotec.com.br\/loja\/#\/schema\/logo\/image\/","url":"https:\/\/i0.wp.com\/elektrotec.com.br\/loja\/wp-content\/uploads\/2025\/05\/Logo-site-Elektrotec-Energy-1.webp?fit=270%2C70&ssl=1","contentUrl":"https:\/\/i0.wp.com\/elektrotec.com.br\/loja\/wp-content\/uploads\/2025\/05\/Logo-site-Elektrotec-Energy-1.webp?fit=270%2C70&ssl=1","width":270,"height":70,"caption":"Elektrotec"},"image":{"@id":"https:\/\/elektrotec.com.br\/loja\/#\/schema\/logo\/image\/"}}]}},"jetpack_sharing_enabled":true,"brands":[],"_links":{"self":[{"href":"https:\/\/elektrotec.com.br\/loja\/wp-json\/wp\/v2\/product\/3691","targetHints":{"allow":["GET"]}}],"collection":[{"href":"https:\/\/elektrotec.com.br\/loja\/wp-json\/wp\/v2\/product"}],"about":[{"href":"https:\/\/elektrotec.com.br\/loja\/wp-json\/wp\/v2\/types\/product"}],"replies":[{"embeddable":true,"href":"https:\/\/elektrotec.com.br\/loja\/wp-json\/wp\/v2\/comments?post=3691"}],"wp:featuredmedia":[{"embeddable":true,"href":"https:\/\/elektrotec.com.br\/loja\/wp-json\/wp\/v2\/media\/3657"}],"wp:attachment":[{"href":"https:\/\/elektrotec.com.br\/loja\/wp-json\/wp\/v2\/media?parent=3691"}],"wp:term":[{"taxonomy":"pwb-brand","embeddable":true,"href":"https:\/\/elektrotec.com.br\/loja\/wp-json\/wp\/v2\/pwb-brand?post=3691"},{"taxonomy":"product_brand","embeddable":true,"href":"https:\/\/elektrotec.com.br\/loja\/wp-json\/wp\/v2\/product_brand?post=3691"},{"taxonomy":"product_cat","embeddable":true,"href":"https:\/\/elektrotec.com.br\/loja\/wp-json\/wp\/v2\/product_cat?post=3691"},{"taxonomy":"product_tag","embeddable":true,"href":"https:\/\/elektrotec.com.br\/loja\/wp-json\/wp\/v2\/product_tag?post=3691"}],"curies":[{"name":"wp","href":"https:\/\/api.w.org\/{rel}","templated":true}]}}