{"id":3575,"date":"2024-12-09T21:35:43","date_gmt":"2024-12-10T00:35:43","guid":{"rendered":"https:\/\/quioske.com.br\/?post_type=product&#038;p=3575"},"modified":"2025-02-27T18:44:50","modified_gmt":"2025-02-27T21:44:50","slug":"computador-lenovo-sff-thinkcentre-neo-50s-g4-intel-core-i3-13100-8gb-ssd-256gb-windows-11-pro","status":"publish","type":"product","link":"https:\/\/elektrotec.com.br\/loja\/produto\/computador-lenovo-sff-thinkcentre-neo-50s-g4-intel-core-i3-13100-8gb-ssd-256gb-windows-11-pro\/","title":{"rendered":"Computador Lenovo SFF Thinkcentre NEO 50S G4 Intel Core I3 13100 8GB SSD 256GB Windows 11 PRO"},"content":{"rendered":"<div class=\"wpb-content-wrapper\"><p>[vc_row woodmart_css_id=&#8221;67578e82dc8d2&#8243; responsive_spacing=&#8221;eyJwYXJhbV90eXBlIjoid29vZG1hcnRfcmVzcG9uc2l2ZV9zcGFjaW5nIiwic2VsZWN0b3JfaWQiOiI2NzU3OGU4MmRjOGQyIiwic2hvcnRjb2RlIjoidmNfcm93IiwiZGF0YSI6eyJ0YWJsZXQiOnt9LCJtb2JpbGUiOnt9fX0=&#8221; mobile_bg_img_hidden=&#8221;no&#8221; tablet_bg_img_hidden=&#8221;no&#8221; woodmart_parallax=&#8221;0&#8243; woodmart_gradient_switch=&#8221;no&#8221; woodmart_box_shadow=&#8221;no&#8221; wd_z_index=&#8221;no&#8221; woodmart_disable_overflow=&#8221;0&#8243; row_reverse_mobile=&#8221;0&#8243; row_reverse_tablet=&#8221;0&#8243; el_id=&#8221;codigo-73578&#8243;][vc_column css=&#8221;.vc_custom_1666272391679{padding-top: 0px !important;}&#8221; woodmart_css_id=&#8221;63514c8260958&#8243; parallax_scroll=&#8221;no&#8221; woodmart_sticky_column=&#8221;false&#8221; wd_collapsible_content_switcher=&#8221;no&#8221; wd_column_role_offcanvas_desktop=&#8221;no&#8221; wd_column_role_offcanvas_tablet=&#8221;no&#8221; wd_column_role_offcanvas_mobile=&#8221;no&#8221; wd_column_role_content_desktop=&#8221;no&#8221; wd_column_role_content_tablet=&#8221;no&#8221; wd_column_role_content_mobile=&#8221;no&#8221; mobile_bg_img_hidden=&#8221;no&#8221; tablet_bg_img_hidden=&#8221;no&#8221; woodmart_parallax=&#8221;0&#8243; woodmart_box_shadow=&#8221;no&#8221; responsive_spacing=&#8221;eyJwYXJhbV90eXBlIjoid29vZG1hcnRfcmVzcG9uc2l2ZV9zcGFjaW5nIiwic2VsZWN0b3JfaWQiOiI2MzUxNGM4MjYwOTU4Iiwic2hvcnRjb2RlIjoidmNfY29sdW1uIiwiZGF0YSI6eyJ0YWJsZXQiOnt9LCJtb2JpbGUiOnt9fX0=&#8221; mobile_reset_margin=&#8221;no&#8221; tablet_reset_margin=&#8221;no&#8221; wd_z_index=&#8221;no&#8221;]\t\t<div id=\"wd-675792960676d\" class=\"wd-text-block wd-wpb reset-last-child wd-rs-675792960676d text-center vc_custom_1733792454728\">\n\t\t\t<p><img data-recalc-dims=\"1\" loading=\"lazy\" decoding=\"async\" class=\"aligncenter wp-image-3583 size-full\" src=\"https:\/\/i0.wp.com\/elektrotec.com.br\/loja\/wp-content\/uploads\/2024\/12\/Computador-Lenovo-Neo-50s-G4-Intel-Core-I3-8GB-RAM-SSD-256GB-Windows-11-Pro-9-scaled.jpg?resize=1502%2C2560&#038;ssl=1\" alt=\"\" width=\"1502\" height=\"2560\" srcset=\"https:\/\/i0.wp.com\/elektrotec.com.br\/loja\/wp-content\/uploads\/2024\/12\/Computador-Lenovo-Neo-50s-G4-Intel-Core-I3-8GB-RAM-SSD-256GB-Windows-11-Pro-9-scaled.jpg?w=1502&amp;ssl=1 1502w, https:\/\/i0.wp.com\/elektrotec.com.br\/loja\/wp-content\/uploads\/2024\/12\/Computador-Lenovo-Neo-50s-G4-Intel-Core-I3-8GB-RAM-SSD-256GB-Windows-11-Pro-9-scaled.jpg?resize=176%2C300&amp;ssl=1 176w, https:\/\/i0.wp.com\/elektrotec.com.br\/loja\/wp-content\/uploads\/2024\/12\/Computador-Lenovo-Neo-50s-G4-Intel-Core-I3-8GB-RAM-SSD-256GB-Windows-11-Pro-9-scaled.jpg?resize=601%2C1024&amp;ssl=1 601w, https:\/\/i0.wp.com\/elektrotec.com.br\/loja\/wp-content\/uploads\/2024\/12\/Computador-Lenovo-Neo-50s-G4-Intel-Core-I3-8GB-RAM-SSD-256GB-Windows-11-Pro-9-scaled.jpg?resize=768%2C1309&amp;ssl=1 768w, https:\/\/i0.wp.com\/elektrotec.com.br\/loja\/wp-content\/uploads\/2024\/12\/Computador-Lenovo-Neo-50s-G4-Intel-Core-I3-8GB-RAM-SSD-256GB-Windows-11-Pro-9-scaled.jpg?resize=901%2C1536&amp;ssl=1 901w, https:\/\/i0.wp.com\/elektrotec.com.br\/loja\/wp-content\/uploads\/2024\/12\/Computador-Lenovo-Neo-50s-G4-Intel-Core-I3-8GB-RAM-SSD-256GB-Windows-11-Pro-9-scaled.jpg?resize=1202%2C2048&amp;ssl=1 1202w, https:\/\/i0.wp.com\/elektrotec.com.br\/loja\/wp-content\/uploads\/2024\/12\/Computador-Lenovo-Neo-50s-G4-Intel-Core-I3-8GB-RAM-SSD-256GB-Windows-11-Pro-9-scaled.jpg?resize=1320%2C2249&amp;ssl=1 1320w, https:\/\/i0.wp.com\/elektrotec.com.br\/loja\/wp-content\/uploads\/2024\/12\/Computador-Lenovo-Neo-50s-G4-Intel-Core-I3-8GB-RAM-SSD-256GB-Windows-11-Pro-9-scaled.jpg?resize=1200%2C2045&amp;ssl=1 1200w, https:\/\/i0.wp.com\/elektrotec.com.br\/loja\/wp-content\/uploads\/2024\/12\/Computador-Lenovo-Neo-50s-G4-Intel-Core-I3-8GB-RAM-SSD-256GB-Windows-11-Pro-9-scaled.jpg?resize=150%2C256&amp;ssl=1 150w\" sizes=\"auto, (max-width: 1000px) 100vw, 1000px\" \/><\/p>\n\t\t<\/div>\n\t\t[\/vc_column][\/vc_row][vc_row][vc_column woodmart_css_id=&#8221;667c81fba6236&#8243; parallax_scroll=&#8221;no&#8221; woodmart_sticky_column=&#8221;false&#8221; wd_collapsible_content_switcher=&#8221;no&#8221; wd_column_role_offcanvas_desktop=&#8221;no&#8221; wd_column_role_offcanvas_tablet=&#8221;no&#8221; wd_column_role_offcanvas_mobile=&#8221;no&#8221; wd_column_role_content_desktop=&#8221;no&#8221; wd_column_role_content_tablet=&#8221;no&#8221; wd_column_role_content_mobile=&#8221;no&#8221; mobile_bg_img_hidden=&#8221;no&#8221; tablet_bg_img_hidden=&#8221;no&#8221; woodmart_parallax=&#8221;0&#8243; woodmart_box_shadow=&#8221;no&#8221; responsive_spacing=&#8221;eyJwYXJhbV90eXBlIjoid29vZG1hcnRfcmVzcG9uc2l2ZV9zcGFjaW5nIiwic2VsZWN0b3JfaWQiOiI2NjdjODFmYmE2MjM2Iiwic2hvcnRjb2RlIjoidmNfY29sdW1uIiwiZGF0YSI6eyJ0YWJsZXQiOnt9LCJtb2JpbGUiOnt9fX0=&#8221; mobile_reset_margin=&#8221;no&#8221; tablet_reset_margin=&#8221;no&#8221; wd_z_index=&#8221;no&#8221; css=&#8221;.vc_custom_1719435784581{margin-top: -60px !important;}&#8221;][vc_separator border_width=&#8221;3&#8243; css=&#8221;.vc_custom_1731708518955{margin-top: 50px !important;margin-bottom: 50px !important;}&#8221; wd_hide_on_desktop=&#8221;no&#8221; wd_hide_on_tablet=&#8221;no&#8221; wd_hide_on_mobile=&#8221;no&#8221;][\/vc_column][\/vc_row][vc_row woodmart_css_id=&#8221;6351519a61682&#8243; responsive_spacing=&#8221;eyJwYXJhbV90eXBlIjoid29vZG1hcnRfcmVzcG9uc2l2ZV9zcGFjaW5nIiwic2VsZWN0b3JfaWQiOiI2MzUxNTE5YTYxNjgyIiwic2hvcnRjb2RlIjoidmNfcm93IiwiZGF0YSI6eyJ0YWJsZXQiOnt9LCJtb2JpbGUiOnt9fX0=&#8221; mobile_bg_img_hidden=&#8221;no&#8221; tablet_bg_img_hidden=&#8221;no&#8221; woodmart_parallax=&#8221;0&#8243; woodmart_gradient_switch=&#8221;no&#8221; woodmart_box_shadow=&#8221;no&#8221; wd_z_index=&#8221;no&#8221; woodmart_disable_overflow=&#8221;0&#8243; row_reverse_mobile=&#8221;0&#8243; row_reverse_tablet=&#8221;0&#8243;][vc_column css=&#8221;.vc_custom_1669033735057{padding-top: 0px !important;}&#8221; woodmart_css_id=&#8221;637b6f036ef34&#8243; parallax_scroll=&#8221;no&#8221; woodmart_sticky_column=&#8221;false&#8221; wd_collapsible_content_switcher=&#8221;no&#8221; wd_column_role_offcanvas_desktop=&#8221;no&#8221; wd_column_role_offcanvas_tablet=&#8221;no&#8221; wd_column_role_offcanvas_mobile=&#8221;no&#8221; wd_column_role_content_desktop=&#8221;no&#8221; wd_column_role_content_tablet=&#8221;no&#8221; wd_column_role_content_mobile=&#8221;no&#8221; mobile_bg_img_hidden=&#8221;no&#8221; tablet_bg_img_hidden=&#8221;no&#8221; woodmart_parallax=&#8221;0&#8243; woodmart_box_shadow=&#8221;no&#8221; responsive_spacing=&#8221;eyJwYXJhbV90eXBlIjoid29vZG1hcnRfcmVzcG9uc2l2ZV9zcGFjaW5nIiwic2VsZWN0b3JfaWQiOiI2MzdiNmYwMzZlZjM0Iiwic2hvcnRjb2RlIjoidmNfY29sdW1uIiwiZGF0YSI6eyJ0YWJsZXQiOnt9LCJtb2JpbGUiOnt9fX0=&#8221; mobile_reset_margin=&#8221;no&#8221; tablet_reset_margin=&#8221;no&#8221; wd_z_index=&#8221;no&#8221;]\n\t\t<div id=\"wd-667ca27edb170\" class=\"title-wrapper wd-wpb wd-set-mb reset-last-child  wd-rs-667ca27edb170 wd-title-color-default wd-title-style-default text-left vc_custom_1719444410298 wd-underline-colored\">\n\t\t\t\n\t\t\t<div class=\"liner-continer\">\n\t\t\t\t<h4 class=\"woodmart-title-container title  wd-font-weight-700 wd-fontsize-l\" >\ud83d\udccc Especifica\u00e7\u00f5es T\u00e9cnicas:<\/h4>\n\t\t\t\t\t\t\t<\/div>\n\t\t\t\n\t\t\t\n\t\t\t\n\t\t<\/div>\n\t\t\n\t\t\t\t<div id=\"wd-67bf7e015bc5e\" class=\"wd-text-block wd-wpb reset-last-child wd-rs-67bf7e015bc5e text-left vc_custom_1740602925505\">\n\t\t\t<div>\n<h4>Caracter\u00edsticas:<\/h4>\n<ul>\n<li>Marca: Lenovo<\/li>\n<li>Modelo: 12JG000ABO<\/li>\n<\/ul>\n<h4>Desempenho:<\/h4>\n<ul>\n<li>Processador: Intel Core i3 13100, 4C (4P + 0E) \/ 8T, P core 3,4 \/ 4,5 GHz, 12 MB<\/li>\n<li>Gr\u00e1ficos: Intel UHD Graphics 730 integrado<\/li>\n<li>Chipset: Chipset Intel B660<\/li>\n<li>Mem\u00f3ria: 1x 8GB UDIMM DDR4 3200<\/li>\n<li>Slots de mem\u00f3ria: Dois slots DDR4 UDIMM, com capacidade de canal duplo<\/li>\n<li>Mem\u00f3ria m\u00e1xima: At\u00e9 64 GB DDR4 3200<\/li>\n<li>Armazenamento: 256 GB SSD M.2 2280 PCIe 4.0&#215;4 NVMe Opal 2.0<\/li>\n<li>Suporte de armazenamento: At\u00e9 duas unidades, 1x HDD de 3,5&#8243; + 1x SSD M.2; HDD de 3,5&#8243; at\u00e9 2TB; SSD M.2 de at\u00e9 1 TB<\/li>\n<li>Leitor de cart\u00e3o: Nenhum<\/li>\n<li>\u00d3ptico: Nenhum<\/li>\n<li>Chip de \u00e1udio: \u00c1udio de alta defini\u00e7\u00e3o (HD), codec Realtek ALC623 CG<\/li>\n<li>Alto-falantes: 1Wx1<\/li>\n<li>Fonte de alimenta\u00e7\u00e3o: 180W 85%<\/li>\n<li>Slots de expans\u00e3o: Um PCIe 4.0 x16, baixo perfil (comprimento &lt;167,65 mm, altura &lt;68,90 mm); Um PCIe 3.0 x1, baixo perfil (comprimento &lt; 167,65 mm, altura &lt;68,90 mm); Dois slots M.2 (um para WLAN, um para SSD)<\/li>\n<li>Cor da caixa: Preto<\/li>\n<li>Suporte: Nenhum<\/li>\n<li>Fator de forma: SFF (7,4L)<\/li>\n<\/ul>\n<h4>Conectividade:<\/h4>\n<ul>\n<li>Ethernet: 100\/1000M integrado<\/li>\n<li>WLAN + Bluetooth: Intel Wi Fi 6 AX201, 11ax 2&#215;2 + BT5.1<\/li>\n<li>Portas frontais: 1x USB C 3.2 Gen 1 (suporta transfer\u00eancia de dados e carregamento 5V @ 3A); 2x USB 3.2 Gera\u00e7\u00e3o 1; 1x conector combinado de fone de ouvido\/microfone (3,5 mm); 1x microfone (3,5 mm)<\/li>\n<li>Portas traseiras: 2x USB 2.0; 2x USB 3.2 Gen 1 (um suporta Smart Power On); 1x HDMI 2.1TMDS; 1x DisplayPort 1.4; 1xVGA; 1x Ethernet (RJ-45); 1x sa\u00edda de linha (3,5 mm)<\/li>\n<li>Cabo do monitor: Nenhum<\/li>\n<\/ul>\n<h4>Seguran\u00e7a e privacidade:<\/h4>\n<ul>\n<li>Chip de seguran\u00e7a: TPM 2.0 discreto, certificado TCG<\/li>\n<li>Leitor de impress\u00e3o digital: Sem leitor de impress\u00e3o digital<\/li>\n<li>Fechaduras F\u00edsicas: Kensington Security SlotTM, 3 x 7 mm; La\u00e7o de cadeado<\/li>\n<li>Clipe de cabo inteligente: Nenhum<\/li>\n<li>Chave de intrus\u00e3o do chassi: Chave de intrus\u00e3o do chassi<\/li>\n<\/ul>\n<h4>Capacidade de gerenciamento:<\/h4>\n<ul>\n<li>Gerenciamento do sistema: n\u00e3o vPro<\/li>\n<\/ul>\n<h4>Certifica\u00e7\u00f5es:<\/h4>\n<ul>\n<li>Certifica\u00e7\u00f5es Verdes: ErP Lote 3; Compat\u00edvel com RoHS; Certificado TCO<\/li>\n<\/ul>\n<h4>Programas:<\/h4>\n<ul>\n<li>Sistema operacional: Windows 11 Pro, Portugu\u00eas (Brasil)<\/li>\n<\/ul>\n<h4>Conte\u00fado da Embalagem:<\/h4>\n<ul>\n<li>Computador Lenovo Neo 50s G4 Intel Core I3<\/li>\n<\/ul>\n<\/div>\n<h4><span style=\"color: #1b1919; font-size: 18px;\">Garantia:<\/span><\/h4>\n<div data-testid=\"InfoGarantia\">\n<div>\n<ul>\n<li>1 ano de garantia<\/li>\n<\/ul>\n<\/div>\n<\/div>\n<div data-testid=\"InfoPeso\">\n<div>\n<h4>Peso:<\/h4>\n<\/div>\n<ul>\n<li>6534 gramas (bruto com embalagem)<\/li>\n<\/ul>\n<\/div>\n\t\t<\/div>\n\t\t[\/vc_column][\/vc_row]<\/p>\n<\/div>","protected":false},"excerpt":{"rendered":"<p><strong>C\u00f3digo:<\/strong> <a href=\"#\">77928<\/a>\u00a0 \u00a0<strong>|<\/strong>\u00a0 \u00a0<strong>Mais produtos:<\/strong> <a href=\"https:\/\/elektrotec.com.br\/loja\/loja\/?filter_marcas=lenovo\">Lenovo<\/a>\u00a0 \u00a0<strong>|<\/strong>\u00a0 \u00a0<a href=\"https:\/\/elektrotec.com.br\/loja\/produto\/computador-lenovo-neo-50s-g4-intel-core-i3-8gb-ram-ssd-256gb-windows-11-pro\/#codigo-73578\"><strong>Descri\u00e7\u00e3o do produto<\/strong><\/a><\/p>\n","protected":false},"featured_media":3576,"comment_status":"open","ping_status":"closed","template":"","meta":{"pagelayer_contact_templates":[],"_pagelayer_content":"","_mbp_gutenberg_autopost":false},"pwb-brand":[],"product_brand":[],"product_cat":[58,25],"product_tag":[],"class_list":{"0":"post-3575","1":"product","2":"type-product","3":"status-publish","4":"has-post-thumbnail","6":"product_cat-desktop","7":"product_cat-tecnologia-e-informatica","8":"product_shipping_class-logistica-quioske","10":"first","11":"instock","12":"featured","13":"shipping-taxable","14":"purchasable","15":"product-type-simple"},"yoast_head":"<!-- This site is optimized with the Yoast SEO plugin v27.2 - https:\/\/yoast.com\/product\/yoast-seo-wordpress\/ -->\n<title>Computador Lenovo Neo 50s G4 Intel Core I3 8GB SSD 256GB<\/title>\n<meta name=\"description\" content=\"Desktop Lenovo Neo 50s SFF G4 Intel i3 \u00e9 uma op\u00e7\u00e3o acess\u00edvel e eficiente, projetada para atender \u00e0s necessidades de produtividade no trabalho e escrit\u00f3rios.\" \/>\n<meta name=\"robots\" content=\"index, follow, max-snippet:-1, max-image-preview:large, max-video-preview:-1\" \/>\n<link rel=\"canonical\" href=\"https:\/\/elektrotec.com.br\/loja\/produto\/computador-lenovo-sff-thinkcentre-neo-50s-g4-intel-core-i3-13100-8gb-ssd-256gb-windows-11-pro\/\" \/>\n<meta property=\"og:locale\" content=\"pt_BR\" \/>\n<meta property=\"og:type\" content=\"article\" \/>\n<meta property=\"og:title\" content=\"Computador Lenovo Neo 50s G4 Intel Core I3 8GB SSD 256GB\" \/>\n<meta property=\"og:description\" content=\"Desktop Lenovo Neo 50s SFF G4 Intel i3 \u00e9 uma op\u00e7\u00e3o acess\u00edvel e eficiente, projetada para atender \u00e0s necessidades de produtividade no trabalho e escrit\u00f3rios.\" \/>\n<meta property=\"og:url\" content=\"https:\/\/elektrotec.com.br\/loja\/produto\/computador-lenovo-sff-thinkcentre-neo-50s-g4-intel-core-i3-13100-8gb-ssd-256gb-windows-11-pro\/\" \/>\n<meta property=\"og:site_name\" content=\"Elektrotec Store\" \/>\n<meta property=\"article:modified_time\" content=\"2025-02-27T21:44:50+00:00\" \/>\n<meta property=\"og:image\" content=\"https:\/\/elektrotec.com.br\/loja\/wp-content\/uploads\/2024\/12\/Computador-Lenovo-Neo-50s-G4-Intel-Core-I3-8GB-RAM-SSD-256GB-Windows-11-Pro-0.jpg\" \/>\n\t<meta property=\"og:image:width\" content=\"700\" \/>\n\t<meta property=\"og:image:height\" content=\"800\" \/>\n\t<meta property=\"og:image:type\" content=\"image\/jpeg\" \/>\n<meta name=\"twitter:card\" content=\"summary_large_image\" \/>\n<meta name=\"twitter:label1\" content=\"Est. tempo de leitura\" \/>\n\t<meta name=\"twitter:data1\" content=\"3 minutos\" \/>\n<script type=\"application\/ld+json\" class=\"yoast-schema-graph\">{\"@context\":\"https:\/\/schema.org\",\"@graph\":[{\"@type\":\"WebPage\",\"@id\":\"https:\/\/elektrotec.com.br\/loja\/produto\/computador-lenovo-sff-thinkcentre-neo-50s-g4-intel-core-i3-13100-8gb-ssd-256gb-windows-11-pro\/\",\"url\":\"https:\/\/elektrotec.com.br\/loja\/produto\/computador-lenovo-sff-thinkcentre-neo-50s-g4-intel-core-i3-13100-8gb-ssd-256gb-windows-11-pro\/\",\"name\":\"Computador Lenovo Neo 50s G4 Intel Core I3 8GB SSD 256GB\",\"isPartOf\":{\"@id\":\"https:\/\/elektrotec.com.br\/loja\/#website\"},\"primaryImageOfPage\":{\"@id\":\"https:\/\/elektrotec.com.br\/loja\/produto\/computador-lenovo-sff-thinkcentre-neo-50s-g4-intel-core-i3-13100-8gb-ssd-256gb-windows-11-pro\/#primaryimage\"},\"image\":{\"@id\":\"https:\/\/elektrotec.com.br\/loja\/produto\/computador-lenovo-sff-thinkcentre-neo-50s-g4-intel-core-i3-13100-8gb-ssd-256gb-windows-11-pro\/#primaryimage\"},\"thumbnailUrl\":\"https:\/\/i0.wp.com\/elektrotec.com.br\/loja\/wp-content\/uploads\/2024\/12\/Computador-Lenovo-Neo-50s-G4-Intel-Core-I3-8GB-RAM-SSD-256GB-Windows-11-Pro-0.jpg?fit=700%2C800&ssl=1\",\"datePublished\":\"2024-12-10T00:35:43+00:00\",\"dateModified\":\"2025-02-27T21:44:50+00:00\",\"description\":\"Desktop Lenovo Neo 50s SFF G4 Intel i3 \u00e9 uma op\u00e7\u00e3o acess\u00edvel e eficiente, projetada para atender \u00e0s necessidades de produtividade no trabalho e escrit\u00f3rios.\",\"breadcrumb\":{\"@id\":\"https:\/\/elektrotec.com.br\/loja\/produto\/computador-lenovo-sff-thinkcentre-neo-50s-g4-intel-core-i3-13100-8gb-ssd-256gb-windows-11-pro\/#breadcrumb\"},\"inLanguage\":\"pt-BR\",\"potentialAction\":[{\"@type\":\"ReadAction\",\"target\":[\"https:\/\/elektrotec.com.br\/loja\/produto\/computador-lenovo-sff-thinkcentre-neo-50s-g4-intel-core-i3-13100-8gb-ssd-256gb-windows-11-pro\/\"]}]},{\"@type\":\"ImageObject\",\"inLanguage\":\"pt-BR\",\"@id\":\"https:\/\/elektrotec.com.br\/loja\/produto\/computador-lenovo-sff-thinkcentre-neo-50s-g4-intel-core-i3-13100-8gb-ssd-256gb-windows-11-pro\/#primaryimage\",\"url\":\"https:\/\/i0.wp.com\/elektrotec.com.br\/loja\/wp-content\/uploads\/2024\/12\/Computador-Lenovo-Neo-50s-G4-Intel-Core-I3-8GB-RAM-SSD-256GB-Windows-11-Pro-0.jpg?fit=700%2C800&ssl=1\",\"contentUrl\":\"https:\/\/i0.wp.com\/elektrotec.com.br\/loja\/wp-content\/uploads\/2024\/12\/Computador-Lenovo-Neo-50s-G4-Intel-Core-I3-8GB-RAM-SSD-256GB-Windows-11-Pro-0.jpg?fit=700%2C800&ssl=1\",\"width\":700,\"height\":800},{\"@type\":\"BreadcrumbList\",\"@id\":\"https:\/\/elektrotec.com.br\/loja\/produto\/computador-lenovo-sff-thinkcentre-neo-50s-g4-intel-core-i3-13100-8gb-ssd-256gb-windows-11-pro\/#breadcrumb\",\"itemListElement\":[{\"@type\":\"ListItem\",\"position\":1,\"name\":\"Home\",\"item\":\"https:\/\/elektrotec.com.br\/loja\/\"},{\"@type\":\"ListItem\",\"position\":2,\"name\":\"Ofertas do dia \u26a1\",\"item\":\"https:\/\/elektrotec.com.br\/loja\/loja\/\"},{\"@type\":\"ListItem\",\"position\":3,\"name\":\"Computador Lenovo SFF Thinkcentre NEO 50S G4 Intel Core I3 13100 8GB SSD 256GB Windows 11 PRO\"}]},{\"@type\":\"WebSite\",\"@id\":\"https:\/\/elektrotec.com.br\/loja\/#website\",\"url\":\"https:\/\/elektrotec.com.br\/loja\/\",\"name\":\"Elektrotec Store\",\"description\":\"Solu\u00e7\u00f5es em Energia e Automa\u00e7\u00e3o Industrial\",\"publisher\":{\"@id\":\"https:\/\/elektrotec.com.br\/loja\/#organization\"},\"potentialAction\":[{\"@type\":\"SearchAction\",\"target\":{\"@type\":\"EntryPoint\",\"urlTemplate\":\"https:\/\/elektrotec.com.br\/loja\/?s={search_term_string}\"},\"query-input\":{\"@type\":\"PropertyValueSpecification\",\"valueRequired\":true,\"valueName\":\"search_term_string\"}}],\"inLanguage\":\"pt-BR\"},{\"@type\":\"Organization\",\"@id\":\"https:\/\/elektrotec.com.br\/loja\/#organization\",\"name\":\"Elektrotec\",\"url\":\"https:\/\/elektrotec.com.br\/loja\/\",\"logo\":{\"@type\":\"ImageObject\",\"inLanguage\":\"pt-BR\",\"@id\":\"https:\/\/elektrotec.com.br\/loja\/#\/schema\/logo\/image\/\",\"url\":\"https:\/\/i0.wp.com\/elektrotec.com.br\/loja\/wp-content\/uploads\/2025\/05\/Logo-site-Elektrotec-Energy-1.webp?fit=270%2C70&ssl=1\",\"contentUrl\":\"https:\/\/i0.wp.com\/elektrotec.com.br\/loja\/wp-content\/uploads\/2025\/05\/Logo-site-Elektrotec-Energy-1.webp?fit=270%2C70&ssl=1\",\"width\":270,\"height\":70,\"caption\":\"Elektrotec\"},\"image\":{\"@id\":\"https:\/\/elektrotec.com.br\/loja\/#\/schema\/logo\/image\/\"}}]}<\/script>\n<!-- \/ Yoast SEO plugin. -->","yoast_head_json":{"title":"Computador Lenovo Neo 50s G4 Intel Core I3 8GB SSD 256GB","description":"Desktop Lenovo Neo 50s SFF G4 Intel i3 \u00e9 uma op\u00e7\u00e3o acess\u00edvel e eficiente, projetada para atender \u00e0s necessidades de produtividade no trabalho e escrit\u00f3rios.","robots":{"index":"index","follow":"follow","max-snippet":"max-snippet:-1","max-image-preview":"max-image-preview:large","max-video-preview":"max-video-preview:-1"},"canonical":"https:\/\/elektrotec.com.br\/loja\/produto\/computador-lenovo-sff-thinkcentre-neo-50s-g4-intel-core-i3-13100-8gb-ssd-256gb-windows-11-pro\/","og_locale":"pt_BR","og_type":"article","og_title":"Computador Lenovo Neo 50s G4 Intel Core I3 8GB SSD 256GB","og_description":"Desktop Lenovo Neo 50s SFF G4 Intel i3 \u00e9 uma op\u00e7\u00e3o acess\u00edvel e eficiente, projetada para atender \u00e0s necessidades de produtividade no trabalho e escrit\u00f3rios.","og_url":"https:\/\/elektrotec.com.br\/loja\/produto\/computador-lenovo-sff-thinkcentre-neo-50s-g4-intel-core-i3-13100-8gb-ssd-256gb-windows-11-pro\/","og_site_name":"Elektrotec Store","article_modified_time":"2025-02-27T21:44:50+00:00","og_image":[{"width":700,"height":800,"url":"https:\/\/elektrotec.com.br\/loja\/wp-content\/uploads\/2024\/12\/Computador-Lenovo-Neo-50s-G4-Intel-Core-I3-8GB-RAM-SSD-256GB-Windows-11-Pro-0.jpg","type":"image\/jpeg"}],"twitter_card":"summary_large_image","twitter_misc":{"Est. tempo de leitura":"3 minutos"},"schema":{"@context":"https:\/\/schema.org","@graph":[{"@type":"WebPage","@id":"https:\/\/elektrotec.com.br\/loja\/produto\/computador-lenovo-sff-thinkcentre-neo-50s-g4-intel-core-i3-13100-8gb-ssd-256gb-windows-11-pro\/","url":"https:\/\/elektrotec.com.br\/loja\/produto\/computador-lenovo-sff-thinkcentre-neo-50s-g4-intel-core-i3-13100-8gb-ssd-256gb-windows-11-pro\/","name":"Computador Lenovo Neo 50s G4 Intel Core I3 8GB SSD 256GB","isPartOf":{"@id":"https:\/\/elektrotec.com.br\/loja\/#website"},"primaryImageOfPage":{"@id":"https:\/\/elektrotec.com.br\/loja\/produto\/computador-lenovo-sff-thinkcentre-neo-50s-g4-intel-core-i3-13100-8gb-ssd-256gb-windows-11-pro\/#primaryimage"},"image":{"@id":"https:\/\/elektrotec.com.br\/loja\/produto\/computador-lenovo-sff-thinkcentre-neo-50s-g4-intel-core-i3-13100-8gb-ssd-256gb-windows-11-pro\/#primaryimage"},"thumbnailUrl":"https:\/\/i0.wp.com\/elektrotec.com.br\/loja\/wp-content\/uploads\/2024\/12\/Computador-Lenovo-Neo-50s-G4-Intel-Core-I3-8GB-RAM-SSD-256GB-Windows-11-Pro-0.jpg?fit=700%2C800&ssl=1","datePublished":"2024-12-10T00:35:43+00:00","dateModified":"2025-02-27T21:44:50+00:00","description":"Desktop Lenovo Neo 50s SFF G4 Intel i3 \u00e9 uma op\u00e7\u00e3o acess\u00edvel e eficiente, projetada para atender \u00e0s necessidades de produtividade no trabalho e escrit\u00f3rios.","breadcrumb":{"@id":"https:\/\/elektrotec.com.br\/loja\/produto\/computador-lenovo-sff-thinkcentre-neo-50s-g4-intel-core-i3-13100-8gb-ssd-256gb-windows-11-pro\/#breadcrumb"},"inLanguage":"pt-BR","potentialAction":[{"@type":"ReadAction","target":["https:\/\/elektrotec.com.br\/loja\/produto\/computador-lenovo-sff-thinkcentre-neo-50s-g4-intel-core-i3-13100-8gb-ssd-256gb-windows-11-pro\/"]}]},{"@type":"ImageObject","inLanguage":"pt-BR","@id":"https:\/\/elektrotec.com.br\/loja\/produto\/computador-lenovo-sff-thinkcentre-neo-50s-g4-intel-core-i3-13100-8gb-ssd-256gb-windows-11-pro\/#primaryimage","url":"https:\/\/i0.wp.com\/elektrotec.com.br\/loja\/wp-content\/uploads\/2024\/12\/Computador-Lenovo-Neo-50s-G4-Intel-Core-I3-8GB-RAM-SSD-256GB-Windows-11-Pro-0.jpg?fit=700%2C800&ssl=1","contentUrl":"https:\/\/i0.wp.com\/elektrotec.com.br\/loja\/wp-content\/uploads\/2024\/12\/Computador-Lenovo-Neo-50s-G4-Intel-Core-I3-8GB-RAM-SSD-256GB-Windows-11-Pro-0.jpg?fit=700%2C800&ssl=1","width":700,"height":800},{"@type":"BreadcrumbList","@id":"https:\/\/elektrotec.com.br\/loja\/produto\/computador-lenovo-sff-thinkcentre-neo-50s-g4-intel-core-i3-13100-8gb-ssd-256gb-windows-11-pro\/#breadcrumb","itemListElement":[{"@type":"ListItem","position":1,"name":"Home","item":"https:\/\/elektrotec.com.br\/loja\/"},{"@type":"ListItem","position":2,"name":"Ofertas do dia \u26a1","item":"https:\/\/elektrotec.com.br\/loja\/loja\/"},{"@type":"ListItem","position":3,"name":"Computador Lenovo SFF Thinkcentre NEO 50S G4 Intel Core I3 13100 8GB SSD 256GB Windows 11 PRO"}]},{"@type":"WebSite","@id":"https:\/\/elektrotec.com.br\/loja\/#website","url":"https:\/\/elektrotec.com.br\/loja\/","name":"Elektrotec Store","description":"Solu\u00e7\u00f5es em Energia e Automa\u00e7\u00e3o Industrial","publisher":{"@id":"https:\/\/elektrotec.com.br\/loja\/#organization"},"potentialAction":[{"@type":"SearchAction","target":{"@type":"EntryPoint","urlTemplate":"https:\/\/elektrotec.com.br\/loja\/?s={search_term_string}"},"query-input":{"@type":"PropertyValueSpecification","valueRequired":true,"valueName":"search_term_string"}}],"inLanguage":"pt-BR"},{"@type":"Organization","@id":"https:\/\/elektrotec.com.br\/loja\/#organization","name":"Elektrotec","url":"https:\/\/elektrotec.com.br\/loja\/","logo":{"@type":"ImageObject","inLanguage":"pt-BR","@id":"https:\/\/elektrotec.com.br\/loja\/#\/schema\/logo\/image\/","url":"https:\/\/i0.wp.com\/elektrotec.com.br\/loja\/wp-content\/uploads\/2025\/05\/Logo-site-Elektrotec-Energy-1.webp?fit=270%2C70&ssl=1","contentUrl":"https:\/\/i0.wp.com\/elektrotec.com.br\/loja\/wp-content\/uploads\/2025\/05\/Logo-site-Elektrotec-Energy-1.webp?fit=270%2C70&ssl=1","width":270,"height":70,"caption":"Elektrotec"},"image":{"@id":"https:\/\/elektrotec.com.br\/loja\/#\/schema\/logo\/image\/"}}]}},"jetpack_sharing_enabled":true,"brands":[],"_links":{"self":[{"href":"https:\/\/elektrotec.com.br\/loja\/wp-json\/wp\/v2\/product\/3575","targetHints":{"allow":["GET"]}}],"collection":[{"href":"https:\/\/elektrotec.com.br\/loja\/wp-json\/wp\/v2\/product"}],"about":[{"href":"https:\/\/elektrotec.com.br\/loja\/wp-json\/wp\/v2\/types\/product"}],"replies":[{"embeddable":true,"href":"https:\/\/elektrotec.com.br\/loja\/wp-json\/wp\/v2\/comments?post=3575"}],"wp:featuredmedia":[{"embeddable":true,"href":"https:\/\/elektrotec.com.br\/loja\/wp-json\/wp\/v2\/media\/3576"}],"wp:attachment":[{"href":"https:\/\/elektrotec.com.br\/loja\/wp-json\/wp\/v2\/media?parent=3575"}],"wp:term":[{"taxonomy":"pwb-brand","embeddable":true,"href":"https:\/\/elektrotec.com.br\/loja\/wp-json\/wp\/v2\/pwb-brand?post=3575"},{"taxonomy":"product_brand","embeddable":true,"href":"https:\/\/elektrotec.com.br\/loja\/wp-json\/wp\/v2\/product_brand?post=3575"},{"taxonomy":"product_cat","embeddable":true,"href":"https:\/\/elektrotec.com.br\/loja\/wp-json\/wp\/v2\/product_cat?post=3575"},{"taxonomy":"product_tag","embeddable":true,"href":"https:\/\/elektrotec.com.br\/loja\/wp-json\/wp\/v2\/product_tag?post=3575"}],"curies":[{"name":"wp","href":"https:\/\/api.w.org\/{rel}","templated":true}]}}