{"id":3565,"date":"2024-12-05T21:12:22","date_gmt":"2024-12-06T00:12:22","guid":{"rendered":"https:\/\/quioske.com.br\/?post_type=product&#038;p=3565"},"modified":"2025-02-26T21:27:32","modified_gmt":"2025-02-27T00:27:32","slug":"notebook-lenovo-v15-g3-iap-intel-core-i5-1235u-8gb-ssd-256gb-156-fhd-free-dos-windows-11-pro-preto","status":"publish","type":"product","link":"https:\/\/elektrotec.com.br\/loja\/produto\/notebook-lenovo-v15-g3-iap-intel-core-i5-1235u-8gb-ssd-256gb-156-fhd-free-dos-windows-11-pro-preto\/","title":{"rendered":"Notebook Lenovo V15 G3 IAP Intel Core I5 1235U 8GB SSD 256GB 15,6&#8243; FHD Free Dos, Windows 11 Pro, Preto"},"content":{"rendered":"<div class=\"wpb-content-wrapper\"><p>[vc_row woodmart_css_id=&#8221;6752422f7b9da&#8221; responsive_spacing=&#8221;eyJwYXJhbV90eXBlIjoid29vZG1hcnRfcmVzcG9uc2l2ZV9zcGFjaW5nIiwic2VsZWN0b3JfaWQiOiI2NzUyNDIyZjdiOWRhIiwic2hvcnRjb2RlIjoidmNfcm93IiwiZGF0YSI6eyJ0YWJsZXQiOnt9LCJtb2JpbGUiOnt9fX0=&#8221; mobile_bg_img_hidden=&#8221;no&#8221; tablet_bg_img_hidden=&#8221;no&#8221; woodmart_parallax=&#8221;0&#8243; woodmart_gradient_switch=&#8221;no&#8221; woodmart_box_shadow=&#8221;no&#8221; wd_z_index=&#8221;no&#8221; woodmart_disable_overflow=&#8221;0&#8243; row_reverse_mobile=&#8221;0&#8243; row_reverse_tablet=&#8221;0&#8243; el_id=&#8221;codigo-71929&#8243;][vc_column css=&#8221;.vc_custom_1666272391679{padding-top: 0px !important;}&#8221; woodmart_css_id=&#8221;63514c8260958&#8243; parallax_scroll=&#8221;no&#8221; woodmart_sticky_column=&#8221;false&#8221; wd_collapsible_content_switcher=&#8221;no&#8221; wd_column_role_offcanvas_desktop=&#8221;no&#8221; wd_column_role_offcanvas_tablet=&#8221;no&#8221; wd_column_role_offcanvas_mobile=&#8221;no&#8221; wd_column_role_content_desktop=&#8221;no&#8221; wd_column_role_content_tablet=&#8221;no&#8221; wd_column_role_content_mobile=&#8221;no&#8221; mobile_bg_img_hidden=&#8221;no&#8221; tablet_bg_img_hidden=&#8221;no&#8221; woodmart_parallax=&#8221;0&#8243; woodmart_box_shadow=&#8221;no&#8221; responsive_spacing=&#8221;eyJwYXJhbV90eXBlIjoid29vZG1hcnRfcmVzcG9uc2l2ZV9zcGFjaW5nIiwic2VsZWN0b3JfaWQiOiI2MzUxNGM4MjYwOTU4Iiwic2hvcnRjb2RlIjoidmNfY29sdW1uIiwiZGF0YSI6eyJ0YWJsZXQiOnt9LCJtb2JpbGUiOnt9fX0=&#8221; mobile_reset_margin=&#8221;no&#8221; tablet_reset_margin=&#8221;no&#8221; wd_z_index=&#8221;no&#8221;]\t\t<div id=\"wd-675788d7c4be2\" class=\"wd-text-block wd-wpb reset-last-child wd-rs-675788d7c4be2 text-center vc_custom_1733789942235\">\n\t\t\t<p><img data-recalc-dims=\"1\" loading=\"lazy\" decoding=\"async\" class=\"aligncenter wp-image-3574 size-full\" src=\"https:\/\/i0.wp.com\/elektrotec.com.br\/loja\/wp-content\/uploads\/2024\/12\/NO7B9C1.jpg?resize=995%2C754&#038;ssl=1\" alt=\"\" width=\"995\" height=\"754\" srcset=\"https:\/\/i0.wp.com\/elektrotec.com.br\/loja\/wp-content\/uploads\/2024\/12\/NO7B9C1.jpg?w=995&amp;ssl=1 995w, https:\/\/i0.wp.com\/elektrotec.com.br\/loja\/wp-content\/uploads\/2024\/12\/NO7B9C1.jpg?resize=300%2C227&amp;ssl=1 300w, https:\/\/i0.wp.com\/elektrotec.com.br\/loja\/wp-content\/uploads\/2024\/12\/NO7B9C1.jpg?resize=768%2C582&amp;ssl=1 768w, https:\/\/i0.wp.com\/elektrotec.com.br\/loja\/wp-content\/uploads\/2024\/12\/NO7B9C1.jpg?resize=150%2C114&amp;ssl=1 150w\" sizes=\"auto, (max-width: 995px) 100vw, 995px\" \/><\/p>\n\t\t<\/div>\n\t\t[\/vc_column][\/vc_row][vc_row][vc_column woodmart_css_id=&#8221;667c81fba6236&#8243; parallax_scroll=&#8221;no&#8221; woodmart_sticky_column=&#8221;false&#8221; wd_collapsible_content_switcher=&#8221;no&#8221; wd_column_role_offcanvas_desktop=&#8221;no&#8221; wd_column_role_offcanvas_tablet=&#8221;no&#8221; wd_column_role_offcanvas_mobile=&#8221;no&#8221; wd_column_role_content_desktop=&#8221;no&#8221; wd_column_role_content_tablet=&#8221;no&#8221; wd_column_role_content_mobile=&#8221;no&#8221; mobile_bg_img_hidden=&#8221;no&#8221; tablet_bg_img_hidden=&#8221;no&#8221; woodmart_parallax=&#8221;0&#8243; woodmart_box_shadow=&#8221;no&#8221; responsive_spacing=&#8221;eyJwYXJhbV90eXBlIjoid29vZG1hcnRfcmVzcG9uc2l2ZV9zcGFjaW5nIiwic2VsZWN0b3JfaWQiOiI2NjdjODFmYmE2MjM2Iiwic2hvcnRjb2RlIjoidmNfY29sdW1uIiwiZGF0YSI6eyJ0YWJsZXQiOnt9LCJtb2JpbGUiOnt9fX0=&#8221; mobile_reset_margin=&#8221;no&#8221; tablet_reset_margin=&#8221;no&#8221; wd_z_index=&#8221;no&#8221; css=&#8221;.vc_custom_1719435784581{margin-top: -60px !important;}&#8221;][vc_separator border_width=&#8221;3&#8243; css=&#8221;.vc_custom_1731708518955{margin-top: 50px !important;margin-bottom: 50px !important;}&#8221; wd_hide_on_desktop=&#8221;no&#8221; wd_hide_on_tablet=&#8221;no&#8221; wd_hide_on_mobile=&#8221;no&#8221;][\/vc_column][\/vc_row][vc_row woodmart_css_id=&#8221;6351519a61682&#8243; responsive_spacing=&#8221;eyJwYXJhbV90eXBlIjoid29vZG1hcnRfcmVzcG9uc2l2ZV9zcGFjaW5nIiwic2VsZWN0b3JfaWQiOiI2MzUxNTE5YTYxNjgyIiwic2hvcnRjb2RlIjoidmNfcm93IiwiZGF0YSI6eyJ0YWJsZXQiOnt9LCJtb2JpbGUiOnt9fX0=&#8221; mobile_bg_img_hidden=&#8221;no&#8221; tablet_bg_img_hidden=&#8221;no&#8221; woodmart_parallax=&#8221;0&#8243; woodmart_gradient_switch=&#8221;no&#8221; woodmart_box_shadow=&#8221;no&#8221; wd_z_index=&#8221;no&#8221; woodmart_disable_overflow=&#8221;0&#8243; row_reverse_mobile=&#8221;0&#8243; row_reverse_tablet=&#8221;0&#8243;][vc_column css=&#8221;.vc_custom_1669033735057{padding-top: 0px !important;}&#8221; woodmart_css_id=&#8221;637b6f036ef34&#8243; parallax_scroll=&#8221;no&#8221; woodmart_sticky_column=&#8221;false&#8221; wd_collapsible_content_switcher=&#8221;no&#8221; wd_column_role_offcanvas_desktop=&#8221;no&#8221; wd_column_role_offcanvas_tablet=&#8221;no&#8221; wd_column_role_offcanvas_mobile=&#8221;no&#8221; wd_column_role_content_desktop=&#8221;no&#8221; wd_column_role_content_tablet=&#8221;no&#8221; wd_column_role_content_mobile=&#8221;no&#8221; mobile_bg_img_hidden=&#8221;no&#8221; tablet_bg_img_hidden=&#8221;no&#8221; woodmart_parallax=&#8221;0&#8243; woodmart_box_shadow=&#8221;no&#8221; responsive_spacing=&#8221;eyJwYXJhbV90eXBlIjoid29vZG1hcnRfcmVzcG9uc2l2ZV9zcGFjaW5nIiwic2VsZWN0b3JfaWQiOiI2MzdiNmYwMzZlZjM0Iiwic2hvcnRjb2RlIjoidmNfY29sdW1uIiwiZGF0YSI6eyJ0YWJsZXQiOnt9LCJtb2JpbGUiOnt9fX0=&#8221; mobile_reset_margin=&#8221;no&#8221; tablet_reset_margin=&#8221;no&#8221; wd_z_index=&#8221;no&#8221;]\n\t\t<div id=\"wd-667ca27edb170\" class=\"title-wrapper wd-wpb wd-set-mb reset-last-child  wd-rs-667ca27edb170 wd-title-color-default wd-title-style-default text-left vc_custom_1719444410298 wd-underline-colored\">\n\t\t\t\n\t\t\t<div class=\"liner-continer\">\n\t\t\t\t<h4 class=\"woodmart-title-container title  wd-font-weight-700 wd-fontsize-l\" >\ud83d\udccc Especifica\u00e7\u00f5es T\u00e9cnicas:<\/h4>\n\t\t\t\t\t\t\t<\/div>\n\t\t\t\n\t\t\t\n\t\t\t\n\t\t<\/div>\n\t\t\n\t\t\t\t<div id=\"wd-67bf922dea384\" class=\"wd-text-block wd-wpb reset-last-child wd-rs-67bf922dea384 text-left vc_custom_1740608527972\">\n\t\t\t<h4>Caracter\u00edsticas:<\/h4>\n<h4>Marca:<\/h4>\n<ul>\n<li>Lenovo<\/li>\n<\/ul>\n<h4>Modelo:<\/h4>\n<ul>\n<li>82UM000GBR<\/li>\n<\/ul>\n<h4>Processador:<\/h4>\n<ul>\n<li>Intel\u00ae Core\u2122 i5-1235U, 10C (2P + 8E) \/ 12T, P-core 1.3 \/ 4.4GHz, E-core 0.9 \/ 3.3GHz, 12MB<\/li>\n<\/ul>\n<h4>Mem\u00f3ria:<\/h4>\n<ul>\n<li>8GB DDR4-3200 soldado.<\/li>\n<li>Uma mem\u00f3ria soldada \u00e0 placa-m\u00e3e, um DDR4 SO-DIMM slot, compat\u00edvel com canal duplo.<\/li>\n<li>At\u00e9 16 GB (8 GB soldados + 8 GB SO-DIMM) DDR4-3200.<\/li>\n<\/ul>\n<h4>Armazenamento:<\/h4>\n<ul>\n<li>SSD de 256 GB M.2 2242 PCIe\u00ae 4.0&#215;4 NVMe\u00ae + compartimento de disco r\u00edgido vazio<\/li>\n<li>Tela: 15.6&#8243; FHD (1920&#215;1080) TN 250nits Anti-glare<\/li>\n<\/ul>\n<h4>Placa de V\u00eddeo:<\/h4>\n<ul>\n<li>Integrated Intel\u00ae Iris\u00ae Xe Graphics Functions as UHD Graphics<\/li>\n<li>Conex\u00e3o Wireless: Ethernet<\/li>\n<li>100\/1000M (RJ-45)<\/li>\n<li>WLAN + Bluetooth\u00ae<\/li>\n<li>11ac 2&#215;2 + BT5.1<\/li>\n<\/ul>\n<h4>C\u00e2mera:<\/h4>\n<ul>\n<li>HD 720p com obturador de privacidade<\/li>\n<\/ul>\n<h4>Microfone:<\/h4>\n<ul>\n<li>2x, Array<\/li>\n<\/ul>\n<h4>\u00c1udio:<\/h4>\n<ul>\n<li>\u00c1udio de alta defini\u00e7\u00e3o (HD), codec Realtek\u00ae ALC3287<\/li>\n<li>Alto-falantes est\u00e9reo, 1,5 W x2, Dolby\u00ae Audio\u2122<\/li>\n<\/ul>\n<h4>Portas:<\/h4>\n<ul>\n<li>1 x USB 2.0<\/li>\n<li>1 x USB 3.2 Gen 1<\/li>\n<li>1 x USB-C\u00ae 3.2 Gen 1 (support data transfer, Power Delivery 3.0 and DisplayPort\u2122 1.2)<\/li>\n<li>1 x HDMI\u00ae 1.4b<\/li>\n<li>1 x Headphone \/ microphone combo jack (3.5mm)<\/li>\n<li>1 x Ethernet (RJ-45)<\/li>\n<li>1 x Power connector<\/li>\n<\/ul>\n<h4>Teclado:<\/h4>\n<ul>\n<li>Sem retroilumina\u00e7\u00e3o, Portugu\u00eas (BR)<\/li>\n<\/ul>\n<h4>Bateria:<\/h4>\n<ul>\n<li>38Wh integrado<\/li>\n<li>Adaptador de energia: Ponta redonda de 65 W (3 pinos)<\/li>\n<\/ul>\n<h4>Dimens\u00f5es:<\/h4>\n<ul>\n<li>359 x 236 x 19.9 mm<strong><br \/>\n<\/strong><\/li>\n<\/ul>\n\t\t<\/div>\n\t\t[\/vc_column][\/vc_row]<\/p>\n<\/div>","protected":false},"excerpt":{"rendered":"<p><strong>C\u00f3digo:<\/strong> <a href=\"#\">71929<\/a>\u00a0 \u00a0<strong>|<\/strong>\u00a0 \u00a0<strong>Mais produtos:<\/strong> <a href=\"https:\/\/elektrotec.com.br\/loja\/loja\/?filter_marcas=lenovo\">Lenovo<\/a>\u00a0 \u00a0<strong>|<\/strong>\u00a0 \u00a0<a href=\"https:\/\/elektrotec.com.br\/loja\/produto\/notebook-lenovo-v15-g3-iap-intel-core-i5-1235u-8gb-ssd-256gb-156-fhd-free-dos-windows-11-pro-preto\/#codigo-71929\"><strong>Descri\u00e7\u00e3o do produto<\/strong><\/a><\/p>\n","protected":false},"featured_media":3571,"comment_status":"open","ping_status":"closed","template":"","meta":{"pagelayer_contact_templates":[],"_pagelayer_content":"","_mbp_gutenberg_autopost":false},"pwb-brand":[],"product_brand":[],"product_cat":[62,56,25],"product_tag":[],"class_list":{"0":"post-3565","1":"product","2":"type-product","3":"status-publish","4":"has-post-thumbnail","6":"product_cat-notebook-intel","7":"product_cat-notebooks","8":"product_cat-tecnologia-e-informatica","9":"product_shipping_class-logistica-quioske","11":"first","12":"instock","13":"featured","14":"shipping-taxable","15":"purchasable","16":"product-type-simple"},"yoast_head":"<!-- This site is optimized with the Yoast SEO plugin v27.2 - https:\/\/yoast.com\/product\/yoast-seo-wordpress\/ -->\n<title>Notebook Lenovo V15 G3 IAP Intel Core I5 1235U 8GB SSD 15,6&quot;<\/title>\n<meta name=\"description\" content=\"Ideal para trabalhar ou estudar em tr\u00e2nsito, o Lenovo V15 oferece valor excepcional por um notebook de n\u00edvel b\u00e1sico. Equipado com processadores Intel Core.\" \/>\n<meta name=\"robots\" content=\"index, follow, max-snippet:-1, max-image-preview:large, max-video-preview:-1\" \/>\n<link rel=\"canonical\" href=\"https:\/\/elektrotec.com.br\/loja\/produto\/notebook-lenovo-v15-g3-iap-intel-core-i5-1235u-8gb-ssd-256gb-156-fhd-free-dos-windows-11-pro-preto\/\" \/>\n<meta property=\"og:locale\" content=\"pt_BR\" \/>\n<meta property=\"og:type\" content=\"article\" \/>\n<meta property=\"og:title\" content=\"Notebook Lenovo V15 G3 IAP Intel Core I5 1235U 8GB SSD 15,6&quot;\" \/>\n<meta property=\"og:description\" content=\"Ideal para trabalhar ou estudar em tr\u00e2nsito, o Lenovo V15 oferece valor excepcional por um notebook de n\u00edvel b\u00e1sico. Equipado com processadores Intel Core.\" \/>\n<meta property=\"og:url\" content=\"https:\/\/elektrotec.com.br\/loja\/produto\/notebook-lenovo-v15-g3-iap-intel-core-i5-1235u-8gb-ssd-256gb-156-fhd-free-dos-windows-11-pro-preto\/\" \/>\n<meta property=\"og:site_name\" content=\"Elektrotec Store\" \/>\n<meta property=\"article:modified_time\" content=\"2025-02-27T00:27:32+00:00\" \/>\n<meta property=\"og:image\" content=\"https:\/\/elektrotec.com.br\/loja\/wp-content\/uploads\/2024\/12\/NO50341.jpg\" \/>\n\t<meta property=\"og:image:width\" content=\"700\" \/>\n\t<meta property=\"og:image:height\" content=\"800\" \/>\n\t<meta property=\"og:image:type\" content=\"image\/jpeg\" \/>\n<meta name=\"twitter:card\" content=\"summary_large_image\" \/>\n<meta name=\"twitter:label1\" content=\"Est. tempo de leitura\" \/>\n\t<meta name=\"twitter:data1\" content=\"3 minutos\" \/>\n<script type=\"application\/ld+json\" class=\"yoast-schema-graph\">{\"@context\":\"https:\/\/schema.org\",\"@graph\":[{\"@type\":\"WebPage\",\"@id\":\"https:\/\/elektrotec.com.br\/loja\/produto\/notebook-lenovo-v15-g3-iap-intel-core-i5-1235u-8gb-ssd-256gb-156-fhd-free-dos-windows-11-pro-preto\/\",\"url\":\"https:\/\/elektrotec.com.br\/loja\/produto\/notebook-lenovo-v15-g3-iap-intel-core-i5-1235u-8gb-ssd-256gb-156-fhd-free-dos-windows-11-pro-preto\/\",\"name\":\"Notebook Lenovo V15 G3 IAP Intel Core I5 1235U 8GB SSD 15,6\\\"\",\"isPartOf\":{\"@id\":\"https:\/\/elektrotec.com.br\/loja\/#website\"},\"primaryImageOfPage\":{\"@id\":\"https:\/\/elektrotec.com.br\/loja\/produto\/notebook-lenovo-v15-g3-iap-intel-core-i5-1235u-8gb-ssd-256gb-156-fhd-free-dos-windows-11-pro-preto\/#primaryimage\"},\"image\":{\"@id\":\"https:\/\/elektrotec.com.br\/loja\/produto\/notebook-lenovo-v15-g3-iap-intel-core-i5-1235u-8gb-ssd-256gb-156-fhd-free-dos-windows-11-pro-preto\/#primaryimage\"},\"thumbnailUrl\":\"https:\/\/i0.wp.com\/elektrotec.com.br\/loja\/wp-content\/uploads\/2024\/12\/NO50341.jpg?fit=700%2C800&ssl=1\",\"datePublished\":\"2024-12-06T00:12:22+00:00\",\"dateModified\":\"2025-02-27T00:27:32+00:00\",\"description\":\"Ideal para trabalhar ou estudar em tr\u00e2nsito, o Lenovo V15 oferece valor excepcional por um notebook de n\u00edvel b\u00e1sico. Equipado com processadores Intel Core.\",\"breadcrumb\":{\"@id\":\"https:\/\/elektrotec.com.br\/loja\/produto\/notebook-lenovo-v15-g3-iap-intel-core-i5-1235u-8gb-ssd-256gb-156-fhd-free-dos-windows-11-pro-preto\/#breadcrumb\"},\"inLanguage\":\"pt-BR\",\"potentialAction\":[{\"@type\":\"ReadAction\",\"target\":[\"https:\/\/elektrotec.com.br\/loja\/produto\/notebook-lenovo-v15-g3-iap-intel-core-i5-1235u-8gb-ssd-256gb-156-fhd-free-dos-windows-11-pro-preto\/\"]}]},{\"@type\":\"ImageObject\",\"inLanguage\":\"pt-BR\",\"@id\":\"https:\/\/elektrotec.com.br\/loja\/produto\/notebook-lenovo-v15-g3-iap-intel-core-i5-1235u-8gb-ssd-256gb-156-fhd-free-dos-windows-11-pro-preto\/#primaryimage\",\"url\":\"https:\/\/i0.wp.com\/elektrotec.com.br\/loja\/wp-content\/uploads\/2024\/12\/NO50341.jpg?fit=700%2C800&ssl=1\",\"contentUrl\":\"https:\/\/i0.wp.com\/elektrotec.com.br\/loja\/wp-content\/uploads\/2024\/12\/NO50341.jpg?fit=700%2C800&ssl=1\",\"width\":700,\"height\":800},{\"@type\":\"BreadcrumbList\",\"@id\":\"https:\/\/elektrotec.com.br\/loja\/produto\/notebook-lenovo-v15-g3-iap-intel-core-i5-1235u-8gb-ssd-256gb-156-fhd-free-dos-windows-11-pro-preto\/#breadcrumb\",\"itemListElement\":[{\"@type\":\"ListItem\",\"position\":1,\"name\":\"Home\",\"item\":\"https:\/\/elektrotec.com.br\/loja\/\"},{\"@type\":\"ListItem\",\"position\":2,\"name\":\"Ofertas do dia \u26a1\",\"item\":\"https:\/\/elektrotec.com.br\/loja\/loja\/\"},{\"@type\":\"ListItem\",\"position\":3,\"name\":\"Notebook Lenovo V15 G3 IAP Intel Core I5 1235U 8GB SSD 256GB 15,6&#8243; FHD Free Dos, Windows 11 Pro, Preto\"}]},{\"@type\":\"WebSite\",\"@id\":\"https:\/\/elektrotec.com.br\/loja\/#website\",\"url\":\"https:\/\/elektrotec.com.br\/loja\/\",\"name\":\"Elektrotec Store\",\"description\":\"Solu\u00e7\u00f5es em Energia e Automa\u00e7\u00e3o Industrial\",\"publisher\":{\"@id\":\"https:\/\/elektrotec.com.br\/loja\/#organization\"},\"potentialAction\":[{\"@type\":\"SearchAction\",\"target\":{\"@type\":\"EntryPoint\",\"urlTemplate\":\"https:\/\/elektrotec.com.br\/loja\/?s={search_term_string}\"},\"query-input\":{\"@type\":\"PropertyValueSpecification\",\"valueRequired\":true,\"valueName\":\"search_term_string\"}}],\"inLanguage\":\"pt-BR\"},{\"@type\":\"Organization\",\"@id\":\"https:\/\/elektrotec.com.br\/loja\/#organization\",\"name\":\"Elektrotec\",\"url\":\"https:\/\/elektrotec.com.br\/loja\/\",\"logo\":{\"@type\":\"ImageObject\",\"inLanguage\":\"pt-BR\",\"@id\":\"https:\/\/elektrotec.com.br\/loja\/#\/schema\/logo\/image\/\",\"url\":\"https:\/\/i0.wp.com\/elektrotec.com.br\/loja\/wp-content\/uploads\/2025\/05\/Logo-site-Elektrotec-Energy-1.webp?fit=270%2C70&ssl=1\",\"contentUrl\":\"https:\/\/i0.wp.com\/elektrotec.com.br\/loja\/wp-content\/uploads\/2025\/05\/Logo-site-Elektrotec-Energy-1.webp?fit=270%2C70&ssl=1\",\"width\":270,\"height\":70,\"caption\":\"Elektrotec\"},\"image\":{\"@id\":\"https:\/\/elektrotec.com.br\/loja\/#\/schema\/logo\/image\/\"}}]}<\/script>\n<!-- \/ Yoast SEO plugin. -->","yoast_head_json":{"title":"Notebook Lenovo V15 G3 IAP Intel Core I5 1235U 8GB SSD 15,6\"","description":"Ideal para trabalhar ou estudar em tr\u00e2nsito, o Lenovo V15 oferece valor excepcional por um notebook de n\u00edvel b\u00e1sico. Equipado com processadores Intel Core.","robots":{"index":"index","follow":"follow","max-snippet":"max-snippet:-1","max-image-preview":"max-image-preview:large","max-video-preview":"max-video-preview:-1"},"canonical":"https:\/\/elektrotec.com.br\/loja\/produto\/notebook-lenovo-v15-g3-iap-intel-core-i5-1235u-8gb-ssd-256gb-156-fhd-free-dos-windows-11-pro-preto\/","og_locale":"pt_BR","og_type":"article","og_title":"Notebook Lenovo V15 G3 IAP Intel Core I5 1235U 8GB SSD 15,6\"","og_description":"Ideal para trabalhar ou estudar em tr\u00e2nsito, o Lenovo V15 oferece valor excepcional por um notebook de n\u00edvel b\u00e1sico. Equipado com processadores Intel Core.","og_url":"https:\/\/elektrotec.com.br\/loja\/produto\/notebook-lenovo-v15-g3-iap-intel-core-i5-1235u-8gb-ssd-256gb-156-fhd-free-dos-windows-11-pro-preto\/","og_site_name":"Elektrotec Store","article_modified_time":"2025-02-27T00:27:32+00:00","og_image":[{"width":700,"height":800,"url":"https:\/\/elektrotec.com.br\/loja\/wp-content\/uploads\/2024\/12\/NO50341.jpg","type":"image\/jpeg"}],"twitter_card":"summary_large_image","twitter_misc":{"Est. tempo de leitura":"3 minutos"},"schema":{"@context":"https:\/\/schema.org","@graph":[{"@type":"WebPage","@id":"https:\/\/elektrotec.com.br\/loja\/produto\/notebook-lenovo-v15-g3-iap-intel-core-i5-1235u-8gb-ssd-256gb-156-fhd-free-dos-windows-11-pro-preto\/","url":"https:\/\/elektrotec.com.br\/loja\/produto\/notebook-lenovo-v15-g3-iap-intel-core-i5-1235u-8gb-ssd-256gb-156-fhd-free-dos-windows-11-pro-preto\/","name":"Notebook Lenovo V15 G3 IAP Intel Core I5 1235U 8GB SSD 15,6\"","isPartOf":{"@id":"https:\/\/elektrotec.com.br\/loja\/#website"},"primaryImageOfPage":{"@id":"https:\/\/elektrotec.com.br\/loja\/produto\/notebook-lenovo-v15-g3-iap-intel-core-i5-1235u-8gb-ssd-256gb-156-fhd-free-dos-windows-11-pro-preto\/#primaryimage"},"image":{"@id":"https:\/\/elektrotec.com.br\/loja\/produto\/notebook-lenovo-v15-g3-iap-intel-core-i5-1235u-8gb-ssd-256gb-156-fhd-free-dos-windows-11-pro-preto\/#primaryimage"},"thumbnailUrl":"https:\/\/i0.wp.com\/elektrotec.com.br\/loja\/wp-content\/uploads\/2024\/12\/NO50341.jpg?fit=700%2C800&ssl=1","datePublished":"2024-12-06T00:12:22+00:00","dateModified":"2025-02-27T00:27:32+00:00","description":"Ideal para trabalhar ou estudar em tr\u00e2nsito, o Lenovo V15 oferece valor excepcional por um notebook de n\u00edvel b\u00e1sico. Equipado com processadores Intel Core.","breadcrumb":{"@id":"https:\/\/elektrotec.com.br\/loja\/produto\/notebook-lenovo-v15-g3-iap-intel-core-i5-1235u-8gb-ssd-256gb-156-fhd-free-dos-windows-11-pro-preto\/#breadcrumb"},"inLanguage":"pt-BR","potentialAction":[{"@type":"ReadAction","target":["https:\/\/elektrotec.com.br\/loja\/produto\/notebook-lenovo-v15-g3-iap-intel-core-i5-1235u-8gb-ssd-256gb-156-fhd-free-dos-windows-11-pro-preto\/"]}]},{"@type":"ImageObject","inLanguage":"pt-BR","@id":"https:\/\/elektrotec.com.br\/loja\/produto\/notebook-lenovo-v15-g3-iap-intel-core-i5-1235u-8gb-ssd-256gb-156-fhd-free-dos-windows-11-pro-preto\/#primaryimage","url":"https:\/\/i0.wp.com\/elektrotec.com.br\/loja\/wp-content\/uploads\/2024\/12\/NO50341.jpg?fit=700%2C800&ssl=1","contentUrl":"https:\/\/i0.wp.com\/elektrotec.com.br\/loja\/wp-content\/uploads\/2024\/12\/NO50341.jpg?fit=700%2C800&ssl=1","width":700,"height":800},{"@type":"BreadcrumbList","@id":"https:\/\/elektrotec.com.br\/loja\/produto\/notebook-lenovo-v15-g3-iap-intel-core-i5-1235u-8gb-ssd-256gb-156-fhd-free-dos-windows-11-pro-preto\/#breadcrumb","itemListElement":[{"@type":"ListItem","position":1,"name":"Home","item":"https:\/\/elektrotec.com.br\/loja\/"},{"@type":"ListItem","position":2,"name":"Ofertas do dia \u26a1","item":"https:\/\/elektrotec.com.br\/loja\/loja\/"},{"@type":"ListItem","position":3,"name":"Notebook Lenovo V15 G3 IAP Intel Core I5 1235U 8GB SSD 256GB 15,6&#8243; FHD Free Dos, Windows 11 Pro, Preto"}]},{"@type":"WebSite","@id":"https:\/\/elektrotec.com.br\/loja\/#website","url":"https:\/\/elektrotec.com.br\/loja\/","name":"Elektrotec Store","description":"Solu\u00e7\u00f5es em Energia e Automa\u00e7\u00e3o Industrial","publisher":{"@id":"https:\/\/elektrotec.com.br\/loja\/#organization"},"potentialAction":[{"@type":"SearchAction","target":{"@type":"EntryPoint","urlTemplate":"https:\/\/elektrotec.com.br\/loja\/?s={search_term_string}"},"query-input":{"@type":"PropertyValueSpecification","valueRequired":true,"valueName":"search_term_string"}}],"inLanguage":"pt-BR"},{"@type":"Organization","@id":"https:\/\/elektrotec.com.br\/loja\/#organization","name":"Elektrotec","url":"https:\/\/elektrotec.com.br\/loja\/","logo":{"@type":"ImageObject","inLanguage":"pt-BR","@id":"https:\/\/elektrotec.com.br\/loja\/#\/schema\/logo\/image\/","url":"https:\/\/i0.wp.com\/elektrotec.com.br\/loja\/wp-content\/uploads\/2025\/05\/Logo-site-Elektrotec-Energy-1.webp?fit=270%2C70&ssl=1","contentUrl":"https:\/\/i0.wp.com\/elektrotec.com.br\/loja\/wp-content\/uploads\/2025\/05\/Logo-site-Elektrotec-Energy-1.webp?fit=270%2C70&ssl=1","width":270,"height":70,"caption":"Elektrotec"},"image":{"@id":"https:\/\/elektrotec.com.br\/loja\/#\/schema\/logo\/image\/"}}]}},"jetpack_sharing_enabled":true,"brands":[],"_links":{"self":[{"href":"https:\/\/elektrotec.com.br\/loja\/wp-json\/wp\/v2\/product\/3565","targetHints":{"allow":["GET"]}}],"collection":[{"href":"https:\/\/elektrotec.com.br\/loja\/wp-json\/wp\/v2\/product"}],"about":[{"href":"https:\/\/elektrotec.com.br\/loja\/wp-json\/wp\/v2\/types\/product"}],"replies":[{"embeddable":true,"href":"https:\/\/elektrotec.com.br\/loja\/wp-json\/wp\/v2\/comments?post=3565"}],"wp:featuredmedia":[{"embeddable":true,"href":"https:\/\/elektrotec.com.br\/loja\/wp-json\/wp\/v2\/media\/3571"}],"wp:attachment":[{"href":"https:\/\/elektrotec.com.br\/loja\/wp-json\/wp\/v2\/media?parent=3565"}],"wp:term":[{"taxonomy":"pwb-brand","embeddable":true,"href":"https:\/\/elektrotec.com.br\/loja\/wp-json\/wp\/v2\/pwb-brand?post=3565"},{"taxonomy":"product_brand","embeddable":true,"href":"https:\/\/elektrotec.com.br\/loja\/wp-json\/wp\/v2\/product_brand?post=3565"},{"taxonomy":"product_cat","embeddable":true,"href":"https:\/\/elektrotec.com.br\/loja\/wp-json\/wp\/v2\/product_cat?post=3565"},{"taxonomy":"product_tag","embeddable":true,"href":"https:\/\/elektrotec.com.br\/loja\/wp-json\/wp\/v2\/product_tag?post=3565"}],"curies":[{"name":"wp","href":"https:\/\/api.w.org\/{rel}","templated":true}]}}