{"id":3521,"date":"2024-11-30T21:20:31","date_gmt":"2024-12-01T00:20:31","guid":{"rendered":"https:\/\/quioske.com.br\/?post_type=product&#038;p=3521"},"modified":"2025-02-26T21:29:07","modified_gmt":"2025-02-27T00:29:07","slug":"impressora-nao-fiscal-tanca-tp-650-ethernet-usb-e-serial-com-guilhotina","status":"publish","type":"product","link":"https:\/\/elektrotec.com.br\/loja\/produto\/impressora-nao-fiscal-tanca-tp-650-ethernet-usb-e-serial-com-guilhotina\/","title":{"rendered":"Impressora n\u00e3o fiscal Tanca TP-650 Ethernet, USB e serial com guilhotina"},"content":{"rendered":"<div class=\"wpb-content-wrapper\"><p>[vc_row woodmart_css_id=&#8221;674bad85b3517&#8243; responsive_spacing=&#8221;eyJwYXJhbV90eXBlIjoid29vZG1hcnRfcmVzcG9uc2l2ZV9zcGFjaW5nIiwic2VsZWN0b3JfaWQiOiI2NzRiYWQ4NWIzNTE3Iiwic2hvcnRjb2RlIjoidmNfcm93IiwiZGF0YSI6eyJ0YWJsZXQiOnt9LCJtb2JpbGUiOnt9fX0=&#8221; mobile_bg_img_hidden=&#8221;no&#8221; tablet_bg_img_hidden=&#8221;no&#8221; woodmart_parallax=&#8221;0&#8243; woodmart_gradient_switch=&#8221;no&#8221; woodmart_box_shadow=&#8221;no&#8221; wd_z_index=&#8221;no&#8221; woodmart_disable_overflow=&#8221;0&#8243; row_reverse_mobile=&#8221;0&#8243; row_reverse_tablet=&#8221;0&#8243; el_id=&#8221;codigo-36739&#8243;][vc_column css=&#8221;.vc_custom_1666272391679{padding-top: 0px !important;}&#8221; woodmart_css_id=&#8221;63514c8260958&#8243; parallax_scroll=&#8221;no&#8221; woodmart_sticky_column=&#8221;false&#8221; wd_collapsible_content_switcher=&#8221;no&#8221; wd_column_role_offcanvas_desktop=&#8221;no&#8221; wd_column_role_offcanvas_tablet=&#8221;no&#8221; wd_column_role_offcanvas_mobile=&#8221;no&#8221; wd_column_role_content_desktop=&#8221;no&#8221; wd_column_role_content_tablet=&#8221;no&#8221; wd_column_role_content_mobile=&#8221;no&#8221; mobile_bg_img_hidden=&#8221;no&#8221; tablet_bg_img_hidden=&#8221;no&#8221; woodmart_parallax=&#8221;0&#8243; woodmart_box_shadow=&#8221;no&#8221; responsive_spacing=&#8221;eyJwYXJhbV90eXBlIjoid29vZG1hcnRfcmVzcG9uc2l2ZV9zcGFjaW5nIiwic2VsZWN0b3JfaWQiOiI2MzUxNGM4MjYwOTU4Iiwic2hvcnRjb2RlIjoidmNfY29sdW1uIiwiZGF0YSI6eyJ0YWJsZXQiOnt9LCJtb2JpbGUiOnt9fX0=&#8221; mobile_reset_margin=&#8221;no&#8221; tablet_reset_margin=&#8221;no&#8221; wd_z_index=&#8221;no&#8221;][vc_column_text css=&#8221;&#8221; woodmart_inline=&#8221;no&#8221; text_larger=&#8221;no&#8221;]<img data-recalc-dims=\"1\" loading=\"lazy\" decoding=\"async\" class=\"wp-image-3526 size-full aligncenter\" src=\"https:\/\/i0.wp.com\/elektrotec.com.br\/loja\/wp-content\/uploads\/2024\/11\/Impressora-Nao-Fiscal-Tanca-Tp-650-Ethernet-USB-E-Serial-com-Guilhotina-4.jpg?resize=1200%2C1696&#038;ssl=1\" alt=\"\" width=\"1200\" height=\"1696\" srcset=\"https:\/\/i0.wp.com\/elektrotec.com.br\/loja\/wp-content\/uploads\/2024\/11\/Impressora-Nao-Fiscal-Tanca-Tp-650-Ethernet-USB-E-Serial-com-Guilhotina-4.jpg?w=1200&amp;ssl=1 1200w, https:\/\/i0.wp.com\/elektrotec.com.br\/loja\/wp-content\/uploads\/2024\/11\/Impressora-Nao-Fiscal-Tanca-Tp-650-Ethernet-USB-E-Serial-com-Guilhotina-4.jpg?resize=212%2C300&amp;ssl=1 212w, https:\/\/i0.wp.com\/elektrotec.com.br\/loja\/wp-content\/uploads\/2024\/11\/Impressora-Nao-Fiscal-Tanca-Tp-650-Ethernet-USB-E-Serial-com-Guilhotina-4.jpg?resize=725%2C1024&amp;ssl=1 725w, https:\/\/i0.wp.com\/elektrotec.com.br\/loja\/wp-content\/uploads\/2024\/11\/Impressora-Nao-Fiscal-Tanca-Tp-650-Ethernet-USB-E-Serial-com-Guilhotina-4.jpg?resize=768%2C1085&amp;ssl=1 768w, https:\/\/i0.wp.com\/elektrotec.com.br\/loja\/wp-content\/uploads\/2024\/11\/Impressora-Nao-Fiscal-Tanca-Tp-650-Ethernet-USB-E-Serial-com-Guilhotina-4.jpg?resize=1087%2C1536&amp;ssl=1 1087w, https:\/\/i0.wp.com\/elektrotec.com.br\/loja\/wp-content\/uploads\/2024\/11\/Impressora-Nao-Fiscal-Tanca-Tp-650-Ethernet-USB-E-Serial-com-Guilhotina-4.jpg?resize=150%2C212&amp;ssl=1 150w\" sizes=\"auto, (max-width: 1000px) 100vw, 1000px\" \/>[\/vc_column_text][\/vc_column][\/vc_row][vc_row][vc_column woodmart_css_id=&#8221;667c81fba6236&#8243; parallax_scroll=&#8221;no&#8221; woodmart_sticky_column=&#8221;false&#8221; wd_collapsible_content_switcher=&#8221;no&#8221; wd_column_role_offcanvas_desktop=&#8221;no&#8221; wd_column_role_offcanvas_tablet=&#8221;no&#8221; wd_column_role_offcanvas_mobile=&#8221;no&#8221; wd_column_role_content_desktop=&#8221;no&#8221; wd_column_role_content_tablet=&#8221;no&#8221; wd_column_role_content_mobile=&#8221;no&#8221; mobile_bg_img_hidden=&#8221;no&#8221; tablet_bg_img_hidden=&#8221;no&#8221; woodmart_parallax=&#8221;0&#8243; woodmart_box_shadow=&#8221;no&#8221; responsive_spacing=&#8221;eyJwYXJhbV90eXBlIjoid29vZG1hcnRfcmVzcG9uc2l2ZV9zcGFjaW5nIiwic2VsZWN0b3JfaWQiOiI2NjdjODFmYmE2MjM2Iiwic2hvcnRjb2RlIjoidmNfY29sdW1uIiwiZGF0YSI6eyJ0YWJsZXQiOnt9LCJtb2JpbGUiOnt9fX0=&#8221; mobile_reset_margin=&#8221;no&#8221; tablet_reset_margin=&#8221;no&#8221; wd_z_index=&#8221;no&#8221; css=&#8221;.vc_custom_1719435784581{margin-top: -60px !important;}&#8221;][vc_separator border_width=&#8221;3&#8243; css=&#8221;.vc_custom_1731708518955{margin-top: 50px !important;margin-bottom: 50px !important;}&#8221; wd_hide_on_desktop=&#8221;no&#8221; wd_hide_on_tablet=&#8221;no&#8221; wd_hide_on_mobile=&#8221;no&#8221;][\/vc_column][\/vc_row][vc_row woodmart_css_id=&#8221;6748d36ef054b&#8221; responsive_spacing=&#8221;eyJwYXJhbV90eXBlIjoid29vZG1hcnRfcmVzcG9uc2l2ZV9zcGFjaW5nIiwic2VsZWN0b3JfaWQiOiI2NzQ4ZDM2ZWYwNTRiIiwic2hvcnRjb2RlIjoidmNfcm93IiwiZGF0YSI6eyJ0YWJsZXQiOnt9LCJtb2JpbGUiOnt9fX0=&#8221; mobile_bg_img_hidden=&#8221;no&#8221; tablet_bg_img_hidden=&#8221;no&#8221; woodmart_parallax=&#8221;0&#8243; woodmart_gradient_switch=&#8221;no&#8221; woodmart_box_shadow=&#8221;no&#8221; wd_z_index=&#8221;no&#8221; woodmart_disable_overflow=&#8221;0&#8243; row_reverse_mobile=&#8221;0&#8243; row_reverse_tablet=&#8221;0&#8243;][vc_column css=&#8221;.vc_custom_1669033735057{padding-top: 0px !important;}&#8221; woodmart_css_id=&#8221;637b6f036ef34&#8243; parallax_scroll=&#8221;no&#8221; woodmart_sticky_column=&#8221;false&#8221; wd_collapsible_content_switcher=&#8221;no&#8221; wd_column_role_offcanvas_desktop=&#8221;no&#8221; wd_column_role_offcanvas_tablet=&#8221;no&#8221; wd_column_role_offcanvas_mobile=&#8221;no&#8221; wd_column_role_content_desktop=&#8221;no&#8221; wd_column_role_content_tablet=&#8221;no&#8221; wd_column_role_content_mobile=&#8221;no&#8221; mobile_bg_img_hidden=&#8221;no&#8221; tablet_bg_img_hidden=&#8221;no&#8221; woodmart_parallax=&#8221;0&#8243; woodmart_box_shadow=&#8221;no&#8221; responsive_spacing=&#8221;eyJwYXJhbV90eXBlIjoid29vZG1hcnRfcmVzcG9uc2l2ZV9zcGFjaW5nIiwic2VsZWN0b3JfaWQiOiI2MzdiNmYwMzZlZjM0Iiwic2hvcnRjb2RlIjoidmNfY29sdW1uIiwiZGF0YSI6eyJ0YWJsZXQiOnt9LCJtb2JpbGUiOnt9fX0=&#8221; mobile_reset_margin=&#8221;no&#8221; tablet_reset_margin=&#8221;no&#8221; wd_z_index=&#8221;no&#8221;]\n\t\t<div id=\"wd-667ca27edb170\" class=\"title-wrapper wd-wpb wd-set-mb reset-last-child  wd-rs-667ca27edb170 wd-title-color-default wd-title-style-default text-left vc_custom_1719444410298 wd-underline-colored\">\n\t\t\t\n\t\t\t<div class=\"liner-continer\">\n\t\t\t\t<h4 class=\"woodmart-title-container title  wd-font-weight-700 wd-fontsize-l\" >\ud83d\udccc Especifica\u00e7\u00f5es T\u00e9cnicas:<\/h4>\n\t\t\t\t\t\t\t<\/div>\n\t\t\t\n\t\t\t\n\t\t\t\n\t\t<\/div>\n\t\t\n\t\t\t\t<div id=\"wd-67bfa1410812a\" class=\"wd-text-block wd-wpb reset-last-child wd-rs-67bfa1410812a text-left vc_custom_1740611950756\">\n\t\t\t<div>\n<div>\n<h4>Caracter\u00edsticas:<\/h4>\n<ul>\n<li>Marca: Tanca<\/li>\n<li>Modelo: Impressora N\u00e3o Fiscal TP-650 Guilhotina USB\/Serial\/Rede<\/li>\n<\/ul>\n<h4>Especifica\u00e7\u00f5es:<\/h4>\n<ul>\n<li>Velocidade de Impress\u00e3o: 250 mm\/s.<\/li>\n<li>Impress\u00e3o: QR Code e logotipos.<\/li>\n<li>Corte: Guilhotina e Serrilha.<\/li>\n<li>Tamanho da bobina: 80mm.<\/li>\n<li>Vida \u00fatil da cabe\u00e7a de impress\u00e3o: 100km.<\/li>\n<li>Vida \u00fatil guilhotina: 1 milh\u00e3o de cortes.<\/li>\n<li>Sensores de led e Beep: Fim de papel e tampa aberta.<\/li>\n<li>Sistema de Bobina: Easy Load.<\/li>\n<li>Suporte para plataformas: Windows e Linux.<\/li>\n<\/ul>\n<h4>Conte\u00fado da embalagem:<\/h4>\n<ul>\n<li>Impressora N\u00e3o Fiscal Tanca Tp-650 (Ethernet, USB E Serial) com Guilhotina<\/li>\n<li>Garantia do Fornecedor: 3 anos<\/li>\n<\/ul>\n<\/div>\n<h4>Peso:<\/h4>\n<div data-testid=\"InfoPeso\">\n<ul>\n<li>2000 gramas (bruto com embalagem)<\/li>\n<\/ul>\n<\/div>\n<\/div>\n\t\t<\/div>\n\t\t[\/vc_column][\/vc_row]<\/p>\n<\/div>","protected":false},"excerpt":{"rendered":"<p><strong>C\u00f3digo:<\/strong> <a href=\"#\">36739<\/a>\u00a0 \u00a0<strong>|<\/strong>\u00a0 \u00a0<strong>Mais produtos:<\/strong> <a href=\"https:\/\/elektrotec.com.br\/loja\/loja\/?filter_marcas=tanca\">Tanca<\/a>\u00a0 \u00a0<strong>|<\/strong>\u00a0 \u00a0<a href=\"https:\/\/elektrotec.com.br\/loja\/produto\/impressora-nao-fiscal-tanca-tp-650-ethernet-usb-e-serial-com-guilhotina\/#codigo-36739\"><strong>Descri\u00e7\u00e3o do produto<\/strong><\/a><\/p>\n","protected":false},"featured_media":3522,"comment_status":"open","ping_status":"closed","template":"","meta":{"pagelayer_contact_templates":[],"_pagelayer_content":"","_mbp_gutenberg_autopost":false},"pwb-brand":[],"product_brand":[],"product_cat":[291,70,24],"product_tag":[],"class_list":{"0":"post-3521","1":"product","2":"type-product","3":"status-publish","4":"has-post-thumbnail","6":"product_cat-automacao-comercial","7":"product_cat-impressao-e-imagem","8":"product_cat-impressora-de-etiquetas","9":"product_shipping_class-logistica-quioske","11":"first","12":"instock","13":"shipping-taxable","14":"purchasable","15":"product-type-simple"},"yoast_head":"<!-- This site is optimized with the Yoast SEO plugin v27.2 - https:\/\/yoast.com\/product\/yoast-seo-wordpress\/ -->\n<title>Impressora n\u00e3o fiscal Tanca TP-650 Ethernet, USB e Serial<\/title>\n<meta name=\"description\" content=\"Impressora Tanca TP-650, moderno e eficiente sistema t\u00e9rmico de impress\u00e3o, facilitando a carga do papel e guilhotina para corte autom\u00e1tico. Confira!\" \/>\n<meta name=\"robots\" content=\"index, follow, max-snippet:-1, max-image-preview:large, max-video-preview:-1\" \/>\n<link rel=\"canonical\" href=\"https:\/\/elektrotec.com.br\/loja\/produto\/impressora-nao-fiscal-tanca-tp-650-ethernet-usb-e-serial-com-guilhotina\/\" \/>\n<meta property=\"og:locale\" content=\"pt_BR\" \/>\n<meta property=\"og:type\" content=\"article\" \/>\n<meta property=\"og:title\" content=\"Impressora n\u00e3o fiscal Tanca TP-650 Ethernet, USB e Serial\" \/>\n<meta property=\"og:description\" content=\"Impressora Tanca TP-650, moderno e eficiente sistema t\u00e9rmico de impress\u00e3o, facilitando a carga do papel e guilhotina para corte autom\u00e1tico. Confira!\" \/>\n<meta property=\"og:url\" content=\"https:\/\/elektrotec.com.br\/loja\/produto\/impressora-nao-fiscal-tanca-tp-650-ethernet-usb-e-serial-com-guilhotina\/\" \/>\n<meta property=\"og:site_name\" content=\"Elektrotec Store\" \/>\n<meta property=\"article:modified_time\" content=\"2025-02-27T00:29:07+00:00\" \/>\n<meta property=\"og:image\" content=\"https:\/\/elektrotec.com.br\/loja\/wp-content\/uploads\/2024\/11\/Impressora-Nao-Fiscal-Tanca-Tp-650-Ethernet-USB-E-Serial-com-Guilhotina-0.jpg\" \/>\n\t<meta property=\"og:image:width\" content=\"700\" \/>\n\t<meta property=\"og:image:height\" content=\"800\" \/>\n\t<meta property=\"og:image:type\" content=\"image\/jpeg\" \/>\n<meta name=\"twitter:card\" content=\"summary_large_image\" \/>\n<meta name=\"twitter:label1\" content=\"Est. tempo de leitura\" \/>\n\t<meta name=\"twitter:data1\" content=\"2 minutos\" \/>\n<script type=\"application\/ld+json\" class=\"yoast-schema-graph\">{\"@context\":\"https:\/\/schema.org\",\"@graph\":[{\"@type\":\"WebPage\",\"@id\":\"https:\/\/elektrotec.com.br\/loja\/produto\/impressora-nao-fiscal-tanca-tp-650-ethernet-usb-e-serial-com-guilhotina\/\",\"url\":\"https:\/\/elektrotec.com.br\/loja\/produto\/impressora-nao-fiscal-tanca-tp-650-ethernet-usb-e-serial-com-guilhotina\/\",\"name\":\"Impressora n\u00e3o fiscal Tanca TP-650 Ethernet, USB e Serial\",\"isPartOf\":{\"@id\":\"https:\/\/elektrotec.com.br\/loja\/#website\"},\"primaryImageOfPage\":{\"@id\":\"https:\/\/elektrotec.com.br\/loja\/produto\/impressora-nao-fiscal-tanca-tp-650-ethernet-usb-e-serial-com-guilhotina\/#primaryimage\"},\"image\":{\"@id\":\"https:\/\/elektrotec.com.br\/loja\/produto\/impressora-nao-fiscal-tanca-tp-650-ethernet-usb-e-serial-com-guilhotina\/#primaryimage\"},\"thumbnailUrl\":\"https:\/\/i0.wp.com\/elektrotec.com.br\/loja\/wp-content\/uploads\/2024\/11\/Impressora-Nao-Fiscal-Tanca-Tp-650-Ethernet-USB-E-Serial-com-Guilhotina-0.jpg?fit=700%2C800&ssl=1\",\"datePublished\":\"2024-12-01T00:20:31+00:00\",\"dateModified\":\"2025-02-27T00:29:07+00:00\",\"description\":\"Impressora Tanca TP-650, moderno e eficiente sistema t\u00e9rmico de impress\u00e3o, facilitando a carga do papel e guilhotina para corte autom\u00e1tico. Confira!\",\"breadcrumb\":{\"@id\":\"https:\/\/elektrotec.com.br\/loja\/produto\/impressora-nao-fiscal-tanca-tp-650-ethernet-usb-e-serial-com-guilhotina\/#breadcrumb\"},\"inLanguage\":\"pt-BR\",\"potentialAction\":[{\"@type\":\"ReadAction\",\"target\":[\"https:\/\/elektrotec.com.br\/loja\/produto\/impressora-nao-fiscal-tanca-tp-650-ethernet-usb-e-serial-com-guilhotina\/\"]}]},{\"@type\":\"ImageObject\",\"inLanguage\":\"pt-BR\",\"@id\":\"https:\/\/elektrotec.com.br\/loja\/produto\/impressora-nao-fiscal-tanca-tp-650-ethernet-usb-e-serial-com-guilhotina\/#primaryimage\",\"url\":\"https:\/\/i0.wp.com\/elektrotec.com.br\/loja\/wp-content\/uploads\/2024\/11\/Impressora-Nao-Fiscal-Tanca-Tp-650-Ethernet-USB-E-Serial-com-Guilhotina-0.jpg?fit=700%2C800&ssl=1\",\"contentUrl\":\"https:\/\/i0.wp.com\/elektrotec.com.br\/loja\/wp-content\/uploads\/2024\/11\/Impressora-Nao-Fiscal-Tanca-Tp-650-Ethernet-USB-E-Serial-com-Guilhotina-0.jpg?fit=700%2C800&ssl=1\",\"width\":700,\"height\":800},{\"@type\":\"BreadcrumbList\",\"@id\":\"https:\/\/elektrotec.com.br\/loja\/produto\/impressora-nao-fiscal-tanca-tp-650-ethernet-usb-e-serial-com-guilhotina\/#breadcrumb\",\"itemListElement\":[{\"@type\":\"ListItem\",\"position\":1,\"name\":\"Home\",\"item\":\"https:\/\/elektrotec.com.br\/loja\/\"},{\"@type\":\"ListItem\",\"position\":2,\"name\":\"Ofertas do dia \u26a1\",\"item\":\"https:\/\/elektrotec.com.br\/loja\/loja\/\"},{\"@type\":\"ListItem\",\"position\":3,\"name\":\"Impressora n\u00e3o fiscal Tanca TP-650 Ethernet, USB e serial com guilhotina\"}]},{\"@type\":\"WebSite\",\"@id\":\"https:\/\/elektrotec.com.br\/loja\/#website\",\"url\":\"https:\/\/elektrotec.com.br\/loja\/\",\"name\":\"Elektrotec Store\",\"description\":\"Solu\u00e7\u00f5es em Energia e Automa\u00e7\u00e3o Industrial\",\"publisher\":{\"@id\":\"https:\/\/elektrotec.com.br\/loja\/#organization\"},\"potentialAction\":[{\"@type\":\"SearchAction\",\"target\":{\"@type\":\"EntryPoint\",\"urlTemplate\":\"https:\/\/elektrotec.com.br\/loja\/?s={search_term_string}\"},\"query-input\":{\"@type\":\"PropertyValueSpecification\",\"valueRequired\":true,\"valueName\":\"search_term_string\"}}],\"inLanguage\":\"pt-BR\"},{\"@type\":\"Organization\",\"@id\":\"https:\/\/elektrotec.com.br\/loja\/#organization\",\"name\":\"Elektrotec\",\"url\":\"https:\/\/elektrotec.com.br\/loja\/\",\"logo\":{\"@type\":\"ImageObject\",\"inLanguage\":\"pt-BR\",\"@id\":\"https:\/\/elektrotec.com.br\/loja\/#\/schema\/logo\/image\/\",\"url\":\"https:\/\/i0.wp.com\/elektrotec.com.br\/loja\/wp-content\/uploads\/2025\/05\/Logo-site-Elektrotec-Energy-1.webp?fit=270%2C70&ssl=1\",\"contentUrl\":\"https:\/\/i0.wp.com\/elektrotec.com.br\/loja\/wp-content\/uploads\/2025\/05\/Logo-site-Elektrotec-Energy-1.webp?fit=270%2C70&ssl=1\",\"width\":270,\"height\":70,\"caption\":\"Elektrotec\"},\"image\":{\"@id\":\"https:\/\/elektrotec.com.br\/loja\/#\/schema\/logo\/image\/\"}}]}<\/script>\n<!-- \/ Yoast SEO plugin. -->","yoast_head_json":{"title":"Impressora n\u00e3o fiscal Tanca TP-650 Ethernet, USB e Serial","description":"Impressora Tanca TP-650, moderno e eficiente sistema t\u00e9rmico de impress\u00e3o, facilitando a carga do papel e guilhotina para corte autom\u00e1tico. Confira!","robots":{"index":"index","follow":"follow","max-snippet":"max-snippet:-1","max-image-preview":"max-image-preview:large","max-video-preview":"max-video-preview:-1"},"canonical":"https:\/\/elektrotec.com.br\/loja\/produto\/impressora-nao-fiscal-tanca-tp-650-ethernet-usb-e-serial-com-guilhotina\/","og_locale":"pt_BR","og_type":"article","og_title":"Impressora n\u00e3o fiscal Tanca TP-650 Ethernet, USB e Serial","og_description":"Impressora Tanca TP-650, moderno e eficiente sistema t\u00e9rmico de impress\u00e3o, facilitando a carga do papel e guilhotina para corte autom\u00e1tico. Confira!","og_url":"https:\/\/elektrotec.com.br\/loja\/produto\/impressora-nao-fiscal-tanca-tp-650-ethernet-usb-e-serial-com-guilhotina\/","og_site_name":"Elektrotec Store","article_modified_time":"2025-02-27T00:29:07+00:00","og_image":[{"width":700,"height":800,"url":"https:\/\/elektrotec.com.br\/loja\/wp-content\/uploads\/2024\/11\/Impressora-Nao-Fiscal-Tanca-Tp-650-Ethernet-USB-E-Serial-com-Guilhotina-0.jpg","type":"image\/jpeg"}],"twitter_card":"summary_large_image","twitter_misc":{"Est. tempo de leitura":"2 minutos"},"schema":{"@context":"https:\/\/schema.org","@graph":[{"@type":"WebPage","@id":"https:\/\/elektrotec.com.br\/loja\/produto\/impressora-nao-fiscal-tanca-tp-650-ethernet-usb-e-serial-com-guilhotina\/","url":"https:\/\/elektrotec.com.br\/loja\/produto\/impressora-nao-fiscal-tanca-tp-650-ethernet-usb-e-serial-com-guilhotina\/","name":"Impressora n\u00e3o fiscal Tanca TP-650 Ethernet, USB e Serial","isPartOf":{"@id":"https:\/\/elektrotec.com.br\/loja\/#website"},"primaryImageOfPage":{"@id":"https:\/\/elektrotec.com.br\/loja\/produto\/impressora-nao-fiscal-tanca-tp-650-ethernet-usb-e-serial-com-guilhotina\/#primaryimage"},"image":{"@id":"https:\/\/elektrotec.com.br\/loja\/produto\/impressora-nao-fiscal-tanca-tp-650-ethernet-usb-e-serial-com-guilhotina\/#primaryimage"},"thumbnailUrl":"https:\/\/i0.wp.com\/elektrotec.com.br\/loja\/wp-content\/uploads\/2024\/11\/Impressora-Nao-Fiscal-Tanca-Tp-650-Ethernet-USB-E-Serial-com-Guilhotina-0.jpg?fit=700%2C800&ssl=1","datePublished":"2024-12-01T00:20:31+00:00","dateModified":"2025-02-27T00:29:07+00:00","description":"Impressora Tanca TP-650, moderno e eficiente sistema t\u00e9rmico de impress\u00e3o, facilitando a carga do papel e guilhotina para corte autom\u00e1tico. Confira!","breadcrumb":{"@id":"https:\/\/elektrotec.com.br\/loja\/produto\/impressora-nao-fiscal-tanca-tp-650-ethernet-usb-e-serial-com-guilhotina\/#breadcrumb"},"inLanguage":"pt-BR","potentialAction":[{"@type":"ReadAction","target":["https:\/\/elektrotec.com.br\/loja\/produto\/impressora-nao-fiscal-tanca-tp-650-ethernet-usb-e-serial-com-guilhotina\/"]}]},{"@type":"ImageObject","inLanguage":"pt-BR","@id":"https:\/\/elektrotec.com.br\/loja\/produto\/impressora-nao-fiscal-tanca-tp-650-ethernet-usb-e-serial-com-guilhotina\/#primaryimage","url":"https:\/\/i0.wp.com\/elektrotec.com.br\/loja\/wp-content\/uploads\/2024\/11\/Impressora-Nao-Fiscal-Tanca-Tp-650-Ethernet-USB-E-Serial-com-Guilhotina-0.jpg?fit=700%2C800&ssl=1","contentUrl":"https:\/\/i0.wp.com\/elektrotec.com.br\/loja\/wp-content\/uploads\/2024\/11\/Impressora-Nao-Fiscal-Tanca-Tp-650-Ethernet-USB-E-Serial-com-Guilhotina-0.jpg?fit=700%2C800&ssl=1","width":700,"height":800},{"@type":"BreadcrumbList","@id":"https:\/\/elektrotec.com.br\/loja\/produto\/impressora-nao-fiscal-tanca-tp-650-ethernet-usb-e-serial-com-guilhotina\/#breadcrumb","itemListElement":[{"@type":"ListItem","position":1,"name":"Home","item":"https:\/\/elektrotec.com.br\/loja\/"},{"@type":"ListItem","position":2,"name":"Ofertas do dia \u26a1","item":"https:\/\/elektrotec.com.br\/loja\/loja\/"},{"@type":"ListItem","position":3,"name":"Impressora n\u00e3o fiscal Tanca TP-650 Ethernet, USB e serial com guilhotina"}]},{"@type":"WebSite","@id":"https:\/\/elektrotec.com.br\/loja\/#website","url":"https:\/\/elektrotec.com.br\/loja\/","name":"Elektrotec Store","description":"Solu\u00e7\u00f5es em Energia e Automa\u00e7\u00e3o Industrial","publisher":{"@id":"https:\/\/elektrotec.com.br\/loja\/#organization"},"potentialAction":[{"@type":"SearchAction","target":{"@type":"EntryPoint","urlTemplate":"https:\/\/elektrotec.com.br\/loja\/?s={search_term_string}"},"query-input":{"@type":"PropertyValueSpecification","valueRequired":true,"valueName":"search_term_string"}}],"inLanguage":"pt-BR"},{"@type":"Organization","@id":"https:\/\/elektrotec.com.br\/loja\/#organization","name":"Elektrotec","url":"https:\/\/elektrotec.com.br\/loja\/","logo":{"@type":"ImageObject","inLanguage":"pt-BR","@id":"https:\/\/elektrotec.com.br\/loja\/#\/schema\/logo\/image\/","url":"https:\/\/i0.wp.com\/elektrotec.com.br\/loja\/wp-content\/uploads\/2025\/05\/Logo-site-Elektrotec-Energy-1.webp?fit=270%2C70&ssl=1","contentUrl":"https:\/\/i0.wp.com\/elektrotec.com.br\/loja\/wp-content\/uploads\/2025\/05\/Logo-site-Elektrotec-Energy-1.webp?fit=270%2C70&ssl=1","width":270,"height":70,"caption":"Elektrotec"},"image":{"@id":"https:\/\/elektrotec.com.br\/loja\/#\/schema\/logo\/image\/"}}]}},"jetpack_sharing_enabled":true,"brands":[],"_links":{"self":[{"href":"https:\/\/elektrotec.com.br\/loja\/wp-json\/wp\/v2\/product\/3521","targetHints":{"allow":["GET"]}}],"collection":[{"href":"https:\/\/elektrotec.com.br\/loja\/wp-json\/wp\/v2\/product"}],"about":[{"href":"https:\/\/elektrotec.com.br\/loja\/wp-json\/wp\/v2\/types\/product"}],"replies":[{"embeddable":true,"href":"https:\/\/elektrotec.com.br\/loja\/wp-json\/wp\/v2\/comments?post=3521"}],"wp:featuredmedia":[{"embeddable":true,"href":"https:\/\/elektrotec.com.br\/loja\/wp-json\/wp\/v2\/media\/3522"}],"wp:attachment":[{"href":"https:\/\/elektrotec.com.br\/loja\/wp-json\/wp\/v2\/media?parent=3521"}],"wp:term":[{"taxonomy":"pwb-brand","embeddable":true,"href":"https:\/\/elektrotec.com.br\/loja\/wp-json\/wp\/v2\/pwb-brand?post=3521"},{"taxonomy":"product_brand","embeddable":true,"href":"https:\/\/elektrotec.com.br\/loja\/wp-json\/wp\/v2\/product_brand?post=3521"},{"taxonomy":"product_cat","embeddable":true,"href":"https:\/\/elektrotec.com.br\/loja\/wp-json\/wp\/v2\/product_cat?post=3521"},{"taxonomy":"product_tag","embeddable":true,"href":"https:\/\/elektrotec.com.br\/loja\/wp-json\/wp\/v2\/product_tag?post=3521"}],"curies":[{"name":"wp","href":"https:\/\/api.w.org\/{rel}","templated":true}]}}