{"id":3453,"date":"2024-11-23T21:16:32","date_gmt":"2024-11-24T00:16:32","guid":{"rendered":"https:\/\/quioske.com.br\/?post_type=product&#038;p=3453"},"modified":"2025-02-27T18:36:20","modified_gmt":"2025-02-27T21:36:20","slug":"impressora-termica-de-cupom-elgin-bema-mp4200-hs-nao-fiscal-usb-ethernet-e-serial","status":"publish","type":"product","link":"https:\/\/elektrotec.com.br\/loja\/produto\/impressora-termica-de-cupom-elgin-bema-mp4200-hs-nao-fiscal-usb-ethernet-e-serial\/","title":{"rendered":"Impressora t\u00e9rmica de cupom Elgin BEMA MP4200 HS, n\u00e3o fiscal, USB, ethernet e serial"},"content":{"rendered":"<div class=\"wpb-content-wrapper\"><p>[vc_row woodmart_css_id=&#8221;6738c549cbf22&#8243; responsive_spacing=&#8221;eyJwYXJhbV90eXBlIjoid29vZG1hcnRfcmVzcG9uc2l2ZV9zcGFjaW5nIiwic2VsZWN0b3JfaWQiOiI2NzM4YzU0OWNiZjIyIiwic2hvcnRjb2RlIjoidmNfcm93IiwiZGF0YSI6eyJ0YWJsZXQiOnt9LCJtb2JpbGUiOnt9fX0=&#8221; mobile_bg_img_hidden=&#8221;no&#8221; tablet_bg_img_hidden=&#8221;no&#8221; woodmart_parallax=&#8221;0&#8243; woodmart_gradient_switch=&#8221;no&#8221; woodmart_box_shadow=&#8221;no&#8221; wd_z_index=&#8221;no&#8221; woodmart_disable_overflow=&#8221;0&#8243; row_reverse_mobile=&#8221;0&#8243; row_reverse_tablet=&#8221;0&#8243; el_id=&#8221;codigo-52845&#8243;][vc_column css=&#8221;.vc_custom_1666272391679{padding-top: 0px !important;}&#8221; woodmart_css_id=&#8221;63514c8260958&#8243; parallax_scroll=&#8221;no&#8221; woodmart_sticky_column=&#8221;false&#8221; wd_collapsible_content_switcher=&#8221;no&#8221; wd_column_role_offcanvas_desktop=&#8221;no&#8221; wd_column_role_offcanvas_tablet=&#8221;no&#8221; wd_column_role_offcanvas_mobile=&#8221;no&#8221; wd_column_role_content_desktop=&#8221;no&#8221; wd_column_role_content_tablet=&#8221;no&#8221; wd_column_role_content_mobile=&#8221;no&#8221; mobile_bg_img_hidden=&#8221;no&#8221; tablet_bg_img_hidden=&#8221;no&#8221; woodmart_parallax=&#8221;0&#8243; woodmart_box_shadow=&#8221;no&#8221; responsive_spacing=&#8221;eyJwYXJhbV90eXBlIjoid29vZG1hcnRfcmVzcG9uc2l2ZV9zcGFjaW5nIiwic2VsZWN0b3JfaWQiOiI2MzUxNGM4MjYwOTU4Iiwic2hvcnRjb2RlIjoidmNfY29sdW1uIiwiZGF0YSI6eyJ0YWJsZXQiOnt9LCJtb2JpbGUiOnt9fX0=&#8221; mobile_reset_margin=&#8221;no&#8221; tablet_reset_margin=&#8221;no&#8221; wd_z_index=&#8221;no&#8221;]\t\t<div id=\"wd-67bfaec3da12d\" class=\"wd-text-block wd-wpb reset-last-child wd-rs-67bfaec3da12d text-left vc_custom_1740615380366\">\n\t\t\t<h4>Agilidade em qualquer opera\u00e7\u00e3o que demande a impress\u00e3o de comprovantes t\u00e9rmicos Com qualidade comprovada h\u00e1 mais de 10 anos no mercado, a MP-4200 ADV possui tamb\u00e9m tecnologia de guilhotina patenteada pela Bematech, imune a travamentos e com as tr\u00eas interfaces nativas: USB + ETHERNET + SERIAL. Al\u00e9m de contar com a velocidade de impress\u00e3o de 300mm\/s.<\/h4>\n\t\t<\/div>\n\t\t[\/vc_column][\/vc_row][vc_row][vc_column woodmart_css_id=&#8221;667c81fba6236&#8243; parallax_scroll=&#8221;no&#8221; woodmart_sticky_column=&#8221;false&#8221; wd_collapsible_content_switcher=&#8221;no&#8221; wd_column_role_offcanvas_desktop=&#8221;no&#8221; wd_column_role_offcanvas_tablet=&#8221;no&#8221; wd_column_role_offcanvas_mobile=&#8221;no&#8221; wd_column_role_content_desktop=&#8221;no&#8221; wd_column_role_content_tablet=&#8221;no&#8221; wd_column_role_content_mobile=&#8221;no&#8221; mobile_bg_img_hidden=&#8221;no&#8221; tablet_bg_img_hidden=&#8221;no&#8221; woodmart_parallax=&#8221;0&#8243; woodmart_box_shadow=&#8221;no&#8221; responsive_spacing=&#8221;eyJwYXJhbV90eXBlIjoid29vZG1hcnRfcmVzcG9uc2l2ZV9zcGFjaW5nIiwic2VsZWN0b3JfaWQiOiI2NjdjODFmYmE2MjM2Iiwic2hvcnRjb2RlIjoidmNfY29sdW1uIiwiZGF0YSI6eyJ0YWJsZXQiOnt9LCJtb2JpbGUiOnt9fX0=&#8221; mobile_reset_margin=&#8221;no&#8221; tablet_reset_margin=&#8221;no&#8221; wd_z_index=&#8221;no&#8221; css=&#8221;.vc_custom_1719435784581{margin-top: -60px !important;}&#8221;][vc_separator border_width=&#8221;3&#8243; css=&#8221;.vc_custom_1731708518955{margin-top: 50px !important;margin-bottom: 50px !important;}&#8221; wd_hide_on_desktop=&#8221;no&#8221; wd_hide_on_tablet=&#8221;no&#8221; wd_hide_on_mobile=&#8221;no&#8221;][\/vc_column][\/vc_row][vc_row woodmart_css_id=&#8221;6744f41d5e5a4&#8243; responsive_spacing=&#8221;eyJwYXJhbV90eXBlIjoid29vZG1hcnRfcmVzcG9uc2l2ZV9zcGFjaW5nIiwic2VsZWN0b3JfaWQiOiI2NzQ0ZjQxZDVlNWE0Iiwic2hvcnRjb2RlIjoidmNfcm93IiwiZGF0YSI6eyJ0YWJsZXQiOnt9LCJtb2JpbGUiOnt9fX0=&#8221; mobile_bg_img_hidden=&#8221;no&#8221; tablet_bg_img_hidden=&#8221;no&#8221; woodmart_parallax=&#8221;0&#8243; woodmart_gradient_switch=&#8221;no&#8221; woodmart_box_shadow=&#8221;no&#8221; wd_z_index=&#8221;no&#8221; woodmart_disable_overflow=&#8221;0&#8243; row_reverse_mobile=&#8221;0&#8243; row_reverse_tablet=&#8221;0&#8243; el_id=&#8221;codigo-74595&#8243;][vc_column css=&#8221;.vc_custom_1669033735057{padding-top: 0px !important;}&#8221; woodmart_css_id=&#8221;637b6f036ef34&#8243; parallax_scroll=&#8221;no&#8221; woodmart_sticky_column=&#8221;false&#8221; wd_collapsible_content_switcher=&#8221;no&#8221; wd_column_role_offcanvas_desktop=&#8221;no&#8221; wd_column_role_offcanvas_tablet=&#8221;no&#8221; wd_column_role_offcanvas_mobile=&#8221;no&#8221; wd_column_role_content_desktop=&#8221;no&#8221; wd_column_role_content_tablet=&#8221;no&#8221; wd_column_role_content_mobile=&#8221;no&#8221; mobile_bg_img_hidden=&#8221;no&#8221; tablet_bg_img_hidden=&#8221;no&#8221; woodmart_parallax=&#8221;0&#8243; woodmart_box_shadow=&#8221;no&#8221; responsive_spacing=&#8221;eyJwYXJhbV90eXBlIjoid29vZG1hcnRfcmVzcG9uc2l2ZV9zcGFjaW5nIiwic2VsZWN0b3JfaWQiOiI2MzdiNmYwMzZlZjM0Iiwic2hvcnRjb2RlIjoidmNfY29sdW1uIiwiZGF0YSI6eyJ0YWJsZXQiOnt9LCJtb2JpbGUiOnt9fX0=&#8221; mobile_reset_margin=&#8221;no&#8221; tablet_reset_margin=&#8221;no&#8221; wd_z_index=&#8221;no&#8221;]\n\t\t<div id=\"wd-667ca27edb170\" class=\"title-wrapper wd-wpb wd-set-mb reset-last-child  wd-rs-667ca27edb170 wd-title-color-default wd-title-style-default text-left vc_custom_1719444410298 wd-underline-colored\">\n\t\t\t\n\t\t\t<div class=\"liner-continer\">\n\t\t\t\t<h4 class=\"woodmart-title-container title  wd-font-weight-700 wd-fontsize-l\" >\ud83d\udccc Especifica\u00e7\u00f5es T\u00e9cnicas:<\/h4>\n\t\t\t\t\t\t\t<\/div>\n\t\t\t\n\t\t\t\n\t\t\t\n\t\t<\/div>\n\t\t\n\t\t\t\t<div id=\"wd-67bfaed456c9f\" class=\"wd-text-block wd-wpb reset-last-child wd-rs-67bfaed456c9f text-left vc_custom_1740615398590\">\n\t\t\t<h4>Caracter\u00edsticas:<\/h4>\n<div>\n<div>\n<ul>\n<li>Ideal Para: Lojas de pequeno, m\u00e9dio ou grande porte atacado e varejo<\/li>\n<li>Tecnologia de Impress\u00e3o: T\u00e9rmica direta<\/li>\n<li>Resolu\u00e7\u00e3o: 203 DPI (8 dots\/mm)<\/li>\n<li>Largura do Papel: 58,76,80 e 82,5<\/li>\n<li>Tamanho da Bobina: At\u00e9 100mm de di\u00e2metro<\/li>\n<li>Mem\u00f3ria: RAM: 4MB \/ Flash: 4MB<\/li>\n<li>Corte de Papel: Guilhotina (corte parcial ou total); Sistema Antitravamento + serrilha<\/li>\n<li>Vida \u00datil da Cabe\u00e7a T\u00e9rmica: 150km<\/li>\n<li>Interfaces de Comunica\u00e7\u00e3o: USB + Serial RS232 (DB-9) + Ethernet (cabos USB e Serial inclusos); 1 x conector f\u00eamea RJ12 para at\u00e9 duas gavetas (24V, 1A m\u00e1x)<\/li>\n<li>Protocolo de Comunica\u00e7\u00e3o: ESC\/POS (Compat\u00edvel com i9 e i8 Elgin) *N\u00e3o suporta ESC\/BEMA<\/li>\n<li>Drivers: Windows, Linux, Android<\/li>\n<li>Alimenta\u00e7\u00e3o: Tipo SMPS externa | AC: 100 &#8211; 240 VAC, 50\/60Hz | DC 24VDC, 2,5A<\/li>\n<\/ul>\n<h4>Conte\u00fado da Embalagem:<\/h4>\n<ul>\n<li>Impressora T\u00e9rmica de Cupom Elgin BEMA MP4200 HS<\/li>\n<\/ul>\n<\/div>\n<h4>Garantia:<\/h4>\n<div data-testid=\"InfoGarantia\">\n<ul>\n<li>3 anos de garantia<\/li>\n<\/ul>\n<\/div>\n<h4>Peso:<\/h4>\n<div data-testid=\"InfoPeso\">\n<ul>\n<li>2701 gramas (bruto com embalagem)<\/li>\n<\/ul>\n<\/div>\n<\/div>\n\t\t<\/div>\n\t\t[\/vc_column][\/vc_row]<\/p>\n<\/div>","protected":false},"excerpt":{"rendered":"<p><strong>C\u00f3digo:<\/strong> <a href=\"#\">74595<\/a>\u00a0 \u00a0<strong>|<\/strong>\u00a0 \u00a0<strong>Mais produtos:<\/strong> <a href=\"https:\/\/elektrotec.com.br\/loja\/loja\/?filter_marcas=bematech\">Bematech<\/a>\u00a0 \u00a0<strong>|<\/strong>\u00a0 \u00a0<a href=\"https:\/\/elektrotec.com.br\/loja\/produto\/impressora-termica-de-cupom-elgin-bema-mp4200-hs-nao-fiscal-usb-ethernet-e-serial\/#codigo-74595\"><strong>Descri\u00e7\u00e3o do produto<\/strong><\/a><\/p>\n","protected":false},"featured_media":3466,"comment_status":"open","ping_status":"closed","template":"","meta":{"pagelayer_contact_templates":[],"_pagelayer_content":"","_mbp_gutenberg_autopost":false},"pwb-brand":[],"product_brand":[],"product_cat":[291,70,24],"product_tag":[],"class_list":{"0":"post-3453","1":"product","2":"type-product","3":"status-publish","4":"has-post-thumbnail","6":"product_cat-automacao-comercial","7":"product_cat-impressao-e-imagem","8":"product_cat-impressora-de-etiquetas","9":"product_shipping_class-logistica-quioske","11":"first","12":"instock","13":"shipping-taxable","14":"purchasable","15":"product-type-simple"},"yoast_head":"<!-- This site is optimized with the Yoast SEO plugin v27.2 - https:\/\/yoast.com\/product\/yoast-seo-wordpress\/ -->\n<title>Impressora t\u00e9rmica de cupom n\u00e3o fiscal Elgin BEMA MP4200 HS<\/title>\n<meta name=\"description\" content=\"A Impressora de cupom t\u00e9rmica Elgin Bematech MP4200 \u00e9 a op\u00e7\u00e3o ideal para a automa\u00e7\u00e3o comercial de estabelecimentos que atuam com grande volume de impress\u00e3o.\" \/>\n<meta name=\"robots\" content=\"index, follow, max-snippet:-1, max-image-preview:large, max-video-preview:-1\" \/>\n<link rel=\"canonical\" href=\"https:\/\/elektrotec.com.br\/loja\/produto\/impressora-termica-de-cupom-elgin-bema-mp4200-hs-nao-fiscal-usb-ethernet-e-serial\/\" \/>\n<meta property=\"og:locale\" content=\"pt_BR\" \/>\n<meta property=\"og:type\" content=\"article\" \/>\n<meta property=\"og:title\" content=\"Impressora t\u00e9rmica de cupom n\u00e3o fiscal Elgin BEMA MP4200 HS\" \/>\n<meta property=\"og:description\" content=\"A Impressora de cupom t\u00e9rmica Elgin Bematech MP4200 \u00e9 a op\u00e7\u00e3o ideal para a automa\u00e7\u00e3o comercial de estabelecimentos que atuam com grande volume de impress\u00e3o.\" \/>\n<meta property=\"og:url\" content=\"https:\/\/elektrotec.com.br\/loja\/produto\/impressora-termica-de-cupom-elgin-bema-mp4200-hs-nao-fiscal-usb-ethernet-e-serial\/\" \/>\n<meta property=\"og:site_name\" content=\"Elektrotec Store\" \/>\n<meta property=\"article:modified_time\" content=\"2025-02-27T21:36:20+00:00\" \/>\n<meta property=\"og:image\" content=\"https:\/\/elektrotec.com.br\/loja\/wp-content\/uploads\/2024\/11\/Impressora-Termica-de-Cupom-Elgin-BEMA-MP4200-HS-Nao-Fiscal-USB-Ethernet-e-Serial-0.jpg\" \/>\n\t<meta property=\"og:image:width\" content=\"700\" \/>\n\t<meta property=\"og:image:height\" content=\"800\" \/>\n\t<meta property=\"og:image:type\" content=\"image\/jpeg\" \/>\n<meta name=\"twitter:card\" content=\"summary_large_image\" \/>\n<meta name=\"twitter:label1\" content=\"Est. tempo de leitura\" \/>\n\t<meta name=\"twitter:data1\" content=\"2 minutos\" \/>\n<script type=\"application\/ld+json\" class=\"yoast-schema-graph\">{\"@context\":\"https:\/\/schema.org\",\"@graph\":[{\"@type\":\"WebPage\",\"@id\":\"https:\/\/elektrotec.com.br\/loja\/produto\/impressora-termica-de-cupom-elgin-bema-mp4200-hs-nao-fiscal-usb-ethernet-e-serial\/\",\"url\":\"https:\/\/elektrotec.com.br\/loja\/produto\/impressora-termica-de-cupom-elgin-bema-mp4200-hs-nao-fiscal-usb-ethernet-e-serial\/\",\"name\":\"Impressora t\u00e9rmica de cupom n\u00e3o fiscal Elgin BEMA MP4200 HS\",\"isPartOf\":{\"@id\":\"https:\/\/elektrotec.com.br\/loja\/#website\"},\"primaryImageOfPage\":{\"@id\":\"https:\/\/elektrotec.com.br\/loja\/produto\/impressora-termica-de-cupom-elgin-bema-mp4200-hs-nao-fiscal-usb-ethernet-e-serial\/#primaryimage\"},\"image\":{\"@id\":\"https:\/\/elektrotec.com.br\/loja\/produto\/impressora-termica-de-cupom-elgin-bema-mp4200-hs-nao-fiscal-usb-ethernet-e-serial\/#primaryimage\"},\"thumbnailUrl\":\"https:\/\/i0.wp.com\/elektrotec.com.br\/loja\/wp-content\/uploads\/2024\/11\/Impressora-Termica-de-Cupom-Elgin-BEMA-MP4200-HS-Nao-Fiscal-USB-Ethernet-e-Serial-0.jpg?fit=700%2C800&ssl=1\",\"datePublished\":\"2024-11-24T00:16:32+00:00\",\"dateModified\":\"2025-02-27T21:36:20+00:00\",\"description\":\"A Impressora de cupom t\u00e9rmica Elgin Bematech MP4200 \u00e9 a op\u00e7\u00e3o ideal para a automa\u00e7\u00e3o comercial de estabelecimentos que atuam com grande volume de impress\u00e3o.\",\"breadcrumb\":{\"@id\":\"https:\/\/elektrotec.com.br\/loja\/produto\/impressora-termica-de-cupom-elgin-bema-mp4200-hs-nao-fiscal-usb-ethernet-e-serial\/#breadcrumb\"},\"inLanguage\":\"pt-BR\",\"potentialAction\":[{\"@type\":\"ReadAction\",\"target\":[\"https:\/\/elektrotec.com.br\/loja\/produto\/impressora-termica-de-cupom-elgin-bema-mp4200-hs-nao-fiscal-usb-ethernet-e-serial\/\"]}]},{\"@type\":\"ImageObject\",\"inLanguage\":\"pt-BR\",\"@id\":\"https:\/\/elektrotec.com.br\/loja\/produto\/impressora-termica-de-cupom-elgin-bema-mp4200-hs-nao-fiscal-usb-ethernet-e-serial\/#primaryimage\",\"url\":\"https:\/\/i0.wp.com\/elektrotec.com.br\/loja\/wp-content\/uploads\/2024\/11\/Impressora-Termica-de-Cupom-Elgin-BEMA-MP4200-HS-Nao-Fiscal-USB-Ethernet-e-Serial-0.jpg?fit=700%2C800&ssl=1\",\"contentUrl\":\"https:\/\/i0.wp.com\/elektrotec.com.br\/loja\/wp-content\/uploads\/2024\/11\/Impressora-Termica-de-Cupom-Elgin-BEMA-MP4200-HS-Nao-Fiscal-USB-Ethernet-e-Serial-0.jpg?fit=700%2C800&ssl=1\",\"width\":700,\"height\":800},{\"@type\":\"BreadcrumbList\",\"@id\":\"https:\/\/elektrotec.com.br\/loja\/produto\/impressora-termica-de-cupom-elgin-bema-mp4200-hs-nao-fiscal-usb-ethernet-e-serial\/#breadcrumb\",\"itemListElement\":[{\"@type\":\"ListItem\",\"position\":1,\"name\":\"Home\",\"item\":\"https:\/\/elektrotec.com.br\/loja\/\"},{\"@type\":\"ListItem\",\"position\":2,\"name\":\"Ofertas do dia \u26a1\",\"item\":\"https:\/\/elektrotec.com.br\/loja\/loja\/\"},{\"@type\":\"ListItem\",\"position\":3,\"name\":\"Impressora t\u00e9rmica de cupom Elgin BEMA MP4200 HS, n\u00e3o fiscal, USB, ethernet e serial\"}]},{\"@type\":\"WebSite\",\"@id\":\"https:\/\/elektrotec.com.br\/loja\/#website\",\"url\":\"https:\/\/elektrotec.com.br\/loja\/\",\"name\":\"Elektrotec Store\",\"description\":\"Solu\u00e7\u00f5es em Energia e Automa\u00e7\u00e3o Industrial\",\"publisher\":{\"@id\":\"https:\/\/elektrotec.com.br\/loja\/#organization\"},\"potentialAction\":[{\"@type\":\"SearchAction\",\"target\":{\"@type\":\"EntryPoint\",\"urlTemplate\":\"https:\/\/elektrotec.com.br\/loja\/?s={search_term_string}\"},\"query-input\":{\"@type\":\"PropertyValueSpecification\",\"valueRequired\":true,\"valueName\":\"search_term_string\"}}],\"inLanguage\":\"pt-BR\"},{\"@type\":\"Organization\",\"@id\":\"https:\/\/elektrotec.com.br\/loja\/#organization\",\"name\":\"Elektrotec\",\"url\":\"https:\/\/elektrotec.com.br\/loja\/\",\"logo\":{\"@type\":\"ImageObject\",\"inLanguage\":\"pt-BR\",\"@id\":\"https:\/\/elektrotec.com.br\/loja\/#\/schema\/logo\/image\/\",\"url\":\"https:\/\/i0.wp.com\/elektrotec.com.br\/loja\/wp-content\/uploads\/2025\/05\/Logo-site-Elektrotec-Energy-1.webp?fit=270%2C70&ssl=1\",\"contentUrl\":\"https:\/\/i0.wp.com\/elektrotec.com.br\/loja\/wp-content\/uploads\/2025\/05\/Logo-site-Elektrotec-Energy-1.webp?fit=270%2C70&ssl=1\",\"width\":270,\"height\":70,\"caption\":\"Elektrotec\"},\"image\":{\"@id\":\"https:\/\/elektrotec.com.br\/loja\/#\/schema\/logo\/image\/\"}}]}<\/script>\n<!-- \/ Yoast SEO plugin. -->","yoast_head_json":{"title":"Impressora t\u00e9rmica de cupom n\u00e3o fiscal Elgin BEMA MP4200 HS","description":"A Impressora de cupom t\u00e9rmica Elgin Bematech MP4200 \u00e9 a op\u00e7\u00e3o ideal para a automa\u00e7\u00e3o comercial de estabelecimentos que atuam com grande volume de impress\u00e3o.","robots":{"index":"index","follow":"follow","max-snippet":"max-snippet:-1","max-image-preview":"max-image-preview:large","max-video-preview":"max-video-preview:-1"},"canonical":"https:\/\/elektrotec.com.br\/loja\/produto\/impressora-termica-de-cupom-elgin-bema-mp4200-hs-nao-fiscal-usb-ethernet-e-serial\/","og_locale":"pt_BR","og_type":"article","og_title":"Impressora t\u00e9rmica de cupom n\u00e3o fiscal Elgin BEMA MP4200 HS","og_description":"A Impressora de cupom t\u00e9rmica Elgin Bematech MP4200 \u00e9 a op\u00e7\u00e3o ideal para a automa\u00e7\u00e3o comercial de estabelecimentos que atuam com grande volume de impress\u00e3o.","og_url":"https:\/\/elektrotec.com.br\/loja\/produto\/impressora-termica-de-cupom-elgin-bema-mp4200-hs-nao-fiscal-usb-ethernet-e-serial\/","og_site_name":"Elektrotec Store","article_modified_time":"2025-02-27T21:36:20+00:00","og_image":[{"width":700,"height":800,"url":"https:\/\/elektrotec.com.br\/loja\/wp-content\/uploads\/2024\/11\/Impressora-Termica-de-Cupom-Elgin-BEMA-MP4200-HS-Nao-Fiscal-USB-Ethernet-e-Serial-0.jpg","type":"image\/jpeg"}],"twitter_card":"summary_large_image","twitter_misc":{"Est. tempo de leitura":"2 minutos"},"schema":{"@context":"https:\/\/schema.org","@graph":[{"@type":"WebPage","@id":"https:\/\/elektrotec.com.br\/loja\/produto\/impressora-termica-de-cupom-elgin-bema-mp4200-hs-nao-fiscal-usb-ethernet-e-serial\/","url":"https:\/\/elektrotec.com.br\/loja\/produto\/impressora-termica-de-cupom-elgin-bema-mp4200-hs-nao-fiscal-usb-ethernet-e-serial\/","name":"Impressora t\u00e9rmica de cupom n\u00e3o fiscal Elgin BEMA MP4200 HS","isPartOf":{"@id":"https:\/\/elektrotec.com.br\/loja\/#website"},"primaryImageOfPage":{"@id":"https:\/\/elektrotec.com.br\/loja\/produto\/impressora-termica-de-cupom-elgin-bema-mp4200-hs-nao-fiscal-usb-ethernet-e-serial\/#primaryimage"},"image":{"@id":"https:\/\/elektrotec.com.br\/loja\/produto\/impressora-termica-de-cupom-elgin-bema-mp4200-hs-nao-fiscal-usb-ethernet-e-serial\/#primaryimage"},"thumbnailUrl":"https:\/\/i0.wp.com\/elektrotec.com.br\/loja\/wp-content\/uploads\/2024\/11\/Impressora-Termica-de-Cupom-Elgin-BEMA-MP4200-HS-Nao-Fiscal-USB-Ethernet-e-Serial-0.jpg?fit=700%2C800&ssl=1","datePublished":"2024-11-24T00:16:32+00:00","dateModified":"2025-02-27T21:36:20+00:00","description":"A Impressora de cupom t\u00e9rmica Elgin Bematech MP4200 \u00e9 a op\u00e7\u00e3o ideal para a automa\u00e7\u00e3o comercial de estabelecimentos que atuam com grande volume de impress\u00e3o.","breadcrumb":{"@id":"https:\/\/elektrotec.com.br\/loja\/produto\/impressora-termica-de-cupom-elgin-bema-mp4200-hs-nao-fiscal-usb-ethernet-e-serial\/#breadcrumb"},"inLanguage":"pt-BR","potentialAction":[{"@type":"ReadAction","target":["https:\/\/elektrotec.com.br\/loja\/produto\/impressora-termica-de-cupom-elgin-bema-mp4200-hs-nao-fiscal-usb-ethernet-e-serial\/"]}]},{"@type":"ImageObject","inLanguage":"pt-BR","@id":"https:\/\/elektrotec.com.br\/loja\/produto\/impressora-termica-de-cupom-elgin-bema-mp4200-hs-nao-fiscal-usb-ethernet-e-serial\/#primaryimage","url":"https:\/\/i0.wp.com\/elektrotec.com.br\/loja\/wp-content\/uploads\/2024\/11\/Impressora-Termica-de-Cupom-Elgin-BEMA-MP4200-HS-Nao-Fiscal-USB-Ethernet-e-Serial-0.jpg?fit=700%2C800&ssl=1","contentUrl":"https:\/\/i0.wp.com\/elektrotec.com.br\/loja\/wp-content\/uploads\/2024\/11\/Impressora-Termica-de-Cupom-Elgin-BEMA-MP4200-HS-Nao-Fiscal-USB-Ethernet-e-Serial-0.jpg?fit=700%2C800&ssl=1","width":700,"height":800},{"@type":"BreadcrumbList","@id":"https:\/\/elektrotec.com.br\/loja\/produto\/impressora-termica-de-cupom-elgin-bema-mp4200-hs-nao-fiscal-usb-ethernet-e-serial\/#breadcrumb","itemListElement":[{"@type":"ListItem","position":1,"name":"Home","item":"https:\/\/elektrotec.com.br\/loja\/"},{"@type":"ListItem","position":2,"name":"Ofertas do dia \u26a1","item":"https:\/\/elektrotec.com.br\/loja\/loja\/"},{"@type":"ListItem","position":3,"name":"Impressora t\u00e9rmica de cupom Elgin BEMA MP4200 HS, n\u00e3o fiscal, USB, ethernet e serial"}]},{"@type":"WebSite","@id":"https:\/\/elektrotec.com.br\/loja\/#website","url":"https:\/\/elektrotec.com.br\/loja\/","name":"Elektrotec Store","description":"Solu\u00e7\u00f5es em Energia e Automa\u00e7\u00e3o Industrial","publisher":{"@id":"https:\/\/elektrotec.com.br\/loja\/#organization"},"potentialAction":[{"@type":"SearchAction","target":{"@type":"EntryPoint","urlTemplate":"https:\/\/elektrotec.com.br\/loja\/?s={search_term_string}"},"query-input":{"@type":"PropertyValueSpecification","valueRequired":true,"valueName":"search_term_string"}}],"inLanguage":"pt-BR"},{"@type":"Organization","@id":"https:\/\/elektrotec.com.br\/loja\/#organization","name":"Elektrotec","url":"https:\/\/elektrotec.com.br\/loja\/","logo":{"@type":"ImageObject","inLanguage":"pt-BR","@id":"https:\/\/elektrotec.com.br\/loja\/#\/schema\/logo\/image\/","url":"https:\/\/i0.wp.com\/elektrotec.com.br\/loja\/wp-content\/uploads\/2025\/05\/Logo-site-Elektrotec-Energy-1.webp?fit=270%2C70&ssl=1","contentUrl":"https:\/\/i0.wp.com\/elektrotec.com.br\/loja\/wp-content\/uploads\/2025\/05\/Logo-site-Elektrotec-Energy-1.webp?fit=270%2C70&ssl=1","width":270,"height":70,"caption":"Elektrotec"},"image":{"@id":"https:\/\/elektrotec.com.br\/loja\/#\/schema\/logo\/image\/"}}]}},"jetpack_sharing_enabled":true,"brands":[],"_links":{"self":[{"href":"https:\/\/elektrotec.com.br\/loja\/wp-json\/wp\/v2\/product\/3453","targetHints":{"allow":["GET"]}}],"collection":[{"href":"https:\/\/elektrotec.com.br\/loja\/wp-json\/wp\/v2\/product"}],"about":[{"href":"https:\/\/elektrotec.com.br\/loja\/wp-json\/wp\/v2\/types\/product"}],"replies":[{"embeddable":true,"href":"https:\/\/elektrotec.com.br\/loja\/wp-json\/wp\/v2\/comments?post=3453"}],"wp:featuredmedia":[{"embeddable":true,"href":"https:\/\/elektrotec.com.br\/loja\/wp-json\/wp\/v2\/media\/3466"}],"wp:attachment":[{"href":"https:\/\/elektrotec.com.br\/loja\/wp-json\/wp\/v2\/media?parent=3453"}],"wp:term":[{"taxonomy":"pwb-brand","embeddable":true,"href":"https:\/\/elektrotec.com.br\/loja\/wp-json\/wp\/v2\/pwb-brand?post=3453"},{"taxonomy":"product_brand","embeddable":true,"href":"https:\/\/elektrotec.com.br\/loja\/wp-json\/wp\/v2\/product_brand?post=3453"},{"taxonomy":"product_cat","embeddable":true,"href":"https:\/\/elektrotec.com.br\/loja\/wp-json\/wp\/v2\/product_cat?post=3453"},{"taxonomy":"product_tag","embeddable":true,"href":"https:\/\/elektrotec.com.br\/loja\/wp-json\/wp\/v2\/product_tag?post=3453"}],"curies":[{"name":"wp","href":"https:\/\/api.w.org\/{rel}","templated":true}]}}