{"id":3423,"date":"2024-11-20T20:59:06","date_gmt":"2024-11-20T23:59:06","guid":{"rendered":"https:\/\/quioske.com.br\/?post_type=product&#038;p=3423"},"modified":"2025-02-27T18:23:43","modified_gmt":"2025-02-27T21:23:43","slug":"impressora-de-codigo-de-barras-zebra-zd220-nova-gc420t","status":"publish","type":"product","link":"https:\/\/elektrotec.com.br\/loja\/produto\/impressora-de-codigo-de-barras-zebra-zd220-nova-gc420t\/","title":{"rendered":"Impressora de c\u00f3digo de barras Zebra ZD220, nova GC420T"},"content":{"rendered":"<div class=\"wpb-content-wrapper\"><p>[vc_row woodmart_css_id=&#8221;6738c549cbf22&#8243; responsive_spacing=&#8221;eyJwYXJhbV90eXBlIjoid29vZG1hcnRfcmVzcG9uc2l2ZV9zcGFjaW5nIiwic2VsZWN0b3JfaWQiOiI2NzM4YzU0OWNiZjIyIiwic2hvcnRjb2RlIjoidmNfcm93IiwiZGF0YSI6eyJ0YWJsZXQiOnt9LCJtb2JpbGUiOnt9fX0=&#8221; mobile_bg_img_hidden=&#8221;no&#8221; tablet_bg_img_hidden=&#8221;no&#8221; woodmart_parallax=&#8221;0&#8243; woodmart_gradient_switch=&#8221;no&#8221; woodmart_box_shadow=&#8221;no&#8221; wd_z_index=&#8221;no&#8221; woodmart_disable_overflow=&#8221;0&#8243; row_reverse_mobile=&#8221;0&#8243; row_reverse_tablet=&#8221;0&#8243; el_id=&#8221;codigo-52845&#8243;][vc_column css=&#8221;.vc_custom_1666272391679{padding-top: 0px !important;}&#8221; woodmart_css_id=&#8221;63514c8260958&#8243; parallax_scroll=&#8221;no&#8221; woodmart_sticky_column=&#8221;false&#8221; wd_collapsible_content_switcher=&#8221;no&#8221; wd_column_role_offcanvas_desktop=&#8221;no&#8221; wd_column_role_offcanvas_tablet=&#8221;no&#8221; wd_column_role_offcanvas_mobile=&#8221;no&#8221; wd_column_role_content_desktop=&#8221;no&#8221; wd_column_role_content_tablet=&#8221;no&#8221; wd_column_role_content_mobile=&#8221;no&#8221; mobile_bg_img_hidden=&#8221;no&#8221; tablet_bg_img_hidden=&#8221;no&#8221; woodmart_parallax=&#8221;0&#8243; woodmart_box_shadow=&#8221;no&#8221; responsive_spacing=&#8221;eyJwYXJhbV90eXBlIjoid29vZG1hcnRfcmVzcG9uc2l2ZV9zcGFjaW5nIiwic2VsZWN0b3JfaWQiOiI2MzUxNGM4MjYwOTU4Iiwic2hvcnRjb2RlIjoidmNfY29sdW1uIiwiZGF0YSI6eyJ0YWJsZXQiOnt9LCJtb2JpbGUiOnt9fX0=&#8221; mobile_reset_margin=&#8221;no&#8221; tablet_reset_margin=&#8221;no&#8221; wd_z_index=&#8221;no&#8221;]\t\t<div id=\"wd-67be763f33bff\" class=\"wd-text-block wd-wpb reset-last-child wd-rs-67be763f33bff text-center vc_custom_1740535403954\">\n\t\t\t<p><img data-recalc-dims=\"1\" loading=\"lazy\" decoding=\"async\" class=\"aligncenter wp-image-4486 size-full\" src=\"https:\/\/i0.wp.com\/elektrotec.com.br\/loja\/wp-content\/uploads\/2024\/11\/39739.jpeg?resize=1000%2C1000&#038;ssl=1\" alt=\"\" width=\"1000\" height=\"1000\" srcset=\"https:\/\/i0.wp.com\/elektrotec.com.br\/loja\/wp-content\/uploads\/2024\/11\/39739.jpeg?w=1000&amp;ssl=1 1000w, https:\/\/i0.wp.com\/elektrotec.com.br\/loja\/wp-content\/uploads\/2024\/11\/39739.jpeg?resize=300%2C300&amp;ssl=1 300w, https:\/\/i0.wp.com\/elektrotec.com.br\/loja\/wp-content\/uploads\/2024\/11\/39739.jpeg?resize=150%2C150&amp;ssl=1 150w, https:\/\/i0.wp.com\/elektrotec.com.br\/loja\/wp-content\/uploads\/2024\/11\/39739.jpeg?resize=768%2C768&amp;ssl=1 768w, https:\/\/i0.wp.com\/elektrotec.com.br\/loja\/wp-content\/uploads\/2024\/11\/39739.jpeg?resize=600%2C600&amp;ssl=1 600w\" sizes=\"auto, (max-width: 1000px) 100vw, 1000px\" \/><\/p>\n\t\t<\/div>\n\t\t[\/vc_column][\/vc_row][vc_row][vc_column woodmart_css_id=&#8221;667c81fba6236&#8243; parallax_scroll=&#8221;no&#8221; woodmart_sticky_column=&#8221;false&#8221; wd_collapsible_content_switcher=&#8221;no&#8221; wd_column_role_offcanvas_desktop=&#8221;no&#8221; wd_column_role_offcanvas_tablet=&#8221;no&#8221; wd_column_role_offcanvas_mobile=&#8221;no&#8221; wd_column_role_content_desktop=&#8221;no&#8221; wd_column_role_content_tablet=&#8221;no&#8221; wd_column_role_content_mobile=&#8221;no&#8221; mobile_bg_img_hidden=&#8221;no&#8221; tablet_bg_img_hidden=&#8221;no&#8221; woodmart_parallax=&#8221;0&#8243; woodmart_box_shadow=&#8221;no&#8221; responsive_spacing=&#8221;eyJwYXJhbV90eXBlIjoid29vZG1hcnRfcmVzcG9uc2l2ZV9zcGFjaW5nIiwic2VsZWN0b3JfaWQiOiI2NjdjODFmYmE2MjM2Iiwic2hvcnRjb2RlIjoidmNfY29sdW1uIiwiZGF0YSI6eyJ0YWJsZXQiOnt9LCJtb2JpbGUiOnt9fX0=&#8221; mobile_reset_margin=&#8221;no&#8221; tablet_reset_margin=&#8221;no&#8221; wd_z_index=&#8221;no&#8221; css=&#8221;.vc_custom_1719435784581{margin-top: -60px !important;}&#8221;][vc_separator border_width=&#8221;3&#8243; css=&#8221;.vc_custom_1731708518955{margin-top: 50px !important;margin-bottom: 50px !important;}&#8221; wd_hide_on_desktop=&#8221;no&#8221; wd_hide_on_tablet=&#8221;no&#8221; wd_hide_on_mobile=&#8221;no&#8221;][\/vc_column][\/vc_row][vc_row woodmart_css_id=&#8221;673e85a4d905c&#8221; responsive_spacing=&#8221;eyJwYXJhbV90eXBlIjoid29vZG1hcnRfcmVzcG9uc2l2ZV9zcGFjaW5nIiwic2VsZWN0b3JfaWQiOiI2NzNlODVhNGQ5MDVjIiwic2hvcnRjb2RlIjoidmNfcm93IiwiZGF0YSI6eyJ0YWJsZXQiOnt9LCJtb2JpbGUiOnt9fX0=&#8221; mobile_bg_img_hidden=&#8221;no&#8221; tablet_bg_img_hidden=&#8221;no&#8221; woodmart_parallax=&#8221;0&#8243; woodmart_gradient_switch=&#8221;no&#8221; woodmart_box_shadow=&#8221;no&#8221; wd_z_index=&#8221;no&#8221; woodmart_disable_overflow=&#8221;0&#8243; row_reverse_mobile=&#8221;0&#8243; row_reverse_tablet=&#8221;0&#8243; el_id=&#8221;codigo-39739&#8243;][vc_column css=&#8221;.vc_custom_1669033735057{padding-top: 0px !important;}&#8221; woodmart_css_id=&#8221;637b6f036ef34&#8243; parallax_scroll=&#8221;no&#8221; woodmart_sticky_column=&#8221;false&#8221; wd_collapsible_content_switcher=&#8221;no&#8221; wd_column_role_offcanvas_desktop=&#8221;no&#8221; wd_column_role_offcanvas_tablet=&#8221;no&#8221; wd_column_role_offcanvas_mobile=&#8221;no&#8221; wd_column_role_content_desktop=&#8221;no&#8221; wd_column_role_content_tablet=&#8221;no&#8221; wd_column_role_content_mobile=&#8221;no&#8221; mobile_bg_img_hidden=&#8221;no&#8221; tablet_bg_img_hidden=&#8221;no&#8221; woodmart_parallax=&#8221;0&#8243; woodmart_box_shadow=&#8221;no&#8221; responsive_spacing=&#8221;eyJwYXJhbV90eXBlIjoid29vZG1hcnRfcmVzcG9uc2l2ZV9zcGFjaW5nIiwic2VsZWN0b3JfaWQiOiI2MzdiNmYwMzZlZjM0Iiwic2hvcnRjb2RlIjoidmNfY29sdW1uIiwiZGF0YSI6eyJ0YWJsZXQiOnt9LCJtb2JpbGUiOnt9fX0=&#8221; mobile_reset_margin=&#8221;no&#8221; tablet_reset_margin=&#8221;no&#8221; wd_z_index=&#8221;no&#8221;]\n\t\t<div id=\"wd-667ca27edb170\" class=\"title-wrapper wd-wpb wd-set-mb reset-last-child  wd-rs-667ca27edb170 wd-title-color-default wd-title-style-default text-left vc_custom_1719444410298 wd-underline-colored\">\n\t\t\t\n\t\t\t<div class=\"liner-continer\">\n\t\t\t\t<h4 class=\"woodmart-title-container title  wd-font-weight-700 wd-fontsize-l\" >\ud83d\udccc Especifica\u00e7\u00f5es T\u00e9cnicas:<\/h4>\n\t\t\t\t\t\t\t<\/div>\n\t\t\t\n\t\t\t\n\t\t\t\n\t\t<\/div>\n\t\t\n\t\t\t\t<div id=\"wd-67be748c948f3\" class=\"wd-text-block wd-wpb reset-last-child wd-rs-67be748c948f3 text-left vc_custom_1740535023933\">\n\t\t\t<article id=\"informacoes\" class=\"box-vitrine-destaque\">\n<header class=\"box-vitrine sub-vitrine\">\n<p class=\"tt-sub-vitrine\"><span style=\"color: #333333; font-size: 16px;\">A Impressora Zebra ZD220 alinha qualidade em seus componentes, prolongando assim a vida \u00fatil de sua impressora. Projetada com a qualidade da Zebra, a Impressora ZD220 apresenta uma constru\u00e7\u00e3o dupla para maior durabilidade oferecendo um excepcional retorno de investimento.<\/span><\/p>\n<\/header>\n<dl class=\"txt-detalhe-produto\">\u00c9 simples de instalar e come\u00e7ar a imprimir assim que sai da embalagem. A conectividade por USB garante a utiliza\u00e7\u00e3o em qualquer computador.<\/dl>\n<dl class=\"txt-detalhe-produto\">Substitua facilmente as impressoras antigas que usam linguagem de comando ZPL, EPL ou n\u00e3o Zebra.<\/dl>\n<dl class=\"txt-detalhe-produto\">Caracter\u00edsticas el\u00e9tricas: Detec\u00e7\u00e3o autom\u00e1tica (conforme ao PFC) 100-240VAC, 50-60Hz; qualifica\u00e7\u00e3o de ENERGY STAR<\/dl>\n<dl class=\"txt-detalhe-produto\">**O tubete para o ribbon n\u00e3o acompanha esse modelo.<\/dl>\n<\/article>\n<h4><\/h4>\n<h4><strong>Caracter\u00edsticas<\/strong><\/h4>\n<div class=\"sc-7e0ca514-1 GiPKU\">\n<div class=\"sc-7e0ca514-1 GiPKU\">\n<ul>\n<li class=\"sc-7e0ca514-1 GiPKU\">Resolu\u00e7\u00e3o: 203 Dpi\/8 Pontos Por Mm<\/li>\n<li class=\"sc-7e0ca514-1 GiPKU\">Mem\u00f3ria: 128 Mb De Flash; 128Mb De Sdram<\/li>\n<li class=\"sc-7e0ca514-1 GiPKU\">Largura M\u00e1xima De Impress\u00e3o: 4,09 Pol. \/ 104Mm<\/li>\n<li class=\"sc-7e0ca514-1 GiPKU\">Velocidade De Impress\u00e3o: 4 Pol.\/102 Mm Por Segundo<\/li>\n<li class=\"sc-7e0ca514-1 GiPKU\">Firmware: Zpl Ii; Epl 2; Xml<\/li>\n<li class=\"sc-7e0ca514-1 GiPKU\">Comprimento M\u00e1ximo De Etiqueta: 39,0 Pol. \/ 991Mm<\/li>\n<li class=\"sc-7e0ca514-1 GiPKU\">Largura Da M\u00eddia: 1.00 Pol. \/ 25.4Mm a 4.4 Pol. \/ 112 Mm<\/li>\n<li class=\"sc-7e0ca514-1 GiPKU\">Tamanho Do Rolo De M\u00eddia: 5.00 Pol.\/127 Mm De Di\u00e2metro Externo Di\u00e2metro Interno Do N\u00facleo: 0.5 Pol. (12.7 Mm) e 1.0 Pol. (25,4 Mm) Padr\u00e3o, 1.5 Pol. (38.1)<\/li>\n<li class=\"sc-7e0ca514-1 GiPKU\">Espessura: 0.003 Pol. (0,08 Mm) Min.; 0.0075 Pol. (0,1905 Mm) M\u00e1x. (Apenas No Modo De Destacar)<\/li>\n<li class=\"sc-7e0ca514-1 GiPKU\">Tipos De M\u00eddia: Alimenta\u00e7\u00e3o Por Rolo ou Sanfonada, Serrilhada ou Cont\u00ednua Com ou Sem Marca Preta, Formul\u00e1rio De Etiquetas, Formul\u00e1rio Cont\u00ednuo De Recibos e Pulseiras<\/li>\n<li class=\"sc-7e0ca514-1 GiPKU\">Di\u00e2metro Externo Da Fita: 1,34 Pol. \/ 34 Mm (74 M)<\/li>\n<li class=\"sc-7e0ca514-1 GiPKU\">Comprimento M\u00e1ximo Da Fita: 244 P\u00e9s (74 M)<\/li>\n<li class=\"sc-7e0ca514-1 GiPKU\">Raz\u00e3o Da Fita: 1:1 De M\u00eddia Para Fita (74 M)<\/li>\n<li class=\"sc-7e0ca514-1 GiPKU\">Largura Da Fita: 1.33 Pol. \/ 33.8 Mm ~ 4.3 Pol. \/ 109.2Mm<\/li>\n<li class=\"sc-7e0ca514-1 GiPKU\">Di\u00e2metro Interno Do N\u00facleo Da Fita: Fita De 74 Metros: 0,5 Pol. \/ 12.7Mm<\/li>\n<li class=\"sc-7e0ca514-1 GiPKU\">Propor\u00e7\u00f5es De C\u00f3digos De Barras: 2:1 E 3:1<\/li>\n<\/ul>\n<h4><b>Sensores De M\u00eddia:<\/b><\/h4>\n<ul>\n<li class=\"sc-7e0ca514-1 GiPKU\">Sensor De Marca Preta M\u00f3vel, Alcance Limitado Do Centro Para O Lado Esquerdo; Sensor De Lacuna Exc\u00eantrico Fixo<\/li>\n<li class=\"sc-7e0ca514-1 GiPKU\"><b>C\u00f3digos De Barras 1D: <\/b>Code 11, Code 39, Code 93, Code 128, Isbt-128,upc-a, Upc-e, Ean-8, Ean-13, Extens\u00f5es Upc e ean De 2 Ou5 D\u00edgitos, Plessey, Postnet, Standard 2-de-5, Industrial 2-de-5, Interleaved 2-de-5, Logmars, Msi, Codabar e Planet Code<\/li>\n<li class=\"sc-7e0ca514-1 GiPKU\"><b>C\u00f3digos De Barras 2D:<\/b>Codablock, Pdf417, Code 49, Datamatrix, Maxicode, Qr Code, Micropdf e Aztec.<\/li>\n<\/ul>\n<h4><b>Fontes e Elementos Gr\u00e1ficos: <\/b><\/h4>\n<ul>\n<li>16 Fontes Bitmap Residentes Expans\u00edveis Zpl Ii; Duas Fontes Residentes Dimension\u00e1veis Zpl; Cinco Fontes Residentes Expans\u00edveis Epl2; Suporte A Fonte Nativa De Tipo Aberto; Conformidade Com Unicode Para Impress\u00e3o T\u00e9rmica Sob Demanda Multil\u00edngue; 50 Mb De Mem\u00f3ria N\u00e3o Vol\u00e1til Dispon\u00edveis Ao Usu\u00e1rio, 8 Mb De Sdram Dispon\u00edveis Ao Usu\u00e1rio<strong>Garantia do Fornecedor<\/strong><\/li>\n<li>3 Meses<\/li>\n<\/ul>\n<h4><strong>Modelo:<\/strong><\/h4>\n<ul>\n<li>ZD 220<\/li>\n<\/ul>\n<div class=\"sc-7e0ca514-4 ikipIN\">\n<h4><strong>Peso:<\/strong><\/h4>\n<\/div>\n<ul>\n<li class=\"sc-7e0ca514-3 lnNTXx\">3300 gramas (bruto com embalagem)<\/li>\n<\/ul>\n<\/div>\n<\/div>\n\t\t<\/div>\n\t\t[\/vc_column][\/vc_row]<\/p>\n<\/div>","protected":false},"excerpt":{"rendered":"<p><strong>C\u00f3digo:<\/strong> <a href=\"#\">39739<\/a>\u00a0 \u00a0<strong>|<\/strong>\u00a0 \u00a0<strong>Mais produtos:<\/strong> <a href=\"https:\/\/elektrotec.com.br\/loja\/loja\/?filter_marcas=zebra\">Zebra<\/a>\u00a0 \u00a0<strong>|<\/strong>\u00a0 \u00a0<a href=\"https:\/\/elektrotec.com.br\/loja\/produto\/impressora-de-codigo-de-barras-zebra-zd220-nova-gc420t\/#codigo-39739 \"><strong>Descri\u00e7\u00e3o do produto<\/strong><\/a><\/p>\n","protected":false},"featured_media":3424,"comment_status":"open","ping_status":"closed","template":"","meta":{"pagelayer_contact_templates":[],"_pagelayer_content":"","_mbp_gutenberg_autopost":false},"pwb-brand":[],"product_brand":[],"product_cat":[291,70,24],"product_tag":[],"class_list":{"0":"post-3423","1":"product","2":"type-product","3":"status-publish","4":"has-post-thumbnail","6":"product_cat-automacao-comercial","7":"product_cat-impressao-e-imagem","8":"product_cat-impressora-de-etiquetas","9":"product_shipping_class-logistica-quioske","11":"first","12":"instock","13":"shipping-taxable","14":"purchasable","15":"product-type-simple"},"yoast_head":"<!-- This site is optimized with the Yoast SEO plugin v27.2 - https:\/\/yoast.com\/product\/yoast-seo-wordpress\/ -->\n<title>Impressora de c\u00f3digo de barras Zebra ZD220, nova GC420T<\/title>\n<meta name=\"description\" content=\"Impressora Zebra ZD220 alinha qualidade em seus componentes, prolongando assim a vida \u00fatil. Oferecendo um excepcional retorno de investimento.\" \/>\n<meta name=\"robots\" content=\"index, follow, max-snippet:-1, max-image-preview:large, max-video-preview:-1\" \/>\n<link rel=\"canonical\" href=\"https:\/\/elektrotec.com.br\/loja\/produto\/impressora-de-codigo-de-barras-zebra-zd220-nova-gc420t\/\" \/>\n<meta property=\"og:locale\" content=\"pt_BR\" \/>\n<meta property=\"og:type\" content=\"article\" \/>\n<meta property=\"og:title\" content=\"Impressora de c\u00f3digo de barras Zebra ZD220, nova GC420T\" \/>\n<meta property=\"og:description\" content=\"Impressora Zebra ZD220 alinha qualidade em seus componentes, prolongando assim a vida \u00fatil. Oferecendo um excepcional retorno de investimento.\" \/>\n<meta property=\"og:url\" content=\"https:\/\/elektrotec.com.br\/loja\/produto\/impressora-de-codigo-de-barras-zebra-zd220-nova-gc420t\/\" \/>\n<meta property=\"og:site_name\" content=\"Elektrotec Store\" \/>\n<meta property=\"article:modified_time\" content=\"2025-02-27T21:23:43+00:00\" \/>\n<meta property=\"og:image\" content=\"https:\/\/elektrotec.com.br\/loja\/wp-content\/uploads\/2024\/11\/Impressora-De-Codigo-De-Barras-Zebra-Zd220-Nova-Gc420t-0.jpg\" \/>\n\t<meta property=\"og:image:width\" content=\"700\" \/>\n\t<meta property=\"og:image:height\" content=\"800\" \/>\n\t<meta property=\"og:image:type\" content=\"image\/jpeg\" \/>\n<meta name=\"twitter:card\" content=\"summary_large_image\" \/>\n<meta name=\"twitter:label1\" content=\"Est. tempo de leitura\" \/>\n\t<meta name=\"twitter:data1\" content=\"4 minutos\" \/>\n<script type=\"application\/ld+json\" class=\"yoast-schema-graph\">{\"@context\":\"https:\/\/schema.org\",\"@graph\":[{\"@type\":\"WebPage\",\"@id\":\"https:\/\/elektrotec.com.br\/loja\/produto\/impressora-de-codigo-de-barras-zebra-zd220-nova-gc420t\/\",\"url\":\"https:\/\/elektrotec.com.br\/loja\/produto\/impressora-de-codigo-de-barras-zebra-zd220-nova-gc420t\/\",\"name\":\"Impressora de c\u00f3digo de barras Zebra ZD220, nova GC420T\",\"isPartOf\":{\"@id\":\"https:\/\/elektrotec.com.br\/loja\/#website\"},\"primaryImageOfPage\":{\"@id\":\"https:\/\/elektrotec.com.br\/loja\/produto\/impressora-de-codigo-de-barras-zebra-zd220-nova-gc420t\/#primaryimage\"},\"image\":{\"@id\":\"https:\/\/elektrotec.com.br\/loja\/produto\/impressora-de-codigo-de-barras-zebra-zd220-nova-gc420t\/#primaryimage\"},\"thumbnailUrl\":\"https:\/\/i0.wp.com\/elektrotec.com.br\/loja\/wp-content\/uploads\/2024\/11\/Impressora-De-Codigo-De-Barras-Zebra-Zd220-Nova-Gc420t-0.jpg?fit=700%2C800&ssl=1\",\"datePublished\":\"2024-11-20T23:59:06+00:00\",\"dateModified\":\"2025-02-27T21:23:43+00:00\",\"description\":\"Impressora Zebra ZD220 alinha qualidade em seus componentes, prolongando assim a vida \u00fatil. Oferecendo um excepcional retorno de investimento.\",\"breadcrumb\":{\"@id\":\"https:\/\/elektrotec.com.br\/loja\/produto\/impressora-de-codigo-de-barras-zebra-zd220-nova-gc420t\/#breadcrumb\"},\"inLanguage\":\"pt-BR\",\"potentialAction\":[{\"@type\":\"ReadAction\",\"target\":[\"https:\/\/elektrotec.com.br\/loja\/produto\/impressora-de-codigo-de-barras-zebra-zd220-nova-gc420t\/\"]}]},{\"@type\":\"ImageObject\",\"inLanguage\":\"pt-BR\",\"@id\":\"https:\/\/elektrotec.com.br\/loja\/produto\/impressora-de-codigo-de-barras-zebra-zd220-nova-gc420t\/#primaryimage\",\"url\":\"https:\/\/i0.wp.com\/elektrotec.com.br\/loja\/wp-content\/uploads\/2024\/11\/Impressora-De-Codigo-De-Barras-Zebra-Zd220-Nova-Gc420t-0.jpg?fit=700%2C800&ssl=1\",\"contentUrl\":\"https:\/\/i0.wp.com\/elektrotec.com.br\/loja\/wp-content\/uploads\/2024\/11\/Impressora-De-Codigo-De-Barras-Zebra-Zd220-Nova-Gc420t-0.jpg?fit=700%2C800&ssl=1\",\"width\":700,\"height\":800},{\"@type\":\"BreadcrumbList\",\"@id\":\"https:\/\/elektrotec.com.br\/loja\/produto\/impressora-de-codigo-de-barras-zebra-zd220-nova-gc420t\/#breadcrumb\",\"itemListElement\":[{\"@type\":\"ListItem\",\"position\":1,\"name\":\"Home\",\"item\":\"https:\/\/elektrotec.com.br\/loja\/\"},{\"@type\":\"ListItem\",\"position\":2,\"name\":\"Ofertas do dia \u26a1\",\"item\":\"https:\/\/elektrotec.com.br\/loja\/loja\/\"},{\"@type\":\"ListItem\",\"position\":3,\"name\":\"Impressora de c\u00f3digo de barras Zebra ZD220, nova GC420T\"}]},{\"@type\":\"WebSite\",\"@id\":\"https:\/\/elektrotec.com.br\/loja\/#website\",\"url\":\"https:\/\/elektrotec.com.br\/loja\/\",\"name\":\"Elektrotec Store\",\"description\":\"Solu\u00e7\u00f5es em Energia e Automa\u00e7\u00e3o Industrial\",\"publisher\":{\"@id\":\"https:\/\/elektrotec.com.br\/loja\/#organization\"},\"potentialAction\":[{\"@type\":\"SearchAction\",\"target\":{\"@type\":\"EntryPoint\",\"urlTemplate\":\"https:\/\/elektrotec.com.br\/loja\/?s={search_term_string}\"},\"query-input\":{\"@type\":\"PropertyValueSpecification\",\"valueRequired\":true,\"valueName\":\"search_term_string\"}}],\"inLanguage\":\"pt-BR\"},{\"@type\":\"Organization\",\"@id\":\"https:\/\/elektrotec.com.br\/loja\/#organization\",\"name\":\"Elektrotec\",\"url\":\"https:\/\/elektrotec.com.br\/loja\/\",\"logo\":{\"@type\":\"ImageObject\",\"inLanguage\":\"pt-BR\",\"@id\":\"https:\/\/elektrotec.com.br\/loja\/#\/schema\/logo\/image\/\",\"url\":\"https:\/\/i0.wp.com\/elektrotec.com.br\/loja\/wp-content\/uploads\/2025\/05\/Logo-site-Elektrotec-Energy-1.webp?fit=270%2C70&ssl=1\",\"contentUrl\":\"https:\/\/i0.wp.com\/elektrotec.com.br\/loja\/wp-content\/uploads\/2025\/05\/Logo-site-Elektrotec-Energy-1.webp?fit=270%2C70&ssl=1\",\"width\":270,\"height\":70,\"caption\":\"Elektrotec\"},\"image\":{\"@id\":\"https:\/\/elektrotec.com.br\/loja\/#\/schema\/logo\/image\/\"}}]}<\/script>\n<!-- \/ Yoast SEO plugin. -->","yoast_head_json":{"title":"Impressora de c\u00f3digo de barras Zebra ZD220, nova GC420T","description":"Impressora Zebra ZD220 alinha qualidade em seus componentes, prolongando assim a vida \u00fatil. Oferecendo um excepcional retorno de investimento.","robots":{"index":"index","follow":"follow","max-snippet":"max-snippet:-1","max-image-preview":"max-image-preview:large","max-video-preview":"max-video-preview:-1"},"canonical":"https:\/\/elektrotec.com.br\/loja\/produto\/impressora-de-codigo-de-barras-zebra-zd220-nova-gc420t\/","og_locale":"pt_BR","og_type":"article","og_title":"Impressora de c\u00f3digo de barras Zebra ZD220, nova GC420T","og_description":"Impressora Zebra ZD220 alinha qualidade em seus componentes, prolongando assim a vida \u00fatil. Oferecendo um excepcional retorno de investimento.","og_url":"https:\/\/elektrotec.com.br\/loja\/produto\/impressora-de-codigo-de-barras-zebra-zd220-nova-gc420t\/","og_site_name":"Elektrotec Store","article_modified_time":"2025-02-27T21:23:43+00:00","og_image":[{"width":700,"height":800,"url":"https:\/\/elektrotec.com.br\/loja\/wp-content\/uploads\/2024\/11\/Impressora-De-Codigo-De-Barras-Zebra-Zd220-Nova-Gc420t-0.jpg","type":"image\/jpeg"}],"twitter_card":"summary_large_image","twitter_misc":{"Est. tempo de leitura":"4 minutos"},"schema":{"@context":"https:\/\/schema.org","@graph":[{"@type":"WebPage","@id":"https:\/\/elektrotec.com.br\/loja\/produto\/impressora-de-codigo-de-barras-zebra-zd220-nova-gc420t\/","url":"https:\/\/elektrotec.com.br\/loja\/produto\/impressora-de-codigo-de-barras-zebra-zd220-nova-gc420t\/","name":"Impressora de c\u00f3digo de barras Zebra ZD220, nova GC420T","isPartOf":{"@id":"https:\/\/elektrotec.com.br\/loja\/#website"},"primaryImageOfPage":{"@id":"https:\/\/elektrotec.com.br\/loja\/produto\/impressora-de-codigo-de-barras-zebra-zd220-nova-gc420t\/#primaryimage"},"image":{"@id":"https:\/\/elektrotec.com.br\/loja\/produto\/impressora-de-codigo-de-barras-zebra-zd220-nova-gc420t\/#primaryimage"},"thumbnailUrl":"https:\/\/i0.wp.com\/elektrotec.com.br\/loja\/wp-content\/uploads\/2024\/11\/Impressora-De-Codigo-De-Barras-Zebra-Zd220-Nova-Gc420t-0.jpg?fit=700%2C800&ssl=1","datePublished":"2024-11-20T23:59:06+00:00","dateModified":"2025-02-27T21:23:43+00:00","description":"Impressora Zebra ZD220 alinha qualidade em seus componentes, prolongando assim a vida \u00fatil. Oferecendo um excepcional retorno de investimento.","breadcrumb":{"@id":"https:\/\/elektrotec.com.br\/loja\/produto\/impressora-de-codigo-de-barras-zebra-zd220-nova-gc420t\/#breadcrumb"},"inLanguage":"pt-BR","potentialAction":[{"@type":"ReadAction","target":["https:\/\/elektrotec.com.br\/loja\/produto\/impressora-de-codigo-de-barras-zebra-zd220-nova-gc420t\/"]}]},{"@type":"ImageObject","inLanguage":"pt-BR","@id":"https:\/\/elektrotec.com.br\/loja\/produto\/impressora-de-codigo-de-barras-zebra-zd220-nova-gc420t\/#primaryimage","url":"https:\/\/i0.wp.com\/elektrotec.com.br\/loja\/wp-content\/uploads\/2024\/11\/Impressora-De-Codigo-De-Barras-Zebra-Zd220-Nova-Gc420t-0.jpg?fit=700%2C800&ssl=1","contentUrl":"https:\/\/i0.wp.com\/elektrotec.com.br\/loja\/wp-content\/uploads\/2024\/11\/Impressora-De-Codigo-De-Barras-Zebra-Zd220-Nova-Gc420t-0.jpg?fit=700%2C800&ssl=1","width":700,"height":800},{"@type":"BreadcrumbList","@id":"https:\/\/elektrotec.com.br\/loja\/produto\/impressora-de-codigo-de-barras-zebra-zd220-nova-gc420t\/#breadcrumb","itemListElement":[{"@type":"ListItem","position":1,"name":"Home","item":"https:\/\/elektrotec.com.br\/loja\/"},{"@type":"ListItem","position":2,"name":"Ofertas do dia \u26a1","item":"https:\/\/elektrotec.com.br\/loja\/loja\/"},{"@type":"ListItem","position":3,"name":"Impressora de c\u00f3digo de barras Zebra ZD220, nova GC420T"}]},{"@type":"WebSite","@id":"https:\/\/elektrotec.com.br\/loja\/#website","url":"https:\/\/elektrotec.com.br\/loja\/","name":"Elektrotec Store","description":"Solu\u00e7\u00f5es em Energia e Automa\u00e7\u00e3o Industrial","publisher":{"@id":"https:\/\/elektrotec.com.br\/loja\/#organization"},"potentialAction":[{"@type":"SearchAction","target":{"@type":"EntryPoint","urlTemplate":"https:\/\/elektrotec.com.br\/loja\/?s={search_term_string}"},"query-input":{"@type":"PropertyValueSpecification","valueRequired":true,"valueName":"search_term_string"}}],"inLanguage":"pt-BR"},{"@type":"Organization","@id":"https:\/\/elektrotec.com.br\/loja\/#organization","name":"Elektrotec","url":"https:\/\/elektrotec.com.br\/loja\/","logo":{"@type":"ImageObject","inLanguage":"pt-BR","@id":"https:\/\/elektrotec.com.br\/loja\/#\/schema\/logo\/image\/","url":"https:\/\/i0.wp.com\/elektrotec.com.br\/loja\/wp-content\/uploads\/2025\/05\/Logo-site-Elektrotec-Energy-1.webp?fit=270%2C70&ssl=1","contentUrl":"https:\/\/i0.wp.com\/elektrotec.com.br\/loja\/wp-content\/uploads\/2025\/05\/Logo-site-Elektrotec-Energy-1.webp?fit=270%2C70&ssl=1","width":270,"height":70,"caption":"Elektrotec"},"image":{"@id":"https:\/\/elektrotec.com.br\/loja\/#\/schema\/logo\/image\/"}}]}},"jetpack_sharing_enabled":true,"brands":[],"_links":{"self":[{"href":"https:\/\/elektrotec.com.br\/loja\/wp-json\/wp\/v2\/product\/3423","targetHints":{"allow":["GET"]}}],"collection":[{"href":"https:\/\/elektrotec.com.br\/loja\/wp-json\/wp\/v2\/product"}],"about":[{"href":"https:\/\/elektrotec.com.br\/loja\/wp-json\/wp\/v2\/types\/product"}],"replies":[{"embeddable":true,"href":"https:\/\/elektrotec.com.br\/loja\/wp-json\/wp\/v2\/comments?post=3423"}],"wp:featuredmedia":[{"embeddable":true,"href":"https:\/\/elektrotec.com.br\/loja\/wp-json\/wp\/v2\/media\/3424"}],"wp:attachment":[{"href":"https:\/\/elektrotec.com.br\/loja\/wp-json\/wp\/v2\/media?parent=3423"}],"wp:term":[{"taxonomy":"pwb-brand","embeddable":true,"href":"https:\/\/elektrotec.com.br\/loja\/wp-json\/wp\/v2\/pwb-brand?post=3423"},{"taxonomy":"product_brand","embeddable":true,"href":"https:\/\/elektrotec.com.br\/loja\/wp-json\/wp\/v2\/product_brand?post=3423"},{"taxonomy":"product_cat","embeddable":true,"href":"https:\/\/elektrotec.com.br\/loja\/wp-json\/wp\/v2\/product_cat?post=3423"},{"taxonomy":"product_tag","embeddable":true,"href":"https:\/\/elektrotec.com.br\/loja\/wp-json\/wp\/v2\/product_tag?post=3423"}],"curies":[{"name":"wp","href":"https:\/\/api.w.org\/{rel}","templated":true}]}}