{"id":3410,"date":"2024-11-19T21:06:54","date_gmt":"2024-11-20T00:06:54","guid":{"rendered":"https:\/\/quioske.com.br\/?post_type=product&#038;p=3410"},"modified":"2025-02-27T18:20:56","modified_gmt":"2025-02-27T21:20:56","slug":"impressora-termica-de-cupom-c3tech-it-100-usb-e-ethernet-preto","status":"publish","type":"product","link":"https:\/\/elektrotec.com.br\/loja\/produto\/impressora-termica-de-cupom-c3tech-it-100-usb-e-ethernet-preto\/","title":{"rendered":"Impressora t\u00e9rmica de cupom C3Tech IT-100, USB e ethernet, preto"},"content":{"rendered":"<div class=\"wpb-content-wrapper\"><p>[vc_row woodmart_css_id=&#8221;6738c549cbf22&#8243; responsive_spacing=&#8221;eyJwYXJhbV90eXBlIjoid29vZG1hcnRfcmVzcG9uc2l2ZV9zcGFjaW5nIiwic2VsZWN0b3JfaWQiOiI2NzM4YzU0OWNiZjIyIiwic2hvcnRjb2RlIjoidmNfcm93IiwiZGF0YSI6eyJ0YWJsZXQiOnt9LCJtb2JpbGUiOnt9fX0=&#8221; mobile_bg_img_hidden=&#8221;no&#8221; tablet_bg_img_hidden=&#8221;no&#8221; woodmart_parallax=&#8221;0&#8243; woodmart_gradient_switch=&#8221;no&#8221; woodmart_box_shadow=&#8221;no&#8221; wd_z_index=&#8221;no&#8221; woodmart_disable_overflow=&#8221;0&#8243; row_reverse_mobile=&#8221;0&#8243; row_reverse_tablet=&#8221;0&#8243; el_id=&#8221;codigo-52845&#8243;][vc_column css=&#8221;.vc_custom_1666272391679{padding-top: 0px !important;}&#8221; woodmart_css_id=&#8221;63514c8260958&#8243; parallax_scroll=&#8221;no&#8221; woodmart_sticky_column=&#8221;false&#8221; wd_collapsible_content_switcher=&#8221;no&#8221; wd_column_role_offcanvas_desktop=&#8221;no&#8221; wd_column_role_offcanvas_tablet=&#8221;no&#8221; wd_column_role_offcanvas_mobile=&#8221;no&#8221; wd_column_role_content_desktop=&#8221;no&#8221; wd_column_role_content_tablet=&#8221;no&#8221; wd_column_role_content_mobile=&#8221;no&#8221; mobile_bg_img_hidden=&#8221;no&#8221; tablet_bg_img_hidden=&#8221;no&#8221; woodmart_parallax=&#8221;0&#8243; woodmart_box_shadow=&#8221;no&#8221; responsive_spacing=&#8221;eyJwYXJhbV90eXBlIjoid29vZG1hcnRfcmVzcG9uc2l2ZV9zcGFjaW5nIiwic2VsZWN0b3JfaWQiOiI2MzUxNGM4MjYwOTU4Iiwic2hvcnRjb2RlIjoidmNfY29sdW1uIiwiZGF0YSI6eyJ0YWJsZXQiOnt9LCJtb2JpbGUiOnt9fX0=&#8221; mobile_reset_margin=&#8221;no&#8221; tablet_reset_margin=&#8221;no&#8221; wd_z_index=&#8221;no&#8221;]\t\t<div id=\"wd-67be6ec97bd44\" class=\"wd-text-block wd-wpb reset-last-child wd-rs-67be6ec97bd44 text-center vc_custom_1740533521203\">\n\t\t\t<p><img data-recalc-dims=\"1\" loading=\"lazy\" decoding=\"async\" class=\"aligncenter wp-image-4483 size-full\" src=\"https:\/\/i0.wp.com\/elektrotec.com.br\/loja\/wp-content\/uploads\/2024\/11\/77484.png?resize=998%2C3273&#038;ssl=1\" alt=\"\" width=\"998\" height=\"3273\" srcset=\"https:\/\/i0.wp.com\/elektrotec.com.br\/loja\/wp-content\/uploads\/2024\/11\/77484.png?w=998&amp;ssl=1 998w, https:\/\/i0.wp.com\/elektrotec.com.br\/loja\/wp-content\/uploads\/2024\/11\/77484.png?resize=312%2C1024&amp;ssl=1 312w, https:\/\/i0.wp.com\/elektrotec.com.br\/loja\/wp-content\/uploads\/2024\/11\/77484.png?resize=768%2C2519&amp;ssl=1 768w, https:\/\/i0.wp.com\/elektrotec.com.br\/loja\/wp-content\/uploads\/2024\/11\/77484.png?resize=468%2C1536&amp;ssl=1 468w, https:\/\/i0.wp.com\/elektrotec.com.br\/loja\/wp-content\/uploads\/2024\/11\/77484.png?resize=150%2C492&amp;ssl=1 150w\" sizes=\"auto, (max-width: 998px) 100vw, 998px\" \/><\/p>\n\t\t<\/div>\n\t\t[\/vc_column][\/vc_row][vc_row][vc_column woodmart_css_id=&#8221;667c81fba6236&#8243; parallax_scroll=&#8221;no&#8221; woodmart_sticky_column=&#8221;false&#8221; wd_collapsible_content_switcher=&#8221;no&#8221; wd_column_role_offcanvas_desktop=&#8221;no&#8221; wd_column_role_offcanvas_tablet=&#8221;no&#8221; wd_column_role_offcanvas_mobile=&#8221;no&#8221; wd_column_role_content_desktop=&#8221;no&#8221; wd_column_role_content_tablet=&#8221;no&#8221; wd_column_role_content_mobile=&#8221;no&#8221; mobile_bg_img_hidden=&#8221;no&#8221; tablet_bg_img_hidden=&#8221;no&#8221; woodmart_parallax=&#8221;0&#8243; woodmart_box_shadow=&#8221;no&#8221; responsive_spacing=&#8221;eyJwYXJhbV90eXBlIjoid29vZG1hcnRfcmVzcG9uc2l2ZV9zcGFjaW5nIiwic2VsZWN0b3JfaWQiOiI2NjdjODFmYmE2MjM2Iiwic2hvcnRjb2RlIjoidmNfY29sdW1uIiwiZGF0YSI6eyJ0YWJsZXQiOnt9LCJtb2JpbGUiOnt9fX0=&#8221; mobile_reset_margin=&#8221;no&#8221; tablet_reset_margin=&#8221;no&#8221; wd_z_index=&#8221;no&#8221; css=&#8221;.vc_custom_1719435784581{margin-top: -60px !important;}&#8221;][vc_separator border_width=&#8221;3&#8243; css=&#8221;.vc_custom_1731708518955{margin-top: 50px !important;margin-bottom: 50px !important;}&#8221; wd_hide_on_desktop=&#8221;no&#8221; wd_hide_on_tablet=&#8221;no&#8221; wd_hide_on_mobile=&#8221;no&#8221;][\/vc_column][\/vc_row][vc_row woodmart_css_id=&#8221;673d296789810&#8243; responsive_spacing=&#8221;eyJwYXJhbV90eXBlIjoid29vZG1hcnRfcmVzcG9uc2l2ZV9zcGFjaW5nIiwic2VsZWN0b3JfaWQiOiI2NzNkMjk2Nzg5ODEwIiwic2hvcnRjb2RlIjoidmNfcm93IiwiZGF0YSI6eyJ0YWJsZXQiOnt9LCJtb2JpbGUiOnt9fX0=&#8221; mobile_bg_img_hidden=&#8221;no&#8221; tablet_bg_img_hidden=&#8221;no&#8221; woodmart_parallax=&#8221;0&#8243; woodmart_gradient_switch=&#8221;no&#8221; woodmart_box_shadow=&#8221;no&#8221; wd_z_index=&#8221;no&#8221; woodmart_disable_overflow=&#8221;0&#8243; row_reverse_mobile=&#8221;0&#8243; row_reverse_tablet=&#8221;0&#8243; el_id=&#8221;codigo-77484&#8243;][vc_column css=&#8221;.vc_custom_1669033735057{padding-top: 0px !important;}&#8221; woodmart_css_id=&#8221;637b6f036ef34&#8243; parallax_scroll=&#8221;no&#8221; woodmart_sticky_column=&#8221;false&#8221; wd_collapsible_content_switcher=&#8221;no&#8221; wd_column_role_offcanvas_desktop=&#8221;no&#8221; wd_column_role_offcanvas_tablet=&#8221;no&#8221; wd_column_role_offcanvas_mobile=&#8221;no&#8221; wd_column_role_content_desktop=&#8221;no&#8221; wd_column_role_content_tablet=&#8221;no&#8221; wd_column_role_content_mobile=&#8221;no&#8221; mobile_bg_img_hidden=&#8221;no&#8221; tablet_bg_img_hidden=&#8221;no&#8221; woodmart_parallax=&#8221;0&#8243; woodmart_box_shadow=&#8221;no&#8221; responsive_spacing=&#8221;eyJwYXJhbV90eXBlIjoid29vZG1hcnRfcmVzcG9uc2l2ZV9zcGFjaW5nIiwic2VsZWN0b3JfaWQiOiI2MzdiNmYwMzZlZjM0Iiwic2hvcnRjb2RlIjoidmNfY29sdW1uIiwiZGF0YSI6eyJ0YWJsZXQiOnt9LCJtb2JpbGUiOnt9fX0=&#8221; mobile_reset_margin=&#8221;no&#8221; tablet_reset_margin=&#8221;no&#8221; wd_z_index=&#8221;no&#8221;]\n\t\t<div id=\"wd-667ca27edb170\" class=\"title-wrapper wd-wpb wd-set-mb reset-last-child  wd-rs-667ca27edb170 wd-title-color-default wd-title-style-default text-left vc_custom_1719444410298 wd-underline-colored\">\n\t\t\t\n\t\t\t<div class=\"liner-continer\">\n\t\t\t\t<h4 class=\"woodmart-title-container title  wd-font-weight-700 wd-fontsize-l\" >\ud83d\udccc Especifica\u00e7\u00f5es T\u00e9cnicas:<\/h4>\n\t\t\t\t\t\t\t<\/div>\n\t\t\t\n\t\t\t\n\t\t\t\n\t\t<\/div>\n\t\t\n\t\t\t\t<div id=\"wd-67be6634b1b92\" class=\"wd-text-block wd-wpb reset-last-child wd-rs-67be6634b1b92 text-left vc_custom_1740531311437\">\n\t\t\t<div class=\"sc-7e0ca514-1 GiPKU\">\n<div class=\"sc-7e0ca514-1 GiPKU\">\n<ul>\n<li>USB e Ethernet<\/li>\n<li>Simplicidade e rapidez<\/li>\n<li>Corte autom\u00e1tico de papel<\/li>\n<li>Furos para instala\u00e7\u00e3o na parede<\/li>\n<li>Para impress\u00e3o de cupons e recibos<\/li>\n<li>Ideal para todos os tipos de neg\u00f3cios, atacado e varejo<\/li>\n<\/ul>\n<h4><strong>Especifica\u00e7\u00f5es T\u00e9cnica:<\/strong><\/h4>\n<ul>\n<li>M\u00e9todo de impress\u00e3o: T\u00e9rmico Direto<\/li>\n<li>Largura de papel: 80mm<\/li>\n<li>Largura de impress\u00e3o: 72mm<\/li>\n<li>Corte de papel via guilhotina e serrilha<\/li>\n<li>Interface: USB + LAN<\/li>\n<li>Velocidade de impress\u00e3o: 230mm\/seg<\/li>\n<li>Vida \u00fatil da cabe\u00e7a t\u00e9rmica: 150km<\/li>\n<li>Vida \u00fatil da guilhotina: 1.500.000 cortes<\/li>\n<li>Temperatura de opera\u00e7\u00e3o: 0 a 45\u00b0C<\/li>\n<li>Temperatura de armazenamento: -10 a 60\u00b0C<\/li>\n<li>Umidade de opera\u00e7\u00e3o: 10 a 80%<\/li>\n<li>Umidade de armazenamento: 10 a 90%<\/li>\n<\/ul>\n<h4><strong>Compatibilidade:<\/strong><\/h4>\n<ul>\n<li>Compat\u00edvel com v\u00e1rios c\u00f3digos 1D e 2D<\/li>\n<li>Input buffer: 128KB<\/li>\n<li>NV Flash: 256KB<\/li>\n<li>Sistema ESC\/POS<\/li>\n<li>Driver compat\u00edvel com Windows\/Linux\/Android\/MacOS\/JPOS\/OPOS<\/li>\n<li>Utilit\u00e1rio compat\u00edvel com Windows e Linux<\/li>\n<li>SDK compat\u00edvel com iOS\/Android\/Windows<\/li>\n<\/ul>\n<h4><strong>Conectividade:<\/strong><\/h4>\n<ul>\n<li>Adaptador bivolt AC100-240V<\/li>\n<li>Entrada DC 24V 2,5A<\/li>\n<\/ul>\n<h4><strong>Itens Inclusos:<\/strong><\/h4>\n<ul>\n<li>Impressora T\u00e9rmica<\/li>\n<li>Adaptador AC<\/li>\n<li>Cabo de for\u00e7a<\/li>\n<li>Cabo para dados<\/li>\n<li>Manual do usu\u00e1rio<\/li>\n<li>Rolo de papel de recibo 80mm<\/li>\n<li>CD de instala\u00e7\u00e3o de drivers<\/li>\n<\/ul>\n<\/div>\n<\/div>\n\t\t<\/div>\n\t\t[\/vc_column][\/vc_row]<\/p>\n<\/div>","protected":false},"excerpt":{"rendered":"<p><strong>C\u00f3digo:<\/strong> <a href=\"#\">77484<\/a>\u00a0 \u00a0<strong>|<\/strong>\u00a0 \u00a0<strong>Mais produtos:<\/strong> <a href=\"https:\/\/elektrotec.com.br\/loja\/loja\/?filter_marcas=c3tech\">C3Tech<\/a>\u00a0 \u00a0<strong>|<\/strong>\u00a0 \u00a0<a href=\"https:\/\/elektrotec.com.br\/loja\/produto\/impressora-termica-nao-fiscal-tm-t20x-usb-com-guilhotina-epson\/#codigo-64085\"><strong>Descri\u00e7\u00e3o do produto<\/strong><\/a><\/p>\n","protected":false},"featured_media":3412,"comment_status":"open","ping_status":"closed","template":"","meta":{"pagelayer_contact_templates":[],"_pagelayer_content":"","_mbp_gutenberg_autopost":false},"pwb-brand":[],"product_brand":[],"product_cat":[291,70,24],"product_tag":[],"class_list":{"0":"post-3410","1":"product","2":"type-product","3":"status-publish","4":"has-post-thumbnail","6":"product_cat-automacao-comercial","7":"product_cat-impressao-e-imagem","8":"product_cat-impressora-de-etiquetas","9":"product_shipping_class-logistica-quioske","11":"first","12":"instock","13":"shipping-taxable","14":"purchasable","15":"product-type-simple"},"yoast_head":"<!-- This site is optimized with the Yoast SEO plugin v27.2 - https:\/\/yoast.com\/product\/yoast-seo-wordpress\/ -->\n<title>Impressora t\u00e9rmica de cupom C3Tech IT-100, USB e ethernet<\/title>\n<meta name=\"description\" content=\"Com corte autom\u00e1tico de papel e furos para instala\u00e7\u00e3o na parede, esta impressora \u00e9 projetada para se adaptar perfeitamente ao seu espa\u00e7o de trabalho.\" \/>\n<meta name=\"robots\" content=\"index, follow, max-snippet:-1, max-image-preview:large, max-video-preview:-1\" \/>\n<link rel=\"canonical\" href=\"https:\/\/elektrotec.com.br\/loja\/produto\/impressora-termica-de-cupom-c3tech-it-100-usb-e-ethernet-preto\/\" \/>\n<meta property=\"og:locale\" content=\"pt_BR\" \/>\n<meta property=\"og:type\" content=\"article\" \/>\n<meta property=\"og:title\" content=\"Impressora t\u00e9rmica de cupom C3Tech IT-100, USB e ethernet\" \/>\n<meta property=\"og:description\" content=\"Com corte autom\u00e1tico de papel e furos para instala\u00e7\u00e3o na parede, esta impressora \u00e9 projetada para se adaptar perfeitamente ao seu espa\u00e7o de trabalho.\" \/>\n<meta property=\"og:url\" content=\"https:\/\/elektrotec.com.br\/loja\/produto\/impressora-termica-de-cupom-c3tech-it-100-usb-e-ethernet-preto\/\" \/>\n<meta property=\"og:site_name\" content=\"Elektrotec Store\" \/>\n<meta property=\"article:modified_time\" content=\"2025-02-27T21:20:56+00:00\" \/>\n<meta property=\"og:image\" content=\"https:\/\/elektrotec.com.br\/loja\/wp-content\/uploads\/2024\/11\/Impressora-Termica-de-Cupom-C3Tech-USB-e-Ethernet-Preto-IT-100-0.jpg\" \/>\n\t<meta property=\"og:image:width\" content=\"700\" \/>\n\t<meta property=\"og:image:height\" content=\"800\" \/>\n\t<meta property=\"og:image:type\" content=\"image\/jpeg\" \/>\n<meta name=\"twitter:card\" content=\"summary_large_image\" \/>\n<meta name=\"twitter:label1\" content=\"Est. tempo de leitura\" \/>\n\t<meta name=\"twitter:data1\" content=\"3 minutos\" \/>\n<script type=\"application\/ld+json\" class=\"yoast-schema-graph\">{\"@context\":\"https:\/\/schema.org\",\"@graph\":[{\"@type\":\"WebPage\",\"@id\":\"https:\/\/elektrotec.com.br\/loja\/produto\/impressora-termica-de-cupom-c3tech-it-100-usb-e-ethernet-preto\/\",\"url\":\"https:\/\/elektrotec.com.br\/loja\/produto\/impressora-termica-de-cupom-c3tech-it-100-usb-e-ethernet-preto\/\",\"name\":\"Impressora t\u00e9rmica de cupom C3Tech IT-100, USB e ethernet\",\"isPartOf\":{\"@id\":\"https:\/\/elektrotec.com.br\/loja\/#website\"},\"primaryImageOfPage\":{\"@id\":\"https:\/\/elektrotec.com.br\/loja\/produto\/impressora-termica-de-cupom-c3tech-it-100-usb-e-ethernet-preto\/#primaryimage\"},\"image\":{\"@id\":\"https:\/\/elektrotec.com.br\/loja\/produto\/impressora-termica-de-cupom-c3tech-it-100-usb-e-ethernet-preto\/#primaryimage\"},\"thumbnailUrl\":\"https:\/\/i0.wp.com\/elektrotec.com.br\/loja\/wp-content\/uploads\/2024\/11\/Impressora-Termica-de-Cupom-C3Tech-USB-e-Ethernet-Preto-IT-100-0.jpg?fit=700%2C800&ssl=1\",\"datePublished\":\"2024-11-20T00:06:54+00:00\",\"dateModified\":\"2025-02-27T21:20:56+00:00\",\"description\":\"Com corte autom\u00e1tico de papel e furos para instala\u00e7\u00e3o na parede, esta impressora \u00e9 projetada para se adaptar perfeitamente ao seu espa\u00e7o de trabalho.\",\"breadcrumb\":{\"@id\":\"https:\/\/elektrotec.com.br\/loja\/produto\/impressora-termica-de-cupom-c3tech-it-100-usb-e-ethernet-preto\/#breadcrumb\"},\"inLanguage\":\"pt-BR\",\"potentialAction\":[{\"@type\":\"ReadAction\",\"target\":[\"https:\/\/elektrotec.com.br\/loja\/produto\/impressora-termica-de-cupom-c3tech-it-100-usb-e-ethernet-preto\/\"]}]},{\"@type\":\"ImageObject\",\"inLanguage\":\"pt-BR\",\"@id\":\"https:\/\/elektrotec.com.br\/loja\/produto\/impressora-termica-de-cupom-c3tech-it-100-usb-e-ethernet-preto\/#primaryimage\",\"url\":\"https:\/\/i0.wp.com\/elektrotec.com.br\/loja\/wp-content\/uploads\/2024\/11\/Impressora-Termica-de-Cupom-C3Tech-USB-e-Ethernet-Preto-IT-100-0.jpg?fit=700%2C800&ssl=1\",\"contentUrl\":\"https:\/\/i0.wp.com\/elektrotec.com.br\/loja\/wp-content\/uploads\/2024\/11\/Impressora-Termica-de-Cupom-C3Tech-USB-e-Ethernet-Preto-IT-100-0.jpg?fit=700%2C800&ssl=1\",\"width\":700,\"height\":800},{\"@type\":\"BreadcrumbList\",\"@id\":\"https:\/\/elektrotec.com.br\/loja\/produto\/impressora-termica-de-cupom-c3tech-it-100-usb-e-ethernet-preto\/#breadcrumb\",\"itemListElement\":[{\"@type\":\"ListItem\",\"position\":1,\"name\":\"Home\",\"item\":\"https:\/\/elektrotec.com.br\/loja\/\"},{\"@type\":\"ListItem\",\"position\":2,\"name\":\"Ofertas do dia \u26a1\",\"item\":\"https:\/\/elektrotec.com.br\/loja\/loja\/\"},{\"@type\":\"ListItem\",\"position\":3,\"name\":\"Impressora t\u00e9rmica de cupom C3Tech IT-100, USB e ethernet, preto\"}]},{\"@type\":\"WebSite\",\"@id\":\"https:\/\/elektrotec.com.br\/loja\/#website\",\"url\":\"https:\/\/elektrotec.com.br\/loja\/\",\"name\":\"Elektrotec Store\",\"description\":\"Solu\u00e7\u00f5es em Energia e Automa\u00e7\u00e3o Industrial\",\"publisher\":{\"@id\":\"https:\/\/elektrotec.com.br\/loja\/#organization\"},\"potentialAction\":[{\"@type\":\"SearchAction\",\"target\":{\"@type\":\"EntryPoint\",\"urlTemplate\":\"https:\/\/elektrotec.com.br\/loja\/?s={search_term_string}\"},\"query-input\":{\"@type\":\"PropertyValueSpecification\",\"valueRequired\":true,\"valueName\":\"search_term_string\"}}],\"inLanguage\":\"pt-BR\"},{\"@type\":\"Organization\",\"@id\":\"https:\/\/elektrotec.com.br\/loja\/#organization\",\"name\":\"Elektrotec\",\"url\":\"https:\/\/elektrotec.com.br\/loja\/\",\"logo\":{\"@type\":\"ImageObject\",\"inLanguage\":\"pt-BR\",\"@id\":\"https:\/\/elektrotec.com.br\/loja\/#\/schema\/logo\/image\/\",\"url\":\"https:\/\/i0.wp.com\/elektrotec.com.br\/loja\/wp-content\/uploads\/2025\/05\/Logo-site-Elektrotec-Energy-1.webp?fit=270%2C70&ssl=1\",\"contentUrl\":\"https:\/\/i0.wp.com\/elektrotec.com.br\/loja\/wp-content\/uploads\/2025\/05\/Logo-site-Elektrotec-Energy-1.webp?fit=270%2C70&ssl=1\",\"width\":270,\"height\":70,\"caption\":\"Elektrotec\"},\"image\":{\"@id\":\"https:\/\/elektrotec.com.br\/loja\/#\/schema\/logo\/image\/\"}}]}<\/script>\n<!-- \/ Yoast SEO plugin. -->","yoast_head_json":{"title":"Impressora t\u00e9rmica de cupom C3Tech IT-100, USB e ethernet","description":"Com corte autom\u00e1tico de papel e furos para instala\u00e7\u00e3o na parede, esta impressora \u00e9 projetada para se adaptar perfeitamente ao seu espa\u00e7o de trabalho.","robots":{"index":"index","follow":"follow","max-snippet":"max-snippet:-1","max-image-preview":"max-image-preview:large","max-video-preview":"max-video-preview:-1"},"canonical":"https:\/\/elektrotec.com.br\/loja\/produto\/impressora-termica-de-cupom-c3tech-it-100-usb-e-ethernet-preto\/","og_locale":"pt_BR","og_type":"article","og_title":"Impressora t\u00e9rmica de cupom C3Tech IT-100, USB e ethernet","og_description":"Com corte autom\u00e1tico de papel e furos para instala\u00e7\u00e3o na parede, esta impressora \u00e9 projetada para se adaptar perfeitamente ao seu espa\u00e7o de trabalho.","og_url":"https:\/\/elektrotec.com.br\/loja\/produto\/impressora-termica-de-cupom-c3tech-it-100-usb-e-ethernet-preto\/","og_site_name":"Elektrotec Store","article_modified_time":"2025-02-27T21:20:56+00:00","og_image":[{"width":700,"height":800,"url":"https:\/\/elektrotec.com.br\/loja\/wp-content\/uploads\/2024\/11\/Impressora-Termica-de-Cupom-C3Tech-USB-e-Ethernet-Preto-IT-100-0.jpg","type":"image\/jpeg"}],"twitter_card":"summary_large_image","twitter_misc":{"Est. tempo de leitura":"3 minutos"},"schema":{"@context":"https:\/\/schema.org","@graph":[{"@type":"WebPage","@id":"https:\/\/elektrotec.com.br\/loja\/produto\/impressora-termica-de-cupom-c3tech-it-100-usb-e-ethernet-preto\/","url":"https:\/\/elektrotec.com.br\/loja\/produto\/impressora-termica-de-cupom-c3tech-it-100-usb-e-ethernet-preto\/","name":"Impressora t\u00e9rmica de cupom C3Tech IT-100, USB e ethernet","isPartOf":{"@id":"https:\/\/elektrotec.com.br\/loja\/#website"},"primaryImageOfPage":{"@id":"https:\/\/elektrotec.com.br\/loja\/produto\/impressora-termica-de-cupom-c3tech-it-100-usb-e-ethernet-preto\/#primaryimage"},"image":{"@id":"https:\/\/elektrotec.com.br\/loja\/produto\/impressora-termica-de-cupom-c3tech-it-100-usb-e-ethernet-preto\/#primaryimage"},"thumbnailUrl":"https:\/\/i0.wp.com\/elektrotec.com.br\/loja\/wp-content\/uploads\/2024\/11\/Impressora-Termica-de-Cupom-C3Tech-USB-e-Ethernet-Preto-IT-100-0.jpg?fit=700%2C800&ssl=1","datePublished":"2024-11-20T00:06:54+00:00","dateModified":"2025-02-27T21:20:56+00:00","description":"Com corte autom\u00e1tico de papel e furos para instala\u00e7\u00e3o na parede, esta impressora \u00e9 projetada para se adaptar perfeitamente ao seu espa\u00e7o de trabalho.","breadcrumb":{"@id":"https:\/\/elektrotec.com.br\/loja\/produto\/impressora-termica-de-cupom-c3tech-it-100-usb-e-ethernet-preto\/#breadcrumb"},"inLanguage":"pt-BR","potentialAction":[{"@type":"ReadAction","target":["https:\/\/elektrotec.com.br\/loja\/produto\/impressora-termica-de-cupom-c3tech-it-100-usb-e-ethernet-preto\/"]}]},{"@type":"ImageObject","inLanguage":"pt-BR","@id":"https:\/\/elektrotec.com.br\/loja\/produto\/impressora-termica-de-cupom-c3tech-it-100-usb-e-ethernet-preto\/#primaryimage","url":"https:\/\/i0.wp.com\/elektrotec.com.br\/loja\/wp-content\/uploads\/2024\/11\/Impressora-Termica-de-Cupom-C3Tech-USB-e-Ethernet-Preto-IT-100-0.jpg?fit=700%2C800&ssl=1","contentUrl":"https:\/\/i0.wp.com\/elektrotec.com.br\/loja\/wp-content\/uploads\/2024\/11\/Impressora-Termica-de-Cupom-C3Tech-USB-e-Ethernet-Preto-IT-100-0.jpg?fit=700%2C800&ssl=1","width":700,"height":800},{"@type":"BreadcrumbList","@id":"https:\/\/elektrotec.com.br\/loja\/produto\/impressora-termica-de-cupom-c3tech-it-100-usb-e-ethernet-preto\/#breadcrumb","itemListElement":[{"@type":"ListItem","position":1,"name":"Home","item":"https:\/\/elektrotec.com.br\/loja\/"},{"@type":"ListItem","position":2,"name":"Ofertas do dia \u26a1","item":"https:\/\/elektrotec.com.br\/loja\/loja\/"},{"@type":"ListItem","position":3,"name":"Impressora t\u00e9rmica de cupom C3Tech IT-100, USB e ethernet, preto"}]},{"@type":"WebSite","@id":"https:\/\/elektrotec.com.br\/loja\/#website","url":"https:\/\/elektrotec.com.br\/loja\/","name":"Elektrotec Store","description":"Solu\u00e7\u00f5es em Energia e Automa\u00e7\u00e3o Industrial","publisher":{"@id":"https:\/\/elektrotec.com.br\/loja\/#organization"},"potentialAction":[{"@type":"SearchAction","target":{"@type":"EntryPoint","urlTemplate":"https:\/\/elektrotec.com.br\/loja\/?s={search_term_string}"},"query-input":{"@type":"PropertyValueSpecification","valueRequired":true,"valueName":"search_term_string"}}],"inLanguage":"pt-BR"},{"@type":"Organization","@id":"https:\/\/elektrotec.com.br\/loja\/#organization","name":"Elektrotec","url":"https:\/\/elektrotec.com.br\/loja\/","logo":{"@type":"ImageObject","inLanguage":"pt-BR","@id":"https:\/\/elektrotec.com.br\/loja\/#\/schema\/logo\/image\/","url":"https:\/\/i0.wp.com\/elektrotec.com.br\/loja\/wp-content\/uploads\/2025\/05\/Logo-site-Elektrotec-Energy-1.webp?fit=270%2C70&ssl=1","contentUrl":"https:\/\/i0.wp.com\/elektrotec.com.br\/loja\/wp-content\/uploads\/2025\/05\/Logo-site-Elektrotec-Energy-1.webp?fit=270%2C70&ssl=1","width":270,"height":70,"caption":"Elektrotec"},"image":{"@id":"https:\/\/elektrotec.com.br\/loja\/#\/schema\/logo\/image\/"}}]}},"jetpack_sharing_enabled":true,"brands":[],"_links":{"self":[{"href":"https:\/\/elektrotec.com.br\/loja\/wp-json\/wp\/v2\/product\/3410","targetHints":{"allow":["GET"]}}],"collection":[{"href":"https:\/\/elektrotec.com.br\/loja\/wp-json\/wp\/v2\/product"}],"about":[{"href":"https:\/\/elektrotec.com.br\/loja\/wp-json\/wp\/v2\/types\/product"}],"replies":[{"embeddable":true,"href":"https:\/\/elektrotec.com.br\/loja\/wp-json\/wp\/v2\/comments?post=3410"}],"wp:featuredmedia":[{"embeddable":true,"href":"https:\/\/elektrotec.com.br\/loja\/wp-json\/wp\/v2\/media\/3412"}],"wp:attachment":[{"href":"https:\/\/elektrotec.com.br\/loja\/wp-json\/wp\/v2\/media?parent=3410"}],"wp:term":[{"taxonomy":"pwb-brand","embeddable":true,"href":"https:\/\/elektrotec.com.br\/loja\/wp-json\/wp\/v2\/pwb-brand?post=3410"},{"taxonomy":"product_brand","embeddable":true,"href":"https:\/\/elektrotec.com.br\/loja\/wp-json\/wp\/v2\/product_brand?post=3410"},{"taxonomy":"product_cat","embeddable":true,"href":"https:\/\/elektrotec.com.br\/loja\/wp-json\/wp\/v2\/product_cat?post=3410"},{"taxonomy":"product_tag","embeddable":true,"href":"https:\/\/elektrotec.com.br\/loja\/wp-json\/wp\/v2\/product_tag?post=3410"}],"curies":[{"name":"wp","href":"https:\/\/api.w.org\/{rel}","templated":true}]}}