{"id":3366,"date":"2024-11-16T15:01:40","date_gmt":"2024-11-16T18:01:40","guid":{"rendered":"https:\/\/quioske.com.br\/?post_type=product&#038;p=3366"},"modified":"2025-02-27T18:10:14","modified_gmt":"2025-02-27T21:10:14","slug":"mouse-sem-fio-c3tech-m-w20bl-azul","status":"publish","type":"product","link":"https:\/\/elektrotec.com.br\/loja\/produto\/mouse-sem-fio-c3tech-m-w20bl-azul\/","title":{"rendered":"Mouse sem fio C3Tech M-W20BL azul"},"content":{"rendered":"<div class=\"wpb-content-wrapper\"><p>[vc_row woodmart_css_id=&#8221;674f5eda82994&#8243; responsive_spacing=&#8221;eyJwYXJhbV90eXBlIjoid29vZG1hcnRfcmVzcG9uc2l2ZV9zcGFjaW5nIiwic2VsZWN0b3JfaWQiOiI2NzRmNWVkYTgyOTk0Iiwic2hvcnRjb2RlIjoidmNfcm93IiwiZGF0YSI6eyJ0YWJsZXQiOnt9LCJtb2JpbGUiOnt9fX0=&#8221; mobile_bg_img_hidden=&#8221;no&#8221; tablet_bg_img_hidden=&#8221;no&#8221; woodmart_parallax=&#8221;0&#8243; woodmart_gradient_switch=&#8221;no&#8221; woodmart_box_shadow=&#8221;no&#8221; wd_z_index=&#8221;no&#8221; woodmart_disable_overflow=&#8221;0&#8243; row_reverse_mobile=&#8221;0&#8243; row_reverse_tablet=&#8221;0&#8243; el_id=&#8221;codigo-54093&#8243;][vc_column css=&#8221;.vc_custom_1666272391679{padding-top: 0px !important;}&#8221; woodmart_css_id=&#8221;63514c8260958&#8243; parallax_scroll=&#8221;no&#8221; woodmart_sticky_column=&#8221;false&#8221; wd_collapsible_content_switcher=&#8221;no&#8221; wd_column_role_offcanvas_desktop=&#8221;no&#8221; wd_column_role_offcanvas_tablet=&#8221;no&#8221; wd_column_role_offcanvas_mobile=&#8221;no&#8221; wd_column_role_content_desktop=&#8221;no&#8221; wd_column_role_content_tablet=&#8221;no&#8221; wd_column_role_content_mobile=&#8221;no&#8221; mobile_bg_img_hidden=&#8221;no&#8221; tablet_bg_img_hidden=&#8221;no&#8221; woodmart_parallax=&#8221;0&#8243; woodmart_box_shadow=&#8221;no&#8221; responsive_spacing=&#8221;eyJwYXJhbV90eXBlIjoid29vZG1hcnRfcmVzcG9uc2l2ZV9zcGFjaW5nIiwic2VsZWN0b3JfaWQiOiI2MzUxNGM4MjYwOTU4Iiwic2hvcnRjb2RlIjoidmNfY29sdW1uIiwiZGF0YSI6eyJ0YWJsZXQiOnt9LCJtb2JpbGUiOnt9fX0=&#8221; mobile_reset_margin=&#8221;no&#8221; tablet_reset_margin=&#8221;no&#8221; wd_z_index=&#8221;no&#8221;]\t\t<div id=\"wd-674f607e75e6f\" class=\"wd-text-block wd-wpb reset-last-child wd-rs-674f607e75e6f text-left vc_custom_1733255347543\">\n\t\t\t<p style=\"text-align: left;\">O Mouse Sem Fio M-W20BL da C3Tech na cor azul oferece um manuseio incrivelmente preciso sem falhas gra\u00e7as \u00e0 tecnologia exclusiva Free Smart Link que garante a comunica\u00e7\u00e3o sem interfer\u00eancias com o receptor. Utiliza um Nano Receptor reinventado, com um impressionante raio de transmiss\u00e3o de at\u00e9 12 metros e resolu\u00e7\u00e3o ajust\u00e1vel de at\u00e9 1000 dpi. Sendo Plug and Play, voc\u00ea pode come\u00e7ar a us\u00e1-lo imediatamente sem a necessidade de instala\u00e7\u00e3o de drivers. Evolua a sua experi\u00eancia com mouses com C3Tech M-W20BL AZUL Nano Receptor!<\/p>\n<h4><span style=\"color: #1b1919; font-size: 18px;\">Detalhes do Produto<\/span><\/h4>\n<div>\n<ul>\n<li style=\"text-align: left;\"><strong>Modelo:<\/strong>\u00a0M-W20BL<\/li>\n<li style=\"text-align: left;\"><strong>Alimenta\u00e7\u00e3o:<\/strong>\u00a002 pilhas AAA<\/li>\n<li style=\"text-align: left;\"><strong>N\u00famero de Bot\u00f5es:<\/strong>\u00a003<\/li>\n<li style=\"text-align: left;\"><strong>Interface:<\/strong>\u00a0USB<\/li>\n<li style=\"text-align: left;\"><strong>Resolu\u00e7\u00e3o:<\/strong> 500 \/ 800 \/ 1.000 DPI<\/li>\n<li style=\"text-align: left;\"><strong>Tipo de rastreamento:<\/strong>\u00a0\u00d3ptico<\/li>\n<li style=\"text-align: left;\"><strong>Comunica\u00e7\u00e3o:<\/strong> Sem fio (wireless)<\/li>\n<li style=\"text-align: left;\"><strong>EAN:<\/strong>\u00a07898555212374<\/li>\n<li style=\"text-align: left;\"><strong>Anatel:<\/strong> 04846-20-12961<\/li>\n<\/ul>\n<\/div>\n\t\t<\/div>\n\t\t[\/vc_column][\/vc_row][vc_row][vc_column woodmart_css_id=&#8221;667c81fba6236&#8243; parallax_scroll=&#8221;no&#8221; woodmart_sticky_column=&#8221;false&#8221; wd_collapsible_content_switcher=&#8221;no&#8221; wd_column_role_offcanvas_desktop=&#8221;no&#8221; wd_column_role_offcanvas_tablet=&#8221;no&#8221; wd_column_role_offcanvas_mobile=&#8221;no&#8221; wd_column_role_content_desktop=&#8221;no&#8221; wd_column_role_content_tablet=&#8221;no&#8221; wd_column_role_content_mobile=&#8221;no&#8221; mobile_bg_img_hidden=&#8221;no&#8221; tablet_bg_img_hidden=&#8221;no&#8221; woodmart_parallax=&#8221;0&#8243; woodmart_box_shadow=&#8221;no&#8221; responsive_spacing=&#8221;eyJwYXJhbV90eXBlIjoid29vZG1hcnRfcmVzcG9uc2l2ZV9zcGFjaW5nIiwic2VsZWN0b3JfaWQiOiI2NjdjODFmYmE2MjM2Iiwic2hvcnRjb2RlIjoidmNfY29sdW1uIiwiZGF0YSI6eyJ0YWJsZXQiOnt9LCJtb2JpbGUiOnt9fX0=&#8221; mobile_reset_margin=&#8221;no&#8221; tablet_reset_margin=&#8221;no&#8221; wd_z_index=&#8221;no&#8221; css=&#8221;.vc_custom_1719435784581{margin-top: -60px !important;}&#8221;][vc_separator border_width=&#8221;3&#8243; css=&#8221;.vc_custom_1731708518955{margin-top: 50px !important;margin-bottom: 50px !important;}&#8221; wd_hide_on_desktop=&#8221;no&#8221; wd_hide_on_tablet=&#8221;no&#8221; wd_hide_on_mobile=&#8221;no&#8221;][\/vc_column][\/vc_row][vc_row woodmart_css_id=&#8221;674f5ecec2361&#8243; responsive_spacing=&#8221;eyJwYXJhbV90eXBlIjoid29vZG1hcnRfcmVzcG9uc2l2ZV9zcGFjaW5nIiwic2VsZWN0b3JfaWQiOiI2NzRmNWVjZWMyMzYxIiwic2hvcnRjb2RlIjoidmNfcm93IiwiZGF0YSI6eyJ0YWJsZXQiOnt9LCJtb2JpbGUiOnt9fX0=&#8221; mobile_bg_img_hidden=&#8221;no&#8221; tablet_bg_img_hidden=&#8221;no&#8221; woodmart_parallax=&#8221;0&#8243; woodmart_gradient_switch=&#8221;no&#8221; woodmart_box_shadow=&#8221;no&#8221; wd_z_index=&#8221;no&#8221; woodmart_disable_overflow=&#8221;0&#8243; row_reverse_mobile=&#8221;0&#8243; row_reverse_tablet=&#8221;0&#8243;][vc_column css=&#8221;.vc_custom_1669033735057{padding-top: 0px !important;}&#8221; woodmart_css_id=&#8221;637b6f036ef34&#8243; parallax_scroll=&#8221;no&#8221; woodmart_sticky_column=&#8221;false&#8221; wd_collapsible_content_switcher=&#8221;no&#8221; wd_column_role_offcanvas_desktop=&#8221;no&#8221; wd_column_role_offcanvas_tablet=&#8221;no&#8221; wd_column_role_offcanvas_mobile=&#8221;no&#8221; wd_column_role_content_desktop=&#8221;no&#8221; wd_column_role_content_tablet=&#8221;no&#8221; wd_column_role_content_mobile=&#8221;no&#8221; mobile_bg_img_hidden=&#8221;no&#8221; tablet_bg_img_hidden=&#8221;no&#8221; woodmart_parallax=&#8221;0&#8243; woodmart_box_shadow=&#8221;no&#8221; responsive_spacing=&#8221;eyJwYXJhbV90eXBlIjoid29vZG1hcnRfcmVzcG9uc2l2ZV9zcGFjaW5nIiwic2VsZWN0b3JfaWQiOiI2MzdiNmYwMzZlZjM0Iiwic2hvcnRjb2RlIjoidmNfY29sdW1uIiwiZGF0YSI6eyJ0YWJsZXQiOnt9LCJtb2JpbGUiOnt9fX0=&#8221; mobile_reset_margin=&#8221;no&#8221; tablet_reset_margin=&#8221;no&#8221; wd_z_index=&#8221;no&#8221;]\n\t\t<div id=\"wd-667ca27edb170\" class=\"title-wrapper wd-wpb wd-set-mb reset-last-child  wd-rs-667ca27edb170 wd-title-color-default wd-title-style-default text-left vc_custom_1719444410298 wd-underline-colored\">\n\t\t\t\n\t\t\t<div class=\"liner-continer\">\n\t\t\t\t<h4 class=\"woodmart-title-container title  wd-font-weight-700 wd-fontsize-l\" >\ud83d\udccc Especifica\u00e7\u00f5es T\u00e9cnicas:<\/h4>\n\t\t\t\t\t\t\t<\/div>\n\t\t\t\n\t\t\t\n\t\t\t\n\t\t<\/div>\n\t\t\n\t\t\t\t<div id=\"wd-674f5f6951c75\" class=\"wd-text-block wd-wpb reset-last-child wd-rs-674f5f6951c75 text-left vc_custom_1733255131395\">\n\t\t\t<h4>Caracter\u00edsticas<\/h4>\n<div>\n<ul>\n<li>Marca: C3 Tech<\/li>\n<li>Modelo: M-W20BK<\/li>\n<\/ul>\n<h4>\u00a0Especifica\u00e7\u00f5es:<\/h4>\n<ul>\n<li>Design ergon\u00f4mico.<\/li>\n<li>Estrutura resistente.<\/li>\n<li>Bot\u00f5es de alta qualidade<\/li>\n<\/ul>\n<h4>Principais Recursos:<\/h4>\n<ul>\n<li>Tecnologia Free Smart Link.<\/li>\n<li>Sensor \u00f3ptico<\/li>\n<li>Modos de DPI Selecion\u00e1veis atrav\u00e9s de bot\u00e3o.<\/li>\n<li>Resolu\u00e7\u00f5es: 500\/8000\/1000 DPI<\/li>\n<li>Raio de transmiss\u00e3o de at\u00e9 12 metros<\/li>\n<li>Alta economia das pilhas.<\/li>\n<li>2 Pilhas AAA<\/li>\n<li>Desligamento autom\u00e1tico.<\/li>\n<li>Modo de Opera\u00e7\u00e3o: 2.4GHz bidirecional<\/li>\n<li>Comunica\u00e7\u00e3o BiDirecional.<\/li>\n<li>Plug and Play.<\/li>\n<li>Receptor Nano.<\/li>\n<li>Bot\u00f5es: Direito, Esquerdo, Rolagem e Ajuste de DPI.<\/li>\n<\/ul>\n<h4>Especifica\u00e7\u00e3o:<\/h4>\n<ul>\n<li>16 canais auto selecion\u00e1veis.<\/li>\n<li>Frequ\u00eancia de Transmiss\u00e3o: 2400MHz ~ 2483MHz.<\/li>\n<li>Modula\u00e7\u00e3o: GFSK<\/li>\n<li>Dist\u00e2ncia m\u00e1xima 12mts<\/li>\n<\/ul>\n<h4>Requisito de Sistema:<\/h4>\n<ul>\n<li>Microcomputador desktop, notebook<\/li>\n<li>Porta USB dispon\u00edvel<\/li>\n<li>Compat\u00edvel com: Windows XP\/Vista\/7\/8\/10\/MacOS X\/Linux 2.6.x<\/li>\n<\/ul>\n<h4>Conte\u00fado da embalagem:<\/h4>\n<ul>\n<li>01 Mouse C3-Tech<\/li>\n<li>02 Pilhas<\/li>\n<li>01 Nano Sensor<\/li>\n<li>Manual<\/li>\n<\/ul>\n<\/div>\n<h4>Garantia:<\/h4>\n<div data-testid=\"InfoGarantia\">\n<ul>\n<li>1 ano de garantia (3 meses de garantia legal + 9 meses de garantia contratual junto ao fabricante)<\/li>\n<\/ul>\n<\/div>\n<h4>Peso:<\/h4>\n<div data-testid=\"InfoPeso\">\n<ul>\n<li>100 gramas (bruto com embalagem)<\/li>\n<\/ul>\n<\/div>\n\t\t<\/div>\n\t\t[\/vc_column][\/vc_row]<\/p>\n<\/div>","protected":false},"excerpt":{"rendered":"<p><strong>C\u00f3digo:<\/strong> <a href=\"#\">54093<\/a>\u00a0 \u00a0<strong>|<\/strong>\u00a0 \u00a0<strong>Mais produtos:<\/strong> <a href=\"https:\/\/elektrotec.com.br\/loja\/loja\/?filter_marcas=c3tech\">C3Tech<\/a>\u00a0 \u00a0<strong>|<\/strong>\u00a0 \u00a0<a href=\"https:\/\/elektrotec.com.br\/loja\/produto\/mouse-sem-fio-c3tech-m-w20bl-azul\/#codigo-54093\"><strong>Descri\u00e7\u00e3o do produto<\/strong><\/a><\/p>\n","protected":false},"featured_media":3375,"comment_status":"open","ping_status":"closed","template":"","meta":{"pagelayer_contact_templates":[],"_pagelayer_content":"","_mbp_gutenberg_autopost":false},"pwb-brand":[],"product_brand":[],"product_cat":[26,29,80,71,241,106,25],"product_tag":[],"class_list":{"0":"post-3366","1":"product","2":"type-product","3":"status-publish","4":"has-post-thumbnail","6":"product_cat-escritorio-e-papelaria","7":"product_cat-games-entretenimento","8":"product_cat-mouses","9":"product_cat-perifericos","10":"product_cat-suprimentos-corporativos","11":"product_cat-teclado-e-mouse","12":"product_cat-tecnologia-e-informatica","13":"product_shipping_class-logistica-quioske","15":"first","16":"instock","17":"shipping-taxable","18":"purchasable","19":"product-type-simple"},"yoast_head":"<!-- This site is optimized with the Yoast SEO plugin v27.2 - https:\/\/yoast.com\/product\/yoast-seo-wordpress\/ -->\n<title>Mouse sem fio C3Tech M-W20BL azul<\/title>\n<meta name=\"description\" content=\"Mouse Sem Fio C3Tech oferece um manuseio incrivelmente preciso sem falhas com a tecnologia exclusiva Free Smart Link, sem interfer\u00eancias com o receptor.\" \/>\n<meta name=\"robots\" content=\"index, follow, max-snippet:-1, max-image-preview:large, max-video-preview:-1\" \/>\n<link rel=\"canonical\" href=\"https:\/\/elektrotec.com.br\/loja\/produto\/mouse-sem-fio-c3tech-m-w20bl-azul\/\" \/>\n<meta property=\"og:locale\" content=\"pt_BR\" \/>\n<meta property=\"og:type\" content=\"article\" \/>\n<meta property=\"og:title\" content=\"Mouse sem fio C3Tech M-W20BL azul\" \/>\n<meta property=\"og:description\" content=\"Mouse Sem Fio C3Tech oferece um manuseio incrivelmente preciso sem falhas com a tecnologia exclusiva Free Smart Link, sem interfer\u00eancias com o receptor.\" \/>\n<meta property=\"og:url\" content=\"https:\/\/elektrotec.com.br\/loja\/produto\/mouse-sem-fio-c3tech-m-w20bl-azul\/\" \/>\n<meta property=\"og:site_name\" content=\"Elektrotec Store\" \/>\n<meta property=\"article:modified_time\" content=\"2025-02-27T21:10:14+00:00\" \/>\n<meta property=\"og:image\" content=\"https:\/\/elektrotec.com.br\/loja\/wp-content\/uploads\/2024\/11\/Mouse-sem-fio-C3Tech-M-W20BL-Azul-1.jpg\" \/>\n\t<meta property=\"og:image:width\" content=\"700\" \/>\n\t<meta property=\"og:image:height\" content=\"800\" \/>\n\t<meta property=\"og:image:type\" content=\"image\/jpeg\" \/>\n<meta name=\"twitter:card\" content=\"summary_large_image\" \/>\n<meta name=\"twitter:label1\" content=\"Est. tempo de leitura\" \/>\n\t<meta name=\"twitter:data1\" content=\"3 minutos\" \/>\n<script type=\"application\/ld+json\" class=\"yoast-schema-graph\">{\"@context\":\"https:\/\/schema.org\",\"@graph\":[{\"@type\":\"WebPage\",\"@id\":\"https:\/\/elektrotec.com.br\/loja\/produto\/mouse-sem-fio-c3tech-m-w20bl-azul\/\",\"url\":\"https:\/\/elektrotec.com.br\/loja\/produto\/mouse-sem-fio-c3tech-m-w20bl-azul\/\",\"name\":\"Mouse sem fio C3Tech M-W20BL azul\",\"isPartOf\":{\"@id\":\"https:\/\/elektrotec.com.br\/loja\/#website\"},\"primaryImageOfPage\":{\"@id\":\"https:\/\/elektrotec.com.br\/loja\/produto\/mouse-sem-fio-c3tech-m-w20bl-azul\/#primaryimage\"},\"image\":{\"@id\":\"https:\/\/elektrotec.com.br\/loja\/produto\/mouse-sem-fio-c3tech-m-w20bl-azul\/#primaryimage\"},\"thumbnailUrl\":\"https:\/\/i0.wp.com\/elektrotec.com.br\/loja\/wp-content\/uploads\/2024\/11\/Mouse-sem-fio-C3Tech-M-W20BL-Azul-1.jpg?fit=700%2C800&ssl=1\",\"datePublished\":\"2024-11-16T18:01:40+00:00\",\"dateModified\":\"2025-02-27T21:10:14+00:00\",\"description\":\"Mouse Sem Fio C3Tech oferece um manuseio incrivelmente preciso sem falhas com a tecnologia exclusiva Free Smart Link, sem interfer\u00eancias com o receptor.\",\"breadcrumb\":{\"@id\":\"https:\/\/elektrotec.com.br\/loja\/produto\/mouse-sem-fio-c3tech-m-w20bl-azul\/#breadcrumb\"},\"inLanguage\":\"pt-BR\",\"potentialAction\":[{\"@type\":\"ReadAction\",\"target\":[\"https:\/\/elektrotec.com.br\/loja\/produto\/mouse-sem-fio-c3tech-m-w20bl-azul\/\"]}]},{\"@type\":\"ImageObject\",\"inLanguage\":\"pt-BR\",\"@id\":\"https:\/\/elektrotec.com.br\/loja\/produto\/mouse-sem-fio-c3tech-m-w20bl-azul\/#primaryimage\",\"url\":\"https:\/\/i0.wp.com\/elektrotec.com.br\/loja\/wp-content\/uploads\/2024\/11\/Mouse-sem-fio-C3Tech-M-W20BL-Azul-1.jpg?fit=700%2C800&ssl=1\",\"contentUrl\":\"https:\/\/i0.wp.com\/elektrotec.com.br\/loja\/wp-content\/uploads\/2024\/11\/Mouse-sem-fio-C3Tech-M-W20BL-Azul-1.jpg?fit=700%2C800&ssl=1\",\"width\":700,\"height\":800},{\"@type\":\"BreadcrumbList\",\"@id\":\"https:\/\/elektrotec.com.br\/loja\/produto\/mouse-sem-fio-c3tech-m-w20bl-azul\/#breadcrumb\",\"itemListElement\":[{\"@type\":\"ListItem\",\"position\":1,\"name\":\"Home\",\"item\":\"https:\/\/elektrotec.com.br\/loja\/\"},{\"@type\":\"ListItem\",\"position\":2,\"name\":\"Ofertas do dia \u26a1\",\"item\":\"https:\/\/elektrotec.com.br\/loja\/loja\/\"},{\"@type\":\"ListItem\",\"position\":3,\"name\":\"Mouse sem fio C3Tech M-W20BL azul\"}]},{\"@type\":\"WebSite\",\"@id\":\"https:\/\/elektrotec.com.br\/loja\/#website\",\"url\":\"https:\/\/elektrotec.com.br\/loja\/\",\"name\":\"Elektrotec Store\",\"description\":\"Solu\u00e7\u00f5es em Energia e Automa\u00e7\u00e3o Industrial\",\"publisher\":{\"@id\":\"https:\/\/elektrotec.com.br\/loja\/#organization\"},\"potentialAction\":[{\"@type\":\"SearchAction\",\"target\":{\"@type\":\"EntryPoint\",\"urlTemplate\":\"https:\/\/elektrotec.com.br\/loja\/?s={search_term_string}\"},\"query-input\":{\"@type\":\"PropertyValueSpecification\",\"valueRequired\":true,\"valueName\":\"search_term_string\"}}],\"inLanguage\":\"pt-BR\"},{\"@type\":\"Organization\",\"@id\":\"https:\/\/elektrotec.com.br\/loja\/#organization\",\"name\":\"Elektrotec\",\"url\":\"https:\/\/elektrotec.com.br\/loja\/\",\"logo\":{\"@type\":\"ImageObject\",\"inLanguage\":\"pt-BR\",\"@id\":\"https:\/\/elektrotec.com.br\/loja\/#\/schema\/logo\/image\/\",\"url\":\"https:\/\/i0.wp.com\/elektrotec.com.br\/loja\/wp-content\/uploads\/2025\/05\/Logo-site-Elektrotec-Energy-1.webp?fit=270%2C70&ssl=1\",\"contentUrl\":\"https:\/\/i0.wp.com\/elektrotec.com.br\/loja\/wp-content\/uploads\/2025\/05\/Logo-site-Elektrotec-Energy-1.webp?fit=270%2C70&ssl=1\",\"width\":270,\"height\":70,\"caption\":\"Elektrotec\"},\"image\":{\"@id\":\"https:\/\/elektrotec.com.br\/loja\/#\/schema\/logo\/image\/\"}}]}<\/script>\n<!-- \/ Yoast SEO plugin. -->","yoast_head_json":{"title":"Mouse sem fio C3Tech M-W20BL azul","description":"Mouse Sem Fio C3Tech oferece um manuseio incrivelmente preciso sem falhas com a tecnologia exclusiva Free Smart Link, sem interfer\u00eancias com o receptor.","robots":{"index":"index","follow":"follow","max-snippet":"max-snippet:-1","max-image-preview":"max-image-preview:large","max-video-preview":"max-video-preview:-1"},"canonical":"https:\/\/elektrotec.com.br\/loja\/produto\/mouse-sem-fio-c3tech-m-w20bl-azul\/","og_locale":"pt_BR","og_type":"article","og_title":"Mouse sem fio C3Tech M-W20BL azul","og_description":"Mouse Sem Fio C3Tech oferece um manuseio incrivelmente preciso sem falhas com a tecnologia exclusiva Free Smart Link, sem interfer\u00eancias com o receptor.","og_url":"https:\/\/elektrotec.com.br\/loja\/produto\/mouse-sem-fio-c3tech-m-w20bl-azul\/","og_site_name":"Elektrotec Store","article_modified_time":"2025-02-27T21:10:14+00:00","og_image":[{"width":700,"height":800,"url":"https:\/\/elektrotec.com.br\/loja\/wp-content\/uploads\/2024\/11\/Mouse-sem-fio-C3Tech-M-W20BL-Azul-1.jpg","type":"image\/jpeg"}],"twitter_card":"summary_large_image","twitter_misc":{"Est. tempo de leitura":"3 minutos"},"schema":{"@context":"https:\/\/schema.org","@graph":[{"@type":"WebPage","@id":"https:\/\/elektrotec.com.br\/loja\/produto\/mouse-sem-fio-c3tech-m-w20bl-azul\/","url":"https:\/\/elektrotec.com.br\/loja\/produto\/mouse-sem-fio-c3tech-m-w20bl-azul\/","name":"Mouse sem fio C3Tech M-W20BL azul","isPartOf":{"@id":"https:\/\/elektrotec.com.br\/loja\/#website"},"primaryImageOfPage":{"@id":"https:\/\/elektrotec.com.br\/loja\/produto\/mouse-sem-fio-c3tech-m-w20bl-azul\/#primaryimage"},"image":{"@id":"https:\/\/elektrotec.com.br\/loja\/produto\/mouse-sem-fio-c3tech-m-w20bl-azul\/#primaryimage"},"thumbnailUrl":"https:\/\/i0.wp.com\/elektrotec.com.br\/loja\/wp-content\/uploads\/2024\/11\/Mouse-sem-fio-C3Tech-M-W20BL-Azul-1.jpg?fit=700%2C800&ssl=1","datePublished":"2024-11-16T18:01:40+00:00","dateModified":"2025-02-27T21:10:14+00:00","description":"Mouse Sem Fio C3Tech oferece um manuseio incrivelmente preciso sem falhas com a tecnologia exclusiva Free Smart Link, sem interfer\u00eancias com o receptor.","breadcrumb":{"@id":"https:\/\/elektrotec.com.br\/loja\/produto\/mouse-sem-fio-c3tech-m-w20bl-azul\/#breadcrumb"},"inLanguage":"pt-BR","potentialAction":[{"@type":"ReadAction","target":["https:\/\/elektrotec.com.br\/loja\/produto\/mouse-sem-fio-c3tech-m-w20bl-azul\/"]}]},{"@type":"ImageObject","inLanguage":"pt-BR","@id":"https:\/\/elektrotec.com.br\/loja\/produto\/mouse-sem-fio-c3tech-m-w20bl-azul\/#primaryimage","url":"https:\/\/i0.wp.com\/elektrotec.com.br\/loja\/wp-content\/uploads\/2024\/11\/Mouse-sem-fio-C3Tech-M-W20BL-Azul-1.jpg?fit=700%2C800&ssl=1","contentUrl":"https:\/\/i0.wp.com\/elektrotec.com.br\/loja\/wp-content\/uploads\/2024\/11\/Mouse-sem-fio-C3Tech-M-W20BL-Azul-1.jpg?fit=700%2C800&ssl=1","width":700,"height":800},{"@type":"BreadcrumbList","@id":"https:\/\/elektrotec.com.br\/loja\/produto\/mouse-sem-fio-c3tech-m-w20bl-azul\/#breadcrumb","itemListElement":[{"@type":"ListItem","position":1,"name":"Home","item":"https:\/\/elektrotec.com.br\/loja\/"},{"@type":"ListItem","position":2,"name":"Ofertas do dia \u26a1","item":"https:\/\/elektrotec.com.br\/loja\/loja\/"},{"@type":"ListItem","position":3,"name":"Mouse sem fio C3Tech M-W20BL azul"}]},{"@type":"WebSite","@id":"https:\/\/elektrotec.com.br\/loja\/#website","url":"https:\/\/elektrotec.com.br\/loja\/","name":"Elektrotec Store","description":"Solu\u00e7\u00f5es em Energia e Automa\u00e7\u00e3o Industrial","publisher":{"@id":"https:\/\/elektrotec.com.br\/loja\/#organization"},"potentialAction":[{"@type":"SearchAction","target":{"@type":"EntryPoint","urlTemplate":"https:\/\/elektrotec.com.br\/loja\/?s={search_term_string}"},"query-input":{"@type":"PropertyValueSpecification","valueRequired":true,"valueName":"search_term_string"}}],"inLanguage":"pt-BR"},{"@type":"Organization","@id":"https:\/\/elektrotec.com.br\/loja\/#organization","name":"Elektrotec","url":"https:\/\/elektrotec.com.br\/loja\/","logo":{"@type":"ImageObject","inLanguage":"pt-BR","@id":"https:\/\/elektrotec.com.br\/loja\/#\/schema\/logo\/image\/","url":"https:\/\/i0.wp.com\/elektrotec.com.br\/loja\/wp-content\/uploads\/2025\/05\/Logo-site-Elektrotec-Energy-1.webp?fit=270%2C70&ssl=1","contentUrl":"https:\/\/i0.wp.com\/elektrotec.com.br\/loja\/wp-content\/uploads\/2025\/05\/Logo-site-Elektrotec-Energy-1.webp?fit=270%2C70&ssl=1","width":270,"height":70,"caption":"Elektrotec"},"image":{"@id":"https:\/\/elektrotec.com.br\/loja\/#\/schema\/logo\/image\/"}}]}},"jetpack_sharing_enabled":true,"brands":[],"_links":{"self":[{"href":"https:\/\/elektrotec.com.br\/loja\/wp-json\/wp\/v2\/product\/3366","targetHints":{"allow":["GET"]}}],"collection":[{"href":"https:\/\/elektrotec.com.br\/loja\/wp-json\/wp\/v2\/product"}],"about":[{"href":"https:\/\/elektrotec.com.br\/loja\/wp-json\/wp\/v2\/types\/product"}],"replies":[{"embeddable":true,"href":"https:\/\/elektrotec.com.br\/loja\/wp-json\/wp\/v2\/comments?post=3366"}],"wp:featuredmedia":[{"embeddable":true,"href":"https:\/\/elektrotec.com.br\/loja\/wp-json\/wp\/v2\/media\/3375"}],"wp:attachment":[{"href":"https:\/\/elektrotec.com.br\/loja\/wp-json\/wp\/v2\/media?parent=3366"}],"wp:term":[{"taxonomy":"pwb-brand","embeddable":true,"href":"https:\/\/elektrotec.com.br\/loja\/wp-json\/wp\/v2\/pwb-brand?post=3366"},{"taxonomy":"product_brand","embeddable":true,"href":"https:\/\/elektrotec.com.br\/loja\/wp-json\/wp\/v2\/product_brand?post=3366"},{"taxonomy":"product_cat","embeddable":true,"href":"https:\/\/elektrotec.com.br\/loja\/wp-json\/wp\/v2\/product_cat?post=3366"},{"taxonomy":"product_tag","embeddable":true,"href":"https:\/\/elektrotec.com.br\/loja\/wp-json\/wp\/v2\/product_tag?post=3366"}],"curies":[{"name":"wp","href":"https:\/\/api.w.org\/{rel}","templated":true}]}}