{"id":3358,"date":"2024-11-16T00:02:09","date_gmt":"2024-11-16T03:02:09","guid":{"rendered":"https:\/\/quioske.com.br\/?post_type=product&#038;p=3358"},"modified":"2025-02-27T18:08:39","modified_gmt":"2025-02-27T21:08:39","slug":"gabinete-cooler-master-masterbox-td500-branco-rgb-lateral-em-vidro-temperado-mini-itx-micro-atx","status":"publish","type":"product","link":"https:\/\/elektrotec.com.br\/loja\/produto\/gabinete-cooler-master-masterbox-td500-branco-rgb-lateral-em-vidro-temperado-mini-itx-micro-atx\/","title":{"rendered":"Gabinete Cooler Master Masterbox TD500 branco RGB lateral em vidro temperado mini ITX micro ATX"},"content":{"rendered":"<div class=\"wpb-content-wrapper\"><p>[vc_row woodmart_css_id=&#8221;6738c549cbf22&#8243; responsive_spacing=&#8221;eyJwYXJhbV90eXBlIjoid29vZG1hcnRfcmVzcG9uc2l2ZV9zcGFjaW5nIiwic2VsZWN0b3JfaWQiOiI2NzM4YzU0OWNiZjIyIiwic2hvcnRjb2RlIjoidmNfcm93IiwiZGF0YSI6eyJ0YWJsZXQiOnt9LCJtb2JpbGUiOnt9fX0=&#8221; mobile_bg_img_hidden=&#8221;no&#8221; tablet_bg_img_hidden=&#8221;no&#8221; woodmart_parallax=&#8221;0&#8243; woodmart_gradient_switch=&#8221;no&#8221; woodmart_box_shadow=&#8221;no&#8221; wd_z_index=&#8221;no&#8221; woodmart_disable_overflow=&#8221;0&#8243; row_reverse_mobile=&#8221;0&#8243; row_reverse_tablet=&#8221;0&#8243; el_id=&#8221;codigo-52845&#8243;][vc_column css=&#8221;.vc_custom_1666272391679{padding-top: 0px !important;}&#8221; woodmart_css_id=&#8221;63514c8260958&#8243; parallax_scroll=&#8221;no&#8221; woodmart_sticky_column=&#8221;false&#8221; wd_collapsible_content_switcher=&#8221;no&#8221; wd_column_role_offcanvas_desktop=&#8221;no&#8221; wd_column_role_offcanvas_tablet=&#8221;no&#8221; wd_column_role_offcanvas_mobile=&#8221;no&#8221; wd_column_role_content_desktop=&#8221;no&#8221; wd_column_role_content_tablet=&#8221;no&#8221; wd_column_role_content_mobile=&#8221;no&#8221; mobile_bg_img_hidden=&#8221;no&#8221; tablet_bg_img_hidden=&#8221;no&#8221; woodmart_parallax=&#8221;0&#8243; woodmart_box_shadow=&#8221;no&#8221; responsive_spacing=&#8221;eyJwYXJhbV90eXBlIjoid29vZG1hcnRfcmVzcG9uc2l2ZV9zcGFjaW5nIiwic2VsZWN0b3JfaWQiOiI2MzUxNGM4MjYwOTU4Iiwic2hvcnRjb2RlIjoidmNfY29sdW1uIiwiZGF0YSI6eyJ0YWJsZXQiOnt9LCJtb2JpbGUiOnt9fX0=&#8221; mobile_reset_margin=&#8221;no&#8221; tablet_reset_margin=&#8221;no&#8221; wd_z_index=&#8221;no&#8221;]\t\t<div id=\"wd-673a0d1e8eae2\" class=\"wd-text-block wd-wpb reset-last-child wd-rs-673a0d1e8eae2 text-center vc_custom_1731857701460\">\n\t\t\t<p><img data-recalc-dims=\"1\" loading=\"lazy\" decoding=\"async\" class=\"aligncenter\" src=\"https:\/\/i0.wp.com\/live.staticflickr.com\/65535\/54143951546_b3996c372f_k.jpg?resize=1039%2C2048&#038;ssl=1\" alt=\"description-cooler-mater-td500\" width=\"1039\" height=\"2048\" \/><\/p>\n\t\t<\/div>\n\t\t[\/vc_column][\/vc_row][vc_row][vc_column woodmart_css_id=&#8221;667c81fba6236&#8243; parallax_scroll=&#8221;no&#8221; woodmart_sticky_column=&#8221;false&#8221; wd_collapsible_content_switcher=&#8221;no&#8221; wd_column_role_offcanvas_desktop=&#8221;no&#8221; wd_column_role_offcanvas_tablet=&#8221;no&#8221; wd_column_role_offcanvas_mobile=&#8221;no&#8221; wd_column_role_content_desktop=&#8221;no&#8221; wd_column_role_content_tablet=&#8221;no&#8221; wd_column_role_content_mobile=&#8221;no&#8221; mobile_bg_img_hidden=&#8221;no&#8221; tablet_bg_img_hidden=&#8221;no&#8221; woodmart_parallax=&#8221;0&#8243; woodmart_box_shadow=&#8221;no&#8221; responsive_spacing=&#8221;eyJwYXJhbV90eXBlIjoid29vZG1hcnRfcmVzcG9uc2l2ZV9zcGFjaW5nIiwic2VsZWN0b3JfaWQiOiI2NjdjODFmYmE2MjM2Iiwic2hvcnRjb2RlIjoidmNfY29sdW1uIiwiZGF0YSI6eyJ0YWJsZXQiOnt9LCJtb2JpbGUiOnt9fX0=&#8221; mobile_reset_margin=&#8221;no&#8221; tablet_reset_margin=&#8221;no&#8221; wd_z_index=&#8221;no&#8221; css=&#8221;.vc_custom_1719435784581{margin-top: -60px !important;}&#8221;][vc_separator border_width=&#8221;3&#8243; css=&#8221;.vc_custom_1731708518955{margin-top: 50px !important;margin-bottom: 50px !important;}&#8221; wd_hide_on_desktop=&#8221;no&#8221; wd_hide_on_tablet=&#8221;no&#8221; wd_hide_on_mobile=&#8221;no&#8221;][\/vc_column][\/vc_row][vc_row woodmart_css_id=&#8221;6351519a61682&#8243; responsive_spacing=&#8221;eyJwYXJhbV90eXBlIjoid29vZG1hcnRfcmVzcG9uc2l2ZV9zcGFjaW5nIiwic2VsZWN0b3JfaWQiOiI2MzUxNTE5YTYxNjgyIiwic2hvcnRjb2RlIjoidmNfcm93IiwiZGF0YSI6eyJ0YWJsZXQiOnt9LCJtb2JpbGUiOnt9fX0=&#8221; mobile_bg_img_hidden=&#8221;no&#8221; tablet_bg_img_hidden=&#8221;no&#8221; woodmart_parallax=&#8221;0&#8243; woodmart_gradient_switch=&#8221;no&#8221; woodmart_box_shadow=&#8221;no&#8221; wd_z_index=&#8221;no&#8221; woodmart_disable_overflow=&#8221;0&#8243; row_reverse_mobile=&#8221;0&#8243; row_reverse_tablet=&#8221;0&#8243;][vc_column css=&#8221;.vc_custom_1669033735057{padding-top: 0px !important;}&#8221; woodmart_css_id=&#8221;637b6f036ef34&#8243; parallax_scroll=&#8221;no&#8221; woodmart_sticky_column=&#8221;false&#8221; wd_collapsible_content_switcher=&#8221;no&#8221; wd_column_role_offcanvas_desktop=&#8221;no&#8221; wd_column_role_offcanvas_tablet=&#8221;no&#8221; wd_column_role_offcanvas_mobile=&#8221;no&#8221; wd_column_role_content_desktop=&#8221;no&#8221; wd_column_role_content_tablet=&#8221;no&#8221; wd_column_role_content_mobile=&#8221;no&#8221; mobile_bg_img_hidden=&#8221;no&#8221; tablet_bg_img_hidden=&#8221;no&#8221; woodmart_parallax=&#8221;0&#8243; woodmart_box_shadow=&#8221;no&#8221; responsive_spacing=&#8221;eyJwYXJhbV90eXBlIjoid29vZG1hcnRfcmVzcG9uc2l2ZV9zcGFjaW5nIiwic2VsZWN0b3JfaWQiOiI2MzdiNmYwMzZlZjM0Iiwic2hvcnRjb2RlIjoidmNfY29sdW1uIiwiZGF0YSI6eyJ0YWJsZXQiOnt9LCJtb2JpbGUiOnt9fX0=&#8221; mobile_reset_margin=&#8221;no&#8221; tablet_reset_margin=&#8221;no&#8221; wd_z_index=&#8221;no&#8221;]\n\t\t<div id=\"wd-667ca27edb170\" class=\"title-wrapper wd-wpb wd-set-mb reset-last-child  wd-rs-667ca27edb170 wd-title-color-default wd-title-style-default text-left vc_custom_1719444410298 wd-underline-colored\">\n\t\t\t\n\t\t\t<div class=\"liner-continer\">\n\t\t\t\t<h4 class=\"woodmart-title-container title  wd-font-weight-700 wd-fontsize-l\" >\ud83d\udccc Especifica\u00e7\u00f5es T\u00e9cnicas:<\/h4>\n\t\t\t\t\t\t\t<\/div>\n\t\t\t\n\t\t\t\n\t\t\t\n\t\t<\/div>\n\t\t\n\t\t\t\t<div id=\"wd-6738c9fdb6d21\" class=\"wd-text-block wd-wpb reset-last-child wd-rs-6738c9fdb6d21 text-left vc_custom_1731775030547\">\n\t\t\t<p><strong>Caracter\u00edsticas<\/strong><\/p>\n<ul>\n<li><strong>Marca<\/strong><br \/>\nCooler Master<\/li>\n<li><strong>Modelo:<\/strong><br \/>\nMCB-D500D-WGNN-S01<\/li>\n<li><strong>Tipo:<\/strong><br \/>\nMid-tower<\/li>\n<li><strong>Cor:<\/strong><br \/>\nBranco<\/li>\n<li><strong>Materiais:<\/strong><br \/>\nA\u00e7o, pl\u00e1stico, vidro temperado, malha<\/li>\n<li><strong>Dimens\u00f5es:<\/strong><br \/>\n429,5 x 205 x 447 mm<\/li>\n<li><strong>Suporte para placa-m\u00e3e:<\/strong><br \/>\nMini ITX, Micro ATX, ATX, SSI CEB, E-ATX *, (* suporte para at\u00e9 12 &#8220;x 10,7&#8221;, limitar\u00e1 os recursos de gerenciamento de cabos)<\/li>\n<li><strong>Slots de expans\u00e3o:<\/strong><br \/>\n7<\/li>\n<li><strong>Baias:<\/strong><br \/>\n2,5&#8243;\/ 3,5&#8243;: 2 (combinadas)<br \/>\n2,5&#8243;: 4 (combina\u00e7\u00e3o 2 + 2)<\/li>\n<li><strong>Entradas:<\/strong><br \/>\n2 x USB 3.2 Gen 1 (anteriormente USB 3.0)<br \/>\n1 x Conector de \u00e1udio de 3,5 mm<br \/>\n1 x Conector de microfone de 3,5 mm<br \/>\n1 x Controlador ARGB (apenas para as vers\u00f5es S01)<br \/>\n1 x Divisor ARGB 2 a 3<\/li>\n<li><strong>Ventoinhas Inclusas:<\/strong><br \/>\nFrente: 3 x ARGB de 120mm<\/li>\n<li><strong>Ventoinhas Suportadas:<\/strong><br \/>\nSuperior: 3 x 120mm, 2 x 140mm<br \/>\nFrente: 3 x 120mm, 2x 140mm<br \/>\nTraseiro: 1 x 120mm<\/li>\n<li><strong>Water Cooler Suportado:<\/strong><br \/>\nSuperior: 120 mm, 240 mm, 360 mm (altura m\u00e1xima do componente da placa-m\u00e3e de 44 mm)<br \/>\nFrente:120mm, 140mm, 240mm, 280mm, 360mm<br \/>\nTraseiro: 120mm<\/li>\n<li><strong>Liquida\u00e7\u00e3o:<\/strong><br \/>\nCPU: 165 mm<br \/>\nPSU: 180 mm, 295 mm (com a gaiola do disco r\u00edgido removida)<br \/>\nGFX: 410 mm<\/li>\n<li><strong>Roteamento de cabo:<\/strong><br \/>\n19 mm<\/li>\n<li><strong>Filtros de p\u00f3:<\/strong><br \/>\nSuperior, inferior, frente<\/li>\n<li><strong>Suporte de fonte de alimenta\u00e7\u00e3o:<\/strong><br \/>\nMontagem inferior, ATX<\/li>\n<\/ul>\n\t\t<\/div>\n\t\t[\/vc_column][\/vc_row]<\/p>\n<\/div>","protected":false},"excerpt":{"rendered":"<p><strong>C\u00f3digo:<\/strong> <a href=\"#\">52845<\/a>\u00a0 \u00a0|\u00a0 \u00a0<strong>Mais produtos:<\/strong> <a href=\"https:\/\/elektrotec.com.br\/loja\/loja\/?filter_marcas=cooler-master\">Cooler Master<\/a>\u00a0 \u00a0|\u00a0 \u00a0<a href=\"https:\/\/elektrotec.com.br\/loja\/produto\/gabinete-cooler-master-masterbox-td500-branco-rgb-lateral-em-vidro-temperado-mini-itx-micro-atx-atx\/#codigo-52845\"><strong>Descri\u00e7\u00e3o do produto<\/strong><\/a><\/p>\n","protected":false},"featured_media":3359,"comment_status":"open","ping_status":"closed","template":"","meta":{"pagelayer_contact_templates":[],"_pagelayer_content":"","_mbp_gutenberg_autopost":false},"pwb-brand":[],"product_brand":[],"product_cat":[58,96,296,71,25],"product_tag":[],"class_list":{"0":"post-3358","1":"product","2":"type-product","3":"status-publish","4":"has-post-thumbnail","6":"product_cat-desktop","7":"product_cat-gabinetes","8":"product_cat-gabinetes-perifericos","9":"product_cat-perifericos","10":"product_cat-tecnologia-e-informatica","11":"product_shipping_class-logistica-quioske","13":"first","14":"instock","15":"featured","16":"shipping-taxable","17":"purchasable","18":"product-type-simple"},"yoast_head":"<!-- This site is optimized with the Yoast SEO plugin v27.2 - https:\/\/yoast.com\/product\/yoast-seo-wordpress\/ -->\n<title>Gabinete Cooler Master Masterbox TD500 Branco RGB<\/title>\n<meta name=\"description\" content=\"MasterBox TD500 com tr\u00eas ventiladores ARGB que inundam o sistema com fluxo de ar e ilumina\u00e7\u00e3o, efeito \u00fanico atrav\u00e9s do vidro temperado Cristalino.\" \/>\n<meta name=\"robots\" content=\"index, follow, max-snippet:-1, max-image-preview:large, max-video-preview:-1\" \/>\n<link rel=\"canonical\" href=\"https:\/\/elektrotec.com.br\/loja\/produto\/gabinete-cooler-master-masterbox-td500-branco-rgb-lateral-em-vidro-temperado-mini-itx-micro-atx\/\" \/>\n<meta property=\"og:locale\" content=\"pt_BR\" \/>\n<meta property=\"og:type\" content=\"article\" \/>\n<meta property=\"og:title\" content=\"Gabinete Cooler Master Masterbox TD500 Branco RGB\" \/>\n<meta property=\"og:description\" content=\"MasterBox TD500 com tr\u00eas ventiladores ARGB que inundam o sistema com fluxo de ar e ilumina\u00e7\u00e3o, efeito \u00fanico atrav\u00e9s do vidro temperado Cristalino.\" \/>\n<meta property=\"og:url\" content=\"https:\/\/elektrotec.com.br\/loja\/produto\/gabinete-cooler-master-masterbox-td500-branco-rgb-lateral-em-vidro-temperado-mini-itx-micro-atx\/\" \/>\n<meta property=\"og:site_name\" content=\"Elektrotec Store\" \/>\n<meta property=\"article:modified_time\" content=\"2025-02-27T21:08:39+00:00\" \/>\n<meta property=\"og:image\" content=\"https:\/\/elektrotec.com.br\/loja\/wp-content\/uploads\/2024\/11\/gabinete-cooler-master-td500-0.jpg\" \/>\n\t<meta property=\"og:image:width\" content=\"700\" \/>\n\t<meta property=\"og:image:height\" content=\"800\" \/>\n\t<meta property=\"og:image:type\" content=\"image\/jpeg\" \/>\n<meta name=\"twitter:card\" content=\"summary_large_image\" \/>\n<meta name=\"twitter:label1\" content=\"Est. tempo de leitura\" \/>\n\t<meta name=\"twitter:data1\" content=\"3 minutos\" \/>\n<script type=\"application\/ld+json\" class=\"yoast-schema-graph\">{\"@context\":\"https:\/\/schema.org\",\"@graph\":[{\"@type\":\"WebPage\",\"@id\":\"https:\/\/elektrotec.com.br\/loja\/produto\/gabinete-cooler-master-masterbox-td500-branco-rgb-lateral-em-vidro-temperado-mini-itx-micro-atx\/\",\"url\":\"https:\/\/elektrotec.com.br\/loja\/produto\/gabinete-cooler-master-masterbox-td500-branco-rgb-lateral-em-vidro-temperado-mini-itx-micro-atx\/\",\"name\":\"Gabinete Cooler Master Masterbox TD500 Branco RGB\",\"isPartOf\":{\"@id\":\"https:\/\/elektrotec.com.br\/loja\/#website\"},\"primaryImageOfPage\":{\"@id\":\"https:\/\/elektrotec.com.br\/loja\/produto\/gabinete-cooler-master-masterbox-td500-branco-rgb-lateral-em-vidro-temperado-mini-itx-micro-atx\/#primaryimage\"},\"image\":{\"@id\":\"https:\/\/elektrotec.com.br\/loja\/produto\/gabinete-cooler-master-masterbox-td500-branco-rgb-lateral-em-vidro-temperado-mini-itx-micro-atx\/#primaryimage\"},\"thumbnailUrl\":\"https:\/\/i0.wp.com\/elektrotec.com.br\/loja\/wp-content\/uploads\/2024\/11\/gabinete-cooler-master-td500-0.jpg?fit=700%2C800&ssl=1\",\"datePublished\":\"2024-11-16T03:02:09+00:00\",\"dateModified\":\"2025-02-27T21:08:39+00:00\",\"description\":\"MasterBox TD500 com tr\u00eas ventiladores ARGB que inundam o sistema com fluxo de ar e ilumina\u00e7\u00e3o, efeito \u00fanico atrav\u00e9s do vidro temperado Cristalino.\",\"breadcrumb\":{\"@id\":\"https:\/\/elektrotec.com.br\/loja\/produto\/gabinete-cooler-master-masterbox-td500-branco-rgb-lateral-em-vidro-temperado-mini-itx-micro-atx\/#breadcrumb\"},\"inLanguage\":\"pt-BR\",\"potentialAction\":[{\"@type\":\"ReadAction\",\"target\":[\"https:\/\/elektrotec.com.br\/loja\/produto\/gabinete-cooler-master-masterbox-td500-branco-rgb-lateral-em-vidro-temperado-mini-itx-micro-atx\/\"]}]},{\"@type\":\"ImageObject\",\"inLanguage\":\"pt-BR\",\"@id\":\"https:\/\/elektrotec.com.br\/loja\/produto\/gabinete-cooler-master-masterbox-td500-branco-rgb-lateral-em-vidro-temperado-mini-itx-micro-atx\/#primaryimage\",\"url\":\"https:\/\/i0.wp.com\/elektrotec.com.br\/loja\/wp-content\/uploads\/2024\/11\/gabinete-cooler-master-td500-0.jpg?fit=700%2C800&ssl=1\",\"contentUrl\":\"https:\/\/i0.wp.com\/elektrotec.com.br\/loja\/wp-content\/uploads\/2024\/11\/gabinete-cooler-master-td500-0.jpg?fit=700%2C800&ssl=1\",\"width\":700,\"height\":800},{\"@type\":\"BreadcrumbList\",\"@id\":\"https:\/\/elektrotec.com.br\/loja\/produto\/gabinete-cooler-master-masterbox-td500-branco-rgb-lateral-em-vidro-temperado-mini-itx-micro-atx\/#breadcrumb\",\"itemListElement\":[{\"@type\":\"ListItem\",\"position\":1,\"name\":\"Home\",\"item\":\"https:\/\/elektrotec.com.br\/loja\/\"},{\"@type\":\"ListItem\",\"position\":2,\"name\":\"Ofertas do dia \u26a1\",\"item\":\"https:\/\/elektrotec.com.br\/loja\/loja\/\"},{\"@type\":\"ListItem\",\"position\":3,\"name\":\"Gabinete Cooler Master Masterbox TD500 branco RGB lateral em vidro temperado mini ITX micro ATX\"}]},{\"@type\":\"WebSite\",\"@id\":\"https:\/\/elektrotec.com.br\/loja\/#website\",\"url\":\"https:\/\/elektrotec.com.br\/loja\/\",\"name\":\"Elektrotec Store\",\"description\":\"Solu\u00e7\u00f5es em Energia e Automa\u00e7\u00e3o Industrial\",\"publisher\":{\"@id\":\"https:\/\/elektrotec.com.br\/loja\/#organization\"},\"potentialAction\":[{\"@type\":\"SearchAction\",\"target\":{\"@type\":\"EntryPoint\",\"urlTemplate\":\"https:\/\/elektrotec.com.br\/loja\/?s={search_term_string}\"},\"query-input\":{\"@type\":\"PropertyValueSpecification\",\"valueRequired\":true,\"valueName\":\"search_term_string\"}}],\"inLanguage\":\"pt-BR\"},{\"@type\":\"Organization\",\"@id\":\"https:\/\/elektrotec.com.br\/loja\/#organization\",\"name\":\"Elektrotec\",\"url\":\"https:\/\/elektrotec.com.br\/loja\/\",\"logo\":{\"@type\":\"ImageObject\",\"inLanguage\":\"pt-BR\",\"@id\":\"https:\/\/elektrotec.com.br\/loja\/#\/schema\/logo\/image\/\",\"url\":\"https:\/\/i0.wp.com\/elektrotec.com.br\/loja\/wp-content\/uploads\/2025\/05\/Logo-site-Elektrotec-Energy-1.webp?fit=270%2C70&ssl=1\",\"contentUrl\":\"https:\/\/i0.wp.com\/elektrotec.com.br\/loja\/wp-content\/uploads\/2025\/05\/Logo-site-Elektrotec-Energy-1.webp?fit=270%2C70&ssl=1\",\"width\":270,\"height\":70,\"caption\":\"Elektrotec\"},\"image\":{\"@id\":\"https:\/\/elektrotec.com.br\/loja\/#\/schema\/logo\/image\/\"}}]}<\/script>\n<!-- \/ Yoast SEO plugin. -->","yoast_head_json":{"title":"Gabinete Cooler Master Masterbox TD500 Branco RGB","description":"MasterBox TD500 com tr\u00eas ventiladores ARGB que inundam o sistema com fluxo de ar e ilumina\u00e7\u00e3o, efeito \u00fanico atrav\u00e9s do vidro temperado Cristalino.","robots":{"index":"index","follow":"follow","max-snippet":"max-snippet:-1","max-image-preview":"max-image-preview:large","max-video-preview":"max-video-preview:-1"},"canonical":"https:\/\/elektrotec.com.br\/loja\/produto\/gabinete-cooler-master-masterbox-td500-branco-rgb-lateral-em-vidro-temperado-mini-itx-micro-atx\/","og_locale":"pt_BR","og_type":"article","og_title":"Gabinete Cooler Master Masterbox TD500 Branco RGB","og_description":"MasterBox TD500 com tr\u00eas ventiladores ARGB que inundam o sistema com fluxo de ar e ilumina\u00e7\u00e3o, efeito \u00fanico atrav\u00e9s do vidro temperado Cristalino.","og_url":"https:\/\/elektrotec.com.br\/loja\/produto\/gabinete-cooler-master-masterbox-td500-branco-rgb-lateral-em-vidro-temperado-mini-itx-micro-atx\/","og_site_name":"Elektrotec Store","article_modified_time":"2025-02-27T21:08:39+00:00","og_image":[{"width":700,"height":800,"url":"https:\/\/elektrotec.com.br\/loja\/wp-content\/uploads\/2024\/11\/gabinete-cooler-master-td500-0.jpg","type":"image\/jpeg"}],"twitter_card":"summary_large_image","twitter_misc":{"Est. tempo de leitura":"3 minutos"},"schema":{"@context":"https:\/\/schema.org","@graph":[{"@type":"WebPage","@id":"https:\/\/elektrotec.com.br\/loja\/produto\/gabinete-cooler-master-masterbox-td500-branco-rgb-lateral-em-vidro-temperado-mini-itx-micro-atx\/","url":"https:\/\/elektrotec.com.br\/loja\/produto\/gabinete-cooler-master-masterbox-td500-branco-rgb-lateral-em-vidro-temperado-mini-itx-micro-atx\/","name":"Gabinete Cooler Master Masterbox TD500 Branco RGB","isPartOf":{"@id":"https:\/\/elektrotec.com.br\/loja\/#website"},"primaryImageOfPage":{"@id":"https:\/\/elektrotec.com.br\/loja\/produto\/gabinete-cooler-master-masterbox-td500-branco-rgb-lateral-em-vidro-temperado-mini-itx-micro-atx\/#primaryimage"},"image":{"@id":"https:\/\/elektrotec.com.br\/loja\/produto\/gabinete-cooler-master-masterbox-td500-branco-rgb-lateral-em-vidro-temperado-mini-itx-micro-atx\/#primaryimage"},"thumbnailUrl":"https:\/\/i0.wp.com\/elektrotec.com.br\/loja\/wp-content\/uploads\/2024\/11\/gabinete-cooler-master-td500-0.jpg?fit=700%2C800&ssl=1","datePublished":"2024-11-16T03:02:09+00:00","dateModified":"2025-02-27T21:08:39+00:00","description":"MasterBox TD500 com tr\u00eas ventiladores ARGB que inundam o sistema com fluxo de ar e ilumina\u00e7\u00e3o, efeito \u00fanico atrav\u00e9s do vidro temperado Cristalino.","breadcrumb":{"@id":"https:\/\/elektrotec.com.br\/loja\/produto\/gabinete-cooler-master-masterbox-td500-branco-rgb-lateral-em-vidro-temperado-mini-itx-micro-atx\/#breadcrumb"},"inLanguage":"pt-BR","potentialAction":[{"@type":"ReadAction","target":["https:\/\/elektrotec.com.br\/loja\/produto\/gabinete-cooler-master-masterbox-td500-branco-rgb-lateral-em-vidro-temperado-mini-itx-micro-atx\/"]}]},{"@type":"ImageObject","inLanguage":"pt-BR","@id":"https:\/\/elektrotec.com.br\/loja\/produto\/gabinete-cooler-master-masterbox-td500-branco-rgb-lateral-em-vidro-temperado-mini-itx-micro-atx\/#primaryimage","url":"https:\/\/i0.wp.com\/elektrotec.com.br\/loja\/wp-content\/uploads\/2024\/11\/gabinete-cooler-master-td500-0.jpg?fit=700%2C800&ssl=1","contentUrl":"https:\/\/i0.wp.com\/elektrotec.com.br\/loja\/wp-content\/uploads\/2024\/11\/gabinete-cooler-master-td500-0.jpg?fit=700%2C800&ssl=1","width":700,"height":800},{"@type":"BreadcrumbList","@id":"https:\/\/elektrotec.com.br\/loja\/produto\/gabinete-cooler-master-masterbox-td500-branco-rgb-lateral-em-vidro-temperado-mini-itx-micro-atx\/#breadcrumb","itemListElement":[{"@type":"ListItem","position":1,"name":"Home","item":"https:\/\/elektrotec.com.br\/loja\/"},{"@type":"ListItem","position":2,"name":"Ofertas do dia \u26a1","item":"https:\/\/elektrotec.com.br\/loja\/loja\/"},{"@type":"ListItem","position":3,"name":"Gabinete Cooler Master Masterbox TD500 branco RGB lateral em vidro temperado mini ITX micro ATX"}]},{"@type":"WebSite","@id":"https:\/\/elektrotec.com.br\/loja\/#website","url":"https:\/\/elektrotec.com.br\/loja\/","name":"Elektrotec Store","description":"Solu\u00e7\u00f5es em Energia e Automa\u00e7\u00e3o Industrial","publisher":{"@id":"https:\/\/elektrotec.com.br\/loja\/#organization"},"potentialAction":[{"@type":"SearchAction","target":{"@type":"EntryPoint","urlTemplate":"https:\/\/elektrotec.com.br\/loja\/?s={search_term_string}"},"query-input":{"@type":"PropertyValueSpecification","valueRequired":true,"valueName":"search_term_string"}}],"inLanguage":"pt-BR"},{"@type":"Organization","@id":"https:\/\/elektrotec.com.br\/loja\/#organization","name":"Elektrotec","url":"https:\/\/elektrotec.com.br\/loja\/","logo":{"@type":"ImageObject","inLanguage":"pt-BR","@id":"https:\/\/elektrotec.com.br\/loja\/#\/schema\/logo\/image\/","url":"https:\/\/i0.wp.com\/elektrotec.com.br\/loja\/wp-content\/uploads\/2025\/05\/Logo-site-Elektrotec-Energy-1.webp?fit=270%2C70&ssl=1","contentUrl":"https:\/\/i0.wp.com\/elektrotec.com.br\/loja\/wp-content\/uploads\/2025\/05\/Logo-site-Elektrotec-Energy-1.webp?fit=270%2C70&ssl=1","width":270,"height":70,"caption":"Elektrotec"},"image":{"@id":"https:\/\/elektrotec.com.br\/loja\/#\/schema\/logo\/image\/"}}]}},"jetpack_sharing_enabled":true,"brands":[],"_links":{"self":[{"href":"https:\/\/elektrotec.com.br\/loja\/wp-json\/wp\/v2\/product\/3358","targetHints":{"allow":["GET"]}}],"collection":[{"href":"https:\/\/elektrotec.com.br\/loja\/wp-json\/wp\/v2\/product"}],"about":[{"href":"https:\/\/elektrotec.com.br\/loja\/wp-json\/wp\/v2\/types\/product"}],"replies":[{"embeddable":true,"href":"https:\/\/elektrotec.com.br\/loja\/wp-json\/wp\/v2\/comments?post=3358"}],"wp:featuredmedia":[{"embeddable":true,"href":"https:\/\/elektrotec.com.br\/loja\/wp-json\/wp\/v2\/media\/3359"}],"wp:attachment":[{"href":"https:\/\/elektrotec.com.br\/loja\/wp-json\/wp\/v2\/media?parent=3358"}],"wp:term":[{"taxonomy":"pwb-brand","embeddable":true,"href":"https:\/\/elektrotec.com.br\/loja\/wp-json\/wp\/v2\/pwb-brand?post=3358"},{"taxonomy":"product_brand","embeddable":true,"href":"https:\/\/elektrotec.com.br\/loja\/wp-json\/wp\/v2\/product_brand?post=3358"},{"taxonomy":"product_cat","embeddable":true,"href":"https:\/\/elektrotec.com.br\/loja\/wp-json\/wp\/v2\/product_cat?post=3358"},{"taxonomy":"product_tag","embeddable":true,"href":"https:\/\/elektrotec.com.br\/loja\/wp-json\/wp\/v2\/product_tag?post=3358"}],"curies":[{"name":"wp","href":"https:\/\/api.w.org\/{rel}","templated":true}]}}