{"id":3353,"date":"2025-04-01T15:00:23","date_gmt":"2025-04-01T18:00:23","guid":{"rendered":"https:\/\/quioske.com.br\/?post_type=product&#038;p=3353"},"modified":"2025-04-01T20:33:56","modified_gmt":"2025-04-01T23:33:56","slug":"mouse-sem-fio-logitech-m185-conexao-usb-cinza-1000-dpi","status":"publish","type":"product","link":"https:\/\/elektrotec.com.br\/loja\/produto\/mouse-sem-fio-logitech-m185-conexao-usb-cinza-1000-dpi\/","title":{"rendered":"Mouse sem fio Logitech M185 conex\u00e3o USB cinza 1000 DPI"},"content":{"rendered":"<div class=\"wpb-content-wrapper\"><p>[vc_row woodmart_css_id=&#8221;673919acadda3&#8243; responsive_spacing=&#8221;eyJwYXJhbV90eXBlIjoid29vZG1hcnRfcmVzcG9uc2l2ZV9zcGFjaW5nIiwic2VsZWN0b3JfaWQiOiI2NzM5MTlhY2FkZGEzIiwic2hvcnRjb2RlIjoidmNfcm93IiwiZGF0YSI6eyJ0YWJsZXQiOnt9LCJtb2JpbGUiOnt9fX0=&#8221; mobile_bg_img_hidden=&#8221;no&#8221; tablet_bg_img_hidden=&#8221;no&#8221; woodmart_parallax=&#8221;0&#8243; woodmart_gradient_switch=&#8221;no&#8221; woodmart_box_shadow=&#8221;no&#8221; wd_z_index=&#8221;no&#8221; woodmart_disable_overflow=&#8221;0&#8243; row_reverse_mobile=&#8221;0&#8243; row_reverse_tablet=&#8221;0&#8243; css=&#8221;.vc_custom_1731795387913{margin-bottom: 50px !important;}&#8221; el_id=&#8221;codigo-14501&#8243;][vc_column css=&#8221;.vc_custom_1666272391679{padding-top: 0px !important;}&#8221; woodmart_css_id=&#8221;63514c8260958&#8243; parallax_scroll=&#8221;no&#8221; woodmart_sticky_column=&#8221;false&#8221; wd_collapsible_content_switcher=&#8221;no&#8221; wd_column_role_offcanvas_desktop=&#8221;no&#8221; wd_column_role_offcanvas_tablet=&#8221;no&#8221; wd_column_role_offcanvas_mobile=&#8221;no&#8221; wd_column_role_content_desktop=&#8221;no&#8221; wd_column_role_content_tablet=&#8221;no&#8221; wd_column_role_content_mobile=&#8221;no&#8221; mobile_bg_img_hidden=&#8221;no&#8221; tablet_bg_img_hidden=&#8221;no&#8221; woodmart_parallax=&#8221;0&#8243; woodmart_box_shadow=&#8221;no&#8221; responsive_spacing=&#8221;eyJwYXJhbV90eXBlIjoid29vZG1hcnRfcmVzcG9uc2l2ZV9zcGFjaW5nIiwic2VsZWN0b3JfaWQiOiI2MzUxNGM4MjYwOTU4Iiwic2hvcnRjb2RlIjoidmNfY29sdW1uIiwiZGF0YSI6eyJ0YWJsZXQiOnt9LCJtb2JpbGUiOnt9fX0=&#8221; mobile_reset_margin=&#8221;no&#8221; tablet_reset_margin=&#8221;no&#8221; wd_z_index=&#8221;no&#8221;]\t\t<div id=\"wd-67c0d34d59489\" class=\"wd-text-block wd-wpb reset-last-child wd-rs-67c0d34d59489 text-left vc_custom_1740690336289\">\n\t\t\t<div class=\"vtex-rich-text-0-x-container vtex-rich-text-0-x-container--t-pdp-disclosure-icon flex tl items-start justify-start t-body c-on-base\">\n<div class=\"vtex-rich-text-0-x-wrapper vtex-rich-text-0-x-wrapper--t-pdp-disclosure-icon\">\n<h3>Mouse sem fio Logitech M185 conex\u00e3o USB cinza 1000 DPI<\/h3>\n<p class=\"lh-copy vtex-rich-text-0-x-paragraph vtex-rich-text-0-x-paragraph--t-pdp-disclosure-icon\">O mouse Logitech M185 est\u00e1 pronto quando voc\u00ea estiver. Simplesmente conecte o receptor em uma porta USB em seu dispositivo para come\u00e7ar a funcionar em segundos. O controle de cursor de tamanho pequeno e suave o torna \u00f3timo para espa\u00e7os de trabalho apertados e mesas ocupadas.<\/p>\n<\/div>\n<\/div>\n<div id=\"id-17cg78\" class=\"vtex-disclosure-layout-1-x-content vtex-disclosure-layout-1-x-content--visible\" data-enter=\"\">\n<div class=\"vtex-store-components-3-x-productDescriptionContainer\">\n<div class=\"vtex-store-components-3-x-productDescriptionText c-muted-1\">\n<p>Continue produtivo por mais tempo com o formato confort\u00e1vel e contornado que segue a curva natural de sua m\u00e3o. Compacto e sem fio, o mouse se adapta facilmente com seu laptop em uma bolsa &#8211; de modo que voc\u00ea possa lev\u00e1-lo para qualquer lugar para trabalhar. O M185 \u00e9 projetado para ser igualmente confort\u00e1vel para ambos usu\u00e1rios canhotos e destros.<\/p>\n<h4><\/h4>\n<h4>O M185 fornece uma experi\u00eancia de rolagem linha a linha para navega\u00e7\u00e3o mais f\u00e1cil. Sem mais inoportunos cliques perdidos &#8211; o sensor \u00f3ptico lhe permite rastrear com controle de cursor suave e preciso em qualquer superf\u00edcie.<\/h4>\n<ul>\n<li>Mouse confort\u00e1vel e f\u00e1cil de usar, com durabilidade e confiabilidade<\/li>\n<li>Diga adeus as preocupa\u00e7\u00f5es de ter receptores perdidos.<\/li>\n<li>Basta conecta-lo \u00e1 porta USB e esquece-lo, \u00e9 t\u00e3o pequeno que voc\u00ea nem ir\u00e1 nota-lo<\/li>\n<li>Mouse Logitech funciona em computadores baseados em Windows e MAC.<\/li>\n<li>Suas pilhas tem a dura\u00e7\u00e3o de um ano, assim voc\u00ea n\u00e3o precisar\u00e1 se preocupar.<\/li>\n<li>O interruptor para ligar e desligar e o modo inteligente de dormir tamb\u00e9m ajudam a economizar energia.<\/li>\n<li>A liberdade de um mouse sem fio com os recursos de um mouse com fio, r\u00e1pida transmiss\u00e3o de dados, sem atrasos ou interrup\u00e7\u00f5es.<\/li>\n<li>Conta com um design totalmente ergon\u00f4mico, ideal para ambas as m\u00e3os e oferece mais conforto do que um touchpad.<\/li>\n<\/ul>\n<\/div>\n<\/div>\n<\/div>\n\t\t<\/div>\n\t\t[\/vc_column][\/vc_row][vc_row][vc_column woodmart_css_id=&#8221;667c81fba6236&#8243; parallax_scroll=&#8221;no&#8221; woodmart_sticky_column=&#8221;false&#8221; wd_collapsible_content_switcher=&#8221;no&#8221; wd_column_role_offcanvas_desktop=&#8221;no&#8221; wd_column_role_offcanvas_tablet=&#8221;no&#8221; wd_column_role_offcanvas_mobile=&#8221;no&#8221; wd_column_role_content_desktop=&#8221;no&#8221; wd_column_role_content_tablet=&#8221;no&#8221; wd_column_role_content_mobile=&#8221;no&#8221; mobile_bg_img_hidden=&#8221;no&#8221; tablet_bg_img_hidden=&#8221;no&#8221; woodmart_parallax=&#8221;0&#8243; woodmart_box_shadow=&#8221;no&#8221; responsive_spacing=&#8221;eyJwYXJhbV90eXBlIjoid29vZG1hcnRfcmVzcG9uc2l2ZV9zcGFjaW5nIiwic2VsZWN0b3JfaWQiOiI2NjdjODFmYmE2MjM2Iiwic2hvcnRjb2RlIjoidmNfY29sdW1uIiwiZGF0YSI6eyJ0YWJsZXQiOnt9LCJtb2JpbGUiOnt9fX0=&#8221; mobile_reset_margin=&#8221;no&#8221; tablet_reset_margin=&#8221;no&#8221; wd_z_index=&#8221;no&#8221; css=&#8221;.vc_custom_1719435784581{margin-top: -60px !important;}&#8221;][vc_separator border_width=&#8221;3&#8243; css=&#8221;.vc_custom_1731793989185{margin-top: 50px !important;margin-bottom: 50px !important;}&#8221; wd_hide_on_desktop=&#8221;no&#8221; wd_hide_on_tablet=&#8221;no&#8221; wd_hide_on_mobile=&#8221;no&#8221;][\/vc_column][\/vc_row][vc_row woodmart_css_id=&#8221;6351519a61682&#8243; responsive_spacing=&#8221;eyJwYXJhbV90eXBlIjoid29vZG1hcnRfcmVzcG9uc2l2ZV9zcGFjaW5nIiwic2VsZWN0b3JfaWQiOiI2MzUxNTE5YTYxNjgyIiwic2hvcnRjb2RlIjoidmNfcm93IiwiZGF0YSI6eyJ0YWJsZXQiOnt9LCJtb2JpbGUiOnt9fX0=&#8221; mobile_bg_img_hidden=&#8221;no&#8221; tablet_bg_img_hidden=&#8221;no&#8221; woodmart_parallax=&#8221;0&#8243; woodmart_gradient_switch=&#8221;no&#8221; woodmart_box_shadow=&#8221;no&#8221; wd_z_index=&#8221;no&#8221; woodmart_disable_overflow=&#8221;0&#8243; row_reverse_mobile=&#8221;0&#8243; row_reverse_tablet=&#8221;0&#8243;][vc_column css=&#8221;.vc_custom_1669033735057{padding-top: 0px !important;}&#8221; woodmart_css_id=&#8221;637b6f036ef34&#8243; parallax_scroll=&#8221;no&#8221; woodmart_sticky_column=&#8221;false&#8221; wd_collapsible_content_switcher=&#8221;no&#8221; wd_column_role_offcanvas_desktop=&#8221;no&#8221; wd_column_role_offcanvas_tablet=&#8221;no&#8221; wd_column_role_offcanvas_mobile=&#8221;no&#8221; wd_column_role_content_desktop=&#8221;no&#8221; wd_column_role_content_tablet=&#8221;no&#8221; wd_column_role_content_mobile=&#8221;no&#8221; mobile_bg_img_hidden=&#8221;no&#8221; tablet_bg_img_hidden=&#8221;no&#8221; woodmart_parallax=&#8221;0&#8243; woodmart_box_shadow=&#8221;no&#8221; responsive_spacing=&#8221;eyJwYXJhbV90eXBlIjoid29vZG1hcnRfcmVzcG9uc2l2ZV9zcGFjaW5nIiwic2VsZWN0b3JfaWQiOiI2MzdiNmYwMzZlZjM0Iiwic2hvcnRjb2RlIjoidmNfY29sdW1uIiwiZGF0YSI6eyJ0YWJsZXQiOnt9LCJtb2JpbGUiOnt9fX0=&#8221; mobile_reset_margin=&#8221;no&#8221; tablet_reset_margin=&#8221;no&#8221; wd_z_index=&#8221;no&#8221;]\n\t\t<div id=\"wd-667ca27edb170\" class=\"title-wrapper wd-wpb wd-set-mb reset-last-child  wd-rs-667ca27edb170 wd-title-color-default wd-title-style-default text-left vc_custom_1719444410298 wd-underline-colored\">\n\t\t\t\n\t\t\t<div class=\"liner-continer\">\n\t\t\t\t<h4 class=\"woodmart-title-container title  wd-font-weight-700 wd-fontsize-l\" >\ud83d\udccc Especifica\u00e7\u00f5es T\u00e9cnicas:<\/h4>\n\t\t\t\t\t\t\t<\/div>\n\t\t\t\n\t\t\t\n\t\t\t\n\t\t<\/div>\n\t\t\n\t\t\t\t<div id=\"wd-67bf296d06396\" class=\"wd-text-block wd-wpb reset-last-child wd-rs-67bf296d06396 text-left vc_custom_1740581247007\">\n\t\t\t<ul>\n<li>Resolu\u00e7\u00e3o DPI: 1000<\/li>\n<li>Alcance: 10m<\/li>\n<li>Tecnologia: Arredondado Confort\u00e1vel Ambidestro<\/li>\n<li>Quantidade de bot\u00f5es: 3<\/li>\n<\/ul>\n<h4>Requisitos do sistema:<\/h4>\n<ul>\n<li>Windows Vista, Windows 7, Windows 8, Windows 10<\/li>\n<li>Mac OS\u00ae X 10.5 ou posterior<\/li>\n<li>Linux\u00ae de kernel 2.6+<\/li>\n<li>Porta USB<\/li>\n<\/ul>\n<h4>Itens inclusos:<\/h4>\n<ul>\n<li>Mouse<\/li>\n<li>Receptor Nano<\/li>\n<li>Uma pilha AA (pr\u00e9-instalada)<\/li>\n<li>Documenta\u00e7\u00e3o do usu\u00e1rio<\/li>\n<\/ul>\n<h4>Garantia:<\/h4>\n<ul>\n<li>3 anos<\/li>\n<\/ul>\n\t\t<\/div>\n\t\t[\/vc_column][\/vc_row]<\/p>\n<\/div>","protected":false},"excerpt":{"rendered":"<p><strong>C\u00f3digo:<\/strong> <a href=\"#\">14501<\/a>\u00a0 \u00a0<strong>|<\/strong>\u00a0 \u00a0<strong>Mais produtos:<\/strong> <a href=\"https:\/\/elektrotec.com.br\/loja\/loja\/?filter_marcas=logitech\">Logitech<\/a> \u00a0<strong>|<\/strong>\u00a0 \u00a0<a href=\"https:\/\/elektrotec.com.br\/loja\/produto\/mouse-sem-fio-logitech-m185-conexao-usb-cinza-1000-dpi\/#codigo-14501\"><strong>Descri\u00e7\u00e3o do produto<\/strong><\/a><\/p>\n","protected":false},"featured_media":3368,"comment_status":"open","ping_status":"closed","template":"","meta":{"pagelayer_contact_templates":[],"_pagelayer_content":"","_mbp_gutenberg_autopost":false},"pwb-brand":[],"product_brand":[],"product_cat":[80,71,106,25],"product_tag":[],"class_list":{"0":"post-3353","1":"product","2":"type-product","3":"status-publish","4":"has-post-thumbnail","6":"product_cat-mouses","7":"product_cat-perifericos","8":"product_cat-teclado-e-mouse","9":"product_cat-tecnologia-e-informatica","10":"product_shipping_class-logistica-quioske","12":"first","13":"instock","14":"shipping-taxable","15":"purchasable","16":"product-type-simple"},"yoast_head":"<!-- This site is optimized with the Yoast SEO plugin v27.2 - https:\/\/yoast.com\/product\/yoast-seo-wordpress\/ -->\n<title>Mouse sem fio Logitech M185 conex\u00e3o USB cinza 1000 DPI<\/title>\n<meta name=\"description\" content=\"Compacto e sem fio, o mouse se adapta facilmente. O M185 \u00e9 projetado para ser igualmente confort\u00e1vel para ambos usu\u00e1rios canhotos e destros.\" \/>\n<meta name=\"robots\" content=\"index, follow, max-snippet:-1, max-image-preview:large, max-video-preview:-1\" \/>\n<link rel=\"canonical\" href=\"https:\/\/elektrotec.com.br\/loja\/produto\/mouse-sem-fio-logitech-m185-conexao-usb-cinza-1000-dpi\/\" \/>\n<meta property=\"og:locale\" content=\"pt_BR\" \/>\n<meta property=\"og:type\" content=\"article\" \/>\n<meta property=\"og:title\" content=\"Mouse sem fio Logitech M185 conex\u00e3o USB cinza 1000 DPI\" \/>\n<meta property=\"og:description\" content=\"Compacto e sem fio, o mouse se adapta facilmente. O M185 \u00e9 projetado para ser igualmente confort\u00e1vel para ambos usu\u00e1rios canhotos e destros.\" \/>\n<meta property=\"og:url\" content=\"https:\/\/elektrotec.com.br\/loja\/produto\/mouse-sem-fio-logitech-m185-conexao-usb-cinza-1000-dpi\/\" \/>\n<meta property=\"og:site_name\" content=\"Elektrotec Store\" \/>\n<meta property=\"article:modified_time\" content=\"2025-04-01T23:33:56+00:00\" \/>\n<meta property=\"og:image\" content=\"https:\/\/elektrotec.com.br\/loja\/wp-content\/uploads\/2024\/11\/1-Mouse-optico-sem-fio-M185-Cinza-Logitech.jpg\" \/>\n\t<meta property=\"og:image:width\" content=\"700\" \/>\n\t<meta property=\"og:image:height\" content=\"800\" \/>\n\t<meta property=\"og:image:type\" content=\"image\/jpeg\" \/>\n<meta name=\"twitter:card\" content=\"summary_large_image\" \/>\n<meta name=\"twitter:label1\" content=\"Est. tempo de leitura\" \/>\n\t<meta name=\"twitter:data1\" content=\"3 minutos\" \/>\n<script type=\"application\/ld+json\" class=\"yoast-schema-graph\">{\"@context\":\"https:\/\/schema.org\",\"@graph\":[{\"@type\":\"WebPage\",\"@id\":\"https:\/\/elektrotec.com.br\/loja\/produto\/mouse-sem-fio-logitech-m185-conexao-usb-cinza-1000-dpi\/\",\"url\":\"https:\/\/elektrotec.com.br\/loja\/produto\/mouse-sem-fio-logitech-m185-conexao-usb-cinza-1000-dpi\/\",\"name\":\"Mouse sem fio Logitech M185 conex\u00e3o USB cinza 1000 DPI\",\"isPartOf\":{\"@id\":\"https:\/\/elektrotec.com.br\/loja\/#website\"},\"primaryImageOfPage\":{\"@id\":\"https:\/\/elektrotec.com.br\/loja\/produto\/mouse-sem-fio-logitech-m185-conexao-usb-cinza-1000-dpi\/#primaryimage\"},\"image\":{\"@id\":\"https:\/\/elektrotec.com.br\/loja\/produto\/mouse-sem-fio-logitech-m185-conexao-usb-cinza-1000-dpi\/#primaryimage\"},\"thumbnailUrl\":\"https:\/\/i0.wp.com\/elektrotec.com.br\/loja\/wp-content\/uploads\/2024\/11\/1-Mouse-optico-sem-fio-M185-Cinza-Logitech.jpg?fit=700%2C800&ssl=1\",\"datePublished\":\"2025-04-01T18:00:23+00:00\",\"dateModified\":\"2025-04-01T23:33:56+00:00\",\"description\":\"Compacto e sem fio, o mouse se adapta facilmente. O M185 \u00e9 projetado para ser igualmente confort\u00e1vel para ambos usu\u00e1rios canhotos e destros.\",\"breadcrumb\":{\"@id\":\"https:\/\/elektrotec.com.br\/loja\/produto\/mouse-sem-fio-logitech-m185-conexao-usb-cinza-1000-dpi\/#breadcrumb\"},\"inLanguage\":\"pt-BR\",\"potentialAction\":[{\"@type\":\"ReadAction\",\"target\":[\"https:\/\/elektrotec.com.br\/loja\/produto\/mouse-sem-fio-logitech-m185-conexao-usb-cinza-1000-dpi\/\"]}]},{\"@type\":\"ImageObject\",\"inLanguage\":\"pt-BR\",\"@id\":\"https:\/\/elektrotec.com.br\/loja\/produto\/mouse-sem-fio-logitech-m185-conexao-usb-cinza-1000-dpi\/#primaryimage\",\"url\":\"https:\/\/i0.wp.com\/elektrotec.com.br\/loja\/wp-content\/uploads\/2024\/11\/1-Mouse-optico-sem-fio-M185-Cinza-Logitech.jpg?fit=700%2C800&ssl=1\",\"contentUrl\":\"https:\/\/i0.wp.com\/elektrotec.com.br\/loja\/wp-content\/uploads\/2024\/11\/1-Mouse-optico-sem-fio-M185-Cinza-Logitech.jpg?fit=700%2C800&ssl=1\",\"width\":700,\"height\":800},{\"@type\":\"BreadcrumbList\",\"@id\":\"https:\/\/elektrotec.com.br\/loja\/produto\/mouse-sem-fio-logitech-m185-conexao-usb-cinza-1000-dpi\/#breadcrumb\",\"itemListElement\":[{\"@type\":\"ListItem\",\"position\":1,\"name\":\"Home\",\"item\":\"https:\/\/elektrotec.com.br\/loja\/\"},{\"@type\":\"ListItem\",\"position\":2,\"name\":\"Ofertas do dia \u26a1\",\"item\":\"https:\/\/elektrotec.com.br\/loja\/loja\/\"},{\"@type\":\"ListItem\",\"position\":3,\"name\":\"Mouse sem fio Logitech M185 conex\u00e3o USB cinza 1000 DPI\"}]},{\"@type\":\"WebSite\",\"@id\":\"https:\/\/elektrotec.com.br\/loja\/#website\",\"url\":\"https:\/\/elektrotec.com.br\/loja\/\",\"name\":\"Elektrotec Store\",\"description\":\"Solu\u00e7\u00f5es em Energia e Automa\u00e7\u00e3o Industrial\",\"publisher\":{\"@id\":\"https:\/\/elektrotec.com.br\/loja\/#organization\"},\"potentialAction\":[{\"@type\":\"SearchAction\",\"target\":{\"@type\":\"EntryPoint\",\"urlTemplate\":\"https:\/\/elektrotec.com.br\/loja\/?s={search_term_string}\"},\"query-input\":{\"@type\":\"PropertyValueSpecification\",\"valueRequired\":true,\"valueName\":\"search_term_string\"}}],\"inLanguage\":\"pt-BR\"},{\"@type\":\"Organization\",\"@id\":\"https:\/\/elektrotec.com.br\/loja\/#organization\",\"name\":\"Elektrotec\",\"url\":\"https:\/\/elektrotec.com.br\/loja\/\",\"logo\":{\"@type\":\"ImageObject\",\"inLanguage\":\"pt-BR\",\"@id\":\"https:\/\/elektrotec.com.br\/loja\/#\/schema\/logo\/image\/\",\"url\":\"https:\/\/i0.wp.com\/elektrotec.com.br\/loja\/wp-content\/uploads\/2025\/05\/Logo-site-Elektrotec-Energy-1.webp?fit=270%2C70&ssl=1\",\"contentUrl\":\"https:\/\/i0.wp.com\/elektrotec.com.br\/loja\/wp-content\/uploads\/2025\/05\/Logo-site-Elektrotec-Energy-1.webp?fit=270%2C70&ssl=1\",\"width\":270,\"height\":70,\"caption\":\"Elektrotec\"},\"image\":{\"@id\":\"https:\/\/elektrotec.com.br\/loja\/#\/schema\/logo\/image\/\"}}]}<\/script>\n<!-- \/ Yoast SEO plugin. -->","yoast_head_json":{"title":"Mouse sem fio Logitech M185 conex\u00e3o USB cinza 1000 DPI","description":"Compacto e sem fio, o mouse se adapta facilmente. O M185 \u00e9 projetado para ser igualmente confort\u00e1vel para ambos usu\u00e1rios canhotos e destros.","robots":{"index":"index","follow":"follow","max-snippet":"max-snippet:-1","max-image-preview":"max-image-preview:large","max-video-preview":"max-video-preview:-1"},"canonical":"https:\/\/elektrotec.com.br\/loja\/produto\/mouse-sem-fio-logitech-m185-conexao-usb-cinza-1000-dpi\/","og_locale":"pt_BR","og_type":"article","og_title":"Mouse sem fio Logitech M185 conex\u00e3o USB cinza 1000 DPI","og_description":"Compacto e sem fio, o mouse se adapta facilmente. O M185 \u00e9 projetado para ser igualmente confort\u00e1vel para ambos usu\u00e1rios canhotos e destros.","og_url":"https:\/\/elektrotec.com.br\/loja\/produto\/mouse-sem-fio-logitech-m185-conexao-usb-cinza-1000-dpi\/","og_site_name":"Elektrotec Store","article_modified_time":"2025-04-01T23:33:56+00:00","og_image":[{"width":700,"height":800,"url":"https:\/\/elektrotec.com.br\/loja\/wp-content\/uploads\/2024\/11\/1-Mouse-optico-sem-fio-M185-Cinza-Logitech.jpg","type":"image\/jpeg"}],"twitter_card":"summary_large_image","twitter_misc":{"Est. tempo de leitura":"3 minutos"},"schema":{"@context":"https:\/\/schema.org","@graph":[{"@type":"WebPage","@id":"https:\/\/elektrotec.com.br\/loja\/produto\/mouse-sem-fio-logitech-m185-conexao-usb-cinza-1000-dpi\/","url":"https:\/\/elektrotec.com.br\/loja\/produto\/mouse-sem-fio-logitech-m185-conexao-usb-cinza-1000-dpi\/","name":"Mouse sem fio Logitech M185 conex\u00e3o USB cinza 1000 DPI","isPartOf":{"@id":"https:\/\/elektrotec.com.br\/loja\/#website"},"primaryImageOfPage":{"@id":"https:\/\/elektrotec.com.br\/loja\/produto\/mouse-sem-fio-logitech-m185-conexao-usb-cinza-1000-dpi\/#primaryimage"},"image":{"@id":"https:\/\/elektrotec.com.br\/loja\/produto\/mouse-sem-fio-logitech-m185-conexao-usb-cinza-1000-dpi\/#primaryimage"},"thumbnailUrl":"https:\/\/i0.wp.com\/elektrotec.com.br\/loja\/wp-content\/uploads\/2024\/11\/1-Mouse-optico-sem-fio-M185-Cinza-Logitech.jpg?fit=700%2C800&ssl=1","datePublished":"2025-04-01T18:00:23+00:00","dateModified":"2025-04-01T23:33:56+00:00","description":"Compacto e sem fio, o mouse se adapta facilmente. O M185 \u00e9 projetado para ser igualmente confort\u00e1vel para ambos usu\u00e1rios canhotos e destros.","breadcrumb":{"@id":"https:\/\/elektrotec.com.br\/loja\/produto\/mouse-sem-fio-logitech-m185-conexao-usb-cinza-1000-dpi\/#breadcrumb"},"inLanguage":"pt-BR","potentialAction":[{"@type":"ReadAction","target":["https:\/\/elektrotec.com.br\/loja\/produto\/mouse-sem-fio-logitech-m185-conexao-usb-cinza-1000-dpi\/"]}]},{"@type":"ImageObject","inLanguage":"pt-BR","@id":"https:\/\/elektrotec.com.br\/loja\/produto\/mouse-sem-fio-logitech-m185-conexao-usb-cinza-1000-dpi\/#primaryimage","url":"https:\/\/i0.wp.com\/elektrotec.com.br\/loja\/wp-content\/uploads\/2024\/11\/1-Mouse-optico-sem-fio-M185-Cinza-Logitech.jpg?fit=700%2C800&ssl=1","contentUrl":"https:\/\/i0.wp.com\/elektrotec.com.br\/loja\/wp-content\/uploads\/2024\/11\/1-Mouse-optico-sem-fio-M185-Cinza-Logitech.jpg?fit=700%2C800&ssl=1","width":700,"height":800},{"@type":"BreadcrumbList","@id":"https:\/\/elektrotec.com.br\/loja\/produto\/mouse-sem-fio-logitech-m185-conexao-usb-cinza-1000-dpi\/#breadcrumb","itemListElement":[{"@type":"ListItem","position":1,"name":"Home","item":"https:\/\/elektrotec.com.br\/loja\/"},{"@type":"ListItem","position":2,"name":"Ofertas do dia \u26a1","item":"https:\/\/elektrotec.com.br\/loja\/loja\/"},{"@type":"ListItem","position":3,"name":"Mouse sem fio Logitech M185 conex\u00e3o USB cinza 1000 DPI"}]},{"@type":"WebSite","@id":"https:\/\/elektrotec.com.br\/loja\/#website","url":"https:\/\/elektrotec.com.br\/loja\/","name":"Elektrotec Store","description":"Solu\u00e7\u00f5es em Energia e Automa\u00e7\u00e3o Industrial","publisher":{"@id":"https:\/\/elektrotec.com.br\/loja\/#organization"},"potentialAction":[{"@type":"SearchAction","target":{"@type":"EntryPoint","urlTemplate":"https:\/\/elektrotec.com.br\/loja\/?s={search_term_string}"},"query-input":{"@type":"PropertyValueSpecification","valueRequired":true,"valueName":"search_term_string"}}],"inLanguage":"pt-BR"},{"@type":"Organization","@id":"https:\/\/elektrotec.com.br\/loja\/#organization","name":"Elektrotec","url":"https:\/\/elektrotec.com.br\/loja\/","logo":{"@type":"ImageObject","inLanguage":"pt-BR","@id":"https:\/\/elektrotec.com.br\/loja\/#\/schema\/logo\/image\/","url":"https:\/\/i0.wp.com\/elektrotec.com.br\/loja\/wp-content\/uploads\/2025\/05\/Logo-site-Elektrotec-Energy-1.webp?fit=270%2C70&ssl=1","contentUrl":"https:\/\/i0.wp.com\/elektrotec.com.br\/loja\/wp-content\/uploads\/2025\/05\/Logo-site-Elektrotec-Energy-1.webp?fit=270%2C70&ssl=1","width":270,"height":70,"caption":"Elektrotec"},"image":{"@id":"https:\/\/elektrotec.com.br\/loja\/#\/schema\/logo\/image\/"}}]}},"jetpack_sharing_enabled":true,"brands":[],"_links":{"self":[{"href":"https:\/\/elektrotec.com.br\/loja\/wp-json\/wp\/v2\/product\/3353","targetHints":{"allow":["GET"]}}],"collection":[{"href":"https:\/\/elektrotec.com.br\/loja\/wp-json\/wp\/v2\/product"}],"about":[{"href":"https:\/\/elektrotec.com.br\/loja\/wp-json\/wp\/v2\/types\/product"}],"replies":[{"embeddable":true,"href":"https:\/\/elektrotec.com.br\/loja\/wp-json\/wp\/v2\/comments?post=3353"}],"wp:featuredmedia":[{"embeddable":true,"href":"https:\/\/elektrotec.com.br\/loja\/wp-json\/wp\/v2\/media\/3368"}],"wp:attachment":[{"href":"https:\/\/elektrotec.com.br\/loja\/wp-json\/wp\/v2\/media?parent=3353"}],"wp:term":[{"taxonomy":"pwb-brand","embeddable":true,"href":"https:\/\/elektrotec.com.br\/loja\/wp-json\/wp\/v2\/pwb-brand?post=3353"},{"taxonomy":"product_brand","embeddable":true,"href":"https:\/\/elektrotec.com.br\/loja\/wp-json\/wp\/v2\/product_brand?post=3353"},{"taxonomy":"product_cat","embeddable":true,"href":"https:\/\/elektrotec.com.br\/loja\/wp-json\/wp\/v2\/product_cat?post=3353"},{"taxonomy":"product_tag","embeddable":true,"href":"https:\/\/elektrotec.com.br\/loja\/wp-json\/wp\/v2\/product_tag?post=3353"}],"curies":[{"name":"wp","href":"https:\/\/api.w.org\/{rel}","templated":true}]}}