{"id":3351,"date":"2025-04-01T10:00:08","date_gmt":"2025-04-01T13:00:08","guid":{"rendered":"https:\/\/quioske.com.br\/?post_type=product&#038;p=3351"},"modified":"2025-04-01T22:22:20","modified_gmt":"2025-04-02T01:22:20","slug":"notebook-acer-a315-510p-320b-intel-core-i3-n305-8gb-ddr5-ssd-256gb-156-hd-linux","status":"publish","type":"product","link":"https:\/\/elektrotec.com.br\/loja\/produto\/notebook-acer-a315-510p-320b-intel-core-i3-n305-8gb-ddr5-ssd-256gb-156-hd-linux\/","title":{"rendered":"Notebook Acer A315-510P-320B Intel Core I3 N305 8GB DDR5 SSD 256GB 15,6 HD Linux"},"content":{"rendered":"<div class=\"wpb-content-wrapper\"><p>[vc_row woodmart_css_id=&#8221;6737f682e504c&#8221; responsive_spacing=&#8221;eyJwYXJhbV90eXBlIjoid29vZG1hcnRfcmVzcG9uc2l2ZV9zcGFjaW5nIiwic2VsZWN0b3JfaWQiOiI2NzM3ZjY4MmU1MDRjIiwic2hvcnRjb2RlIjoidmNfcm93IiwiZGF0YSI6eyJ0YWJsZXQiOnt9LCJtb2JpbGUiOnt9fX0=&#8221; mobile_bg_img_hidden=&#8221;no&#8221; tablet_bg_img_hidden=&#8221;no&#8221; woodmart_parallax=&#8221;0&#8243; woodmart_gradient_switch=&#8221;no&#8221; woodmart_box_shadow=&#8221;no&#8221; wd_z_index=&#8221;no&#8221; woodmart_disable_overflow=&#8221;0&#8243; row_reverse_mobile=&#8221;0&#8243; row_reverse_tablet=&#8221;0&#8243; el_id=&#8221;codigo-73650&#8243;][vc_column css=&#8221;.vc_custom_1666272391679{padding-top: 0px !important;}&#8221; woodmart_css_id=&#8221;63514c8260958&#8243; parallax_scroll=&#8221;no&#8221; woodmart_sticky_column=&#8221;false&#8221; wd_collapsible_content_switcher=&#8221;no&#8221; wd_column_role_offcanvas_desktop=&#8221;no&#8221; wd_column_role_offcanvas_tablet=&#8221;no&#8221; wd_column_role_offcanvas_mobile=&#8221;no&#8221; wd_column_role_content_desktop=&#8221;no&#8221; wd_column_role_content_tablet=&#8221;no&#8221; wd_column_role_content_mobile=&#8221;no&#8221; mobile_bg_img_hidden=&#8221;no&#8221; tablet_bg_img_hidden=&#8221;no&#8221; woodmart_parallax=&#8221;0&#8243; woodmart_box_shadow=&#8221;no&#8221; responsive_spacing=&#8221;eyJwYXJhbV90eXBlIjoid29vZG1hcnRfcmVzcG9uc2l2ZV9zcGFjaW5nIiwic2VsZWN0b3JfaWQiOiI2MzUxNGM4MjYwOTU4Iiwic2hvcnRjb2RlIjoidmNfY29sdW1uIiwiZGF0YSI6eyJ0YWJsZXQiOnt9LCJtb2JpbGUiOnt9fX0=&#8221; mobile_reset_margin=&#8221;no&#8221; tablet_reset_margin=&#8221;no&#8221; wd_z_index=&#8221;no&#8221;]\t\t<div id=\"wd-6743c83792b8a\" class=\"wd-text-block wd-wpb reset-last-child wd-rs-6743c83792b8a text-center vc_custom_1732491847261\">\n\t\t\t<p><img data-recalc-dims=\"1\" loading=\"lazy\" decoding=\"async\" class=\"aligncenter wp-image-3465 size-full\" src=\"https:\/\/i0.wp.com\/elektrotec.com.br\/loja\/wp-content\/uploads\/2024\/11\/Acer-A315.png?resize=1496%2C10460&#038;ssl=1\" alt=\"\" width=\"1496\" height=\"10460\" srcset=\"https:\/\/i0.wp.com\/elektrotec.com.br\/loja\/wp-content\/uploads\/2024\/11\/Acer-A315.png?w=1496&amp;ssl=1 1496w, https:\/\/i0.wp.com\/elektrotec.com.br\/loja\/wp-content\/uploads\/2024\/11\/Acer-A315.png?resize=43%2C300&amp;ssl=1 43w, https:\/\/i0.wp.com\/elektrotec.com.br\/loja\/wp-content\/uploads\/2024\/11\/Acer-A315.png?resize=768%2C5370&amp;ssl=1 768w, https:\/\/i0.wp.com\/elektrotec.com.br\/loja\/wp-content\/uploads\/2024\/11\/Acer-A315.png?resize=293%2C2048&amp;ssl=1 293w\" sizes=\"auto, (max-width: 1000px) 100vw, 1000px\" \/><\/p>\n\t\t<\/div>\n\t\t[\/vc_column][\/vc_row][vc_row][vc_column woodmart_css_id=&#8221;667c81fba6236&#8243; parallax_scroll=&#8221;no&#8221; woodmart_sticky_column=&#8221;false&#8221; wd_collapsible_content_switcher=&#8221;no&#8221; wd_column_role_offcanvas_desktop=&#8221;no&#8221; wd_column_role_offcanvas_tablet=&#8221;no&#8221; wd_column_role_offcanvas_mobile=&#8221;no&#8221; wd_column_role_content_desktop=&#8221;no&#8221; wd_column_role_content_tablet=&#8221;no&#8221; wd_column_role_content_mobile=&#8221;no&#8221; mobile_bg_img_hidden=&#8221;no&#8221; tablet_bg_img_hidden=&#8221;no&#8221; woodmart_parallax=&#8221;0&#8243; woodmart_box_shadow=&#8221;no&#8221; responsive_spacing=&#8221;eyJwYXJhbV90eXBlIjoid29vZG1hcnRfcmVzcG9uc2l2ZV9zcGFjaW5nIiwic2VsZWN0b3JfaWQiOiI2NjdjODFmYmE2MjM2Iiwic2hvcnRjb2RlIjoidmNfY29sdW1uIiwiZGF0YSI6eyJ0YWJsZXQiOnt9LCJtb2JpbGUiOnt9fX0=&#8221; mobile_reset_margin=&#8221;no&#8221; tablet_reset_margin=&#8221;no&#8221; wd_z_index=&#8221;no&#8221; css=&#8221;.vc_custom_1719435784581{margin-top: -60px !important;}&#8221;][vc_separator border_width=&#8221;3&#8243; css=&#8221;.vc_custom_1731708518955{margin-top: 50px !important;margin-bottom: 50px !important;}&#8221; wd_hide_on_desktop=&#8221;no&#8221; wd_hide_on_tablet=&#8221;no&#8221; wd_hide_on_mobile=&#8221;no&#8221;][\/vc_column][\/vc_row][vc_row woodmart_css_id=&#8221;6351519a61682&#8243; responsive_spacing=&#8221;eyJwYXJhbV90eXBlIjoid29vZG1hcnRfcmVzcG9uc2l2ZV9zcGFjaW5nIiwic2VsZWN0b3JfaWQiOiI2MzUxNTE5YTYxNjgyIiwic2hvcnRjb2RlIjoidmNfcm93IiwiZGF0YSI6eyJ0YWJsZXQiOnt9LCJtb2JpbGUiOnt9fX0=&#8221; mobile_bg_img_hidden=&#8221;no&#8221; tablet_bg_img_hidden=&#8221;no&#8221; woodmart_parallax=&#8221;0&#8243; woodmart_gradient_switch=&#8221;no&#8221; woodmart_box_shadow=&#8221;no&#8221; wd_z_index=&#8221;no&#8221; woodmart_disable_overflow=&#8221;0&#8243; row_reverse_mobile=&#8221;0&#8243; row_reverse_tablet=&#8221;0&#8243;][vc_column css=&#8221;.vc_custom_1669033735057{padding-top: 0px !important;}&#8221; woodmart_css_id=&#8221;637b6f036ef34&#8243; parallax_scroll=&#8221;no&#8221; woodmart_sticky_column=&#8221;false&#8221; wd_collapsible_content_switcher=&#8221;no&#8221; wd_column_role_offcanvas_desktop=&#8221;no&#8221; wd_column_role_offcanvas_tablet=&#8221;no&#8221; wd_column_role_offcanvas_mobile=&#8221;no&#8221; wd_column_role_content_desktop=&#8221;no&#8221; wd_column_role_content_tablet=&#8221;no&#8221; wd_column_role_content_mobile=&#8221;no&#8221; mobile_bg_img_hidden=&#8221;no&#8221; tablet_bg_img_hidden=&#8221;no&#8221; woodmart_parallax=&#8221;0&#8243; woodmart_box_shadow=&#8221;no&#8221; responsive_spacing=&#8221;eyJwYXJhbV90eXBlIjoid29vZG1hcnRfcmVzcG9uc2l2ZV9zcGFjaW5nIiwic2VsZWN0b3JfaWQiOiI2MzdiNmYwMzZlZjM0Iiwic2hvcnRjb2RlIjoidmNfY29sdW1uIiwiZGF0YSI6eyJ0YWJsZXQiOnt9LCJtb2JpbGUiOnt9fX0=&#8221; mobile_reset_margin=&#8221;no&#8221; tablet_reset_margin=&#8221;no&#8221; wd_z_index=&#8221;no&#8221;]\n\t\t<div id=\"wd-667ca27edb170\" class=\"title-wrapper wd-wpb wd-set-mb reset-last-child  wd-rs-667ca27edb170 wd-title-color-default wd-title-style-default text-left vc_custom_1719444410298 wd-underline-colored\">\n\t\t\t\n\t\t\t<div class=\"liner-continer\">\n\t\t\t\t<h4 class=\"woodmart-title-container title  wd-font-weight-700 wd-fontsize-l\" >\ud83d\udccc Especifica\u00e7\u00f5es T\u00e9cnicas:<\/h4>\n\t\t\t\t\t\t\t<\/div>\n\t\t\t\n\t\t\t\n\t\t\t\n\t\t<\/div>\n\t\t\n\t\t\t\t<div id=\"wd-6737e42b19907\" class=\"wd-text-block wd-wpb reset-last-child wd-rs-6737e42b19907 text-left vc_custom_1731716929749\">\n\t\t\t<h4><strong>Caracter\u00edsticas:<\/strong><\/h4>\n<div class=\"sc-7e0ca514-1 GiPKU\">\n<ul>\n<li><strong>Caracteristicas externas<\/strong><br \/>\n1. Webcam<br \/>\n2. Tela de 15.6&#8243;<br \/>\n3. Entrada para fonte de alimenta\u00e7\u00e3o<br \/>\n4. Porta USB Tipo-C\u00ae 3.2 Gen 2 (10 Gbps)<br \/>\n5. Porta HDMI\u00ae2.1<br \/>\n6. Porta USB 3.2 Gen 2 (10 Gbps)<br \/>\n7. Teclado<br \/>\n8. Touchpad<br \/>\n9. Tecla liga e desliga<br \/>\n10. Entrada padr\u00e3o combo para alto falante e microfone<br \/>\n11. Porta USB 3.2 Gen 1 (5 Gbps)<br \/>\n12. Trava Kensington<\/li>\n<li><strong>Sistema Operacional<\/strong><br \/>\nWindows 11 Home 64-bits<\/li>\n<li><strong>CPU<\/strong><br \/>\nIntel\u00ae Core\u2122 i3\u2013 N305 S\u00e9rie N<br \/>\n8 n\u00facleos<br \/>\n8 threads<br \/>\nFrequ\u00eancia: at\u00e9 3.80 GHz<br \/>\n6 MB Intel\u00ae Smart Cache<br \/>\nPara maiores informa\u00e7\u00f5es consultar o fabricante<br \/>\nMem\u00f3ria<br \/>\n8 GB RAM LPDDR5 de at\u00e9 4800 MHz (mem\u00f3ria soldada na placa m\u00e3e n\u00e3o expans\u00edvel)<\/li>\n<li><strong>Tela<\/strong><br \/>\n15.6\u201d LED com design ultrafino<br \/>\nPainel: TN<br \/>\nResolu\u00e7\u00e3o: Full HD (1920 x 1080)<br \/>\nPropor\u00e7\u00e3o 16:9<br \/>\nTaxa de atualiza\u00e7\u00e3o: 60 Hz<br \/>\nBrilho: 220 nits<br \/>\nTempo de resposta: 8 a aproximadamente ~ 11ms<br \/>\nContraste: 400:1<br \/>\nEspa\u00e7o de cor (color gamut): 45% NTSC<br \/>\nTecnologia Anti reflexo Acer ComfyViewTM<br \/>\nGr\u00e1ficos<br \/>\nUHD para processadores Intel\u00ae com mem\u00f3ria compartilhada com a mem\u00f3ria RAM.<\/li>\n<li><strong>\u00c1udio<\/strong><br \/>\nAlto-falantes duplos est\u00e9reo<br \/>\nTecnologia AcerTrueHarmony<br \/>\nMicrofone duplo<br \/>\nTecnologia Acer Purified Voice<br \/>\nCompativel com Cortana voz<\/li>\n<li><strong>Armazenamento e slot**<\/strong><br \/>\n256 GB SSD NVMe PCIe 4.0 x4 M.2 2280<br \/>\n**Slot dedicado ocupado M.2 2280, compat\u00edvel com barramento PCIe 3.0 x4 NVMe de at\u00e9 1 TB. (N\u00e3o acompanha o produto)<\/li>\n<li><strong>Webcam<\/strong><br \/>\nWebcam com resolu\u00e7\u00e3o HD (1280 x 720) e grava\u00e7\u00e3o de \u00e1udio e v\u00eddeo em 720p a 30 FPS com tecnologia temporal noise reduction (TNR)<\/li>\n<li><strong>Wireless<\/strong><br \/>\nWireless \/ Wi-Fi rede sem fio:<br \/>\n802.11 a\/b\/g\/n\/ac + ax wireless<br \/>\nDual band (2.4 GHz e 5 GHz)<br \/>\nSuporte ao Wi-Fi 6<br \/>\nCom tecnologia MU-MIMO 1&#215;1<br \/>\nSuporte ao Bluetooth\u00ae 5.2<\/li>\n<li><strong>Controle<\/strong><br \/>\nSenha para BIOS, HDD e solu\u00e7\u00e3o TPM em Firmware (fTPM)<\/li>\n<li><strong>Seguran\u00e7a<\/strong><br \/>\nTrava Kensington<\/li>\n<li><strong>Dimens\u00e3o e peso*<\/strong><br \/>\nSem Caixa:<br \/>\n362.9 (L) x 237.5 (P) x 18.9 (A) mm<br \/>\n1.78 kg<br \/>\n*Com caixa (Aproximadamente~):<br \/>\n480 (L) x 310 (P) x 63 (A) mm<br \/>\n2.61 kg<\/li>\n<li><strong>Alimenta\u00e7\u00e3o e bateria<\/strong><br \/>\nFonte de alimenta\u00e7\u00e3o: Adaptador AC Bivolt de 3 pinos (45W) com cabo e certifica\u00e7\u00e3o do INMETRO<br \/>\nBateria: Bateria de 3 c\u00e9lulas (li-\u00edon) 40Wh<br \/>\nAutonomia de at\u00e9 10 horas (dependendo das condi\u00e7\u00f5es de uso)<\/li>\n<li><strong>Teclado e touchpad<\/strong><br \/>\nTeclado: Membrana em portugu\u00eas do Brasil padr\u00e3o (ABNT 2)<br \/>\nTeclado numerico Independente<br \/>\nTouchpad: Multi gestual com dois bot\u00f5es<br \/>\nResistente a umidade<br \/>\nCertifica\u00e7\u00e3o Microsoft Precision Touchpad<\/li>\n<li><strong>Observa\u00e7\u00f5es do produto<\/strong><br \/>\nEste produto n\u00e3o possu\u00ed leitor de CD\/DVD<br \/>\nEste produto n\u00e3o possui entrada para cabo de internet RJ-45<br \/>\nN\u00e3o \u00e9 poss\u00edvel realizar upgrades de GPU, CPU e mem\u00f3rias RAM pois s\u00e3o soldados na placa m\u00e3e<br \/>\nConte\u00fado da embalagem<br \/>\nNotebook Acer Aspire 3<br \/>\nFonte de alimenta\u00e7\u00e3o do notebook<br \/>\nManual em portugu\u00eas<br \/>\nTermo de garantia<\/li>\n<li><strong>Garantia<\/strong><br \/>\n1 Ano<\/li>\n<li><strong>Cor<\/strong><br \/>\nPrata<\/li>\n<li><strong>C\u00f3digo ANATEL<\/strong><br \/>\n043522104423 (Referente ao m\u00f3dulo de Wi-Fi)<\/li>\n<li><strong>PN<\/strong><br \/>\nNX.KMDAL.001<\/li>\n<li><strong>NCM<\/strong><br \/>\n8471.30.19<\/li>\n<li><strong>UPC<\/strong><br \/>\n195133181846<\/li>\n<li><strong>EAN<\/strong><br \/>\n4711121473586<\/li>\n<li>1. As especifica\u00e7\u00f5es variam dependendo do modelo.<br \/>\n2. O software de 64 bits \u00e9 necess\u00e1rio para aproveitar as vantagens do processamento de 64 bits.<br \/>\n3. A mem\u00f3ria do sistema compartilhada pode ser alocada para suportar gr\u00e1ficos, dependendo do tamanho da mem\u00f3ria do sistema e outros fatores. A mem\u00f3ria real do sistema dispon\u00edvel para o sistema operacional ser\u00e1 reduzida por qualquer mem\u00f3ria usada pela solu\u00e7\u00e3o gr\u00e1fica e pelos recursos exigidos pelo ambiente operacional.<br \/>\n4. A velocidade da mem\u00f3ria pode variar, dependendo da CPU, chipset ou mem\u00f3ria instalada.<br \/>\n5. \u00c9 necess\u00e1rio um sistema operacional de 64 bits para aproveitar o desempenho final de 4 GB ou mais de mem\u00f3ria.<br \/>\n6. Todas as marcas e nomes de produtos mencionados aqui incluem marcas registradas de suas respectivas empresas e s\u00e3o usados exclusivamente para descrever ou identificar os produtos.<br \/>\n7. 1 GB \u00e9 1 bilh\u00e3o de bytes, 1 TB \u00e9 1000 GB. A capacidade formatada real \u00e9 menor e pode variar dependendo dos materiais pr\u00e9-carregados e do ambiente operacional.<br \/>\nO Acer Recovery Management usa uma parte da capacidade do disco r\u00edgido declarada como espa\u00e7o de backup dedicado.<br \/>\n8. Pequenas varia\u00e7\u00f5es nas dimens\u00f5es do sistema s\u00e3o poss\u00edveis devido ao processo de fabrica\u00e7\u00e3o.<br \/>\n9. O peso pode variar dependendo da configura\u00e7\u00e3o do produto, componentes do fornecedor,<br \/>\nvariabilidade de fabrica\u00e7\u00e3o e op\u00e7\u00f5es selecionadas.<br \/>\n10. A vida \u00fatil da bateria listada \u00e9 baseada no teste do modo de produtividade MobileMark 2014\u00ae com wireless ativado. Os detalhes dos testes MobileMark 2014\u00ae est\u00e3o dispon\u00edveis em www.bapco.com.<br \/>\nA avalia\u00e7\u00e3o da vida \u00fatil da bateria \u00e9 apenas para fins de compara\u00e7\u00e3o. A vida \u00fatil real da bateria varia de acordo com o modelo, configura\u00e7\u00e3o, aplicativo, configura\u00e7\u00f5es de gerenciamento de energia, condi\u00e7\u00f5es operacionais e recursos usados. A capacidade m\u00e1xima da bateria diminui com o tempo e uso.<br \/>\n11. O software inclu\u00eddo pode variar dependendo da configura\u00e7\u00e3o do hardware, sistema operacional e disponibilidade regional.<\/li>\n<\/ul>\n<\/div>\n\t\t<\/div>\n\t\t[\/vc_column][\/vc_row]<\/p>\n<\/div>","protected":false},"excerpt":{"rendered":"<p><strong>C\u00f3digo:<\/strong> <span style=\"color: #2a2a2a;\">77812<\/span>\u00a0 \u00a0<strong>|<\/strong>\u00a0 \u00a0<strong>Mais produtos: <\/strong><a href=\"https:\/\/elektrotec.com.br\/loja\/loja\/?filter_marcas=acer\">Acer<\/a>\u00a0 \u00a0<strong>|<\/strong>\u00a0 \u00a0<a href=\"https:\/\/elektrotec.com.br\/loja\/produto\/notebook-acer-n305-a315-510p-34xc-intel-core-i3-8gb-ddr5-ssd-256gb-156-hd-windows-11-home\/#codigo-73650\"><strong>Descri\u00e7\u00e3o do produto<\/strong><\/a><\/p>\n","protected":false},"featured_media":2288,"comment_status":"open","ping_status":"closed","template":"","meta":{"pagelayer_contact_templates":[],"_pagelayer_content":"","_mbp_gutenberg_autopost":false},"pwb-brand":[],"product_brand":[],"product_cat":[62,56,25],"product_tag":[],"class_list":{"0":"post-3351","1":"product","2":"type-product","3":"status-publish","4":"has-post-thumbnail","6":"product_cat-notebook-intel","7":"product_cat-notebooks","8":"product_cat-tecnologia-e-informatica","9":"product_shipping_class-logistica-quioske","11":"first","12":"instock","13":"featured","14":"shipping-taxable","15":"purchasable","16":"product-type-simple"},"yoast_head":"<!-- This site is optimized with the Yoast SEO plugin v27.2 - https:\/\/yoast.com\/product\/yoast-seo-wordpress\/ -->\n<title>Notebook Acer A315-510P-320B I3 8GB DDR5 SSD 256GB 15,6<\/title>\n<meta name=\"description\" content=\"Aspire foi desenvolvido para aqueles que querem estudar, trabalhar ou se divertir com facilidade. Independente do seu estilo de vida e da sua fam\u00edlia.\" \/>\n<meta name=\"robots\" content=\"index, follow, max-snippet:-1, max-image-preview:large, max-video-preview:-1\" \/>\n<link rel=\"canonical\" href=\"https:\/\/elektrotec.com.br\/loja\/produto\/notebook-acer-a315-510p-320b-intel-core-i3-n305-8gb-ddr5-ssd-256gb-156-hd-linux\/\" \/>\n<meta property=\"og:locale\" content=\"pt_BR\" \/>\n<meta property=\"og:type\" content=\"article\" \/>\n<meta property=\"og:title\" content=\"Notebook Acer A315-510P-320B I3 8GB DDR5 SSD 256GB 15,6\" \/>\n<meta property=\"og:description\" content=\"Aspire foi desenvolvido para aqueles que querem estudar, trabalhar ou se divertir com facilidade. Independente do seu estilo de vida e da sua fam\u00edlia.\" \/>\n<meta property=\"og:url\" content=\"https:\/\/elektrotec.com.br\/loja\/produto\/notebook-acer-a315-510p-320b-intel-core-i3-n305-8gb-ddr5-ssd-256gb-156-hd-linux\/\" \/>\n<meta property=\"og:site_name\" content=\"Elektrotec Store\" \/>\n<meta property=\"article:modified_time\" content=\"2025-04-02T01:22:20+00:00\" \/>\n<meta property=\"og:image\" content=\"https:\/\/elektrotec.com.br\/loja\/wp-content\/uploads\/2024\/02\/1-Notebook-Acer-A315-510P-34XC-Intel-Core-I3-N305.jpg\" \/>\n\t<meta property=\"og:image:width\" content=\"700\" \/>\n\t<meta property=\"og:image:height\" content=\"800\" \/>\n\t<meta property=\"og:image:type\" content=\"image\/jpeg\" \/>\n<meta name=\"twitter:card\" content=\"summary_large_image\" \/>\n<meta name=\"twitter:label1\" content=\"Est. tempo de leitura\" \/>\n\t<meta name=\"twitter:data1\" content=\"6 minutos\" \/>\n<script type=\"application\/ld+json\" class=\"yoast-schema-graph\">{\"@context\":\"https:\/\/schema.org\",\"@graph\":[{\"@type\":\"WebPage\",\"@id\":\"https:\/\/elektrotec.com.br\/loja\/produto\/notebook-acer-a315-510p-320b-intel-core-i3-n305-8gb-ddr5-ssd-256gb-156-hd-linux\/\",\"url\":\"https:\/\/elektrotec.com.br\/loja\/produto\/notebook-acer-a315-510p-320b-intel-core-i3-n305-8gb-ddr5-ssd-256gb-156-hd-linux\/\",\"name\":\"Notebook Acer A315-510P-320B I3 8GB DDR5 SSD 256GB 15,6\",\"isPartOf\":{\"@id\":\"https:\/\/elektrotec.com.br\/loja\/#website\"},\"primaryImageOfPage\":{\"@id\":\"https:\/\/elektrotec.com.br\/loja\/produto\/notebook-acer-a315-510p-320b-intel-core-i3-n305-8gb-ddr5-ssd-256gb-156-hd-linux\/#primaryimage\"},\"image\":{\"@id\":\"https:\/\/elektrotec.com.br\/loja\/produto\/notebook-acer-a315-510p-320b-intel-core-i3-n305-8gb-ddr5-ssd-256gb-156-hd-linux\/#primaryimage\"},\"thumbnailUrl\":\"https:\/\/i0.wp.com\/elektrotec.com.br\/loja\/wp-content\/uploads\/2024\/02\/1-Notebook-Acer-A315-510P-34XC-Intel-Core-I3-N305.jpg?fit=700%2C800&ssl=1\",\"datePublished\":\"2025-04-01T13:00:08+00:00\",\"dateModified\":\"2025-04-02T01:22:20+00:00\",\"description\":\"Aspire foi desenvolvido para aqueles que querem estudar, trabalhar ou se divertir com facilidade. Independente do seu estilo de vida e da sua fam\u00edlia.\",\"breadcrumb\":{\"@id\":\"https:\/\/elektrotec.com.br\/loja\/produto\/notebook-acer-a315-510p-320b-intel-core-i3-n305-8gb-ddr5-ssd-256gb-156-hd-linux\/#breadcrumb\"},\"inLanguage\":\"pt-BR\",\"potentialAction\":[{\"@type\":\"ReadAction\",\"target\":[\"https:\/\/elektrotec.com.br\/loja\/produto\/notebook-acer-a315-510p-320b-intel-core-i3-n305-8gb-ddr5-ssd-256gb-156-hd-linux\/\"]}]},{\"@type\":\"ImageObject\",\"inLanguage\":\"pt-BR\",\"@id\":\"https:\/\/elektrotec.com.br\/loja\/produto\/notebook-acer-a315-510p-320b-intel-core-i3-n305-8gb-ddr5-ssd-256gb-156-hd-linux\/#primaryimage\",\"url\":\"https:\/\/i0.wp.com\/elektrotec.com.br\/loja\/wp-content\/uploads\/2024\/02\/1-Notebook-Acer-A315-510P-34XC-Intel-Core-I3-N305.jpg?fit=700%2C800&ssl=1\",\"contentUrl\":\"https:\/\/i0.wp.com\/elektrotec.com.br\/loja\/wp-content\/uploads\/2024\/02\/1-Notebook-Acer-A315-510P-34XC-Intel-Core-I3-N305.jpg?fit=700%2C800&ssl=1\",\"width\":700,\"height\":800},{\"@type\":\"BreadcrumbList\",\"@id\":\"https:\/\/elektrotec.com.br\/loja\/produto\/notebook-acer-a315-510p-320b-intel-core-i3-n305-8gb-ddr5-ssd-256gb-156-hd-linux\/#breadcrumb\",\"itemListElement\":[{\"@type\":\"ListItem\",\"position\":1,\"name\":\"Home\",\"item\":\"https:\/\/elektrotec.com.br\/loja\/\"},{\"@type\":\"ListItem\",\"position\":2,\"name\":\"Ofertas do dia \u26a1\",\"item\":\"https:\/\/elektrotec.com.br\/loja\/loja\/\"},{\"@type\":\"ListItem\",\"position\":3,\"name\":\"Notebook Acer A315-510P-320B Intel Core I3 N305 8GB DDR5 SSD 256GB 15,6 HD Linux\"}]},{\"@type\":\"WebSite\",\"@id\":\"https:\/\/elektrotec.com.br\/loja\/#website\",\"url\":\"https:\/\/elektrotec.com.br\/loja\/\",\"name\":\"Elektrotec Store\",\"description\":\"Solu\u00e7\u00f5es em Energia e Automa\u00e7\u00e3o Industrial\",\"publisher\":{\"@id\":\"https:\/\/elektrotec.com.br\/loja\/#organization\"},\"potentialAction\":[{\"@type\":\"SearchAction\",\"target\":{\"@type\":\"EntryPoint\",\"urlTemplate\":\"https:\/\/elektrotec.com.br\/loja\/?s={search_term_string}\"},\"query-input\":{\"@type\":\"PropertyValueSpecification\",\"valueRequired\":true,\"valueName\":\"search_term_string\"}}],\"inLanguage\":\"pt-BR\"},{\"@type\":\"Organization\",\"@id\":\"https:\/\/elektrotec.com.br\/loja\/#organization\",\"name\":\"Elektrotec\",\"url\":\"https:\/\/elektrotec.com.br\/loja\/\",\"logo\":{\"@type\":\"ImageObject\",\"inLanguage\":\"pt-BR\",\"@id\":\"https:\/\/elektrotec.com.br\/loja\/#\/schema\/logo\/image\/\",\"url\":\"https:\/\/i0.wp.com\/elektrotec.com.br\/loja\/wp-content\/uploads\/2025\/05\/Logo-site-Elektrotec-Energy-1.webp?fit=270%2C70&ssl=1\",\"contentUrl\":\"https:\/\/i0.wp.com\/elektrotec.com.br\/loja\/wp-content\/uploads\/2025\/05\/Logo-site-Elektrotec-Energy-1.webp?fit=270%2C70&ssl=1\",\"width\":270,\"height\":70,\"caption\":\"Elektrotec\"},\"image\":{\"@id\":\"https:\/\/elektrotec.com.br\/loja\/#\/schema\/logo\/image\/\"}}]}<\/script>\n<!-- \/ Yoast SEO plugin. -->","yoast_head_json":{"title":"Notebook Acer A315-510P-320B I3 8GB DDR5 SSD 256GB 15,6","description":"Aspire foi desenvolvido para aqueles que querem estudar, trabalhar ou se divertir com facilidade. Independente do seu estilo de vida e da sua fam\u00edlia.","robots":{"index":"index","follow":"follow","max-snippet":"max-snippet:-1","max-image-preview":"max-image-preview:large","max-video-preview":"max-video-preview:-1"},"canonical":"https:\/\/elektrotec.com.br\/loja\/produto\/notebook-acer-a315-510p-320b-intel-core-i3-n305-8gb-ddr5-ssd-256gb-156-hd-linux\/","og_locale":"pt_BR","og_type":"article","og_title":"Notebook Acer A315-510P-320B I3 8GB DDR5 SSD 256GB 15,6","og_description":"Aspire foi desenvolvido para aqueles que querem estudar, trabalhar ou se divertir com facilidade. Independente do seu estilo de vida e da sua fam\u00edlia.","og_url":"https:\/\/elektrotec.com.br\/loja\/produto\/notebook-acer-a315-510p-320b-intel-core-i3-n305-8gb-ddr5-ssd-256gb-156-hd-linux\/","og_site_name":"Elektrotec Store","article_modified_time":"2025-04-02T01:22:20+00:00","og_image":[{"width":700,"height":800,"url":"https:\/\/elektrotec.com.br\/loja\/wp-content\/uploads\/2024\/02\/1-Notebook-Acer-A315-510P-34XC-Intel-Core-I3-N305.jpg","type":"image\/jpeg"}],"twitter_card":"summary_large_image","twitter_misc":{"Est. tempo de leitura":"6 minutos"},"schema":{"@context":"https:\/\/schema.org","@graph":[{"@type":"WebPage","@id":"https:\/\/elektrotec.com.br\/loja\/produto\/notebook-acer-a315-510p-320b-intel-core-i3-n305-8gb-ddr5-ssd-256gb-156-hd-linux\/","url":"https:\/\/elektrotec.com.br\/loja\/produto\/notebook-acer-a315-510p-320b-intel-core-i3-n305-8gb-ddr5-ssd-256gb-156-hd-linux\/","name":"Notebook Acer A315-510P-320B I3 8GB DDR5 SSD 256GB 15,6","isPartOf":{"@id":"https:\/\/elektrotec.com.br\/loja\/#website"},"primaryImageOfPage":{"@id":"https:\/\/elektrotec.com.br\/loja\/produto\/notebook-acer-a315-510p-320b-intel-core-i3-n305-8gb-ddr5-ssd-256gb-156-hd-linux\/#primaryimage"},"image":{"@id":"https:\/\/elektrotec.com.br\/loja\/produto\/notebook-acer-a315-510p-320b-intel-core-i3-n305-8gb-ddr5-ssd-256gb-156-hd-linux\/#primaryimage"},"thumbnailUrl":"https:\/\/i0.wp.com\/elektrotec.com.br\/loja\/wp-content\/uploads\/2024\/02\/1-Notebook-Acer-A315-510P-34XC-Intel-Core-I3-N305.jpg?fit=700%2C800&ssl=1","datePublished":"2025-04-01T13:00:08+00:00","dateModified":"2025-04-02T01:22:20+00:00","description":"Aspire foi desenvolvido para aqueles que querem estudar, trabalhar ou se divertir com facilidade. Independente do seu estilo de vida e da sua fam\u00edlia.","breadcrumb":{"@id":"https:\/\/elektrotec.com.br\/loja\/produto\/notebook-acer-a315-510p-320b-intel-core-i3-n305-8gb-ddr5-ssd-256gb-156-hd-linux\/#breadcrumb"},"inLanguage":"pt-BR","potentialAction":[{"@type":"ReadAction","target":["https:\/\/elektrotec.com.br\/loja\/produto\/notebook-acer-a315-510p-320b-intel-core-i3-n305-8gb-ddr5-ssd-256gb-156-hd-linux\/"]}]},{"@type":"ImageObject","inLanguage":"pt-BR","@id":"https:\/\/elektrotec.com.br\/loja\/produto\/notebook-acer-a315-510p-320b-intel-core-i3-n305-8gb-ddr5-ssd-256gb-156-hd-linux\/#primaryimage","url":"https:\/\/i0.wp.com\/elektrotec.com.br\/loja\/wp-content\/uploads\/2024\/02\/1-Notebook-Acer-A315-510P-34XC-Intel-Core-I3-N305.jpg?fit=700%2C800&ssl=1","contentUrl":"https:\/\/i0.wp.com\/elektrotec.com.br\/loja\/wp-content\/uploads\/2024\/02\/1-Notebook-Acer-A315-510P-34XC-Intel-Core-I3-N305.jpg?fit=700%2C800&ssl=1","width":700,"height":800},{"@type":"BreadcrumbList","@id":"https:\/\/elektrotec.com.br\/loja\/produto\/notebook-acer-a315-510p-320b-intel-core-i3-n305-8gb-ddr5-ssd-256gb-156-hd-linux\/#breadcrumb","itemListElement":[{"@type":"ListItem","position":1,"name":"Home","item":"https:\/\/elektrotec.com.br\/loja\/"},{"@type":"ListItem","position":2,"name":"Ofertas do dia \u26a1","item":"https:\/\/elektrotec.com.br\/loja\/loja\/"},{"@type":"ListItem","position":3,"name":"Notebook Acer A315-510P-320B Intel Core I3 N305 8GB DDR5 SSD 256GB 15,6 HD Linux"}]},{"@type":"WebSite","@id":"https:\/\/elektrotec.com.br\/loja\/#website","url":"https:\/\/elektrotec.com.br\/loja\/","name":"Elektrotec Store","description":"Solu\u00e7\u00f5es em Energia e Automa\u00e7\u00e3o Industrial","publisher":{"@id":"https:\/\/elektrotec.com.br\/loja\/#organization"},"potentialAction":[{"@type":"SearchAction","target":{"@type":"EntryPoint","urlTemplate":"https:\/\/elektrotec.com.br\/loja\/?s={search_term_string}"},"query-input":{"@type":"PropertyValueSpecification","valueRequired":true,"valueName":"search_term_string"}}],"inLanguage":"pt-BR"},{"@type":"Organization","@id":"https:\/\/elektrotec.com.br\/loja\/#organization","name":"Elektrotec","url":"https:\/\/elektrotec.com.br\/loja\/","logo":{"@type":"ImageObject","inLanguage":"pt-BR","@id":"https:\/\/elektrotec.com.br\/loja\/#\/schema\/logo\/image\/","url":"https:\/\/i0.wp.com\/elektrotec.com.br\/loja\/wp-content\/uploads\/2025\/05\/Logo-site-Elektrotec-Energy-1.webp?fit=270%2C70&ssl=1","contentUrl":"https:\/\/i0.wp.com\/elektrotec.com.br\/loja\/wp-content\/uploads\/2025\/05\/Logo-site-Elektrotec-Energy-1.webp?fit=270%2C70&ssl=1","width":270,"height":70,"caption":"Elektrotec"},"image":{"@id":"https:\/\/elektrotec.com.br\/loja\/#\/schema\/logo\/image\/"}}]}},"jetpack_sharing_enabled":true,"brands":[],"_links":{"self":[{"href":"https:\/\/elektrotec.com.br\/loja\/wp-json\/wp\/v2\/product\/3351","targetHints":{"allow":["GET"]}}],"collection":[{"href":"https:\/\/elektrotec.com.br\/loja\/wp-json\/wp\/v2\/product"}],"about":[{"href":"https:\/\/elektrotec.com.br\/loja\/wp-json\/wp\/v2\/types\/product"}],"replies":[{"embeddable":true,"href":"https:\/\/elektrotec.com.br\/loja\/wp-json\/wp\/v2\/comments?post=3351"}],"wp:featuredmedia":[{"embeddable":true,"href":"https:\/\/elektrotec.com.br\/loja\/wp-json\/wp\/v2\/media\/2288"}],"wp:attachment":[{"href":"https:\/\/elektrotec.com.br\/loja\/wp-json\/wp\/v2\/media?parent=3351"}],"wp:term":[{"taxonomy":"pwb-brand","embeddable":true,"href":"https:\/\/elektrotec.com.br\/loja\/wp-json\/wp\/v2\/pwb-brand?post=3351"},{"taxonomy":"product_brand","embeddable":true,"href":"https:\/\/elektrotec.com.br\/loja\/wp-json\/wp\/v2\/product_brand?post=3351"},{"taxonomy":"product_cat","embeddable":true,"href":"https:\/\/elektrotec.com.br\/loja\/wp-json\/wp\/v2\/product_cat?post=3351"},{"taxonomy":"product_tag","embeddable":true,"href":"https:\/\/elektrotec.com.br\/loja\/wp-json\/wp\/v2\/product_tag?post=3351"}],"curies":[{"name":"wp","href":"https:\/\/api.w.org\/{rel}","templated":true}]}}