{"id":2233,"date":"2025-04-01T12:00:06","date_gmt":"2025-04-01T15:00:06","guid":{"rendered":"https:\/\/quioske.com.br\/?post_type=product&#038;p=2233"},"modified":"2025-04-01T22:31:15","modified_gmt":"2025-04-02T01:31:15","slug":"headset-com-fio-usb-h390-preto-logitech-com-almofadas","status":"publish","type":"product","link":"https:\/\/elektrotec.com.br\/loja\/produto\/headset-com-fio-usb-h390-preto-logitech-com-almofadas\/","title":{"rendered":"Headset com fio USB H390 Preto Logitech com almofadas"},"content":{"rendered":"<div class=\"wpb-content-wrapper\"><p>[vc_row woodmart_css_id=&#8221;673bf004e2934&#8243; responsive_spacing=&#8221;eyJwYXJhbV90eXBlIjoid29vZG1hcnRfcmVzcG9uc2l2ZV9zcGFjaW5nIiwic2VsZWN0b3JfaWQiOiI2NzNiZjAwNGUyOTM0Iiwic2hvcnRjb2RlIjoidmNfcm93IiwiZGF0YSI6eyJ0YWJsZXQiOnt9LCJtb2JpbGUiOnt9fX0=&#8221; mobile_bg_img_hidden=&#8221;no&#8221; tablet_bg_img_hidden=&#8221;no&#8221; woodmart_parallax=&#8221;0&#8243; woodmart_gradient_switch=&#8221;no&#8221; woodmart_box_shadow=&#8221;no&#8221; wd_z_index=&#8221;no&#8221; woodmart_disable_overflow=&#8221;0&#8243; row_reverse_mobile=&#8221;0&#8243; row_reverse_tablet=&#8221;0&#8243; el_id=&#8221;codigo-18456&#8243; css=&#8221;.vc_custom_1731981347997{margin-bottom: 50px !important;}&#8221;][vc_column css=&#8221;.vc_custom_1666272391679{padding-top: 0px !important;}&#8221; woodmart_css_id=&#8221;63514c8260958&#8243; parallax_scroll=&#8221;no&#8221; woodmart_sticky_column=&#8221;false&#8221; wd_collapsible_content_switcher=&#8221;no&#8221; wd_column_role_offcanvas_desktop=&#8221;no&#8221; wd_column_role_offcanvas_tablet=&#8221;no&#8221; wd_column_role_offcanvas_mobile=&#8221;no&#8221; wd_column_role_content_desktop=&#8221;no&#8221; wd_column_role_content_tablet=&#8221;no&#8221; wd_column_role_content_mobile=&#8221;no&#8221; mobile_bg_img_hidden=&#8221;no&#8221; tablet_bg_img_hidden=&#8221;no&#8221; woodmart_parallax=&#8221;0&#8243; woodmart_box_shadow=&#8221;no&#8221; responsive_spacing=&#8221;eyJwYXJhbV90eXBlIjoid29vZG1hcnRfcmVzcG9uc2l2ZV9zcGFjaW5nIiwic2VsZWN0b3JfaWQiOiI2MzUxNGM4MjYwOTU4Iiwic2hvcnRjb2RlIjoidmNfY29sdW1uIiwiZGF0YSI6eyJ0YWJsZXQiOnt9LCJtb2JpbGUiOnt9fX0=&#8221; mobile_reset_margin=&#8221;no&#8221; tablet_reset_margin=&#8221;no&#8221; wd_z_index=&#8221;no&#8221;]\t\t<div id=\"wd-6743c308a91de\" class=\"wd-text-block wd-wpb reset-last-child wd-rs-6743c308a91de text-center vc_custom_1732490520395\">\n\t\t\t<p><img data-recalc-dims=\"1\" loading=\"lazy\" decoding=\"async\" class=\"aligncenter wp-image-3462 size-full\" src=\"https:\/\/i0.wp.com\/elektrotec.com.br\/loja\/wp-content\/uploads\/2024\/06\/Headset-H390-1.png?resize=1400%2C5556&#038;ssl=1\" alt=\"\" width=\"1400\" height=\"5556\" srcset=\"https:\/\/i0.wp.com\/elektrotec.com.br\/loja\/wp-content\/uploads\/2024\/06\/Headset-H390-1.png?w=1400&amp;ssl=1 1400w, https:\/\/i0.wp.com\/elektrotec.com.br\/loja\/wp-content\/uploads\/2024\/06\/Headset-H390-1.png?resize=258%2C1024&amp;ssl=1 258w, https:\/\/i0.wp.com\/elektrotec.com.br\/loja\/wp-content\/uploads\/2024\/06\/Headset-H390-1.png?resize=768%2C3048&amp;ssl=1 768w, https:\/\/i0.wp.com\/elektrotec.com.br\/loja\/wp-content\/uploads\/2024\/06\/Headset-H390-1.png?resize=387%2C1536&amp;ssl=1 387w, https:\/\/i0.wp.com\/elektrotec.com.br\/loja\/wp-content\/uploads\/2024\/06\/Headset-H390-1.png?resize=516%2C2048&amp;ssl=1 516w, https:\/\/i0.wp.com\/elektrotec.com.br\/loja\/wp-content\/uploads\/2024\/06\/Headset-H390-1.png?resize=1320%2C5239&amp;ssl=1 1320w\" sizes=\"auto, (max-width: 1000px) 100vw, 1000px\" \/><\/p>\n\t\t<\/div>\n\t\t[\/vc_column][\/vc_row][vc_row][vc_column][vc_separator border_width=&#8221;3&#8243; css=&#8221;.vc_custom_1731981526734{margin-top: 50px !important;margin-bottom: 50px !important;}&#8221; wd_hide_on_desktop=&#8221;no&#8221; wd_hide_on_tablet=&#8221;no&#8221; wd_hide_on_mobile=&#8221;no&#8221;][\/vc_column][\/vc_row][vc_row woodmart_css_id=&#8221;6351519a61682&#8243; responsive_spacing=&#8221;eyJwYXJhbV90eXBlIjoid29vZG1hcnRfcmVzcG9uc2l2ZV9zcGFjaW5nIiwic2VsZWN0b3JfaWQiOiI2MzUxNTE5YTYxNjgyIiwic2hvcnRjb2RlIjoidmNfcm93IiwiZGF0YSI6eyJ0YWJsZXQiOnt9LCJtb2JpbGUiOnt9fX0=&#8221; mobile_bg_img_hidden=&#8221;no&#8221; tablet_bg_img_hidden=&#8221;no&#8221; woodmart_parallax=&#8221;0&#8243; woodmart_gradient_switch=&#8221;no&#8221; woodmart_box_shadow=&#8221;no&#8221; wd_z_index=&#8221;no&#8221; woodmart_disable_overflow=&#8221;0&#8243; row_reverse_mobile=&#8221;0&#8243; row_reverse_tablet=&#8221;0&#8243;][vc_column css=&#8221;.vc_custom_1669033735057{padding-top: 0px !important;}&#8221; woodmart_css_id=&#8221;637b6f036ef34&#8243; parallax_scroll=&#8221;no&#8221; woodmart_sticky_column=&#8221;false&#8221; wd_collapsible_content_switcher=&#8221;no&#8221; wd_column_role_offcanvas_desktop=&#8221;no&#8221; wd_column_role_offcanvas_tablet=&#8221;no&#8221; wd_column_role_offcanvas_mobile=&#8221;no&#8221; wd_column_role_content_desktop=&#8221;no&#8221; wd_column_role_content_tablet=&#8221;no&#8221; wd_column_role_content_mobile=&#8221;no&#8221; mobile_bg_img_hidden=&#8221;no&#8221; tablet_bg_img_hidden=&#8221;no&#8221; woodmart_parallax=&#8221;0&#8243; woodmart_box_shadow=&#8221;no&#8221; responsive_spacing=&#8221;eyJwYXJhbV90eXBlIjoid29vZG1hcnRfcmVzcG9uc2l2ZV9zcGFjaW5nIiwic2VsZWN0b3JfaWQiOiI2MzdiNmYwMzZlZjM0Iiwic2hvcnRjb2RlIjoidmNfY29sdW1uIiwiZGF0YSI6eyJ0YWJsZXQiOnt9LCJtb2JpbGUiOnt9fX0=&#8221; mobile_reset_margin=&#8221;no&#8221; tablet_reset_margin=&#8221;no&#8221; wd_z_index=&#8221;no&#8221;]\n\t\t<div id=\"wd-673befd21de78\" class=\"title-wrapper wd-wpb wd-set-mb reset-last-child  wd-rs-673befd21de78 wd-title-color-default wd-title-style-default text-left vc_custom_1731981274869 wd-underline-colored\">\n\t\t\t\n\t\t\t<div class=\"liner-continer\">\n\t\t\t\t<h4 class=\"woodmart-title-container title  wd-font-weight- wd-fontsize-m\" >\ud83d\udccc Especifica\u00e7\u00f5es T\u00e9cnicas:<\/h4>\n\t\t\t\t\t\t\t<\/div>\n\t\t\t\n\t\t\t\n\t\t\t\n\t\t<\/div>\n\t\t\n\t\t\t\t<div id=\"wd-673bf13fe113e\" class=\"wd-text-block wd-wpb reset-last-child wd-rs-673bf13fe113e text-left vc_custom_1731981646402\">\n\t\t\t<p><strong><u>Especifica\u00e7\u00f5es<\/u><\/strong><\/p>\n<ul>\n<li>Headset H390<\/li>\n<li>Cor: Preto<\/li>\n<\/ul>\n<p><strong><u>Especifica\u00e7\u00f5es t\u00e9cnicas<\/u><\/strong><\/p>\n<ul>\n<li>Tipo de microfone: Bidirecional<\/li>\n<li>Imped\u00e2ncia de entrada: 32 Ohm<\/li>\n<li>Sensibilidade (headphone): 94 dBV\/Pa +\/- 3 dB<\/li>\n<li>Sensibilidade (microfone): -17 dBV\/Pa +\/- 4 dB<\/li>\n<li>Resposta de frequ\u00eancia (headset): 20 Hz &#8211; 20 kHz<\/li>\n<li>Resposta de frequ\u00eancia (microfone): 100 Hz &#8211; 10 KHz<\/li>\n<\/ul>\n<p><strong><u>Requisitos de sistema<\/u><\/strong><\/p>\n<ul>\n<li>Windows\u00ae, macOS ou ChromeOS\u2122 e plataformas de chamadas conhecidas. Porta USB<\/li>\n<\/ul>\n<p><strong><u>Conte\u00fado da embalagem<\/u><\/strong><\/p>\n<ul>\n<li>Headset com USB para computador<\/li>\n<li>Documenta\u00e7\u00e3o do usu\u00e1rio<\/li>\n<\/ul>\n<p><strong><u>Dimens\u00f5es<\/u><\/strong><\/p>\n<ul>\n<li>Altura: 171 mm<\/li>\n<li>Largura: 151 mm<\/li>\n<li>Profundidade: 68 mm<\/li>\n<li>Peso: 0,197 kg<\/li>\n<li>Comprimento do cabo: 1,9 m<\/li>\n<\/ul>\n<p><strong><u>Garantia<\/u><\/strong><\/p>\n<ul>\n<li>12 Meses<\/li>\n<\/ul>\n\t\t<\/div>\n\t\t[\/vc_column][\/vc_row]<\/p>\n<\/div>","protected":false},"excerpt":{"rendered":"<p><strong>C\u00f3digo: <\/strong><a href=\"#\">18456<\/a> \u00a0\u00a0<strong>|<\/strong>\u00a0 \u00a0<strong>Mais produtos:<\/strong> <a href=\"https:\/\/elektrotec.com.br\/loja\/loja\/?filter_marcas=logitech\">Logitech<\/a>\u00a0 \u00a0<strong>|<\/strong>\u00a0 \u00a0<strong><a href=\"https:\/\/elektrotec.com.br\/loja\/produto\/headset-com-fio-usb-h390-preto-logitech-com-almofadas\/#codigo-18456\">Informa\u00e7\u00f5es do produto<\/a><\/strong><\/p>\n","protected":false},"featured_media":3399,"comment_status":"open","ping_status":"closed","template":"","meta":{"pagelayer_contact_templates":[],"_pagelayer_content":"","_mbp_gutenberg_autopost":false},"pwb-brand":[],"product_brand":[],"product_cat":[82,104,161,183,29,299,28,25],"product_tag":[],"class_list":{"0":"post-2233","1":"product","2":"type-product","3":"status-publish","4":"has-post-thumbnail","6":"product_cat-audio","7":"product_cat-eletronicos","8":"product_cat-fones-de-ouvido","9":"product_cat-fones-de-ouvidos-gamer","10":"product_cat-games-entretenimento","11":"product_cat-headset","12":"product_cat-smartphones-e-celulares","13":"product_cat-tecnologia-e-informatica","14":"product_shipping_class-logistica-quioske","16":"first","17":"instock","18":"featured","19":"shipping-taxable","20":"purchasable","21":"product-type-simple"},"yoast_head":"<!-- This site is optimized with the Yoast SEO plugin v27.2 - https:\/\/yoast.com\/product\/yoast-seo-wordpress\/ -->\n<title>Headset com fio USB H390 Preto Logitech com almofadas<\/title>\n<meta name=\"description\" content=\"Experimente \u00e1udio claro para reuni\u00f5es por v\u00eddeo, m\u00fasica e muito mais com uma conex\u00e3o USB plug-and-play simples e um microfone com cancelamento de ru\u00eddo.\" \/>\n<meta name=\"robots\" content=\"index, follow, max-snippet:-1, max-image-preview:large, max-video-preview:-1\" \/>\n<link rel=\"canonical\" href=\"https:\/\/elektrotec.com.br\/loja\/produto\/headset-com-fio-usb-h390-preto-logitech-com-almofadas\/\" \/>\n<meta property=\"og:locale\" content=\"pt_BR\" \/>\n<meta property=\"og:type\" content=\"article\" \/>\n<meta property=\"og:title\" content=\"Headset com fio USB H390 Preto Logitech com almofadas\" \/>\n<meta property=\"og:description\" content=\"Experimente \u00e1udio claro para reuni\u00f5es por v\u00eddeo, m\u00fasica e muito mais com uma conex\u00e3o USB plug-and-play simples e um microfone com cancelamento de ru\u00eddo.\" \/>\n<meta property=\"og:url\" content=\"https:\/\/elektrotec.com.br\/loja\/produto\/headset-com-fio-usb-h390-preto-logitech-com-almofadas\/\" \/>\n<meta property=\"og:site_name\" content=\"Elektrotec Store\" \/>\n<meta property=\"article:modified_time\" content=\"2025-04-02T01:31:15+00:00\" \/>\n<meta property=\"og:image\" content=\"https:\/\/elektrotec.com.br\/loja\/wp-content\/uploads\/2024\/06\/1-Headset-com-fio-USB-H390-preto-Logitech.jpg\" \/>\n\t<meta property=\"og:image:width\" content=\"700\" \/>\n\t<meta property=\"og:image:height\" content=\"800\" \/>\n\t<meta property=\"og:image:type\" content=\"image\/jpeg\" \/>\n<meta name=\"twitter:card\" content=\"summary_large_image\" \/>\n<meta name=\"twitter:label1\" content=\"Est. tempo de leitura\" \/>\n\t<meta name=\"twitter:data1\" content=\"2 minutos\" \/>\n<script type=\"application\/ld+json\" class=\"yoast-schema-graph\">{\"@context\":\"https:\/\/schema.org\",\"@graph\":[{\"@type\":\"WebPage\",\"@id\":\"https:\/\/elektrotec.com.br\/loja\/produto\/headset-com-fio-usb-h390-preto-logitech-com-almofadas\/\",\"url\":\"https:\/\/elektrotec.com.br\/loja\/produto\/headset-com-fio-usb-h390-preto-logitech-com-almofadas\/\",\"name\":\"Headset com fio USB H390 Preto Logitech com almofadas\",\"isPartOf\":{\"@id\":\"https:\/\/elektrotec.com.br\/loja\/#website\"},\"primaryImageOfPage\":{\"@id\":\"https:\/\/elektrotec.com.br\/loja\/produto\/headset-com-fio-usb-h390-preto-logitech-com-almofadas\/#primaryimage\"},\"image\":{\"@id\":\"https:\/\/elektrotec.com.br\/loja\/produto\/headset-com-fio-usb-h390-preto-logitech-com-almofadas\/#primaryimage\"},\"thumbnailUrl\":\"https:\/\/i0.wp.com\/elektrotec.com.br\/loja\/wp-content\/uploads\/2024\/06\/1-Headset-com-fio-USB-H390-preto-Logitech.jpg?fit=700%2C800&ssl=1\",\"datePublished\":\"2025-04-01T15:00:06+00:00\",\"dateModified\":\"2025-04-02T01:31:15+00:00\",\"description\":\"Experimente \u00e1udio claro para reuni\u00f5es por v\u00eddeo, m\u00fasica e muito mais com uma conex\u00e3o USB plug-and-play simples e um microfone com cancelamento de ru\u00eddo.\",\"breadcrumb\":{\"@id\":\"https:\/\/elektrotec.com.br\/loja\/produto\/headset-com-fio-usb-h390-preto-logitech-com-almofadas\/#breadcrumb\"},\"inLanguage\":\"pt-BR\",\"potentialAction\":[{\"@type\":\"ReadAction\",\"target\":[\"https:\/\/elektrotec.com.br\/loja\/produto\/headset-com-fio-usb-h390-preto-logitech-com-almofadas\/\"]}]},{\"@type\":\"ImageObject\",\"inLanguage\":\"pt-BR\",\"@id\":\"https:\/\/elektrotec.com.br\/loja\/produto\/headset-com-fio-usb-h390-preto-logitech-com-almofadas\/#primaryimage\",\"url\":\"https:\/\/i0.wp.com\/elektrotec.com.br\/loja\/wp-content\/uploads\/2024\/06\/1-Headset-com-fio-USB-H390-preto-Logitech.jpg?fit=700%2C800&ssl=1\",\"contentUrl\":\"https:\/\/i0.wp.com\/elektrotec.com.br\/loja\/wp-content\/uploads\/2024\/06\/1-Headset-com-fio-USB-H390-preto-Logitech.jpg?fit=700%2C800&ssl=1\",\"width\":700,\"height\":800},{\"@type\":\"BreadcrumbList\",\"@id\":\"https:\/\/elektrotec.com.br\/loja\/produto\/headset-com-fio-usb-h390-preto-logitech-com-almofadas\/#breadcrumb\",\"itemListElement\":[{\"@type\":\"ListItem\",\"position\":1,\"name\":\"Home\",\"item\":\"https:\/\/elektrotec.com.br\/loja\/\"},{\"@type\":\"ListItem\",\"position\":2,\"name\":\"Ofertas do dia \u26a1\",\"item\":\"https:\/\/elektrotec.com.br\/loja\/loja\/\"},{\"@type\":\"ListItem\",\"position\":3,\"name\":\"Headset com fio USB H390 Preto Logitech com almofadas\"}]},{\"@type\":\"WebSite\",\"@id\":\"https:\/\/elektrotec.com.br\/loja\/#website\",\"url\":\"https:\/\/elektrotec.com.br\/loja\/\",\"name\":\"Elektrotec Store\",\"description\":\"Solu\u00e7\u00f5es em Energia e Automa\u00e7\u00e3o Industrial\",\"publisher\":{\"@id\":\"https:\/\/elektrotec.com.br\/loja\/#organization\"},\"potentialAction\":[{\"@type\":\"SearchAction\",\"target\":{\"@type\":\"EntryPoint\",\"urlTemplate\":\"https:\/\/elektrotec.com.br\/loja\/?s={search_term_string}\"},\"query-input\":{\"@type\":\"PropertyValueSpecification\",\"valueRequired\":true,\"valueName\":\"search_term_string\"}}],\"inLanguage\":\"pt-BR\"},{\"@type\":\"Organization\",\"@id\":\"https:\/\/elektrotec.com.br\/loja\/#organization\",\"name\":\"Elektrotec\",\"url\":\"https:\/\/elektrotec.com.br\/loja\/\",\"logo\":{\"@type\":\"ImageObject\",\"inLanguage\":\"pt-BR\",\"@id\":\"https:\/\/elektrotec.com.br\/loja\/#\/schema\/logo\/image\/\",\"url\":\"https:\/\/i0.wp.com\/elektrotec.com.br\/loja\/wp-content\/uploads\/2025\/05\/Logo-site-Elektrotec-Energy-1.webp?fit=270%2C70&ssl=1\",\"contentUrl\":\"https:\/\/i0.wp.com\/elektrotec.com.br\/loja\/wp-content\/uploads\/2025\/05\/Logo-site-Elektrotec-Energy-1.webp?fit=270%2C70&ssl=1\",\"width\":270,\"height\":70,\"caption\":\"Elektrotec\"},\"image\":{\"@id\":\"https:\/\/elektrotec.com.br\/loja\/#\/schema\/logo\/image\/\"}}]}<\/script>\n<!-- \/ Yoast SEO plugin. -->","yoast_head_json":{"title":"Headset com fio USB H390 Preto Logitech com almofadas","description":"Experimente \u00e1udio claro para reuni\u00f5es por v\u00eddeo, m\u00fasica e muito mais com uma conex\u00e3o USB plug-and-play simples e um microfone com cancelamento de ru\u00eddo.","robots":{"index":"index","follow":"follow","max-snippet":"max-snippet:-1","max-image-preview":"max-image-preview:large","max-video-preview":"max-video-preview:-1"},"canonical":"https:\/\/elektrotec.com.br\/loja\/produto\/headset-com-fio-usb-h390-preto-logitech-com-almofadas\/","og_locale":"pt_BR","og_type":"article","og_title":"Headset com fio USB H390 Preto Logitech com almofadas","og_description":"Experimente \u00e1udio claro para reuni\u00f5es por v\u00eddeo, m\u00fasica e muito mais com uma conex\u00e3o USB plug-and-play simples e um microfone com cancelamento de ru\u00eddo.","og_url":"https:\/\/elektrotec.com.br\/loja\/produto\/headset-com-fio-usb-h390-preto-logitech-com-almofadas\/","og_site_name":"Elektrotec Store","article_modified_time":"2025-04-02T01:31:15+00:00","og_image":[{"width":700,"height":800,"url":"https:\/\/elektrotec.com.br\/loja\/wp-content\/uploads\/2024\/06\/1-Headset-com-fio-USB-H390-preto-Logitech.jpg","type":"image\/jpeg"}],"twitter_card":"summary_large_image","twitter_misc":{"Est. tempo de leitura":"2 minutos"},"schema":{"@context":"https:\/\/schema.org","@graph":[{"@type":"WebPage","@id":"https:\/\/elektrotec.com.br\/loja\/produto\/headset-com-fio-usb-h390-preto-logitech-com-almofadas\/","url":"https:\/\/elektrotec.com.br\/loja\/produto\/headset-com-fio-usb-h390-preto-logitech-com-almofadas\/","name":"Headset com fio USB H390 Preto Logitech com almofadas","isPartOf":{"@id":"https:\/\/elektrotec.com.br\/loja\/#website"},"primaryImageOfPage":{"@id":"https:\/\/elektrotec.com.br\/loja\/produto\/headset-com-fio-usb-h390-preto-logitech-com-almofadas\/#primaryimage"},"image":{"@id":"https:\/\/elektrotec.com.br\/loja\/produto\/headset-com-fio-usb-h390-preto-logitech-com-almofadas\/#primaryimage"},"thumbnailUrl":"https:\/\/i0.wp.com\/elektrotec.com.br\/loja\/wp-content\/uploads\/2024\/06\/1-Headset-com-fio-USB-H390-preto-Logitech.jpg?fit=700%2C800&ssl=1","datePublished":"2025-04-01T15:00:06+00:00","dateModified":"2025-04-02T01:31:15+00:00","description":"Experimente \u00e1udio claro para reuni\u00f5es por v\u00eddeo, m\u00fasica e muito mais com uma conex\u00e3o USB plug-and-play simples e um microfone com cancelamento de ru\u00eddo.","breadcrumb":{"@id":"https:\/\/elektrotec.com.br\/loja\/produto\/headset-com-fio-usb-h390-preto-logitech-com-almofadas\/#breadcrumb"},"inLanguage":"pt-BR","potentialAction":[{"@type":"ReadAction","target":["https:\/\/elektrotec.com.br\/loja\/produto\/headset-com-fio-usb-h390-preto-logitech-com-almofadas\/"]}]},{"@type":"ImageObject","inLanguage":"pt-BR","@id":"https:\/\/elektrotec.com.br\/loja\/produto\/headset-com-fio-usb-h390-preto-logitech-com-almofadas\/#primaryimage","url":"https:\/\/i0.wp.com\/elektrotec.com.br\/loja\/wp-content\/uploads\/2024\/06\/1-Headset-com-fio-USB-H390-preto-Logitech.jpg?fit=700%2C800&ssl=1","contentUrl":"https:\/\/i0.wp.com\/elektrotec.com.br\/loja\/wp-content\/uploads\/2024\/06\/1-Headset-com-fio-USB-H390-preto-Logitech.jpg?fit=700%2C800&ssl=1","width":700,"height":800},{"@type":"BreadcrumbList","@id":"https:\/\/elektrotec.com.br\/loja\/produto\/headset-com-fio-usb-h390-preto-logitech-com-almofadas\/#breadcrumb","itemListElement":[{"@type":"ListItem","position":1,"name":"Home","item":"https:\/\/elektrotec.com.br\/loja\/"},{"@type":"ListItem","position":2,"name":"Ofertas do dia \u26a1","item":"https:\/\/elektrotec.com.br\/loja\/loja\/"},{"@type":"ListItem","position":3,"name":"Headset com fio USB H390 Preto Logitech com almofadas"}]},{"@type":"WebSite","@id":"https:\/\/elektrotec.com.br\/loja\/#website","url":"https:\/\/elektrotec.com.br\/loja\/","name":"Elektrotec Store","description":"Solu\u00e7\u00f5es em Energia e Automa\u00e7\u00e3o Industrial","publisher":{"@id":"https:\/\/elektrotec.com.br\/loja\/#organization"},"potentialAction":[{"@type":"SearchAction","target":{"@type":"EntryPoint","urlTemplate":"https:\/\/elektrotec.com.br\/loja\/?s={search_term_string}"},"query-input":{"@type":"PropertyValueSpecification","valueRequired":true,"valueName":"search_term_string"}}],"inLanguage":"pt-BR"},{"@type":"Organization","@id":"https:\/\/elektrotec.com.br\/loja\/#organization","name":"Elektrotec","url":"https:\/\/elektrotec.com.br\/loja\/","logo":{"@type":"ImageObject","inLanguage":"pt-BR","@id":"https:\/\/elektrotec.com.br\/loja\/#\/schema\/logo\/image\/","url":"https:\/\/i0.wp.com\/elektrotec.com.br\/loja\/wp-content\/uploads\/2025\/05\/Logo-site-Elektrotec-Energy-1.webp?fit=270%2C70&ssl=1","contentUrl":"https:\/\/i0.wp.com\/elektrotec.com.br\/loja\/wp-content\/uploads\/2025\/05\/Logo-site-Elektrotec-Energy-1.webp?fit=270%2C70&ssl=1","width":270,"height":70,"caption":"Elektrotec"},"image":{"@id":"https:\/\/elektrotec.com.br\/loja\/#\/schema\/logo\/image\/"}}]}},"jetpack_sharing_enabled":true,"brands":[],"_links":{"self":[{"href":"https:\/\/elektrotec.com.br\/loja\/wp-json\/wp\/v2\/product\/2233","targetHints":{"allow":["GET"]}}],"collection":[{"href":"https:\/\/elektrotec.com.br\/loja\/wp-json\/wp\/v2\/product"}],"about":[{"href":"https:\/\/elektrotec.com.br\/loja\/wp-json\/wp\/v2\/types\/product"}],"replies":[{"embeddable":true,"href":"https:\/\/elektrotec.com.br\/loja\/wp-json\/wp\/v2\/comments?post=2233"}],"wp:featuredmedia":[{"embeddable":true,"href":"https:\/\/elektrotec.com.br\/loja\/wp-json\/wp\/v2\/media\/3399"}],"wp:attachment":[{"href":"https:\/\/elektrotec.com.br\/loja\/wp-json\/wp\/v2\/media?parent=2233"}],"wp:term":[{"taxonomy":"pwb-brand","embeddable":true,"href":"https:\/\/elektrotec.com.br\/loja\/wp-json\/wp\/v2\/pwb-brand?post=2233"},{"taxonomy":"product_brand","embeddable":true,"href":"https:\/\/elektrotec.com.br\/loja\/wp-json\/wp\/v2\/product_brand?post=2233"},{"taxonomy":"product_cat","embeddable":true,"href":"https:\/\/elektrotec.com.br\/loja\/wp-json\/wp\/v2\/product_cat?post=2233"},{"taxonomy":"product_tag","embeddable":true,"href":"https:\/\/elektrotec.com.br\/loja\/wp-json\/wp\/v2\/product_tag?post=2233"}],"curies":[{"name":"wp","href":"https:\/\/api.w.org\/{rel}","templated":true}]}}