{"id":1083,"date":"2024-11-23T10:00:14","date_gmt":"2024-11-23T13:00:14","guid":{"rendered":"https:\/\/dummy.xtemos.com\/woodmart2\/mega-electronics\/?post_type=product&#038;p=1083"},"modified":"2025-02-26T21:32:43","modified_gmt":"2025-02-27T00:32:43","slug":"mouse-optico-logitech-m170-azul-sem-fio-com-design-ambidestro-compacto-conexao-usb-1000dpi","status":"publish","type":"product","link":"https:\/\/elektrotec.com.br\/loja\/produto\/mouse-optico-logitech-m170-azul-sem-fio-com-design-ambidestro-compacto-conexao-usb-1000dpi\/","title":{"rendered":"Mouse \u00f3ptico Logitech M170 Azul sem fio com design ambidestro compacto, conex\u00e3o USB, 1000DPI"},"content":{"rendered":"<div class=\"wpb-content-wrapper\"><p>[vc_row css=&#8221;.vc_custom_1732489137777{margin-right: 0px !important;margin-bottom: 20px !important;margin-left: 0px !important;padding-top: 20px !important;padding-right: 20px !important;padding-bottom: 20px !important;padding-left: 20px !important;background-color: #FFFFFF00 !important;border-radius: 10px !important;}&#8221; woodmart_css_id=&#8221;6743bdbb5c178&#8243; responsive_spacing=&#8221;eyJwYXJhbV90eXBlIjoid29vZG1hcnRfcmVzcG9uc2l2ZV9zcGFjaW5nIiwic2VsZWN0b3JfaWQiOiI2NzQzYmRiYjVjMTc4Iiwic2hvcnRjb2RlIjoidmNfcm93IiwiZGF0YSI6eyJ0YWJsZXQiOnt9LCJtb2JpbGUiOnt9fX0=&#8221; mobile_bg_img_hidden=&#8221;no&#8221; tablet_bg_img_hidden=&#8221;no&#8221; woodmart_parallax=&#8221;0&#8243; woodmart_gradient_switch=&#8221;no&#8221; woodmart_box_shadow=&#8221;no&#8221; wd_z_index=&#8221;no&#8221; woodmart_disable_overflow=&#8221;0&#8243; row_reverse_mobile=&#8221;0&#8243; row_reverse_tablet=&#8221;0&#8243; el_id=&#8221;codigo-28112&#8243;][vc_column css=&#8221;.vc_custom_1732471331179{padding-top: 0px !important;}&#8221; woodmart_css_id=&#8221;6743782c320a5&#8243; parallax_scroll=&#8221;no&#8221; woodmart_sticky_column=&#8221;false&#8221; wd_collapsible_content_switcher=&#8221;no&#8221; wd_column_role_offcanvas_desktop=&#8221;no&#8221; wd_column_role_offcanvas_tablet=&#8221;no&#8221; wd_column_role_offcanvas_mobile=&#8221;no&#8221; wd_column_role_content_desktop=&#8221;no&#8221; wd_column_role_content_tablet=&#8221;no&#8221; wd_column_role_content_mobile=&#8221;no&#8221; mobile_bg_img_hidden=&#8221;no&#8221; tablet_bg_img_hidden=&#8221;no&#8221; woodmart_parallax=&#8221;0&#8243; woodmart_box_shadow=&#8221;no&#8221; responsive_spacing=&#8221;eyJwYXJhbV90eXBlIjoid29vZG1hcnRfcmVzcG9uc2l2ZV9zcGFjaW5nIiwic2VsZWN0b3JfaWQiOiI2NzQzNzgyYzMyMGE1Iiwic2hvcnRjb2RlIjoidmNfY29sdW1uIiwiZGF0YSI6eyJ0YWJsZXQiOnt9LCJtb2JpbGUiOnt9fX0=&#8221; mobile_reset_margin=&#8221;no&#8221; tablet_reset_margin=&#8221;no&#8221; wd_z_index=&#8221;no&#8221;]\t\t<div id=\"wd-674377ed68fa4\" class=\"wd-text-block wd-wpb reset-last-child wd-rs-674377ed68fa4 text-center color-scheme-light \">\n\t\t\t<p><img data-recalc-dims=\"1\" loading=\"lazy\" decoding=\"async\" class=\"wp-image-3459 size-full aligncenter\" style=\"background-color: #fff;\" src=\"https:\/\/i0.wp.com\/elektrotec.com.br\/loja\/wp-content\/uploads\/2024\/11\/Fundo-Anuncio.png?resize=1096%2C1504&#038;ssl=1\" alt=\"\" width=\"1096\" height=\"1504\" srcset=\"https:\/\/i0.wp.com\/elektrotec.com.br\/loja\/wp-content\/uploads\/2024\/11\/Fundo-Anuncio.png?w=1096&amp;ssl=1 1096w, https:\/\/i0.wp.com\/elektrotec.com.br\/loja\/wp-content\/uploads\/2024\/11\/Fundo-Anuncio.png?resize=219%2C300&amp;ssl=1 219w, https:\/\/i0.wp.com\/elektrotec.com.br\/loja\/wp-content\/uploads\/2024\/11\/Fundo-Anuncio.png?resize=746%2C1024&amp;ssl=1 746w, https:\/\/i0.wp.com\/elektrotec.com.br\/loja\/wp-content\/uploads\/2024\/11\/Fundo-Anuncio.png?resize=768%2C1054&amp;ssl=1 768w, https:\/\/i0.wp.com\/elektrotec.com.br\/loja\/wp-content\/uploads\/2024\/11\/Fundo-Anuncio.png?resize=150%2C206&amp;ssl=1 150w\" sizes=\"auto, (max-width: 1000px) 100vw, 1000px\" \/><\/p>\n\t\t<\/div>\n\t\t[\/vc_column][\/vc_row][vc_row][vc_column][vc_separator border_width=&#8221;3&#8243; css=&#8221;.vc_custom_1732399544203{margin-top: 50px !important;margin-bottom: 50px !important;}&#8221; wd_hide_on_desktop=&#8221;no&#8221; wd_hide_on_tablet=&#8221;no&#8221; wd_hide_on_mobile=&#8221;no&#8221;][\/vc_column][\/vc_row][vc_row][vc_column]\n\t\t<div id=\"wd-67426a9e37c70\" class=\"title-wrapper wd-wpb wd-set-mb reset-last-child  wd-rs-67426a9e37c70 wd-title-color-default wd-title-style-default text-left vc_custom_1732402463641 wd-underline-colored\">\n\t\t\t\n\t\t\t<div class=\"liner-continer\">\n\t\t\t\t<h4 class=\"woodmart-title-container title  wd-font-weight-700 wd-fontsize-l\" >\ud83d\udccc Especifica\u00e7\u00f5es T\u00e9cnicas:<\/h4>\n\t\t\t\t\t\t\t<\/div>\n\t\t\t\n\t\t\t\n\t\t\t\n\t\t<\/div>\n\t\t\n\t\t[\/vc_column][\/vc_row][vc_row woodmart_css_id=&#8221;6743bdc7c3b4f&#8221; responsive_spacing=&#8221;eyJwYXJhbV90eXBlIjoid29vZG1hcnRfcmVzcG9uc2l2ZV9zcGFjaW5nIiwic2VsZWN0b3JfaWQiOiI2NzQzYmRjN2MzYjRmIiwic2hvcnRjb2RlIjoidmNfcm93IiwiZGF0YSI6eyJ0YWJsZXQiOnt9LCJtb2JpbGUiOnt9fX0=&#8221; mobile_bg_img_hidden=&#8221;no&#8221; tablet_bg_img_hidden=&#8221;no&#8221; woodmart_parallax=&#8221;0&#8243; woodmart_gradient_switch=&#8221;no&#8221; woodmart_box_shadow=&#8221;no&#8221; wd_z_index=&#8221;no&#8221; woodmart_disable_overflow=&#8221;0&#8243; row_reverse_mobile=&#8221;0&#8243; row_reverse_tablet=&#8221;0&#8243; css=&#8221;.vc_custom_1732489186213{margin-top: 35px !important;}&#8221;][vc_column css=&#8221;.vc_custom_1669036208492{padding-top: 0px !important;}&#8221; woodmart_css_id=&#8221;637b78ac79840&#8243; parallax_scroll=&#8221;no&#8221; woodmart_sticky_column=&#8221;false&#8221; wd_collapsible_content_switcher=&#8221;no&#8221; wd_column_role_offcanvas_desktop=&#8221;no&#8221; wd_column_role_offcanvas_tablet=&#8221;no&#8221; wd_column_role_offcanvas_mobile=&#8221;no&#8221; wd_column_role_content_desktop=&#8221;no&#8221; wd_column_role_content_tablet=&#8221;no&#8221; wd_column_role_content_mobile=&#8221;no&#8221; mobile_bg_img_hidden=&#8221;no&#8221; tablet_bg_img_hidden=&#8221;no&#8221; woodmart_parallax=&#8221;0&#8243; woodmart_box_shadow=&#8221;no&#8221; responsive_spacing=&#8221;eyJwYXJhbV90eXBlIjoid29vZG1hcnRfcmVzcG9uc2l2ZV9zcGFjaW5nIiwic2VsZWN0b3JfaWQiOiI2MzdiNzhhYzc5ODQwIiwic2hvcnRjb2RlIjoidmNfY29sdW1uIiwiZGF0YSI6eyJ0YWJsZXQiOnt9LCJtb2JpbGUiOnt9fX0=&#8221; mobile_reset_margin=&#8221;no&#8221; tablet_reset_margin=&#8221;no&#8221; wd_z_index=&#8221;no&#8221;]\t\t<div id=\"wd-67426f10edda5\" class=\"wd-text-block wd-wpb reset-last-child wd-rs-67426f10edda5 text-left vc_custom_1732403484020\">\n\t\t\t<h4>Mouse sem fio Logitech M170<\/h4>\n<p>O futuro \u00e9 sem fio. Com o mouse sem fio Logitech M170, desfrute da confiabilidade de um mouse com fio com a conveni\u00eancia do sem fio gra\u00e7as \u00e0 tecnologia sem fio Logitech Advanced 2,4 GHz. Este econ\u00f4mico mouse sem fio funciona por 12 meses com uma \u00fanica pilha AA. Instala\u00e7\u00e3o simples: basta conectar o pequeno receptor sem fio \u00e0 porta USB. N\u00e3o precisa de pareamento nem instala\u00e7\u00e3o de software e o M170 \u00e9 compat\u00edvel com Windows, Mac e Chrome. A vida \u00fatil das pilhas pode variar de acordo com a sua utiliza\u00e7\u00e3o.<\/p>\n<p><strong>CONHE\u00c7A O M170<\/strong><br \/>\nO M170 \u00e9 um mouse sem fio que re\u00fane toda a confiabilidade, conveni\u00eancia e economia para os seus dias. Execute suas tarefas com alcance sem fio de at\u00e9 10 metros e n\u00e3o se preocupe com a bateria por at\u00e9 12 meses, e melhor: o M170 dispensa a necessidade de instala\u00e7\u00e3o de softwares ou pareamento.<\/p>\n<p><strong>PILHA INCLUSA<\/strong><br \/>\nCom pilha inclusa e dura\u00e7\u00e3o de at\u00e9 12 meses voc\u00ea n\u00e3o precisar\u00e1 se preocupar em troc\u00e1-las por 1 ano! Aumente a dura\u00e7\u00e3o da pilha, deixando o bot\u00e3o liga\/desliga desligado, quando n\u00e3o estiver usando.<\/p>\n<p><strong>CONFORTO PARA AS M\u00c3OS<\/strong><br \/>\nAproveite o seu mouse por v\u00e1rias horas, sem perder o conforto. O M170 se adapta \u00e0 sua m\u00e3o atrav\u00e9s do formato ambidestro, retribuindo as fun\u00e7\u00f5es para direita ou esquerda dos bot\u00f5es, quando quiser.<\/p>\n<p><strong>CONEX\u00c3O PLUG AND PLAY<\/strong><br \/>\n\u00c9 realmente simples: s\u00f3 ligar e usar. Insira o receptor em uma porta USB de seu PC ou notebook e pronto. Sem a necessidade de pareamento ou download de softwares.<\/p>\n<p><strong>CONEX\u00c3O CONFI\u00c1VEL<\/strong><br \/>\nTrabalhe com confian\u00e7a! Com a tecnologia Advanced 2,4 GHz do mouse M170 da Logitech, voc\u00ea ter\u00e1 conex\u00e3o est\u00e1vel, praticamente sem demoras ou quedas, com alcance de at\u00e9 10 metros.<\/p>\n<p><strong>CONFORTO PARA AS M\u00c3OS<\/strong><br \/>\nAproveite o seu mouse por v\u00e1rias horas, sem perder o conforto. O M170 se adapta \u00e0 sua m\u00e3o atrav\u00e9s do formato ambidestro, retribuindo as fun\u00e7\u00f5es para direita ou esquerda dos bot\u00f5es, quando quiser.<\/p>\n<p><strong>RECURSOS<\/strong><br \/>\nConectividade sem fio confi\u00e1vel<br \/>\nAlcance sem fio de 10 metros<br \/>\n12 meses de vida \u00fatil da pilha*<br \/>\nInstala\u00e7\u00e3o f\u00e1cil<br \/>\nCompatibilidade universal: Windows\u00ae, Mac, ChromeTM<br \/>\n*A vida \u00fatil das pilhas pode variar de acordo com a sua utiliza\u00e7\u00e3o.<\/p>\n<p>&nbsp;<\/p>\n<p><strong>ESPECIFICA\u00c7\u00d5ES<\/strong><\/p>\n<ul>\n<li>Mouse sem fio: M170<\/li>\n<li>Cor: Azul<\/li>\n<\/ul>\n<p><strong>TECNOLOGIA DO SENSOR<\/strong><\/p>\n<ul>\n<li>Rastreamento \u00f3ptico suave<\/li>\n<li>DPI (m\u00edn.\/m\u00e1x.): 1.000\u00b1<\/li>\n<\/ul>\n<p><strong>BOT\u00d5ES<\/strong><\/p>\n<ul>\n<li>N\u00famero de bot\u00f5es: 3 (clique esquerdo\/direito, clique no bot\u00e3o do meio)<\/li>\n<\/ul>\n<p><strong>ROLAGEM<\/strong><\/p>\n<ul>\n<li>Rolagem linha a linha<\/li>\n<li>Roda de rolagem: Sim, 2D, \u00f3ptico<\/li>\n<\/ul>\n<p><strong>BATERIA<\/strong><\/p>\n<ul>\n<li>Pilha: 1 x AA (inclusa)<\/li>\n<\/ul>\n<p><strong>CONECTIVIDADE<\/strong><\/p>\n<ul>\n<li>Tipo de conex\u00e3o: Conex\u00e3o sem fio de 2,4 GHz<\/li>\n<li>Alcance sem fio: at\u00e9 10 m 2O alcance sem fio pode variar, dependendo do usu\u00e1rio, condi\u00e7\u00f5es ambientais e de computa\u00e7\u00e3o.<\/li>\n<li>Conectar\/Energia: Sim, bot\u00e3o para ligar\/desligar<\/li>\n<\/ul>\n<p><strong>REQUISITOS DO SISTEMA<\/strong><\/p>\n<ul>\n<li>Receptor USB<\/li>\n<li>Requer: Porta USB dispon\u00edvel<\/li>\n<li>Windows\u00ae 10,11 ou superior: macOS 10.8 ou superior, Chrome OS, Linux\u00ae de kernel 2.6+<\/li>\n<\/ul>\n<p><strong>CONTE\u00daDO DA EMBALAGEM<\/strong><\/p>\n<ul>\n<li>Mouse sem fio<\/li>\n<li>Receptor USB<\/li>\n<li>1 pilha AA (pr\u00e9-instalada)<\/li>\n<li>Documenta\u00e7\u00e3o do usu\u00e1rio<\/li>\n<\/ul>\n<p><strong>DIMENS\u00d5ES<\/strong><\/p>\n<ul>\n<li>Mouse: Altura: 97,7 mm<\/li>\n<li>Largura: 61,5 mm<\/li>\n<li>Profundidade: 35,2 mm<\/li>\n<li>Peso (com baterias): 70,5 g<\/li>\n<\/ul>\n<p><strong>RECEPTOR USB:<\/strong><\/p>\n<ul>\n<li>Altura: 6,6 mm<\/li>\n<li>Largura: 23,1 mm<\/li>\n<li>Profundidade: 18,7 mm<\/li>\n<li>Peso: 1,8 g<\/li>\n<\/ul>\n<p><strong>GARANTIA<\/strong><\/p>\n<ul>\n<li>12 Meses<\/li>\n<\/ul>\n<p><span style=\"vertical-align: inherit;\"><span style=\"vertical-align: inherit;\"><\/p>\n\t\t<\/div>\n\t\t[\/vc_column][\/vc_row]<\/span><\/span><\/p>\n<\/div>","protected":false},"excerpt":{"rendered":"<p><strong>C\u00f3digo:<\/strong> <a href=\"#\">28112<\/a>\u00a0 \u00a0<strong>|<\/strong>\u00a0 \u00a0<strong>Mais produtos:<\/strong> <a href=\"https:\/\/elektrotec.com.br\/loja\/loja\/?filter_marcas=logitech\">Logitech<\/a>\u00a0 \u00a0<strong>|<\/strong>\u00a0 \u00a0<a href=\"https:\/\/elektrotec.com.br\/loja\/produto\/mouse-optico-logitech-m170-azul-sem-fio-com-design-ambidestro-compacto-conexao-usb-1000dpi\/#codigo-28112\"><strong>Descri\u00e7\u00e3o do produto<\/strong><\/a><\/p>\n","protected":false},"featured_media":3454,"comment_status":"open","ping_status":"closed","template":"","meta":{"pagelayer_contact_templates":[],"_pagelayer_content":"","_mbp_gutenberg_autopost":false},"pwb-brand":[],"product_brand":[],"product_cat":[104,26,80,241,106,25],"product_tag":[],"class_list":{"0":"post-1083","1":"product","2":"type-product","3":"status-publish","4":"has-post-thumbnail","6":"product_cat-eletronicos","7":"product_cat-escritorio-e-papelaria","8":"product_cat-mouses","9":"product_cat-suprimentos-corporativos","10":"product_cat-teclado-e-mouse","11":"product_cat-tecnologia-e-informatica","12":"product_shipping_class-logistica-quioske","14":"first","15":"instock","16":"featured","17":"shipping-taxable","18":"purchasable","19":"product-type-simple"},"yoast_head":"<!-- This site is optimized with the Yoast SEO plugin v27.2 - https:\/\/yoast.com\/product\/yoast-seo-wordpress\/ -->\n<title>Mouse \u00f3ptico Logitech M170 Azul sem fio com design compacto<\/title>\n<meta name=\"description\" content=\"O futuro \u00e9 sem fio. Com o mouse sem fio Logitech M170, desfrute da confiabilidade da tecnologia Logitech Advanced 2,4 GHz e com econ\u00f4mico. Confira!\" \/>\n<meta name=\"robots\" content=\"index, follow, max-snippet:-1, max-image-preview:large, max-video-preview:-1\" \/>\n<link rel=\"canonical\" href=\"https:\/\/elektrotec.com.br\/loja\/produto\/mouse-optico-logitech-m170-azul-sem-fio-com-design-ambidestro-compacto-conexao-usb-1000dpi\/\" \/>\n<meta property=\"og:locale\" content=\"pt_BR\" \/>\n<meta property=\"og:type\" content=\"article\" \/>\n<meta property=\"og:title\" content=\"Mouse \u00f3ptico Logitech M170 Azul sem fio com design compacto\" \/>\n<meta property=\"og:description\" content=\"O futuro \u00e9 sem fio. Com o mouse sem fio Logitech M170, desfrute da confiabilidade da tecnologia Logitech Advanced 2,4 GHz e com econ\u00f4mico. Confira!\" \/>\n<meta property=\"og:url\" content=\"https:\/\/elektrotec.com.br\/loja\/produto\/mouse-optico-logitech-m170-azul-sem-fio-com-design-ambidestro-compacto-conexao-usb-1000dpi\/\" \/>\n<meta property=\"og:site_name\" content=\"Elektrotec Store\" \/>\n<meta property=\"article:modified_time\" content=\"2025-02-27T00:32:43+00:00\" \/>\n<meta property=\"og:image\" content=\"https:\/\/elektrotec.com.br\/loja\/wp-content\/uploads\/2023\/08\/Mouse-Optico-sem-fio-M170-Azul-Logitech.jpg\" \/>\n\t<meta property=\"og:image:width\" content=\"700\" \/>\n\t<meta property=\"og:image:height\" content=\"800\" \/>\n\t<meta property=\"og:image:type\" content=\"image\/jpeg\" \/>\n<meta name=\"twitter:card\" content=\"summary_large_image\" \/>\n<meta name=\"twitter:label1\" content=\"Est. tempo de leitura\" \/>\n\t<meta name=\"twitter:data1\" content=\"4 minutos\" \/>\n<script type=\"application\/ld+json\" class=\"yoast-schema-graph\">{\"@context\":\"https:\/\/schema.org\",\"@graph\":[{\"@type\":\"WebPage\",\"@id\":\"https:\/\/elektrotec.com.br\/loja\/produto\/mouse-optico-logitech-m170-azul-sem-fio-com-design-ambidestro-compacto-conexao-usb-1000dpi\/\",\"url\":\"https:\/\/elektrotec.com.br\/loja\/produto\/mouse-optico-logitech-m170-azul-sem-fio-com-design-ambidestro-compacto-conexao-usb-1000dpi\/\",\"name\":\"Mouse \u00f3ptico Logitech M170 Azul sem fio com design compacto\",\"isPartOf\":{\"@id\":\"https:\/\/elektrotec.com.br\/loja\/#website\"},\"primaryImageOfPage\":{\"@id\":\"https:\/\/elektrotec.com.br\/loja\/produto\/mouse-optico-logitech-m170-azul-sem-fio-com-design-ambidestro-compacto-conexao-usb-1000dpi\/#primaryimage\"},\"image\":{\"@id\":\"https:\/\/elektrotec.com.br\/loja\/produto\/mouse-optico-logitech-m170-azul-sem-fio-com-design-ambidestro-compacto-conexao-usb-1000dpi\/#primaryimage\"},\"thumbnailUrl\":\"https:\/\/i0.wp.com\/elektrotec.com.br\/loja\/wp-content\/uploads\/2023\/08\/Mouse-Optico-sem-fio-M170-Azul-Logitech.jpg?fit=700%2C800&ssl=1\",\"datePublished\":\"2024-11-23T13:00:14+00:00\",\"dateModified\":\"2025-02-27T00:32:43+00:00\",\"description\":\"O futuro \u00e9 sem fio. Com o mouse sem fio Logitech M170, desfrute da confiabilidade da tecnologia Logitech Advanced 2,4 GHz e com econ\u00f4mico. Confira!\",\"breadcrumb\":{\"@id\":\"https:\/\/elektrotec.com.br\/loja\/produto\/mouse-optico-logitech-m170-azul-sem-fio-com-design-ambidestro-compacto-conexao-usb-1000dpi\/#breadcrumb\"},\"inLanguage\":\"pt-BR\",\"potentialAction\":[{\"@type\":\"ReadAction\",\"target\":[\"https:\/\/elektrotec.com.br\/loja\/produto\/mouse-optico-logitech-m170-azul-sem-fio-com-design-ambidestro-compacto-conexao-usb-1000dpi\/\"]}]},{\"@type\":\"ImageObject\",\"inLanguage\":\"pt-BR\",\"@id\":\"https:\/\/elektrotec.com.br\/loja\/produto\/mouse-optico-logitech-m170-azul-sem-fio-com-design-ambidestro-compacto-conexao-usb-1000dpi\/#primaryimage\",\"url\":\"https:\/\/i0.wp.com\/elektrotec.com.br\/loja\/wp-content\/uploads\/2023\/08\/Mouse-Optico-sem-fio-M170-Azul-Logitech.jpg?fit=700%2C800&ssl=1\",\"contentUrl\":\"https:\/\/i0.wp.com\/elektrotec.com.br\/loja\/wp-content\/uploads\/2023\/08\/Mouse-Optico-sem-fio-M170-Azul-Logitech.jpg?fit=700%2C800&ssl=1\",\"width\":700,\"height\":800},{\"@type\":\"BreadcrumbList\",\"@id\":\"https:\/\/elektrotec.com.br\/loja\/produto\/mouse-optico-logitech-m170-azul-sem-fio-com-design-ambidestro-compacto-conexao-usb-1000dpi\/#breadcrumb\",\"itemListElement\":[{\"@type\":\"ListItem\",\"position\":1,\"name\":\"Home\",\"item\":\"https:\/\/elektrotec.com.br\/loja\/\"},{\"@type\":\"ListItem\",\"position\":2,\"name\":\"Ofertas do dia \u26a1\",\"item\":\"https:\/\/elektrotec.com.br\/loja\/loja\/\"},{\"@type\":\"ListItem\",\"position\":3,\"name\":\"Mouse \u00f3ptico Logitech M170 Azul sem fio com design ambidestro compacto, conex\u00e3o USB, 1000DPI\"}]},{\"@type\":\"WebSite\",\"@id\":\"https:\/\/elektrotec.com.br\/loja\/#website\",\"url\":\"https:\/\/elektrotec.com.br\/loja\/\",\"name\":\"Elektrotec Store\",\"description\":\"Solu\u00e7\u00f5es em Energia e Automa\u00e7\u00e3o Industrial\",\"publisher\":{\"@id\":\"https:\/\/elektrotec.com.br\/loja\/#organization\"},\"potentialAction\":[{\"@type\":\"SearchAction\",\"target\":{\"@type\":\"EntryPoint\",\"urlTemplate\":\"https:\/\/elektrotec.com.br\/loja\/?s={search_term_string}\"},\"query-input\":{\"@type\":\"PropertyValueSpecification\",\"valueRequired\":true,\"valueName\":\"search_term_string\"}}],\"inLanguage\":\"pt-BR\"},{\"@type\":\"Organization\",\"@id\":\"https:\/\/elektrotec.com.br\/loja\/#organization\",\"name\":\"Elektrotec\",\"url\":\"https:\/\/elektrotec.com.br\/loja\/\",\"logo\":{\"@type\":\"ImageObject\",\"inLanguage\":\"pt-BR\",\"@id\":\"https:\/\/elektrotec.com.br\/loja\/#\/schema\/logo\/image\/\",\"url\":\"https:\/\/i0.wp.com\/elektrotec.com.br\/loja\/wp-content\/uploads\/2025\/05\/Logo-site-Elektrotec-Energy-1.webp?fit=270%2C70&ssl=1\",\"contentUrl\":\"https:\/\/i0.wp.com\/elektrotec.com.br\/loja\/wp-content\/uploads\/2025\/05\/Logo-site-Elektrotec-Energy-1.webp?fit=270%2C70&ssl=1\",\"width\":270,\"height\":70,\"caption\":\"Elektrotec\"},\"image\":{\"@id\":\"https:\/\/elektrotec.com.br\/loja\/#\/schema\/logo\/image\/\"}}]}<\/script>\n<!-- \/ Yoast SEO plugin. -->","yoast_head_json":{"title":"Mouse \u00f3ptico Logitech M170 Azul sem fio com design compacto","description":"O futuro \u00e9 sem fio. Com o mouse sem fio Logitech M170, desfrute da confiabilidade da tecnologia Logitech Advanced 2,4 GHz e com econ\u00f4mico. Confira!","robots":{"index":"index","follow":"follow","max-snippet":"max-snippet:-1","max-image-preview":"max-image-preview:large","max-video-preview":"max-video-preview:-1"},"canonical":"https:\/\/elektrotec.com.br\/loja\/produto\/mouse-optico-logitech-m170-azul-sem-fio-com-design-ambidestro-compacto-conexao-usb-1000dpi\/","og_locale":"pt_BR","og_type":"article","og_title":"Mouse \u00f3ptico Logitech M170 Azul sem fio com design compacto","og_description":"O futuro \u00e9 sem fio. Com o mouse sem fio Logitech M170, desfrute da confiabilidade da tecnologia Logitech Advanced 2,4 GHz e com econ\u00f4mico. Confira!","og_url":"https:\/\/elektrotec.com.br\/loja\/produto\/mouse-optico-logitech-m170-azul-sem-fio-com-design-ambidestro-compacto-conexao-usb-1000dpi\/","og_site_name":"Elektrotec Store","article_modified_time":"2025-02-27T00:32:43+00:00","og_image":[{"width":700,"height":800,"url":"https:\/\/elektrotec.com.br\/loja\/wp-content\/uploads\/2023\/08\/Mouse-Optico-sem-fio-M170-Azul-Logitech.jpg","type":"image\/jpeg"}],"twitter_card":"summary_large_image","twitter_misc":{"Est. tempo de leitura":"4 minutos"},"schema":{"@context":"https:\/\/schema.org","@graph":[{"@type":"WebPage","@id":"https:\/\/elektrotec.com.br\/loja\/produto\/mouse-optico-logitech-m170-azul-sem-fio-com-design-ambidestro-compacto-conexao-usb-1000dpi\/","url":"https:\/\/elektrotec.com.br\/loja\/produto\/mouse-optico-logitech-m170-azul-sem-fio-com-design-ambidestro-compacto-conexao-usb-1000dpi\/","name":"Mouse \u00f3ptico Logitech M170 Azul sem fio com design compacto","isPartOf":{"@id":"https:\/\/elektrotec.com.br\/loja\/#website"},"primaryImageOfPage":{"@id":"https:\/\/elektrotec.com.br\/loja\/produto\/mouse-optico-logitech-m170-azul-sem-fio-com-design-ambidestro-compacto-conexao-usb-1000dpi\/#primaryimage"},"image":{"@id":"https:\/\/elektrotec.com.br\/loja\/produto\/mouse-optico-logitech-m170-azul-sem-fio-com-design-ambidestro-compacto-conexao-usb-1000dpi\/#primaryimage"},"thumbnailUrl":"https:\/\/i0.wp.com\/elektrotec.com.br\/loja\/wp-content\/uploads\/2023\/08\/Mouse-Optico-sem-fio-M170-Azul-Logitech.jpg?fit=700%2C800&ssl=1","datePublished":"2024-11-23T13:00:14+00:00","dateModified":"2025-02-27T00:32:43+00:00","description":"O futuro \u00e9 sem fio. Com o mouse sem fio Logitech M170, desfrute da confiabilidade da tecnologia Logitech Advanced 2,4 GHz e com econ\u00f4mico. Confira!","breadcrumb":{"@id":"https:\/\/elektrotec.com.br\/loja\/produto\/mouse-optico-logitech-m170-azul-sem-fio-com-design-ambidestro-compacto-conexao-usb-1000dpi\/#breadcrumb"},"inLanguage":"pt-BR","potentialAction":[{"@type":"ReadAction","target":["https:\/\/elektrotec.com.br\/loja\/produto\/mouse-optico-logitech-m170-azul-sem-fio-com-design-ambidestro-compacto-conexao-usb-1000dpi\/"]}]},{"@type":"ImageObject","inLanguage":"pt-BR","@id":"https:\/\/elektrotec.com.br\/loja\/produto\/mouse-optico-logitech-m170-azul-sem-fio-com-design-ambidestro-compacto-conexao-usb-1000dpi\/#primaryimage","url":"https:\/\/i0.wp.com\/elektrotec.com.br\/loja\/wp-content\/uploads\/2023\/08\/Mouse-Optico-sem-fio-M170-Azul-Logitech.jpg?fit=700%2C800&ssl=1","contentUrl":"https:\/\/i0.wp.com\/elektrotec.com.br\/loja\/wp-content\/uploads\/2023\/08\/Mouse-Optico-sem-fio-M170-Azul-Logitech.jpg?fit=700%2C800&ssl=1","width":700,"height":800},{"@type":"BreadcrumbList","@id":"https:\/\/elektrotec.com.br\/loja\/produto\/mouse-optico-logitech-m170-azul-sem-fio-com-design-ambidestro-compacto-conexao-usb-1000dpi\/#breadcrumb","itemListElement":[{"@type":"ListItem","position":1,"name":"Home","item":"https:\/\/elektrotec.com.br\/loja\/"},{"@type":"ListItem","position":2,"name":"Ofertas do dia \u26a1","item":"https:\/\/elektrotec.com.br\/loja\/loja\/"},{"@type":"ListItem","position":3,"name":"Mouse \u00f3ptico Logitech M170 Azul sem fio com design ambidestro compacto, conex\u00e3o USB, 1000DPI"}]},{"@type":"WebSite","@id":"https:\/\/elektrotec.com.br\/loja\/#website","url":"https:\/\/elektrotec.com.br\/loja\/","name":"Elektrotec Store","description":"Solu\u00e7\u00f5es em Energia e Automa\u00e7\u00e3o Industrial","publisher":{"@id":"https:\/\/elektrotec.com.br\/loja\/#organization"},"potentialAction":[{"@type":"SearchAction","target":{"@type":"EntryPoint","urlTemplate":"https:\/\/elektrotec.com.br\/loja\/?s={search_term_string}"},"query-input":{"@type":"PropertyValueSpecification","valueRequired":true,"valueName":"search_term_string"}}],"inLanguage":"pt-BR"},{"@type":"Organization","@id":"https:\/\/elektrotec.com.br\/loja\/#organization","name":"Elektrotec","url":"https:\/\/elektrotec.com.br\/loja\/","logo":{"@type":"ImageObject","inLanguage":"pt-BR","@id":"https:\/\/elektrotec.com.br\/loja\/#\/schema\/logo\/image\/","url":"https:\/\/i0.wp.com\/elektrotec.com.br\/loja\/wp-content\/uploads\/2025\/05\/Logo-site-Elektrotec-Energy-1.webp?fit=270%2C70&ssl=1","contentUrl":"https:\/\/i0.wp.com\/elektrotec.com.br\/loja\/wp-content\/uploads\/2025\/05\/Logo-site-Elektrotec-Energy-1.webp?fit=270%2C70&ssl=1","width":270,"height":70,"caption":"Elektrotec"},"image":{"@id":"https:\/\/elektrotec.com.br\/loja\/#\/schema\/logo\/image\/"}}]}},"jetpack_sharing_enabled":true,"brands":[],"_links":{"self":[{"href":"https:\/\/elektrotec.com.br\/loja\/wp-json\/wp\/v2\/product\/1083","targetHints":{"allow":["GET"]}}],"collection":[{"href":"https:\/\/elektrotec.com.br\/loja\/wp-json\/wp\/v2\/product"}],"about":[{"href":"https:\/\/elektrotec.com.br\/loja\/wp-json\/wp\/v2\/types\/product"}],"replies":[{"embeddable":true,"href":"https:\/\/elektrotec.com.br\/loja\/wp-json\/wp\/v2\/comments?post=1083"}],"wp:featuredmedia":[{"embeddable":true,"href":"https:\/\/elektrotec.com.br\/loja\/wp-json\/wp\/v2\/media\/3454"}],"wp:attachment":[{"href":"https:\/\/elektrotec.com.br\/loja\/wp-json\/wp\/v2\/media?parent=1083"}],"wp:term":[{"taxonomy":"pwb-brand","embeddable":true,"href":"https:\/\/elektrotec.com.br\/loja\/wp-json\/wp\/v2\/pwb-brand?post=1083"},{"taxonomy":"product_brand","embeddable":true,"href":"https:\/\/elektrotec.com.br\/loja\/wp-json\/wp\/v2\/product_brand?post=1083"},{"taxonomy":"product_cat","embeddable":true,"href":"https:\/\/elektrotec.com.br\/loja\/wp-json\/wp\/v2\/product_cat?post=1083"},{"taxonomy":"product_tag","embeddable":true,"href":"https:\/\/elektrotec.com.br\/loja\/wp-json\/wp\/v2\/product_tag?post=1083"}],"curies":[{"name":"wp","href":"https:\/\/api.w.org\/{rel}","templated":true}]}}